{"id":77,"date":"2021-10-10T16:40:35","date_gmt":"2021-10-10T16:40:35","guid":{"rendered":"http:\/\/dental.onpressidium.com\/?page_id=77"},"modified":"2023-11-07T16:21:24","modified_gmt":"2023-11-07T16:21:24","slug":"dental-pet-by-animalcare","status":"publish","type":"page","link":"https:\/\/dental.pet\/pt\/","title":{"rendered":"Dental Pet by Ecuphar"},"content":{"rendered":"<div class=\"wpb-content-wrapper\"><p>[vc_row row_height_percent=&#8221;100&#8243; override_padding=&#8221;yes&#8221; h_padding=&#8221;2&#8243; top_padding=&#8221;4&#8243; bottom_padding=&#8221;4&#8243; back_image=&#8221;4926&#8243; back_position=&#8221;center center&#8221; overlay_alpha=&#8221;50&#8243; gutter_size=&#8221;3&#8243; column_width_percent=&#8221;100&#8243; shift_y=&#8221;0&#8243; z_index=&#8221;0&#8243; medium_visibility=&#8221;yes&#8221; mobile_visibility=&#8221;yes&#8221; uncode_shortcode_id=&#8221;100186&#8243; back_size=&#8221;cover&#8221; row_height_pixel=&#8221;100vh&#8221;][vc_column column_width_percent=&#8221;100&#8243; gutter_size=&#8221;3&#8243; overlay_alpha=&#8221;50&#8243; shift_x=&#8221;0&#8243; shift_y=&#8221;0&#8243; shift_y_down=&#8221;0&#8243; z_index=&#8221;0&#8243; medium_width=&#8221;0&#8243; mobile_width=&#8221;0&#8243; css_animation=&#8221;bottom-t-top&#8221; width=&#8221;2\/3&#8243; uncode_shortcode_id=&#8221;177813&#8243; el_class=&#8221;z-index1&#8243;][vc_single_image media=&#8221;5767&#8243; media_width_percent=&#8221;39&#8243; uncode_shortcode_id=&#8221;684491&#8243; el_class=&#8221;logo-bigger&#8221;][vc_custom_heading text_color=&#8221;color-197188&#8243; heading_semantic=&#8221;div&#8221; text_size=&#8221;fontsize-158891&#8243; text_weight=&#8221;700&#8243; uncode_shortcode_id=&#8221;155408&#8243; text_color_type=&#8221;uncode-palette&#8221; el_class=&#8221;mb-10 hero-h1&#8243;]Bem-vindo ao<\/p>\n<h1 style=\"line-height: 20px; color: #fff; font-size: 72px;\">dental.pet<\/h1>\n<p>[\/vc_custom_heading][vc_column_text text_lead=&#8221;yes&#8221; text_color=&#8221;color-xsdn&#8221; uncode_shortcode_id=&#8221;427760&#8243; text_color_type=&#8221;uncode-palette&#8221; el_class=&#8221;text-thin pad0&#8243; css=&#8221;.vc_custom_1661447208727{padding-top: 30px !important;padding-right: 25% !important;padding-bottom: 30px !important;}&#8221;]No dental.pet encontrar\u00e1 uma grande variedade de informa\u00e7\u00f5es e recursos educacionais sobre a sa\u00fade oral de animais de companhia.<\/p>\n<p>Para escolher o conte\u00fado informe-nos se \u00e9 um profissional de sa\u00fade animal ou tutor de um animal de companhia.[\/vc_column_text][vc_row_inner limit_content=&#8221;&#8221;][vc_column_inner column_width_percent=&#8221;100&#8243; gutter_size=&#8221;3&#8243; style=&#8221;light&#8221; overlay_alpha=&#8221;50&#8243; shift_x=&#8221;0&#8243; shift_y=&#8221;0&#8243; shift_y_down=&#8221;0&#8243; z_index=&#8221;0&#8243; medium_width=&#8221;0&#8243; mobile_width=&#8221;0&#8243; width=&#8221;1\/1&#8243; uncode_shortcode_id=&#8221;579169&#8243; el_class=&#8221;padbot300&#8243;][vc_button button_color=&#8221;color-xsdn&#8221; border_width=&#8221;0&#8243; display=&#8221;inline&#8221; link=&#8221;url:%2Fpt%2Fpara-veterinario%2F|title:Dental%20Pet%20by%20Animalcare%20for%20Veterinary&#8221; button_color_type=&#8221;uncode-palette&#8221; uncode_shortcode_id=&#8221;105912&#8243; el_class=&#8221;button-light btn-1-hero&#8221;]SOU PROFISSIONAL SA\u00daDE ANIMAL[\/vc_button][vc_button button_color=&#8221;color-xsdn&#8221; border_width=&#8221;0&#8243; display=&#8221;inline&#8221; link=&#8221;url:%2Fpt%2Fpara-tutores%2F|title:Dental%20Pet%20by%20Animalcare%20for%20Pet%20Owner&#8221; button_color_type=&#8221;uncode-palette&#8221; uncode_shortcode_id=&#8221;603430&#8243; el_class=&#8221;button-light btn-1-hero&#8221;]SOU TUTOR[\/vc_button][\/vc_column_inner][\/vc_row_inner][\/vc_column][vc_column width=&#8221;1\/3&#8243;][vc_raw_html el_class=&#8221;homePageSlider&#8221;]JTNDZGl2JTIwY2xhc3MlM0QlMjJ3cG1sLWN1c3RvbS1zd2l0Y2hlciUyMiUzRSUwQSUzQ2klMjBjbGFzcyUzRCUyMm1lbnUtaWNvbiUyMGZhJTIwZmEtZ2xvYmUzJTIyJTNFJTNDJTJGaSUzRSUwQSUzQ3AlM0VDaGFuZ2UlMjBDb3VudHJ5JTNDJTJGcCUzRSUwQSUzQyUyRmRpdiUzRQ==[\/vc_raw_html][\/vc_column][\/vc_row][vc_row row_height_percent=&#8221;100&#8243; override_padding=&#8221;yes&#8221; h_padding=&#8221;0&#8243; top_padding=&#8221;2&#8243; bottom_padding=&#8221;4&#8243; back_image=&#8221;1420&#8243; back_position=&#8221;center center&#8221; overlay_alpha=&#8221;50&#8243; gutter_size=&#8221;3&#8243; column_width_percent=&#8221;100&#8243; shift_y=&#8221;0&#8243; z_index=&#8221;0&#8243; desktop_visibility=&#8221;yes&#8221; uncode_shortcode_id=&#8221;130868&#8243; back_size=&#8221;cover&#8221;][vc_column column_width_percent=&#8221;100&#8243; gutter_size=&#8221;3&#8243; overlay_alpha=&#8221;50&#8243; shift_x=&#8221;0&#8243; shift_y=&#8221;0&#8243; shift_y_down=&#8221;0&#8243; z_index=&#8221;0&#8243; medium_width=&#8221;0&#8243; mobile_width=&#8221;0&#8243; css_animation=&#8221;bottom-t-top&#8221; width=&#8221;1\/1&#8243; uncode_shortcode_id=&#8221;177813&#8243; el_class=&#8221;z-index1&#8243;][vc_raw_html]JTNDZGl2JTIwY2xhc3MlM0QlMjJ3cG1sLWN1c3RvbS1zd2l0Y2hlciUyMiUzRSUwQSUzQ2klMjBjbGFzcyUzRCUyMm1lbnUtaWNvbiUyMGZhJTIwZmEtZ2xvYmUzJTIyJTNFJTNDJTJGaSUzRSUwQSUzQ3AlM0VDaGFuZ2UlMjBDb3VudHJ5JTNDJTJGcCUzRSUwQSUzQyUyRmRpdiUzRQ==[\/vc_raw_html][vc_single_image media=&#8221;401&#8243; media_width_percent=&#8221;39&#8243; uncode_shortcode_id=&#8221;106099&#8243; el_class=&#8221;logo-bigger logo-home-mobile&#8221;][vc_single_image media=&#8221;5004&#8243; media_width_percent=&#8221;100&#8243; uncode_shortcode_id=&#8221;689438&#8243;][vc_row_inner limit_content=&#8221;&#8221;][vc_column_inner column_width_percent=&#8221;100&#8243; gutter_size=&#8221;2&#8243; overlay_alpha=&#8221;50&#8243; shift_x=&#8221;0&#8243; shift_y=&#8221;0&#8243; shift_y_down=&#8221;0&#8243; z_index=&#8221;0&#8243; medium_width=&#8221;0&#8243; mobile_width=&#8221;0&#8243; width=&#8221;1\/1&#8243; uncode_shortcode_id=&#8221;391209&#8243; css=&#8221;.vc_custom_1635343530222{padding-right: 36px !important;padding-left: 36px !important;}&#8221;][vc_custom_heading text_color=&#8221;color-197188&#8243; heading_semantic=&#8221;div&#8221; text_size=&#8221;fontsize-158891&#8243; text_weight=&#8221;700&#8243; uncode_shortcode_id=&#8221;180911&#8243; text_color_type=&#8221;uncode-palette&#8221; el_class=&#8221;mb-10 hero-h1&#8243;]Bem-vindo ao<\/p>\n<h1 style=\"line-height: 20px; color: #fff; font-size: 72px;\">dental.pet<\/h1>\n<p>[\/vc_custom_heading][vc_column_text text_lead=&#8221;yes&#8221; text_color=&#8221;color-xsdn&#8221; uncode_shortcode_id=&#8221;959659&#8243; text_color_type=&#8221;uncode-palette&#8221; el_class=&#8221;text-thin pad0&#8243; css=&#8221;.vc_custom_1661447571668{padding-top: 30px !important;padding-right: 25% !important;padding-bottom: 30px !important;}&#8221;]No dental.pet encontrar\u00e1 uma grande variedade de informa\u00e7\u00f5es e recursos educacionais sobre a sa\u00fade oral de animais de companhia.<\/p>\n<p>Para escolher o conte\u00fado informe-nos se \u00e9 um profissional de sa\u00fade animal ou tutor de um animal de companhia.[\/vc_column_text][vc_button button_color=&#8221;color-xsdn&#8221; wide=&#8221;yes&#8221; border_width=&#8221;0&#8243; link=&#8221;url:%2Fpt%2Fpara-veterinario%2F|title:Dental%20Pet%20by%20Animalcare%20for%20Veterinary&#8221; button_color_type=&#8221;uncode-palette&#8221; uncode_shortcode_id=&#8221;213573&#8243; el_class=&#8221;button-light&#8221;]SOU PROFISSIONAL DE SA\u00daDE ANIMAL[\/vc_button][vc_button button_color=&#8221;color-xsdn&#8221; wide=&#8221;yes&#8221; border_width=&#8221;0&#8243; link=&#8221;url:%2Fpt%2Fpara-tutores%2F|title:Dental%20Pet%20by%20Animalcare%20para%20Tutores&#8221; button_color_type=&#8221;uncode-palette&#8221; uncode_shortcode_id=&#8221;115606&#8243; el_class=&#8221;button-light&#8221;]SOU TUTOR[\/vc_button][\/vc_column_inner][\/vc_row_inner][\/vc_column][\/vc_row][vc_row row_height_percent=&#8221;0&#8243; back_color=&#8221;color-160397&#8243; overlay_alpha=&#8221;50&#8243; gutter_size=&#8221;3&#8243; column_width_percent=&#8221;100&#8243; shift_y=&#8221;0&#8243; z_index=&#8221;0&#8243; uncode_shortcode_id=&#8221;112460&#8243; back_color_type=&#8221;uncode-palette&#8221; el_id=&#8221;foot-main&#8221;][vc_column width=&#8221;2\/3&#8243;][vc_single_image media=&#8221;5743&#8243; media_width_percent=&#8221;30&#8243; uncode_shortcode_id=&#8221;213569&#8243; media_link=&#8221;url:https%3A%2F%2Fdental.onpressidium.com%2F&#8221;][\/vc_column][vc_column column_width_percent=&#8221;100&#8243; gutter_size=&#8221;3&#8243; style=&#8221;dark&#8221; overlay_alpha=&#8221;50&#8243; shift_x=&#8221;0&#8243; shift_y=&#8221;0&#8243; shift_y_down=&#8221;0&#8243; z_index=&#8221;0&#8243; medium_width=&#8221;0&#8243; mobile_width=&#8221;0&#8243; width=&#8221;1\/3&#8243; uncode_shortcode_id=&#8221;171080&#8243;][vc_column_text text_lead=&#8221;small&#8221; uncode_shortcode_id=&#8221;704731&#8243;]<\/p>\n<p style=\"text-align: right;\">\u00a9 2022 Animalcare Ltd. All rights reserved.<br \/>\n<a href=\"\/pt\/para-tutores\/contacto\/\">Contactos<\/a> | <a href=\"\/pt\/para-tutores\/cookies\/\" target=\"_blank\" rel=\"noopener\">Pol\u00edtica de privacidade<\/a>[\/vc_column_text][\/vc_column][\/vc_row]<\/p>\n<\/div>","protected":false},"excerpt":{"rendered":"<p>[vc_row row_height_percent=&#8221;100&#8243; override_padding=&#8221;yes&#8221; h_padding=&#8221;2&#8243; top_padding=&#8221;4&#8243; bottom_padding=&#8221;4&#8243; back_image=&#8221;4926&#8243; back_position=&#8221;center center&#8221; overlay_alpha=&#8221;50&#8243; gutter_size=&#8221;3&#8243; column_width_percent=&#8221;100&#8243; shift_y=&#8221;0&#8243; z_index=&#8221;0&#8243; medium_visibility=&#8221;yes&#8221; mobile_visibility=&#8221;yes&#8221; uncode_shortcode_id=&#8221;100186&#8243; back_size=&#8221;cover&#8221; row_height_pixel=&#8221;100vh&#8221;][vc_column column_width_percent=&#8221;100&#8243; [&hellip;]<\/p>\n","protected":false},"author":2,"featured_media":0,"parent":0,"menu_order":0,"comment_status":"closed","ping_status":"closed","template":"","meta":{"footnotes":""},"class_list":["post-77","page","type-page","status-publish","hentry"],"yoast_head":"<!-- This site is optimized with the Yoast SEO plugin v24.6 - https:\/\/yoast.com\/wordpress\/plugins\/seo\/ -->\n<title>Bem-vindo ao dental.pet | Pet Dental PT<\/title>\n<meta name=\"description\" content=\"Bem-vindo ao portal educacional sobre sa\u00fade oral animais de companhia! Aqui encontrar\u00e1 conte\u00fados dedicado para profissionais de sa\u00fade oral e tutores de animais de companhia. Pet Dental PT\" \/>\n<meta name=\"robots\" content=\"index, follow, max-snippet:-1, max-image-preview:large, max-video-preview:-1\" \/>\n<link rel=\"canonical\" href=\"https:\/\/dental.pet\/pt\/\" \/>\n<meta property=\"og:locale\" content=\"en_GB\" \/>\n<meta property=\"og:type\" content=\"article\" \/>\n<meta property=\"og:title\" content=\"Bem-vindo ao dental.pet | Pet Dental PT\" \/>\n<meta property=\"og:description\" content=\"Bem-vindo ao portal educacional sobre sa\u00fade oral animais de companhia! Aqui encontrar\u00e1 conte\u00fados dedicado para profissionais de sa\u00fade oral e tutores de animais de companhia. Pet Dental PT\" \/>\n<meta property=\"og:url\" content=\"https:\/\/dental.pet\/pt\/\" \/>\n<meta property=\"og:site_name\" content=\"Portugal\" \/>\n<meta property=\"article:modified_time\" content=\"2023-11-07T16:21:24+00:00\" \/>\n<meta name=\"twitter:card\" content=\"summary_large_image\" \/>\n<meta name=\"twitter:label1\" content=\"Estimated reading time\" \/>\n\t<meta name=\"twitter:data1\" content=\"2 minutes\" \/>\n<script type=\"application\/ld+json\" class=\"yoast-schema-graph\">{\"@context\":\"https:\/\/schema.org\",\"@graph\":[{\"@type\":\"WebPage\",\"@id\":\"https:\/\/dental.pet\/pt\/\",\"url\":\"https:\/\/dental.pet\/pt\/\",\"name\":\"Bem-vindo ao dental.pet | Pet Dental PT\",\"isPartOf\":{\"@id\":\"https:\/\/dental.pet\/pt\/#website\"},\"datePublished\":\"2021-10-10T16:40:35+00:00\",\"dateModified\":\"2023-11-07T16:21:24+00:00\",\"description\":\"Bem-vindo ao portal educacional sobre sa\u00fade oral animais de companhia! Aqui encontrar\u00e1 conte\u00fados dedicado para profissionais de sa\u00fade oral e tutores de animais de companhia. Pet Dental PT\",\"inLanguage\":\"en-GB\",\"potentialAction\":[{\"@type\":\"ReadAction\",\"target\":[\"https:\/\/dental.pet\/pt\/\"]}]},{\"@type\":\"WebSite\",\"@id\":\"https:\/\/dental.pet\/pt\/#website\",\"url\":\"https:\/\/dental.pet\/pt\/\",\"name\":\"Portugal\",\"description\":\"Bem-vindo ao Dental Pet\",\"potentialAction\":[{\"@type\":\"SearchAction\",\"target\":{\"@type\":\"EntryPoint\",\"urlTemplate\":\"https:\/\/dental.pet\/pt\/?s={search_term_string}\"},\"query-input\":{\"@type\":\"PropertyValueSpecification\",\"valueRequired\":true,\"valueName\":\"search_term_string\"}}],\"inLanguage\":\"en-GB\"}]}<\/script>\n<!-- \/ Yoast SEO plugin. -->","yoast_head_json":{"title":"Bem-vindo ao dental.pet | Pet Dental PT","description":"Bem-vindo ao portal educacional sobre sa\u00fade oral animais de companhia! Aqui encontrar\u00e1 conte\u00fados dedicado para profissionais de sa\u00fade oral e tutores de animais de companhia. Pet Dental PT","robots":{"index":"index","follow":"follow","max-snippet":"max-snippet:-1","max-image-preview":"max-image-preview:large","max-video-preview":"max-video-preview:-1"},"canonical":"https:\/\/dental.pet\/pt\/","og_locale":"en_GB","og_type":"article","og_title":"Bem-vindo ao dental.pet | Pet Dental PT","og_description":"Bem-vindo ao portal educacional sobre sa\u00fade oral animais de companhia! Aqui encontrar\u00e1 conte\u00fados dedicado para profissionais de sa\u00fade oral e tutores de animais de companhia. Pet Dental PT","og_url":"https:\/\/dental.pet\/pt\/","og_site_name":"Portugal","article_modified_time":"2023-11-07T16:21:24+00:00","twitter_card":"summary_large_image","twitter_misc":{"Estimated reading time":"2 minutes"},"schema":{"@context":"https:\/\/schema.org","@graph":[{"@type":"WebPage","@id":"https:\/\/dental.pet\/pt\/","url":"https:\/\/dental.pet\/pt\/","name":"Bem-vindo ao dental.pet | Pet Dental PT","isPartOf":{"@id":"https:\/\/dental.pet\/pt\/#website"},"datePublished":"2021-10-10T16:40:35+00:00","dateModified":"2023-11-07T16:21:24+00:00","description":"Bem-vindo ao portal educacional sobre sa\u00fade oral animais de companhia! Aqui encontrar\u00e1 conte\u00fados dedicado para profissionais de sa\u00fade oral e tutores de animais de companhia. Pet Dental PT","inLanguage":"en-GB","potentialAction":[{"@type":"ReadAction","target":["https:\/\/dental.pet\/pt\/"]}]},{"@type":"WebSite","@id":"https:\/\/dental.pet\/pt\/#website","url":"https:\/\/dental.pet\/pt\/","name":"Portugal","description":"Bem-vindo ao Dental Pet","potentialAction":[{"@type":"SearchAction","target":{"@type":"EntryPoint","urlTemplate":"https:\/\/dental.pet\/pt\/?s={search_term_string}"},"query-input":{"@type":"PropertyValueSpecification","valueRequired":true,"valueName":"search_term_string"}}],"inLanguage":"en-GB"}]}},"_links":{"self":[{"href":"https:\/\/dental.pet\/pt\/wp-json\/wp\/v2\/pages\/77","targetHints":{"allow":["GET"]}}],"collection":[{"href":"https:\/\/dental.pet\/pt\/wp-json\/wp\/v2\/pages"}],"about":[{"href":"https:\/\/dental.pet\/pt\/wp-json\/wp\/v2\/types\/page"}],"author":[{"embeddable":true,"href":"https:\/\/dental.pet\/pt\/wp-json\/wp\/v2\/users\/2"}],"replies":[{"embeddable":true,"href":"https:\/\/dental.pet\/pt\/wp-json\/wp\/v2\/comments?post=77"}],"version-history":[{"count":8,"href":"https:\/\/dental.pet\/pt\/wp-json\/wp\/v2\/pages\/77\/revisions"}],"predecessor-version":[{"id":6430,"href":"https:\/\/dental.pet\/pt\/wp-json\/wp\/v2\/pages\/77\/revisions\/6430"}],"wp:attachment":[{"href":"https:\/\/dental.pet\/pt\/wp-json\/wp\/v2\/media?parent=77"}],"curies":[{"name":"wp","href":"https:\/\/api.w.org\/{rel}","templated":true}]}}