{"id":3815,"date":"2021-12-21T22:36:02","date_gmt":"2021-12-21T22:36:02","guid":{"rendered":"https:\/\/dental.onpressidium.com\/?page_id=3815"},"modified":"2023-10-20T09:13:43","modified_gmt":"2023-10-20T09:13:43","slug":"o-que-e-o-vohc","status":"publish","type":"page","link":"https:\/\/dental.pet\/pt\/para-veterinario\/o-que-e-o-vohc\/","title":{"rendered":"O que \u00e9 VOHC?"},"content":{"rendered":"<div class=\"wpb-content-wrapper\"><p>[vc_row row_height_percent=&#8221;65&#8243; override_padding=&#8221;yes&#8221; h_padding=&#8221;2&#8243; top_padding=&#8221;4&#8243; bottom_padding=&#8221;4&#8243; back_image=&#8221;3767&#8243; overlay_alpha=&#8221;50&#8243; gutter_size=&#8221;3&#8243; column_width_percent=&#8221;100&#8243; shift_y=&#8221;0&#8243; z_index=&#8221;0&#8243; medium_visibility=&#8221;yes&#8221; mobile_visibility=&#8221;yes&#8221; uncode_shortcode_id=&#8221;176971&#8243;][vc_column column_width_percent=&#8221;100&#8243; position_vertical=&#8221;middle&#8221; gutter_size=&#8221;3&#8243; overlay_alpha=&#8221;50&#8243; shift_x=&#8221;0&#8243; shift_y=&#8221;0&#8243; shift_y_down=&#8221;0&#8243; z_index=&#8221;0&#8243; medium_width=&#8221;0&#8243; mobile_width=&#8221;0&#8243; css_animation=&#8221;bottom-t-top&#8221; width=&#8221;3\/4&#8243; uncode_shortcode_id=&#8221;108884&#8243; el_class=&#8221;z-index1&#8243;][vc_custom_heading text_color=&#8221;color-197188&#8243; heading_semantic=&#8221;div&#8221; text_size=&#8221;fontsize-158891&#8243; text_weight=&#8221;700&#8243; uncode_shortcode_id=&#8221;125330&#8243; text_color_type=&#8221;uncode-palette&#8221;]O que \u00e9<br \/>\nVOHC?[\/vc_custom_heading][\/vc_column][vc_column width=&#8221;1\/4&#8243;][\/vc_column][\/vc_row][vc_row row_height_percent=&#8221;0&#8243; override_padding=&#8221;yes&#8221; h_padding=&#8221;2&#8243; top_padding=&#8221;1&#8243; bottom_padding=&#8221;1&#8243; overlay_alpha=&#8221;50&#8243; gutter_size=&#8221;3&#8243; column_width_percent=&#8221;100&#8243; shift_y=&#8221;0&#8243; z_index=&#8221;0&#8243; uncode_shortcode_id=&#8221;116346&#8243; el_class=&#8221;pc-section-shape-background-grey&#8221; css=&#8221;.vc_custom_1640133987865{padding-top: 20px !important;padding-bottom: 20px !important;}&#8221;][vc_column width=&#8221;1\/1&#8243;][vc_custom_heading uncode_shortcode_id=&#8221;500508&#8243;][\/vc_custom_heading][\/vc_column][\/vc_row][vc_row row_height_percent=&#8221;80&#8243; override_padding=&#8221;yes&#8221; h_padding=&#8221;0&#8243; top_padding=&#8221;0&#8243; bottom_padding=&#8221;4&#8243; back_image=&#8221;1420&#8243; back_repeat=&#8221;no-repeat&#8221; back_position=&#8221;left center&#8221; overlay_alpha=&#8221;50&#8243; gutter_size=&#8221;3&#8243; column_width_percent=&#8221;100&#8243; shift_y=&#8221;0&#8243; z_index=&#8221;0&#8243; desktop_visibility=&#8221;yes&#8221; uncode_shortcode_id=&#8221;562326&#8243; back_size=&#8221;cover&#8221;][vc_column column_width_percent=&#8221;100&#8243; position_vertical=&#8221;middle&#8221; gutter_size=&#8221;3&#8243; overlay_alpha=&#8221;50&#8243; shift_x=&#8221;0&#8243; shift_y=&#8221;0&#8243; shift_y_down=&#8221;0&#8243; z_index=&#8221;0&#8243; medium_width=&#8221;0&#8243; mobile_width=&#8221;0&#8243; css_animation=&#8221;bottom-t-top&#8221; width=&#8221;1\/1&#8243; uncode_shortcode_id=&#8221;108884&#8243; el_class=&#8221;z-index1&#8243;][vc_single_image media=&#8221;3770&#8243; media_width_percent=&#8221;100&#8243; uncode_shortcode_id=&#8221;189623&#8243;][vc_row_inner row_inner_height_percent=&#8221;0&#8243; overlay_alpha=&#8221;50&#8243; gutter_size=&#8221;3&#8243; shift_y=&#8221;0&#8243; z_index=&#8221;0&#8243; limit_content=&#8221;&#8221; uncode_shortcode_id=&#8221;653312&#8243; css=&#8221;.vc_custom_1640133389850{padding-top: 50px !important;}&#8221;][vc_column_inner column_width_percent=&#8221;100&#8243; gutter_size=&#8221;2&#8243; overlay_alpha=&#8221;50&#8243; shift_x=&#8221;0&#8243; shift_y=&#8221;0&#8243; shift_y_down=&#8221;0&#8243; z_index=&#8221;0&#8243; medium_width=&#8221;0&#8243; mobile_width=&#8221;0&#8243; width=&#8221;1\/1&#8243; uncode_shortcode_id=&#8221;183672&#8243; css=&#8221;.vc_custom_1635343471515{padding-right: 36px !important;padding-left: 36px !important;}&#8221;][vc_custom_heading text_color=&#8221;color-197188&#8243; heading_semantic=&#8221;div&#8221; text_size=&#8221;fontsize-158891&#8243; text_weight=&#8221;700&#8243; uncode_shortcode_id=&#8221;213401&#8243; text_color_type=&#8221;uncode-palette&#8221;]O que \u00e9<br \/>\nVOHC?[\/vc_custom_heading][\/vc_column_inner][\/vc_row_inner][\/vc_column][\/vc_row][vc_row row_height_percent=&#8221;0&#8243; override_padding=&#8221;yes&#8221; h_padding=&#8221;2&#8243; top_padding=&#8221;5&#8243; bottom_padding=&#8221;5&#8243; overlay_alpha=&#8221;50&#8243; gutter_size=&#8221;3&#8243; column_width_percent=&#8221;100&#8243; shift_y=&#8221;0&#8243; z_index=&#8221;0&#8243; uncode_shortcode_id=&#8221;184700&#8243; el_class=&#8221;bg-gradient&#8221; el_id=&#8221;theStart&#8221;][vc_column column_width_percent=&#8221;100&#8243; gutter_size=&#8221;2&#8243; overlay_alpha=&#8221;50&#8243; shift_x=&#8221;0&#8243; shift_y=&#8221;0&#8243; shift_y_down=&#8221;0&#8243; z_index=&#8221;0&#8243; medium_width=&#8221;0&#8243; mobile_width=&#8221;0&#8243; width=&#8221;1\/1&#8243; uncode_shortcode_id=&#8221;296098&#8243; el_id=&#8221;accordion-light&#8221;][vc_row_inner limit_content=&#8221;&#8221;][vc_column_inner column_width_percent=&#8221;100&#8243; gutter_size=&#8221;3&#8243; style=&#8221;dark&#8221; overlay_alpha=&#8221;50&#8243; shift_x=&#8221;0&#8243; shift_y=&#8221;0&#8243; shift_y_down=&#8221;0&#8243; z_index=&#8221;0&#8243; medium_width=&#8221;0&#8243; mobile_width=&#8221;0&#8243; width=&#8221;1\/2&#8243; uncode_shortcode_id=&#8221;969177&#8243;][vc_custom_heading text_color=&#8221;color-197188&#8243; heading_semantic=&#8221;h4&#8243; text_size=&#8221;h4&#8243; uncode_shortcode_id=&#8221;444225&#8243; text_color_type=&#8221;uncode-palette&#8221;]O Veterinary Oral Health Council (VOHC) foi fundado na d\u00e9cada de 1990 para desenvolver um sistema de classifica\u00e7\u00e3o de produtos odontol\u00f3gicos veterin\u00e1rios.<sup>1<\/sup>[\/vc_custom_heading][vc_column_text uncode_shortcode_id=&#8221;156645&#8243; el_id=&#8221;start&#8221;]O conselho define protocolos padronizados para testes de efic\u00e1cia de produtos.<sup>1,2<\/sup>[\/vc_column_text][vc_custom_heading text_color=&#8221;color-xsdn&#8221; heading_semantic=&#8221;h4&#8243; text_size=&#8221;h4&#8243; uncode_shortcode_id=&#8221;200986&#8243; text_color_type=&#8221;uncode-palette&#8221; el_class=&#8221;head-bordered&#8221;]Procedimentos VOHC <sup>3<\/sup>[\/vc_custom_heading][vc_custom_heading text_color=&#8221;color-197188&#8243; heading_semantic=&#8221;h4&#8243; text_size=&#8221;h4&#8243; uncode_shortcode_id=&#8221;696307&#8243; text_color_type=&#8221;uncode-palette&#8221;]Crit\u00e9rios[\/vc_custom_heading][uncode_list uncode_shortcode_id=&#8221;675101&#8243; el_class=&#8221;marker-list-green&#8221;]<\/p>\n<ul>\n<li>Um m\u00ednimo de dois ensaios separados s\u00e3o necess\u00e1rios para cada produto testado.<\/li>\n<li>Os ensaios devem diferir em pelo menos 2 dos seguintes crit\u00e9rios: popula\u00e7\u00e3o de animais de teste; local do julgamento; data e princ\u00edpio do julgamento; investigador ou apontador<\/li>\n<li>A popula\u00e7\u00e3o de animais de teste deve ser semelhante entre os dois ensaios em rela\u00e7\u00e3o ao tamanho, formato da cabe\u00e7a e idade<\/li>\n<li>Os indiv\u00edduos devem ser alimentados com uma dieta de controle aprovada durante o teste<\/li>\n<li>Um modelo de boca limpa deve ser usado, no qual os dentes s\u00e3o raspados e polidos no dia zero do teste.<\/li>\n<li>O per\u00edodo experimental m\u00ednimo \u00e9 de 7 dias para placa e 21 dias para t\u00e1rtaro.<\/li>\n<\/ul>\n<p>[\/uncode_list][vc_custom_heading text_color=&#8221;color-197188&#8243; heading_semantic=&#8221;h4&#8243; text_size=&#8221;h4&#8243; uncode_shortcode_id=&#8221;148469&#8243; text_color_type=&#8221;uncode-palette&#8221;]Crit\u00e9rios de efic\u00e1cia[\/vc_custom_heading][uncode_list uncode_shortcode_id=&#8221;183368&#8243; el_class=&#8221;marker-list-green&#8221;]A diferen\u00e7a m\u00ednima nas &#8216;pontua\u00e7\u00f5es m\u00e9dias da boca&#8217; (ou seja, a m\u00e9dia de todos os dentes pontuados para todos os animais envolvidos) necess\u00e1ria para a aceita\u00e7\u00e3o do VOHC \u00e9 a seguinte:<\/p>\n<ul>\n<li>Redu\u00e7\u00e3o de 15% na pontua\u00e7\u00e3o de placa ou c\u00e1lculo entre os grupos de teste e controle negativo<\/li>\n<li>20% de redu\u00e7\u00e3o para controle de placa<\/li>\n<li>Redu\u00e7\u00e3o m\u00e9dia \u226520% nos dois ensaios<\/li>\n<li>Diferen\u00e7a estatisticamente significativa (p&lt;0,05)<\/li>\n<\/ul>\n<p>[\/uncode_list][\/vc_column_inner][\/vc_row_inner][\/vc_column][\/vc_row][vc_row row_height_percent=&#8221;0&#8243; override_padding=&#8221;yes&#8221; h_padding=&#8221;2&#8243; top_padding=&#8221;4&#8243; bottom_padding=&#8221;5&#8243; overlay_alpha=&#8221;50&#8243; gutter_size=&#8221;3&#8243; column_width_percent=&#8221;100&#8243; shift_y=&#8221;0&#8243; z_index=&#8221;0&#8243; uncode_shortcode_id=&#8221;543818&#8243; el_id=&#8221;theJourney&#8221; el_class=&#8221;pc-section-shape-background-grey-inverse&#8221;][vc_column column_width_percent=&#8221;100&#8243; position_vertical=&#8221;middle&#8221; gutter_size=&#8221;3&#8243; overlay_alpha=&#8221;50&#8243; shift_x=&#8221;0&#8243; shift_y=&#8221;0&#8243; shift_y_down=&#8221;0&#8243; z_index=&#8221;0&#8243; medium_width=&#8221;0&#8243; mobile_width=&#8221;0&#8243; width=&#8221;1\/1&#8243; uncode_shortcode_id=&#8221;109194&#8243; css=&#8221;.vc_custom_1640135060175{padding-top: 30px !important;}&#8221; el_id=&#8221;accordion-dark&#8221;][vc_custom_heading uncode_shortcode_id=&#8221;145508&#8243;]Benef\u00edcios do VOHC[\/vc_custom_heading][vc_row_inner row_inner_height_percent=&#8221;0&#8243; back_color=&#8221;color-197188&#8243; overlay_alpha=&#8221;50&#8243; gutter_size=&#8221;3&#8243; shift_y=&#8221;0&#8243; z_index=&#8221;0&#8243; limit_content=&#8221;&#8221; uncode_shortcode_id=&#8221;166913&#8243; back_color_type=&#8221;uncode-palette&#8221; css=&#8221;.vc_custom_1640135154021{border-right-width: 30px !important;padding-top: 50px !important;padding-bottom: 50px !important;padding-left: 30px !important;}&#8221;][vc_column_inner width=&#8221;1\/2&#8243;][vc_icon position=&#8221;left&#8221; icon_image=&#8221;3934&#8243; media_size=&#8221;80&#8243; heading_semantic=&#8221;div&#8221; text_size=&#8221;h5&#8243; text_weight=&#8221;700&#8243; uncode_shortcode_id=&#8221;201347&#8243; title=&#8221;1. Aumentar a investiga\u00e7\u00e3o&#8221; el_class=&#8221;vohc-box&#8221;]Conhecimento na \u00e1rea de controlo de placa e t\u00e1rtaro em c\u00e3es e gatos[\/vc_icon][\/vc_column_inner][vc_column_inner width=&#8221;1\/2&#8243;][vc_icon position=&#8221;left&#8221; icon_image=&#8221;3932&#8243; media_size=&#8221;80&#8243; heading_semantic=&#8221;div&#8221; text_size=&#8221;h5&#8243; text_weight=&#8221;700&#8243; uncode_shortcode_id=&#8221;182304&#8243; title=&#8221;2. Confiar e acreditar&#8221; el_class=&#8221;vohc-box&#8221;]Assegura pesquisas v\u00e1lidas com protocolos padronizados e benef\u00edcios estatisticamente significativos versus controlo negativo[\/vc_icon][\/vc_column_inner][\/vc_row_inner][vc_empty_space empty_h=&#8221;2&#8243;][vc_custom_heading text_color=&#8221;color-197188&#8243; heading_semantic=&#8221;h4&#8243; text_size=&#8221;h4&#8243; uncode_shortcode_id=&#8221;124731&#8243; text_color_type=&#8221;uncode-palette&#8221; el_class=&#8221;head-bordered-dark&#8221;]Qual a import\u00e2ncia do selo VOHC?[\/vc_custom_heading][vc_icon position=&#8221;left&#8221; icon_image=&#8221;4372&#8243; media_size=&#8221;200&#8243; heading_semantic=&#8221;div&#8221; text_size=&#8221;h5&#8243; uncode_shortcode_id=&#8221;162686&#8243; el_class=&#8221;icon-box-mobile&#8221;]Se um produto atende aos padr\u00f5es do VOHC para redu\u00e7\u00e3o de placa e\/ou t\u00e1rtaro, ele pode receber o selo de aceita\u00e7\u00e3o do VOHC.<sup>3<\/sup>\u00a0Isso significa que os profissionais veterin\u00e1rios podem ter certeza da efic\u00e1cia do produto e se sentem confiantes em recomend\u00e1-lo a seus clientes.<\/p>\n<p>&nbsp;<\/p>\n<p>N\u00e3o ter o selo VOHC n\u00e3o significa necessariamente que um produto n\u00e3o seja bom, mas significa que os profissionais veterin\u00e1rios ter\u00e3o que pesquisar na literatura (se houver) para determinar o valor do produto.[\/vc_icon][\/vc_column][\/vc_row][vc_row row_height_percent=&#8221;40&#8243; back_image=&#8221;3941&#8243; overlay_alpha=&#8221;50&#8243; gutter_size=&#8221;3&#8243; column_width_percent=&#8221;100&#8243; shift_y=&#8221;0&#8243; z_index=&#8221;0&#8243; uncode_shortcode_id=&#8221;155569&#8243; css=&#8221;.vc_custom_1640134987048{margin-top: 15px !important;}&#8221;][vc_column width=&#8221;1\/1&#8243;][\/vc_column][\/vc_row][vc_row row_height_percent=&#8221;0&#8243; override_padding=&#8221;yes&#8221; h_padding=&#8221;2&#8243; top_padding=&#8221;3&#8243; bottom_padding=&#8221;1&#8243; back_color=&#8221;color-160397&#8243; overlay_alpha=&#8221;50&#8243; gutter_size=&#8221;3&#8243; column_width_percent=&#8221;100&#8243; shift_y=&#8221;0&#8243; z_index=&#8221;0&#8243; uncode_shortcode_id=&#8221;169673&#8243; back_color_type=&#8221;uncode-palette&#8221; el_id=&#8221;foot-owner&#8221; el_class=&#8221;site-footer&#8221;][vc_column column_width_percent=&#8221;100&#8243; gutter_size=&#8221;3&#8243; style=&#8221;dark&#8221; overlay_alpha=&#8221;50&#8243; shift_x=&#8221;0&#8243; shift_y=&#8221;0&#8243; shift_y_down=&#8221;0&#8243; z_index=&#8221;0&#8243; medium_width=&#8221;0&#8243; mobile_width=&#8221;0&#8243; width=&#8221;1\/1&#8243; uncode_shortcode_id=&#8221;204189&#8243;][vc_column_text text_lead=&#8221;small&#8221; uncode_shortcode_id=&#8221;870044&#8243; el_class=&#8221;break-word&#8221;]<strong>Refer\u00eancias<\/strong><\/p>\n<p>1. Veterinary Oral Health Council. History of VOHC. Available at: <a href=\"http:\/\/www.vohc.org\/vohc_history.html\" target=\"_blank\" rel=\"noopener\">http:\/\/www.vohc.org\/vohc_history.html<\/a> [Accessed December 2021]. 2. Veterinary Oral Health Council. VOHC Council. Available at: <a href=\"http:\/\/www.vohc.org\/vohc_council.html\" target=\"_blank\" rel=\"noopener\">http:\/\/www.vohc.org\/vohc_council.html <\/a>[Accessed December 2021]. 3. Veterinary Oral Health Council. Protocols and Submissions. Available at: <a href=\"http:\/\/www.vohc.org\/protocols_submissions.html\" target=\"_blank\" rel=\"noopener\">http:\/\/www.vohc.org\/protocols_submissions.html<\/a> [Accessed December 2021].[\/vc_column_text][\/vc_column][\/vc_row]<\/p>\n<\/div>","protected":false},"excerpt":{"rendered":"<p>[vc_row row_height_percent=&#8221;65&#8243; override_padding=&#8221;yes&#8221; h_padding=&#8221;2&#8243; top_padding=&#8221;4&#8243; bottom_padding=&#8221;4&#8243; back_image=&#8221;3767&#8243; overlay_alpha=&#8221;50&#8243; gutter_size=&#8221;3&#8243; column_width_percent=&#8221;100&#8243; shift_y=&#8221;0&#8243; z_index=&#8221;0&#8243; medium_visibility=&#8221;yes&#8221; mobile_visibility=&#8221;yes&#8221; uncode_shortcode_id=&#8221;176971&#8243;][vc_column column_width_percent=&#8221;100&#8243; position_vertical=&#8221;middle&#8221; gutter_size=&#8221;3&#8243; overlay_alpha=&#8221;50&#8243; shift_x=&#8221;0&#8243; [&hellip;]<\/p>\n","protected":false},"author":2,"featured_media":0,"parent":3809,"menu_order":0,"comment_status":"closed","ping_status":"closed","template":"","meta":{"footnotes":""},"class_list":["post-3815","page","type-page","status-publish","hentry"],"yoast_head":"<!-- This site is optimized with the Yoast SEO plugin v24.6 - https:\/\/yoast.com\/wordpress\/plugins\/seo\/ -->\n<title>O que \u00e9 VOHC? - Veterin\u00e1rios| Pet Dental PT<\/title>\n<meta name=\"description\" content=\"O que \u00e9 VOHC? Informa\u00e7\u00f5es para profissionais de sa\u00fade animal sobre o VOHC e o que isso significa para os produtos de cuidados dent\u00e1rios. Pet Dental PT\" \/>\n<meta name=\"robots\" content=\"index, follow, max-snippet:-1, max-image-preview:large, max-video-preview:-1\" \/>\n<link rel=\"canonical\" href=\"https:\/\/dental.pet\/pt\/para-veterinario\/o-que-e-o-vohc\/\" \/>\n<meta property=\"og:locale\" content=\"en_GB\" \/>\n<meta property=\"og:type\" content=\"article\" \/>\n<meta property=\"og:title\" content=\"O que \u00e9 VOHC? - Veterin\u00e1rios| Pet Dental PT\" \/>\n<meta property=\"og:description\" content=\"O que \u00e9 VOHC? Informa\u00e7\u00f5es para profissionais de sa\u00fade animal sobre o VOHC e o que isso significa para os produtos de cuidados dent\u00e1rios. Pet Dental PT\" \/>\n<meta property=\"og:url\" content=\"https:\/\/dental.pet\/pt\/para-veterinario\/o-que-e-o-vohc\/\" \/>\n<meta property=\"og:site_name\" content=\"Portugal\" \/>\n<meta property=\"article:modified_time\" content=\"2023-10-20T09:13:43+00:00\" \/>\n<meta name=\"twitter:card\" content=\"summary_large_image\" \/>\n<meta name=\"twitter:label1\" content=\"Estimated reading time\" \/>\n\t<meta name=\"twitter:data1\" content=\"4 minutes\" \/>\n<script type=\"application\/ld+json\" class=\"yoast-schema-graph\">{\"@context\":\"https:\/\/schema.org\",\"@graph\":[{\"@type\":\"WebPage\",\"@id\":\"https:\/\/dental.pet\/pt\/para-veterinario\/o-que-e-o-vohc\/\",\"url\":\"https:\/\/dental.pet\/pt\/para-veterinario\/o-que-e-o-vohc\/\",\"name\":\"O que \u00e9 VOHC? - Veterin\u00e1rios| Pet Dental PT\",\"isPartOf\":{\"@id\":\"https:\/\/dental.pet\/pt\/#website\"},\"datePublished\":\"2021-12-21T22:36:02+00:00\",\"dateModified\":\"2023-10-20T09:13:43+00:00\",\"description\":\"O que \u00e9 VOHC? Informa\u00e7\u00f5es para profissionais de sa\u00fade animal sobre o VOHC e o que isso significa para os produtos de cuidados dent\u00e1rios. Pet Dental PT\",\"breadcrumb\":{\"@id\":\"https:\/\/dental.pet\/pt\/para-veterinario\/o-que-e-o-vohc\/#breadcrumb\"},\"inLanguage\":\"en-GB\",\"potentialAction\":[{\"@type\":\"ReadAction\",\"target\":[\"https:\/\/dental.pet\/pt\/para-veterinario\/o-que-e-o-vohc\/\"]}]},{\"@type\":\"BreadcrumbList\",\"@id\":\"https:\/\/dental.pet\/pt\/para-veterinario\/o-que-e-o-vohc\/#breadcrumb\",\"itemListElement\":[{\"@type\":\"ListItem\",\"position\":1,\"name\":\"Dental Pet by Ecuphar para Veterin\u00e1rios\",\"item\":\"https:\/\/dental.pet\/pt\/para-veterinario\/\"},{\"@type\":\"ListItem\",\"position\":2,\"name\":\"O que \u00e9 VOHC?\"}]},{\"@type\":\"WebSite\",\"@id\":\"https:\/\/dental.pet\/pt\/#website\",\"url\":\"https:\/\/dental.pet\/pt\/\",\"name\":\"Portugal\",\"description\":\"Bem-vindo ao Dental Pet\",\"potentialAction\":[{\"@type\":\"SearchAction\",\"target\":{\"@type\":\"EntryPoint\",\"urlTemplate\":\"https:\/\/dental.pet\/pt\/?s={search_term_string}\"},\"query-input\":{\"@type\":\"PropertyValueSpecification\",\"valueRequired\":true,\"valueName\":\"search_term_string\"}}],\"inLanguage\":\"en-GB\"}]}<\/script>\n<!-- \/ Yoast SEO plugin. -->","yoast_head_json":{"title":"O que \u00e9 VOHC? - Veterin\u00e1rios| Pet Dental PT","description":"O que \u00e9 VOHC? Informa\u00e7\u00f5es para profissionais de sa\u00fade animal sobre o VOHC e o que isso significa para os produtos de cuidados dent\u00e1rios. Pet Dental PT","robots":{"index":"index","follow":"follow","max-snippet":"max-snippet:-1","max-image-preview":"max-image-preview:large","max-video-preview":"max-video-preview:-1"},"canonical":"https:\/\/dental.pet\/pt\/para-veterinario\/o-que-e-o-vohc\/","og_locale":"en_GB","og_type":"article","og_title":"O que \u00e9 VOHC? - Veterin\u00e1rios| Pet Dental PT","og_description":"O que \u00e9 VOHC? Informa\u00e7\u00f5es para profissionais de sa\u00fade animal sobre o VOHC e o que isso significa para os produtos de cuidados dent\u00e1rios. Pet Dental PT","og_url":"https:\/\/dental.pet\/pt\/para-veterinario\/o-que-e-o-vohc\/","og_site_name":"Portugal","article_modified_time":"2023-10-20T09:13:43+00:00","twitter_card":"summary_large_image","twitter_misc":{"Estimated reading time":"4 minutes"},"schema":{"@context":"https:\/\/schema.org","@graph":[{"@type":"WebPage","@id":"https:\/\/dental.pet\/pt\/para-veterinario\/o-que-e-o-vohc\/","url":"https:\/\/dental.pet\/pt\/para-veterinario\/o-que-e-o-vohc\/","name":"O que \u00e9 VOHC? - Veterin\u00e1rios| Pet Dental PT","isPartOf":{"@id":"https:\/\/dental.pet\/pt\/#website"},"datePublished":"2021-12-21T22:36:02+00:00","dateModified":"2023-10-20T09:13:43+00:00","description":"O que \u00e9 VOHC? Informa\u00e7\u00f5es para profissionais de sa\u00fade animal sobre o VOHC e o que isso significa para os produtos de cuidados dent\u00e1rios. Pet Dental PT","breadcrumb":{"@id":"https:\/\/dental.pet\/pt\/para-veterinario\/o-que-e-o-vohc\/#breadcrumb"},"inLanguage":"en-GB","potentialAction":[{"@type":"ReadAction","target":["https:\/\/dental.pet\/pt\/para-veterinario\/o-que-e-o-vohc\/"]}]},{"@type":"BreadcrumbList","@id":"https:\/\/dental.pet\/pt\/para-veterinario\/o-que-e-o-vohc\/#breadcrumb","itemListElement":[{"@type":"ListItem","position":1,"name":"Dental Pet by Ecuphar para Veterin\u00e1rios","item":"https:\/\/dental.pet\/pt\/para-veterinario\/"},{"@type":"ListItem","position":2,"name":"O que \u00e9 VOHC?"}]},{"@type":"WebSite","@id":"https:\/\/dental.pet\/pt\/#website","url":"https:\/\/dental.pet\/pt\/","name":"Portugal","description":"Bem-vindo ao Dental Pet","potentialAction":[{"@type":"SearchAction","target":{"@type":"EntryPoint","urlTemplate":"https:\/\/dental.pet\/pt\/?s={search_term_string}"},"query-input":{"@type":"PropertyValueSpecification","valueRequired":true,"valueName":"search_term_string"}}],"inLanguage":"en-GB"}]}},"_links":{"self":[{"href":"https:\/\/dental.pet\/pt\/wp-json\/wp\/v2\/pages\/3815","targetHints":{"allow":["GET"]}}],"collection":[{"href":"https:\/\/dental.pet\/pt\/wp-json\/wp\/v2\/pages"}],"about":[{"href":"https:\/\/dental.pet\/pt\/wp-json\/wp\/v2\/types\/page"}],"author":[{"embeddable":true,"href":"https:\/\/dental.pet\/pt\/wp-json\/wp\/v2\/users\/2"}],"replies":[{"embeddable":true,"href":"https:\/\/dental.pet\/pt\/wp-json\/wp\/v2\/comments?post=3815"}],"version-history":[{"count":6,"href":"https:\/\/dental.pet\/pt\/wp-json\/wp\/v2\/pages\/3815\/revisions"}],"predecessor-version":[{"id":6352,"href":"https:\/\/dental.pet\/pt\/wp-json\/wp\/v2\/pages\/3815\/revisions\/6352"}],"up":[{"embeddable":true,"href":"https:\/\/dental.pet\/pt\/wp-json\/wp\/v2\/pages\/3809"}],"wp:attachment":[{"href":"https:\/\/dental.pet\/pt\/wp-json\/wp\/v2\/media?parent=3815"}],"curies":[{"name":"wp","href":"https:\/\/api.w.org\/{rel}","templated":true}]}}