{"id":3809,"date":"2021-12-21T22:23:11","date_gmt":"2021-12-21T22:23:11","guid":{"rendered":"https:\/\/dental.onpressidium.com\/?page_id=3809"},"modified":"2023-11-07T16:17:51","modified_gmt":"2023-11-07T16:17:51","slug":"para-veterinario","status":"publish","type":"page","link":"https:\/\/dental.pet\/pt\/para-veterinario\/","title":{"rendered":"Dental Pet by Ecuphar para Veterin\u00e1rios"},"content":{"rendered":"<div class=\"wpb-content-wrapper\"><p>[vc_row row_height_percent=&#8221;65&#8243; override_padding=&#8221;yes&#8221; h_padding=&#8221;2&#8243; top_padding=&#8221;2&#8243; bottom_padding=&#8221;2&#8243; back_image=&#8221;4821&#8243; back_position=&#8221;center top&#8221; overlay_alpha=&#8221;50&#8243; gutter_size=&#8221;3&#8243; column_width_percent=&#8221;100&#8243; shift_y=&#8221;0&#8243; z_index=&#8221;0&#8243; medium_visibility=&#8221;yes&#8221; mobile_visibility=&#8221;yes&#8221; uncode_shortcode_id=&#8221;124695&#8243;][vc_column column_width_percent=&#8221;100&#8243; position_vertical=&#8221;middle&#8221; gutter_size=&#8221;2&#8243; overlay_alpha=&#8221;50&#8243; shift_x=&#8221;0&#8243; shift_y=&#8221;0&#8243; shift_y_down=&#8221;0&#8243; z_index=&#8221;0&#8243; medium_width=&#8221;0&#8243; mobile_width=&#8221;0&#8243; css_animation=&#8221;bottom-t-top&#8221; width=&#8221;7\/12&#8243; uncode_shortcode_id=&#8221;497497&#8243; el_class=&#8221;z-index1&#8243;][vc_custom_heading text_color=&#8221;color-197188&#8243; heading_semantic=&#8221;div&#8221; text_size=&#8221;fontsize-158891&#8243; text_weight=&#8221;700&#8243; uncode_shortcode_id=&#8221;149104&#8243; text_color_type=&#8221;uncode-palette&#8221;]Bem-vindo<br \/>\n\u00e0 \u00e1rea de informa\u00e7\u00e3o<br \/>\nsobre a sa\u00fade oral<br \/>\nem c\u00e3es e gatos[\/vc_custom_heading][\/vc_column][vc_column width=&#8221;5\/12&#8243;][\/vc_column][\/vc_row][vc_row row_height_percent=&#8221;80&#8243; override_padding=&#8221;yes&#8221; h_padding=&#8221;0&#8243; top_padding=&#8221;0&#8243; bottom_padding=&#8221;4&#8243; back_image=&#8221;1420&#8243; back_repeat=&#8221;no-repeat&#8221; back_position=&#8221;left center&#8221; overlay_alpha=&#8221;50&#8243; gutter_size=&#8221;3&#8243; column_width_percent=&#8221;100&#8243; shift_y=&#8221;0&#8243; z_index=&#8221;0&#8243; desktop_visibility=&#8221;yes&#8221; uncode_shortcode_id=&#8221;575826&#8243; back_size=&#8221;cover&#8221;][vc_column column_width_percent=&#8221;100&#8243; position_vertical=&#8221;middle&#8221; gutter_size=&#8221;2&#8243; overlay_alpha=&#8221;50&#8243; shift_x=&#8221;0&#8243; shift_y=&#8221;0&#8243; shift_y_down=&#8221;0&#8243; z_index=&#8221;0&#8243; medium_width=&#8221;0&#8243; mobile_width=&#8221;0&#8243; css_animation=&#8221;bottom-t-top&#8221; width=&#8221;1\/1&#8243; uncode_shortcode_id=&#8221;497497&#8243; el_class=&#8221;z-index1&#8243;][vc_single_image media=&#8221;5004&#8243; media_width_percent=&#8221;100&#8243; uncode_shortcode_id=&#8221;140317&#8243;][vc_row_inner row_inner_height_percent=&#8221;0&#8243; overlay_alpha=&#8221;50&#8243; gutter_size=&#8221;3&#8243; shift_y=&#8221;0&#8243; z_index=&#8221;0&#8243; uncode_shortcode_id=&#8221;181626&#8243; css=&#8221;.vc_custom_1635192959911{padding-right: 36px !important;padding-left: 36px !important;}&#8221; limit_content=&#8221;&#8221;][vc_column_inner column_width_percent=&#8221;100&#8243; gutter_size=&#8221;2&#8243; overlay_alpha=&#8221;50&#8243; shift_x=&#8221;0&#8243; shift_y=&#8221;0&#8243; shift_y_down=&#8221;0&#8243; z_index=&#8221;0&#8243; medium_width=&#8221;0&#8243; mobile_width=&#8221;0&#8243; width=&#8221;1\/1&#8243; uncode_shortcode_id=&#8221;178298&#8243; css=&#8221;.vc_custom_1640113309854{padding-top: 50px !important;}&#8221;][vc_custom_heading text_color=&#8221;color-197188&#8243; heading_semantic=&#8221;div&#8221; text_size=&#8221;fontsize-158891&#8243; text_weight=&#8221;700&#8243; uncode_shortcode_id=&#8221;132445&#8243; text_color_type=&#8221;uncode-palette&#8221;]Bem-vindo<br \/>\n\u00e0 \u00e1rea de informa\u00e7\u00e3o sobre sa\u00fade oral e dental<\/p>\n<p>do seu animal de estima\u00e7\u00e3o[\/vc_custom_heading][\/vc_column_inner][\/vc_row_inner][\/vc_column][\/vc_row][vc_row row_height_percent=&#8221;0&#8243; override_padding=&#8221;yes&#8221; h_padding=&#8221;2&#8243; top_padding=&#8221;5&#8243; bottom_padding=&#8221;5&#8243; overlay_alpha=&#8221;50&#8243; equal_height=&#8221;yes&#8221; gutter_size=&#8221;3&#8243; column_width_percent=&#8221;100&#8243; shift_y=&#8221;0&#8243; z_index=&#8221;0&#8243; uncode_shortcode_id=&#8221;213146&#8243; el_id=&#8221;theWhyHome&#8221; el_class=&#8221;pc-section-shape-background-grey&#8221;][vc_column width=&#8221;1\/2&#8243;][vc_icon icon_image=&#8221;4803&#8243; linked_title=&#8221;yes&#8221; css_animation=&#8221;alpha-anim&#8221; uncode_shortcode_id=&#8221;142006&#8243; title=&#8221;A doen\u00e7a periodontal \u00e9 um problema comum&#8221; link=&#8221;url:%2Fpt%2Fpara-veterinario%2Fcomo-diagnosticar-doenca-periodontal%2F|title:Diagn%C3%B3stico%20de%20doen%C3%A7a%20periodontal|rel:nofollow&#8221; el_class=&#8221;info-box-green&#8221;]<a href=\"\/pt\/para-veterinario\/como-diagnosticar-doenca-periodontal\/\">Conhe\u00e7a os sinais de doen\u00e7a oral\u00a0&gt;<\/a>[\/vc_icon][vc_icon icon_image=&#8221;3629&#8243; linked_title=&#8221;yes&#8221; css_animation=&#8221;alpha-anim&#8221; uncode_shortcode_id=&#8221;188312&#8243; title=&#8221;Vamos falar de sa\u00fade oral?&#8221; link=&#8221;url:%2Fpt%2Fpara-veterinario%2Ffalamos-de-cuidados-de-saude-oral%2F|title:Falamos%20de%20cuidados%20de%20sa%C3%BAde%20oral|rel:nofollow&#8221; el_class=&#8221;info-box-blue&#8221;]<a href=\"\/pt\/para-veterinario\/falamos-de-cuidados-de-saude-oral\/\">Como come\u00e7ar a conversa\u00a0&gt;<\/a>[\/vc_icon][\/vc_column][vc_column column_width_percent=&#8221;100&#8243; gutter_size=&#8221;3&#8243; expand_height=&#8221;yes&#8221; overlay_alpha=&#8221;50&#8243; shift_x=&#8221;0&#8243; shift_y=&#8221;0&#8243; shift_y_down=&#8221;0&#8243; z_index=&#8221;0&#8243; medium_width=&#8221;0&#8243; mobile_width=&#8221;0&#8243; width=&#8221;1\/2&#8243; uncode_shortcode_id=&#8221;536028&#8243;][vc_icon icon_image=&#8221;3631&#8243; linked_title=&#8221;yes&#8221; css_animation=&#8221;alpha-anim&#8221; uncode_shortcode_id=&#8221;108195&#8243; title=&#8221;Rotina de cuidados orais &#8211; nunca \u00e9 tarde para come\u00e7ar!&#8221; link=&#8221;url:%2Fpt%2Fpara-veterinario%2Fa-jornada-dentaria%2F|title:A%20rotina%20de%20cuidados%20orais|rel:nofollow&#8221; el_class=&#8221;info-box-blue&#8221;]<a href=\"\/pt\/para-veterinario\/a-jornada-dentaria\/\">Quais os passos a seguir\u00a0&gt;<\/a>[\/vc_icon][vc_icon icon_image=&#8221;3635&#8243; linked_title=&#8221;yes&#8221; css_animation=&#8221;alpha-anim&#8221; uncode_shortcode_id=&#8221;200303&#8243; title=&#8221;O que \u00e9 VOHC?&#8221; link=&#8221;url:%2Fpt%2Fpara-veterinario%2Fo-que-e-o-vohc%2F|title:O%20que%20%C3%A9%20o%20VOHC%3F|rel:nofollow&#8221; el_class=&#8221;info-box-green&#8221;]<a href=\"\/pt\/para-veterinario\/o-que-e-o-vohc\/\">Saiba porque \u00e9 que o VOHC e porque \u00e9 que \u00e9 importante para si\u00a0&gt;<\/a>[\/vc_icon][\/vc_column][\/vc_row]<\/p>\n<\/div>","protected":false},"excerpt":{"rendered":"<p>[vc_row row_height_percent=&#8221;65&#8243; override_padding=&#8221;yes&#8221; h_padding=&#8221;2&#8243; top_padding=&#8221;2&#8243; bottom_padding=&#8221;2&#8243; back_image=&#8221;4821&#8243; back_position=&#8221;center top&#8221; overlay_alpha=&#8221;50&#8243; gutter_size=&#8221;3&#8243; column_width_percent=&#8221;100&#8243; shift_y=&#8221;0&#8243; z_index=&#8221;0&#8243; medium_visibility=&#8221;yes&#8221; mobile_visibility=&#8221;yes&#8221; uncode_shortcode_id=&#8221;124695&#8243;][vc_column column_width_percent=&#8221;100&#8243; position_vertical=&#8221;middle&#8221; gutter_size=&#8221;2&#8243; [&hellip;]<\/p>\n","protected":false},"author":2,"featured_media":0,"parent":0,"menu_order":0,"comment_status":"closed","ping_status":"closed","template":"","meta":{"footnotes":""},"class_list":["post-3809","page","type-page","status-publish","hentry"],"yoast_head":"<!-- This site is optimized with the Yoast SEO plugin v24.6 - https:\/\/yoast.com\/wordpress\/plugins\/seo\/ -->\n<title>Dental Pet by Ecuphar - Veterin\u00e1rios | Pet Dental PT<\/title>\n<meta name=\"description\" content=\"Bem-vindo \u00e0 sua \u00e1rea de informa\u00e7\u00e3o sobre a sa\u00fade oral em c\u00e3es e gatos! Um portal educacional com conte\u00fado dedicado tanto para profissionais de sa\u00fade animal. Pet Dental PT\" \/>\n<meta name=\"robots\" content=\"index, follow, max-snippet:-1, max-image-preview:large, max-video-preview:-1\" \/>\n<link rel=\"canonical\" href=\"https:\/\/dental.pet\/pt\/para-veterinario\/\" \/>\n<meta property=\"og:locale\" content=\"en_GB\" \/>\n<meta property=\"og:type\" content=\"article\" \/>\n<meta property=\"og:title\" content=\"Dental Pet by Ecuphar - Veterin\u00e1rios | Pet Dental PT\" \/>\n<meta property=\"og:description\" content=\"Bem-vindo \u00e0 sua \u00e1rea de informa\u00e7\u00e3o sobre a sa\u00fade oral em c\u00e3es e gatos! Um portal educacional com conte\u00fado dedicado tanto para profissionais de sa\u00fade animal. Pet Dental PT\" \/>\n<meta property=\"og:url\" content=\"https:\/\/dental.pet\/pt\/para-veterinario\/\" \/>\n<meta property=\"og:site_name\" content=\"Portugal\" \/>\n<meta property=\"article:modified_time\" content=\"2023-11-07T16:17:51+00:00\" \/>\n<meta name=\"twitter:card\" content=\"summary_large_image\" \/>\n<meta name=\"twitter:label1\" content=\"Estimated reading time\" \/>\n\t<meta name=\"twitter:data1\" content=\"2 minutes\" \/>\n<script type=\"application\/ld+json\" class=\"yoast-schema-graph\">{\"@context\":\"https:\/\/schema.org\",\"@graph\":[{\"@type\":\"WebPage\",\"@id\":\"https:\/\/dental.pet\/pt\/para-veterinario\/\",\"url\":\"https:\/\/dental.pet\/pt\/para-veterinario\/\",\"name\":\"Dental Pet by Ecuphar - Veterin\u00e1rios | Pet Dental PT\",\"isPartOf\":{\"@id\":\"https:\/\/dental.pet\/pt\/#website\"},\"datePublished\":\"2021-12-21T22:23:11+00:00\",\"dateModified\":\"2023-11-07T16:17:51+00:00\",\"description\":\"Bem-vindo \u00e0 sua \u00e1rea de informa\u00e7\u00e3o sobre a sa\u00fade oral em c\u00e3es e gatos! Um portal educacional com conte\u00fado dedicado tanto para profissionais de sa\u00fade animal. Pet Dental PT\",\"inLanguage\":\"en-GB\",\"potentialAction\":[{\"@type\":\"ReadAction\",\"target\":[\"https:\/\/dental.pet\/pt\/para-veterinario\/\"]}]},{\"@type\":\"WebSite\",\"@id\":\"https:\/\/dental.pet\/pt\/#website\",\"url\":\"https:\/\/dental.pet\/pt\/\",\"name\":\"Portugal\",\"description\":\"Bem-vindo ao Dental Pet\",\"potentialAction\":[{\"@type\":\"SearchAction\",\"target\":{\"@type\":\"EntryPoint\",\"urlTemplate\":\"https:\/\/dental.pet\/pt\/?s={search_term_string}\"},\"query-input\":{\"@type\":\"PropertyValueSpecification\",\"valueRequired\":true,\"valueName\":\"search_term_string\"}}],\"inLanguage\":\"en-GB\"}]}<\/script>\n<!-- \/ Yoast SEO plugin. -->","yoast_head_json":{"title":"Dental Pet by Ecuphar - Veterin\u00e1rios | Pet Dental PT","description":"Bem-vindo \u00e0 sua \u00e1rea de informa\u00e7\u00e3o sobre a sa\u00fade oral em c\u00e3es e gatos! Um portal educacional com conte\u00fado dedicado tanto para profissionais de sa\u00fade animal. Pet Dental PT","robots":{"index":"index","follow":"follow","max-snippet":"max-snippet:-1","max-image-preview":"max-image-preview:large","max-video-preview":"max-video-preview:-1"},"canonical":"https:\/\/dental.pet\/pt\/para-veterinario\/","og_locale":"en_GB","og_type":"article","og_title":"Dental Pet by Ecuphar - Veterin\u00e1rios | Pet Dental PT","og_description":"Bem-vindo \u00e0 sua \u00e1rea de informa\u00e7\u00e3o sobre a sa\u00fade oral em c\u00e3es e gatos! Um portal educacional com conte\u00fado dedicado tanto para profissionais de sa\u00fade animal. Pet Dental PT","og_url":"https:\/\/dental.pet\/pt\/para-veterinario\/","og_site_name":"Portugal","article_modified_time":"2023-11-07T16:17:51+00:00","twitter_card":"summary_large_image","twitter_misc":{"Estimated reading time":"2 minutes"},"schema":{"@context":"https:\/\/schema.org","@graph":[{"@type":"WebPage","@id":"https:\/\/dental.pet\/pt\/para-veterinario\/","url":"https:\/\/dental.pet\/pt\/para-veterinario\/","name":"Dental Pet by Ecuphar - Veterin\u00e1rios | Pet Dental PT","isPartOf":{"@id":"https:\/\/dental.pet\/pt\/#website"},"datePublished":"2021-12-21T22:23:11+00:00","dateModified":"2023-11-07T16:17:51+00:00","description":"Bem-vindo \u00e0 sua \u00e1rea de informa\u00e7\u00e3o sobre a sa\u00fade oral em c\u00e3es e gatos! Um portal educacional com conte\u00fado dedicado tanto para profissionais de sa\u00fade animal. Pet Dental PT","inLanguage":"en-GB","potentialAction":[{"@type":"ReadAction","target":["https:\/\/dental.pet\/pt\/para-veterinario\/"]}]},{"@type":"WebSite","@id":"https:\/\/dental.pet\/pt\/#website","url":"https:\/\/dental.pet\/pt\/","name":"Portugal","description":"Bem-vindo ao Dental Pet","potentialAction":[{"@type":"SearchAction","target":{"@type":"EntryPoint","urlTemplate":"https:\/\/dental.pet\/pt\/?s={search_term_string}"},"query-input":{"@type":"PropertyValueSpecification","valueRequired":true,"valueName":"search_term_string"}}],"inLanguage":"en-GB"}]}},"_links":{"self":[{"href":"https:\/\/dental.pet\/pt\/wp-json\/wp\/v2\/pages\/3809","targetHints":{"allow":["GET"]}}],"collection":[{"href":"https:\/\/dental.pet\/pt\/wp-json\/wp\/v2\/pages"}],"about":[{"href":"https:\/\/dental.pet\/pt\/wp-json\/wp\/v2\/types\/page"}],"author":[{"embeddable":true,"href":"https:\/\/dental.pet\/pt\/wp-json\/wp\/v2\/users\/2"}],"replies":[{"embeddable":true,"href":"https:\/\/dental.pet\/pt\/wp-json\/wp\/v2\/comments?post=3809"}],"version-history":[{"count":7,"href":"https:\/\/dental.pet\/pt\/wp-json\/wp\/v2\/pages\/3809\/revisions"}],"predecessor-version":[{"id":6436,"href":"https:\/\/dental.pet\/pt\/wp-json\/wp\/v2\/pages\/3809\/revisions\/6436"}],"wp:attachment":[{"href":"https:\/\/dental.pet\/pt\/wp-json\/wp\/v2\/media?parent=3809"}],"curies":[{"name":"wp","href":"https:\/\/api.w.org\/{rel}","templated":true}]}}