{"id":3682,"date":"2021-12-21T19:54:53","date_gmt":"2021-12-21T19:54:53","guid":{"rendered":"http:\/\/dental.onpressidium.com\/?page_id=3682"},"modified":"2023-11-07T16:09:21","modified_gmt":"2023-11-07T16:09:21","slug":"a-jornada-dentaria","status":"publish","type":"page","link":"https:\/\/dental.pet\/pt\/para-veterinario\/a-jornada-dentaria\/","title":{"rendered":"A jornada dent\u00e1ria"},"content":{"rendered":"<div class=\"wpb-content-wrapper\"><p>[vc_row row_height_percent=&#8221;65&#8243; override_padding=&#8221;yes&#8221; h_padding=&#8221;2&#8243; top_padding=&#8221;4&#8243; bottom_padding=&#8221;4&#8243; back_image=&#8221;3788&#8243; back_position=&#8221;center top&#8221; overlay_alpha=&#8221;50&#8243; gutter_size=&#8221;3&#8243; column_width_percent=&#8221;100&#8243; shift_y=&#8221;0&#8243; z_index=&#8221;0&#8243; medium_visibility=&#8221;yes&#8221; mobile_visibility=&#8221;yes&#8221; uncode_shortcode_id=&#8221;127769&#8243; back_size=&#8221;cover&#8221;][vc_column column_width_percent=&#8221;100&#8243; position_vertical=&#8221;middle&#8221; gutter_size=&#8221;3&#8243; overlay_alpha=&#8221;50&#8243; shift_x=&#8221;0&#8243; shift_y=&#8221;0&#8243; shift_y_down=&#8221;0&#8243; z_index=&#8221;0&#8243; medium_width=&#8221;0&#8243; mobile_width=&#8221;0&#8243; css_animation=&#8221;bottom-t-top&#8221; width=&#8221;3\/4&#8243; uncode_shortcode_id=&#8221;108884&#8243; el_class=&#8221;z-index1&#8243;][vc_custom_heading text_color=&#8221;color-197188&#8243; heading_semantic=&#8221;div&#8221; text_size=&#8221;fontsize-158891&#8243; text_weight=&#8221;700&#8243; uncode_shortcode_id=&#8221;963471&#8243; text_color_type=&#8221;uncode-palette&#8221;]A jornada<br \/>\ndent\u00e1ria[\/vc_custom_heading][\/vc_column][vc_column width=&#8221;1\/4&#8243;][\/vc_column][\/vc_row][vc_row row_height_percent=&#8221;80&#8243; override_padding=&#8221;yes&#8221; h_padding=&#8221;0&#8243; top_padding=&#8221;0&#8243; bottom_padding=&#8221;4&#8243; back_image=&#8221;1420&#8243; back_repeat=&#8221;no-repeat&#8221; back_position=&#8221;left center&#8221; overlay_alpha=&#8221;50&#8243; gutter_size=&#8221;3&#8243; column_width_percent=&#8221;100&#8243; shift_y=&#8221;0&#8243; z_index=&#8221;0&#8243; desktop_visibility=&#8221;yes&#8221; uncode_shortcode_id=&#8221;562326&#8243; back_size=&#8221;cover&#8221;][vc_column column_width_percent=&#8221;100&#8243; position_vertical=&#8221;middle&#8221; gutter_size=&#8221;3&#8243; overlay_alpha=&#8221;50&#8243; shift_x=&#8221;0&#8243; shift_y=&#8221;0&#8243; shift_y_down=&#8221;0&#8243; z_index=&#8221;0&#8243; medium_width=&#8221;0&#8243; mobile_width=&#8221;0&#8243; css_animation=&#8221;bottom-t-top&#8221; width=&#8221;1\/1&#8243; uncode_shortcode_id=&#8221;108884&#8243; el_class=&#8221;z-index1&#8243;][vc_single_image media=&#8221;3782&#8243; media_width_percent=&#8221;100&#8243; uncode_shortcode_id=&#8221;201246&#8243;][vc_row_inner row_inner_height_percent=&#8221;0&#8243; overlay_alpha=&#8221;50&#8243; gutter_size=&#8221;3&#8243; shift_y=&#8221;0&#8243; z_index=&#8221;0&#8243; limit_content=&#8221;&#8221; uncode_shortcode_id=&#8221;139958&#8243; css=&#8221;.vc_custom_1640132295310{padding-top: 50px !important;}&#8221;][vc_column_inner column_width_percent=&#8221;100&#8243; gutter_size=&#8221;2&#8243; overlay_alpha=&#8221;50&#8243; shift_x=&#8221;0&#8243; shift_y=&#8221;0&#8243; shift_y_down=&#8221;0&#8243; z_index=&#8221;0&#8243; medium_width=&#8221;0&#8243; mobile_width=&#8221;0&#8243; width=&#8221;1\/1&#8243; uncode_shortcode_id=&#8221;183672&#8243; css=&#8221;.vc_custom_1635343471515{padding-right: 36px !important;padding-left: 36px !important;}&#8221;][vc_custom_heading text_color=&#8221;color-197188&#8243; heading_semantic=&#8221;div&#8221; text_size=&#8221;fontsize-158891&#8243; text_weight=&#8221;700&#8243; uncode_shortcode_id=&#8221;193912&#8243; text_color_type=&#8221;uncode-palette&#8221;]A jornada<br \/>\ndent\u00e1ria[\/vc_custom_heading][\/vc_column_inner][\/vc_row_inner][\/vc_column][\/vc_row][vc_row row_height_percent=&#8221;0&#8243; override_padding=&#8221;yes&#8221; h_padding=&#8221;2&#8243; top_padding=&#8221;5&#8243; bottom_padding=&#8221;5&#8243; overlay_alpha=&#8221;50&#8243; gutter_size=&#8221;3&#8243; column_width_percent=&#8221;100&#8243; shift_y=&#8221;0&#8243; z_index=&#8221;0&#8243; uncode_shortcode_id=&#8221;166404&#8243; el_id=&#8221;theDontMiss&#8221; el_class=&#8221;pc-section-shape-background-grey&#8221;][vc_column column_width_percent=&#8221;100&#8243; position_vertical=&#8221;middle&#8221; gutter_size=&#8221;3&#8243; overlay_alpha=&#8221;50&#8243; shift_x=&#8221;0&#8243; shift_y=&#8221;0&#8243; shift_y_down=&#8221;0&#8243; z_index=&#8221;0&#8243; medium_width=&#8221;0&#8243; mobile_width=&#8221;0&#8243; width=&#8221;1\/1&#8243; uncode_shortcode_id=&#8221;125616&#8243; el_id=&#8221;accordion-dark&#8221;][vc_custom_heading text_color=&#8221;color-108211&#8243; heading_semantic=&#8221;div&#8221; text_size=&#8221;fontsize-158891&#8243; text_weight=&#8221;700&#8243; css_animation=&#8221;alpha-anim&#8221; uncode_shortcode_id=&#8221;163248&#8243; text_color_type=&#8221;uncode-palette&#8221; el_id=&#8221;miss&#8221;]Em que etapa da jornada dent\u00e1ria est\u00e3o os pacientes?[\/vc_custom_heading][vc_column_text css_animation=&#8221;alpha-anim&#8221; uncode_shortcode_id=&#8221;162733&#8243; el_id=&#8221;miss&#8221;]Os cuidados de higiene oral em casa podem ser iniciados logo que os animais desenvolvam a denti\u00e7\u00e3o permanente.<sup>1<\/sup> Iniciar os cuidados de higiene oral em casa numa fase precoce da vida do animal pode facilitar a sua aceita\u00e7\u00e3o,<sup>2<\/sup> mas mesmo para os animais mais velhos, nunca \u00e9 tarde para iniciar uma rotina de cuidados de higiene oral.[\/vc_column_text][vc_custom_heading text_color=&#8221;color-197188&#8243; heading_semantic=&#8221;h4&#8243; text_size=&#8221;h4&#8243; uncode_shortcode_id=&#8221;986671&#8243; text_color_type=&#8221;uncode-palette&#8221; el_class=&#8221;head-bordered-dark&#8221;]Cachorros e gatinhos[\/vc_custom_heading][vc_icon position=&#8221;left&#8221; icon_image=&#8221;1001&#8243; media_size=&#8221;80&#8243; heading_semantic=&#8221;div&#8221; text_size=&#8221;h5&#8243; uncode_shortcode_id=&#8221;427270&#8243; el_class=&#8221;green-bullets&#8221;]<\/p>\n<ul>\n<li>A altura ideal para iniciar uma rotina de cuidados dent\u00e1rios \u00e9 quando os animais ainda s\u00e3o jovens.<\/li>\n<li>Os sprays podem ser um bom primeiro passo, uma vez que minimizam o contacto direto com os dentes e as gengivas. Os tutores podem depois avan\u00e7ar para produtos como toalhitas, que permitem familiarizar os animais com o contacto com os dentes e as gengivas e facilitam tamb\u00e9m a transi\u00e7\u00e3o para a escovagem dos dentes com uma pasta. No entanto, se os tutores n\u00e3o conseguirem escovar os dentes, as <strong>pastas de dentes enzim\u00e1ticas<\/strong> podem ser uma op\u00e7\u00e3o, uma vez que n\u00e3o necessitam da escovagem para atuarem.<\/li>\n<\/ul>\n<p>[\/vc_icon][vc_custom_heading text_color=&#8221;color-197188&#8243; heading_semantic=&#8221;h4&#8243; text_size=&#8221;h4&#8243; uncode_shortcode_id=&#8221;378344&#8243; text_color_type=&#8221;uncode-palette&#8221; el_class=&#8221;head-bordered-dark&#8221;]Snacks dent\u00e1rios e alimenta\u00e7\u00e3o dent\u00e1ria[\/vc_custom_heading][vc_icon position=&#8221;left&#8221; icon_image=&#8221;976&#8243; media_size=&#8221;80&#8243; heading_semantic=&#8221;div&#8221; text_size=&#8221;h5&#8243; uncode_shortcode_id=&#8221;176367&#8243; el_class=&#8221;green-bullets&#8221;]<\/p>\n<ul>\n<li>Os snacks dent\u00e1rios e a alimenta\u00e7\u00e3o dent\u00e1ria abrangem maioritariamente os dentes pr\u00e9-molares e molares, n\u00e3o atuando eficazmente nos caninos e incisivos.<\/li>\n<li>Os snacks e a alimenta\u00e7\u00e3o dent\u00e1ria s\u00e3o portanto um bom complemento \u00e0 escovagem com <strong>pasta de dentes<\/strong>.<\/li>\n<\/ul>\n<p>[\/vc_icon][vc_custom_heading text_color=&#8221;color-197188&#8243; heading_semantic=&#8221;h4&#8243; text_size=&#8221;h4&#8243; uncode_shortcode_id=&#8221;164270&#8243; text_color_type=&#8221;uncode-palette&#8221; el_class=&#8221;head-bordered-dark&#8221;]Escovagem de dentes[\/vc_custom_heading][vc_icon position=&#8221;left&#8221; icon_image=&#8221;979&#8243; media_size=&#8221;80&#8243; heading_semantic=&#8221;div&#8221; text_size=&#8221;h5&#8243; uncode_shortcode_id=&#8221;612285&#8243; el_class=&#8221;green-bullets&#8221;]<\/p>\n<ul>\n<li>A escovagem dos dentes diminui a placa bacteriana em 37% se for realizada diariamente, 25% se for realizada em dias alternados e 10% se for realizada semanalmente.<sup>3<\/sup><\/li>\n<li>A escovagem dos dentes pode ser aliada a outros produtos, como os <strong>snacks dent\u00e1rios<\/strong>, para aumentar a efic\u00e1cia.<\/li>\n<\/ul>\n<p>[\/vc_icon][vc_custom_heading text_color=&#8221;color-197188&#8243; heading_semantic=&#8221;h4&#8243; text_size=&#8221;h4&#8243; uncode_shortcode_id=&#8221;133311&#8243; text_color_type=&#8221;uncode-palette&#8221; el_class=&#8221;head-bordered-dark&#8221;]Destartariza\u00e7\u00e3o e polimento[\/vc_custom_heading][vc_icon position=&#8221;left&#8221; icon_image=&#8221;983&#8243; media_size=&#8221;80&#8243; heading_semantic=&#8221;div&#8221; text_size=&#8221;h5&#8243; uncode_shortcode_id=&#8221;145716&#8243; el_class=&#8221;green-bullets&#8221;]<\/p>\n<ul>\n<li>Para amolecer o c\u00e1lculo antes do procedimento, podem ser utilizados produtos como aditivos para \u00e1gua. Ap\u00f3s o procedimento \u00e9 importante continuar com estrat\u00e9gias de cuidados orais, nomeadamente a escovagem dos dentes. Quando a escovagem com pasta de dentes n\u00e3o \u00e9 poss\u00edvel, pode utilizar uma <strong>pasta de dentes enzim\u00e1tica<\/strong> que n\u00e3o necessitar\u00e1 de uma escovagem para atuar<\/li>\n<\/ul>\n<p>[\/vc_icon][vc_row_inner row_inner_height_percent=&#8221;0&#8243; overlay_alpha=&#8221;50&#8243; gutter_size=&#8221;3&#8243; shift_y=&#8221;0&#8243; z_index=&#8221;0&#8243; limit_content=&#8221;&#8221; uncode_shortcode_id=&#8221;601235&#8243; el_class=&#8221;flex-row&#8221;][vc_column_inner width=&#8221;1\/1&#8243;][vc_button button_color=&#8221;color-197188&#8243; border_width=&#8221;0&#8243; display=&#8221;inline&#8221; button_color_type=&#8221;uncode-palette&#8221; uncode_shortcode_id=&#8221;669818&#8243; el_class=&#8221;button-light btn-bigger&#8221; link=&#8221;url:%2Fpt%2Fpara-veterinario%2Forozyme%2F|title:OROZYME%20para%20Veterin%C3%A1rios&#8221;]COMO INCLUIR O OROZYME NA JORNADA DENT\u00c1RIA DOS SEUS PACIENTES? >[\/vc_button][vc_button button_color=&#8221;color-197188&#8243; border_width=&#8221;0&#8243; display=&#8221;inline&#8221; button_color_type=&#8221;uncode-palette&#8221; uncode_shortcode_id=&#8221;534025&#8243; el_class=&#8221;button-light btn-bigger button-right&#8221; link=&#8221;url:%2Fpt%2Fpara-veterinario%2Fo-que-e-o-vohc%2F|title:VOCH%20para%20veterin%C3%A1rios&#8221;]O que \u00e9 o VOHC? >[\/vc_button][\/vc_column_inner][\/vc_row_inner][\/vc_column][\/vc_row][vc_row row_height_percent=&#8221;50&#8243; back_image=&#8221;3785&#8243; overlay_alpha=&#8221;50&#8243; gutter_size=&#8221;3&#8243; column_width_percent=&#8221;100&#8243; shift_y=&#8221;0&#8243; z_index=&#8221;0&#8243; uncode_shortcode_id=&#8221;156178&#8243; css=&#8221;.vc_custom_1640133227935{margin-top: 15px !important;}&#8221;][vc_column width=&#8221;1\/1&#8243;][\/vc_column][\/vc_row][vc_row row_height_percent=&#8221;0&#8243; override_padding=&#8221;yes&#8221; h_padding=&#8221;2&#8243; top_padding=&#8221;3&#8243; bottom_padding=&#8221;1&#8243; back_color=&#8221;color-160397&#8243; overlay_alpha=&#8221;50&#8243; gutter_size=&#8221;3&#8243; column_width_percent=&#8221;100&#8243; shift_y=&#8221;0&#8243; z_index=&#8221;0&#8243; uncode_shortcode_id=&#8221;169673&#8243; back_color_type=&#8221;uncode-palette&#8221; el_id=&#8221;foot-owner&#8221; el_class=&#8221;site-footer&#8221;][vc_column column_width_percent=&#8221;100&#8243; gutter_size=&#8221;3&#8243; style=&#8221;dark&#8221; overlay_alpha=&#8221;50&#8243; shift_x=&#8221;0&#8243; shift_y=&#8221;0&#8243; shift_y_down=&#8221;0&#8243; z_index=&#8221;0&#8243; medium_width=&#8221;0&#8243; mobile_width=&#8221;0&#8243; width=&#8221;1\/1&#8243; uncode_shortcode_id=&#8221;204189&#8243;][vc_column_text text_lead=&#8221;small&#8221; uncode_shortcode_id=&#8221;112582&#8243; el_class=&#8221;break-word&#8221;]<strong>Refer\u00eancias<\/strong><\/p>\n<p class=\"p1\">1. Bellows J et al. 2019 AAHA Dental Care Guidelines for Dogs and Cats. J Am Anim Hosp Assoc 2019;55(2):49\u201369. 2. Harrison C. Available at: <a href=\"https:\/\/www.theveterinarynurse.com\/review\/article\/nutrition-and-preventative-oral-healthcare-treatments-for-canine-and-feline-patients\">https:\/\/www.theveterinarynurse.com\/review\/article\/nutrition-and-preventative-oral-healthcare-treatments-for-canine-and-feline-patients<\/a> [Accessed December 2021]. 3. Harvey C et al. Effect of frequency of brushing teeth on plaque and calculus accumulation, and gingivitis in dogs. J Vet Dent 2015;32(1):16\u201321.<\/p>\n<p>[\/vc_column_text][\/vc_column][\/vc_row]<\/p>\n<\/div>","protected":false},"excerpt":{"rendered":"<p>[vc_row row_height_percent=&#8221;65&#8243; override_padding=&#8221;yes&#8221; h_padding=&#8221;2&#8243; top_padding=&#8221;4&#8243; bottom_padding=&#8221;4&#8243; back_image=&#8221;3788&#8243; back_position=&#8221;center top&#8221; overlay_alpha=&#8221;50&#8243; gutter_size=&#8221;3&#8243; column_width_percent=&#8221;100&#8243; shift_y=&#8221;0&#8243; z_index=&#8221;0&#8243; medium_visibility=&#8221;yes&#8221; mobile_visibility=&#8221;yes&#8221; uncode_shortcode_id=&#8221;127769&#8243; back_size=&#8221;cover&#8221;][vc_column column_width_percent=&#8221;100&#8243; position_vertical=&#8221;middle&#8221; [&hellip;]<\/p>\n","protected":false},"author":2,"featured_media":0,"parent":3809,"menu_order":0,"comment_status":"closed","ping_status":"closed","template":"","meta":{"footnotes":""},"class_list":["post-3682","page","type-page","status-publish","hentry"],"yoast_head":"<!-- This site is optimized with the Yoast SEO plugin v24.6 - https:\/\/yoast.com\/wordpress\/plugins\/seo\/ -->\n<title>A jornada dent\u00e1ria - Veterin\u00e1rios | Pet Dental PT<\/title>\n<meta name=\"description\" content=\"A jornada dent\u00e1ria. Informa\u00e7\u00f5es para profissionais de sa\u00fade animal sobre as fases da jornada dent\u00e1ria e como recomendar os produtos de cuidados dent\u00e1rios adequados. Pet Dental PT\" \/>\n<meta name=\"robots\" content=\"index, follow, max-snippet:-1, max-image-preview:large, max-video-preview:-1\" \/>\n<link rel=\"canonical\" href=\"https:\/\/dental.pet\/pt\/para-veterinario\/a-jornada-dentaria\/\" \/>\n<meta property=\"og:locale\" content=\"en_GB\" \/>\n<meta property=\"og:type\" content=\"article\" \/>\n<meta property=\"og:title\" content=\"A jornada dent\u00e1ria - Veterin\u00e1rios | Pet Dental PT\" \/>\n<meta property=\"og:description\" content=\"A jornada dent\u00e1ria. Informa\u00e7\u00f5es para profissionais de sa\u00fade animal sobre as fases da jornada dent\u00e1ria e como recomendar os produtos de cuidados dent\u00e1rios adequados. Pet Dental PT\" \/>\n<meta property=\"og:url\" content=\"https:\/\/dental.pet\/pt\/para-veterinario\/a-jornada-dentaria\/\" \/>\n<meta property=\"og:site_name\" content=\"Portugal\" \/>\n<meta property=\"article:modified_time\" content=\"2023-11-07T16:09:21+00:00\" \/>\n<meta name=\"twitter:card\" content=\"summary_large_image\" \/>\n<meta name=\"twitter:label1\" content=\"Estimated reading time\" \/>\n\t<meta name=\"twitter:data1\" content=\"3 minutes\" \/>\n<script type=\"application\/ld+json\" class=\"yoast-schema-graph\">{\"@context\":\"https:\/\/schema.org\",\"@graph\":[{\"@type\":\"WebPage\",\"@id\":\"https:\/\/dental.pet\/pt\/para-veterinario\/a-jornada-dentaria\/\",\"url\":\"https:\/\/dental.pet\/pt\/para-veterinario\/a-jornada-dentaria\/\",\"name\":\"A jornada dent\u00e1ria - Veterin\u00e1rios | Pet Dental PT\",\"isPartOf\":{\"@id\":\"https:\/\/dental.pet\/pt\/#website\"},\"datePublished\":\"2021-12-21T19:54:53+00:00\",\"dateModified\":\"2023-11-07T16:09:21+00:00\",\"description\":\"A jornada dent\u00e1ria. Informa\u00e7\u00f5es para profissionais de sa\u00fade animal sobre as fases da jornada dent\u00e1ria e como recomendar os produtos de cuidados dent\u00e1rios adequados. Pet Dental PT\",\"breadcrumb\":{\"@id\":\"https:\/\/dental.pet\/pt\/para-veterinario\/a-jornada-dentaria\/#breadcrumb\"},\"inLanguage\":\"en-GB\",\"potentialAction\":[{\"@type\":\"ReadAction\",\"target\":[\"https:\/\/dental.pet\/pt\/para-veterinario\/a-jornada-dentaria\/\"]}]},{\"@type\":\"BreadcrumbList\",\"@id\":\"https:\/\/dental.pet\/pt\/para-veterinario\/a-jornada-dentaria\/#breadcrumb\",\"itemListElement\":[{\"@type\":\"ListItem\",\"position\":1,\"name\":\"Dental Pet by Ecuphar para Veterin\u00e1rios\",\"item\":\"https:\/\/dental.pet\/pt\/para-veterinario\/\"},{\"@type\":\"ListItem\",\"position\":2,\"name\":\"A jornada dent\u00e1ria\"}]},{\"@type\":\"WebSite\",\"@id\":\"https:\/\/dental.pet\/pt\/#website\",\"url\":\"https:\/\/dental.pet\/pt\/\",\"name\":\"Portugal\",\"description\":\"Bem-vindo ao Dental Pet\",\"potentialAction\":[{\"@type\":\"SearchAction\",\"target\":{\"@type\":\"EntryPoint\",\"urlTemplate\":\"https:\/\/dental.pet\/pt\/?s={search_term_string}\"},\"query-input\":{\"@type\":\"PropertyValueSpecification\",\"valueRequired\":true,\"valueName\":\"search_term_string\"}}],\"inLanguage\":\"en-GB\"}]}<\/script>\n<!-- \/ Yoast SEO plugin. -->","yoast_head_json":{"title":"A jornada dent\u00e1ria - Veterin\u00e1rios | Pet Dental PT","description":"A jornada dent\u00e1ria. Informa\u00e7\u00f5es para profissionais de sa\u00fade animal sobre as fases da jornada dent\u00e1ria e como recomendar os produtos de cuidados dent\u00e1rios adequados. Pet Dental PT","robots":{"index":"index","follow":"follow","max-snippet":"max-snippet:-1","max-image-preview":"max-image-preview:large","max-video-preview":"max-video-preview:-1"},"canonical":"https:\/\/dental.pet\/pt\/para-veterinario\/a-jornada-dentaria\/","og_locale":"en_GB","og_type":"article","og_title":"A jornada dent\u00e1ria - Veterin\u00e1rios | Pet Dental PT","og_description":"A jornada dent\u00e1ria. Informa\u00e7\u00f5es para profissionais de sa\u00fade animal sobre as fases da jornada dent\u00e1ria e como recomendar os produtos de cuidados dent\u00e1rios adequados. Pet Dental PT","og_url":"https:\/\/dental.pet\/pt\/para-veterinario\/a-jornada-dentaria\/","og_site_name":"Portugal","article_modified_time":"2023-11-07T16:09:21+00:00","twitter_card":"summary_large_image","twitter_misc":{"Estimated reading time":"3 minutes"},"schema":{"@context":"https:\/\/schema.org","@graph":[{"@type":"WebPage","@id":"https:\/\/dental.pet\/pt\/para-veterinario\/a-jornada-dentaria\/","url":"https:\/\/dental.pet\/pt\/para-veterinario\/a-jornada-dentaria\/","name":"A jornada dent\u00e1ria - Veterin\u00e1rios | Pet Dental PT","isPartOf":{"@id":"https:\/\/dental.pet\/pt\/#website"},"datePublished":"2021-12-21T19:54:53+00:00","dateModified":"2023-11-07T16:09:21+00:00","description":"A jornada dent\u00e1ria. Informa\u00e7\u00f5es para profissionais de sa\u00fade animal sobre as fases da jornada dent\u00e1ria e como recomendar os produtos de cuidados dent\u00e1rios adequados. Pet Dental PT","breadcrumb":{"@id":"https:\/\/dental.pet\/pt\/para-veterinario\/a-jornada-dentaria\/#breadcrumb"},"inLanguage":"en-GB","potentialAction":[{"@type":"ReadAction","target":["https:\/\/dental.pet\/pt\/para-veterinario\/a-jornada-dentaria\/"]}]},{"@type":"BreadcrumbList","@id":"https:\/\/dental.pet\/pt\/para-veterinario\/a-jornada-dentaria\/#breadcrumb","itemListElement":[{"@type":"ListItem","position":1,"name":"Dental Pet by Ecuphar para Veterin\u00e1rios","item":"https:\/\/dental.pet\/pt\/para-veterinario\/"},{"@type":"ListItem","position":2,"name":"A jornada dent\u00e1ria"}]},{"@type":"WebSite","@id":"https:\/\/dental.pet\/pt\/#website","url":"https:\/\/dental.pet\/pt\/","name":"Portugal","description":"Bem-vindo ao Dental Pet","potentialAction":[{"@type":"SearchAction","target":{"@type":"EntryPoint","urlTemplate":"https:\/\/dental.pet\/pt\/?s={search_term_string}"},"query-input":{"@type":"PropertyValueSpecification","valueRequired":true,"valueName":"search_term_string"}}],"inLanguage":"en-GB"}]}},"_links":{"self":[{"href":"https:\/\/dental.pet\/pt\/wp-json\/wp\/v2\/pages\/3682","targetHints":{"allow":["GET"]}}],"collection":[{"href":"https:\/\/dental.pet\/pt\/wp-json\/wp\/v2\/pages"}],"about":[{"href":"https:\/\/dental.pet\/pt\/wp-json\/wp\/v2\/types\/page"}],"author":[{"embeddable":true,"href":"https:\/\/dental.pet\/pt\/wp-json\/wp\/v2\/users\/2"}],"replies":[{"embeddable":true,"href":"https:\/\/dental.pet\/pt\/wp-json\/wp\/v2\/comments?post=3682"}],"version-history":[{"count":7,"href":"https:\/\/dental.pet\/pt\/wp-json\/wp\/v2\/pages\/3682\/revisions"}],"predecessor-version":[{"id":6433,"href":"https:\/\/dental.pet\/pt\/wp-json\/wp\/v2\/pages\/3682\/revisions\/6433"}],"up":[{"embeddable":true,"href":"https:\/\/dental.pet\/pt\/wp-json\/wp\/v2\/pages\/3809"}],"wp:attachment":[{"href":"https:\/\/dental.pet\/pt\/wp-json\/wp\/v2\/media?parent=3682"}],"curies":[{"name":"wp","href":"https:\/\/api.w.org\/{rel}","templated":true}]}}