{"id":3679,"date":"2021-12-21T19:53:57","date_gmt":"2021-12-21T19:53:57","guid":{"rendered":"http:\/\/dental.onpressidium.com\/?page_id=3679"},"modified":"2023-06-23T16:05:44","modified_gmt":"2023-06-23T16:05:44","slug":"faqs","status":"publish","type":"page","link":"https:\/\/dental.pet\/pt\/para-tutores\/faqs\/","title":{"rendered":"FAQS"},"content":{"rendered":"<div class=\"wpb-content-wrapper\"><p>[vc_row row_height_percent=&#8221;65&#8243; override_padding=&#8221;yes&#8221; h_padding=&#8221;2&#8243; top_padding=&#8221;4&#8243; bottom_padding=&#8221;4&#8243; back_image=&#8221;3788&#8243; back_position=&#8221;center top&#8221; overlay_alpha=&#8221;50&#8243; gutter_size=&#8221;3&#8243; column_width_percent=&#8221;100&#8243; shift_y=&#8221;0&#8243; z_index=&#8221;0&#8243; medium_visibility=&#8221;yes&#8221; mobile_visibility=&#8221;yes&#8221; uncode_shortcode_id=&#8221;155601&#8243;][vc_column column_width_percent=&#8221;100&#8243; position_vertical=&#8221;middle&#8221; gutter_size=&#8221;2&#8243; overlay_alpha=&#8221;50&#8243; shift_x=&#8221;0&#8243; shift_y=&#8221;0&#8243; shift_y_down=&#8221;0&#8243; z_index=&#8221;0&#8243; medium_width=&#8221;0&#8243; mobile_width=&#8221;0&#8243; css_animation=&#8221;bottom-t-top&#8221; width=&#8221;7\/12&#8243; uncode_shortcode_id=&#8221;497497&#8243; el_class=&#8221;z-index1&#8243;][vc_custom_heading text_color=&#8221;color-197188&#8243; heading_semantic=&#8221;div&#8221; text_size=&#8221;fontsize-158891&#8243; text_weight=&#8221;700&#8243; uncode_shortcode_id=&#8221;118254&#8243; text_color_type=&#8221;uncode-palette&#8221;]Quest\u00f5es<br \/>\nfrequentes<br \/>\n(FAQs)[\/vc_custom_heading][\/vc_column][vc_column width=&#8221;5\/12&#8243;][\/vc_column][\/vc_row][vc_row row_height_percent=&#8221;80&#8243; override_padding=&#8221;yes&#8221; h_padding=&#8221;0&#8243; top_padding=&#8221;0&#8243; bottom_padding=&#8221;4&#8243; back_image=&#8221;1420&#8243; back_repeat=&#8221;no-repeat&#8221; back_position=&#8221;left center&#8221; overlay_alpha=&#8221;50&#8243; gutter_size=&#8221;3&#8243; column_width_percent=&#8221;100&#8243; shift_y=&#8221;0&#8243; z_index=&#8221;0&#8243; desktop_visibility=&#8221;yes&#8221; uncode_shortcode_id=&#8221;575826&#8243; back_size=&#8221;cover&#8221;][vc_column column_width_percent=&#8221;100&#8243; position_vertical=&#8221;middle&#8221; gutter_size=&#8221;2&#8243; overlay_alpha=&#8221;50&#8243; shift_x=&#8221;0&#8243; shift_y=&#8221;0&#8243; shift_y_down=&#8221;0&#8243; z_index=&#8221;0&#8243; medium_width=&#8221;0&#8243; mobile_width=&#8221;0&#8243; css_animation=&#8221;bottom-t-top&#8221; width=&#8221;1\/1&#8243; uncode_shortcode_id=&#8221;497497&#8243; el_class=&#8221;z-index1&#8243;][vc_single_image media=&#8221;3782&#8243; media_width_percent=&#8221;100&#8243; uncode_shortcode_id=&#8221;152855&#8243;][vc_row_inner row_inner_height_percent=&#8221;0&#8243; overlay_alpha=&#8221;50&#8243; gutter_size=&#8221;3&#8243; shift_y=&#8221;0&#8243; z_index=&#8221;0&#8243; uncode_shortcode_id=&#8221;305962&#8243; css=&#8221;.vc_custom_1640124390678{padding-top: 50px !important;padding-right: 36px !important;padding-left: 36px !important;}&#8221; limit_content=&#8221;&#8221;][vc_column_inner column_width_percent=&#8221;100&#8243; gutter_size=&#8221;2&#8243; overlay_alpha=&#8221;50&#8243; shift_x=&#8221;0&#8243; shift_y=&#8221;0&#8243; shift_y_down=&#8221;0&#8243; z_index=&#8221;0&#8243; medium_width=&#8221;0&#8243; mobile_width=&#8221;0&#8243; width=&#8221;1\/1&#8243; uncode_shortcode_id=&#8221;369684&#8243;][vc_custom_heading text_color=&#8221;color-197188&#8243; heading_semantic=&#8221;div&#8221; text_size=&#8221;fontsize-158891&#8243; text_weight=&#8221;700&#8243; uncode_shortcode_id=&#8221;725607&#8243; text_color_type=&#8221;uncode-palette&#8221;]Quest\u00f5es<br \/>\nfrequentes<br \/>\n(FAQs)[\/vc_custom_heading][\/vc_column_inner][\/vc_row_inner][\/vc_column][\/vc_row][vc_row row_height_percent=&#8221;10&#8243; override_padding=&#8221;yes&#8221; h_padding=&#8221;2&#8243; top_padding=&#8221;0&#8243; bottom_padding=&#8221;0&#8243; overlay_alpha=&#8221;50&#8243; gutter_size=&#8221;3&#8243; column_width_percent=&#8221;100&#8243; shift_y=&#8221;0&#8243; z_index=&#8221;0&#8243; uncode_shortcode_id=&#8221;165171&#8243; el_id=&#8221;theWhyHome&#8221; el_class=&#8221;pc-section-shape-background-grey&#8221;][vc_column column_width_percent=&#8221;100&#8243; gutter_size=&#8221;0&#8243; overlay_alpha=&#8221;50&#8243; shift_x=&#8221;0&#8243; shift_y=&#8221;0&#8243; shift_y_down=&#8221;0&#8243; z_index=&#8221;0&#8243; medium_width=&#8221;0&#8243; mobile_width=&#8221;0&#8243; width=&#8221;1\/2&#8243; uncode_shortcode_id=&#8221;370320&#8243; css=&#8221;.vc_custom_1640124504929{padding-top: 0px !important;padding-bottom: 0px !important;}&#8221;][\/vc_column][\/vc_row][vc_row row_height_percent=&#8221;0&#8243; override_padding=&#8221;yes&#8221; h_padding=&#8221;2&#8243; top_padding=&#8221;5&#8243; bottom_padding=&#8221;4&#8243; overlay_alpha=&#8221;50&#8243; gutter_size=&#8221;3&#8243; column_width_percent=&#8221;100&#8243; shift_y=&#8221;0&#8243; z_index=&#8221;0&#8243; uncode_shortcode_id=&#8221;245998&#8243; el_class=&#8221;bg-gradient&#8221; el_id=&#8221;theFaqs&#8221;][vc_column column_width_percent=&#8221;100&#8243; gutter_size=&#8221;2&#8243; overlay_alpha=&#8221;50&#8243; shift_x=&#8221;0&#8243; shift_y=&#8221;0&#8243; shift_y_down=&#8221;0&#8243; z_index=&#8221;0&#8243; medium_width=&#8221;0&#8243; mobile_width=&#8221;0&#8243; width=&#8221;1\/1&#8243; uncode_shortcode_id=&#8221;192033&#8243; el_id=&#8221;accordion-light&#8221;][vc_custom_heading text_color=&#8221;color-xsdn&#8221; heading_semantic=&#8221;h5&#8243; text_size=&#8221;h5&#8243; uncode_shortcode_id=&#8221;164948&#8243; text_color_type=&#8221;uncode-palette&#8221; el_class=&#8221;head-bordered&#8221;]Os dentes do meu c\u00e3o\/gato parecem limpos quando olho para eles. Isso significa que n\u00e3o t\u00eam doen\u00e7a periodontal?[\/vc_custom_heading][vc_column_text text_color=&#8221;color-xsdn&#8221; uncode_shortcode_id=&#8221;484819&#8243; text_color_type=&#8221;uncode-palette&#8221;]N\u00e3o \u00e9 poss\u00edvel avaliar a presen\u00e7a de doen\u00e7a periodontal simplesmente olhando para a sua boca. Algumas das altera\u00e7\u00f5es s\u00f3 podem ser detetadas durante um exame completo \u00e0 boca com o animal sob anestesia geral, feito pelo M\u00e9dico Veterin\u00e1rio.<sup>1<\/sup><\/p>\n<p>Por isso, mesmo que os dentes do seu animal pare\u00e7am limpos, n\u00e3o \u00e9 poss\u00edvel ter a certeza de que n\u00e3o exista doen\u00e7a periodontal. Fale com o seu M\u00e9dico Veterin\u00e1rio para fazer um check up, onde o seu M\u00e9dico Veterin\u00e1rio poder\u00e1 examinar a cavidade oral e determinar quais as medidas preventivas\/corretivas adequadas ao seu c\u00e3o\/gato.[\/vc_column_text][vc_custom_heading text_color=&#8221;color-xsdn&#8221; heading_semantic=&#8221;h5&#8243; text_size=&#8221;h5&#8243; uncode_shortcode_id=&#8221;157304&#8243; text_color_type=&#8221;uncode-palette&#8221; el_class=&#8221;head-bordered&#8221;]Quais s\u00e3o os primeiros sinais de doen\u00e7a periodontal?[\/vc_custom_heading][vc_column_text text_color=&#8221;color-xsdn&#8221; uncode_shortcode_id=&#8221;406136&#8243; text_color_type=&#8221;uncode-palette&#8221; el_class=&#8221;green-bullets&#8221;]O primeiro sinal de doen\u00e7a periodontal \u00e9 geralmente o mau h\u00e1lito, que \u00e9 causada pela acumula\u00e7\u00e3o de bact\u00e9rias na boca do seu c\u00e3o ou gato.<\/p>\n<p>\u00c0 medida que a doen\u00e7a progride, outros sinais podem aparecer, incluindo:<\/p>\n<ul>\n<li>Dificuldade em comer ou beber<\/li>\n<li>Ter uma rea\u00e7\u00e3o forte ou incomum ao beber \u00e1gua fria<\/li>\n<li>Apetite caprichoso (por exemplo, preferir alimentos macios)<\/li>\n<li>Falta de apetite e perda de peso<\/li>\n<li>Esfregar as patas no focinho ou abanar a cabe\u00e7a<\/li>\n<li>Comportamento agressivo<\/li>\n<\/ul>\n<p>[\/vc_column_text][vc_custom_heading text_color=&#8221;color-xsdn&#8221; heading_semantic=&#8221;h5&#8243; text_size=&#8221;h5&#8243; uncode_shortcode_id=&#8221;434606&#8243; text_color_type=&#8221;uncode-palette&#8221; el_class=&#8221;head-bordered&#8221;]O meu c\u00e3o\/gato tem mau h\u00e1lito. \u00c9 normal?[\/vc_custom_heading][vc_column_text text_color=&#8221;color-xsdn&#8221; uncode_shortcode_id=&#8221;105883&#8243; text_color_type=&#8221;uncode-palette&#8221;]N\u00e3o, uma boca saud\u00e1vel n\u00e3o deve ter mau h\u00e1lito.<\/p>\n<p>O mau h\u00e1lito ou halitose resulta, quase sempre, da fermenta\u00e7\u00e3o de part\u00edculas alimentares na boca por bact\u00e9rias associadas \u00e0 doen\u00e7a periodontal, produzindo compostos qu\u00edmicos respons\u00e1veis pelo mau h\u00e1lito. A halitose \u00e9 muito mais do que um odor desagrad\u00e1vel, e os estudos mostram que mesmo pequenas quantidades destes compostos s\u00e3o prejudiciais aos tecidos e desempenham um papel no desenvolvimento da doen\u00e7a periodontal.<sup>2<\/sup>[\/vc_column_text][vc_custom_heading text_color=&#8221;color-xsdn&#8221; heading_semantic=&#8221;h5&#8243; text_size=&#8221;h5&#8243; uncode_shortcode_id=&#8221;545072&#8243; text_color_type=&#8221;uncode-palette&#8221; el_class=&#8221;head-bordered&#8221;]Escovar os dentes \u00e9 mais eficaz do que a alimenta\u00e7\u00e3o veterin\u00e1ria\/snacks para a higiene oral?[\/vc_custom_heading][vc_column_text text_color=&#8221;color-xsdn&#8221; uncode_shortcode_id=&#8221;163607&#8243; text_color_type=&#8221;uncode-palette&#8221;]Sim, escovar os dentes diariamente demonstrou ser tr\u00eas vezes mais eficaz no controlo da placa bacteriana em compara\u00e7\u00e3o com administra\u00e7\u00e3o di\u00e1ria de snacks ou alimenta\u00e7\u00e3o veterin\u00e1ria para a higiene oral.<sup>3<\/sup>[\/vc_column_text][vc_custom_heading text_color=&#8221;color-xsdn&#8221; heading_semantic=&#8221;h5&#8243; text_size=&#8221;h5&#8243; uncode_shortcode_id=&#8221;734698&#8243; text_color_type=&#8221;uncode-palette&#8221; el_class=&#8221;head-bordered&#8221;]Devo escovar os dentes do meu c\u00e3o\/gato todos os dias?[\/vc_custom_heading][vc_column_text text_color=&#8221;color-xsdn&#8221; uncode_shortcode_id=&#8221;113720&#8243; text_color_type=&#8221;uncode-palette&#8221;]Quanto mais vezes escovar os dentes do seu c\u00e3o\/gato, mais eficaz ser\u00e1. Um estudo revelou que escovar os dentes diariamente diminui a placa bacteriana em 37%, 25% se escovar em dias alternados e 10% se escovar uma vez por semana.<sup>4<\/sup><\/p>\n<p>Mesmo que n\u00e3o consiga escovar os dentes do seu animal todos os dias, a escovagem ter\u00e1 sempre efeito, especialmente se combinar com outros produtos higiene oral como aditivos de \u00e1gua ou snacks dent\u00edfricos nos dias em que n\u00e3o escovar.[\/vc_column_text][vc_button button_color=&#8221;color-197188&#8243; size=&#8221;btn-sm&#8221; border_width=&#8221;0&#8243; link=&#8221;url:%2Fpt%2Fpara-tutores%2Fdoencas-orais-comuns%2F|title:Common%20dental%20problems&#8221; button_color_type=&#8221;uncode-palette&#8221; el_class=&#8221;button-light btn-bigger&#8221; uncode_shortcode_id=&#8221;356912&#8243;]SAIBA MAIS SOBRE PROBLEMAS ORAIS EM ANIMAIS DE COMPANHIA>[\/vc_button][\/vc_column][\/vc_row][vc_row row_height_percent=&#8221;50&#8243; back_image=&#8221;3785&#8243; overlay_alpha=&#8221;50&#8243; gutter_size=&#8221;3&#8243; column_width_percent=&#8221;100&#8243; shift_y=&#8221;0&#8243; z_index=&#8221;0&#8243; uncode_shortcode_id=&#8221;712864&#8243; css=&#8221;.vc_custom_1640124907142{margin-top: 15px !important;}&#8221;][vc_column width=&#8221;1\/1&#8243;][\/vc_column][\/vc_row][vc_row row_height_percent=&#8221;0&#8243; override_padding=&#8221;yes&#8221; h_padding=&#8221;2&#8243; top_padding=&#8221;3&#8243; bottom_padding=&#8221;1&#8243; back_color=&#8221;color-160397&#8243; overlay_alpha=&#8221;50&#8243; gutter_size=&#8221;3&#8243; column_width_percent=&#8221;100&#8243; shift_y=&#8221;0&#8243; z_index=&#8221;0&#8243; uncode_shortcode_id=&#8221;169673&#8243; back_color_type=&#8221;uncode-palette&#8221; el_id=&#8221;foot-owner&#8221; el_class=&#8221;site-footer&#8221;][vc_column column_width_percent=&#8221;100&#8243; gutter_size=&#8221;3&#8243; style=&#8221;dark&#8221; overlay_alpha=&#8221;50&#8243; shift_x=&#8221;0&#8243; shift_y=&#8221;0&#8243; shift_y_down=&#8221;0&#8243; z_index=&#8221;0&#8243; medium_width=&#8221;0&#8243; mobile_width=&#8221;0&#8243; width=&#8221;1\/1&#8243; uncode_shortcode_id=&#8221;204189&#8243;][vc_column_text text_lead=&#8221;small&#8221; uncode_shortcode_id=&#8221;366367&#8243;]<strong>Refer\u00eancias<\/strong><\/p>\n<p class=\"p1\">1. Bellows J et al. 2019 AAHA Dental Care Guidelines for Dogs and Cats. J Am Anim Hosp Assoc 2019;55(2):49\u201369. 2. Mateo A et al.\u00a0Evaluation of efficacy of a dental chew to reduce gingivitis, dental plaque, calculus, and halitosis in toy breed dogs. J Vet Dent\u00a02020;37(1):22\u201328. 3. Allan RM et al.\u00a0Prospective randomised blinded clinical trial assessing effectiveness of three dental plaque control methods in dogs. J Small Anim Pract\u00a02019;60(4):212\u2013217. 4. Harvey C et al. Effect of frequency of brushing teeth on plaque and calculus accumulation, and gingivitis in dogs. J Vet Dent 2015;32(1):16\u201321.<\/p>\n<p>[\/vc_column_text][\/vc_column][\/vc_row]<\/p>\n<\/div>","protected":false},"excerpt":{"rendered":"<p>[vc_row row_height_percent=&#8221;65&#8243; override_padding=&#8221;yes&#8221; h_padding=&#8221;2&#8243; top_padding=&#8221;4&#8243; bottom_padding=&#8221;4&#8243; back_image=&#8221;3788&#8243; back_position=&#8221;center top&#8221; overlay_alpha=&#8221;50&#8243; gutter_size=&#8221;3&#8243; column_width_percent=&#8221;100&#8243; shift_y=&#8221;0&#8243; z_index=&#8221;0&#8243; medium_visibility=&#8221;yes&#8221; mobile_visibility=&#8221;yes&#8221; uncode_shortcode_id=&#8221;155601&#8243;][vc_column column_width_percent=&#8221;100&#8243; position_vertical=&#8221;middle&#8221; gutter_size=&#8221;2&#8243; [&hellip;]<\/p>\n","protected":false},"author":2,"featured_media":0,"parent":3625,"menu_order":0,"comment_status":"closed","ping_status":"closed","template":"","meta":{"footnotes":""},"class_list":["post-3679","page","type-page","status-publish","hentry"],"yoast_head":"<!-- This site is optimized with the Yoast SEO plugin v24.6 - https:\/\/yoast.com\/wordpress\/plugins\/seo\/ -->\n<title>FAQs - Tutores | Pet Dental PT<\/title>\n<meta name=\"description\" content=\"Quest\u00f5es frequentes. Respostas a quest\u00f5es frequentes dos tutores sobre problemas dent\u00e1rios e a sua preven\u00e7\u00e3o em animais de companhia. Pet Dental PT\" \/>\n<meta name=\"robots\" content=\"index, follow, max-snippet:-1, max-image-preview:large, max-video-preview:-1\" \/>\n<link rel=\"canonical\" href=\"https:\/\/dental.pet\/pt\/para-tutores\/faqs\/\" \/>\n<meta property=\"og:locale\" content=\"en_GB\" \/>\n<meta property=\"og:type\" content=\"article\" \/>\n<meta property=\"og:title\" content=\"FAQs - Tutores | Pet Dental PT\" \/>\n<meta property=\"og:description\" content=\"Quest\u00f5es frequentes. Respostas a quest\u00f5es frequentes dos tutores sobre problemas dent\u00e1rios e a sua preven\u00e7\u00e3o em animais de companhia. Pet Dental PT\" \/>\n<meta property=\"og:url\" content=\"https:\/\/dental.pet\/pt\/para-tutores\/faqs\/\" \/>\n<meta property=\"og:site_name\" content=\"Portugal\" \/>\n<meta property=\"article:modified_time\" content=\"2023-06-23T16:05:44+00:00\" \/>\n<meta name=\"twitter:card\" content=\"summary_large_image\" \/>\n<meta name=\"twitter:label1\" content=\"Estimated reading time\" \/>\n\t<meta name=\"twitter:data1\" content=\"4 minutes\" \/>\n<script type=\"application\/ld+json\" class=\"yoast-schema-graph\">{\"@context\":\"https:\/\/schema.org\",\"@graph\":[{\"@type\":\"WebPage\",\"@id\":\"https:\/\/dental.pet\/pt\/para-tutores\/faqs\/\",\"url\":\"https:\/\/dental.pet\/pt\/para-tutores\/faqs\/\",\"name\":\"FAQs - Tutores | Pet Dental PT\",\"isPartOf\":{\"@id\":\"https:\/\/dental.pet\/pt\/#website\"},\"datePublished\":\"2021-12-21T19:53:57+00:00\",\"dateModified\":\"2023-06-23T16:05:44+00:00\",\"description\":\"Quest\u00f5es frequentes. Respostas a quest\u00f5es frequentes dos tutores sobre problemas dent\u00e1rios e a sua preven\u00e7\u00e3o em animais de companhia. Pet Dental PT\",\"breadcrumb\":{\"@id\":\"https:\/\/dental.pet\/pt\/para-tutores\/faqs\/#breadcrumb\"},\"inLanguage\":\"en-GB\",\"potentialAction\":[{\"@type\":\"ReadAction\",\"target\":[\"https:\/\/dental.pet\/pt\/para-tutores\/faqs\/\"]}]},{\"@type\":\"BreadcrumbList\",\"@id\":\"https:\/\/dental.pet\/pt\/para-tutores\/faqs\/#breadcrumb\",\"itemListElement\":[{\"@type\":\"ListItem\",\"position\":1,\"name\":\"Dental Pet by Ecuphar para Tutores\",\"item\":\"https:\/\/dental.pet\/pt\/para-tutores\/\"},{\"@type\":\"ListItem\",\"position\":2,\"name\":\"FAQS\"}]},{\"@type\":\"WebSite\",\"@id\":\"https:\/\/dental.pet\/pt\/#website\",\"url\":\"https:\/\/dental.pet\/pt\/\",\"name\":\"Portugal\",\"description\":\"Bem-vindo ao Dental Pet\",\"potentialAction\":[{\"@type\":\"SearchAction\",\"target\":{\"@type\":\"EntryPoint\",\"urlTemplate\":\"https:\/\/dental.pet\/pt\/?s={search_term_string}\"},\"query-input\":{\"@type\":\"PropertyValueSpecification\",\"valueRequired\":true,\"valueName\":\"search_term_string\"}}],\"inLanguage\":\"en-GB\"}]}<\/script>\n<!-- \/ Yoast SEO plugin. -->","yoast_head_json":{"title":"FAQs - Tutores | Pet Dental PT","description":"Quest\u00f5es frequentes. Respostas a quest\u00f5es frequentes dos tutores sobre problemas dent\u00e1rios e a sua preven\u00e7\u00e3o em animais de companhia. Pet Dental PT","robots":{"index":"index","follow":"follow","max-snippet":"max-snippet:-1","max-image-preview":"max-image-preview:large","max-video-preview":"max-video-preview:-1"},"canonical":"https:\/\/dental.pet\/pt\/para-tutores\/faqs\/","og_locale":"en_GB","og_type":"article","og_title":"FAQs - Tutores | Pet Dental PT","og_description":"Quest\u00f5es frequentes. Respostas a quest\u00f5es frequentes dos tutores sobre problemas dent\u00e1rios e a sua preven\u00e7\u00e3o em animais de companhia. Pet Dental PT","og_url":"https:\/\/dental.pet\/pt\/para-tutores\/faqs\/","og_site_name":"Portugal","article_modified_time":"2023-06-23T16:05:44+00:00","twitter_card":"summary_large_image","twitter_misc":{"Estimated reading time":"4 minutes"},"schema":{"@context":"https:\/\/schema.org","@graph":[{"@type":"WebPage","@id":"https:\/\/dental.pet\/pt\/para-tutores\/faqs\/","url":"https:\/\/dental.pet\/pt\/para-tutores\/faqs\/","name":"FAQs - Tutores | Pet Dental PT","isPartOf":{"@id":"https:\/\/dental.pet\/pt\/#website"},"datePublished":"2021-12-21T19:53:57+00:00","dateModified":"2023-06-23T16:05:44+00:00","description":"Quest\u00f5es frequentes. Respostas a quest\u00f5es frequentes dos tutores sobre problemas dent\u00e1rios e a sua preven\u00e7\u00e3o em animais de companhia. Pet Dental PT","breadcrumb":{"@id":"https:\/\/dental.pet\/pt\/para-tutores\/faqs\/#breadcrumb"},"inLanguage":"en-GB","potentialAction":[{"@type":"ReadAction","target":["https:\/\/dental.pet\/pt\/para-tutores\/faqs\/"]}]},{"@type":"BreadcrumbList","@id":"https:\/\/dental.pet\/pt\/para-tutores\/faqs\/#breadcrumb","itemListElement":[{"@type":"ListItem","position":1,"name":"Dental Pet by Ecuphar para Tutores","item":"https:\/\/dental.pet\/pt\/para-tutores\/"},{"@type":"ListItem","position":2,"name":"FAQS"}]},{"@type":"WebSite","@id":"https:\/\/dental.pet\/pt\/#website","url":"https:\/\/dental.pet\/pt\/","name":"Portugal","description":"Bem-vindo ao Dental Pet","potentialAction":[{"@type":"SearchAction","target":{"@type":"EntryPoint","urlTemplate":"https:\/\/dental.pet\/pt\/?s={search_term_string}"},"query-input":{"@type":"PropertyValueSpecification","valueRequired":true,"valueName":"search_term_string"}}],"inLanguage":"en-GB"}]}},"_links":{"self":[{"href":"https:\/\/dental.pet\/pt\/wp-json\/wp\/v2\/pages\/3679","targetHints":{"allow":["GET"]}}],"collection":[{"href":"https:\/\/dental.pet\/pt\/wp-json\/wp\/v2\/pages"}],"about":[{"href":"https:\/\/dental.pet\/pt\/wp-json\/wp\/v2\/types\/page"}],"author":[{"embeddable":true,"href":"https:\/\/dental.pet\/pt\/wp-json\/wp\/v2\/users\/2"}],"replies":[{"embeddable":true,"href":"https:\/\/dental.pet\/pt\/wp-json\/wp\/v2\/comments?post=3679"}],"version-history":[{"count":8,"href":"https:\/\/dental.pet\/pt\/wp-json\/wp\/v2\/pages\/3679\/revisions"}],"predecessor-version":[{"id":6298,"href":"https:\/\/dental.pet\/pt\/wp-json\/wp\/v2\/pages\/3679\/revisions\/6298"}],"up":[{"embeddable":true,"href":"https:\/\/dental.pet\/pt\/wp-json\/wp\/v2\/pages\/3625"}],"wp:attachment":[{"href":"https:\/\/dental.pet\/pt\/wp-json\/wp\/v2\/media?parent=3679"}],"curies":[{"name":"wp","href":"https:\/\/api.w.org\/{rel}","templated":true}]}}