{"id":3668,"date":"2021-12-21T19:51:17","date_gmt":"2021-12-21T19:51:17","guid":{"rendered":"http:\/\/dental.onpressidium.com\/?page_id=3668"},"modified":"2023-10-23T08:56:40","modified_gmt":"2023-10-23T08:56:40","slug":"qual-a-rotina-de-higiene-oral","status":"publish","type":"page","link":"https:\/\/dental.pet\/pt\/para-tutores\/qual-a-rotina-de-higiene-oral\/","title":{"rendered":"Qual a rotina de higiene oral?"},"content":{"rendered":"<div class=\"wpb-content-wrapper\"><p>[vc_row row_height_percent=&#8221;65&#8243; override_padding=&#8221;yes&#8221; h_padding=&#8221;2&#8243; top_padding=&#8221;4&#8243; bottom_padding=&#8221;4&#8243; back_image=&#8221;3740&#8243; back_position=&#8221;center top&#8221; overlay_alpha=&#8221;50&#8243; gutter_size=&#8221;3&#8243; column_width_percent=&#8221;100&#8243; shift_y=&#8221;0&#8243; z_index=&#8221;0&#8243; medium_visibility=&#8221;yes&#8221; mobile_visibility=&#8221;yes&#8221; uncode_shortcode_id=&#8221;756814&#8243;][vc_column column_width_percent=&#8221;100&#8243; position_vertical=&#8221;middle&#8221; gutter_size=&#8221;2&#8243; overlay_alpha=&#8221;50&#8243; shift_x=&#8221;0&#8243; shift_y=&#8221;0&#8243; shift_y_down=&#8221;0&#8243; z_index=&#8221;0&#8243; medium_width=&#8221;0&#8243; mobile_width=&#8221;0&#8243; css_animation=&#8221;bottom-t-top&#8221; width=&#8221;7\/12&#8243; uncode_shortcode_id=&#8221;497497&#8243; el_class=&#8221;z-index1&#8243;][vc_custom_heading text_color=&#8221;color-197188&#8243; heading_semantic=&#8221;div&#8221; text_size=&#8221;fontsize-158891&#8243; text_weight=&#8221;700&#8243; uncode_shortcode_id=&#8221;890235&#8243; text_color_type=&#8221;uncode-palette&#8221;]Qual \u00e9 a<br \/>\nmelhor rotina<br \/>\nde higiene oral<br \/>\npara o meu c\u00e3o\/gato?[\/vc_custom_heading][\/vc_column][vc_column width=&#8221;5\/12&#8243;][\/vc_column][\/vc_row][vc_row row_height_percent=&#8221;80&#8243; override_padding=&#8221;yes&#8221; h_padding=&#8221;0&#8243; top_padding=&#8221;0&#8243; bottom_padding=&#8221;4&#8243; back_image=&#8221;1420&#8243; back_repeat=&#8221;no-repeat&#8221; back_position=&#8221;left center&#8221; overlay_alpha=&#8221;50&#8243; gutter_size=&#8221;3&#8243; column_width_percent=&#8221;100&#8243; shift_y=&#8221;0&#8243; z_index=&#8221;0&#8243; desktop_visibility=&#8221;yes&#8221; uncode_shortcode_id=&#8221;575826&#8243; back_size=&#8221;cover&#8221;][vc_column column_width_percent=&#8221;100&#8243; position_vertical=&#8221;middle&#8221; gutter_size=&#8221;2&#8243; overlay_alpha=&#8221;50&#8243; shift_x=&#8221;0&#8243; shift_y=&#8221;0&#8243; shift_y_down=&#8221;0&#8243; z_index=&#8221;0&#8243; medium_width=&#8221;0&#8243; mobile_width=&#8221;0&#8243; css_animation=&#8221;bottom-t-top&#8221; width=&#8221;1\/1&#8243; uncode_shortcode_id=&#8221;497497&#8243; el_class=&#8221;z-index1&#8243;][vc_single_image media=&#8221;3746&#8243; media_width_percent=&#8221;100&#8243; uncode_shortcode_id=&#8221;167892&#8243;][vc_row_inner row_inner_height_percent=&#8221;0&#8243; overlay_alpha=&#8221;50&#8243; gutter_size=&#8221;3&#8243; shift_y=&#8221;0&#8243; z_index=&#8221;0&#8243; uncode_shortcode_id=&#8221;204880&#8243; css=&#8221;.vc_custom_1640121453037{padding-top: 50px !important;padding-right: 36px !important;padding-left: 36px !important;}&#8221; limit_content=&#8221;&#8221;][vc_column_inner column_width_percent=&#8221;100&#8243; gutter_size=&#8221;2&#8243; overlay_alpha=&#8221;50&#8243; shift_x=&#8221;0&#8243; shift_y=&#8221;0&#8243; shift_y_down=&#8221;0&#8243; z_index=&#8221;0&#8243; medium_width=&#8221;0&#8243; mobile_width=&#8221;0&#8243; width=&#8221;1\/1&#8243; uncode_shortcode_id=&#8221;369684&#8243;][vc_custom_heading text_color=&#8221;color-197188&#8243; heading_semantic=&#8221;div&#8221; text_size=&#8221;fontsize-158891&#8243; text_weight=&#8221;700&#8243; uncode_shortcode_id=&#8221;215001&#8243; text_color_type=&#8221;uncode-palette&#8221;]Qual \u00e9 a<br \/>\nmelhor rotina de<br \/>\nhigiene oral para<br \/>\no meu c\u00e3o\/gato?[\/vc_custom_heading][\/vc_column_inner][\/vc_row_inner][\/vc_column][\/vc_row][vc_row row_height_percent=&#8221;0&#8243; override_padding=&#8221;yes&#8221; h_padding=&#8221;2&#8243; top_padding=&#8221;5&#8243; bottom_padding=&#8221;5&#8243; overlay_alpha=&#8221;50&#8243; gutter_size=&#8221;3&#8243; column_width_percent=&#8221;100&#8243; shift_y=&#8221;0&#8243; z_index=&#8221;0&#8243; uncode_shortcode_id=&#8221;105515&#8243; el_id=&#8221;theWhyHome&#8221; el_class=&#8221;pc-section-shape-background-grey&#8221;][vc_column column_width_percent=&#8221;100&#8243; position_vertical=&#8221;middle&#8221; gutter_size=&#8221;3&#8243; overlay_alpha=&#8221;50&#8243; shift_x=&#8221;0&#8243; shift_y=&#8221;0&#8243; shift_y_down=&#8221;0&#8243; z_index=&#8221;0&#8243; medium_width=&#8221;0&#8243; mobile_width=&#8221;0&#8243; width=&#8221;1\/1&#8243; uncode_shortcode_id=&#8221;560473&#8243; css=&#8221;.vc_custom_1633967275694{padding-top: 30px !important;}&#8221;][vc_custom_heading text_color=&#8221;color-108211&#8243; heading_semantic=&#8221;div&#8221; text_size=&#8221;fontsize-186020&#8243; text_weight=&#8221;700&#8243; css_animation=&#8221;alpha-anim&#8221; uncode_shortcode_id=&#8221;189943&#8243; text_color_type=&#8221;uncode-palette&#8221;]Nunca \u00e9 tarde para come\u00e7ar uma rotina de higiene oral[\/vc_custom_heading][vc_column_text uncode_shortcode_id=&#8221;158350&#8243;]O melhor momento para iniciar uma rotina de higiene oral \u00e9 quando os c\u00e3es ou gatos s\u00e3o jovens, permitindo habitu\u00e1-los desde cedo. Fale com o seu M\u00e9dico Veterin\u00e1rio para que juntos consigam estabelecer uma rotina de higiene oral adaptada \u00e0s necessidades do seu animal de companhia.<\/p>\n<p>Veja aqui os diferentes tipos de produtos de higiene oral adaptados \u00e0s diferentes necessidades de cada etapa na vida do seu animal de companhia.[\/vc_column_text][\/vc_column][\/vc_row][vc_row row_height_percent=&#8221;0&#8243; override_padding=&#8221;yes&#8221; h_padding=&#8221;2&#8243; top_padding=&#8221;5&#8243; bottom_padding=&#8221;4&#8243; overlay_alpha=&#8221;50&#8243; gutter_size=&#8221;3&#8243; column_width_percent=&#8221;100&#8243; shift_y=&#8221;0&#8243; z_index=&#8221;0&#8243; uncode_shortcode_id=&#8221;104430&#8243; el_class=&#8221;bg-gradient&#8221; el_id=&#8221;theStartDental&#8221;][vc_column column_width_percent=&#8221;100&#8243; gutter_size=&#8221;2&#8243; overlay_alpha=&#8221;50&#8243; shift_x=&#8221;0&#8243; shift_y=&#8221;0&#8243; shift_y_down=&#8221;0&#8243; z_index=&#8221;0&#8243; medium_width=&#8221;0&#8243; mobile_width=&#8221;0&#8243; width=&#8221;1\/1&#8243; uncode_shortcode_id=&#8221;193273&#8243; el_id=&#8221;accordion-light&#8221;][vc_custom_heading text_color=&#8221;color-xsdn&#8221; heading_semantic=&#8221;h5&#8243; text_size=&#8221;h5&#8243; uncode_shortcode_id=&#8221;103974&#8243; el_class=&#8221;head-bordered&#8221; text_color_type=&#8221;uncode-palette&#8221;]Cachorros e gatinhos[\/vc_custom_heading][vc_icon position=&#8221;left&#8221; icon_image=&#8221;1001&#8243; media_size=&#8221;90&#8243; heading_semantic=&#8221;div&#8221; text_size=&#8221;h5&#8243; uncode_shortcode_id=&#8221;137818&#8243; el_class=&#8221;text-white&#8221;]Este \u00e9 o momento perfeito para iniciar uma rotina de higiene oral.<\/p>\n<p>&nbsp;<\/p>\n<p>Os sprays podem ser um bom primeiro passo, j\u00e1 que minimizam o contato direto com os dentes e gengivas do seu animal de companhia. As toalhitas podem ajudar o seu c\u00e3o ou gato habituar-se \u00e0 manipula\u00e7\u00e3o dos dentes e gengivas e ajudam na transi\u00e7\u00e3o para<strong> escovar os dentes <\/strong>com uma pasta. No entanto, se n\u00e3o conseguir escovar os dentes, as <strong>pastas de dentes enzim\u00e1ticas<\/strong>\u00a0podem ser uma op\u00e7\u00e3o, uma vez que n\u00e3o necessitam da escovagem para atuarem.[\/vc_icon][vc_custom_heading text_color=&#8221;color-xsdn&#8221; heading_semantic=&#8221;h5&#8243; text_size=&#8221;h5&#8243; uncode_shortcode_id=&#8221;867174&#8243; el_class=&#8221;head-bordered&#8221; text_color_type=&#8221;uncode-palette&#8221;]Snacks dent\u00e1rios e alimenta\u00e7\u00e3o dent\u00e1ria[\/vc_custom_heading][vc_icon position=&#8221;left&#8221; icon_image=&#8221;976&#8243; media_size=&#8221;90&#8243; heading_semantic=&#8221;div&#8221; text_size=&#8221;h5&#8243; uncode_shortcode_id=&#8221;489640&#8243; el_class=&#8221;text-white&#8221;]Os alimentos para cuidado oral e os snacks s\u00e3o bons para ajudar a tratar os dentes de tr\u00e1s, mas tendem a n\u00e3o tratar os dentes da frente.<\/p>\n<p>&nbsp;<\/p>\n<p>Os snacks e a alimenta\u00e7\u00e3o dent\u00e1ria s\u00e3o portanto um bom complemento \u00e0 escovagem com <strong>pasta de dentes.<\/strong>[\/vc_icon][vc_custom_heading text_color=&#8221;color-xsdn&#8221; heading_semantic=&#8221;h5&#8243; text_size=&#8221;h5&#8243; uncode_shortcode_id=&#8221;436347&#8243; el_class=&#8221;head-bordered&#8221; text_color_type=&#8221;uncode-palette&#8221;]Prefere n\u00e3o escovar os dentes todos os dias[\/vc_custom_heading][vc_icon position=&#8221;left&#8221; icon_image=&#8221;979&#8243; media_size=&#8221;90&#8243; heading_semantic=&#8221;div&#8221; text_size=&#8221;h5&#8243; uncode_shortcode_id=&#8221;776795&#8243; el_class=&#8221;text-white&#8221;]Se considerar que escovar os dentes \u00e9 uma tarefa dif\u00edcil, n\u00e3o tem de o fazer todos os dias.<\/p>\n<p>&nbsp;<\/p>\n<p>Nos dias em que n\u00e3o escova os dentes, pode utilizar produtos como snacks dent\u00e1rios para obter uma efic\u00e1cia extra sem esfor\u00e7o adicional.[\/vc_icon][vc_custom_heading text_color=&#8221;color-xsdn&#8221; heading_semantic=&#8221;h5&#8243; text_size=&#8221;h5&#8243; uncode_shortcode_id=&#8221;163169&#8243; el_class=&#8221;head-bordered&#8221; text_color_type=&#8221;uncode-palette&#8221;]Limpeza dent\u00e1ria[\/vc_custom_heading][vc_icon position=&#8221;left&#8221; icon_image=&#8221;986&#8243; media_size=&#8221;90&#8243; heading_semantic=&#8221;div&#8221; text_size=&#8221;h5&#8243; uncode_shortcode_id=&#8221;131459&#8243; el_class=&#8221;text-white&#8221;]Produtos como aditivos de \u00e1gua podem ser \u00fateis para amolecer o t\u00e1rtaro pelo menos um m\u00eas antes do procedimento. Tamb\u00e9m podem ser utilizados ap\u00f3s o procedimento quando n\u00e3o \u00e9 poss\u00edvel escovar os dentes. Poder\u00e1 tamb\u00e9m utilizar uma <strong>pasta de dentes enzim\u00e1tica<\/strong>\u00a0que n\u00e3o necessitar\u00e1 de uma escovagem para atuar[\/vc_icon][vc_button button_color=&#8221;color-197188&#8243; size=&#8221;btn-sm&#8221; hover_fx=&#8221;outlined&#8221; border_width=&#8221;0&#8243; css_animation=&#8221;alpha-anim&#8221; link=&#8221;url:%2Fpt%2Fpara-tutores%2Ffaqs%2F|title:How%20to%20brush%20your%20pet%E2%80%99s%20teeth&#8221; button_color_type=&#8221;uncode-palette&#8221; uncode_shortcode_id=&#8221;155972&#8243; el_class=&#8221;button-light btn-bigger&#8221;]Perguntas mais frequentes &gt;[\/vc_button][\/vc_column][\/vc_row][vc_row row_height_percent=&#8221;50&#8243; back_image=&#8221;3755&#8243; overlay_alpha=&#8221;50&#8243; gutter_size=&#8221;3&#8243; column_width_percent=&#8221;100&#8243; shift_y=&#8221;0&#8243; z_index=&#8221;0&#8243; uncode_shortcode_id=&#8221;207768&#8243; css=&#8221;.vc_custom_1640122804992{margin-top: 15px !important;}&#8221;][vc_column width=&#8221;1\/1&#8243;][\/vc_column][\/vc_row][vc_row row_height_percent=&#8221;0&#8243; override_padding=&#8221;yes&#8221; h_padding=&#8221;2&#8243; top_padding=&#8221;3&#8243; bottom_padding=&#8221;1&#8243; back_color=&#8221;color-160397&#8243; overlay_alpha=&#8221;50&#8243; gutter_size=&#8221;3&#8243; column_width_percent=&#8221;100&#8243; shift_y=&#8221;0&#8243; z_index=&#8221;0&#8243; uncode_shortcode_id=&#8221;169673&#8243; back_color_type=&#8221;uncode-palette&#8221; el_id=&#8221;foot-owner&#8221; el_class=&#8221;site-footer&#8221;][vc_column column_width_percent=&#8221;100&#8243; gutter_size=&#8221;3&#8243; style=&#8221;dark&#8221; overlay_alpha=&#8221;50&#8243; shift_x=&#8221;0&#8243; shift_y=&#8221;0&#8243; shift_y_down=&#8221;0&#8243; z_index=&#8221;0&#8243; medium_width=&#8221;0&#8243; mobile_width=&#8221;0&#8243; width=&#8221;1\/1&#8243; uncode_shortcode_id=&#8221;204189&#8243;][vc_column_text text_lead=&#8221;small&#8221; uncode_shortcode_id=&#8221;208888&#8243; el_class=&#8221;break-word&#8221;]<strong>Refer\u00eancias<\/strong><\/p>\n<p class=\"p1\">1. Harrison C. Dispon\u00edvel em: <a href=\"https:\/\/www.theveterinarynurse.com\/review\/article\/nutrition-and-preventative-oral-healthcare-treatments-for-canine-and-feline-patients\" target=\"_blank\" rel=\"noopener\">https:\/\/www.theveterinarynurse.com\/review\/article\/nutrition-and-preventative-oral-healthcare-treatments-for-canine-and-feline-patients<\/a> [Acedido a Janeiro<span class=\"s1\">\u00a02022<\/span>].<\/p>\n<p>[\/vc_column_text][\/vc_column][\/vc_row]<\/p>\n<\/div>","protected":false},"excerpt":{"rendered":"<p>[vc_row row_height_percent=&#8221;65&#8243; override_padding=&#8221;yes&#8221; h_padding=&#8221;2&#8243; top_padding=&#8221;4&#8243; bottom_padding=&#8221;4&#8243; back_image=&#8221;3740&#8243; back_position=&#8221;center top&#8221; overlay_alpha=&#8221;50&#8243; gutter_size=&#8221;3&#8243; column_width_percent=&#8221;100&#8243; shift_y=&#8221;0&#8243; z_index=&#8221;0&#8243; medium_visibility=&#8221;yes&#8221; mobile_visibility=&#8221;yes&#8221; uncode_shortcode_id=&#8221;756814&#8243;][vc_column column_width_percent=&#8221;100&#8243; position_vertical=&#8221;middle&#8221; gutter_size=&#8221;2&#8243; [&hellip;]<\/p>\n","protected":false},"author":2,"featured_media":0,"parent":3625,"menu_order":0,"comment_status":"closed","ping_status":"closed","template":"","meta":{"footnotes":""},"class_list":["post-3668","page","type-page","status-publish","hentry"],"yoast_head":"<!-- This site is optimized with the Yoast SEO plugin v24.6 - https:\/\/yoast.com\/wordpress\/plugins\/seo\/ -->\n<title>Qual a rotina de higiene oral? - Tutores | Pet Dental PT<\/title>\n<meta name=\"description\" content=\"Qual a rotina de higiene oral? Informa\u00e7\u00f5es para os tutores de animais de estima\u00e7\u00e3o sobre as fases da doen\u00e7a periodontal e quais os cuidados dent\u00e1rios adequados. Pet Dental PT\" \/>\n<meta name=\"robots\" content=\"index, follow, max-snippet:-1, max-image-preview:large, max-video-preview:-1\" \/>\n<link rel=\"canonical\" href=\"https:\/\/dental.pet\/pt\/para-tutores\/qual-a-rotina-de-higiene-oral\/\" \/>\n<meta property=\"og:locale\" content=\"en_GB\" \/>\n<meta property=\"og:type\" content=\"article\" \/>\n<meta property=\"og:title\" content=\"Qual a rotina de higiene oral? - Tutores | Pet Dental PT\" \/>\n<meta property=\"og:description\" content=\"Qual a rotina de higiene oral? Informa\u00e7\u00f5es para os tutores de animais de estima\u00e7\u00e3o sobre as fases da doen\u00e7a periodontal e quais os cuidados dent\u00e1rios adequados. Pet Dental PT\" \/>\n<meta property=\"og:url\" content=\"https:\/\/dental.pet\/pt\/para-tutores\/qual-a-rotina-de-higiene-oral\/\" \/>\n<meta property=\"og:site_name\" content=\"Portugal\" \/>\n<meta property=\"article:modified_time\" content=\"2023-10-23T08:56:40+00:00\" \/>\n<meta name=\"twitter:card\" content=\"summary_large_image\" \/>\n<meta name=\"twitter:label1\" content=\"Estimated reading time\" \/>\n\t<meta name=\"twitter:data1\" content=\"3 minutes\" \/>\n<script type=\"application\/ld+json\" class=\"yoast-schema-graph\">{\"@context\":\"https:\/\/schema.org\",\"@graph\":[{\"@type\":\"WebPage\",\"@id\":\"https:\/\/dental.pet\/pt\/para-tutores\/qual-a-rotina-de-higiene-oral\/\",\"url\":\"https:\/\/dental.pet\/pt\/para-tutores\/qual-a-rotina-de-higiene-oral\/\",\"name\":\"Qual a rotina de higiene oral? - Tutores | Pet Dental PT\",\"isPartOf\":{\"@id\":\"https:\/\/dental.pet\/pt\/#website\"},\"datePublished\":\"2021-12-21T19:51:17+00:00\",\"dateModified\":\"2023-10-23T08:56:40+00:00\",\"description\":\"Qual a rotina de higiene oral? Informa\u00e7\u00f5es para os tutores de animais de estima\u00e7\u00e3o sobre as fases da doen\u00e7a periodontal e quais os cuidados dent\u00e1rios adequados. Pet Dental PT\",\"breadcrumb\":{\"@id\":\"https:\/\/dental.pet\/pt\/para-tutores\/qual-a-rotina-de-higiene-oral\/#breadcrumb\"},\"inLanguage\":\"en-GB\",\"potentialAction\":[{\"@type\":\"ReadAction\",\"target\":[\"https:\/\/dental.pet\/pt\/para-tutores\/qual-a-rotina-de-higiene-oral\/\"]}]},{\"@type\":\"BreadcrumbList\",\"@id\":\"https:\/\/dental.pet\/pt\/para-tutores\/qual-a-rotina-de-higiene-oral\/#breadcrumb\",\"itemListElement\":[{\"@type\":\"ListItem\",\"position\":1,\"name\":\"Dental Pet by Ecuphar para Tutores\",\"item\":\"https:\/\/dental.pet\/pt\/para-tutores\/\"},{\"@type\":\"ListItem\",\"position\":2,\"name\":\"Qual a rotina de higiene oral?\"}]},{\"@type\":\"WebSite\",\"@id\":\"https:\/\/dental.pet\/pt\/#website\",\"url\":\"https:\/\/dental.pet\/pt\/\",\"name\":\"Portugal\",\"description\":\"Bem-vindo ao Dental Pet\",\"potentialAction\":[{\"@type\":\"SearchAction\",\"target\":{\"@type\":\"EntryPoint\",\"urlTemplate\":\"https:\/\/dental.pet\/pt\/?s={search_term_string}\"},\"query-input\":{\"@type\":\"PropertyValueSpecification\",\"valueRequired\":true,\"valueName\":\"search_term_string\"}}],\"inLanguage\":\"en-GB\"}]}<\/script>\n<!-- \/ Yoast SEO plugin. -->","yoast_head_json":{"title":"Qual a rotina de higiene oral? - Tutores | Pet Dental PT","description":"Qual a rotina de higiene oral? Informa\u00e7\u00f5es para os tutores de animais de estima\u00e7\u00e3o sobre as fases da doen\u00e7a periodontal e quais os cuidados dent\u00e1rios adequados. Pet Dental PT","robots":{"index":"index","follow":"follow","max-snippet":"max-snippet:-1","max-image-preview":"max-image-preview:large","max-video-preview":"max-video-preview:-1"},"canonical":"https:\/\/dental.pet\/pt\/para-tutores\/qual-a-rotina-de-higiene-oral\/","og_locale":"en_GB","og_type":"article","og_title":"Qual a rotina de higiene oral? - Tutores | Pet Dental PT","og_description":"Qual a rotina de higiene oral? Informa\u00e7\u00f5es para os tutores de animais de estima\u00e7\u00e3o sobre as fases da doen\u00e7a periodontal e quais os cuidados dent\u00e1rios adequados. Pet Dental PT","og_url":"https:\/\/dental.pet\/pt\/para-tutores\/qual-a-rotina-de-higiene-oral\/","og_site_name":"Portugal","article_modified_time":"2023-10-23T08:56:40+00:00","twitter_card":"summary_large_image","twitter_misc":{"Estimated reading time":"3 minutes"},"schema":{"@context":"https:\/\/schema.org","@graph":[{"@type":"WebPage","@id":"https:\/\/dental.pet\/pt\/para-tutores\/qual-a-rotina-de-higiene-oral\/","url":"https:\/\/dental.pet\/pt\/para-tutores\/qual-a-rotina-de-higiene-oral\/","name":"Qual a rotina de higiene oral? - Tutores | Pet Dental PT","isPartOf":{"@id":"https:\/\/dental.pet\/pt\/#website"},"datePublished":"2021-12-21T19:51:17+00:00","dateModified":"2023-10-23T08:56:40+00:00","description":"Qual a rotina de higiene oral? Informa\u00e7\u00f5es para os tutores de animais de estima\u00e7\u00e3o sobre as fases da doen\u00e7a periodontal e quais os cuidados dent\u00e1rios adequados. Pet Dental PT","breadcrumb":{"@id":"https:\/\/dental.pet\/pt\/para-tutores\/qual-a-rotina-de-higiene-oral\/#breadcrumb"},"inLanguage":"en-GB","potentialAction":[{"@type":"ReadAction","target":["https:\/\/dental.pet\/pt\/para-tutores\/qual-a-rotina-de-higiene-oral\/"]}]},{"@type":"BreadcrumbList","@id":"https:\/\/dental.pet\/pt\/para-tutores\/qual-a-rotina-de-higiene-oral\/#breadcrumb","itemListElement":[{"@type":"ListItem","position":1,"name":"Dental Pet by Ecuphar para Tutores","item":"https:\/\/dental.pet\/pt\/para-tutores\/"},{"@type":"ListItem","position":2,"name":"Qual a rotina de higiene oral?"}]},{"@type":"WebSite","@id":"https:\/\/dental.pet\/pt\/#website","url":"https:\/\/dental.pet\/pt\/","name":"Portugal","description":"Bem-vindo ao Dental Pet","potentialAction":[{"@type":"SearchAction","target":{"@type":"EntryPoint","urlTemplate":"https:\/\/dental.pet\/pt\/?s={search_term_string}"},"query-input":{"@type":"PropertyValueSpecification","valueRequired":true,"valueName":"search_term_string"}}],"inLanguage":"en-GB"}]}},"_links":{"self":[{"href":"https:\/\/dental.pet\/pt\/wp-json\/wp\/v2\/pages\/3668","targetHints":{"allow":["GET"]}}],"collection":[{"href":"https:\/\/dental.pet\/pt\/wp-json\/wp\/v2\/pages"}],"about":[{"href":"https:\/\/dental.pet\/pt\/wp-json\/wp\/v2\/types\/page"}],"author":[{"embeddable":true,"href":"https:\/\/dental.pet\/pt\/wp-json\/wp\/v2\/users\/2"}],"replies":[{"embeddable":true,"href":"https:\/\/dental.pet\/pt\/wp-json\/wp\/v2\/comments?post=3668"}],"version-history":[{"count":6,"href":"https:\/\/dental.pet\/pt\/wp-json\/wp\/v2\/pages\/3668\/revisions"}],"predecessor-version":[{"id":6400,"href":"https:\/\/dental.pet\/pt\/wp-json\/wp\/v2\/pages\/3668\/revisions\/6400"}],"up":[{"embeddable":true,"href":"https:\/\/dental.pet\/pt\/wp-json\/wp\/v2\/pages\/3625"}],"wp:attachment":[{"href":"https:\/\/dental.pet\/pt\/wp-json\/wp\/v2\/media?parent=3668"}],"curies":[{"name":"wp","href":"https:\/\/api.w.org\/{rel}","templated":true}]}}