{"id":3665,"date":"2021-12-21T19:31:32","date_gmt":"2021-12-21T19:31:32","guid":{"rendered":"https:\/\/dental.onpressidium.com\/?page_id=3665"},"modified":"2023-10-23T08:55:49","modified_gmt":"2023-10-23T08:55:49","slug":"doencas-orais-comuns","status":"publish","type":"page","link":"https:\/\/dental.pet\/pt\/para-tutores\/doencas-orais-comuns\/","title":{"rendered":"Problemas orais comuns"},"content":{"rendered":"<div class=\"wpb-content-wrapper\"><p>[vc_row row_height_percent=&#8221;65&#8243; override_padding=&#8221;yes&#8221; h_padding=&#8221;2&#8243; top_padding=&#8221;4&#8243; bottom_padding=&#8221;4&#8243; back_image=&#8221;2891&#8243; back_position=&#8221;center top&#8221; overlay_alpha=&#8221;50&#8243; gutter_size=&#8221;3&#8243; column_width_percent=&#8221;100&#8243; shift_y=&#8221;0&#8243; z_index=&#8221;0&#8243; medium_visibility=&#8221;yes&#8221; mobile_visibility=&#8221;yes&#8221; uncode_shortcode_id=&#8221;190830&#8243;][vc_column column_width_percent=&#8221;100&#8243; position_vertical=&#8221;middle&#8221; gutter_size=&#8221;2&#8243; overlay_alpha=&#8221;50&#8243; shift_x=&#8221;0&#8243; shift_y=&#8221;0&#8243; shift_y_down=&#8221;0&#8243; z_index=&#8221;0&#8243; medium_width=&#8221;0&#8243; mobile_width=&#8221;0&#8243; css_animation=&#8221;bottom-t-top&#8221; width=&#8221;7\/12&#8243; uncode_shortcode_id=&#8221;497497&#8243; el_class=&#8221;z-index1&#8243;][vc_custom_heading text_color=&#8221;color-197188&#8243; heading_semantic=&#8221;div&#8221; text_size=&#8221;fontsize-158891&#8243; text_weight=&#8221;700&#8243; uncode_shortcode_id=&#8221;203985&#8243; text_color_type=&#8221;uncode-palette&#8221;]As doen\u00e7as dent\u00e1rias mais comuns em animais de companhia[\/vc_custom_heading][\/vc_column][vc_column width=&#8221;5\/12&#8243;][\/vc_column][\/vc_row][vc_row row_height_percent=&#8221;80&#8243; override_padding=&#8221;yes&#8221; h_padding=&#8221;0&#8243; top_padding=&#8221;0&#8243; bottom_padding=&#8221;4&#8243; back_image=&#8221;1420&#8243; back_repeat=&#8221;no-repeat&#8221; back_position=&#8221;left center&#8221; overlay_alpha=&#8221;50&#8243; gutter_size=&#8221;3&#8243; column_width_percent=&#8221;100&#8243; shift_y=&#8221;0&#8243; z_index=&#8221;0&#8243; desktop_visibility=&#8221;yes&#8221; uncode_shortcode_id=&#8221;575826&#8243; back_size=&#8221;cover&#8221;][vc_column column_width_percent=&#8221;100&#8243; position_vertical=&#8221;middle&#8221; gutter_size=&#8221;2&#8243; overlay_alpha=&#8221;50&#8243; shift_x=&#8221;0&#8243; shift_y=&#8221;0&#8243; shift_y_down=&#8221;0&#8243; z_index=&#8221;0&#8243; medium_width=&#8221;0&#8243; mobile_width=&#8221;0&#8243; css_animation=&#8221;bottom-t-top&#8221; width=&#8221;1\/1&#8243; uncode_shortcode_id=&#8221;497497&#8243; el_class=&#8221;z-index1&#8243;][vc_single_image media=&#8221;83&#8243; media_width_percent=&#8221;100&#8243; uncode_shortcode_id=&#8221;172547&#8243;][vc_row_inner row_inner_height_percent=&#8221;0&#8243; overlay_alpha=&#8221;50&#8243; gutter_size=&#8221;3&#8243; shift_y=&#8221;0&#8243; z_index=&#8221;0&#8243; uncode_shortcode_id=&#8221;102213&#8243; css=&#8221;.vc_custom_1640120085645{padding-top: 50px !important;padding-right: 36px !important;padding-left: 36px !important;}&#8221; limit_content=&#8221;&#8221;][vc_column_inner column_width_percent=&#8221;100&#8243; gutter_size=&#8221;2&#8243; overlay_alpha=&#8221;50&#8243; shift_x=&#8221;0&#8243; shift_y=&#8221;0&#8243; shift_y_down=&#8221;0&#8243; z_index=&#8221;0&#8243; medium_width=&#8221;0&#8243; mobile_width=&#8221;0&#8243; width=&#8221;1\/1&#8243; uncode_shortcode_id=&#8221;369684&#8243;][vc_custom_heading text_color=&#8221;color-197188&#8243; heading_semantic=&#8221;div&#8221; text_size=&#8221;fontsize-158891&#8243; text_weight=&#8221;700&#8243; uncode_shortcode_id=&#8221;858983&#8243; text_color_type=&#8221;uncode-palette&#8221;]As doen\u00e7as dent\u00e1rias mais comuns em animais de companhia[\/vc_custom_heading][\/vc_column_inner][\/vc_row_inner][\/vc_column][\/vc_row][vc_row row_height_percent=&#8221;0&#8243; override_padding=&#8221;yes&#8221; h_padding=&#8221;2&#8243; top_padding=&#8221;5&#8243; bottom_padding=&#8221;5&#8243; overlay_alpha=&#8221;50&#8243; gutter_size=&#8221;3&#8243; column_width_percent=&#8221;100&#8243; shift_y=&#8221;0&#8243; z_index=&#8221;0&#8243; uncode_shortcode_id=&#8221;105515&#8243; el_id=&#8221;theWhyHome&#8221; el_class=&#8221;pc-section-shape-background-grey&#8221;][vc_column column_width_percent=&#8221;100&#8243; position_vertical=&#8221;middle&#8221; gutter_size=&#8221;3&#8243; overlay_alpha=&#8221;50&#8243; shift_x=&#8221;0&#8243; shift_y=&#8221;0&#8243; shift_y_down=&#8221;0&#8243; z_index=&#8221;0&#8243; medium_width=&#8221;0&#8243; mobile_width=&#8221;0&#8243; width=&#8221;1\/1&#8243; uncode_shortcode_id=&#8221;560473&#8243; css=&#8221;.vc_custom_1633967275694{padding-top: 30px !important;}&#8221;][vc_custom_heading text_color=&#8221;color-108211&#8243; heading_semantic=&#8221;div&#8221; text_size=&#8221;fontsize-158891&#8243; text_weight=&#8221;700&#8243; css_animation=&#8221;alpha-anim&#8221; uncode_shortcode_id=&#8221;153077&#8243; text_color_type=&#8221;uncode-palette&#8221;]Por que \u00e9 que a higiene oral di\u00e1ria dos nossos c\u00e3es e gatos \u00e9 t\u00e3o importante?[\/vc_custom_heading][vc_column_text text_color=&#8221;color-prif&#8221; uncode_shortcode_id=&#8221;169955&#8243; text_color_type=&#8221;uncode-palette&#8221;]<\/p>\n<p style=\"font-size: 20px;\">Sabia que os doen\u00e7as orais mais comuns em animais de companhia s\u00e3o diferentes das observadas em humanos?<sup>1,2<\/sup><\/p>\n<p>\u00c9 verdade! Enquanto os principais problemas para os humanos s\u00e3o a c\u00e1ries dent\u00e1rias, a doen\u00e7a periodontal \u00e9 mais frequente nos c\u00e3es e gatos.<sup>1\u20133<\/sup> A doen\u00e7a periodontal \u00e9 t\u00e3o comum que afeta a grande maioria dos c\u00e3es e gatos com mais de 3 anos.<sup>4<\/sup>[\/vc_column_text][vc_row_inner row_inner_height_percent=&#8221;0&#8243; overlay_alpha=&#8221;50&#8243; equal_height=&#8221;yes&#8221; gutter_size=&#8221;0&#8243; shift_y=&#8221;0&#8243; z_index=&#8221;0&#8243; limit_content=&#8221;&#8221; uncode_shortcode_id=&#8221;111127&#8243;][vc_column_inner column_width_percent=&#8221;100&#8243; gutter_size=&#8221;3&#8243; back_color=&#8221;color-197188&#8243; overlay_alpha=&#8221;50&#8243; shift_x=&#8221;0&#8243; shift_y=&#8221;0&#8243; shift_y_down=&#8221;0&#8243; z_index=&#8221;0&#8243; medium_width=&#8221;0&#8243; mobile_width=&#8221;0&#8243; width=&#8221;1\/2&#8243; uncode_shortcode_id=&#8221;114241&#8243; back_color_type=&#8221;uncode-palette&#8221; el_class=&#8221;grid-column&#8221;][vc_icon icon_image=&#8221;604&#8243; media_size=&#8221;95&#8243; uncode_shortcode_id=&#8221;306611&#8243; title=&#8221;9 em cada 10 c\u00e3es adultos&#8221; el_class=&#8221;icon-center&#8221;][\/vc_icon][vc_icon icon_image=&#8221;601&#8243; media_size=&#8221;80&#8243; uncode_shortcode_id=&#8221;142947&#8243; title=&#8221;7 em cada 10 gatos adultos&#8221; el_class=&#8221;icon-center&#8221;][\/vc_icon][vc_column_text text_color=&#8221;color-108211&#8243; uncode_shortcode_id=&#8221;149231&#8243; text_color_type=&#8221;uncode-palette&#8221; el_class=&#8221;grid-column-last&#8221;]A doen\u00e7a periodontal ocorre quando os tecidos que envolvem os dentes ficam infetados e inflamados. A infe\u00e7\u00e3o come\u00e7a na gengiva (gengivite), mas se n\u00e3o tratada, a infe\u00e7\u00e3o alastra mais profundamente no alv\u00e9olo do dente, destruindo o osso alveolar. O dente fica solto e pode acabar por cair.<sup>1<\/sup>[\/vc_column_text][\/vc_column_inner][vc_column_inner column_width_percent=&#8221;100&#8243; gutter_size=&#8221;3&#8243; back_image=&#8221;3632&#8243; overlay_alpha=&#8221;50&#8243; shift_x=&#8221;0&#8243; shift_y=&#8221;0&#8243; shift_y_down=&#8221;0&#8243; z_index=&#8221;0&#8243; medium_width=&#8221;0&#8243; mobile_width=&#8221;0&#8243; width=&#8221;1\/2&#8243; uncode_shortcode_id=&#8221;105916&#8243;][vc_empty_space empty_h=&#8221;5&#8243;][\/vc_column_inner][\/vc_row_inner][vc_column_text text_color=&#8221;color-prif&#8221; uncode_shortcode_id=&#8221;264919&#8243; text_color_type=&#8221;uncode-palette&#8221;]A doen\u00e7a periodontal \u00e9 mais do que apenas mau h\u00e1lito. Se n\u00e3o for tratada, pode causar <strong>dor cr\u00f3nica e desconforto severo<\/strong> ao seu c\u00e3o ou gato.<sup>5<\/sup> E como os c\u00e3es e gatos nem sempre demostram sinais de dor, \u00e9 importante que, mesmo que o seu animal esteja a comer normalmente, esteja atento porque eles podem ter dor.[\/vc_column_text][vc_button button_color=&#8221;color-197188&#8243; size=&#8221;btn-sm&#8221; border_width=&#8221;0&#8243; link=&#8221;url:%2Fpt%2Fpara-tutores%2Fqual-a-rotina-de-higiene-oral%2F|title:Which%20dental%20care%20routine%3F&#8221; button_color_type=&#8221;uncode-palette&#8221; el_class=&#8221;button-light&#8221; uncode_shortcode_id=&#8221;119423&#8243;]QUAL A MELHOR ROTINA DE HIGIENE ORAL PARA O MEU C\u00c3O OU GATO? &gt;[\/vc_button][\/vc_column][\/vc_row][vc_row row_height_percent=&#8221;0&#8243; override_padding=&#8221;yes&#8221; h_padding=&#8221;2&#8243; top_padding=&#8221;3&#8243; bottom_padding=&#8221;1&#8243; back_color=&#8221;color-160397&#8243; overlay_alpha=&#8221;50&#8243; gutter_size=&#8221;3&#8243; column_width_percent=&#8221;100&#8243; shift_y=&#8221;0&#8243; z_index=&#8221;0&#8243; uncode_shortcode_id=&#8221;169673&#8243; back_color_type=&#8221;uncode-palette&#8221; el_id=&#8221;foot-owner&#8221; el_class=&#8221;site-footer&#8221;][vc_column column_width_percent=&#8221;100&#8243; gutter_size=&#8221;3&#8243; style=&#8221;dark&#8221; overlay_alpha=&#8221;50&#8243; shift_x=&#8221;0&#8243; shift_y=&#8221;0&#8243; shift_y_down=&#8221;0&#8243; z_index=&#8221;0&#8243; medium_width=&#8221;0&#8243; mobile_width=&#8221;0&#8243; width=&#8221;1\/1&#8243; uncode_shortcode_id=&#8221;204189&#8243;][vc_column_text text_lead=&#8221;small&#8221; uncode_shortcode_id=&#8221;209183&#8243; el_class=&#8221;break-word&#8221;]<strong>Refer\u00eancias<\/strong><\/p>\n<p class=\"p1\"><span class=\"s1\">1. Hiscox L and Bellows J. Dispon\u00edvel em: <a href=\"https:\/\/vcahospitals.com\/know-your-pet\/dental-disease-in-dogs\" target=\"_blank\" rel=\"noopener\">https:\/\/vcahospitals.com\/know-your-pet\/dental-disease-in-dogs<\/a> [Acedido a Janeiro 2022]. 2. Hiscox L and Bellows J. Dispon\u00edvel em: <a href=\"https:\/\/vcahospitals.com\/know-your-pet\/dental-disease-in-cats\" target=\"_blank\" rel=\"noopener\">https:\/\/vcahospitals.com\/know-your-pet\/dental-disease-in-cats<\/a> [Acedido a Janeiro 2022<\/span><span class=\"s1\">]. 3. WHO. Dispon\u00edvel em: <a href=\"https:\/\/www.euro.who.int\/en\/health-topics\/disease-prevention\/oral-health\/data-and-statistics\" target=\"_blank\" rel=\"noopener\"><span class=\"s2\">https:\/\/www.euro.who.int\/en\/health-topics\/disease-prevention\/oral-health\/data-and-statistics<\/span><\/a> [Acedido a Janeiro 2022]. 4. Royal Veterinary College. Dispon\u00edvel em: <a href=\"https:\/\/www.rvc.ac.uk\/review\/dentistry\/Shared_Media\/pdfs\/perio_print.pdf\" target=\"_blank\" rel=\"noopener\">https:\/\/www.rvc.ac.uk\/review\/dentistry\/Shared_Media\/pdfs\/perio_print.pdf<\/a> [Acedido a Janeiro 2022]. 5. American Animal Hospital Association. Dispon\u00edvel em: <a href=\"https:\/\/www.aaha.org\/aaha-guidelines\/dental-care\/dental-care-home\/\" target=\"_blank\" rel=\"noopener\">https:\/\/www.aaha.org\/aaha-guidelines\/dental-care\/dental-care-home\/<\/a> [Acedido a Janeiro 2022].<\/span><\/p>\n<p>[\/vc_column_text][\/vc_column][\/vc_row]<\/p>\n<\/div>","protected":false},"excerpt":{"rendered":"<p>[vc_row row_height_percent=&#8221;65&#8243; override_padding=&#8221;yes&#8221; h_padding=&#8221;2&#8243; top_padding=&#8221;4&#8243; bottom_padding=&#8221;4&#8243; back_image=&#8221;2891&#8243; back_position=&#8221;center top&#8221; overlay_alpha=&#8221;50&#8243; gutter_size=&#8221;3&#8243; column_width_percent=&#8221;100&#8243; shift_y=&#8221;0&#8243; z_index=&#8221;0&#8243; medium_visibility=&#8221;yes&#8221; mobile_visibility=&#8221;yes&#8221; uncode_shortcode_id=&#8221;190830&#8243;][vc_column column_width_percent=&#8221;100&#8243; position_vertical=&#8221;middle&#8221; gutter_size=&#8221;2&#8243; [&hellip;]<\/p>\n","protected":false},"author":2,"featured_media":0,"parent":3625,"menu_order":0,"comment_status":"closed","ping_status":"closed","template":"","meta":{"footnotes":""},"class_list":["post-3665","page","type-page","status-publish","hentry"],"yoast_head":"<!-- This site is optimized with the Yoast SEO plugin v24.6 - https:\/\/yoast.com\/wordpress\/plugins\/seo\/ -->\n<title>Doen\u00e7as orais comuns em c\u00e3es e gatos - Tutores | Pet Dental PT<\/title>\n<meta name=\"description\" content=\"Doen\u00e7as orais comuns em animais de companhia. Informa\u00e7\u00f5es para tutores sobre a doen\u00e7a periodontal em c\u00e3es e gatos. Pet Dental PT\" \/>\n<meta name=\"robots\" content=\"index, follow, max-snippet:-1, max-image-preview:large, max-video-preview:-1\" \/>\n<link rel=\"canonical\" href=\"https:\/\/dental.pet\/pt\/para-tutores\/doencas-orais-comuns\/\" \/>\n<meta property=\"og:locale\" content=\"en_GB\" \/>\n<meta property=\"og:type\" content=\"article\" \/>\n<meta property=\"og:title\" content=\"Doen\u00e7as orais comuns em c\u00e3es e gatos - Tutores | Pet Dental PT\" \/>\n<meta property=\"og:description\" content=\"Doen\u00e7as orais comuns em animais de companhia. Informa\u00e7\u00f5es para tutores sobre a doen\u00e7a periodontal em c\u00e3es e gatos. Pet Dental PT\" \/>\n<meta property=\"og:url\" content=\"https:\/\/dental.pet\/pt\/para-tutores\/doencas-orais-comuns\/\" \/>\n<meta property=\"og:site_name\" content=\"Portugal\" \/>\n<meta property=\"article:modified_time\" content=\"2023-10-23T08:55:49+00:00\" \/>\n<meta name=\"twitter:card\" content=\"summary_large_image\" \/>\n<meta name=\"twitter:label1\" content=\"Estimated reading time\" \/>\n\t<meta name=\"twitter:data1\" content=\"3 minutes\" \/>\n<script type=\"application\/ld+json\" class=\"yoast-schema-graph\">{\"@context\":\"https:\/\/schema.org\",\"@graph\":[{\"@type\":\"WebPage\",\"@id\":\"https:\/\/dental.pet\/pt\/para-tutores\/doencas-orais-comuns\/\",\"url\":\"https:\/\/dental.pet\/pt\/para-tutores\/doencas-orais-comuns\/\",\"name\":\"Doen\u00e7as orais comuns em c\u00e3es e gatos - Tutores | Pet Dental PT\",\"isPartOf\":{\"@id\":\"https:\/\/dental.pet\/pt\/#website\"},\"datePublished\":\"2021-12-21T19:31:32+00:00\",\"dateModified\":\"2023-10-23T08:55:49+00:00\",\"description\":\"Doen\u00e7as orais comuns em animais de companhia. Informa\u00e7\u00f5es para tutores sobre a doen\u00e7a periodontal em c\u00e3es e gatos. Pet Dental PT\",\"breadcrumb\":{\"@id\":\"https:\/\/dental.pet\/pt\/para-tutores\/doencas-orais-comuns\/#breadcrumb\"},\"inLanguage\":\"en-GB\",\"potentialAction\":[{\"@type\":\"ReadAction\",\"target\":[\"https:\/\/dental.pet\/pt\/para-tutores\/doencas-orais-comuns\/\"]}]},{\"@type\":\"BreadcrumbList\",\"@id\":\"https:\/\/dental.pet\/pt\/para-tutores\/doencas-orais-comuns\/#breadcrumb\",\"itemListElement\":[{\"@type\":\"ListItem\",\"position\":1,\"name\":\"Dental Pet by Ecuphar para Tutores\",\"item\":\"https:\/\/dental.pet\/pt\/para-tutores\/\"},{\"@type\":\"ListItem\",\"position\":2,\"name\":\"Problemas orais comuns\"}]},{\"@type\":\"WebSite\",\"@id\":\"https:\/\/dental.pet\/pt\/#website\",\"url\":\"https:\/\/dental.pet\/pt\/\",\"name\":\"Portugal\",\"description\":\"Bem-vindo ao Dental Pet\",\"potentialAction\":[{\"@type\":\"SearchAction\",\"target\":{\"@type\":\"EntryPoint\",\"urlTemplate\":\"https:\/\/dental.pet\/pt\/?s={search_term_string}\"},\"query-input\":{\"@type\":\"PropertyValueSpecification\",\"valueRequired\":true,\"valueName\":\"search_term_string\"}}],\"inLanguage\":\"en-GB\"}]}<\/script>\n<!-- \/ Yoast SEO plugin. -->","yoast_head_json":{"title":"Doen\u00e7as orais comuns em c\u00e3es e gatos - Tutores | Pet Dental PT","description":"Doen\u00e7as orais comuns em animais de companhia. Informa\u00e7\u00f5es para tutores sobre a doen\u00e7a periodontal em c\u00e3es e gatos. Pet Dental PT","robots":{"index":"index","follow":"follow","max-snippet":"max-snippet:-1","max-image-preview":"max-image-preview:large","max-video-preview":"max-video-preview:-1"},"canonical":"https:\/\/dental.pet\/pt\/para-tutores\/doencas-orais-comuns\/","og_locale":"en_GB","og_type":"article","og_title":"Doen\u00e7as orais comuns em c\u00e3es e gatos - Tutores | Pet Dental PT","og_description":"Doen\u00e7as orais comuns em animais de companhia. Informa\u00e7\u00f5es para tutores sobre a doen\u00e7a periodontal em c\u00e3es e gatos. Pet Dental PT","og_url":"https:\/\/dental.pet\/pt\/para-tutores\/doencas-orais-comuns\/","og_site_name":"Portugal","article_modified_time":"2023-10-23T08:55:49+00:00","twitter_card":"summary_large_image","twitter_misc":{"Estimated reading time":"3 minutes"},"schema":{"@context":"https:\/\/schema.org","@graph":[{"@type":"WebPage","@id":"https:\/\/dental.pet\/pt\/para-tutores\/doencas-orais-comuns\/","url":"https:\/\/dental.pet\/pt\/para-tutores\/doencas-orais-comuns\/","name":"Doen\u00e7as orais comuns em c\u00e3es e gatos - Tutores | Pet Dental PT","isPartOf":{"@id":"https:\/\/dental.pet\/pt\/#website"},"datePublished":"2021-12-21T19:31:32+00:00","dateModified":"2023-10-23T08:55:49+00:00","description":"Doen\u00e7as orais comuns em animais de companhia. Informa\u00e7\u00f5es para tutores sobre a doen\u00e7a periodontal em c\u00e3es e gatos. Pet Dental PT","breadcrumb":{"@id":"https:\/\/dental.pet\/pt\/para-tutores\/doencas-orais-comuns\/#breadcrumb"},"inLanguage":"en-GB","potentialAction":[{"@type":"ReadAction","target":["https:\/\/dental.pet\/pt\/para-tutores\/doencas-orais-comuns\/"]}]},{"@type":"BreadcrumbList","@id":"https:\/\/dental.pet\/pt\/para-tutores\/doencas-orais-comuns\/#breadcrumb","itemListElement":[{"@type":"ListItem","position":1,"name":"Dental Pet by Ecuphar para Tutores","item":"https:\/\/dental.pet\/pt\/para-tutores\/"},{"@type":"ListItem","position":2,"name":"Problemas orais comuns"}]},{"@type":"WebSite","@id":"https:\/\/dental.pet\/pt\/#website","url":"https:\/\/dental.pet\/pt\/","name":"Portugal","description":"Bem-vindo ao Dental Pet","potentialAction":[{"@type":"SearchAction","target":{"@type":"EntryPoint","urlTemplate":"https:\/\/dental.pet\/pt\/?s={search_term_string}"},"query-input":{"@type":"PropertyValueSpecification","valueRequired":true,"valueName":"search_term_string"}}],"inLanguage":"en-GB"}]}},"_links":{"self":[{"href":"https:\/\/dental.pet\/pt\/wp-json\/wp\/v2\/pages\/3665","targetHints":{"allow":["GET"]}}],"collection":[{"href":"https:\/\/dental.pet\/pt\/wp-json\/wp\/v2\/pages"}],"about":[{"href":"https:\/\/dental.pet\/pt\/wp-json\/wp\/v2\/types\/page"}],"author":[{"embeddable":true,"href":"https:\/\/dental.pet\/pt\/wp-json\/wp\/v2\/users\/2"}],"replies":[{"embeddable":true,"href":"https:\/\/dental.pet\/pt\/wp-json\/wp\/v2\/comments?post=3665"}],"version-history":[{"count":6,"href":"https:\/\/dental.pet\/pt\/wp-json\/wp\/v2\/pages\/3665\/revisions"}],"predecessor-version":[{"id":6394,"href":"https:\/\/dental.pet\/pt\/wp-json\/wp\/v2\/pages\/3665\/revisions\/6394"}],"up":[{"embeddable":true,"href":"https:\/\/dental.pet\/pt\/wp-json\/wp\/v2\/pages\/3625"}],"wp:attachment":[{"href":"https:\/\/dental.pet\/pt\/wp-json\/wp\/v2\/media?parent=3665"}],"curies":[{"name":"wp","href":"https:\/\/api.w.org\/{rel}","templated":true}]}}