{"id":3625,"date":"2021-12-21T18:24:53","date_gmt":"2021-12-21T18:24:53","guid":{"rendered":"https:\/\/dental.onpressidium.com\/?page_id=3625"},"modified":"2023-06-23T16:08:32","modified_gmt":"2023-06-23T16:08:32","slug":"para-tutores","status":"publish","type":"page","link":"https:\/\/dental.pet\/pt\/para-tutores\/","title":{"rendered":"Dental Pet by Ecuphar para Tutores"},"content":{"rendered":"<div class=\"wpb-content-wrapper\"><p>[vc_row row_height_percent=&#8221;65&#8243; override_padding=&#8221;yes&#8221; h_padding=&#8221;2&#8243; top_padding=&#8221;2&#8243; bottom_padding=&#8221;2&#8243; back_image=&#8221;4821&#8243; back_position=&#8221;center top&#8221; overlay_alpha=&#8221;50&#8243; gutter_size=&#8221;3&#8243; column_width_percent=&#8221;100&#8243; shift_y=&#8221;0&#8243; z_index=&#8221;0&#8243; medium_visibility=&#8221;yes&#8221; mobile_visibility=&#8221;yes&#8221; uncode_shortcode_id=&#8221;175166&#8243;][vc_column column_width_percent=&#8221;100&#8243; position_vertical=&#8221;middle&#8221; gutter_size=&#8221;2&#8243; overlay_alpha=&#8221;50&#8243; shift_x=&#8221;0&#8243; shift_y=&#8221;0&#8243; shift_y_down=&#8221;0&#8243; z_index=&#8221;0&#8243; medium_width=&#8221;0&#8243; mobile_width=&#8221;0&#8243; css_animation=&#8221;bottom-t-top&#8221; width=&#8221;7\/12&#8243; uncode_shortcode_id=&#8221;497497&#8243; el_class=&#8221;z-index1&#8243;][vc_custom_heading text_color=&#8221;color-197188&#8243; heading_semantic=&#8221;div&#8221; text_size=&#8221;fontsize-158891&#8243; text_weight=&#8221;700&#8243; uncode_shortcode_id=&#8221;422662&#8243; text_color_type=&#8221;uncode-palette&#8221;]Bem-vindo ao<br \/>\nportal sobre<br \/>\na sa\u00fade oral para<br \/>\no seu pet[\/vc_custom_heading][\/vc_column][vc_column width=&#8221;5\/12&#8243;][\/vc_column][\/vc_row][vc_row row_height_percent=&#8221;80&#8243; override_padding=&#8221;yes&#8221; h_padding=&#8221;0&#8243; top_padding=&#8221;0&#8243; bottom_padding=&#8221;4&#8243; back_image=&#8221;1420&#8243; back_repeat=&#8221;no-repeat&#8221; back_position=&#8221;left center&#8221; overlay_alpha=&#8221;50&#8243; gutter_size=&#8221;3&#8243; column_width_percent=&#8221;100&#8243; shift_y=&#8221;0&#8243; z_index=&#8221;0&#8243; desktop_visibility=&#8221;yes&#8221; uncode_shortcode_id=&#8221;575826&#8243; back_size=&#8221;cover&#8221;][vc_column column_width_percent=&#8221;100&#8243; position_vertical=&#8221;middle&#8221; gutter_size=&#8221;2&#8243; overlay_alpha=&#8221;50&#8243; shift_x=&#8221;0&#8243; shift_y=&#8221;0&#8243; shift_y_down=&#8221;0&#8243; z_index=&#8221;0&#8243; medium_width=&#8221;0&#8243; mobile_width=&#8221;0&#8243; css_animation=&#8221;bottom-t-top&#8221; width=&#8221;1\/1&#8243; uncode_shortcode_id=&#8221;497497&#8243; el_class=&#8221;z-index1&#8243;][vc_single_image media=&#8221;5004&#8243; media_width_percent=&#8221;100&#8243; uncode_shortcode_id=&#8221;193493&#8243;][vc_row_inner row_inner_height_percent=&#8221;0&#8243; overlay_alpha=&#8221;50&#8243; gutter_size=&#8221;3&#8243; shift_y=&#8221;0&#8243; z_index=&#8221;0&#8243; uncode_shortcode_id=&#8221;181626&#8243; css=&#8221;.vc_custom_1635192959911{padding-right: 36px !important;padding-left: 36px !important;}&#8221; limit_content=&#8221;&#8221;][vc_column_inner column_width_percent=&#8221;100&#8243; gutter_size=&#8221;2&#8243; overlay_alpha=&#8221;50&#8243; shift_x=&#8221;0&#8243; shift_y=&#8221;0&#8243; shift_y_down=&#8221;0&#8243; z_index=&#8221;0&#8243; medium_width=&#8221;0&#8243; mobile_width=&#8221;0&#8243; width=&#8221;1\/1&#8243; uncode_shortcode_id=&#8221;178298&#8243; css=&#8221;.vc_custom_1640113309854{padding-top: 50px !important;}&#8221;][vc_custom_heading text_color=&#8221;color-197188&#8243; heading_semantic=&#8221;div&#8221; text_size=&#8221;fontsize-158891&#8243; text_weight=&#8221;700&#8243; uncode_shortcode_id=&#8221;455423&#8243; text_color_type=&#8221;uncode-palette&#8221;]Bem-vindo ao<br \/>\ndental.pet para<br \/>\no seu pet[\/vc_custom_heading][\/vc_column_inner][\/vc_row_inner][\/vc_column][\/vc_row][vc_row row_height_percent=&#8221;0&#8243; override_padding=&#8221;yes&#8221; h_padding=&#8221;2&#8243; top_padding=&#8221;5&#8243; bottom_padding=&#8221;5&#8243; overlay_alpha=&#8221;50&#8243; gutter_size=&#8221;3&#8243; column_width_percent=&#8221;100&#8243; shift_y=&#8221;0&#8243; z_index=&#8221;0&#8243; desktop_visibility=&#8221;yes&#8221; medium_visibility=&#8221;yes&#8221; mobile_visibility=&#8221;yes&#8221; uncode_shortcode_id=&#8221;813892&#8243; el_id=&#8221;theWhyHome&#8221; el_class=&#8221;pc-section-shape-background-grey&#8221;][vc_column width=&#8221;1\/2&#8243;][vc_icon icon_image=&#8221;3632&#8243; linked_title=&#8221;yes&#8221; css_animation=&#8221;alpha-anim&#8221; uncode_shortcode_id=&#8221;180444&#8243; title=&#8221;A import\u00e2ncia dos cuidados orais&#8221; link=&#8221;url:%23|rel:nofollow&#8221; el_class=&#8221;info-box-green&#8221;]Problemas dent\u00e1rios comuns&gt;[\/vc_icon][vc_icon icon_image=&#8221;3635&#8243; linked_title=&#8221;yes&#8221; css_animation=&#8221;alpha-anim&#8221; uncode_shortcode_id=&#8221;780149&#8243; title=&#8221;Escovar os dentes \u00e9 o melhor que pode fazer pela sa\u00fade oral do seu pet&#8221; link=&#8221;url:%23|rel:nofollow&#8221; el_class=&#8221;info-box-blue&#8221;]Assista ao v\u00eddeo de como escovar os dentes &gt;[\/vc_icon][\/vc_column][vc_column width=&#8221;1\/2&#8243;][vc_icon icon_image=&#8221;3629&#8243; linked_title=&#8221;yes&#8221; css_animation=&#8221;alpha-anim&#8221; uncode_shortcode_id=&#8221;474768&#8243; title=&#8221;Nunca \u00e9 tarde para uma rotina de cuidados orais&#8221; link=&#8221;url:%23|rel:nofollow&#8221; el_class=&#8221;info-box-blue&#8221;]Descubra qual a melhor rotina para si e para o seu pet &gt;[\/vc_icon][vc_icon icon_image=&#8221;3631&#8243; linked_title=&#8221;yes&#8221; css_animation=&#8221;alpha-anim&#8221; uncode_shortcode_id=&#8221;215745&#8243; title=&#8221;Saiba mais sobre cuidados de sa\u00fade oral&#8221; link=&#8221;url:%23|rel:nofollow&#8221; el_class=&#8221;info-box-green&#8221;]Leia as perguntas frequentes &gt;[\/vc_icon][\/vc_column][\/vc_row][vc_row row_height_percent=&#8221;0&#8243; override_padding=&#8221;yes&#8221; h_padding=&#8221;2&#8243; top_padding=&#8221;5&#8243; bottom_padding=&#8221;5&#8243; overlay_alpha=&#8221;50&#8243; equal_height=&#8221;yes&#8221; gutter_size=&#8221;3&#8243; column_width_percent=&#8221;100&#8243; shift_y=&#8221;0&#8243; z_index=&#8221;0&#8243; uncode_shortcode_id=&#8221;160243&#8243; el_id=&#8221;pet-own-three-boxes&#8221; el_class=&#8221;pc-section-shape-background-grey&#8221;][vc_column width=&#8221;1\/3&#8243;][vc_icon icon_image=&#8221;4803&#8243; linked_title=&#8221;yes&#8221; css_animation=&#8221;alpha-anim&#8221; uncode_shortcode_id=&#8221;411767&#8243; title=&#8221;Porque \u00e9 que os cuidados dent\u00e1rios em casa s\u00e3o t\u00e3o importantes?&#8221; link=&#8221;url:%2Fpt%2Fpara-tutores%2Fdoencas-orais-comuns%2F|title:Common%20dental%20problems|rel:nofollow&#8221; el_class=&#8221;info-box-green&#8221;]<a href=\"\/pt\/para-tutores\/doencas-orais-comuns\/\">Problemas dent\u00e1rios comuns &gt;<\/a>[\/vc_icon][\/vc_column][vc_column width=&#8221;1\/3&#8243;][vc_icon icon_image=&#8221;3629&#8243; linked_title=&#8221;yes&#8221; css_animation=&#8221;alpha-anim&#8221; animation_delay=&#8221;300&#8243; uncode_shortcode_id=&#8221;118128&#8243; title=&#8221;Nunca \u00e9 tarde para iniciar uma rotina de cuidados orais&#8221; link=&#8221;url:%2Fpt%2Fpara-tutores%2Fqual-a-rotina-de-higiene-oral%2F|title:Which%20dental%20care%20routine%3F|rel:nofollow&#8221; el_class=&#8221;info-box-blue&#8221;]<a href=\"\/pt\/para-tutores\/qual-a-rotina-de-higiene-oral\/\">Descubra a melhor rotina para si e para o seu pet &gt;<\/a>[\/vc_icon][\/vc_column][vc_column width=&#8221;1\/3&#8243;][vc_icon icon_image=&#8221;3631&#8243; linked_title=&#8221;yes&#8221; css_animation=&#8221;alpha-anim&#8221; animation_delay=&#8221;600&#8243; uncode_shortcode_id=&#8221;763422&#8243; title=&#8221;Saiba mais sobre cuidados de sa\u00fade oral&#8221; link=&#8221;url:%2Fpt%2Fpara-tutores%2Ffaqs%2F|title:FAQS|rel:nofollow&#8221; el_class=&#8221;info-box-green&#8221;]<a href=\"\/pt\/para-tutores\/faqs\/\">Leia as perguntas frequentes &gt;<\/a>[\/vc_icon][\/vc_column][\/vc_row]<\/p>\n<\/div>","protected":false},"excerpt":{"rendered":"<p>[vc_row row_height_percent=&#8221;65&#8243; override_padding=&#8221;yes&#8221; h_padding=&#8221;2&#8243; top_padding=&#8221;2&#8243; bottom_padding=&#8221;2&#8243; back_image=&#8221;4821&#8243; back_position=&#8221;center top&#8221; overlay_alpha=&#8221;50&#8243; gutter_size=&#8221;3&#8243; column_width_percent=&#8221;100&#8243; shift_y=&#8221;0&#8243; z_index=&#8221;0&#8243; medium_visibility=&#8221;yes&#8221; mobile_visibility=&#8221;yes&#8221; uncode_shortcode_id=&#8221;175166&#8243;][vc_column column_width_percent=&#8221;100&#8243; position_vertical=&#8221;middle&#8221; gutter_size=&#8221;2&#8243; [&hellip;]<\/p>\n","protected":false},"author":2,"featured_media":0,"parent":0,"menu_order":0,"comment_status":"closed","ping_status":"closed","template":"","meta":{"footnotes":""},"class_list":["post-3625","page","type-page","status-publish","hentry"],"yoast_head":"<!-- This site is optimized with the Yoast SEO plugin v24.6 - https:\/\/yoast.com\/wordpress\/plugins\/seo\/ -->\n<title>dental.pet by Ecuphar - Tutores | Pet Dental PT<\/title>\n<meta name=\"description\" content=\"dental.pet by Ecuphar - Tutores de animais de companhia. Aqui poder\u00e1 encontrar informa\u00e7\u00f5es e recursos educacionais para ajud\u00e1-lo na higiene oral do seu animal de companhia. Pet Dental PT\" \/>\n<meta name=\"robots\" content=\"index, follow, max-snippet:-1, max-image-preview:large, max-video-preview:-1\" \/>\n<link rel=\"canonical\" href=\"https:\/\/dental.pet\/pt\/para-tutores\/\" \/>\n<meta property=\"og:locale\" content=\"en_GB\" \/>\n<meta property=\"og:type\" content=\"article\" \/>\n<meta property=\"og:title\" content=\"dental.pet by Ecuphar - Tutores | Pet Dental PT\" \/>\n<meta property=\"og:description\" content=\"dental.pet by Ecuphar - Tutores de animais de companhia. Aqui poder\u00e1 encontrar informa\u00e7\u00f5es e recursos educacionais para ajud\u00e1-lo na higiene oral do seu animal de companhia. Pet Dental PT\" \/>\n<meta property=\"og:url\" content=\"https:\/\/dental.pet\/pt\/para-tutores\/\" \/>\n<meta property=\"og:site_name\" content=\"Portugal\" \/>\n<meta property=\"article:modified_time\" content=\"2023-06-23T16:08:32+00:00\" \/>\n<meta name=\"twitter:card\" content=\"summary_large_image\" \/>\n<meta name=\"twitter:label1\" content=\"Estimated reading time\" \/>\n\t<meta name=\"twitter:data1\" content=\"2 minutes\" \/>\n<script type=\"application\/ld+json\" class=\"yoast-schema-graph\">{\"@context\":\"https:\/\/schema.org\",\"@graph\":[{\"@type\":\"WebPage\",\"@id\":\"https:\/\/dental.pet\/pt\/para-tutores\/\",\"url\":\"https:\/\/dental.pet\/pt\/para-tutores\/\",\"name\":\"dental.pet by Ecuphar - Tutores | Pet Dental PT\",\"isPartOf\":{\"@id\":\"https:\/\/dental.pet\/pt\/#website\"},\"datePublished\":\"2021-12-21T18:24:53+00:00\",\"dateModified\":\"2023-06-23T16:08:32+00:00\",\"description\":\"dental.pet by Ecuphar - Tutores de animais de companhia. Aqui poder\u00e1 encontrar informa\u00e7\u00f5es e recursos educacionais para ajud\u00e1-lo na higiene oral do seu animal de companhia. Pet Dental PT\",\"inLanguage\":\"en-GB\",\"potentialAction\":[{\"@type\":\"ReadAction\",\"target\":[\"https:\/\/dental.pet\/pt\/para-tutores\/\"]}]},{\"@type\":\"WebSite\",\"@id\":\"https:\/\/dental.pet\/pt\/#website\",\"url\":\"https:\/\/dental.pet\/pt\/\",\"name\":\"Portugal\",\"description\":\"Bem-vindo ao Dental Pet\",\"potentialAction\":[{\"@type\":\"SearchAction\",\"target\":{\"@type\":\"EntryPoint\",\"urlTemplate\":\"https:\/\/dental.pet\/pt\/?s={search_term_string}\"},\"query-input\":{\"@type\":\"PropertyValueSpecification\",\"valueRequired\":true,\"valueName\":\"search_term_string\"}}],\"inLanguage\":\"en-GB\"}]}<\/script>\n<!-- \/ Yoast SEO plugin. -->","yoast_head_json":{"title":"dental.pet by Ecuphar - Tutores | Pet Dental PT","description":"dental.pet by Ecuphar - Tutores de animais de companhia. Aqui poder\u00e1 encontrar informa\u00e7\u00f5es e recursos educacionais para ajud\u00e1-lo na higiene oral do seu animal de companhia. Pet Dental PT","robots":{"index":"index","follow":"follow","max-snippet":"max-snippet:-1","max-image-preview":"max-image-preview:large","max-video-preview":"max-video-preview:-1"},"canonical":"https:\/\/dental.pet\/pt\/para-tutores\/","og_locale":"en_GB","og_type":"article","og_title":"dental.pet by Ecuphar - Tutores | Pet Dental PT","og_description":"dental.pet by Ecuphar - Tutores de animais de companhia. Aqui poder\u00e1 encontrar informa\u00e7\u00f5es e recursos educacionais para ajud\u00e1-lo na higiene oral do seu animal de companhia. Pet Dental PT","og_url":"https:\/\/dental.pet\/pt\/para-tutores\/","og_site_name":"Portugal","article_modified_time":"2023-06-23T16:08:32+00:00","twitter_card":"summary_large_image","twitter_misc":{"Estimated reading time":"2 minutes"},"schema":{"@context":"https:\/\/schema.org","@graph":[{"@type":"WebPage","@id":"https:\/\/dental.pet\/pt\/para-tutores\/","url":"https:\/\/dental.pet\/pt\/para-tutores\/","name":"dental.pet by Ecuphar - Tutores | Pet Dental PT","isPartOf":{"@id":"https:\/\/dental.pet\/pt\/#website"},"datePublished":"2021-12-21T18:24:53+00:00","dateModified":"2023-06-23T16:08:32+00:00","description":"dental.pet by Ecuphar - Tutores de animais de companhia. Aqui poder\u00e1 encontrar informa\u00e7\u00f5es e recursos educacionais para ajud\u00e1-lo na higiene oral do seu animal de companhia. Pet Dental PT","inLanguage":"en-GB","potentialAction":[{"@type":"ReadAction","target":["https:\/\/dental.pet\/pt\/para-tutores\/"]}]},{"@type":"WebSite","@id":"https:\/\/dental.pet\/pt\/#website","url":"https:\/\/dental.pet\/pt\/","name":"Portugal","description":"Bem-vindo ao Dental Pet","potentialAction":[{"@type":"SearchAction","target":{"@type":"EntryPoint","urlTemplate":"https:\/\/dental.pet\/pt\/?s={search_term_string}"},"query-input":{"@type":"PropertyValueSpecification","valueRequired":true,"valueName":"search_term_string"}}],"inLanguage":"en-GB"}]}},"_links":{"self":[{"href":"https:\/\/dental.pet\/pt\/wp-json\/wp\/v2\/pages\/3625","targetHints":{"allow":["GET"]}}],"collection":[{"href":"https:\/\/dental.pet\/pt\/wp-json\/wp\/v2\/pages"}],"about":[{"href":"https:\/\/dental.pet\/pt\/wp-json\/wp\/v2\/types\/page"}],"author":[{"embeddable":true,"href":"https:\/\/dental.pet\/pt\/wp-json\/wp\/v2\/users\/2"}],"replies":[{"embeddable":true,"href":"https:\/\/dental.pet\/pt\/wp-json\/wp\/v2\/comments?post=3625"}],"version-history":[{"count":8,"href":"https:\/\/dental.pet\/pt\/wp-json\/wp\/v2\/pages\/3625\/revisions"}],"predecessor-version":[{"id":6301,"href":"https:\/\/dental.pet\/pt\/wp-json\/wp\/v2\/pages\/3625\/revisions\/6301"}],"wp:attachment":[{"href":"https:\/\/dental.pet\/pt\/wp-json\/wp\/v2\/media?parent=3625"}],"curies":[{"name":"wp","href":"https:\/\/api.w.org\/{rel}","templated":true}]}}