{"id":2860,"date":"2021-10-25T17:21:33","date_gmt":"2021-10-25T17:21:33","guid":{"rendered":"http:\/\/dental.onpressidium.com\/?page_id=2860"},"modified":"2023-06-23T15:52:52","modified_gmt":"2023-06-23T15:52:52","slug":"cookies","status":"publish","type":"page","link":"https:\/\/dental.pet\/pt\/para-veterinario\/cookies\/","title":{"rendered":"Cookies"},"content":{"rendered":"<div class=\"wpb-content-wrapper\"><p>[vc_row row_height_percent=&#8221;33&#8243; override_padding=&#8221;yes&#8221; h_padding=&#8221;2&#8243; top_padding=&#8221;4&#8243; bottom_padding=&#8221;4&#8243; back_image=&#8221;2893&#8243; back_position=&#8221;left top&#8221; overlay_alpha=&#8221;50&#8243; gutter_size=&#8221;3&#8243; column_width_percent=&#8221;100&#8243; shift_y=&#8221;0&#8243; z_index=&#8221;0&#8243; uncode_shortcode_id=&#8221;564743&#8243;][vc_column column_width_percent=&#8221;100&#8243; position_vertical=&#8221;middle&#8221; gutter_size=&#8221;3&#8243; overlay_alpha=&#8221;50&#8243; shift_x=&#8221;0&#8243; shift_y=&#8221;0&#8243; shift_y_down=&#8221;0&#8243; z_index=&#8221;0&#8243; medium_width=&#8221;0&#8243; mobile_width=&#8221;0&#8243; css_animation=&#8221;bottom-t-top&#8221; width=&#8221;3\/4&#8243; uncode_shortcode_id=&#8221;112221&#8243; el_class=&#8221;z-index1&#8243;][vc_custom_heading text_color=&#8221;color-197188&#8243; heading_semantic=&#8221;div&#8221; text_size=&#8221;fontsize-158891&#8243; text_weight=&#8221;700&#8243; uncode_shortcode_id=&#8221;210080&#8243; text_color_type=&#8221;uncode-palette&#8221;]POL\u00cdTICA DE<br \/>\nCOOKIES[\/vc_custom_heading][\/vc_column][vc_column width=&#8221;1\/4&#8243;][\/vc_column][\/vc_row][vc_row row_height_percent=&#8221;0&#8243; override_padding=&#8221;yes&#8221; h_padding=&#8221;2&#8243; top_padding=&#8221;5&#8243; bottom_padding=&#8221;7&#8243; overlay_alpha=&#8221;50&#8243; gutter_size=&#8221;3&#8243; column_width_percent=&#8221;100&#8243; shift_y=&#8221;0&#8243; z_index=&#8221;0&#8243; uncode_shortcode_id=&#8221;178923&#8243; el_id=&#8221;accordion-dark&#8221; el_class=&#8221;pc-section-shape-background-grey&#8221;][vc_column column_width_percent=&#8221;100&#8243; position_vertical=&#8221;middle&#8221; gutter_size=&#8221;3&#8243; expand_height=&#8221;yes&#8221; overlay_alpha=&#8221;50&#8243; shift_x=&#8221;0&#8243; shift_y=&#8221;0&#8243; shift_y_down=&#8221;0&#8243; z_index=&#8221;0&#8243; medium_width=&#8221;0&#8243; mobile_width=&#8221;0&#8243; width=&#8221;1\/1&#8243; uncode_shortcode_id=&#8221;409797&#8243;][vc_column_text uncode_shortcode_id=&#8221;352390&#8243;]<strong><span class=\"TextRun SCXW222052912 BCX9\" lang=\"PT-PT\" xml:lang=\"PT-PT\" data-contrast=\"auto\"><span class=\"NormalTextRun SCXW222052912 BCX9\">Cookies e como o beneficiam<\/span><\/span><\/strong><\/p>\n<p><span class=\"TextRun SCXW62216435 BCX9\" lang=\"PT-PT\" xml:lang=\"PT-PT\" data-contrast=\"auto\"><span class=\"NormalTextRun SCXW62216435 BCX9\">O<\/span><span class=\"NormalTextRun SCXW62216435 BCX9\">s websites <\/span><span class=\"NormalTextRun SpellingErrorV2Themed SCXW62216435 BCX9\">Ecuphar<\/span><span class=\"NormalTextRun SCXW62216435 BCX9\"> utiliza<\/span><span class=\"NormalTextRun SCXW62216435 BCX9\">m<\/span><span class=\"NormalTextRun SCXW62216435 BCX9\"> cookies, como quase todos os Websites, para ajudar a proporcionar ao utilizador a melhor experi\u00eancia poss\u00edvel. Os cookies s\u00e3o pequenos ficheiros de texto que s\u00e3o colocados no seu computador ou smartphone quando navega em Websites.<\/span><\/span><\/p>\n<p><span class=\"TextRun SCXW238004730 BCX9\" lang=\"PT-PT\" xml:lang=\"PT-PT\" data-contrast=\"auto\"><span class=\"NormalTextRun SCXW238004730 BCX9\">Os nossos cookies ajudam-nos a:<\/span><\/span><\/p>\n<ul>\n<li><span class=\"TextRun SCXW118741493 BCX9\" lang=\"PT-PT\" xml:lang=\"PT-PT\" data-contrast=\"auto\"><span class=\"NormalTextRun SCXW118741493 BCX9\">Fazer com que o site d<\/span><span class=\"NormalTextRun SCXW118741493 BCX9\">a<\/span> <span class=\"NormalTextRun SpellingErrorV2Themed SCXW118741493 BCX9\">Ecupha<\/span><span class=\"NormalTextRun SpellingErrorV2Themed SCXW118741493 BCX9\">r<\/span><span class=\"NormalTextRun SCXW118741493 BCX9\"> funcione como esperado<\/span><\/span><span class=\"EOP SCXW118741493 BCX9\" data-ccp-props=\"{&quot;201341983&quot;:0,&quot;335559739&quot;:160,&quot;335559740&quot;:259}\">\u00a0<\/span><\/li>\n<li><span class=\"TextRun SCXW96949879 BCX9\" lang=\"PT-PT\" xml:lang=\"PT-PT\" data-contrast=\"auto\"><span class=\"NormalTextRun SCXW96949879 BCX9\">Recordar as suas defini\u00e7\u00f5es durante e entre visitas<\/span><\/span><span class=\"EOP SCXW96949879 BCX9\" data-ccp-props=\"{&quot;201341983&quot;:0,&quot;335559739&quot;:160,&quot;335559740&quot;:259}\">\u00a0<\/span><\/li>\n<li><span class=\"TextRun SCXW175832397 BCX9\" lang=\"PT-PT\" xml:lang=\"PT-PT\" data-contrast=\"auto\"><span class=\"NormalTextRun SCXW175832397 BCX9\">Melhorar a velocidade e a seguran\u00e7a do Website<\/span><\/span><span class=\"EOP SCXW175832397 BCX9\" data-ccp-props=\"{&quot;201341983&quot;:0,&quot;335559739&quot;:160,&quot;335559740&quot;:259}\">\u00a0<\/span><\/li>\n<li><span class=\"TextRun SCXW205028524 BCX9\" lang=\"PT-PT\" xml:lang=\"PT-PT\" data-contrast=\"auto\"><span class=\"NormalTextRun SCXW205028524 BCX9\">Melhorar continuamente o nosso Website para o utilizador<\/span><\/span><span class=\"EOP SCXW205028524 BCX9\" data-ccp-props=\"{&quot;201341983&quot;:0,&quot;335559739&quot;:160,&quot;335559740&quot;:259}\">\u00a0<\/span><\/li>\n<\/ul>\n<p><span class=\"TextRun SCXW229372452 BCX9\" lang=\"PT-PT\" xml:lang=\"PT-PT\" data-contrast=\"auto\"><span class=\"NormalTextRun SCXW229372452 BCX9\">N\u00f3s n\u00e3o usamos cookies para:<\/span><\/span><span class=\"EOP SCXW229372452 BCX9\" data-ccp-props=\"{&quot;201341983&quot;:0,&quot;335559739&quot;:160,&quot;335559740&quot;:259}\">\u00a0<\/span><\/p>\n<ul>\n<li><span class=\"TextRun SCXW177726132 BCX9\" lang=\"PT-PT\" xml:lang=\"PT-PT\" data-contrast=\"auto\"><span class=\"NormalTextRun SCXW177726132 BCX9\">Recolher qualquer informa\u00e7\u00e3o pessoal identific\u00e1vel (sem a sua autoriza\u00e7\u00e3o expressa)<\/span><\/span><\/li>\n<li><span class=\"TextRun SCXW105116086 BCX9\" lang=\"PT-PT\" xml:lang=\"PT-PT\" data-contrast=\"auto\"><span class=\"NormalTextRun SCXW105116086 BCX9\">Recolher informa\u00e7\u00f5es sens\u00edveis, tal como definidas no RGPD (UE 2016\/679) (sem a sua autoriza\u00e7\u00e3o expressa)<\/span><\/span><\/li>\n<li><span class=\"TextRun SCXW262605066 BCX9\" lang=\"PT-PT\" xml:lang=\"PT-PT\" data-contrast=\"auto\"><span class=\"NormalTextRun SCXW262605066 BCX9\">Transmitir dados de identifica\u00e7\u00e3o pessoal a terceiros<\/span><\/span><span class=\"EOP SCXW262605066 BCX9\" data-ccp-props=\"{&quot;201341983&quot;:0,&quot;335559739&quot;:160,&quot;335559740&quot;:259}\">\u00a0<\/span><\/li>\n<li><span class=\"TextRun SCXW97925029 BCX9\" lang=\"PT-PT\" xml:lang=\"PT-PT\" data-contrast=\"auto\"><span class=\"NormalTextRun SCXW97925029 BCX9\">Pagar comiss\u00f5es de vendas<\/span><\/span><\/li>\n<\/ul>\n<p><span class=\"TextRun SCXW81221969 BCX9\" lang=\"PT-PT\" xml:lang=\"PT-PT\" data-contrast=\"auto\"><span class=\"NormalTextRun SCXW81221969 BCX9\">Os cookies utilizados no URL s\u00e3o os seguintes:<\/span><\/span><span class=\"EOP SCXW81221969 BCX9\" data-ccp-props=\"{&quot;201341983&quot;:0,&quot;335559739&quot;:160,&quot;335559740&quot;:259}\">\u00a0<\/span><\/p>\n\n<table id=\"tablepress-1\" class=\"tablepress tablepress-id-1\">\n<thead>\n<tr class=\"row-1\">\n\t<th class=\"column-1\">Cookie<\/th><th class=\"column-2\">Objectivo<\/th><th class=\"column-3\">Mais informa\u00e7\u00e3o<\/th>\n<\/tr>\n<\/thead>\n<tbody class=\"row-striping row-hover\">\n<tr class=\"row-2\">\n\t<td class=\"column-1\">Sess\u00e3o<\/td><td class=\"column-2\">Permitem a manuten\u00e7\u00e3o, a funcionalidade e o fluidez da sua sess\u00e3o<\/td><td class=\"column-3\"><\/td>\n<\/tr>\n<tr class=\"row-3\">\n\t<td class=\"column-1\">Personaliza\u00e7\u00e3o<\/td><td class=\"column-2\">Permitem que o website se lembre dos utilizadores com sess\u00e3o iniciada e das suas prefer\u00eancias. Isto incluir\u00e1 se a pessoa aceitou a pol\u00edtica de cookies e o rastreamento<\/td><td class=\"column-3\"><\/td>\n<\/tr>\n<tr class=\"row-4\">\n\t<td class=\"column-1\">Google Analytics<\/td><td class=\"column-2\">Estes cookies s\u00e3o utilizados para recolher informa\u00e7\u00f5es sobre a forma como os visitantes utilizam o nosso site, que ser\u00e1 utilizado para ajudar a melhor\u00e1-lo. Os cookies recolhem informa\u00e7\u00f5es de forma an\u00f3nima, incluindo o n\u00famero de visitantes do site, a origem dos visitantes e as p\u00e1ginas que visitaram.<\/td><td class=\"column-3\">Clique aqui para obter uma vis\u00e3o geral da privacidade em Google<a href=\"https:\/\/marketingplatform.google.com\/about\/\" rel=\"noopener\" target=\"_blank\">Click here for an overview of privacy at Google<\/a><\/td>\n<\/tr>\n<\/tbody>\n<\/table>\n<!-- #tablepress-1 from cache -->\n<p><span class=\"TextRun SCXW60579346 BCX9\" lang=\"PT-PT\" xml:lang=\"PT-PT\" data-contrast=\"auto\"><span class=\"NormalTextRun SCXW60579346 BCX9\">A maioria dos navegadores Web permite o controlo dos cookies atrav\u00e9s das defini\u00e7\u00f5es do navegador. Para saber mais sobre cookies, incluindo a forma de ver que cookies foram definidos e como geri-los e elimin\u00e1-los, visite <\/span><\/span> <a href=\"http:\/\/www.allaboutcookies.org\">www.allaboutcookies.org<\/a>. <span class=\"NormalTextRun SCXW60579346 BCX9\">Para optar por n\u00e3o ser monitorizado pelo Google <\/span><span class=\"NormalTextRun SpellingErrorV2Themed SCXW60579346 BCX9\">Analytics<\/span><span class=\"NormalTextRun SCXW60579346 BCX9\"> em todos os Web sites, visite <\/span> <a href=\"http:\/\/tools.google.com\/dlpage\/gaoptout\">http:\/\/tools.google.com\/dlpage\/gaoptout<\/a><a href=\"http:\/\/tools.google.com\/dlpage\/gaoptout.\">. <\/a><\/p>\n<p><strong><span class=\"TextRun SCXW44061206 BCX9\" lang=\"PT-PT\" xml:lang=\"PT-PT\" data-contrast=\"auto\"><span class=\"NormalTextRun SCXW44061206 BCX9\">Conceder-nos autoriza\u00e7\u00e3o para utilizar cookies<\/span><\/span><span class=\"EOP SCXW44061206 BCX9\" data-ccp-props=\"{&quot;201341983&quot;:0,&quot;335559739&quot;:160,&quot;335559740&quot;:259}\">\u00a0<\/span><\/strong><\/p>\n<p><span class=\"TextRun SCXW226775153 BCX9\" lang=\"PT-PT\" xml:lang=\"PT-PT\" data-contrast=\"auto\"><span class=\"NormalTextRun SCXW226775153 BCX9\">Se as defini\u00e7\u00f5es do software que est\u00e1 a utilizar para visualizar este Web<\/span><span class=\"NormalTextRun SCXW226775153 BCX9\">site<\/span><span class=\"NormalTextRun SCXW226775153 BCX9\"> (o seu browser) estiverem ajustadas para aceitar cookies,\u00a0e que continua a utilizar o nosso Web<\/span><span class=\"NormalTextRun SCXW226775153 BCX9\">site<\/span><span class=\"NormalTextRun SCXW226775153 BCX9\">, consideramos que concorda com isso.<\/span><span class=\"NormalTextRun SCXW226775153 BCX9\">\u00a0Se pretender remover ou n\u00e3o utilizar cookies do nosso <\/span><span class=\"NormalTextRun SCXW226775153 BCX9\">Website<\/span><span class=\"NormalTextRun SCXW226775153 BCX9\">, pode saber como o fazer abaixo. No entanto, se o fizer, \u00e9 prov\u00e1vel que o nosso <\/span><span class=\"NormalTextRun SCXW226775153 BCX9\">Website <\/span><span class=\"NormalTextRun SCXW226775153 BCX9\">n\u00e3o funcione como esperado.<\/span><\/span><span class=\"EOP SCXW226775153 BCX9\" data-ccp-props=\"{&quot;201341983&quot;:0,&quot;335559739&quot;:160,&quot;335559740&quot;:259}\">\u00a0<\/span><\/p>\n<p><strong><span class=\"TextRun SCXW250036962 BCX9\" lang=\"PT-PT\" xml:lang=\"PT-PT\" data-contrast=\"auto\"><span class=\"NormalTextRun SCXW250036962 BCX9\">Mais informa\u00e7\u00f5es sobre os nossos cookies<\/span><\/span><span class=\"EOP SCXW250036962 BCX9\" data-ccp-props=\"{&quot;201341983&quot;:0,&quot;335559739&quot;:160,&quot;335559740&quot;:259}\">\u00a0<\/span><\/strong><\/p>\n<p><span class=\"TextRun SCXW92880560 BCX9\" lang=\"PT-PT\" xml:lang=\"PT-PT\" data-contrast=\"auto\"><span class=\"NormalTextRun SCXW92880560 BCX9\">Utilizamos cookies para que o nosso Web<\/span><span class=\"NormalTextRun SCXW92880560 BCX9\">site<\/span><span class=\"NormalTextRun SCXW92880560 BCX9\"> funcione, incluindo<\/span><span class=\"NormalTextRun SCXW92880560 BCX9\">:<\/span><\/span><span class=\"EOP SCXW92880560 BCX9\" data-ccp-props=\"{&quot;201341983&quot;:0,&quot;335559739&quot;:160,&quot;335559740&quot;:259}\">\u00a0<\/span><\/p>\n<ul>\n<li><span class=\"TextRun SCXW36387090 BCX9\" lang=\"PT-PT\" xml:lang=\"PT-PT\" data-contrast=\"auto\"><span class=\"NormalTextRun SCXW36387090 BCX9\">Recordar as suas defini\u00e7\u00f5es<\/span><\/span><span class=\"EOP SCXW36387090 BCX9\" data-ccp-props=\"{&quot;201341983&quot;:0,&quot;335559739&quot;:160,&quot;335559740&quot;:259}\">\u00a0<\/span><\/li>\n<\/ul>\n<p><span class=\"TextRun SCXW180612960 BCX9\" lang=\"PT-PT\" xml:lang=\"PT-PT\" data-contrast=\"auto\"><span class=\"NormalTextRun SCXW180612960 BCX9\">N\u00e3o h\u00e1 forma de impedir a utiliza\u00e7\u00e3o e a defini\u00e7\u00e3o de cookies funcionais, de personaliza\u00e7\u00e3o e de r<\/span><span class=\"NormalTextRun SCXW180612960 BCX9\">astreamento <\/span><span class=\"NormalTextRun SCXW180612960 BCX9\">an\u00f3nimo, a n\u00e3o ser n\u00e3o utilizar o nosso <\/span><span class=\"NormalTextRun SCXW180612960 BCX9\">Website<\/span><span class=\"NormalTextRun SCXW180612960 BCX9\">. O seu consentimento ser\u00e1 solicitado para qualquer rastre<\/span><span class=\"NormalTextRun SCXW180612960 BCX9\">amento <\/span><span class=\"NormalTextRun SCXW180612960 BCX9\">personalizado. Este consentimento \u00e9 capturado num cookie espec\u00edfico, como mencionado acima.<\/span><\/span><span class=\"EOP SCXW180612960 BCX9\" data-ccp-props=\"{&quot;201341983&quot;:0,&quot;335559739&quot;:160,&quot;335559740&quot;:259}\">\u00a0<\/span><\/p>\n<p><strong><span class=\"TextRun SCXW34941822 BCX9\" lang=\"PT-PT\" xml:lang=\"PT-PT\" data-contrast=\"auto\"><span class=\"NormalTextRun SCXW34941822 BCX9\">Cookies de estat\u00edsticas de visitantes an\u00f3nimos<\/span><\/span><span class=\"EOP SCXW34941822 BCX9\" data-ccp-props=\"{&quot;201341983&quot;:0,&quot;335559739&quot;:160,&quot;335559740&quot;:259}\">\u00a0<\/span><\/strong><\/p>\n<p><span class=\"TextRun SCXW4826987 BCX9\" lang=\"PT-PT\" xml:lang=\"PT-PT\" data-contrast=\"auto\"><span class=\"NormalTextRun SCXW4826987 BCX9\">Utilizamos cookies para compilar estat\u00edsticas de visitantes, tais como o n\u00famero de pessoas que visitaram o nosso Web<\/span><span class=\"NormalTextRun SCXW4826987 BCX9\">site<\/span><span class=\"NormalTextRun SCXW4826987 BCX9\">, o tipo de tecnologia que est\u00e3o a utilizar (por exemplo, Mac ou Windows), o tempo que passam no s<\/span><span class=\"NormalTextRun SCXW4826987 BCX9\">ite<\/span><span class=\"NormalTextRun SCXW4826987 BCX9\">, a<\/span><span class=\"NormalTextRun SCXW4826987 BCX9\">s<\/span><span class=\"NormalTextRun SCXW4826987 BCX9\"> p\u00e1gina<\/span><span class=\"NormalTextRun SCXW4826987 BCX9\">s<\/span><span class=\"NormalTextRun SCXW4826987 BCX9\"> que consultam, etc. Isto ajuda-nos a melhorar continuamente o nosso Web<\/span><span class=\"NormalTextRun SCXW4826987 BCX9\">site<\/span><span class=\"NormalTextRun SCXW4826987 BCX9\">. Os chamados programas &#8220;anal\u00edticos&#8221; tamb\u00e9m nos dizem, de forma an\u00f3nima, como \u00e9 que as pessoas chegaram ao nosso s<\/span><span class=\"NormalTextRun SCXW4826987 BCX9\">ite <\/span><span class=\"NormalTextRun SCXW4826987 BCX9\">(por exemplo, a partir de um motor de busca) e se j\u00e1 c\u00e1 estiveram antes, o que nos ajuda a investir mais recursos na melhoria do nosso <\/span><span class=\"NormalTextRun SpellingErrorV2Themed SCXW4826987 BCX9\">s<\/span><span class=\"NormalTextRun SpellingErrorV2Themed SCXW4826987 BCX9\">ite <\/span><span class=\"NormalTextRun SpellingErrorV2Themed SCXW4826987 BCX9\">para<\/span><span class=\"NormalTextRun SCXW4826987 BCX9\"> o utilizador.<\/span><\/span><\/p>\n<p>Os cookies de terceiros s\u00e3o instalados por:<\/p>\n<ul>\n<li><span class=\"TextRun SCXW151151309 BCX9\" lang=\"PT-PT\" xml:lang=\"PT-PT\" data-contrast=\"auto\"><span class=\"NormalTextRun SCXW151151309 BCX9\">Google <\/span><span class=\"NormalTextRun SpellingErrorV2Themed SCXW151151309 BCX9\">Analytics<\/span><span class=\"NormalTextRun SCXW151151309 BCX9\"> &#8211; fornecem-nos informa\u00e7\u00f5es an\u00f3nimas sobre a forma como os visitantes interagem com o nosso s<\/span><span class=\"NormalTextRun SCXW151151309 BCX9\">ite<\/span><\/span><span class=\"EOP SCXW151151309 BCX9\" data-ccp-props=\"{&quot;201341983&quot;:0,&quot;335559739&quot;:160,&quot;335559740&quot;:259}\">\u00a0<\/span><\/li>\n<\/ul>\n<p><strong><span class=\"TextRun SCXW136661122 BCX9\" lang=\"PT-PT\" xml:lang=\"PT-PT\" data-contrast=\"auto\"><span class=\"NormalTextRun SCXW136661122 BCX9\">Desativa\u00e7\u00e3o de cookies<\/span><\/span><span class=\"EOP SCXW136661122 BCX9\" data-ccp-props=\"{&quot;201341983&quot;:0,&quot;335559739&quot;:160,&quot;335559740&quot;:259}\">\u00a0<\/span><\/strong><\/p>\n<p><span class=\"TextRun SCXW61394698 BCX9\" lang=\"PT-PT\" xml:lang=\"PT-PT\" data-contrast=\"auto\"><span class=\"NormalTextRun SCXW61394698 BCX9\">Normalmente, pode desativar os cookies ajustando as defini\u00e7\u00f5es do seu browser <\/span><\/span> (<a href=\"https:\/\/www.aboutcookies.org\/how-to-control-cookies\/\">saiba como aqui<\/a>). No entanto, se o fizer, \u00e9 prov\u00e1vel que limite a funcionalidade do nosso website e de uma grande parte dos outros websites do mundo, uma vez que os cookies s\u00e3o uma componente padr\u00e3o da maioria dos websites modernos. <span class=\"TextRun SCXW45003329 BCX9\" lang=\"PT-PT\" xml:lang=\"PT-PT\" data-contrast=\"auto\"><span class=\"NormalTextRun SCXW45003329 BCX9\">Se pretender ter mais controlo sobre a instala\u00e7\u00e3o de cookies, pode instalar programas ou suplementos no seu browser, conhecidos como ferramentas &#8220;Do <\/span><span class=\"NormalTextRun SpellingErrorV2Themed SCXW45003329 BCX9\">Not<\/span> <span class=\"NormalTextRun SpellingErrorV2Themed SCXW45003329 BCX9\">Track<\/span><span class=\"NormalTextRun SCXW45003329 BCX9\">&#8220;, que lhe permitir\u00e3o escolher os cookies que pretende permitir. Se n\u00e3o permitir a instala\u00e7\u00e3o de quaisquer cookies no seu browser, \u00e9 poss\u00edvel que n\u00e3o consiga aceder a algumas das sec\u00e7\u00f5es do nosso website ou que este funcione incorretamente.<\/span><\/span><span class=\"EOP SCXW45003329 BCX9\" data-ccp-props=\"{&quot;201341983&quot;:0,&quot;335559739&quot;:160,&quot;335559740&quot;:259}\">\u00a0<\/span><\/p>\n<p><strong><span class=\"TextRun SCXW223915005 BCX9\" lang=\"PT-PT\" xml:lang=\"PT-PT\" data-contrast=\"auto\"><span class=\"NormalTextRun SCXW223915005 BCX9\">Altera\u00e7\u00f5es a esta pol\u00edtica de cookies<\/span><\/span><span class=\"EOP SCXW223915005 BCX9\" data-ccp-props=\"{&quot;201341983&quot;:0,&quot;335559739&quot;:160,&quot;335559740&quot;:259}\">\u00a0<\/span><\/strong><\/p>\n<p>A nossa pol\u00edtica de cookies \u00e9 revista regularmente.<\/p>\n<p><strong><span class=\"TextRun SCXW141935893 BCX9\" lang=\"PT-PT\" xml:lang=\"PT-PT\" data-contrast=\"auto\"><span class=\"NormalTextRun SCXW141935893 BCX9\">Como contactar-nos<\/span><\/span><span class=\"EOP SCXW141935893 BCX9\" data-ccp-props=\"{&quot;201341983&quot;:0,&quot;335559739&quot;:160,&quot;335559740&quot;:259}\">\u00a0<\/span><\/strong><\/p>\n<p><span class=\"TextRun SCXW223079218 BCX9\" lang=\"PT-PT\" xml:lang=\"PT-PT\" data-contrast=\"auto\"><span class=\"NormalTextRun SCXW223079218 BCX9\">Pode solicitar informa\u00e7\u00f5es sobre a nossa declara\u00e7\u00e3o de privacidade contactando-nos por correio eletr\u00f3nico para<\/span><\/span>\u00a0<a href=\"mailto:privacy@ecuphar.com\">privacy@ecuphar.com<\/a> <span class=\"NormalTextRun SCXW223079218 BCX9\">ou escrevendo para <\/span><span class=\"NormalTextRun SpellingErrorV2Themed SCXW223079218 BCX9\">Ecuphar<\/span><span class=\"NormalTextRun SCXW223079218 BCX9\">.<\/span>[\/vc_column_text][\/vc_column][\/vc_row]<\/p>\n<\/div>","protected":false},"excerpt":{"rendered":"<p>[vc_row row_height_percent=&#8221;33&#8243; override_padding=&#8221;yes&#8221; h_padding=&#8221;2&#8243; top_padding=&#8221;4&#8243; bottom_padding=&#8221;4&#8243; back_image=&#8221;2893&#8243; back_position=&#8221;left top&#8221; overlay_alpha=&#8221;50&#8243; gutter_size=&#8221;3&#8243; column_width_percent=&#8221;100&#8243; shift_y=&#8221;0&#8243; z_index=&#8221;0&#8243; uncode_shortcode_id=&#8221;564743&#8243;][vc_column column_width_percent=&#8221;100&#8243; position_vertical=&#8221;middle&#8221; gutter_size=&#8221;3&#8243; overlay_alpha=&#8221;50&#8243; shift_x=&#8221;0&#8243; [&hellip;]<\/p>\n","protected":false},"author":2,"featured_media":0,"parent":3809,"menu_order":0,"comment_status":"closed","ping_status":"closed","template":"","meta":{"footnotes":""},"class_list":["post-2860","page","type-page","status-publish","hentry"],"yoast_head":"<!-- This site is optimized with the Yoast SEO plugin v24.6 - https:\/\/yoast.com\/wordpress\/plugins\/seo\/ -->\n<title>Pol\u00edtica de Cookies - Veterin\u00e1rios | Pet Dental PT<\/title>\n<meta name=\"description\" content=\"dental.pet pol\u00edtica de cookies. Como s\u00e3o utilizados os cookies no website dental.pet e de que forma o beneficiam. Pet Dental PT\" \/>\n<meta name=\"robots\" content=\"index, follow, max-snippet:-1, max-image-preview:large, max-video-preview:-1\" \/>\n<link rel=\"canonical\" href=\"https:\/\/dental.pet\/pt\/para-veterinario\/cookies\/\" \/>\n<meta property=\"og:locale\" content=\"en_GB\" \/>\n<meta property=\"og:type\" content=\"article\" \/>\n<meta property=\"og:title\" content=\"Pol\u00edtica de Cookies - Veterin\u00e1rios | Pet Dental PT\" \/>\n<meta property=\"og:description\" content=\"dental.pet pol\u00edtica de cookies. Como s\u00e3o utilizados os cookies no website dental.pet e de que forma o beneficiam. Pet Dental PT\" \/>\n<meta property=\"og:url\" content=\"https:\/\/dental.pet\/pt\/para-veterinario\/cookies\/\" \/>\n<meta property=\"og:site_name\" content=\"Portugal\" \/>\n<meta property=\"article:modified_time\" content=\"2023-06-23T15:52:52+00:00\" \/>\n<meta name=\"twitter:card\" content=\"summary_large_image\" \/>\n<meta name=\"twitter:label1\" content=\"Estimated reading time\" \/>\n\t<meta name=\"twitter:data1\" content=\"4 minutes\" \/>\n<script type=\"application\/ld+json\" class=\"yoast-schema-graph\">{\"@context\":\"https:\/\/schema.org\",\"@graph\":[{\"@type\":\"WebPage\",\"@id\":\"https:\/\/dental.pet\/pt\/para-veterinario\/cookies\/\",\"url\":\"https:\/\/dental.pet\/pt\/para-veterinario\/cookies\/\",\"name\":\"Pol\u00edtica de Cookies - Veterin\u00e1rios | Pet Dental PT\",\"isPartOf\":{\"@id\":\"https:\/\/dental.pet\/pt\/#website\"},\"datePublished\":\"2021-10-25T17:21:33+00:00\",\"dateModified\":\"2023-06-23T15:52:52+00:00\",\"description\":\"dental.pet pol\u00edtica de cookies. Como s\u00e3o utilizados os cookies no website dental.pet e de que forma o beneficiam. Pet Dental PT\",\"breadcrumb\":{\"@id\":\"https:\/\/dental.pet\/pt\/para-veterinario\/cookies\/#breadcrumb\"},\"inLanguage\":\"en-GB\",\"potentialAction\":[{\"@type\":\"ReadAction\",\"target\":[\"https:\/\/dental.pet\/pt\/para-veterinario\/cookies\/\"]}]},{\"@type\":\"BreadcrumbList\",\"@id\":\"https:\/\/dental.pet\/pt\/para-veterinario\/cookies\/#breadcrumb\",\"itemListElement\":[{\"@type\":\"ListItem\",\"position\":1,\"name\":\"Dental Pet by Ecuphar para Veterin\u00e1rios\",\"item\":\"https:\/\/dental.pet\/pt\/para-veterinario\/\"},{\"@type\":\"ListItem\",\"position\":2,\"name\":\"Cookies\"}]},{\"@type\":\"WebSite\",\"@id\":\"https:\/\/dental.pet\/pt\/#website\",\"url\":\"https:\/\/dental.pet\/pt\/\",\"name\":\"Portugal\",\"description\":\"Bem-vindo ao Dental Pet\",\"potentialAction\":[{\"@type\":\"SearchAction\",\"target\":{\"@type\":\"EntryPoint\",\"urlTemplate\":\"https:\/\/dental.pet\/pt\/?s={search_term_string}\"},\"query-input\":{\"@type\":\"PropertyValueSpecification\",\"valueRequired\":true,\"valueName\":\"search_term_string\"}}],\"inLanguage\":\"en-GB\"}]}<\/script>\n<!-- \/ Yoast SEO plugin. -->","yoast_head_json":{"title":"Pol\u00edtica de Cookies - Veterin\u00e1rios | Pet Dental PT","description":"dental.pet pol\u00edtica de cookies. Como s\u00e3o utilizados os cookies no website dental.pet e de que forma o beneficiam. Pet Dental PT","robots":{"index":"index","follow":"follow","max-snippet":"max-snippet:-1","max-image-preview":"max-image-preview:large","max-video-preview":"max-video-preview:-1"},"canonical":"https:\/\/dental.pet\/pt\/para-veterinario\/cookies\/","og_locale":"en_GB","og_type":"article","og_title":"Pol\u00edtica de Cookies - Veterin\u00e1rios | Pet Dental PT","og_description":"dental.pet pol\u00edtica de cookies. Como s\u00e3o utilizados os cookies no website dental.pet e de que forma o beneficiam. Pet Dental PT","og_url":"https:\/\/dental.pet\/pt\/para-veterinario\/cookies\/","og_site_name":"Portugal","article_modified_time":"2023-06-23T15:52:52+00:00","twitter_card":"summary_large_image","twitter_misc":{"Estimated reading time":"4 minutes"},"schema":{"@context":"https:\/\/schema.org","@graph":[{"@type":"WebPage","@id":"https:\/\/dental.pet\/pt\/para-veterinario\/cookies\/","url":"https:\/\/dental.pet\/pt\/para-veterinario\/cookies\/","name":"Pol\u00edtica de Cookies - Veterin\u00e1rios | Pet Dental PT","isPartOf":{"@id":"https:\/\/dental.pet\/pt\/#website"},"datePublished":"2021-10-25T17:21:33+00:00","dateModified":"2023-06-23T15:52:52+00:00","description":"dental.pet pol\u00edtica de cookies. Como s\u00e3o utilizados os cookies no website dental.pet e de que forma o beneficiam. Pet Dental PT","breadcrumb":{"@id":"https:\/\/dental.pet\/pt\/para-veterinario\/cookies\/#breadcrumb"},"inLanguage":"en-GB","potentialAction":[{"@type":"ReadAction","target":["https:\/\/dental.pet\/pt\/para-veterinario\/cookies\/"]}]},{"@type":"BreadcrumbList","@id":"https:\/\/dental.pet\/pt\/para-veterinario\/cookies\/#breadcrumb","itemListElement":[{"@type":"ListItem","position":1,"name":"Dental Pet by Ecuphar para Veterin\u00e1rios","item":"https:\/\/dental.pet\/pt\/para-veterinario\/"},{"@type":"ListItem","position":2,"name":"Cookies"}]},{"@type":"WebSite","@id":"https:\/\/dental.pet\/pt\/#website","url":"https:\/\/dental.pet\/pt\/","name":"Portugal","description":"Bem-vindo ao Dental Pet","potentialAction":[{"@type":"SearchAction","target":{"@type":"EntryPoint","urlTemplate":"https:\/\/dental.pet\/pt\/?s={search_term_string}"},"query-input":{"@type":"PropertyValueSpecification","valueRequired":true,"valueName":"search_term_string"}}],"inLanguage":"en-GB"}]}},"_links":{"self":[{"href":"https:\/\/dental.pet\/pt\/wp-json\/wp\/v2\/pages\/2860","targetHints":{"allow":["GET"]}}],"collection":[{"href":"https:\/\/dental.pet\/pt\/wp-json\/wp\/v2\/pages"}],"about":[{"href":"https:\/\/dental.pet\/pt\/wp-json\/wp\/v2\/types\/page"}],"author":[{"embeddable":true,"href":"https:\/\/dental.pet\/pt\/wp-json\/wp\/v2\/users\/2"}],"replies":[{"embeddable":true,"href":"https:\/\/dental.pet\/pt\/wp-json\/wp\/v2\/comments?post=2860"}],"version-history":[{"count":6,"href":"https:\/\/dental.pet\/pt\/wp-json\/wp\/v2\/pages\/2860\/revisions"}],"predecessor-version":[{"id":6277,"href":"https:\/\/dental.pet\/pt\/wp-json\/wp\/v2\/pages\/2860\/revisions\/6277"}],"up":[{"embeddable":true,"href":"https:\/\/dental.pet\/pt\/wp-json\/wp\/v2\/pages\/3809"}],"wp:attachment":[{"href":"https:\/\/dental.pet\/pt\/wp-json\/wp\/v2\/media?parent=2860"}],"curies":[{"name":"wp","href":"https:\/\/api.w.org\/{rel}","templated":true}]}}