{"id":2849,"date":"2021-10-25T17:17:58","date_gmt":"2021-10-25T17:17:58","guid":{"rendered":"http:\/\/dental.onpressidium.com\/?page_id=2849"},"modified":"2023-06-22T17:45:30","modified_gmt":"2023-06-22T17:45:30","slug":"privacidade","status":"publish","type":"page","link":"https:\/\/dental.pet\/pt\/para-veterinario\/privacidade\/","title":{"rendered":"Privacidade Veterin\u00e1rios"},"content":{"rendered":"<div class=\"wpb-content-wrapper\"><p>[vc_row row_height_percent=&#8221;33&#8243; override_padding=&#8221;yes&#8221; h_padding=&#8221;2&#8243; top_padding=&#8221;4&#8243; bottom_padding=&#8221;4&#8243; back_image=&#8221;2893&#8243; back_position=&#8221;left top&#8221; overlay_alpha=&#8221;50&#8243; gutter_size=&#8221;3&#8243; column_width_percent=&#8221;100&#8243; shift_y=&#8221;0&#8243; z_index=&#8221;0&#8243; uncode_shortcode_id=&#8221;105432&#8243; back_size=&#8221;cover&#8221;][vc_column column_width_percent=&#8221;100&#8243; position_vertical=&#8221;middle&#8221; gutter_size=&#8221;3&#8243; overlay_alpha=&#8221;50&#8243; shift_x=&#8221;0&#8243; shift_y=&#8221;0&#8243; shift_y_down=&#8221;0&#8243; z_index=&#8221;0&#8243; medium_width=&#8221;0&#8243; mobile_width=&#8221;0&#8243; css_animation=&#8221;bottom-t-top&#8221; width=&#8221;3\/4&#8243; uncode_shortcode_id=&#8221;112221&#8243; el_class=&#8221;z-index1&#8243;][vc_custom_heading text_color=&#8221;color-197188&#8243; heading_semantic=&#8221;div&#8221; text_size=&#8221;fontsize-158891&#8243; text_weight=&#8221;700&#8243; uncode_shortcode_id=&#8221;109564&#8243; text_color_type=&#8221;uncode-palette&#8221;]POL\u00cdTICA DE PRIVACIDADE[\/vc_custom_heading][\/vc_column][vc_column width=&#8221;1\/4&#8243;][\/vc_column][\/vc_row][vc_row row_height_percent=&#8221;0&#8243; override_padding=&#8221;yes&#8221; h_padding=&#8221;2&#8243; top_padding=&#8221;5&#8243; bottom_padding=&#8221;7&#8243; overlay_alpha=&#8221;50&#8243; gutter_size=&#8221;3&#8243; column_width_percent=&#8221;100&#8243; shift_y=&#8221;0&#8243; z_index=&#8221;0&#8243; uncode_shortcode_id=&#8221;178923&#8243; el_id=&#8221;accordion-dark&#8221; el_class=&#8221;pc-section-shape-background-grey&#8221;][vc_column column_width_percent=&#8221;100&#8243; position_vertical=&#8221;middle&#8221; gutter_size=&#8221;3&#8243; expand_height=&#8221;yes&#8221; overlay_alpha=&#8221;50&#8243; shift_x=&#8221;0&#8243; shift_y=&#8221;0&#8243; shift_y_down=&#8221;0&#8243; z_index=&#8221;0&#8243; medium_width=&#8221;0&#8243; mobile_width=&#8221;0&#8243; width=&#8221;1\/1&#8243; uncode_shortcode_id=&#8221;409797&#8243;][vc_column_text uncode_shortcode_id=&#8221;167914&#8243;]<\/p>\n<p align=\"JUSTIFY\"><span lang=\"pt-PT\">A Animalcare\/Ecuphar est\u00e1 empenhada em proteger a privacidade dos seus clientes e leva muito a s\u00e9rio a responsabilidade relativamente \u00e0 seguran\u00e7a dos dados pessoais dos clientes que recolhe e utiliza. Por princ\u00edpio, n\u00e3o utilizamos informa\u00e7\u00f5es pessoais identific\u00e1veis, as quais incluem dados como o nome, n\u00famero de telefone ou endere\u00e7o de e-mail, salvo nos casos em que nos tiver dado de forma inequ\u00edvoca o seu consentimento para o tratamento dos seus dados pessoais, sempre que seja necess\u00e1rio para prosseguir interesses leg\u00edtimos ou\u00a0<\/span><span lang=\"pt-PT\">para dar cumprimento a uma obriga\u00e7\u00e3o legal ou jur\u00eddica.<\/span><\/p>\n<p align=\"JUSTIFY\"><span lang=\"pt-PT\">A presente Pol\u00edtica de Privacidade aplica-se aos Dados Pessoais\u00a0<\/span><span lang=\"pt-PT\">que nos tenha facultado ou que tenham sido obtidos a partir dos Dados Pessoais, conforme definido abaixo.<\/span><\/p>\n<p align=\"JUSTIFY\"><span lang=\"pt-PT\">Esta pol\u00edtica descreve a forma como utilizamos e protegemos a informa\u00e7\u00e3o e as op\u00e7\u00f5es de que disp\u00f5e sobre a forma como utilizamos e tratamos a sua informa\u00e7\u00e3o na\u00a0<\/span><span lang=\"pt-PT\">Animalcare\/Ecuphar.<\/span><\/p>\n<p>&nbsp;<\/p>\n<p><span lang=\"pt-PT\"><strong>Que dados pessoais recolhemos<br \/>\n<\/strong><\/span><span lang=\"pt-PT\">Poder\u00e1 fornecer-nos informa\u00e7\u00f5es sobre si quando opta por:<\/span><\/p>\n<ul>\n<li>\n<p align=\"JUSTIFY\"><span lang=\"pt-PT\">Enviar-nos informa\u00e7\u00f5es atrav\u00e9s do nosso site ou atrav\u00e9s da utiliza\u00e7\u00e3o que faz do nosso site<\/span><\/p>\n<\/li>\n<li>\n<p align=\"JUSTIFY\"><span lang=\"pt-PT\">Enviar informa\u00e7\u00f5es atrav\u00e9s dos nossos f\u00f3runs de discuss\u00e3o ou dos canais das redes sociais (como, por exemplo, Facebook, Twitter)<\/span><\/p>\n<\/li>\n<li>\n<p align=\"JUSTIFY\"><span lang=\"pt-PT\">Disponibilizar os seus dados pessoais diretamente aos colaboradores da Animalcare\/Ecuphar, por exemplo, a colaboradores de vendas, dire\u00e7\u00e3o ou gest\u00e3o<\/span><\/p>\n<\/li>\n<li>\n<p align=\"JUSTIFY\"><span lang=\"pt-PT\">Participar em concursos, passatempos, promo\u00e7\u00f5es ou inqu\u00e9ritos geridos e administrados pela\u00a0<\/span><span lang=\"pt-PT\">Animalcare\/Ecuphar<\/span><\/p>\n<\/li>\n<\/ul>\n<p align=\"JUSTIFY\"><span lang=\"pt-PT\">N\u00e3o recolhemos dados pessoais identific\u00e1veis a seu respeito \u2013 entre eles, o seu nome, morada, n\u00famero de telefone, n\u00famero de fax ou endere\u00e7o de e-mail \u2013 a menos que opte por nos fornecer essas informa\u00e7\u00f5es sob qualquer forma ou quando nos encomenda produtos ou servi\u00e7os.<\/span><\/p>\n<p><span lang=\"pt-PT\">Quando visita o nosso site, podemos recolher automaticamente os seguintes tipos de informa\u00e7\u00e3o:<\/span><\/p>\n<ul>\n<li><span lang=\"pt-PT\">Informa\u00e7\u00f5es t\u00e9cnicas, como o tipo de programa de navega\u00e7\u00e3o que utiliza, o sistema operativo usado e o nome do dom\u00ednio do seu fornecedor de servi\u00e7os de Internet.<\/span><\/li>\n<li>\n<p align=\"JUSTIFY\"><span lang=\"pt-PT\">Informa\u00e7\u00f5es sobre a sua visita, incluindo a sequ\u00eancia de cliques totais (clickstream) dos Uniform Resource Locators (URL) para o, por meio de e a partir do nosso site (incluindo a data e hora) e os produtos que visualizou ou pesquisou.<\/span><\/p>\n<\/li>\n<li>\n<p align=\"JUSTIFY\"><span lang=\"pt-PT\">Informa\u00e7\u00f5es sobre o desempenho das nossas p\u00e1ginas, nomeadamente, tempos de resposta das p\u00e1ginas, erros na transfer\u00eancia ou informa\u00e7\u00e3o sobre a intera\u00e7\u00e3o das p\u00e1ginas.<\/span><\/p>\n<\/li>\n<li><span lang=\"pt-PT\">Informa\u00e7\u00f5es que recebemos de outras fontes.<\/span><\/li>\n<\/ul>\n<p>&nbsp;<\/p>\n<p><span lang=\"pt-PT\"><strong>Como e para que fins utilizamos os seus dados pessoais<br \/>\n<\/strong><\/span><span lang=\"pt-PT\">A forma como utilizamos os seus dados pessoais depende da finalidade do tratamento, que poder\u00e1 compreender o seguinte:<\/span><\/p>\n<ul>\n<li><span lang=\"pt-PT\">Processamento de encomendas, entrega e fatura\u00e7\u00e3o de produtos<\/span><\/li>\n<li><span lang=\"pt-PT\">Suporte a produtos<\/span><\/li>\n<li><span lang=\"pt-PT\">Altera\u00e7\u00f5es aos nossos produtos e\/ou servi\u00e7os<\/span><\/li>\n<li><span lang=\"pt-PT\">Pedidos de informa\u00e7\u00e3o ou de servi\u00e7os<\/span><\/li>\n<li><span lang=\"pt-PT\">Presta\u00e7\u00e3o de informa\u00e7\u00f5es<\/span><\/li>\n<li><span lang=\"pt-PT\">Otimiza\u00e7\u00e3o dos sistemas e processos da Animalcare\/Ecuphar<\/span><\/li>\n<li><span lang=\"pt-PT\">Apoio \u00e0 disponibilidade de produtos e servi\u00e7os<\/span><\/li>\n<\/ul>\n<p align=\"JUSTIFY\"><span lang=\"pt-PT\">Procedemos apenas ao tratamento de dados pessoais que sejam considerados pertinentes para cada finalidade.<\/span><\/p>\n<p align=\"JUSTIFY\"><span lang=\"pt-PT\">Os dados de contacto de todas as pessoas ou empresas que encomendem produtos ser\u00e3o mantidos nos nossos sistemas, uma vez que s\u00e3o necess\u00e1rios para a presta\u00e7\u00e3o do servi\u00e7o e\/ou entrega dos bens. O per\u00edodo de conserva\u00e7\u00e3o dos dados tem por base as nossas obriga\u00e7\u00f5es legais, sendo o mesmo de 10 anos ap\u00f3s a \u00faltima encomenda, consulta ou pedido de informa\u00e7\u00e3o.<\/span><\/p>\n<p align=\"JUSTIFY\"><span lang=\"pt-PT\">Utilizamos as informa\u00e7\u00f5es pessoais identific\u00e1veis que nos fornecer para o manter informado sobre os nossos produtos, ofertas e servi\u00e7os, para responder \u00e0s suas quest\u00f5es ou aos seus pedidos ou para\u00a0<\/span><span lang=\"pt-PT\">processar um formul\u00e1rio de candidatura que tenha preenchido nas diversas sec\u00e7\u00f5es do nosso site.\u00a0<\/span><span lang=\"pt-PT\">Poder\u00e1 optar, em qualquer altura, por n\u00e3o receber ou deixar de receber as nossas informa\u00e7\u00f5es comerciais, de marketing ou de car\u00e1ter geral (tais como boletins informativos).<\/span><\/p>\n<p align=\"JUSTIFY\"><span lang=\"pt-PT\">Chamamos a aten\u00e7\u00e3o para o facto de, por vezes, acontecer que os dados pessoais estejam associados \u00e0 rela\u00e7\u00e3o comercial que mantemos com a sua empresa. Neste caso, as informa\u00e7\u00f5es pessoais ser\u00e3o tratadas como informa\u00e7\u00f5es comerciais e dever\u00e1, se for este o caso, facultar-nos dados de contacto gen\u00e9ricos da sua empresa. Em virtude das implica\u00e7\u00f5es jur\u00eddicas e contratuais, precisaremos desses dados comerciais antes de podermos cessar o tratamento dos dados pessoais.<\/span><\/p>\n<p align=\"JUSTIFY\"><span lang=\"pt-PT\">Utilizamos perfis de dados com base nos dados que recolhemos sobre o utilizador para fins de an\u00e1lise estat\u00edstica da utiliza\u00e7\u00e3o do site (tais como informa\u00e7\u00f5es agregadas nas p\u00e1ginas visitadas pelos nossos utilizadores), o que nos permite melhorar a conce\u00e7\u00e3o e o conte\u00fado do nosso site.<\/span><\/p>\n<p align=\"JUSTIFY\"><span lang=\"pt-PT\">Utilizamos o seu hist\u00f3rico de encomendas para melhorar os nossos sistemas e processos internos e para melhorar a disponibilidade dos nossos produtos e servi\u00e7os.<\/span><\/p>\n<p align=\"JUSTIFY\"><span lang=\"pt-PT\">Quaisquer dados recolhidos poder\u00e3o ser partilhados, se adequado e pertinente para outras entidades dentro do grupo Animalcare\/Ecuphar, com qualquer um dos escrit\u00f3rios da Animalcare\/Ecuphar.<\/span><\/p>\n<p align=\"JUSTIFY\"><span lang=\"pt-PT\">A Animalcare\/Ecuphar n\u00e3o partilhar\u00e1 as suas informa\u00e7\u00f5es com terceiros. N\u00e3o distribuiremos ou venderemos intencionalmente as suas informa\u00e7\u00f5es a terceiros externos \u00e0 nossa organiza\u00e7\u00e3o sem a sua autoriza\u00e7\u00e3o para tal, exceto se vendermos a totalidade ou parte da nossa empresa.<\/span><\/p>\n<p align=\"JUSTIFY\"><span lang=\"pt-PT\">N\u00e3o entraremos em contacto consigo para outros fins, a menos que o tenha solicitado expressamente, nem partilharemos, alugaremos ou venderemos os seus dados pessoais identific\u00e1veis a entidades externas \u00e0 Animalcare\/Ecuphar, exceto nos casos em que tal for exigido por lei ou necess\u00e1rio entreg\u00e1-los a terceiros que prestam servi\u00e7os em nosso nome e por nossa conta.<\/span><\/p>\n<p>&nbsp;<\/p>\n<p><span lang=\"pt-PT\"><strong>Onde armazenamos a sua informa\u00e7\u00e3o<br \/>\n<\/strong><\/span><span lang=\"pt-PT\">Os dados que recolhemos sobre si s\u00e3o armazenados e tratados dentro das fronteiras da Uni\u00e3o Europeia por pessoal por n\u00f3s contratado (por exemplo, pelos nossos colaboradores e\/ou pelos nossos fornecedores terceiros). Adicionalmente, os seus dados pessoais poder\u00e3o ser transferidos, armazenados e\/ou tratados num local fora do Espa\u00e7o Econ\u00f3mico Europeu (\u201cEEE\u201d) por pessoal por n\u00f3s contratado (por exemplo, pelos nossos colaboradores e\/ou pelos nossos fornecedores terceiros), no \u00e2mbito dos acordos e dentro dos limites do Regulamento Geral sobre a Prote\u00e7\u00e3o de Dados (Regulamento (EU) 2016\/679). Ao fornecer-nos os seus dados, concorda e aceita que os seus dados possam ser transferidos\/armazenados e\/ou tratados conforme descrito na presente sec\u00e7\u00e3o.<\/span><\/p>\n<p align=\"JUSTIFY\"><span lang=\"pt-PT\">Nos casos em que lhe tenhamos fornecido (ou nos casos em que tenha escolhido) uma palavra-passe que lhe permite aceder a determinadas partes do nosso site, ser\u00e1 da sua responsabilidade manter a confidencialidade dessa palavra-passe. Recomendamos-lhe que n\u00e3o partilhe a sua palavra-passe com ningu\u00e9m, uma vez que poder\u00e1 comprometer a seguran\u00e7a dos seus dados.<\/span><\/p>\n<p>&nbsp;<\/p>\n<p><span lang=\"pt-PT\"><strong>Recolha de informa\u00e7\u00f5es por sites de terceiros e patrocinadores<br \/>\n<\/strong><\/span><span lang=\"pt-PT\">O nosso site inclui liga\u00e7\u00f5es a sites de terceiros, cujas pr\u00e1ticas de prote\u00e7\u00e3o de dados poder\u00e3o ser diferentes das nossas.\u00a0<\/span><span lang=\"pt-PT\">Dado n\u00e3o controlarmos estes sites de terceiros nem a forma como recolhem as informa\u00e7\u00f5es, aconselhamo-lo a ler a pol\u00edtica de privacidade de todos os sites que visita.\u00a0<\/span><\/p>\n<p>&nbsp;<\/p>\n<p><span lang=\"pt-PT\"><strong>Cookies<br \/>\n<\/strong><\/span><span lang=\"pt-PT\">As p\u00e1ginas do nosso site utilizam cookies. Um cookie \u00e9 uma cadeia de carateres de informa\u00e7\u00e3o em forma de texto\u00a0<\/span><span lang=\"pt-PT\">que um site transfere para o disco r\u00edgido do seu computador atrav\u00e9s do seu navegador e que permite ao site reconhec\u00ea-lo como visitante recorrente. Um cookie cont\u00e9m normalmente o nome do seu dom\u00ednio de origem, a sua \u201cdura\u00e7\u00e3o de vida\u201d e um valor, em geral, um c\u00f3digo\/identificador num\u00e9rico exclusivo gerado aleatoriamente. Os cookies t\u00eam como objetivo proporcionar-lhe uma boa experi\u00eancia de navega\u00e7\u00e3o no nosso site\u00a0<\/span><span lang=\"pt-PT\">e permite-nos igualmente melhorar o nosso site e os nossos servi\u00e7os.<\/span><\/p>\n<p><span lang=\"pt-PT\">Poderemos utilizar cookies das seguintes maneiras:<\/span><\/p>\n<ul>\n<li><span lang=\"pt-PT\">Sempre que sejam estritamente necess\u00e1rios para o funcionamento do nosso site.<\/span><\/li>\n<li>\n<p align=\"JUSTIFY\"><span lang=\"pt-PT\">Para permitir ao nosso site disponibilizar funcionalidades e personaliza\u00e7\u00e3o (o que permite memorizar as p\u00e1ginas visualizadas recentemente e ver as informa\u00e7\u00f5es que forneceu online).<\/span><\/p>\n<\/li>\n<li>\n<p align=\"JUSTIFY\"><span lang=\"pt-PT\">De forma an\u00f3nima para efeitos de cria\u00e7\u00e3o e an\u00e1lise de estat\u00edsticas, permitindo-nos compreender a utiliza\u00e7\u00e3o que os visitantes fazem do nosso site, para nos ajudar a melhorar a estrutura do nosso site. Toda a informa\u00e7\u00e3o recolhida por estes cookies \u00e9 agregada e, consequentemente, an\u00f3nima.<\/span><\/p>\n<\/li>\n<\/ul>\n<p align=\"JUSTIFY\"><span lang=\"pt-PT\">Para obter informa\u00e7\u00f5es mais detalhadas sobre cookies e como s\u00e3o utilizados no nosso site, consulte a nossa Pol\u00edtica de Cookies.<\/span><\/p>\n<p>&nbsp;<\/p>\n<p><span lang=\"pt-PT\"><strong>Desativar\/ativar cookies<br \/>\n<\/strong><\/span><span lang=\"pt-PT\">Poder\u00e1 optar, a qualquer momento, por alterar as defini\u00e7\u00f5es do navegador para aceitar, rejeitar ou eliminar cookies. No entanto, caso tenha desativado a configura\u00e7\u00e3o de cookies no nosso site, poder\u00e1 notar que determinados recursos e funcionalidades interativas do nosso site poder\u00e3o n\u00e3o funcionar corretamente. Para obter mais informa\u00e7\u00f5es sobre como desativar ou bloquear cookies, consulte a nossa Pol\u00edtica de Cookies.<\/span><\/p>\n<p>&nbsp;<\/p>\n<p><span lang=\"pt-PT\"><strong>O nosso compromisso para com a seguran\u00e7a<br \/>\n<\/strong><\/span><span lang=\"pt-PT\">Estamos empenhados em manter os seus dados pessoais seguros e, nesse sentido, implementamos medidas de seguran\u00e7a destinadas a impedir o acesso n\u00e3o autorizado \u00e0s informa\u00e7\u00f5es que recolhemos. Na improv\u00e1vel eventualidade de um acesso n\u00e3o autorizado ou divulga\u00e7\u00e3o n\u00e3o autorizada dos seus dados pessoais, inform\u00e1-lo-emos o mais rapidamente poss\u00edvel, em conformidade com o disposto no Regulamento Geral sobre a Prote\u00e7\u00e3o de Dados.<\/span><\/p>\n<p><span lang=\"pt-PT\">Se voc\u00ea tiver qualquer d\u00favida ou preocupa\u00e7\u00e3o de que os seus dados est\u00e3o incorretos ou que os mesmos foram divulgados, entre em contacto connosco para que possamos retificar os dados, investigar qualquer problema e tomar todas as medidas necess\u00e1rias a fim de evitar que essa situa\u00e7\u00e3o se volte a repetir.<\/span><\/p>\n<p>&nbsp;<\/p>\n<p><span lang=\"pt-PT\"><strong>Os seus direitos<br \/>\n<\/strong><\/span><span lang=\"pt-PT\">Em conformidade com a legisla\u00e7\u00e3o em mat\u00e9ria de prote\u00e7\u00e3o de dados relativa ao tratamento de dados pessoais, tem o direito de rever os dados pessoais\u00a0<\/span><span lang=\"pt-PT\">que detemos a seu respeito<\/span><span lang=\"pt-PT\">, solicitar a sua corre\u00e7\u00e3o ou retifica\u00e7\u00e3o, se necess\u00e1rio, opor-se ao seu tratamento ou solicitar a elimina\u00e7\u00e3o das suas informa\u00e7\u00f5es pessoais<\/span><span lang=\"pt-PT\">, exceto nos casos em que n\u00e3o estivermos obrigados a conservar os dados para efeitos legais ou contratuais.\u00a0<\/span><span lang=\"pt-PT\">Se pretender exercer qualquer um dos seus direitos, envie um e-mail para o seguinte endere\u00e7o:<\/span><span lang=\"pt-PT\">\u00a0<a href=\"mailto:privacy@ecuphar.pt\">privacy@ecuphar.pt<\/a><\/span><\/p>\n<p align=\"JUSTIFY\"><span lang=\"pt-PT\">Caso tenha quaisquer d\u00favidas ou preocupa\u00e7\u00f5es sobre a pol\u00edtica de privacidade da Animalcare\/Ecuphar ou sobre a sua implementa\u00e7\u00e3o, poder\u00e1 entrar em contacto connosco nos nossos escrit\u00f3rios no Sintra Business Park, Edif\u00edcio 1, Escrit\u00f3rio 2k, 2710-089 Sintra.<\/span><\/p>\n<p>&nbsp;<\/p>\n<p><span lang=\"pt-PT\"><strong>Altera\u00e7\u00f5es \u00e0 nossa pol\u00edtica de privacidade<br \/>\n<\/strong><\/span><span lang=\"pt-PT\">Reservamo-nos o direito de, a qualquer momento, proceder a modifica\u00e7\u00f5es ou atualiza\u00e7\u00f5es, no todo ou em parte, \u00e0 presente Pol\u00edtica de Privacidade. Consequentemente, recomendamos-lhe que a consulte regularmente para se manter a par de eventuais altera\u00e7\u00f5es.<\/span>[\/vc_column_text][\/vc_column][\/vc_row]<\/p>\n<\/div>","protected":false},"excerpt":{"rendered":"<p>[vc_row row_height_percent=&#8221;33&#8243; override_padding=&#8221;yes&#8221; h_padding=&#8221;2&#8243; top_padding=&#8221;4&#8243; bottom_padding=&#8221;4&#8243; back_image=&#8221;2893&#8243; back_position=&#8221;left top&#8221; overlay_alpha=&#8221;50&#8243; gutter_size=&#8221;3&#8243; column_width_percent=&#8221;100&#8243; shift_y=&#8221;0&#8243; z_index=&#8221;0&#8243; uncode_shortcode_id=&#8221;105432&#8243; back_size=&#8221;cover&#8221;][vc_column column_width_percent=&#8221;100&#8243; position_vertical=&#8221;middle&#8221; gutter_size=&#8221;3&#8243; overlay_alpha=&#8221;50&#8243; [&hellip;]<\/p>\n","protected":false},"author":2,"featured_media":0,"parent":3809,"menu_order":0,"comment_status":"closed","ping_status":"closed","template":"","meta":{"footnotes":""},"class_list":["post-2849","page","type-page","status-publish","hentry"],"yoast_head":"<!-- This site is optimized with the Yoast SEO plugin v24.6 - https:\/\/yoast.com\/wordpress\/plugins\/seo\/ -->\n<title>Pol\u00edtica de privacidade - Veterin\u00e1rios | Pet Dental PT<\/title>\n<meta name=\"description\" content=\"dental.pet pol\u00edtica de privacidade. As nossas pr\u00e1ticas de informa\u00e7\u00e3o na Animalcare\/Ecuphar e as suas escolhas. Pet Dental PT\" \/>\n<meta name=\"robots\" content=\"index, follow, max-snippet:-1, max-image-preview:large, max-video-preview:-1\" \/>\n<link rel=\"canonical\" href=\"https:\/\/dental.pet\/pt\/para-veterinario\/privacidade\/\" \/>\n<meta property=\"og:locale\" content=\"en_GB\" \/>\n<meta property=\"og:type\" content=\"article\" \/>\n<meta property=\"og:title\" content=\"Pol\u00edtica de privacidade - Veterin\u00e1rios | Pet Dental PT\" \/>\n<meta property=\"og:description\" content=\"dental.pet pol\u00edtica de privacidade. As nossas pr\u00e1ticas de informa\u00e7\u00e3o na Animalcare\/Ecuphar e as suas escolhas. Pet Dental PT\" \/>\n<meta property=\"og:url\" content=\"https:\/\/dental.pet\/pt\/para-veterinario\/privacidade\/\" \/>\n<meta property=\"og:site_name\" content=\"Portugal\" \/>\n<meta property=\"article:modified_time\" content=\"2023-06-22T17:45:30+00:00\" \/>\n<meta name=\"twitter:card\" content=\"summary_large_image\" \/>\n<meta name=\"twitter:label1\" content=\"Estimated reading time\" \/>\n\t<meta name=\"twitter:data1\" content=\"10 minutes\" \/>\n<script type=\"application\/ld+json\" class=\"yoast-schema-graph\">{\"@context\":\"https:\/\/schema.org\",\"@graph\":[{\"@type\":\"WebPage\",\"@id\":\"https:\/\/dental.pet\/pt\/para-veterinario\/privacidade\/\",\"url\":\"https:\/\/dental.pet\/pt\/para-veterinario\/privacidade\/\",\"name\":\"Pol\u00edtica de privacidade - Veterin\u00e1rios | Pet Dental PT\",\"isPartOf\":{\"@id\":\"https:\/\/dental.pet\/pt\/#website\"},\"datePublished\":\"2021-10-25T17:17:58+00:00\",\"dateModified\":\"2023-06-22T17:45:30+00:00\",\"description\":\"dental.pet pol\u00edtica de privacidade. As nossas pr\u00e1ticas de informa\u00e7\u00e3o na Animalcare\/Ecuphar e as suas escolhas. Pet Dental PT\",\"breadcrumb\":{\"@id\":\"https:\/\/dental.pet\/pt\/para-veterinario\/privacidade\/#breadcrumb\"},\"inLanguage\":\"en-GB\",\"potentialAction\":[{\"@type\":\"ReadAction\",\"target\":[\"https:\/\/dental.pet\/pt\/para-veterinario\/privacidade\/\"]}]},{\"@type\":\"BreadcrumbList\",\"@id\":\"https:\/\/dental.pet\/pt\/para-veterinario\/privacidade\/#breadcrumb\",\"itemListElement\":[{\"@type\":\"ListItem\",\"position\":1,\"name\":\"Dental Pet by Ecuphar para Veterin\u00e1rios\",\"item\":\"https:\/\/dental.pet\/pt\/para-veterinario\/\"},{\"@type\":\"ListItem\",\"position\":2,\"name\":\"Privacidade Veterin\u00e1rios\"}]},{\"@type\":\"WebSite\",\"@id\":\"https:\/\/dental.pet\/pt\/#website\",\"url\":\"https:\/\/dental.pet\/pt\/\",\"name\":\"Portugal\",\"description\":\"Bem-vindo ao Dental Pet\",\"potentialAction\":[{\"@type\":\"SearchAction\",\"target\":{\"@type\":\"EntryPoint\",\"urlTemplate\":\"https:\/\/dental.pet\/pt\/?s={search_term_string}\"},\"query-input\":{\"@type\":\"PropertyValueSpecification\",\"valueRequired\":true,\"valueName\":\"search_term_string\"}}],\"inLanguage\":\"en-GB\"}]}<\/script>\n<!-- \/ Yoast SEO plugin. -->","yoast_head_json":{"title":"Pol\u00edtica de privacidade - Veterin\u00e1rios | Pet Dental PT","description":"dental.pet pol\u00edtica de privacidade. As nossas pr\u00e1ticas de informa\u00e7\u00e3o na Animalcare\/Ecuphar e as suas escolhas. Pet Dental PT","robots":{"index":"index","follow":"follow","max-snippet":"max-snippet:-1","max-image-preview":"max-image-preview:large","max-video-preview":"max-video-preview:-1"},"canonical":"https:\/\/dental.pet\/pt\/para-veterinario\/privacidade\/","og_locale":"en_GB","og_type":"article","og_title":"Pol\u00edtica de privacidade - Veterin\u00e1rios | Pet Dental PT","og_description":"dental.pet pol\u00edtica de privacidade. As nossas pr\u00e1ticas de informa\u00e7\u00e3o na Animalcare\/Ecuphar e as suas escolhas. Pet Dental PT","og_url":"https:\/\/dental.pet\/pt\/para-veterinario\/privacidade\/","og_site_name":"Portugal","article_modified_time":"2023-06-22T17:45:30+00:00","twitter_card":"summary_large_image","twitter_misc":{"Estimated reading time":"10 minutes"},"schema":{"@context":"https:\/\/schema.org","@graph":[{"@type":"WebPage","@id":"https:\/\/dental.pet\/pt\/para-veterinario\/privacidade\/","url":"https:\/\/dental.pet\/pt\/para-veterinario\/privacidade\/","name":"Pol\u00edtica de privacidade - Veterin\u00e1rios | Pet Dental PT","isPartOf":{"@id":"https:\/\/dental.pet\/pt\/#website"},"datePublished":"2021-10-25T17:17:58+00:00","dateModified":"2023-06-22T17:45:30+00:00","description":"dental.pet pol\u00edtica de privacidade. As nossas pr\u00e1ticas de informa\u00e7\u00e3o na Animalcare\/Ecuphar e as suas escolhas. Pet Dental PT","breadcrumb":{"@id":"https:\/\/dental.pet\/pt\/para-veterinario\/privacidade\/#breadcrumb"},"inLanguage":"en-GB","potentialAction":[{"@type":"ReadAction","target":["https:\/\/dental.pet\/pt\/para-veterinario\/privacidade\/"]}]},{"@type":"BreadcrumbList","@id":"https:\/\/dental.pet\/pt\/para-veterinario\/privacidade\/#breadcrumb","itemListElement":[{"@type":"ListItem","position":1,"name":"Dental Pet by Ecuphar para Veterin\u00e1rios","item":"https:\/\/dental.pet\/pt\/para-veterinario\/"},{"@type":"ListItem","position":2,"name":"Privacidade Veterin\u00e1rios"}]},{"@type":"WebSite","@id":"https:\/\/dental.pet\/pt\/#website","url":"https:\/\/dental.pet\/pt\/","name":"Portugal","description":"Bem-vindo ao Dental Pet","potentialAction":[{"@type":"SearchAction","target":{"@type":"EntryPoint","urlTemplate":"https:\/\/dental.pet\/pt\/?s={search_term_string}"},"query-input":{"@type":"PropertyValueSpecification","valueRequired":true,"valueName":"search_term_string"}}],"inLanguage":"en-GB"}]}},"_links":{"self":[{"href":"https:\/\/dental.pet\/pt\/wp-json\/wp\/v2\/pages\/2849","targetHints":{"allow":["GET"]}}],"collection":[{"href":"https:\/\/dental.pet\/pt\/wp-json\/wp\/v2\/pages"}],"about":[{"href":"https:\/\/dental.pet\/pt\/wp-json\/wp\/v2\/types\/page"}],"author":[{"embeddable":true,"href":"https:\/\/dental.pet\/pt\/wp-json\/wp\/v2\/users\/2"}],"replies":[{"embeddable":true,"href":"https:\/\/dental.pet\/pt\/wp-json\/wp\/v2\/comments?post=2849"}],"version-history":[{"count":5,"href":"https:\/\/dental.pet\/pt\/wp-json\/wp\/v2\/pages\/2849\/revisions"}],"predecessor-version":[{"id":6178,"href":"https:\/\/dental.pet\/pt\/wp-json\/wp\/v2\/pages\/2849\/revisions\/6178"}],"up":[{"embeddable":true,"href":"https:\/\/dental.pet\/pt\/wp-json\/wp\/v2\/pages\/3809"}],"wp:attachment":[{"href":"https:\/\/dental.pet\/pt\/wp-json\/wp\/v2\/media?parent=2849"}],"curies":[{"name":"wp","href":"https:\/\/api.w.org\/{rel}","templated":true}]}}