{"id":1295,"date":"2021-10-11T23:25:38","date_gmt":"2021-10-11T23:25:38","guid":{"rendered":"http:\/\/dental.onpressidium.com\/?page_id=1295"},"modified":"2023-06-15T19:47:31","modified_gmt":"2023-06-15T19:47:31","slug":"sobre-nos","status":"publish","type":"page","link":"https:\/\/dental.pet\/pt\/para-tutores\/sobre-nos\/","title":{"rendered":"Sobre para Tutores"},"content":{"rendered":"<div class=\"wpb-content-wrapper\"><p>[vc_row row_height_percent=&#8221;33&#8243; override_padding=&#8221;yes&#8221; h_padding=&#8221;2&#8243; top_padding=&#8221;4&#8243; bottom_padding=&#8221;4&#8243; back_image=&#8221;2893&#8243; back_repeat=&#8221;no-repeat&#8221; back_position=&#8221;left top&#8221; overlay_alpha=&#8221;50&#8243; gutter_size=&#8221;3&#8243; column_width_percent=&#8221;100&#8243; shift_y=&#8221;0&#8243; z_index=&#8221;0&#8243; uncode_shortcode_id=&#8221;148262&#8243; back_size=&#8221;cover&#8221;][vc_column column_width_percent=&#8221;100&#8243; position_vertical=&#8221;middle&#8221; gutter_size=&#8221;3&#8243; overlay_alpha=&#8221;50&#8243; shift_x=&#8221;0&#8243; shift_y=&#8221;0&#8243; shift_y_down=&#8221;0&#8243; z_index=&#8221;0&#8243; medium_width=&#8221;0&#8243; mobile_width=&#8221;0&#8243; width=&#8221;3\/4&#8243; uncode_shortcode_id=&#8221;934710&#8243; el_class=&#8221;z-index1&#8243;][vc_custom_heading text_color=&#8221;color-197188&#8243; heading_semantic=&#8221;div&#8221; text_size=&#8221;fontsize-158891&#8243; text_weight=&#8221;700&#8243; uncode_shortcode_id=&#8221;264565&#8243; text_color_type=&#8221;uncode-palette&#8221;]Sobre n\u00f3s[\/vc_custom_heading][\/vc_column][vc_column width=&#8221;1\/4&#8243;][\/vc_column][\/vc_row][vc_row row_height_percent=&#8221;0&#8243; override_padding=&#8221;yes&#8221; h_padding=&#8221;2&#8243; top_padding=&#8221;3&#8243; bottom_padding=&#8221;3&#8243; overlay_alpha=&#8221;50&#8243; equal_height=&#8221;yes&#8221; gutter_size=&#8221;3&#8243; column_width_percent=&#8221;100&#8243; shift_y=&#8221;0&#8243; z_index=&#8221;0&#8243; uncode_shortcode_id=&#8221;238133&#8243; el_id=&#8221;accordion-dark&#8221; el_class=&#8221;pc-section-shape-background-grey&#8221;][vc_column column_width_percent=&#8221;100&#8243; position_vertical=&#8221;middle&#8221; gutter_size=&#8221;3&#8243; override_padding=&#8221;yes&#8221; column_padding=&#8221;3&#8243; expand_height=&#8221;yes&#8221; back_color=&#8221;color-197188&#8243; overlay_alpha=&#8221;50&#8243; shift_x=&#8221;0&#8243; shift_y=&#8221;0&#8243; shift_y_down=&#8221;0&#8243; z_index=&#8221;0&#8243; medium_width=&#8221;0&#8243; mobile_width=&#8221;0&#8243; width=&#8221;1\/2&#8243; uncode_shortcode_id=&#8221;135976&#8243; back_color_type=&#8221;uncode-palette&#8221;][vc_single_image media=&#8221;5788&#8243; media_width_percent=&#8221;70&#8243; uncode_shortcode_id=&#8221;983576&#8243;][vc_column_text text_color=&#8221;color-108211&#8243; uncode_shortcode_id=&#8221;187961&#8243; css=&#8221;.vc_custom_1686858324198{padding-left: 85px !important;}&#8221; text_color_type=&#8221;uncode-palette&#8221; el_class=&#8221;pad-left-0 bodyMid&#8221;]No <strong>dental.pet<\/strong>, a nossa miss\u00e3o \u00e9 fornecer suporte, informa\u00e7\u00f5es e recursos para os profissionais de sa\u00fade animal e para os tutores de animais de companhia \u2013 com o objetivo de melhorar a sa\u00fade oral dos animais de companhia.<\/p>\n<p>&nbsp;[\/vc_column_text][\/vc_column][vc_column column_width_percent=&#8221;100&#8243; gutter_size=&#8221;3&#8243; override_padding=&#8221;yes&#8221; column_padding=&#8221;3&#8243; style=&#8221;dark&#8221; back_color=&#8221;color-108211&#8243; overlay_alpha=&#8221;50&#8243; shift_x=&#8221;0&#8243; shift_y=&#8221;0&#8243; shift_y_down=&#8221;0&#8243; z_index=&#8221;0&#8243; medium_width=&#8221;0&#8243; mobile_width=&#8221;0&#8243; width=&#8221;1\/2&#8243; uncode_shortcode_id=&#8221;139898&#8243; back_color_type=&#8221;uncode-palette&#8221;][vc_column_text uncode_shortcode_id=&#8221;158525&#8243;]<strong>dental.pet <\/strong>\u00e9 um portal educacional completo com conte\u00fados dedicados aos profissionais de sa\u00fade animal e tutores de animas de companhia. dental.pet oferece uma variedade de informa\u00e7\u00f5es e recursos \u00fateis tanto para os profissionais de sa\u00fade animal que desejam mais ferramentas quando abordam os cuidados com a sa\u00fade oral com os tutores de animais de companhia, como para os tutores que procuram conselhos sobre quais produtos que devem usar.<\/p>\n<p><strong>dental.pet<\/strong> foi criado especialmente para si pela <strong>Ecuphar, an Animalcare Company<\/strong>, uma empresa farmac\u00eautica veterin\u00e1ria presente em 32 mercados europeus. Apoiados por um legado de 30 anos em sa\u00fade animal, estamos comprometidos em fornecer produtos e servi\u00e7os inovadores para apoiar o bem estar animal agora e no futuro.[\/vc_column_text][\/vc_column][\/vc_row]<\/p>\n<\/div>","protected":false},"excerpt":{"rendered":"<p>[vc_row row_height_percent=&#8221;33&#8243; override_padding=&#8221;yes&#8221; h_padding=&#8221;2&#8243; top_padding=&#8221;4&#8243; bottom_padding=&#8221;4&#8243; back_image=&#8221;2893&#8243; back_repeat=&#8221;no-repeat&#8221; back_position=&#8221;left top&#8221; overlay_alpha=&#8221;50&#8243; gutter_size=&#8221;3&#8243; column_width_percent=&#8221;100&#8243; shift_y=&#8221;0&#8243; z_index=&#8221;0&#8243; uncode_shortcode_id=&#8221;148262&#8243; back_size=&#8221;cover&#8221;][vc_column column_width_percent=&#8221;100&#8243; position_vertical=&#8221;middle&#8221; gutter_size=&#8221;3&#8243; [&hellip;]<\/p>\n","protected":false},"author":2,"featured_media":0,"parent":3625,"menu_order":0,"comment_status":"closed","ping_status":"closed","template":"","meta":{"footnotes":""},"class_list":["post-1295","page","type-page","status-publish","hentry"],"yoast_head":"<!-- This site is optimized with the Yoast SEO plugin v24.6 - https:\/\/yoast.com\/wordpress\/plugins\/seo\/ -->\n<title>Sobre n\u00f3s - Tutores | Pet Dental PT<\/title>\n<meta name=\"description\" content=\"dental.pet by Ecuphar - Tutores de animais de companhia. Aceda a informa\u00e7\u00f5es sobre os mais recentes produtos para cuidar da sa\u00fade oral do seu c\u00e3o e gato e recursos \u00fateis sobre a sa\u00fade oral dos seus animais de companhia. Pet Dental PT\" \/>\n<meta name=\"robots\" content=\"index, follow, max-snippet:-1, max-image-preview:large, max-video-preview:-1\" \/>\n<link rel=\"canonical\" href=\"https:\/\/dental.pet\/pt\/para-tutores\/sobre-nos\/\" \/>\n<meta property=\"og:locale\" content=\"en_GB\" \/>\n<meta property=\"og:type\" content=\"article\" \/>\n<meta property=\"og:title\" content=\"Sobre n\u00f3s - Tutores | Pet Dental PT\" \/>\n<meta property=\"og:description\" content=\"dental.pet by Ecuphar - Tutores de animais de companhia. Aceda a informa\u00e7\u00f5es sobre os mais recentes produtos para cuidar da sa\u00fade oral do seu c\u00e3o e gato e recursos \u00fateis sobre a sa\u00fade oral dos seus animais de companhia. Pet Dental PT\" \/>\n<meta property=\"og:url\" content=\"https:\/\/dental.pet\/pt\/para-tutores\/sobre-nos\/\" \/>\n<meta property=\"og:site_name\" content=\"Portugal\" \/>\n<meta property=\"article:modified_time\" content=\"2023-06-15T19:47:31+00:00\" \/>\n<meta name=\"twitter:card\" content=\"summary_large_image\" \/>\n<meta name=\"twitter:label1\" content=\"Estimated reading time\" \/>\n\t<meta name=\"twitter:data1\" content=\"1 minute\" \/>\n<script type=\"application\/ld+json\" class=\"yoast-schema-graph\">{\"@context\":\"https:\/\/schema.org\",\"@graph\":[{\"@type\":\"WebPage\",\"@id\":\"https:\/\/dental.pet\/pt\/para-tutores\/sobre-nos\/\",\"url\":\"https:\/\/dental.pet\/pt\/para-tutores\/sobre-nos\/\",\"name\":\"Sobre n\u00f3s - Tutores | Pet Dental PT\",\"isPartOf\":{\"@id\":\"https:\/\/dental.pet\/pt\/#website\"},\"datePublished\":\"2021-10-11T23:25:38+00:00\",\"dateModified\":\"2023-06-15T19:47:31+00:00\",\"description\":\"dental.pet by Ecuphar - Tutores de animais de companhia. Aceda a informa\u00e7\u00f5es sobre os mais recentes produtos para cuidar da sa\u00fade oral do seu c\u00e3o e gato e recursos \u00fateis sobre a sa\u00fade oral dos seus animais de companhia. Pet Dental PT\",\"breadcrumb\":{\"@id\":\"https:\/\/dental.pet\/pt\/para-tutores\/sobre-nos\/#breadcrumb\"},\"inLanguage\":\"en-GB\",\"potentialAction\":[{\"@type\":\"ReadAction\",\"target\":[\"https:\/\/dental.pet\/pt\/para-tutores\/sobre-nos\/\"]}]},{\"@type\":\"BreadcrumbList\",\"@id\":\"https:\/\/dental.pet\/pt\/para-tutores\/sobre-nos\/#breadcrumb\",\"itemListElement\":[{\"@type\":\"ListItem\",\"position\":1,\"name\":\"Dental Pet by Ecuphar para Tutores\",\"item\":\"https:\/\/dental.pet\/pt\/para-tutores\/\"},{\"@type\":\"ListItem\",\"position\":2,\"name\":\"Sobre para Tutores\"}]},{\"@type\":\"WebSite\",\"@id\":\"https:\/\/dental.pet\/pt\/#website\",\"url\":\"https:\/\/dental.pet\/pt\/\",\"name\":\"Portugal\",\"description\":\"Bem-vindo ao Dental Pet\",\"potentialAction\":[{\"@type\":\"SearchAction\",\"target\":{\"@type\":\"EntryPoint\",\"urlTemplate\":\"https:\/\/dental.pet\/pt\/?s={search_term_string}\"},\"query-input\":{\"@type\":\"PropertyValueSpecification\",\"valueRequired\":true,\"valueName\":\"search_term_string\"}}],\"inLanguage\":\"en-GB\"}]}<\/script>\n<!-- \/ Yoast SEO plugin. -->","yoast_head_json":{"title":"Sobre n\u00f3s - Tutores | Pet Dental PT","description":"dental.pet by Ecuphar - Tutores de animais de companhia. Aceda a informa\u00e7\u00f5es sobre os mais recentes produtos para cuidar da sa\u00fade oral do seu c\u00e3o e gato e recursos \u00fateis sobre a sa\u00fade oral dos seus animais de companhia. Pet Dental PT","robots":{"index":"index","follow":"follow","max-snippet":"max-snippet:-1","max-image-preview":"max-image-preview:large","max-video-preview":"max-video-preview:-1"},"canonical":"https:\/\/dental.pet\/pt\/para-tutores\/sobre-nos\/","og_locale":"en_GB","og_type":"article","og_title":"Sobre n\u00f3s - Tutores | Pet Dental PT","og_description":"dental.pet by Ecuphar - Tutores de animais de companhia. Aceda a informa\u00e7\u00f5es sobre os mais recentes produtos para cuidar da sa\u00fade oral do seu c\u00e3o e gato e recursos \u00fateis sobre a sa\u00fade oral dos seus animais de companhia. Pet Dental PT","og_url":"https:\/\/dental.pet\/pt\/para-tutores\/sobre-nos\/","og_site_name":"Portugal","article_modified_time":"2023-06-15T19:47:31+00:00","twitter_card":"summary_large_image","twitter_misc":{"Estimated reading time":"1 minute"},"schema":{"@context":"https:\/\/schema.org","@graph":[{"@type":"WebPage","@id":"https:\/\/dental.pet\/pt\/para-tutores\/sobre-nos\/","url":"https:\/\/dental.pet\/pt\/para-tutores\/sobre-nos\/","name":"Sobre n\u00f3s - Tutores | Pet Dental PT","isPartOf":{"@id":"https:\/\/dental.pet\/pt\/#website"},"datePublished":"2021-10-11T23:25:38+00:00","dateModified":"2023-06-15T19:47:31+00:00","description":"dental.pet by Ecuphar - Tutores de animais de companhia. Aceda a informa\u00e7\u00f5es sobre os mais recentes produtos para cuidar da sa\u00fade oral do seu c\u00e3o e gato e recursos \u00fateis sobre a sa\u00fade oral dos seus animais de companhia. Pet Dental PT","breadcrumb":{"@id":"https:\/\/dental.pet\/pt\/para-tutores\/sobre-nos\/#breadcrumb"},"inLanguage":"en-GB","potentialAction":[{"@type":"ReadAction","target":["https:\/\/dental.pet\/pt\/para-tutores\/sobre-nos\/"]}]},{"@type":"BreadcrumbList","@id":"https:\/\/dental.pet\/pt\/para-tutores\/sobre-nos\/#breadcrumb","itemListElement":[{"@type":"ListItem","position":1,"name":"Dental Pet by Ecuphar para Tutores","item":"https:\/\/dental.pet\/pt\/para-tutores\/"},{"@type":"ListItem","position":2,"name":"Sobre para Tutores"}]},{"@type":"WebSite","@id":"https:\/\/dental.pet\/pt\/#website","url":"https:\/\/dental.pet\/pt\/","name":"Portugal","description":"Bem-vindo ao Dental Pet","potentialAction":[{"@type":"SearchAction","target":{"@type":"EntryPoint","urlTemplate":"https:\/\/dental.pet\/pt\/?s={search_term_string}"},"query-input":{"@type":"PropertyValueSpecification","valueRequired":true,"valueName":"search_term_string"}}],"inLanguage":"en-GB"}]}},"_links":{"self":[{"href":"https:\/\/dental.pet\/pt\/wp-json\/wp\/v2\/pages\/1295","targetHints":{"allow":["GET"]}}],"collection":[{"href":"https:\/\/dental.pet\/pt\/wp-json\/wp\/v2\/pages"}],"about":[{"href":"https:\/\/dental.pet\/pt\/wp-json\/wp\/v2\/types\/page"}],"author":[{"embeddable":true,"href":"https:\/\/dental.pet\/pt\/wp-json\/wp\/v2\/users\/2"}],"replies":[{"embeddable":true,"href":"https:\/\/dental.pet\/pt\/wp-json\/wp\/v2\/comments?post=1295"}],"version-history":[{"count":6,"href":"https:\/\/dental.pet\/pt\/wp-json\/wp\/v2\/pages\/1295\/revisions"}],"predecessor-version":[{"id":5890,"href":"https:\/\/dental.pet\/pt\/wp-json\/wp\/v2\/pages\/1295\/revisions\/5890"}],"up":[{"embeddable":true,"href":"https:\/\/dental.pet\/pt\/wp-json\/wp\/v2\/pages\/3625"}],"wp:attachment":[{"href":"https:\/\/dental.pet\/pt\/wp-json\/wp\/v2\/media?parent=1295"}],"curies":[{"name":"wp","href":"https:\/\/api.w.org\/{rel}","templated":true}]}}