{"id":3679,"date":"2021-12-21T19:53:57","date_gmt":"2021-12-21T19:53:57","guid":{"rendered":"http:\/\/dental.onpressidium.com\/?page_id=3679"},"modified":"2023-02-13T11:08:58","modified_gmt":"2023-02-13T10:08:58","slug":"faqs","status":"publish","type":"page","link":"https:\/\/dental.pet\/it\/per-proprietari\/faqs\/","title":{"rendered":"FAQS"},"content":{"rendered":"<div class=\"wpb-content-wrapper\"><p>[vc_row row_height_percent=&#8221;65&#8243; override_padding=&#8221;yes&#8221; h_padding=&#8221;2&#8243; top_padding=&#8221;4&#8243; bottom_padding=&#8221;4&#8243; back_image=&#8221;3788&#8243; back_position=&#8221;center top&#8221; overlay_alpha=&#8221;50&#8243; gutter_size=&#8221;3&#8243; column_width_percent=&#8221;100&#8243; shift_y=&#8221;0&#8243; z_index=&#8221;0&#8243; medium_visibility=&#8221;yes&#8221; mobile_visibility=&#8221;yes&#8221; uncode_shortcode_id=&#8221;155601&#8243;][vc_column column_width_percent=&#8221;100&#8243; position_vertical=&#8221;middle&#8221; gutter_size=&#8221;2&#8243; overlay_alpha=&#8221;50&#8243; shift_x=&#8221;0&#8243; shift_y=&#8221;0&#8243; shift_y_down=&#8221;0&#8243; z_index=&#8221;0&#8243; medium_width=&#8221;0&#8243; mobile_width=&#8221;0&#8243; css_animation=&#8221;bottom-t-top&#8221; width=&#8221;7\/12&#8243; uncode_shortcode_id=&#8221;497497&#8243; el_class=&#8221;z-index1&#8243;][vc_custom_heading text_color=&#8221;color-197188&#8243; heading_semantic=&#8221;div&#8221; text_size=&#8221;fontsize-158891&#8243; text_weight=&#8221;700&#8243; uncode_shortcode_id=&#8221;179162&#8243; text_color_type=&#8221;uncode-palette&#8221;]Le domande <br \/>pi\u00f9 frequenti[\/vc_custom_heading][\/vc_column][vc_column width=&#8221;5\/12&#8243;][\/vc_column][\/vc_row][vc_row row_height_percent=&#8221;80&#8243; override_padding=&#8221;yes&#8221; h_padding=&#8221;0&#8243; top_padding=&#8221;0&#8243; bottom_padding=&#8221;4&#8243; back_image=&#8221;1420&#8243; back_repeat=&#8221;no-repeat&#8221; back_position=&#8221;left center&#8221; overlay_alpha=&#8221;50&#8243; gutter_size=&#8221;3&#8243; column_width_percent=&#8221;100&#8243; shift_y=&#8221;0&#8243; z_index=&#8221;0&#8243; desktop_visibility=&#8221;yes&#8221; uncode_shortcode_id=&#8221;575826&#8243; back_size=&#8221;cover&#8221;][vc_column column_width_percent=&#8221;100&#8243; position_vertical=&#8221;middle&#8221; gutter_size=&#8221;2&#8243; overlay_alpha=&#8221;50&#8243; shift_x=&#8221;0&#8243; shift_y=&#8221;0&#8243; shift_y_down=&#8221;0&#8243; z_index=&#8221;0&#8243; medium_width=&#8221;0&#8243; mobile_width=&#8221;0&#8243; css_animation=&#8221;bottom-t-top&#8221; width=&#8221;1\/1&#8243; uncode_shortcode_id=&#8221;497497&#8243; el_class=&#8221;z-index1&#8243;][vc_single_image media=&#8221;3782&#8243; media_width_percent=&#8221;100&#8243; uncode_shortcode_id=&#8221;152855&#8243;][vc_row_inner row_inner_height_percent=&#8221;0&#8243; overlay_alpha=&#8221;50&#8243; gutter_size=&#8221;3&#8243; shift_y=&#8221;0&#8243; z_index=&#8221;0&#8243; uncode_shortcode_id=&#8221;305962&#8243; css=&#8221;.vc_custom_1640124390678{padding-top: 50px !important;padding-right: 36px !important;padding-left: 36px !important;}&#8221; limit_content=&#8221;&#8221;][vc_column_inner column_width_percent=&#8221;100&#8243; gutter_size=&#8221;2&#8243; overlay_alpha=&#8221;50&#8243; shift_x=&#8221;0&#8243; shift_y=&#8221;0&#8243; shift_y_down=&#8221;0&#8243; z_index=&#8221;0&#8243; medium_width=&#8221;0&#8243; mobile_width=&#8221;0&#8243; width=&#8221;1\/1&#8243; uncode_shortcode_id=&#8221;369684&#8243;][vc_custom_heading text_color=&#8221;color-197188&#8243; heading_semantic=&#8221;div&#8221; text_size=&#8221;fontsize-158891&#8243; text_weight=&#8221;700&#8243; uncode_shortcode_id=&#8221;162018&#8243; text_color_type=&#8221;uncode-palette&#8221;]Le domande pi\u00f9 frequenti[\/vc_custom_heading][\/vc_column_inner][\/vc_row_inner][\/vc_column][\/vc_row][vc_row row_height_percent=&#8221;10&#8243; override_padding=&#8221;yes&#8221; h_padding=&#8221;2&#8243; top_padding=&#8221;0&#8243; bottom_padding=&#8221;0&#8243; overlay_alpha=&#8221;50&#8243; gutter_size=&#8221;3&#8243; column_width_percent=&#8221;100&#8243; shift_y=&#8221;0&#8243; z_index=&#8221;0&#8243; uncode_shortcode_id=&#8221;165171&#8243; el_id=&#8221;theWhyHome&#8221; el_class=&#8221;pc-section-shape-background-grey&#8221;][vc_column column_width_percent=&#8221;100&#8243; gutter_size=&#8221;0&#8243; overlay_alpha=&#8221;50&#8243; shift_x=&#8221;0&#8243; shift_y=&#8221;0&#8243; shift_y_down=&#8221;0&#8243; z_index=&#8221;0&#8243; medium_width=&#8221;0&#8243; mobile_width=&#8221;0&#8243; width=&#8221;1\/2&#8243; uncode_shortcode_id=&#8221;370320&#8243; css=&#8221;.vc_custom_1640124504929{padding-top: 0px !important;padding-bottom: 0px !important;}&#8221;][\/vc_column][\/vc_row][vc_row row_height_percent=&#8221;0&#8243; override_padding=&#8221;yes&#8221; h_padding=&#8221;2&#8243; top_padding=&#8221;5&#8243; bottom_padding=&#8221;4&#8243; overlay_alpha=&#8221;50&#8243; gutter_size=&#8221;3&#8243; column_width_percent=&#8221;100&#8243; shift_y=&#8221;0&#8243; z_index=&#8221;0&#8243; uncode_shortcode_id=&#8221;245998&#8243; el_class=&#8221;bg-gradient&#8221; el_id=&#8221;theFaqs&#8221;][vc_column column_width_percent=&#8221;100&#8243; gutter_size=&#8221;2&#8243; overlay_alpha=&#8221;50&#8243; shift_x=&#8221;0&#8243; shift_y=&#8221;0&#8243; shift_y_down=&#8221;0&#8243; z_index=&#8221;0&#8243; medium_width=&#8221;0&#8243; mobile_width=&#8221;0&#8243; width=&#8221;1\/1&#8243; uncode_shortcode_id=&#8221;192033&#8243; el_id=&#8221;accordion-light&#8221;][vc_custom_heading text_color=&#8221;color-xsdn&#8221; heading_semantic=&#8221;h5&#8243; text_size=&#8221;h5&#8243; uncode_shortcode_id=&#8221;535275&#8243; text_color_type=&#8221;uncode-palette&#8221; el_class=&#8221;head-bordered&#8221;]I denti del mio pet ad un esame visivo sembrano puliti. Questo significa che non ha la parodontite?[\/vc_custom_heading][vc_column_text text_color=&#8221;color-xsdn&#8221; uncode_shortcode_id=&#8221;199747&#8243; text_color_type=&#8221;uncode-palette&#8221;]Non \u00e8 possibile capire la presenza o meno dalla parodontite semplicemente osservando i denti del tuo pet. Alcuni segnali possono essere individuati solo da un veterinario durante l&#8217;esame della bocca in anestesia generale.<sup>1<\/sup><\/p>\n<p>Pertanto, anche se i denti del tuo pet sembrano puliti, non puoi essere sicuro che non abbia la parodontite. Chiedi consiglio al tuo veterinario.[\/vc_column_text][vc_custom_heading text_color=&#8221;color-xsdn&#8221; heading_semantic=&#8221;h5&#8243; text_size=&#8221;h5&#8243; uncode_shortcode_id=&#8221;175217&#8243; text_color_type=&#8221;uncode-palette&#8221; el_class=&#8221;head-bordered&#8221;]Quali sono i primi sintomi della parodontite?[\/vc_custom_heading][vc_column_text text_color=&#8221;color-xsdn&#8221; uncode_shortcode_id=&#8221;669914&#8243; text_color_type=&#8221;uncode-palette&#8221; el_class=&#8221;green-bullets&#8221;]Il primo sintomo della parodontite \u00e8 solitamente l&#8217;alitosi, che \u00e8 causata dall&#8217;accumulo di batteri nella bocca del tuo pet.<\/p>\n<p>Con il progredire della malattia, possono comparire altri sintomi, tra cui:<\/p>\n<ul>\n<li>difficolt\u00e0 nell&#8217;alimentazione<\/li>\n<li>disagio nel bere acqua fredda<\/li>\n<li>appetito selettivo (es. preferire cibi morbidi)<\/li>\n<li>mancanza di appetito e perdita di peso<\/li>\n<li>continui movimenti della testa<\/li>\n<li>aggressivit\u00e0 anomala<\/li>\n<\/ul>\n<p>[\/vc_column_text][vc_custom_heading text_color=&#8221;color-xsdn&#8221; heading_semantic=&#8221;h5&#8243; text_size=&#8221;h5&#8243; uncode_shortcode_id=&#8221;140260&#8243; text_color_type=&#8221;uncode-palette&#8221; el_class=&#8221;head-bordered&#8221;]L&#8217;alitosi \u00e8 normale nei pet?[\/vc_custom_heading][vc_column_text text_color=&#8221;color-xsdn&#8221; uncode_shortcode_id=&#8221;145255&#8243; text_color_type=&#8221;uncode-palette&#8221;]No, non \u00e8 normale per un pet soffrire di alitosi.<\/p>\n<p>L&#8217;alitosi \u00e8 causata da sostanze chimiche prodotte dai batteri associati alla parodontite. Sebbene la maggior parte dei petmate pensi che l&#8217;alitosi sia solo un problema estetico, studi scientifici hanno dimostrato che anche piccole quantit\u00e0 di queste sostanze chimiche sono dannose per i tessuti dentali e svolgono un ruolo nello sviluppo della parodontite. <sup>2<\/sup>[\/vc_column_text][vc_custom_heading text_color=&#8221;color-xsdn&#8221; heading_semantic=&#8221;h5&#8243; text_size=&#8221;h5&#8243; uncode_shortcode_id=&#8221;104854&#8243; text_color_type=&#8221;uncode-palette&#8221; el_class=&#8221;head-bordered&#8221;]Lo spazzolino da denti \u00e8 pi\u00f9 efficace rispetto ai masticativi?[\/vc_custom_heading][vc_column_text text_color=&#8221;color-xsdn&#8221; uncode_shortcode_id=&#8221;461905&#8243; text_color_type=&#8221;uncode-palette&#8221;]S\u00ec, \u00e8 stato dimostrato che spazzolare quotidianamente i denti \u00e8 tre volte pi\u00f9 efficace nel controllare la placca rispetto all&#8217;uso quotidiano di masticativi.<sup>3<\/sup>[\/vc_column_text][vc_custom_heading text_color=&#8221;color-xsdn&#8221; heading_semantic=&#8221;h5&#8243; text_size=&#8221;h5&#8243; uncode_shortcode_id=&#8221;258717&#8243; text_color_type=&#8221;uncode-palette&#8221; el_class=&#8221;head-bordered&#8221;]Dovrei lavare i denti al mio pet tutti i giorni?[\/vc_custom_heading][vc_column_text text_color=&#8221;color-xsdn&#8221; uncode_shortcode_id=&#8221;631206&#8243; text_color_type=&#8221;uncode-palette&#8221;]Pi\u00f9 spesso lavi i denti al tuo pet, pi\u00f9 giovamento avr\u00e0. Uno studio ha rilevato che lo spazzolino da denti riduce la placca del 37% se usato quotidianamente, del 25% se usato a giorni alterni e del 10% se usato settimanalmente.<sup>4<\/sup><\/p>\n<p>Anche se non riesci a lavare i denti ogni giorno al tuo pet, avr\u00e0 comunque qualche effetto, soprattutto se, nei giorni in cui non spazzoli i denti, lo abbini ad altri prodotti come gli additivi per acqua di bevanda.[\/vc_column_text][vc_button button_color=&#8221;color-197188&#8243; size=&#8221;btn-sm&#8221; border_width=&#8221;0&#8243; link=&#8221;url:%2Fit%2Fper-proprietari%2Fproblemi-dentali-frequenti%2F|title:Common%20dental%20problems&#8221; button_color_type=&#8221;uncode-palette&#8221; el_class=&#8221;button-light btn-bigger&#8221; uncode_shortcode_id=&#8221;334404&#8243;]SCORPI DI PIU&#8217; SUI PROBLEMI DENTALI &gt;[\/vc_button][\/vc_column][\/vc_row][vc_row row_height_percent=&#8221;50&#8243; back_image=&#8221;3785&#8243; overlay_alpha=&#8221;50&#8243; gutter_size=&#8221;3&#8243; column_width_percent=&#8221;100&#8243; shift_y=&#8221;0&#8243; z_index=&#8221;0&#8243; uncode_shortcode_id=&#8221;712864&#8243; css=&#8221;.vc_custom_1640124907142{margin-top: 15px !important;}&#8221;][vc_column width=&#8221;1\/1&#8243;][\/vc_column][\/vc_row][vc_row row_height_percent=&#8221;0&#8243; override_padding=&#8221;yes&#8221; h_padding=&#8221;2&#8243; top_padding=&#8221;3&#8243; bottom_padding=&#8221;1&#8243; back_color=&#8221;color-160397&#8243; overlay_alpha=&#8221;50&#8243; gutter_size=&#8221;3&#8243; column_width_percent=&#8221;100&#8243; shift_y=&#8221;0&#8243; z_index=&#8221;0&#8243; uncode_shortcode_id=&#8221;169673&#8243; back_color_type=&#8221;uncode-palette&#8221; el_id=&#8221;foot-owner&#8221; el_class=&#8221;site-footer&#8221;][vc_column column_width_percent=&#8221;100&#8243; gutter_size=&#8221;3&#8243; style=&#8221;dark&#8221; overlay_alpha=&#8221;50&#8243; shift_x=&#8221;0&#8243; shift_y=&#8221;0&#8243; shift_y_down=&#8221;0&#8243; z_index=&#8221;0&#8243; medium_width=&#8221;0&#8243; mobile_width=&#8221;0&#8243; width=&#8221;1\/1&#8243; uncode_shortcode_id=&#8221;204189&#8243;][vc_column_text text_lead=&#8221;small&#8221; uncode_shortcode_id=&#8221;144936&#8243;]<strong>Riferimenti bibliografici<\/strong><\/p>\n<p class=\"p1\">1. Bellows J et al. 2019 AAHA Dental Care Guidelines for Dogs and Cats. J Am Anim Hosp Assoc 2019;55(2):49\u201369. 2. Mateo A et al.\u00a0Evaluation of efficacy of a dental chew to reduce gingivitis, dental plaque, calculus, and halitosis in toy breed dogs. J Vet Dent\u00a02020;37(1):22\u201328. 3. Allan RM et al.\u00a0Prospective randomised blinded clinical trial assessing effectiveness of three dental plaque control methods in dogs. J Small Anim Pract\u00a02019;60(4):212\u2013217. 4. Harvey C et al. Effect of frequency of brushing teeth on plaque and calculus accumulation, and gingivitis in dogs. J Vet Dent 2015;32(1):16\u201321.<\/p>\n<p>[\/vc_column_text][\/vc_column][\/vc_row]<\/p>\n<\/div>","protected":false},"excerpt":{"rendered":"<p>[vc_row row_height_percent=&#8221;65&#8243; override_padding=&#8221;yes&#8221; h_padding=&#8221;2&#8243; top_padding=&#8221;4&#8243; bottom_padding=&#8221;4&#8243; back_image=&#8221;3788&#8243; back_position=&#8221;center top&#8221; overlay_alpha=&#8221;50&#8243; gutter_size=&#8221;3&#8243; column_width_percent=&#8221;100&#8243; shift_y=&#8221;0&#8243; z_index=&#8221;0&#8243; medium_visibility=&#8221;yes&#8221; mobile_visibility=&#8221;yes&#8221; uncode_shortcode_id=&#8221;155601&#8243;][vc_column column_width_percent=&#8221;100&#8243; position_vertical=&#8221;middle&#8221; gutter_size=&#8221;2&#8243; [&hellip;]<\/p>\n","protected":false},"author":2,"featured_media":0,"parent":3625,"menu_order":0,"comment_status":"closed","ping_status":"closed","template":"","meta":{"footnotes":""},"class_list":["post-3679","page","type-page","status-publish","hentry"],"yoast_head":"<!-- This site is optimized with the Yoast SEO plugin v24.6 - https:\/\/yoast.com\/wordpress\/plugins\/seo\/ -->\n<title>FAQs - Pet Owner | Pet Dental UK<\/title>\n<meta name=\"description\" content=\"Frequently asked questions. Answers to common questions from pet owners about dental problems in pets and home dental care. Pet Dental UK\" \/>\n<meta name=\"robots\" content=\"index, follow, max-snippet:-1, max-image-preview:large, max-video-preview:-1\" \/>\n<link rel=\"canonical\" href=\"https:\/\/dental.pet\/it\/per-proprietari\/faqs\/\" \/>\n<meta property=\"og:locale\" content=\"it_IT\" \/>\n<meta property=\"og:type\" content=\"article\" \/>\n<meta property=\"og:title\" content=\"FAQs - Pet Owner | Pet Dental UK\" \/>\n<meta property=\"og:description\" content=\"Frequently asked questions. Answers to common questions from pet owners about dental problems in pets and home dental care. Pet Dental UK\" \/>\n<meta property=\"og:url\" content=\"https:\/\/dental.pet\/it\/per-proprietari\/faqs\/\" \/>\n<meta property=\"og:site_name\" content=\"Italy\" \/>\n<meta property=\"article:modified_time\" content=\"2023-02-13T10:08:58+00:00\" \/>\n<meta name=\"twitter:card\" content=\"summary_large_image\" \/>\n<meta name=\"twitter:label1\" content=\"Tempo di lettura stimato\" \/>\n\t<meta name=\"twitter:data1\" content=\"3 minuti\" \/>\n<script type=\"application\/ld+json\" class=\"yoast-schema-graph\">{\"@context\":\"https:\/\/schema.org\",\"@graph\":[{\"@type\":\"WebPage\",\"@id\":\"https:\/\/dental.pet\/it\/per-proprietari\/faqs\/\",\"url\":\"https:\/\/dental.pet\/it\/per-proprietari\/faqs\/\",\"name\":\"FAQs - Pet Owner | Pet Dental UK\",\"isPartOf\":{\"@id\":\"https:\/\/dental.pet\/it\/#website\"},\"datePublished\":\"2021-12-21T19:53:57+00:00\",\"dateModified\":\"2023-02-13T10:08:58+00:00\",\"description\":\"Frequently asked questions. Answers to common questions from pet owners about dental problems in pets and home dental care. Pet Dental UK\",\"breadcrumb\":{\"@id\":\"https:\/\/dental.pet\/it\/per-proprietari\/faqs\/#breadcrumb\"},\"inLanguage\":\"it-IT\",\"potentialAction\":[{\"@type\":\"ReadAction\",\"target\":[\"https:\/\/dental.pet\/it\/per-proprietari\/faqs\/\"]}]},{\"@type\":\"BreadcrumbList\",\"@id\":\"https:\/\/dental.pet\/it\/per-proprietari\/faqs\/#breadcrumb\",\"itemListElement\":[{\"@type\":\"ListItem\",\"position\":1,\"name\":\"Home\",\"item\":\"https:\/\/dental.pet\/it\/\"},{\"@type\":\"ListItem\",\"position\":2,\"name\":\"Dental Pet by Animalcare per proprietari\",\"item\":\"https:\/\/dental.pet\/it\/per-proprietari\/\"},{\"@type\":\"ListItem\",\"position\":3,\"name\":\"FAQS\"}]},{\"@type\":\"WebSite\",\"@id\":\"https:\/\/dental.pet\/it\/#website\",\"url\":\"https:\/\/dental.pet\/it\/\",\"name\":\"Italy\",\"description\":\"Welcome to your Dental Pet Hub\",\"publisher\":{\"@id\":\"https:\/\/dental.pet\/it\/#organization\"},\"potentialAction\":[{\"@type\":\"SearchAction\",\"target\":{\"@type\":\"EntryPoint\",\"urlTemplate\":\"https:\/\/dental.pet\/it\/?s={search_term_string}\"},\"query-input\":{\"@type\":\"PropertyValueSpecification\",\"valueRequired\":true,\"valueName\":\"search_term_string\"}}],\"inLanguage\":\"it-IT\"},{\"@type\":\"Organization\",\"@id\":\"https:\/\/dental.pet\/it\/#organization\",\"name\":\"Pet Dental\",\"url\":\"https:\/\/dental.pet\/it\/\",\"logo\":{\"@type\":\"ImageObject\",\"inLanguage\":\"it-IT\",\"@id\":\"https:\/\/dental.pet\/it\/#\/schema\/logo\/image\/\",\"url\":\"http:\/\/dental.pet\/it\/wp-content\/uploads\/sites\/7\/2021\/10\/pet-dental-logo-dark.png\",\"contentUrl\":\"http:\/\/dental.pet\/it\/wp-content\/uploads\/sites\/7\/2021\/10\/pet-dental-logo-dark.png\",\"width\":328,\"height\":82,\"caption\":\"Pet Dental\"},\"image\":{\"@id\":\"https:\/\/dental.pet\/it\/#\/schema\/logo\/image\/\"}}]}<\/script>\n<!-- \/ Yoast SEO plugin. -->","yoast_head_json":{"title":"FAQs - Pet Owner | Pet Dental UK","description":"Frequently asked questions. Answers to common questions from pet owners about dental problems in pets and home dental care. Pet Dental UK","robots":{"index":"index","follow":"follow","max-snippet":"max-snippet:-1","max-image-preview":"max-image-preview:large","max-video-preview":"max-video-preview:-1"},"canonical":"https:\/\/dental.pet\/it\/per-proprietari\/faqs\/","og_locale":"it_IT","og_type":"article","og_title":"FAQs - Pet Owner | Pet Dental UK","og_description":"Frequently asked questions. Answers to common questions from pet owners about dental problems in pets and home dental care. Pet Dental UK","og_url":"https:\/\/dental.pet\/it\/per-proprietari\/faqs\/","og_site_name":"Italy","article_modified_time":"2023-02-13T10:08:58+00:00","twitter_card":"summary_large_image","twitter_misc":{"Tempo di lettura stimato":"3 minuti"},"schema":{"@context":"https:\/\/schema.org","@graph":[{"@type":"WebPage","@id":"https:\/\/dental.pet\/it\/per-proprietari\/faqs\/","url":"https:\/\/dental.pet\/it\/per-proprietari\/faqs\/","name":"FAQs - Pet Owner | Pet Dental UK","isPartOf":{"@id":"https:\/\/dental.pet\/it\/#website"},"datePublished":"2021-12-21T19:53:57+00:00","dateModified":"2023-02-13T10:08:58+00:00","description":"Frequently asked questions. Answers to common questions from pet owners about dental problems in pets and home dental care. Pet Dental UK","breadcrumb":{"@id":"https:\/\/dental.pet\/it\/per-proprietari\/faqs\/#breadcrumb"},"inLanguage":"it-IT","potentialAction":[{"@type":"ReadAction","target":["https:\/\/dental.pet\/it\/per-proprietari\/faqs\/"]}]},{"@type":"BreadcrumbList","@id":"https:\/\/dental.pet\/it\/per-proprietari\/faqs\/#breadcrumb","itemListElement":[{"@type":"ListItem","position":1,"name":"Home","item":"https:\/\/dental.pet\/it\/"},{"@type":"ListItem","position":2,"name":"Dental Pet by Animalcare per proprietari","item":"https:\/\/dental.pet\/it\/per-proprietari\/"},{"@type":"ListItem","position":3,"name":"FAQS"}]},{"@type":"WebSite","@id":"https:\/\/dental.pet\/it\/#website","url":"https:\/\/dental.pet\/it\/","name":"Italy","description":"Welcome to your Dental Pet Hub","publisher":{"@id":"https:\/\/dental.pet\/it\/#organization"},"potentialAction":[{"@type":"SearchAction","target":{"@type":"EntryPoint","urlTemplate":"https:\/\/dental.pet\/it\/?s={search_term_string}"},"query-input":{"@type":"PropertyValueSpecification","valueRequired":true,"valueName":"search_term_string"}}],"inLanguage":"it-IT"},{"@type":"Organization","@id":"https:\/\/dental.pet\/it\/#organization","name":"Pet Dental","url":"https:\/\/dental.pet\/it\/","logo":{"@type":"ImageObject","inLanguage":"it-IT","@id":"https:\/\/dental.pet\/it\/#\/schema\/logo\/image\/","url":"http:\/\/dental.pet\/it\/wp-content\/uploads\/sites\/7\/2021\/10\/pet-dental-logo-dark.png","contentUrl":"http:\/\/dental.pet\/it\/wp-content\/uploads\/sites\/7\/2021\/10\/pet-dental-logo-dark.png","width":328,"height":82,"caption":"Pet Dental"},"image":{"@id":"https:\/\/dental.pet\/it\/#\/schema\/logo\/image\/"}}]}},"_links":{"self":[{"href":"https:\/\/dental.pet\/it\/wp-json\/wp\/v2\/pages\/3679","targetHints":{"allow":["GET"]}}],"collection":[{"href":"https:\/\/dental.pet\/it\/wp-json\/wp\/v2\/pages"}],"about":[{"href":"https:\/\/dental.pet\/it\/wp-json\/wp\/v2\/types\/page"}],"author":[{"embeddable":true,"href":"https:\/\/dental.pet\/it\/wp-json\/wp\/v2\/users\/2"}],"replies":[{"embeddable":true,"href":"https:\/\/dental.pet\/it\/wp-json\/wp\/v2\/comments?post=3679"}],"version-history":[{"count":7,"href":"https:\/\/dental.pet\/it\/wp-json\/wp\/v2\/pages\/3679\/revisions"}],"predecessor-version":[{"id":7055,"href":"https:\/\/dental.pet\/it\/wp-json\/wp\/v2\/pages\/3679\/revisions\/7055"}],"up":[{"embeddable":true,"href":"https:\/\/dental.pet\/it\/wp-json\/wp\/v2\/pages\/3625"}],"wp:attachment":[{"href":"https:\/\/dental.pet\/it\/wp-json\/wp\/v2\/media?parent=3679"}],"curies":[{"name":"wp","href":"https:\/\/api.w.org\/{rel}","templated":true}]}}