{"id":3665,"date":"2021-12-21T19:31:32","date_gmt":"2021-12-21T19:31:32","guid":{"rendered":"https:\/\/dental.onpressidium.com\/?page_id=3665"},"modified":"2022-12-14T16:21:50","modified_gmt":"2022-12-14T15:21:50","slug":"problemi-dentali-frequenti","status":"publish","type":"page","link":"https:\/\/dental.pet\/it\/per-proprietari\/problemi-dentali-frequenti\/","title":{"rendered":"problemi dentali frequenti"},"content":{"rendered":"<div class=\"wpb-content-wrapper\"><p>[vc_row row_height_percent=&#8221;65&#8243; override_padding=&#8221;yes&#8221; h_padding=&#8221;2&#8243; top_padding=&#8221;4&#8243; bottom_padding=&#8221;4&#8243; back_image=&#8221;2891&#8243; back_position=&#8221;center top&#8221; overlay_alpha=&#8221;50&#8243; gutter_size=&#8221;3&#8243; column_width_percent=&#8221;100&#8243; shift_y=&#8221;0&#8243; z_index=&#8221;0&#8243; medium_visibility=&#8221;yes&#8221; mobile_visibility=&#8221;yes&#8221; uncode_shortcode_id=&#8221;190830&#8243;][vc_column column_width_percent=&#8221;100&#8243; position_vertical=&#8221;middle&#8221; gutter_size=&#8221;2&#8243; overlay_alpha=&#8221;50&#8243; shift_x=&#8221;0&#8243; shift_y=&#8221;0&#8243; shift_y_down=&#8221;0&#8243; z_index=&#8221;0&#8243; medium_width=&#8221;0&#8243; mobile_width=&#8221;0&#8243; css_animation=&#8221;bottom-t-top&#8221; width=&#8221;7\/12&#8243; uncode_shortcode_id=&#8221;497497&#8243; el_class=&#8221;z-index1&#8243;][vc_custom_heading text_color=&#8221;color-197188&#8243; heading_semantic=&#8221;div&#8221; text_size=&#8221;fontsize-158891&#8243; text_weight=&#8221;700&#8243; uncode_shortcode_id=&#8221;143713&#8243; text_color_type=&#8221;uncode-palette&#8221;]I problemi<br \/>\ndentali pi\u00f9<br \/>\nfrequenti<br \/>\nnei pet[\/vc_custom_heading][\/vc_column][vc_column width=&#8221;5\/12&#8243;][\/vc_column][\/vc_row][vc_row row_height_percent=&#8221;80&#8243; override_padding=&#8221;yes&#8221; h_padding=&#8221;0&#8243; top_padding=&#8221;0&#8243; bottom_padding=&#8221;4&#8243; back_image=&#8221;1420&#8243; back_repeat=&#8221;no-repeat&#8221; back_position=&#8221;left center&#8221; overlay_alpha=&#8221;50&#8243; gutter_size=&#8221;3&#8243; column_width_percent=&#8221;100&#8243; shift_y=&#8221;0&#8243; z_index=&#8221;0&#8243; desktop_visibility=&#8221;yes&#8221; uncode_shortcode_id=&#8221;575826&#8243; back_size=&#8221;cover&#8221;][vc_column column_width_percent=&#8221;100&#8243; position_vertical=&#8221;middle&#8221; gutter_size=&#8221;2&#8243; overlay_alpha=&#8221;50&#8243; shift_x=&#8221;0&#8243; shift_y=&#8221;0&#8243; shift_y_down=&#8221;0&#8243; z_index=&#8221;0&#8243; medium_width=&#8221;0&#8243; mobile_width=&#8221;0&#8243; css_animation=&#8221;bottom-t-top&#8221; width=&#8221;1\/1&#8243; uncode_shortcode_id=&#8221;497497&#8243; el_class=&#8221;z-index1&#8243;][vc_single_image media=&#8221;83&#8243; media_width_percent=&#8221;100&#8243; uncode_shortcode_id=&#8221;172547&#8243;][vc_row_inner row_inner_height_percent=&#8221;0&#8243; overlay_alpha=&#8221;50&#8243; gutter_size=&#8221;3&#8243; shift_y=&#8221;0&#8243; z_index=&#8221;0&#8243; uncode_shortcode_id=&#8221;102213&#8243; css=&#8221;.vc_custom_1640120085645{padding-top: 50px !important;padding-right: 36px !important;padding-left: 36px !important;}&#8221; limit_content=&#8221;&#8221;][vc_column_inner column_width_percent=&#8221;100&#8243; gutter_size=&#8221;2&#8243; overlay_alpha=&#8221;50&#8243; shift_x=&#8221;0&#8243; shift_y=&#8221;0&#8243; shift_y_down=&#8221;0&#8243; z_index=&#8221;0&#8243; medium_width=&#8221;0&#8243; mobile_width=&#8221;0&#8243; width=&#8221;1\/1&#8243; uncode_shortcode_id=&#8221;369684&#8243;][vc_custom_heading text_color=&#8221;color-197188&#8243; heading_semantic=&#8221;div&#8221; text_size=&#8221;fontsize-158891&#8243; text_weight=&#8221;700&#8243; uncode_shortcode_id=&#8221;391778&#8243; text_color_type=&#8221;uncode-palette&#8221;]I problemi<br \/>\ndentali pi\u00f9<br \/>\nfrequenti<br \/>\nnei pets[\/vc_custom_heading][\/vc_column_inner][\/vc_row_inner][\/vc_column][\/vc_row][vc_row row_height_percent=&#8221;0&#8243; override_padding=&#8221;yes&#8221; h_padding=&#8221;2&#8243; top_padding=&#8221;5&#8243; bottom_padding=&#8221;5&#8243; overlay_alpha=&#8221;50&#8243; gutter_size=&#8221;3&#8243; column_width_percent=&#8221;100&#8243; shift_y=&#8221;0&#8243; z_index=&#8221;0&#8243; uncode_shortcode_id=&#8221;105515&#8243; el_id=&#8221;theWhyHome&#8221; el_class=&#8221;pc-section-shape-background-grey&#8221;][vc_column column_width_percent=&#8221;100&#8243; position_vertical=&#8221;middle&#8221; gutter_size=&#8221;3&#8243; overlay_alpha=&#8221;50&#8243; shift_x=&#8221;0&#8243; shift_y=&#8221;0&#8243; shift_y_down=&#8221;0&#8243; z_index=&#8221;0&#8243; medium_width=&#8221;0&#8243; mobile_width=&#8221;0&#8243; width=&#8221;1\/1&#8243; uncode_shortcode_id=&#8221;560473&#8243; css=&#8221;.vc_custom_1633967275694{padding-top: 30px !important;}&#8221;][vc_custom_heading text_color=&#8221;color-108211&#8243; heading_semantic=&#8221;div&#8221; text_size=&#8221;fontsize-158891&#8243; text_weight=&#8221;700&#8243; css_animation=&#8221;alpha-anim&#8221; uncode_shortcode_id=&#8221;173611&#8243; text_color_type=&#8221;uncode-palette&#8221;]Perch\u00e8 le cure dentali sono cos\u00ec importanti nei pet?[\/vc_custom_heading][vc_column_text text_color=&#8221;color-prif&#8221; uncode_shortcode_id=&#8221;527818&#8243; text_color_type=&#8221;uncode-palette&#8221;]<\/p>\n<p style=\"font-size: 20px\">Sapevi che i problemi dentali pi\u00f9 comuni nei pet sono diversi rispetto a quelli delle persone?<sup>1,2<\/sup><\/p>\n<p>E&#8217; vero, mentre il problema principale per le persone sono le carie, i pet hanno maggior probabilit\u00e0 di soffrire di parodontite.<sup>1\u20133<\/sup> In effetti, la parodontite \u00e8 cos\u00ec comune che colpisce la stragrande maggioranza dei cani e dei gatti di et\u00e0 superiore ai 3 anni.<sup>4<\/sup>[\/vc_column_text][vc_row_inner row_inner_height_percent=&#8221;0&#8243; overlay_alpha=&#8221;50&#8243; equal_height=&#8221;yes&#8221; gutter_size=&#8221;0&#8243; shift_y=&#8221;0&#8243; z_index=&#8221;0&#8243; limit_content=&#8221;&#8221; uncode_shortcode_id=&#8221;111127&#8243;][vc_column_inner column_width_percent=&#8221;100&#8243; gutter_size=&#8221;3&#8243; back_color=&#8221;color-197188&#8243; overlay_alpha=&#8221;50&#8243; shift_x=&#8221;0&#8243; shift_y=&#8221;0&#8243; shift_y_down=&#8221;0&#8243; z_index=&#8221;0&#8243; medium_width=&#8221;0&#8243; mobile_width=&#8221;0&#8243; width=&#8221;1\/2&#8243; uncode_shortcode_id=&#8221;114241&#8243; back_color_type=&#8221;uncode-palette&#8221; el_class=&#8221;grid-column&#8221;][vc_icon icon_image=&#8221;604&#8243; media_size=&#8221;95&#8243; uncode_shortcode_id=&#8221;566798&#8243; title=&#8221;9 cani adulti su 10&#8243; el_class=&#8221;icon-center&#8221;][\/vc_icon][vc_icon icon_image=&#8221;601&#8243; media_size=&#8221;80&#8243; uncode_shortcode_id=&#8221;193532&#8243; title=&#8221;7 gatti adulti su 10&#8243; el_class=&#8221;icon-center&#8221;][\/vc_icon][vc_column_text text_color=&#8221;color-108211&#8243; uncode_shortcode_id=&#8221;147249&#8243; text_color_type=&#8221;uncode-palette&#8221; el_class=&#8221;grid-column-last&#8221;]La parodontite si verifica quando i tessuti che circondano i denti si infettano e si infiammano. La prima parte della bocca ad infiammarsi sono le gengive (gengivite). L&#8217;infezione, se non trattata, spesso si diffonde pi\u00f9 in profondit\u00e0 fino a distruggere l&#8217;osso dentale causando, nel tempo, la caduta del dente.<sup>1<\/sup>[\/vc_column_text][\/vc_column_inner][vc_column_inner column_width_percent=&#8221;100&#8243; gutter_size=&#8221;3&#8243; back_image=&#8221;3632&#8243; overlay_alpha=&#8221;50&#8243; shift_x=&#8221;0&#8243; shift_y=&#8221;0&#8243; shift_y_down=&#8221;0&#8243; z_index=&#8221;0&#8243; medium_width=&#8221;0&#8243; mobile_width=&#8221;0&#8243; width=&#8221;1\/2&#8243; uncode_shortcode_id=&#8221;105916&#8243;][vc_empty_space empty_h=&#8221;5&#8243;][\/vc_column_inner][\/vc_row_inner][vc_column_text text_color=&#8221;color-prif&#8221; uncode_shortcode_id=&#8221;870230&#8243; text_color_type=&#8221;uncode-palette&#8221;]La parodontite non \u00e8 solo la causa di alitosi. Se non trattata, pu\u00f2 causare <strong>dolore cronico e grave disagio<\/strong> per il tuo pet <sup>5<\/sup>. Spesso gli animali non mostrano segni di dolore, quindi anche se il tuo cane o gatto mangia normalmente questo non significa che non stia soffrendo.[\/vc_column_text][vc_button button_color=&#8221;color-197188&#8243; size=&#8221;btn-sm&#8221; border_width=&#8221;0&#8243; link=&#8221;url:%2Fit%2Fper-proprietari%2Ffaqs%2F|title:Which%20dental%20care%20routine%3F&#8221; button_color_type=&#8221;uncode-palette&#8221; el_class=&#8221;button-light&#8221; uncode_shortcode_id=&#8221;165387&#8243;]SCOPRI COSA PUOI FARE PER I DENTI DEL TUO PET &gt;[\/vc_button][\/vc_column][\/vc_row][vc_row row_height_percent=&#8221;0&#8243; override_padding=&#8221;yes&#8221; h_padding=&#8221;2&#8243; top_padding=&#8221;3&#8243; bottom_padding=&#8221;1&#8243; back_color=&#8221;color-160397&#8243; overlay_alpha=&#8221;50&#8243; gutter_size=&#8221;3&#8243; column_width_percent=&#8221;100&#8243; shift_y=&#8221;0&#8243; z_index=&#8221;0&#8243; uncode_shortcode_id=&#8221;169673&#8243; back_color_type=&#8221;uncode-palette&#8221; el_id=&#8221;foot-owner&#8221; el_class=&#8221;site-footer&#8221;][vc_column column_width_percent=&#8221;100&#8243; gutter_size=&#8221;3&#8243; style=&#8221;dark&#8221; overlay_alpha=&#8221;50&#8243; shift_x=&#8221;0&#8243; shift_y=&#8221;0&#8243; shift_y_down=&#8221;0&#8243; z_index=&#8221;0&#8243; medium_width=&#8221;0&#8243; mobile_width=&#8221;0&#8243; width=&#8221;1\/1&#8243; uncode_shortcode_id=&#8221;204189&#8243;][vc_column_text text_lead=&#8221;small&#8221; uncode_shortcode_id=&#8221;130553&#8243;]<strong>Riferimenti bibliografici<\/strong><\/p>\n<p class=\"p1\"><span class=\"s1\">1. Hiscox L and Bellows J. Available at: <a href=\"https:\/\/vcahospitals.com\/know-your-pet\/dental-disease-in-dogs\" target=\"_blank\" rel=\"noopener\">https:\/\/vcahospitals.com\/know-your-pet\/dental-disease-in-dogs<\/a> [Accessed January 2022]. 2. Hiscox L and Bellows J. Available at: <a href=\"https:\/\/vcahospitals.com\/know-your-pet\/dental-disease-in-cats\" target=\"_blank\" rel=\"noopener\">https:\/\/vcahospitals.com\/know-your-pet\/dental-disease-in-cats<\/a> [Accessed January 2022<\/span><span class=\"s1\">]. 3.\u00a0WHO. Available at: <a href=\"https:\/\/www.euro.who.int\/en\/health-topics\/disease-prevention\/oral-health\/data-and-statistics\" target=\"_blank\" rel=\"noopener\"><span class=\"s2\">https:\/\/www.euro.who.int\/en\/health-topics\/disease-prevention\/oral-health\/data-and-statistics<\/span><\/a> [Accessed January 2022]. 4. Royal Veterinary College. Available at: <a href=\"https:\/\/www.rvc.ac.uk\/review\/dentistry\/Shared_Media\/pdfs\/perio_print.pdf\" target=\"_blank\" rel=\"noopener\">https:\/\/www.rvc.ac.uk\/review\/dentistry\/Shared_Media\/pdfs\/perio_print.pdf<\/a> [Accessed January 2022]. 5. American Animal Hospital Association. Available at: <a href=\"https:\/\/www.aaha.org\/aaha-guidelines\/dental-care\/dental-care-home\/\" target=\"_blank\" rel=\"noopener\">https:\/\/www.aaha.org\/aaha-guidelines\/dental-care\/dental-care-home\/<\/a> [Accessed January 2022].<\/span><\/p>\n<p>[\/vc_column_text][\/vc_column][\/vc_row]<\/p>\n<\/div>","protected":false},"excerpt":{"rendered":"<p>[vc_row row_height_percent=&#8221;65&#8243; override_padding=&#8221;yes&#8221; h_padding=&#8221;2&#8243; top_padding=&#8221;4&#8243; bottom_padding=&#8221;4&#8243; back_image=&#8221;2891&#8243; back_position=&#8221;center top&#8221; overlay_alpha=&#8221;50&#8243; gutter_size=&#8221;3&#8243; column_width_percent=&#8221;100&#8243; shift_y=&#8221;0&#8243; z_index=&#8221;0&#8243; medium_visibility=&#8221;yes&#8221; mobile_visibility=&#8221;yes&#8221; uncode_shortcode_id=&#8221;190830&#8243;][vc_column column_width_percent=&#8221;100&#8243; position_vertical=&#8221;middle&#8221; gutter_size=&#8221;2&#8243; [&hellip;]<\/p>\n","protected":false},"author":2,"featured_media":0,"parent":3625,"menu_order":0,"comment_status":"closed","ping_status":"closed","template":"","meta":{"footnotes":""},"class_list":["post-3665","page","type-page","status-publish","hentry"],"yoast_head":"<!-- This site is optimized with the Yoast SEO plugin v24.6 - https:\/\/yoast.com\/wordpress\/plugins\/seo\/ -->\n<title>Common pet dental problems - Pet Owner | Pet Dental UK<\/title>\n<meta name=\"description\" content=\"Common dental problems in pets. Information for pet owners about periodontal disease in cats and dogs. Pet Dental UK\" \/>\n<meta name=\"robots\" content=\"index, follow, max-snippet:-1, max-image-preview:large, max-video-preview:-1\" \/>\n<link rel=\"canonical\" href=\"https:\/\/dental.pet\/it\/per-proprietari\/problemi-dentali-frequenti\/\" \/>\n<meta property=\"og:locale\" content=\"it_IT\" \/>\n<meta property=\"og:type\" content=\"article\" \/>\n<meta property=\"og:title\" content=\"Common pet dental problems - Pet Owner | Pet Dental UK\" \/>\n<meta property=\"og:description\" content=\"Common dental problems in pets. Information for pet owners about periodontal disease in cats and dogs. Pet Dental UK\" \/>\n<meta property=\"og:url\" content=\"https:\/\/dental.pet\/it\/per-proprietari\/problemi-dentali-frequenti\/\" \/>\n<meta property=\"og:site_name\" content=\"Italy\" \/>\n<meta property=\"article:modified_time\" content=\"2022-12-14T15:21:50+00:00\" \/>\n<meta name=\"twitter:card\" content=\"summary_large_image\" \/>\n<meta name=\"twitter:label1\" content=\"Tempo di lettura stimato\" \/>\n\t<meta name=\"twitter:data1\" content=\"3 minuti\" \/>\n<script type=\"application\/ld+json\" class=\"yoast-schema-graph\">{\"@context\":\"https:\/\/schema.org\",\"@graph\":[{\"@type\":\"WebPage\",\"@id\":\"https:\/\/dental.pet\/it\/per-proprietari\/problemi-dentali-frequenti\/\",\"url\":\"https:\/\/dental.pet\/it\/per-proprietari\/problemi-dentali-frequenti\/\",\"name\":\"Common pet dental problems - Pet Owner | Pet Dental UK\",\"isPartOf\":{\"@id\":\"https:\/\/dental.pet\/it\/#website\"},\"datePublished\":\"2021-12-21T19:31:32+00:00\",\"dateModified\":\"2022-12-14T15:21:50+00:00\",\"description\":\"Common dental problems in pets. Information for pet owners about periodontal disease in cats and dogs. Pet Dental UK\",\"breadcrumb\":{\"@id\":\"https:\/\/dental.pet\/it\/per-proprietari\/problemi-dentali-frequenti\/#breadcrumb\"},\"inLanguage\":\"it-IT\",\"potentialAction\":[{\"@type\":\"ReadAction\",\"target\":[\"https:\/\/dental.pet\/it\/per-proprietari\/problemi-dentali-frequenti\/\"]}]},{\"@type\":\"BreadcrumbList\",\"@id\":\"https:\/\/dental.pet\/it\/per-proprietari\/problemi-dentali-frequenti\/#breadcrumb\",\"itemListElement\":[{\"@type\":\"ListItem\",\"position\":1,\"name\":\"Home\",\"item\":\"https:\/\/dental.pet\/it\/\"},{\"@type\":\"ListItem\",\"position\":2,\"name\":\"Dental Pet by Animalcare per proprietari\",\"item\":\"https:\/\/dental.pet\/it\/per-proprietari\/\"},{\"@type\":\"ListItem\",\"position\":3,\"name\":\"problemi dentali frequenti\"}]},{\"@type\":\"WebSite\",\"@id\":\"https:\/\/dental.pet\/it\/#website\",\"url\":\"https:\/\/dental.pet\/it\/\",\"name\":\"Italy\",\"description\":\"Welcome to your Dental Pet Hub\",\"publisher\":{\"@id\":\"https:\/\/dental.pet\/it\/#organization\"},\"potentialAction\":[{\"@type\":\"SearchAction\",\"target\":{\"@type\":\"EntryPoint\",\"urlTemplate\":\"https:\/\/dental.pet\/it\/?s={search_term_string}\"},\"query-input\":{\"@type\":\"PropertyValueSpecification\",\"valueRequired\":true,\"valueName\":\"search_term_string\"}}],\"inLanguage\":\"it-IT\"},{\"@type\":\"Organization\",\"@id\":\"https:\/\/dental.pet\/it\/#organization\",\"name\":\"Pet Dental\",\"url\":\"https:\/\/dental.pet\/it\/\",\"logo\":{\"@type\":\"ImageObject\",\"inLanguage\":\"it-IT\",\"@id\":\"https:\/\/dental.pet\/it\/#\/schema\/logo\/image\/\",\"url\":\"http:\/\/dental.pet\/it\/wp-content\/uploads\/sites\/7\/2021\/10\/pet-dental-logo-dark.png\",\"contentUrl\":\"http:\/\/dental.pet\/it\/wp-content\/uploads\/sites\/7\/2021\/10\/pet-dental-logo-dark.png\",\"width\":328,\"height\":82,\"caption\":\"Pet Dental\"},\"image\":{\"@id\":\"https:\/\/dental.pet\/it\/#\/schema\/logo\/image\/\"}}]}<\/script>\n<!-- \/ Yoast SEO plugin. -->","yoast_head_json":{"title":"Common pet dental problems - Pet Owner | Pet Dental UK","description":"Common dental problems in pets. Information for pet owners about periodontal disease in cats and dogs. Pet Dental UK","robots":{"index":"index","follow":"follow","max-snippet":"max-snippet:-1","max-image-preview":"max-image-preview:large","max-video-preview":"max-video-preview:-1"},"canonical":"https:\/\/dental.pet\/it\/per-proprietari\/problemi-dentali-frequenti\/","og_locale":"it_IT","og_type":"article","og_title":"Common pet dental problems - Pet Owner | Pet Dental UK","og_description":"Common dental problems in pets. Information for pet owners about periodontal disease in cats and dogs. Pet Dental UK","og_url":"https:\/\/dental.pet\/it\/per-proprietari\/problemi-dentali-frequenti\/","og_site_name":"Italy","article_modified_time":"2022-12-14T15:21:50+00:00","twitter_card":"summary_large_image","twitter_misc":{"Tempo di lettura stimato":"3 minuti"},"schema":{"@context":"https:\/\/schema.org","@graph":[{"@type":"WebPage","@id":"https:\/\/dental.pet\/it\/per-proprietari\/problemi-dentali-frequenti\/","url":"https:\/\/dental.pet\/it\/per-proprietari\/problemi-dentali-frequenti\/","name":"Common pet dental problems - Pet Owner | Pet Dental UK","isPartOf":{"@id":"https:\/\/dental.pet\/it\/#website"},"datePublished":"2021-12-21T19:31:32+00:00","dateModified":"2022-12-14T15:21:50+00:00","description":"Common dental problems in pets. Information for pet owners about periodontal disease in cats and dogs. Pet Dental UK","breadcrumb":{"@id":"https:\/\/dental.pet\/it\/per-proprietari\/problemi-dentali-frequenti\/#breadcrumb"},"inLanguage":"it-IT","potentialAction":[{"@type":"ReadAction","target":["https:\/\/dental.pet\/it\/per-proprietari\/problemi-dentali-frequenti\/"]}]},{"@type":"BreadcrumbList","@id":"https:\/\/dental.pet\/it\/per-proprietari\/problemi-dentali-frequenti\/#breadcrumb","itemListElement":[{"@type":"ListItem","position":1,"name":"Home","item":"https:\/\/dental.pet\/it\/"},{"@type":"ListItem","position":2,"name":"Dental Pet by Animalcare per proprietari","item":"https:\/\/dental.pet\/it\/per-proprietari\/"},{"@type":"ListItem","position":3,"name":"problemi dentali frequenti"}]},{"@type":"WebSite","@id":"https:\/\/dental.pet\/it\/#website","url":"https:\/\/dental.pet\/it\/","name":"Italy","description":"Welcome to your Dental Pet Hub","publisher":{"@id":"https:\/\/dental.pet\/it\/#organization"},"potentialAction":[{"@type":"SearchAction","target":{"@type":"EntryPoint","urlTemplate":"https:\/\/dental.pet\/it\/?s={search_term_string}"},"query-input":{"@type":"PropertyValueSpecification","valueRequired":true,"valueName":"search_term_string"}}],"inLanguage":"it-IT"},{"@type":"Organization","@id":"https:\/\/dental.pet\/it\/#organization","name":"Pet Dental","url":"https:\/\/dental.pet\/it\/","logo":{"@type":"ImageObject","inLanguage":"it-IT","@id":"https:\/\/dental.pet\/it\/#\/schema\/logo\/image\/","url":"http:\/\/dental.pet\/it\/wp-content\/uploads\/sites\/7\/2021\/10\/pet-dental-logo-dark.png","contentUrl":"http:\/\/dental.pet\/it\/wp-content\/uploads\/sites\/7\/2021\/10\/pet-dental-logo-dark.png","width":328,"height":82,"caption":"Pet Dental"},"image":{"@id":"https:\/\/dental.pet\/it\/#\/schema\/logo\/image\/"}}]}},"_links":{"self":[{"href":"https:\/\/dental.pet\/it\/wp-json\/wp\/v2\/pages\/3665","targetHints":{"allow":["GET"]}}],"collection":[{"href":"https:\/\/dental.pet\/it\/wp-json\/wp\/v2\/pages"}],"about":[{"href":"https:\/\/dental.pet\/it\/wp-json\/wp\/v2\/types\/page"}],"author":[{"embeddable":true,"href":"https:\/\/dental.pet\/it\/wp-json\/wp\/v2\/users\/2"}],"replies":[{"embeddable":true,"href":"https:\/\/dental.pet\/it\/wp-json\/wp\/v2\/comments?post=3665"}],"version-history":[{"count":6,"href":"https:\/\/dental.pet\/it\/wp-json\/wp\/v2\/pages\/3665\/revisions"}],"predecessor-version":[{"id":6752,"href":"https:\/\/dental.pet\/it\/wp-json\/wp\/v2\/pages\/3665\/revisions\/6752"}],"up":[{"embeddable":true,"href":"https:\/\/dental.pet\/it\/wp-json\/wp\/v2\/pages\/3625"}],"wp:attachment":[{"href":"https:\/\/dental.pet\/it\/wp-json\/wp\/v2\/media?parent=3665"}],"curies":[{"name":"wp","href":"https:\/\/api.w.org\/{rel}","templated":true}]}}