{"id":2860,"date":"2021-10-25T17:21:33","date_gmt":"2021-10-25T17:21:33","guid":{"rendered":"http:\/\/dental.onpressidium.com\/?page_id=2860"},"modified":"2023-02-09T11:00:05","modified_gmt":"2023-02-09T10:00:05","slug":"cookies","status":"publish","type":"page","link":"https:\/\/dental.pet\/it\/per-veterinari\/cookies\/","title":{"rendered":"Cookies per veterinari"},"content":{"rendered":"<div class=\"wpb-content-wrapper\"><p>[vc_row row_height_percent=&#8221;33&#8243; override_padding=&#8221;yes&#8221; h_padding=&#8221;2&#8243; top_padding=&#8221;4&#8243; bottom_padding=&#8221;4&#8243; back_image=&#8221;2893&#8243; back_position=&#8221;left top&#8221; overlay_alpha=&#8221;50&#8243; gutter_size=&#8221;3&#8243; column_width_percent=&#8221;100&#8243; shift_y=&#8221;0&#8243; z_index=&#8221;0&#8243; uncode_shortcode_id=&#8221;564743&#8243;][vc_column column_width_percent=&#8221;100&#8243; position_vertical=&#8221;middle&#8221; gutter_size=&#8221;3&#8243; overlay_alpha=&#8221;50&#8243; shift_x=&#8221;0&#8243; shift_y=&#8221;0&#8243; shift_y_down=&#8221;0&#8243; z_index=&#8221;0&#8243; medium_width=&#8221;0&#8243; mobile_width=&#8221;0&#8243; css_animation=&#8221;bottom-t-top&#8221; width=&#8221;3\/4&#8243; uncode_shortcode_id=&#8221;112221&#8243; el_class=&#8221;z-index1&#8243;][vc_custom_heading text_color=&#8221;color-197188&#8243; heading_semantic=&#8221;div&#8221; text_size=&#8221;fontsize-158891&#8243; text_weight=&#8221;700&#8243; uncode_shortcode_id=&#8221;207732&#8243; text_color_type=&#8221;uncode-palette&#8221;]Cookie policy[\/vc_custom_heading][\/vc_column][vc_column width=&#8221;1\/4&#8243;][\/vc_column][\/vc_row][vc_row row_height_percent=&#8221;0&#8243; override_padding=&#8221;yes&#8221; h_padding=&#8221;2&#8243; top_padding=&#8221;5&#8243; bottom_padding=&#8221;7&#8243; overlay_alpha=&#8221;50&#8243; gutter_size=&#8221;3&#8243; column_width_percent=&#8221;100&#8243; shift_y=&#8221;0&#8243; z_index=&#8221;0&#8243; uncode_shortcode_id=&#8221;178923&#8243; el_id=&#8221;accordion-dark&#8221; el_class=&#8221;pc-section-shape-background-grey&#8221;][vc_column column_width_percent=&#8221;100&#8243; position_vertical=&#8221;middle&#8221; gutter_size=&#8221;3&#8243; expand_height=&#8221;yes&#8221; overlay_alpha=&#8221;50&#8243; shift_x=&#8221;0&#8243; shift_y=&#8221;0&#8243; shift_y_down=&#8221;0&#8243; z_index=&#8221;0&#8243; medium_width=&#8221;0&#8243; mobile_width=&#8221;0&#8243; width=&#8221;1\/1&#8243; uncode_shortcode_id=&#8221;409797&#8243;][vc_column_text uncode_shortcode_id=&#8221;367548&#8243;]<strong>I cookie e benefici<\/strong><\/p>\n<p>Il sito Web di Ecuphar utilizza i cookie, come quasi tutti i siti Web, per aiutarti a offrirti la migliore esperienza possibile.\u00a0I cookie sono piccoli file di testo che vengono depositati sul tuo computer o smartphone quando navighi sui siti web.<\/p>\n<p>I nostri cookie ci aiutano a:<\/p>\n<ul>\n<li>Far funzionare il sito Web di Ecuphar come ti aspetteresti<\/li>\n<li>Ricordare le tue impostazioni durante e tra le visite<\/li>\n<li>Migliorare la velocit\u00e0\/sicurezza del sito<\/li>\n<li>Migliorare continuamente il nostro sito web per te<\/li>\n<\/ul>\n<p>Non utilizziamo i cookie per:<\/p>\n<ul>\n<li>Raccogliere qualsiasi informazione di identificazione personale (senza la tua esplicita autorizzazione)<\/li>\n<li>Raccogliere qualsiasi informazione sensibile come definita nel GDPR (UE 2016\/679) (senza la tua espressa autorizzazione)<\/li>\n<li>Trasmettere i dati di identificazione personale a terzi<\/li>\n<li>Pagare le commissioni di vendita<\/li>\n<\/ul>\n<p>I cookie utilizzati all&#8217;interno dell&#8217;URL sono i seguenti:<\/p>\n<div id=\"tablepress-1_wrapper\" class=\"dataTables_wrapper no-footer\">\n<table id=\"tablepress-1\" class=\"tablepress tablepress-id-1 dataTable no-footer\" role=\"grid\">\n<thead>\n<tr class=\"row-1 odd\" role=\"row\">\n<th class=\"column-1 sorting_disabled\" colspan=\"1\" rowspan=\"1\">Cookie<\/th>\n<th class=\"column-2 sorting_disabled\" colspan=\"1\" rowspan=\"1\">Scopo<\/th>\n<th class=\"column-3 sorting_disabled\" colspan=\"1\" rowspan=\"1\">Maggiori informazioni<\/th>\n<\/tr>\n<\/thead>\n<tbody class=\"row-hover\">\n<tr class=\"row-2 even\">\n<td class=\"column-1\">Sessione<\/td>\n<td class=\"column-2\">Consentono la manutenzione, la funzionalit\u00e0 e il flusso della tua sessione<\/td>\n<td class=\"column-3\"><\/td>\n<\/tr>\n<tr class=\"row-3 odd\">\n<td class=\"column-1\">Personalizzazione<\/td>\n<td class=\"column-2\">Consentono al sito web di ricordare gli utenti che hanno effettuato l&#8217;accesso e le loro preferenze.\u00a0Ci\u00f2 includer\u00e0 se la persona ha accettato la politica e il monitoraggio dei cookie<\/td>\n<td class=\"column-3\"><\/td>\n<\/tr>\n<tr class=\"row-4 even\">\n<td class=\"column-1\">statistiche di Google<\/td>\n<td class=\"column-2\">Questi cookie vengono utilizzati per raccogliere informazioni su come i visitatori utilizzano il nostro sito, che utilizziamo per migliorarlo.\u00a0I cookie raccolgono informazioni in forma anonima, compreso il numero di visitatori del sito, da dove i visitatori sono giunti al sito e le pagine che hanno visitato.<\/td>\n<td class=\"column-3\">Fare clic qui per una panoramica della privacy in Google\u00a0<a href=\"https:\/\/marketingplatform.google.com\/about\/\" target=\"_blank\" rel=\"noopener\">Fare clic qui per una panoramica della privacy in Google<\/a><\/td>\n<\/tr>\n<\/tbody>\n<\/table>\n<\/div>\n<p>La maggior parte dei browser web consente il controllo dei cookie attraverso le impostazioni del browser.\u00a0Per saperne di pi\u00f9 sui cookie, incluso come vedere quali cookie sono stati impostati e come gestirli ed eliminarli, visitare\u00a0<a href=\"http:\/\/www.allaboutcookies.org\/\">www.allaboutcookies.org<\/a>\u00a0.<\/p>\n<p>Per disattivare il monitoraggio di Google Analytics su tutti i siti Web, visitare\u00a0<a href=\"http:\/\/tools.google.com\/dlpage\/gaoptout\">http:\/\/tools.google.com\/dlpage\/gaoptout\u00a0<\/a><a href=\"http:\/\/tools.google.com\/dlpage\/gaoptout.\">.<\/a><\/p>\n<p><strong>\u00a0<\/strong><strong>Concedendoci il permesso di utilizzare i cookie<\/strong><\/p>\n<p>Se le impostazioni del software che stai utilizzando per visualizzare questo sito Web (il tuo browser) sono regolate per accettare i cookie, riteniamo che questo e il tuo uso continuato del nostro sito Web significhino che sei d&#8217;accordo con questo.\u00a0Se desideri rimuovere o non utilizzare i cookie dal nostro sito, puoi scoprire come farlo di seguito, tuttavia, ci\u00f2 potrebbe significare che il nostro sito non funzioner\u00e0 come ti aspetteresti.<\/p>\n<p><strong>Maggiori informazioni sui nostri cookie<\/strong><\/p>\n<p>Utilizziamo i cookie per far funzionare il nostro sito Web, tra cui:<\/p>\n<ul>\n<li>Ricordando le tue impostazioni<\/li>\n<\/ul>\n<p>Non vi \u00e8 alcun modo per impedire l&#8217;utilizzo e l&#8217;impostazione di cookie funzionali, di personalizzazione e di tracciamento anonimizzati se non per non utilizzare il nostro sito.<\/p>\n<p>Verr\u00e0 richiesto il tuo consenso per qualsiasi tracciamento personalizzato.\u00a0Tale consenso viene catturato in un cookie specifico come sopra indicato.<\/p>\n<p><strong>Cookie statistici anonimi dei visitatori<\/strong><\/p>\n<p>Utilizziamo i cookie per compilare statistiche sui visitatori come quante persone hanno visitato il nostro sito Web, che tipo di tecnologia stanno utilizzando (ad es. Mac o Windows), quanto tempo trascorrono sul sito, quale pagina guardano, ecc. Questo ci aiuta per migliorare continuamente il nostro sito web.\u00a0Questi cosiddetti programmi di &#8220;analisi&#8221; ci dicono anche, su base anonima, come le persone hanno raggiunto il nostro sito (ad esempio da un motore di ricerca) e se sono gi\u00e0 state qui prima, aiutandoci a mettere pi\u00f9 risorse per migliorare il nostro sito per te.<\/p>\n<p>I cookie di terze parti sono impostati da:<\/p>\n<ul>\n<li>Google Analytics \u2013 ci forniscono informazioni anonime su come i visitatori interagiscono con il nostro sito<\/li>\n<\/ul>\n<p><strong>Disattivare i cookie<\/strong><\/p>\n<p>Di solito puoi disattivare i cookie regolando le impostazioni del tuo browser (\u00a0<a href=\"https:\/\/www.aboutcookies.org\/how-to-control-cookies\/\">scopri come qui<\/a>\u00a0).\u00a0Ci\u00f2, tuttavia, probabilmente limiter\u00e0 la funzionalit\u00e0 del nostro sito Web e di gran parte degli altri siti Web del mondo, poich\u00e9 i cookie sono una parte standard della maggior parte dei siti Web moderni.<\/p>\n<p>Se desideri avere un maggiore controllo sull&#8217;installazione dei cookie, puoi installare programmi o componenti aggiuntivi sul tuo browser, noti come strumenti &#8220;Do Not Track&#8221;, che ti permetteranno di scegliere i cookie che desideri consentire.<\/p>\n<p>Se non consenti l&#8217;installazione di alcun cookie nel tuo browser, \u00e8 possibile che tu non riesca ad accedere ad alcune sezioni del nostro sito web o che funzioni in modo non corretto.<\/p>\n<p><strong>Modifiche alla presente cookie policy<\/strong><\/p>\n<p>Manteniamo la nostra politica sui cookie sotto controllo regolare.<\/p>\n<p><strong>Come contattarci<\/strong><\/p>\n<p>Informazioni sulla nostra informativa sulla privacy possono essere richieste contattandoci via e-mail all&#8217;indirizzo\u00a0<a href=\"mailto:privacy@ecuphar.com\">privacy@ecuphar.com<\/a>\u00a0o scrivendo a Ecuphar.<\/p>\n<p>[\/vc_column_text][\/vc_column][\/vc_row]<\/p>\n<\/div>","protected":false},"excerpt":{"rendered":"<p>[vc_row row_height_percent=&#8221;33&#8243; override_padding=&#8221;yes&#8221; h_padding=&#8221;2&#8243; top_padding=&#8221;4&#8243; bottom_padding=&#8221;4&#8243; back_image=&#8221;2893&#8243; back_position=&#8221;left top&#8221; overlay_alpha=&#8221;50&#8243; gutter_size=&#8221;3&#8243; column_width_percent=&#8221;100&#8243; shift_y=&#8221;0&#8243; z_index=&#8221;0&#8243; uncode_shortcode_id=&#8221;564743&#8243;][vc_column column_width_percent=&#8221;100&#8243; position_vertical=&#8221;middle&#8221; gutter_size=&#8221;3&#8243; overlay_alpha=&#8221;50&#8243; shift_x=&#8221;0&#8243; [&hellip;]<\/p>\n","protected":false},"author":2,"featured_media":0,"parent":3809,"menu_order":0,"comment_status":"closed","ping_status":"closed","template":"","meta":{"footnotes":""},"class_list":["post-2860","page","type-page","status-publish","hentry"],"yoast_head":"<!-- This site is optimized with the Yoast SEO plugin v24.6 - https:\/\/yoast.com\/wordpress\/plugins\/seo\/ -->\n<title>Cookies policy - Veterinary | Pet Dental UK<\/title>\n<meta name=\"description\" content=\"dental.pet veterinary cookie policy. How cookies are used on the dental.pet website and how they benefit you. Pet Dental UK\" \/>\n<meta name=\"robots\" content=\"index, follow, max-snippet:-1, max-image-preview:large, max-video-preview:-1\" \/>\n<link rel=\"canonical\" href=\"https:\/\/dental.pet\/it\/per-veterinari\/cookies\/\" \/>\n<meta property=\"og:locale\" content=\"it_IT\" \/>\n<meta property=\"og:type\" content=\"article\" \/>\n<meta property=\"og:title\" content=\"Cookies policy - Veterinary | Pet Dental UK\" \/>\n<meta property=\"og:description\" content=\"dental.pet veterinary cookie policy. How cookies are used on the dental.pet website and how they benefit you. Pet Dental UK\" \/>\n<meta property=\"og:url\" content=\"https:\/\/dental.pet\/it\/per-veterinari\/cookies\/\" \/>\n<meta property=\"og:site_name\" content=\"Italy\" \/>\n<meta property=\"article:modified_time\" content=\"2023-02-09T10:00:05+00:00\" \/>\n<meta name=\"twitter:card\" content=\"summary_large_image\" \/>\n<meta name=\"twitter:label1\" content=\"Tempo di lettura stimato\" \/>\n\t<meta name=\"twitter:data1\" content=\"5 minuti\" \/>\n<script type=\"application\/ld+json\" class=\"yoast-schema-graph\">{\"@context\":\"https:\/\/schema.org\",\"@graph\":[{\"@type\":\"WebPage\",\"@id\":\"https:\/\/dental.pet\/it\/per-veterinari\/cookies\/\",\"url\":\"https:\/\/dental.pet\/it\/per-veterinari\/cookies\/\",\"name\":\"Cookies policy - Veterinary | Pet Dental UK\",\"isPartOf\":{\"@id\":\"https:\/\/dental.pet\/it\/#website\"},\"datePublished\":\"2021-10-25T17:21:33+00:00\",\"dateModified\":\"2023-02-09T10:00:05+00:00\",\"description\":\"dental.pet veterinary cookie policy. How cookies are used on the dental.pet website and how they benefit you. Pet Dental UK\",\"breadcrumb\":{\"@id\":\"https:\/\/dental.pet\/it\/per-veterinari\/cookies\/#breadcrumb\"},\"inLanguage\":\"it-IT\",\"potentialAction\":[{\"@type\":\"ReadAction\",\"target\":[\"https:\/\/dental.pet\/it\/per-veterinari\/cookies\/\"]}]},{\"@type\":\"BreadcrumbList\",\"@id\":\"https:\/\/dental.pet\/it\/per-veterinari\/cookies\/#breadcrumb\",\"itemListElement\":[{\"@type\":\"ListItem\",\"position\":1,\"name\":\"Home\",\"item\":\"https:\/\/dental.pet\/it\/\"},{\"@type\":\"ListItem\",\"position\":2,\"name\":\"Dental Pet by Animalcare per veterinari\",\"item\":\"https:\/\/dental.pet\/it\/per-veterinari\/\"},{\"@type\":\"ListItem\",\"position\":3,\"name\":\"Cookies per veterinari\"}]},{\"@type\":\"WebSite\",\"@id\":\"https:\/\/dental.pet\/it\/#website\",\"url\":\"https:\/\/dental.pet\/it\/\",\"name\":\"Italy\",\"description\":\"Welcome to your Dental Pet Hub\",\"publisher\":{\"@id\":\"https:\/\/dental.pet\/it\/#organization\"},\"potentialAction\":[{\"@type\":\"SearchAction\",\"target\":{\"@type\":\"EntryPoint\",\"urlTemplate\":\"https:\/\/dental.pet\/it\/?s={search_term_string}\"},\"query-input\":{\"@type\":\"PropertyValueSpecification\",\"valueRequired\":true,\"valueName\":\"search_term_string\"}}],\"inLanguage\":\"it-IT\"},{\"@type\":\"Organization\",\"@id\":\"https:\/\/dental.pet\/it\/#organization\",\"name\":\"Pet Dental\",\"url\":\"https:\/\/dental.pet\/it\/\",\"logo\":{\"@type\":\"ImageObject\",\"inLanguage\":\"it-IT\",\"@id\":\"https:\/\/dental.pet\/it\/#\/schema\/logo\/image\/\",\"url\":\"http:\/\/dental.pet\/it\/wp-content\/uploads\/sites\/7\/2021\/10\/pet-dental-logo-dark.png\",\"contentUrl\":\"http:\/\/dental.pet\/it\/wp-content\/uploads\/sites\/7\/2021\/10\/pet-dental-logo-dark.png\",\"width\":328,\"height\":82,\"caption\":\"Pet Dental\"},\"image\":{\"@id\":\"https:\/\/dental.pet\/it\/#\/schema\/logo\/image\/\"}}]}<\/script>\n<!-- \/ Yoast SEO plugin. -->","yoast_head_json":{"title":"Cookies policy - Veterinary | Pet Dental UK","description":"dental.pet veterinary cookie policy. How cookies are used on the dental.pet website and how they benefit you. Pet Dental UK","robots":{"index":"index","follow":"follow","max-snippet":"max-snippet:-1","max-image-preview":"max-image-preview:large","max-video-preview":"max-video-preview:-1"},"canonical":"https:\/\/dental.pet\/it\/per-veterinari\/cookies\/","og_locale":"it_IT","og_type":"article","og_title":"Cookies policy - Veterinary | Pet Dental UK","og_description":"dental.pet veterinary cookie policy. How cookies are used on the dental.pet website and how they benefit you. Pet Dental UK","og_url":"https:\/\/dental.pet\/it\/per-veterinari\/cookies\/","og_site_name":"Italy","article_modified_time":"2023-02-09T10:00:05+00:00","twitter_card":"summary_large_image","twitter_misc":{"Tempo di lettura stimato":"5 minuti"},"schema":{"@context":"https:\/\/schema.org","@graph":[{"@type":"WebPage","@id":"https:\/\/dental.pet\/it\/per-veterinari\/cookies\/","url":"https:\/\/dental.pet\/it\/per-veterinari\/cookies\/","name":"Cookies policy - Veterinary | Pet Dental UK","isPartOf":{"@id":"https:\/\/dental.pet\/it\/#website"},"datePublished":"2021-10-25T17:21:33+00:00","dateModified":"2023-02-09T10:00:05+00:00","description":"dental.pet veterinary cookie policy. How cookies are used on the dental.pet website and how they benefit you. Pet Dental UK","breadcrumb":{"@id":"https:\/\/dental.pet\/it\/per-veterinari\/cookies\/#breadcrumb"},"inLanguage":"it-IT","potentialAction":[{"@type":"ReadAction","target":["https:\/\/dental.pet\/it\/per-veterinari\/cookies\/"]}]},{"@type":"BreadcrumbList","@id":"https:\/\/dental.pet\/it\/per-veterinari\/cookies\/#breadcrumb","itemListElement":[{"@type":"ListItem","position":1,"name":"Home","item":"https:\/\/dental.pet\/it\/"},{"@type":"ListItem","position":2,"name":"Dental Pet by Animalcare per veterinari","item":"https:\/\/dental.pet\/it\/per-veterinari\/"},{"@type":"ListItem","position":3,"name":"Cookies per veterinari"}]},{"@type":"WebSite","@id":"https:\/\/dental.pet\/it\/#website","url":"https:\/\/dental.pet\/it\/","name":"Italy","description":"Welcome to your Dental Pet Hub","publisher":{"@id":"https:\/\/dental.pet\/it\/#organization"},"potentialAction":[{"@type":"SearchAction","target":{"@type":"EntryPoint","urlTemplate":"https:\/\/dental.pet\/it\/?s={search_term_string}"},"query-input":{"@type":"PropertyValueSpecification","valueRequired":true,"valueName":"search_term_string"}}],"inLanguage":"it-IT"},{"@type":"Organization","@id":"https:\/\/dental.pet\/it\/#organization","name":"Pet Dental","url":"https:\/\/dental.pet\/it\/","logo":{"@type":"ImageObject","inLanguage":"it-IT","@id":"https:\/\/dental.pet\/it\/#\/schema\/logo\/image\/","url":"http:\/\/dental.pet\/it\/wp-content\/uploads\/sites\/7\/2021\/10\/pet-dental-logo-dark.png","contentUrl":"http:\/\/dental.pet\/it\/wp-content\/uploads\/sites\/7\/2021\/10\/pet-dental-logo-dark.png","width":328,"height":82,"caption":"Pet Dental"},"image":{"@id":"https:\/\/dental.pet\/it\/#\/schema\/logo\/image\/"}}]}},"_links":{"self":[{"href":"https:\/\/dental.pet\/it\/wp-json\/wp\/v2\/pages\/2860","targetHints":{"allow":["GET"]}}],"collection":[{"href":"https:\/\/dental.pet\/it\/wp-json\/wp\/v2\/pages"}],"about":[{"href":"https:\/\/dental.pet\/it\/wp-json\/wp\/v2\/types\/page"}],"author":[{"embeddable":true,"href":"https:\/\/dental.pet\/it\/wp-json\/wp\/v2\/users\/2"}],"replies":[{"embeddable":true,"href":"https:\/\/dental.pet\/it\/wp-json\/wp\/v2\/comments?post=2860"}],"version-history":[{"count":6,"href":"https:\/\/dental.pet\/it\/wp-json\/wp\/v2\/pages\/2860\/revisions"}],"predecessor-version":[{"id":6129,"href":"https:\/\/dental.pet\/it\/wp-json\/wp\/v2\/pages\/2860\/revisions\/6129"}],"up":[{"embeddable":true,"href":"https:\/\/dental.pet\/it\/wp-json\/wp\/v2\/pages\/3809"}],"wp:attachment":[{"href":"https:\/\/dental.pet\/it\/wp-json\/wp\/v2\/media?parent=2860"}],"curies":[{"name":"wp","href":"https:\/\/api.w.org\/{rel}","templated":true}]}}