{"id":5297,"date":"2022-10-28T16:07:48","date_gmt":"2022-10-28T16:07:48","guid":{"rendered":"https:\/\/petdental.dev.onpressidium.com\/espania\/?page_id=5297"},"modified":"2023-05-16T10:10:06","modified_gmt":"2023-05-16T10:10:06","slug":"orastripdx","status":"publish","type":"page","link":"https:\/\/dental.pet\/es\/tutor-mascota\/orastripdx\/","title":{"rendered":"OraStripdx tutor mascota"},"content":{"rendered":"<div class=\"wpb-content-wrapper\"><p>[vc_row row_height_percent=\u00bb30&#8243; override_padding=\u00bbyes\u00bb h_padding=\u00bb2&#8243; top_padding=\u00bb3&#8243; bottom_padding=\u00bb2&#8243; back_image=\u00bb6440&#8243; back_position=\u00bbright center\u00bb overlay_alpha=\u00bb50&#8243; gutter_size=\u00bb3&#8243; column_width_percent=\u00bb100&#8243; shift_y=\u00bb0&#8243; z_index=\u00bb0&#8243; mobile_visibility=\u00bbyes\u00bb uncode_shortcode_id=\u00bb186161&#8243; back_color_type=\u00bbuncode-solid\u00bb back_color_solid=\u00bb#d1ebe4&#8243; back_size=\u00bbcontain\u00bb][vc_column column_width_percent=\u00bb100&#8243; position_vertical=\u00bbmiddle\u00bb gutter_size=\u00bb0&#8243; overlay_alpha=\u00bb50&#8243; shift_x=\u00bb0&#8243; shift_y=\u00bb0&#8243; shift_y_down=\u00bb0&#8243; z_index=\u00bb0&#8243; medium_width=\u00bb0&#8243; mobile_width=\u00bb0&#8243; width=\u00bb1\/2&#8243; uncode_shortcode_id=\u00bb719937&#8243;][vc_custom_heading heading_semantic=\u00bbdiv\u00bb text_font=\u00bbfont-555555&#8243; text_size=\u00bbfontsize-148351&#8243; text_weight=\u00bb700&#8243; uncode_shortcode_id=\u00bb102496&#8243; text_color_type=\u00bbuncode-solid\u00bb el_class=\u00bbcustom-font-1&#8243; text_color_solid=\u00bb#66bea6&#8243;]<span class=\"font-555555\">Ver<\/span>[\/vc_custom_heading][vc_custom_heading heading_semantic=\u00bbdiv\u00bb text_font=\u00bbfont-555555&#8243; text_size=\u00bbfontsize-148351&#8243; text_weight=\u00bb700&#8243; uncode_shortcode_id=\u00bb156095&#8243; text_color_type=\u00bbuncode-solid\u00bb el_class=\u00bbcustom-font-1&#8243; text_color_solid=\u00bb#003869&#8243;]<span class=\"font-555555\">para creer.<\/span>[\/vc_custom_heading][\/vc_column][vc_column width=\u00bb1\/2&#8243;][\/vc_column][\/vc_row][vc_row row_height_percent=\u00bb30&#8243; override_padding=\u00bbyes\u00bb h_padding=\u00bb2&#8243; top_padding=\u00bb2&#8243; bottom_padding=\u00bb2&#8243; overlay_alpha=\u00bb50&#8243; gutter_size=\u00bb3&#8243; column_width_percent=\u00bb100&#8243; shift_y=\u00bb0&#8243; z_index=\u00bb0&#8243; desktop_visibility=\u00bbyes\u00bb medium_visibility=\u00bbyes\u00bb uncode_shortcode_id=\u00bb805786&#8243; back_color_type=\u00bbuncode-solid\u00bb back_color_solid=\u00bb#d1ebe4&#8243;][vc_column column_width_percent=\u00bb100&#8243; position_vertical=\u00bbmiddle\u00bb gutter_size=\u00bb0&#8243; expand_height=\u00bbyes\u00bb overlay_alpha=\u00bb50&#8243; shift_x=\u00bb0&#8243; shift_y=\u00bb0&#8243; shift_y_down=\u00bb0&#8243; z_index=\u00bb0&#8243; medium_width=\u00bb0&#8243; mobile_width=\u00bb0&#8243; width=\u00bb1\/1&#8243; uncode_shortcode_id=\u00bb136203&#8243;][vc_custom_heading heading_semantic=\u00bbdiv\u00bb text_font=\u00bbfont-555555&#8243; text_size=\u00bbbigtext\u00bb text_weight=\u00bb700&#8243; uncode_shortcode_id=\u00bb135404&#8243; text_color_type=\u00bbuncode-solid\u00bb el_class=\u00bbcustom-font-1&#8243; text_color_solid=\u00bb#66bea6&#8243;]<span class=\"font-555555\">Seeing is<\/span>[\/vc_custom_heading][vc_custom_heading heading_semantic=\u00bbdiv\u00bb text_font=\u00bbfont-555555&#8243; text_size=\u00bbbigtext\u00bb text_weight=\u00bb700&#8243; uncode_shortcode_id=\u00bb487677&#8243; text_color_type=\u00bbuncode-solid\u00bb el_class=\u00bbcustom-font-1&#8243; text_color_solid=\u00bb#003869&#8243;]<span class=\"font-555555\">believing.<\/span>[\/vc_custom_heading][\/vc_column][\/vc_row][vc_row row_height_percent=\u00bb0&#8243; override_padding=\u00bbyes\u00bb h_padding=\u00bb2&#8243; top_padding=\u00bb1&#8243; bottom_padding=\u00bb1&#8243; back_image=\u00bb5303&#8243; back_position=\u00bbright center\u00bb overlay_alpha=\u00bb50&#8243; gutter_size=\u00bb3&#8243; column_width_percent=\u00bb100&#8243; shift_y=\u00bb0&#8243; z_index=\u00bb0&#8243; desktop_visibility=\u00bbyes\u00bb medium_visibility=\u00bbyes\u00bb uncode_shortcode_id=\u00bb781807&#8243; back_color_type=\u00bbuncode-solid\u00bb back_color_solid=\u00bb#d1ebe4&#8243; back_size=\u00bb100%\u00bb row_height_pixel=\u00bb200px\u00bb][vc_column column_width_percent=\u00bb100&#8243; position_vertical=\u00bbmiddle\u00bb gutter_size=\u00bb0&#8243; expand_height=\u00bbyes\u00bb overlay_alpha=\u00bb50&#8243; shift_x=\u00bb0&#8243; shift_y=\u00bb0&#8243; shift_y_down=\u00bb0&#8243; z_index=\u00bb0&#8243; medium_width=\u00bb0&#8243; mobile_width=\u00bb0&#8243; width=\u00bb1\/1&#8243; uncode_shortcode_id=\u00bb136203&#8243;][\/vc_column][\/vc_row][vc_row row_height_percent=\u00bb0&#8243; override_padding=\u00bbyes\u00bb h_padding=\u00bb2&#8243; top_padding=\u00bb2&#8243; bottom_padding=\u00bb2&#8243; overlay_alpha=\u00bb20&#8243; gutter_size=\u00bb3&#8243; column_width_percent=\u00bb100&#8243; shift_y=\u00bb0&#8243; z_index=\u00bb0&#8243; uncode_shortcode_id=\u00bb542121&#8243; back_color_type=\u00bbuncode-solid\u00bb back_color_solid=\u00bb#d1ebe4&#8243;][vc_column column_width_percent=\u00bb100&#8243; align_horizontal=\u00bbalign_right\u00bb gutter_size=\u00bb1&#8243; overlay_alpha=\u00bb50&#8243; shift_x=\u00bb0&#8243; shift_y=\u00bb0&#8243; shift_y_down=\u00bb0&#8243; z_index=\u00bb0&#8243; medium_width=\u00bb0&#8243; mobile_width=\u00bb0&#8243; width=\u00bb1\/1&#8243; uncode_shortcode_id=\u00bb142575&#8243; el_class=\u00bbz-index1&#8243;][vc_row_inner row_inner_height_percent=\u00bb0&#8243; force_width_grid=\u00bbyes\u00bb overlay_alpha=\u00bb50&#8243; gutter_size=\u00bb3&#8243; shift_y=\u00bb0&#8243; z_index=\u00bb0&#8243; limit_content=\u00bb\u00bb uncode_shortcode_id=\u00bb162465&#8243; css=\u00bb.vc_custom_1656596962949{margin-bottom: 0px !important;border-bottom-width: 0px !important;padding-top: 0px !important;}\u00bb][vc_column_inner column_width_percent=\u00bb100&#8243; position_horizontal=\u00bbleft\u00bb position_vertical=\u00bbmiddle\u00bb gutter_size=\u00bb3&#8243; overlay_alpha=\u00bb50&#8243; shift_x=\u00bb0&#8243; shift_y=\u00bb0&#8243; shift_y_down=\u00bb0&#8243; z_index=\u00bb0&#8243; medium_width=\u00bb0&#8243; mobile_width=\u00bb0&#8243; width=\u00bb1\/1&#8243; uncode_shortcode_id=\u00bb521148&#8243;][vc_button size=\u00bbbtn-sm\u00bb border_width=\u00bb0&#8243; display=\u00bbinline\u00bb button_color_type=\u00bbuncode-solid\u00bb uncode_shortcode_id=\u00bb170916&#8243; onclick=\u00bbevent.preventDefault(); _scrollTo(&#8216;#whatIsOraStripdx&#8217;, -100);\u00bb button_color_solid=\u00bb#66bea6&#8243; width=\u00bb300&#8243;]\u00bfQU\u00c9 ES ORASTRIPDX?[\/vc_button][vc_button size=\u00bbbtn-sm\u00bb border_width=\u00bb0&#8243; display=\u00bbinline\u00bb button_color_type=\u00bbuncode-solid\u00bb uncode_shortcode_id=\u00bb371864&#8243; onclick=\u00bbevent.preventDefault(); _scrollTo(&#8216;#whereToGetATest&#8217;, -100);\u00bb button_color_solid=\u00bb#66bea6&#8243; width=\u00bb300&#8243;]\u00bfD\u00d3NDE PUEDO REALIZAR UN TEST ORASTRIPDX?[\/vc_button][\/vc_column_inner][\/vc_row_inner][\/vc_column][\/vc_row][vc_row row_height_percent=\u00bb0&#8243; override_padding=\u00bbyes\u00bb h_padding=\u00bb2&#8243; top_padding=\u00bb2&#8243; bottom_padding=\u00bb0&#8243; back_color=\u00bbcolor-xsdn\u00bb overlay_alpha=\u00bb50&#8243; gutter_size=\u00bb3&#8243; column_width_percent=\u00bb100&#8243; shift_y=\u00bb0&#8243; z_index=\u00bb0&#8243; uncode_shortcode_id=\u00bb206528&#8243; el_id=\u00bbwhatIsOraStripdx\u00bb back_color_type=\u00bbuncode-palette\u00bb][vc_column column_width_percent=\u00bb100&#8243; position_vertical=\u00bbmiddle\u00bb gutter_size=\u00bb3&#8243; expand_height=\u00bbyes\u00bb overlay_alpha=\u00bb50&#8243; shift_x=\u00bb0&#8243; shift_y=\u00bb0&#8243; shift_y_down=\u00bb0&#8243; z_index=\u00bb0&#8243; medium_width=\u00bb0&#8243; mobile_width=\u00bb0&#8243; width=\u00bb1\/2&#8243; uncode_shortcode_id=\u00bb496727&#8243; css=\u00bb.vc_custom_1656588580552{padding-bottom: 50px !important;}\u00bb][vc_custom_heading heading_semantic=\u00bbdiv\u00bb text_font=\u00bbfont-555555&#8243; text_size=\u00bbh1&#8243; text_weight=\u00bb700&#8243; uncode_shortcode_id=\u00bb203326&#8243; text_color_type=\u00bbuncode-solid\u00bb el_class=\u00bbcustom-font-1&#8243; text_color_solid=\u00bb#66bea6&#8243;]\u00bfQu\u00e9 es OraStripdx?[\/vc_custom_heading][vc_custom_heading heading_semantic=\u00bbdiv\u00bb text_font=\u00bbfont-555555&#8243; text_weight=\u00bb600&#8243; uncode_shortcode_id=\u00bb214345&#8243; text_color_type=\u00bbuncode-solid\u00bb el_class=\u00bbcustom-font-1&#8243; text_color_solid=\u00bb#003869&#8243;]OraStripdx es una herramienta de diagn\u00f3stico sencilla que detecta la enfermedad periodontal<span class=\"font-555555\"><sup>1<\/sup><\/span>[\/vc_custom_heading][vc_icon position=\u00bbleft\u00bb icon_image=\u00bb5315&#8243; media_size=\u00bb48&#8243; heading_semantic=\u00bbdiv\u00bb text_size=\u00bbh5&#8243; uncode_shortcode_id=\u00bb295022&#8243;]<span class=\"s1\">OraStripdx\u00a0<\/span>es una tira de diagn\u00f3stico que<span class=\"s1\"> <span class=\"heavy-text-green\">estima el nivel de sustancias qu\u00edmicas que contienen azufre disueltas en la saliva<\/span>.<sup>1<\/sup><\/span>[\/vc_icon][vc_icon position=\u00bbleft\u00bb icon_image=\u00bb5318&#8243; media_size=\u00bb42&#8243; heading_semantic=\u00bbdiv\u00bb text_size=\u00bbh5&#8243; uncode_shortcode_id=\u00bb967182&#8243;]<\/p>\n<p class=\"p1\">La enfermedad periodontal en las mascotas est\u00e1 provocada por las sustancias qu\u00edmicas da\u00f1inas que contienen azufre y que son producidas por las bacterias de la boca de las mascotas<span class=\"s1\">.<sup>2<\/sup><\/span><\/p>\n<p>[\/vc_icon][vc_icon position=\u00bbleft\u00bb icon_image=\u00bb5321&#8243; media_size=\u00bb44&#8243; heading_semantic=\u00bbdiv\u00bb text_size=\u00bbh5&#8243; uncode_shortcode_id=\u00bb767042&#8243;]<\/p>\n<p class=\"p1\">Estos compuestos de azufre, adem\u00e1s de ser la causa principal del mal aliento, tambi\u00e9n son t\u00f3xicos para las enc\u00edas de las mascotas y se sabe que provocan el desarrollo y la progresi\u00f3n de la enfermedad periodontal<span class=\"s1\">.<sup>2<\/sup><\/span><\/p>\n<p>[\/vc_icon][vc_icon position=\u00bbleft\u00bb icon_image=\u00bb5324&#8243; media_size=\u00bb42&#8243; heading_semantic=\u00bbdiv\u00bb text_size=\u00bbh5&#8243; uncode_shortcode_id=\u00bb994426&#8243;]OraStripdx ayuda a<span class=\"s1\"> <span class=\"heavy-text-green\">detectar la enfermedad periodontal en sus primeras etapas<\/span>,\u00a0<\/span>incluso antes\u00a0de que se presenten signos visibles<span class=\"s1\">.<sup>1<\/sup><\/span>[\/vc_icon][vc_icon position=\u00bbleft\u00bb icon_image=\u00bb5327&#8243; media_size=\u00bb45&#8243; heading_semantic=\u00bbdiv\u00bb text_size=\u00bbh5&#8243; uncode_shortcode_id=\u00bb659122&#8243;]<span class=\"s1\">OraStripdx\u00a0<\/span>es f\u00e1cil de usar por tu veterinario y muestra<span class=\"s1\"> <span class=\"heavy-text-green\">resultados claros en 10 segundos<\/span>.<sup>2<\/sup><\/span>[\/vc_icon][\/vc_column][vc_column column_width_percent=\u00bb100&#8243; position_horizontal=\u00bbright\u00bb position_vertical=\u00bbbottom\u00bb gutter_size=\u00bb3&#8243; overlay_alpha=\u00bb50&#8243; shift_x=\u00bb0&#8243; shift_y=\u00bb0&#8243; shift_y_down=\u00bb0&#8243; z_index=\u00bb0&#8243; medium_width=\u00bb0&#8243; mobile_width=\u00bb0&#8243; width=\u00bb1\/2&#8243; uncode_shortcode_id=\u00bb194618&#8243;][vc_single_image media=\u00bb5333&#8243; media_width_percent=\u00bb100&#8243; alignment=\u00bbright\u00bb uncode_shortcode_id=\u00bb687075&#8243;][\/vc_column][\/vc_row][vc_row row_height_percent=\u00bb0&#8243; override_padding=\u00bbyes\u00bb h_padding=\u00bb2&#8243; top_padding=\u00bb2&#8243; bottom_padding=\u00bb2&#8243; overlay_alpha=\u00bb50&#8243; gutter_size=\u00bb3&#8243; column_width_percent=\u00bb100&#8243; shift_y=\u00bb0&#8243; z_index=\u00bb0&#8243; uncode_shortcode_id=\u00bb116348&#8243; el_id=\u00bbwhereToGetATest\u00bb back_color_type=\u00bbuncode-solid\u00bb back_color_solid=\u00bb#d1ebe4&#8243;][vc_column column_width_percent=\u00bb100&#8243; position_vertical=\u00bbmiddle\u00bb gutter_size=\u00bb3&#8243; overlay_alpha=\u00bb50&#8243; shift_x=\u00bb0&#8243; shift_y=\u00bb0&#8243; shift_y_down=\u00bb0&#8243; z_index=\u00bb0&#8243; medium_width=\u00bb0&#8243; mobile_width=\u00bb0&#8243; width=\u00bb1\/2&#8243; uncode_shortcode_id=\u00bb504523&#8243;][vc_custom_heading heading_semantic=\u00bbdiv\u00bb text_font=\u00bbfont-555555&#8243; text_size=\u00bbh1&#8243; text_weight=\u00bb700&#8243; uncode_shortcode_id=\u00bb579202&#8243; text_color_type=\u00bbuncode-solid\u00bb el_class=\u00bbcustom-font-1&#8243; text_color_solid=\u00bb#66bea6&#8243;]<span class=\"font-555555\">D\u00f3nde realizar un test OraStripdx<\/span>[\/vc_custom_heading][vc_custom_heading heading_semantic=\u00bbdiv\u00bb text_font=\u00bbfont-555555&#8243; text_weight=\u00bb600&#8243; uncode_shortcode_id=\u00bb114893&#8243; text_color_type=\u00bbuncode-solid\u00bb el_class=\u00bbcustom-font-1&#8243; text_color_solid=\u00bb#003869&#8243;]Un test de OraStripdx solo tarda unos segundos en realizarse y ofrece un resultado acerca de la salud de las enc\u00edas de tu mascota<span class=\"font-555555\">.<\/span>[\/vc_custom_heading][vc_column_text uncode_shortcode_id=\u00bb169594&#8243; text_color_type=\u00bbuncode-solid\u00bb text_color_solid=\u00bb#003869&#8243;]<\/p>\n<p class=\"p1\">Pregunta a tu veterinario o auxiliar de cl\u00ednica en tu pr\u00f3xima visita veterinaria.<\/p>\n<p>[\/vc_column_text][\/vc_column][vc_column column_width_percent=\u00bb100&#8243; position_horizontal=\u00bbright\u00bb position_vertical=\u00bbmiddle\u00bb gutter_size=\u00bb3&#8243; overlay_alpha=\u00bb50&#8243; shift_x=\u00bb0&#8243; shift_y=\u00bb0&#8243; shift_y_down=\u00bb0&#8243; z_index=\u00bb0&#8243; medium_width=\u00bb0&#8243; mobile_width=\u00bb0&#8243; width=\u00bb1\/2&#8243; uncode_shortcode_id=\u00bb211834&#8243;][vc_single_image media=\u00bb6455&#8243; media_width_percent=\u00bb100&#8243; uncode_shortcode_id=\u00bb164964&#8243;][\/vc_column][\/vc_row][vc_row row_height_percent=\u00bb0&#8243; override_padding=\u00bbyes\u00bb h_padding=\u00bb2&#8243; top_padding=\u00bb2&#8243; bottom_padding=\u00bb2&#8243; overlay_alpha=\u00bb50&#8243; gutter_size=\u00bb3&#8243; column_width_percent=\u00bb100&#8243; shift_y=\u00bb0&#8243; z_index=\u00bb0&#8243; uncode_shortcode_id=\u00bb116348&#8243; el_id=\u00bbwhereToGetATest\u00bb back_color_type=\u00bbuncode-solid\u00bb back_color_solid=\u00bb#d1ebe4&#8243;][vc_column column_width_percent=\u00bb100&#8243; position_vertical=\u00bbmiddle\u00bb gutter_size=\u00bb3&#8243; overlay_alpha=\u00bb50&#8243; shift_x=\u00bb0&#8243; shift_y=\u00bb0&#8243; shift_y_down=\u00bb0&#8243; z_index=\u00bb0&#8243; medium_width=\u00bb0&#8243; mobile_width=\u00bb0&#8243; width=\u00bb1\/2&#8243; uncode_shortcode_id=\u00bb504523&#8243;][vc_single_image media=\u00bb6470&#8243; media_width_percent=\u00bb100&#8243; uncode_shortcode_id=\u00bb120834&#8243; media_link=\u00bburl:https%3A%2F%2Fwww.youtube.com%2Fwatch%3Fv%3DbjpRqmhkY14&#8243;][\/vc_column][\/vc_row][vc_row row_height_percent=\u00bb0&#8243; override_padding=\u00bbyes\u00bb h_padding=\u00bb2&#8243; top_padding=\u00bb2&#8243; bottom_padding=\u00bb2&#8243; overlay_alpha=\u00bb50&#8243; gutter_size=\u00bb3&#8243; column_width_percent=\u00bb100&#8243; shift_y=\u00bb0&#8243; z_index=\u00bb0&#8243; uncode_shortcode_id=\u00bb918115&#8243; back_color_type=\u00bbuncode-solid\u00bb back_color_solid=\u00bb#66bea6&#8243;][vc_column column_width_percent=\u00bb100&#8243; position_vertical=\u00bbmiddle\u00bb gutter_size=\u00bb3&#8243; expand_height=\u00bbyes\u00bb overlay_alpha=\u00bb50&#8243; shift_x=\u00bb0&#8243; shift_y=\u00bb0&#8243; shift_y_down=\u00bb0&#8243; z_index=\u00bb0&#8243; medium_width=\u00bb0&#8243; mobile_width=\u00bb0&#8243; width=\u00bb1\/1&#8243; uncode_shortcode_id=\u00bb102512&#8243;][vc_custom_heading text_color=\u00bbcolor-xsdn\u00bb heading_semantic=\u00bbdiv\u00bb text_font=\u00bbfont-555555&#8243; text_weight=\u00bb600&#8243; uncode_shortcode_id=\u00bb879274&#8243; text_color_type=\u00bbuncode-palette\u00bb el_class=\u00bbcustom-font-1&#8243;]Pregunta a tu veterinario por tu test OraStripdx de tan solo 10 segundos[\/vc_custom_heading][\/vc_column][\/vc_row][vc_row row_height_percent=\u00bb0&#8243; override_padding=\u00bbyes\u00bb h_padding=\u00bb2&#8243; top_padding=\u00bb3&#8243; bottom_padding=\u00bb1&#8243; back_color=\u00bbcolor-160397&#8243; overlay_alpha=\u00bb50&#8243; gutter_size=\u00bb3&#8243; column_width_percent=\u00bb100&#8243; shift_y=\u00bb0&#8243; z_index=\u00bb0&#8243; uncode_shortcode_id=\u00bb169673&#8243; back_color_type=\u00bbuncode-palette\u00bb el_id=\u00bbfoot-owner\u00bb el_class=\u00bbsite-footer\u00bb][vc_column column_width_percent=\u00bb100&#8243; gutter_size=\u00bb3&#8243; style=\u00bbdark\u00bb overlay_alpha=\u00bb50&#8243; shift_x=\u00bb0&#8243; shift_y=\u00bb0&#8243; shift_y_down=\u00bb0&#8243; z_index=\u00bb0&#8243; medium_width=\u00bb0&#8243; mobile_width=\u00bb0&#8243; width=\u00bb1\/1&#8243; uncode_shortcode_id=\u00bb204189&#8243;][vc_column_text text_lead=\u00bbsmall\u00bb uncode_shortcode_id=\u00bb191996&#8243;]<strong>Referencias<\/strong><\/p>\n<ol>\n<li style=\"list-style-type: none;\">\n<ol>\n<li class=\"p1 text-small\">Queck KE et al. Oral-fluid thiol-detection test identifies underlying active periodontal disease not detected by the visual awake examination. <em>J Am Anim Hosp Assoc<\/em> 2018;54(3):132\u2013137.<\/li>\n<li class=\"p1 text-small\">Marretta SM et al. Pilot evaluation of a novel test strip for the assessment of dissolved thiol levels, as an indicator of canine gingival health and periodontal status. <em>Can Vet J<\/em> 2012;53(12):1260\u20131265.<\/li>\n<\/ol>\n<\/li>\n<\/ol>\n<p>[\/vc_column_text][\/vc_column][\/vc_row]<\/p>\n<\/div>","protected":false},"excerpt":{"rendered":"<p>[vc_row row_height_percent=\u00bb30&#8243; override_padding=\u00bbyes\u00bb h_padding=\u00bb2&#8243; top_padding=\u00bb3&#8243; bottom_padding=\u00bb2&#8243; back_image=\u00bb6440&#8243; back_position=\u00bbright center\u00bb overlay_alpha=\u00bb50&#8243; gutter_size=\u00bb3&#8243; column_width_percent=\u00bb100&#8243; shift_y=\u00bb0&#8243; z_index=\u00bb0&#8243; mobile_visibility=\u00bbyes\u00bb uncode_shortcode_id=\u00bb186161&#8243; back_color_type=\u00bbuncode-solid\u00bb back_color_solid=\u00bb#d1ebe4&#8243; back_size=\u00bbcontain\u00bb][vc_column column_width_percent=\u00bb100&#8243; [&hellip;]<\/p>\n","protected":false},"author":7,"featured_media":0,"parent":3625,"menu_order":0,"comment_status":"closed","ping_status":"closed","template":"","meta":{"footnotes":""},"class_list":["post-5297","page","type-page","status-publish","hentry"],"yoast_head":"<!-- This site is optimized with the Yoast SEO plugin v24.6 - https:\/\/yoast.com\/wordpress\/plugins\/seo\/ -->\n<title>OraStripdx - Tutor Mascota | Higiene Dental<\/title>\n<meta name=\"robots\" content=\"index, follow, max-snippet:-1, max-image-preview:large, max-video-preview:-1\" \/>\n<link rel=\"canonical\" href=\"https:\/\/dental.pet\/es\/tutor-mascota\/orastripdx\/\" \/>\n<meta property=\"og:locale\" content=\"es_ES\" \/>\n<meta property=\"og:type\" content=\"article\" \/>\n<meta property=\"og:title\" content=\"OraStripdx - Tutor Mascota | Higiene Dental\" \/>\n<meta property=\"og:description\" content=\"[vc_row row_height_percent=\u00bb30&#8243; override_padding=\u00bbyes\u00bb h_padding=\u00bb2&#8243; top_padding=\u00bb3&#8243; bottom_padding=\u00bb2&#8243; back_image=\u00bb6440&#8243; back_position=\u00bbright center\u00bb overlay_alpha=\u00bb50&#8243; gutter_size=\u00bb3&#8243; column_width_percent=\u00bb100&#8243; shift_y=\u00bb0&#8243; z_index=\u00bb0&#8243; mobile_visibility=\u00bbyes\u00bb uncode_shortcode_id=\u00bb186161&#8243; back_color_type=\u00bbuncode-solid\u00bb back_color_solid=\u00bb#d1ebe4&#8243; back_size=\u00bbcontain\u00bb][vc_column column_width_percent=\u00bb100&#8243; [&hellip;]\" \/>\n<meta property=\"og:url\" content=\"https:\/\/dental.pet\/es\/tutor-mascota\/orastripdx\/\" \/>\n<meta property=\"og:site_name\" content=\"Spain\" \/>\n<meta property=\"article:modified_time\" content=\"2023-05-16T10:10:06+00:00\" \/>\n<meta name=\"twitter:card\" content=\"summary_large_image\" \/>\n<meta name=\"twitter:label1\" content=\"Tiempo de lectura\" \/>\n\t<meta name=\"twitter:data1\" content=\"3 minutos\" \/>\n<script type=\"application\/ld+json\" class=\"yoast-schema-graph\">{\"@context\":\"https:\/\/schema.org\",\"@graph\":[{\"@type\":\"WebPage\",\"@id\":\"https:\/\/dental.pet\/es\/tutor-mascota\/orastripdx\/\",\"url\":\"https:\/\/dental.pet\/es\/tutor-mascota\/orastripdx\/\",\"name\":\"OraStripdx - Tutor Mascota | Higiene Dental\",\"isPartOf\":{\"@id\":\"https:\/\/dental.pet\/es\/#website\"},\"datePublished\":\"2022-10-28T16:07:48+00:00\",\"dateModified\":\"2023-05-16T10:10:06+00:00\",\"breadcrumb\":{\"@id\":\"https:\/\/dental.pet\/es\/tutor-mascota\/orastripdx\/#breadcrumb\"},\"inLanguage\":\"es\",\"potentialAction\":[{\"@type\":\"ReadAction\",\"target\":[\"https:\/\/dental.pet\/es\/tutor-mascota\/orastripdx\/\"]}]},{\"@type\":\"BreadcrumbList\",\"@id\":\"https:\/\/dental.pet\/es\/tutor-mascota\/orastripdx\/#breadcrumb\",\"itemListElement\":[{\"@type\":\"ListItem\",\"position\":1,\"name\":\"Home\",\"item\":\"https:\/\/dental.pet\/es\/\"},{\"@type\":\"ListItem\",\"position\":2,\"name\":\"Dental Pet by Ecuphar para tutor de mascota\",\"item\":\"https:\/\/dental.pet\/es\/tutor-mascota\/\"},{\"@type\":\"ListItem\",\"position\":3,\"name\":\"OraStripdx tutor mascota\"}]},{\"@type\":\"WebSite\",\"@id\":\"https:\/\/dental.pet\/es\/#website\",\"url\":\"https:\/\/dental.pet\/es\/\",\"name\":\"Spain\",\"description\":\"Welcome to your Dental Pet Hub\",\"publisher\":{\"@id\":\"https:\/\/dental.pet\/es\/#organization\"},\"potentialAction\":[{\"@type\":\"SearchAction\",\"target\":{\"@type\":\"EntryPoint\",\"urlTemplate\":\"https:\/\/dental.pet\/es\/?s={search_term_string}\"},\"query-input\":{\"@type\":\"PropertyValueSpecification\",\"valueRequired\":true,\"valueName\":\"search_term_string\"}}],\"inLanguage\":\"es\"},{\"@type\":\"Organization\",\"@id\":\"https:\/\/dental.pet\/es\/#organization\",\"name\":\"Pet Dental\",\"url\":\"https:\/\/dental.pet\/es\/\",\"logo\":{\"@type\":\"ImageObject\",\"inLanguage\":\"es\",\"@id\":\"https:\/\/dental.pet\/es\/#\/schema\/logo\/image\/\",\"url\":\"https:\/\/dental.pet\/espania\/wp-content\/uploads\/sites\/4\/2021\/10\/pet-dental-logo-dark.png\",\"contentUrl\":\"https:\/\/dental.pet\/espania\/wp-content\/uploads\/sites\/4\/2021\/10\/pet-dental-logo-dark.png\",\"width\":328,\"height\":82,\"caption\":\"Pet Dental\"},\"image\":{\"@id\":\"https:\/\/dental.pet\/es\/#\/schema\/logo\/image\/\"}}]}<\/script>\n<!-- \/ Yoast SEO plugin. -->","yoast_head_json":{"title":"OraStripdx - Tutor Mascota | Higiene Dental","robots":{"index":"index","follow":"follow","max-snippet":"max-snippet:-1","max-image-preview":"max-image-preview:large","max-video-preview":"max-video-preview:-1"},"canonical":"https:\/\/dental.pet\/es\/tutor-mascota\/orastripdx\/","og_locale":"es_ES","og_type":"article","og_title":"OraStripdx - Tutor Mascota | Higiene Dental","og_description":"[vc_row row_height_percent=\u00bb30&#8243; override_padding=\u00bbyes\u00bb h_padding=\u00bb2&#8243; top_padding=\u00bb3&#8243; bottom_padding=\u00bb2&#8243; back_image=\u00bb6440&#8243; back_position=\u00bbright center\u00bb overlay_alpha=\u00bb50&#8243; gutter_size=\u00bb3&#8243; column_width_percent=\u00bb100&#8243; shift_y=\u00bb0&#8243; z_index=\u00bb0&#8243; mobile_visibility=\u00bbyes\u00bb uncode_shortcode_id=\u00bb186161&#8243; back_color_type=\u00bbuncode-solid\u00bb back_color_solid=\u00bb#d1ebe4&#8243; back_size=\u00bbcontain\u00bb][vc_column column_width_percent=\u00bb100&#8243; [&hellip;]","og_url":"https:\/\/dental.pet\/es\/tutor-mascota\/orastripdx\/","og_site_name":"Spain","article_modified_time":"2023-05-16T10:10:06+00:00","twitter_card":"summary_large_image","twitter_misc":{"Tiempo de lectura":"3 minutos"},"schema":{"@context":"https:\/\/schema.org","@graph":[{"@type":"WebPage","@id":"https:\/\/dental.pet\/es\/tutor-mascota\/orastripdx\/","url":"https:\/\/dental.pet\/es\/tutor-mascota\/orastripdx\/","name":"OraStripdx - Tutor Mascota | Higiene Dental","isPartOf":{"@id":"https:\/\/dental.pet\/es\/#website"},"datePublished":"2022-10-28T16:07:48+00:00","dateModified":"2023-05-16T10:10:06+00:00","breadcrumb":{"@id":"https:\/\/dental.pet\/es\/tutor-mascota\/orastripdx\/#breadcrumb"},"inLanguage":"es","potentialAction":[{"@type":"ReadAction","target":["https:\/\/dental.pet\/es\/tutor-mascota\/orastripdx\/"]}]},{"@type":"BreadcrumbList","@id":"https:\/\/dental.pet\/es\/tutor-mascota\/orastripdx\/#breadcrumb","itemListElement":[{"@type":"ListItem","position":1,"name":"Home","item":"https:\/\/dental.pet\/es\/"},{"@type":"ListItem","position":2,"name":"Dental Pet by Ecuphar para tutor de mascota","item":"https:\/\/dental.pet\/es\/tutor-mascota\/"},{"@type":"ListItem","position":3,"name":"OraStripdx tutor mascota"}]},{"@type":"WebSite","@id":"https:\/\/dental.pet\/es\/#website","url":"https:\/\/dental.pet\/es\/","name":"Spain","description":"Welcome to your Dental Pet Hub","publisher":{"@id":"https:\/\/dental.pet\/es\/#organization"},"potentialAction":[{"@type":"SearchAction","target":{"@type":"EntryPoint","urlTemplate":"https:\/\/dental.pet\/es\/?s={search_term_string}"},"query-input":{"@type":"PropertyValueSpecification","valueRequired":true,"valueName":"search_term_string"}}],"inLanguage":"es"},{"@type":"Organization","@id":"https:\/\/dental.pet\/es\/#organization","name":"Pet Dental","url":"https:\/\/dental.pet\/es\/","logo":{"@type":"ImageObject","inLanguage":"es","@id":"https:\/\/dental.pet\/es\/#\/schema\/logo\/image\/","url":"https:\/\/dental.pet\/espania\/wp-content\/uploads\/sites\/4\/2021\/10\/pet-dental-logo-dark.png","contentUrl":"https:\/\/dental.pet\/espania\/wp-content\/uploads\/sites\/4\/2021\/10\/pet-dental-logo-dark.png","width":328,"height":82,"caption":"Pet Dental"},"image":{"@id":"https:\/\/dental.pet\/es\/#\/schema\/logo\/image\/"}}]}},"_links":{"self":[{"href":"https:\/\/dental.pet\/es\/wp-json\/wp\/v2\/pages\/5297","targetHints":{"allow":["GET"]}}],"collection":[{"href":"https:\/\/dental.pet\/es\/wp-json\/wp\/v2\/pages"}],"about":[{"href":"https:\/\/dental.pet\/es\/wp-json\/wp\/v2\/types\/page"}],"author":[{"embeddable":true,"href":"https:\/\/dental.pet\/es\/wp-json\/wp\/v2\/users\/7"}],"replies":[{"embeddable":true,"href":"https:\/\/dental.pet\/es\/wp-json\/wp\/v2\/comments?post=5297"}],"version-history":[{"count":5,"href":"https:\/\/dental.pet\/es\/wp-json\/wp\/v2\/pages\/5297\/revisions"}],"predecessor-version":[{"id":6473,"href":"https:\/\/dental.pet\/es\/wp-json\/wp\/v2\/pages\/5297\/revisions\/6473"}],"up":[{"embeddable":true,"href":"https:\/\/dental.pet\/es\/wp-json\/wp\/v2\/pages\/3625"}],"wp:attachment":[{"href":"https:\/\/dental.pet\/es\/wp-json\/wp\/v2\/media?parent=5297"}],"curies":[{"name":"wp","href":"https:\/\/api.w.org\/{rel}","templated":true}]}}