{"id":3865,"date":"2021-12-21T22:46:39","date_gmt":"2021-12-21T22:46:39","guid":{"rendered":"https:\/\/dental.onpressidium.com\/?page_id=3865"},"modified":"2022-11-24T14:16:42","modified_gmt":"2022-11-24T14:16:42","slug":"diagnostico-enfermedad-periodontal","status":"publish","type":"page","link":"https:\/\/dental.pet\/es\/dentalpet-by-ecuphar-veterinarios\/diagnostico-enfermedad-periodontal\/","title":{"rendered":"Diagn\u00f3stico de la enfermedad periodontal"},"content":{"rendered":"<div class=\"wpb-content-wrapper\"><p>[vc_row row_height_percent=\u00bb65&#8243; override_padding=\u00bbyes\u00bb h_padding=\u00bb2&#8243; top_padding=\u00bb4&#8243; bottom_padding=\u00bb4&#8243; back_image=\u00bb2891&#8243; back_position=\u00bbcenter top\u00bb overlay_alpha=\u00bb50&#8243; gutter_size=\u00bb3&#8243; column_width_percent=\u00bb100&#8243; shift_y=\u00bb0&#8243; z_index=\u00bb0&#8243; medium_visibility=\u00bbyes\u00bb mobile_visibility=\u00bbyes\u00bb uncode_shortcode_id=\u00bb736020&#8243; back_size=\u00bbcover\u00bb][vc_column column_width_percent=\u00bb100&#8243; position_vertical=\u00bbmiddle\u00bb gutter_size=\u00bb3&#8243; overlay_alpha=\u00bb50&#8243; shift_x=\u00bb0&#8243; shift_y=\u00bb0&#8243; shift_y_down=\u00bb0&#8243; z_index=\u00bb0&#8243; medium_width=\u00bb0&#8243; mobile_width=\u00bb0&#8243; css_animation=\u00bbbottom-t-top\u00bb width=\u00bb3\/4&#8243; uncode_shortcode_id=\u00bb108884&#8243; el_class=\u00bbz-index1&#8243;][vc_custom_heading text_color=\u00bbcolor-197188&#8243; heading_semantic=\u00bbdiv\u00bb text_size=\u00bbfontsize-158891&#8243; text_weight=\u00bb700&#8243; uncode_shortcode_id=\u00bb836600&#8243; text_color_type=\u00bbuncode-palette\u00bb]Diagn\u00f3stico\u00a0de<br \/>\nla\u00a0enfermedad<br \/>\nperiodontal[\/vc_custom_heading][\/vc_column][vc_column width=\u00bb1\/4&#8243;][\/vc_column][\/vc_row][vc_row row_height_percent=\u00bb80&#8243; override_padding=\u00bbyes\u00bb h_padding=\u00bb0&#8243; top_padding=\u00bb0&#8243; bottom_padding=\u00bb4&#8243; back_image=\u00bb1420&#8243; back_repeat=\u00bbno-repeat\u00bb back_position=\u00bbleft center\u00bb overlay_alpha=\u00bb50&#8243; gutter_size=\u00bb3&#8243; column_width_percent=\u00bb100&#8243; shift_y=\u00bb0&#8243; z_index=\u00bb0&#8243; desktop_visibility=\u00bbyes\u00bb uncode_shortcode_id=\u00bb562326&#8243; back_size=\u00bbcover\u00bb][vc_column column_width_percent=\u00bb100&#8243; position_vertical=\u00bbmiddle\u00bb gutter_size=\u00bb3&#8243; overlay_alpha=\u00bb50&#8243; shift_x=\u00bb0&#8243; shift_y=\u00bb0&#8243; shift_y_down=\u00bb0&#8243; z_index=\u00bb0&#8243; medium_width=\u00bb0&#8243; mobile_width=\u00bb0&#8243; css_animation=\u00bbbottom-t-top\u00bb width=\u00bb1\/1&#8243; uncode_shortcode_id=\u00bb108884&#8243; el_class=\u00bbz-index1&#8243;][vc_single_image media=\u00bb83&#8243; media_width_percent=\u00bb100&#8243; uncode_shortcode_id=\u00bb154290&#8243;][vc_row_inner row_inner_height_percent=\u00bb0&#8243; overlay_alpha=\u00bb50&#8243; gutter_size=\u00bb3&#8243; shift_y=\u00bb0&#8243; z_index=\u00bb0&#8243; limit_content=\u00bb\u00bb uncode_shortcode_id=\u00bb166828&#8243; css=\u00bb.vc_custom_1640126851103{padding-top: 50px !important;}\u00bb][vc_column_inner column_width_percent=\u00bb100&#8243; gutter_size=\u00bb2&#8243; overlay_alpha=\u00bb50&#8243; shift_x=\u00bb0&#8243; shift_y=\u00bb0&#8243; shift_y_down=\u00bb0&#8243; z_index=\u00bb0&#8243; medium_width=\u00bb0&#8243; mobile_width=\u00bb0&#8243; width=\u00bb1\/1&#8243; uncode_shortcode_id=\u00bb183672&#8243; css=\u00bb.vc_custom_1635343471515{padding-right: 36px !important;padding-left: 36px !important;}\u00bb][vc_custom_heading text_color=\u00bbcolor-197188&#8243; heading_semantic=\u00bbdiv\u00bb text_size=\u00bbfontsize-158891&#8243; text_weight=\u00bb700&#8243; uncode_shortcode_id=\u00bb165910&#8243; text_color_type=\u00bbuncode-palette\u00bb]Diagn\u00f3stico\u00a0de<br \/>\nla\u00a0enfermedad<br \/>\nperiodontal[\/vc_custom_heading][\/vc_column_inner][\/vc_row_inner][\/vc_column][\/vc_row][vc_row row_height_percent=\u00bb0&#8243; override_padding=\u00bbyes\u00bb h_padding=\u00bb2&#8243; top_padding=\u00bb5&#8243; bottom_padding=\u00bb5&#8243; overlay_alpha=\u00bb50&#8243; gutter_size=\u00bb3&#8243; column_width_percent=\u00bb100&#8243; shift_y=\u00bb0&#8243; z_index=\u00bb0&#8243; uncode_shortcode_id=\u00bb166404&#8243; el_id=\u00bbtheDontMiss\u00bb el_class=\u00bbpc-section-shape-background-grey\u00bb][vc_column column_width_percent=\u00bb100&#8243; position_vertical=\u00bbmiddle\u00bb gutter_size=\u00bb3&#8243; overlay_alpha=\u00bb50&#8243; shift_x=\u00bb0&#8243; shift_y=\u00bb0&#8243; shift_y_down=\u00bb0&#8243; z_index=\u00bb0&#8243; medium_width=\u00bb0&#8243; mobile_width=\u00bb0&#8243; width=\u00bb1\/1&#8243; uncode_shortcode_id=\u00bb106869&#8243; css=\u00bb.vc_custom_1640127049466{padding-top: 0px !important;}\u00bb el_id=\u00bbaccordion-dark\u00bb][vc_custom_heading text_color=\u00bbcolor-108211&#8243; heading_semantic=\u00bbdiv\u00bb text_size=\u00bbfontsize-158891&#8243; text_weight=\u00bb700&#8243; css_animation=\u00bbalpha-anim\u00bb uncode_shortcode_id=\u00bb183427&#8243; text_color_type=\u00bbuncode-palette\u00bb el_id=\u00bbmiss\u00bb]No pase por alto los signos<br \/>\nde enfermedad periodontal[\/vc_custom_heading][vc_column_text css_animation=\u00bbalpha-anim\u00bb uncode_shortcode_id=\u00bb377134&#8243; el_id=\u00bbmiss\u00bb]La enfermedad periodontal es un problema muy frecuente: m\u00e1s de <strong>9 de cada 10 perros adultos y 7 de cada 10 gatos adultos se ven afectados.<\/strong><sup>1<\/sup>[\/vc_column_text][vc_row_inner row_inner_height_percent=\u00bb0&#8243; overlay_alpha=\u00bb50&#8243; equal_height=\u00bbyes\u00bb gutter_size=\u00bb0&#8243; shift_y=\u00bb0&#8243; z_index=\u00bb0&#8243; limit_content=\u00bb\u00bb uncode_shortcode_id=\u00bb111127&#8243;][vc_column_inner column_width_percent=\u00bb100&#8243; gutter_size=\u00bb3&#8243; back_image=\u00bb3632&#8243; overlay_alpha=\u00bb50&#8243; shift_x=\u00bb0&#8243; shift_y=\u00bb0&#8243; shift_y_down=\u00bb0&#8243; z_index=\u00bb0&#8243; medium_width=\u00bb0&#8243; mobile_width=\u00bb0&#8243; width=\u00bb1\/2&#8243; uncode_shortcode_id=\u00bb144134&#8243;][vc_empty_space empty_h=\u00bb5&#8243;][\/vc_column_inner][vc_column_inner column_width_percent=\u00bb100&#8243; gutter_size=\u00bb3&#8243; back_color=\u00bbcolor-197188&#8243; overlay_alpha=\u00bb50&#8243; shift_x=\u00bb0&#8243; shift_y=\u00bb0&#8243; shift_y_down=\u00bb0&#8243; z_index=\u00bb0&#8243; medium_width=\u00bb0&#8243; mobile_width=\u00bb0&#8243; width=\u00bb1\/2&#8243; uncode_shortcode_id=\u00bb114241&#8243; back_color_type=\u00bbuncode-palette\u00bb el_class=\u00bbgrid-column\u00bb][vc_icon icon_image=\u00bb604&#8243; media_size=\u00bb95&#8243; uncode_shortcode_id=\u00bb148936&#8243; title=\u00bb9 de cada 10 perros adultos\u00bb el_class=\u00bbicon-center\u00bb][\/vc_icon][vc_icon icon_image=\u00bb601&#8243; media_size=\u00bb80&#8243; uncode_shortcode_id=\u00bb158214&#8243; title=\u00bb7 de cada 10 gatos adultos\u00bb el_class=\u00bbicon-center\u00bb][\/vc_icon][vc_column_text text_color=\u00bbcolor-108211&#8243; uncode_shortcode_id=\u00bb143044&#8243; text_color_type=\u00bbuncode-palette\u00bb el_class=\u00bbgrid-column-last\u00bb]Para una evaluaci\u00f3n completa de la salud bucodental, es necesaria\u00a0<strong style=\"color: #08194d !important;\">una exploraci\u00f3n bajo anestesia con radiograf\u00eda intraoral.\u00a0<\/strong>Incluso los dientes macrosc\u00f3picamente normales pueden mostrar hallazgos cl\u00ednicamente importantes en la radiograf\u00eda.<sup>2<\/sup>[\/vc_column_text][\/vc_column_inner][\/vc_row_inner][vc_custom_heading text_color=\u00bbcolor-108211&#8243; heading_semantic=\u00bbh5&#8243; text_size=\u00bbh4&#8243; uncode_shortcode_id=\u00bb422431&#8243; text_color_type=\u00bbuncode-palette\u00bb el_class=\u00bbhead-bordered-dark\u00bb]LA EVIDENCIA[\/vc_custom_heading][vc_row_inner limit_content=\u00bb\u00bb][vc_column_inner column_width_percent=\u00bb100&#8243; gutter_size=\u00bb3&#8243; style=\u00bbdark\u00bb back_color=\u00bbcolor-108211&#8243; overlay_alpha=\u00bb50&#8243; shift_x=\u00bb0&#8243; shift_y=\u00bb0&#8243; shift_y_down=\u00bb0&#8243; z_index=\u00bb0&#8243; medium_width=\u00bb0&#8243; mobile_width=\u00bb0&#8243; width=\u00bb1\/2&#8243; uncode_shortcode_id=\u00bb140344&#8243; el_class=\u00bbpie-charts\u00bb back_color_type=\u00bbuncode-palette\u00bb][vc_single_image media=\u00bb5471&#8243; media_width_percent=\u00bb100&#8243; uncode_shortcode_id=\u00bb791498&#8243;][uncode_list uncode_shortcode_id=\u00bb164031&#8243;]<\/p>\n<ul>\n<li>En un estudio, el\u00a0<strong>28%\u00a0<\/strong>de los dientes normales en perros presentaban hallazgos\u00a0radiogr\u00e1ficos cl\u00ednicamente importantes,<sup>3\u00a0<\/sup>mientras que un estudio similar en\u00a0gatos determin\u00f3 que la cifra era del\u00a0<strong>42%<\/strong>.<sup>4<\/sup><\/li>\n<\/ul>\n<p>[\/uncode_list][\/vc_column_inner][vc_column_inner width=\u00bb1\/2&#8243;][uncode_list uncode_shortcode_id=\u00bb112454&#8243; el_class=\u00bbgreen-bullets\u00bb]<\/p>\n<ul>\n<li>Otro estudio realizado en 114 perros que presentaban enfermedad periodontal\u00a0activa tras la exploraci\u00f3n bajo anestesia de toda la boca revel\u00f3 que, solo 94\u00a0presentaban inflamaci\u00f3n en el examen visual con el animal despierto. Esto\u00a0demuestra, que<strong>\u00a0en las exploraciones visuales de los animales despiertos se puede subestimar la presencia y la gravedad de la enfermedad periodontal.<\/strong><sup>5<\/sup><\/li>\n<\/ul>\n<p>[\/uncode_list][\/vc_column_inner][\/vc_row_inner][vc_button button_color=\u00bbcolor-197188&#8243; border_width=\u00bb0&#8243; button_color_type=\u00bbuncode-palette\u00bb uncode_shortcode_id=\u00bb570296&#8243; el_class=\u00bbbutton-light btn-bigger\u00bb link=\u00bburl:%2Fes%2Fdentalpet-by-ecuphar-veterinarios%2Fhablando-salud-dental%2F|title:PLAQTIV%20for%20Veterinary\u00bb]INICIA LA CONVERSACI\u00d3N ACERCA DEL CUIDADO DENTAL EN CASA &gt;[\/vc_button][\/vc_column][\/vc_row][vc_row row_height_percent=\u00bb0&#8243; override_padding=\u00bbyes\u00bb h_padding=\u00bb2&#8243; top_padding=\u00bb3&#8243; bottom_padding=\u00bb1&#8243; back_color=\u00bbcolor-160397&#8243; overlay_alpha=\u00bb50&#8243; gutter_size=\u00bb3&#8243; column_width_percent=\u00bb100&#8243; shift_y=\u00bb0&#8243; z_index=\u00bb0&#8243; uncode_shortcode_id=\u00bb169673&#8243; back_color_type=\u00bbuncode-palette\u00bb el_id=\u00bbfoot-owner\u00bb el_class=\u00bbsite-footer\u00bb][vc_column column_width_percent=\u00bb100&#8243; gutter_size=\u00bb3&#8243; style=\u00bbdark\u00bb overlay_alpha=\u00bb50&#8243; shift_x=\u00bb0&#8243; shift_y=\u00bb0&#8243; shift_y_down=\u00bb0&#8243; z_index=\u00bb0&#8243; medium_width=\u00bb0&#8243; mobile_width=\u00bb0&#8243; width=\u00bb1\/1&#8243; uncode_shortcode_id=\u00bb204189&#8243;][vc_column_text text_lead=\u00bbsmall\u00bb uncode_shortcode_id=\u00bb135492&#8243;]<strong>Referencias<\/strong><\/p>\n<p class=\"p1\">1. Royal Veterinary College. Available at: <a href=\"https:\/\/www.rvc.ac.uk\/review\/Dentistry\/Shared_Media\/pdfs\/perio_print.pdf\">https:\/\/www.rvc.ac.uk\/review\/Dentistry\/Shared_Media\/pdfs\/perio_print.pdf<\/a> [Accessed December 2021]. 2. Bellows J et al. 2019 AAHA Dental Care Guidelines for Dogs and Cats. J Am Anim Hosp Assoc 2019;55(2):49\u201369. 3. Verstraete FJ et al. Diagnostic value of full-mouth radiography in dogs. Am J Vet Res 1998;59(6):686\u2013691. 4. Verstraete FJ et al. Diagnostic value of full-mouth radiography in cats. Am J Vet Res 1998;59(6):692\u2013695. 5. Queck KE et al. Oral-fluid thiol-detection test identifies underling active periodontal disease not detected by the visual awake examination. J Am Anim Hosp Assoc 2018;54(3):132\u2013137..<\/p>\n<p>[\/vc_column_text][\/vc_column][\/vc_row]<\/p>\n<\/div>","protected":false},"excerpt":{"rendered":"<p>[vc_row row_height_percent=\u00bb65&#8243; override_padding=\u00bbyes\u00bb h_padding=\u00bb2&#8243; top_padding=\u00bb4&#8243; bottom_padding=\u00bb4&#8243; back_image=\u00bb2891&#8243; back_position=\u00bbcenter top\u00bb overlay_alpha=\u00bb50&#8243; gutter_size=\u00bb3&#8243; column_width_percent=\u00bb100&#8243; shift_y=\u00bb0&#8243; z_index=\u00bb0&#8243; medium_visibility=\u00bbyes\u00bb mobile_visibility=\u00bbyes\u00bb uncode_shortcode_id=\u00bb736020&#8243; back_size=\u00bbcover\u00bb][vc_column column_width_percent=\u00bb100&#8243; position_vertical=\u00bbmiddle\u00bb [&hellip;]<\/p>\n","protected":false},"author":2,"featured_media":0,"parent":3809,"menu_order":0,"comment_status":"closed","ping_status":"closed","template":"","meta":{"footnotes":""},"class_list":["post-3865","page","type-page","status-publish","hentry"],"yoast_head":"<!-- This site is optimized with the Yoast SEO plugin v24.6 - https:\/\/yoast.com\/wordpress\/plugins\/seo\/ -->\n<title>Diagn\u00f3stico enfermedad periodontal - Veterinario | Higiene Dental<\/title>\n<meta name=\"description\" content=\"dental.pet\/ES by Ecuphar - Veterinario. Informaci\u00f3n sobre la enfermedad periodontal para profesionales veterinarios. Higiene Dental\" \/>\n<meta name=\"robots\" content=\"index, follow, max-snippet:-1, max-image-preview:large, max-video-preview:-1\" \/>\n<link rel=\"canonical\" href=\"https:\/\/dental.pet\/es\/dentalpet-by-ecuphar-veterinarios\/diagnostico-enfermedad-periodontal\/\" \/>\n<meta property=\"og:locale\" content=\"es_ES\" \/>\n<meta property=\"og:type\" content=\"article\" \/>\n<meta property=\"og:title\" content=\"Diagn\u00f3stico enfermedad periodontal - Veterinario | Higiene Dental\" \/>\n<meta property=\"og:description\" content=\"dental.pet\/ES by Ecuphar - Veterinario. Informaci\u00f3n sobre la enfermedad periodontal para profesionales veterinarios. Higiene Dental\" \/>\n<meta property=\"og:url\" content=\"https:\/\/dental.pet\/es\/dentalpet-by-ecuphar-veterinarios\/diagnostico-enfermedad-periodontal\/\" \/>\n<meta property=\"og:site_name\" content=\"Spain\" \/>\n<meta property=\"article:modified_time\" content=\"2022-11-24T14:16:42+00:00\" \/>\n<meta name=\"twitter:card\" content=\"summary_large_image\" \/>\n<meta name=\"twitter:label1\" content=\"Tiempo de lectura\" \/>\n\t<meta name=\"twitter:data1\" content=\"3 minutos\" \/>\n<script type=\"application\/ld+json\" class=\"yoast-schema-graph\">{\"@context\":\"https:\/\/schema.org\",\"@graph\":[{\"@type\":\"WebPage\",\"@id\":\"https:\/\/dental.pet\/es\/dentalpet-by-ecuphar-veterinarios\/diagnostico-enfermedad-periodontal\/\",\"url\":\"https:\/\/dental.pet\/es\/dentalpet-by-ecuphar-veterinarios\/diagnostico-enfermedad-periodontal\/\",\"name\":\"Diagn\u00f3stico enfermedad periodontal - Veterinario | Higiene Dental\",\"isPartOf\":{\"@id\":\"https:\/\/dental.pet\/es\/#website\"},\"datePublished\":\"2021-12-21T22:46:39+00:00\",\"dateModified\":\"2022-11-24T14:16:42+00:00\",\"description\":\"dental.pet\/ES by Ecuphar - Veterinario. Informaci\u00f3n sobre la enfermedad periodontal para profesionales veterinarios. Higiene Dental\",\"breadcrumb\":{\"@id\":\"https:\/\/dental.pet\/es\/dentalpet-by-ecuphar-veterinarios\/diagnostico-enfermedad-periodontal\/#breadcrumb\"},\"inLanguage\":\"es\",\"potentialAction\":[{\"@type\":\"ReadAction\",\"target\":[\"https:\/\/dental.pet\/es\/dentalpet-by-ecuphar-veterinarios\/diagnostico-enfermedad-periodontal\/\"]}]},{\"@type\":\"BreadcrumbList\",\"@id\":\"https:\/\/dental.pet\/es\/dentalpet-by-ecuphar-veterinarios\/diagnostico-enfermedad-periodontal\/#breadcrumb\",\"itemListElement\":[{\"@type\":\"ListItem\",\"position\":1,\"name\":\"Home\",\"item\":\"https:\/\/dental.pet\/es\/\"},{\"@type\":\"ListItem\",\"position\":2,\"name\":\"Dental Pet by Ecuphar para veterinarios\",\"item\":\"https:\/\/dental.pet\/es\/dentalpet-by-ecuphar-veterinarios\/\"},{\"@type\":\"ListItem\",\"position\":3,\"name\":\"Diagn\u00f3stico de la enfermedad periodontal\"}]},{\"@type\":\"WebSite\",\"@id\":\"https:\/\/dental.pet\/es\/#website\",\"url\":\"https:\/\/dental.pet\/es\/\",\"name\":\"Spain\",\"description\":\"Welcome to your Dental Pet Hub\",\"publisher\":{\"@id\":\"https:\/\/dental.pet\/es\/#organization\"},\"potentialAction\":[{\"@type\":\"SearchAction\",\"target\":{\"@type\":\"EntryPoint\",\"urlTemplate\":\"https:\/\/dental.pet\/es\/?s={search_term_string}\"},\"query-input\":{\"@type\":\"PropertyValueSpecification\",\"valueRequired\":true,\"valueName\":\"search_term_string\"}}],\"inLanguage\":\"es\"},{\"@type\":\"Organization\",\"@id\":\"https:\/\/dental.pet\/es\/#organization\",\"name\":\"Pet Dental\",\"url\":\"https:\/\/dental.pet\/es\/\",\"logo\":{\"@type\":\"ImageObject\",\"inLanguage\":\"es\",\"@id\":\"https:\/\/dental.pet\/es\/#\/schema\/logo\/image\/\",\"url\":\"https:\/\/dental.pet\/espania\/wp-content\/uploads\/sites\/4\/2021\/10\/pet-dental-logo-dark.png\",\"contentUrl\":\"https:\/\/dental.pet\/espania\/wp-content\/uploads\/sites\/4\/2021\/10\/pet-dental-logo-dark.png\",\"width\":328,\"height\":82,\"caption\":\"Pet Dental\"},\"image\":{\"@id\":\"https:\/\/dental.pet\/es\/#\/schema\/logo\/image\/\"}}]}<\/script>\n<!-- \/ Yoast SEO plugin. -->","yoast_head_json":{"title":"Diagn\u00f3stico enfermedad periodontal - Veterinario | Higiene Dental","description":"dental.pet\/ES by Ecuphar - Veterinario. Informaci\u00f3n sobre la enfermedad periodontal para profesionales veterinarios. Higiene Dental","robots":{"index":"index","follow":"follow","max-snippet":"max-snippet:-1","max-image-preview":"max-image-preview:large","max-video-preview":"max-video-preview:-1"},"canonical":"https:\/\/dental.pet\/es\/dentalpet-by-ecuphar-veterinarios\/diagnostico-enfermedad-periodontal\/","og_locale":"es_ES","og_type":"article","og_title":"Diagn\u00f3stico enfermedad periodontal - Veterinario | Higiene Dental","og_description":"dental.pet\/ES by Ecuphar - Veterinario. Informaci\u00f3n sobre la enfermedad periodontal para profesionales veterinarios. Higiene Dental","og_url":"https:\/\/dental.pet\/es\/dentalpet-by-ecuphar-veterinarios\/diagnostico-enfermedad-periodontal\/","og_site_name":"Spain","article_modified_time":"2022-11-24T14:16:42+00:00","twitter_card":"summary_large_image","twitter_misc":{"Tiempo de lectura":"3 minutos"},"schema":{"@context":"https:\/\/schema.org","@graph":[{"@type":"WebPage","@id":"https:\/\/dental.pet\/es\/dentalpet-by-ecuphar-veterinarios\/diagnostico-enfermedad-periodontal\/","url":"https:\/\/dental.pet\/es\/dentalpet-by-ecuphar-veterinarios\/diagnostico-enfermedad-periodontal\/","name":"Diagn\u00f3stico enfermedad periodontal - Veterinario | Higiene Dental","isPartOf":{"@id":"https:\/\/dental.pet\/es\/#website"},"datePublished":"2021-12-21T22:46:39+00:00","dateModified":"2022-11-24T14:16:42+00:00","description":"dental.pet\/ES by Ecuphar - Veterinario. Informaci\u00f3n sobre la enfermedad periodontal para profesionales veterinarios. Higiene Dental","breadcrumb":{"@id":"https:\/\/dental.pet\/es\/dentalpet-by-ecuphar-veterinarios\/diagnostico-enfermedad-periodontal\/#breadcrumb"},"inLanguage":"es","potentialAction":[{"@type":"ReadAction","target":["https:\/\/dental.pet\/es\/dentalpet-by-ecuphar-veterinarios\/diagnostico-enfermedad-periodontal\/"]}]},{"@type":"BreadcrumbList","@id":"https:\/\/dental.pet\/es\/dentalpet-by-ecuphar-veterinarios\/diagnostico-enfermedad-periodontal\/#breadcrumb","itemListElement":[{"@type":"ListItem","position":1,"name":"Home","item":"https:\/\/dental.pet\/es\/"},{"@type":"ListItem","position":2,"name":"Dental Pet by Ecuphar para veterinarios","item":"https:\/\/dental.pet\/es\/dentalpet-by-ecuphar-veterinarios\/"},{"@type":"ListItem","position":3,"name":"Diagn\u00f3stico de la enfermedad periodontal"}]},{"@type":"WebSite","@id":"https:\/\/dental.pet\/es\/#website","url":"https:\/\/dental.pet\/es\/","name":"Spain","description":"Welcome to your Dental Pet Hub","publisher":{"@id":"https:\/\/dental.pet\/es\/#organization"},"potentialAction":[{"@type":"SearchAction","target":{"@type":"EntryPoint","urlTemplate":"https:\/\/dental.pet\/es\/?s={search_term_string}"},"query-input":{"@type":"PropertyValueSpecification","valueRequired":true,"valueName":"search_term_string"}}],"inLanguage":"es"},{"@type":"Organization","@id":"https:\/\/dental.pet\/es\/#organization","name":"Pet Dental","url":"https:\/\/dental.pet\/es\/","logo":{"@type":"ImageObject","inLanguage":"es","@id":"https:\/\/dental.pet\/es\/#\/schema\/logo\/image\/","url":"https:\/\/dental.pet\/espania\/wp-content\/uploads\/sites\/4\/2021\/10\/pet-dental-logo-dark.png","contentUrl":"https:\/\/dental.pet\/espania\/wp-content\/uploads\/sites\/4\/2021\/10\/pet-dental-logo-dark.png","width":328,"height":82,"caption":"Pet Dental"},"image":{"@id":"https:\/\/dental.pet\/es\/#\/schema\/logo\/image\/"}}]}},"_links":{"self":[{"href":"https:\/\/dental.pet\/es\/wp-json\/wp\/v2\/pages\/3865","targetHints":{"allow":["GET"]}}],"collection":[{"href":"https:\/\/dental.pet\/es\/wp-json\/wp\/v2\/pages"}],"about":[{"href":"https:\/\/dental.pet\/es\/wp-json\/wp\/v2\/types\/page"}],"author":[{"embeddable":true,"href":"https:\/\/dental.pet\/es\/wp-json\/wp\/v2\/users\/2"}],"replies":[{"embeddable":true,"href":"https:\/\/dental.pet\/es\/wp-json\/wp\/v2\/comments?post=3865"}],"version-history":[{"count":6,"href":"https:\/\/dental.pet\/es\/wp-json\/wp\/v2\/pages\/3865\/revisions"}],"predecessor-version":[{"id":6362,"href":"https:\/\/dental.pet\/es\/wp-json\/wp\/v2\/pages\/3865\/revisions\/6362"}],"up":[{"embeddable":true,"href":"https:\/\/dental.pet\/es\/wp-json\/wp\/v2\/pages\/3809"}],"wp:attachment":[{"href":"https:\/\/dental.pet\/es\/wp-json\/wp\/v2\/media?parent=3865"}],"curies":[{"name":"wp","href":"https:\/\/api.w.org\/{rel}","templated":true}]}}