{"id":3815,"date":"2021-12-21T22:36:02","date_gmt":"2021-12-21T22:36:02","guid":{"rendered":"https:\/\/dental.onpressidium.com\/?page_id=3815"},"modified":"2022-10-28T16:00:05","modified_gmt":"2022-10-28T16:00:05","slug":"vohc","status":"publish","type":"page","link":"https:\/\/dental.pet\/es\/dentalpet-by-ecuphar-veterinarios\/vohc\/","title":{"rendered":"\u00bfQu\u00e9 es el VOHC?"},"content":{"rendered":"<div class=\"wpb-content-wrapper\"><p>[vc_row row_height_percent=\u00bb65&#8243; override_padding=\u00bbyes\u00bb h_padding=\u00bb2&#8243; top_padding=\u00bb4&#8243; bottom_padding=\u00bb4&#8243; back_image=\u00bb3767&#8243; overlay_alpha=\u00bb50&#8243; gutter_size=\u00bb3&#8243; column_width_percent=\u00bb100&#8243; shift_y=\u00bb0&#8243; z_index=\u00bb0&#8243; medium_visibility=\u00bbyes\u00bb mobile_visibility=\u00bbyes\u00bb uncode_shortcode_id=\u00bb176971&#8243;][vc_column column_width_percent=\u00bb100&#8243; position_vertical=\u00bbmiddle\u00bb gutter_size=\u00bb3&#8243; overlay_alpha=\u00bb50&#8243; shift_x=\u00bb0&#8243; shift_y=\u00bb0&#8243; shift_y_down=\u00bb0&#8243; z_index=\u00bb0&#8243; medium_width=\u00bb0&#8243; mobile_width=\u00bb0&#8243; css_animation=\u00bbbottom-t-top\u00bb width=\u00bb3\/4&#8243; uncode_shortcode_id=\u00bb108884&#8243; el_class=\u00bbz-index1&#8243;][vc_custom_heading text_color=\u00bbcolor-197188&#8243; heading_semantic=\u00bbdiv\u00bb text_size=\u00bbfontsize-158891&#8243; text_weight=\u00bb700&#8243; uncode_shortcode_id=\u00bb158291&#8243; text_color_type=\u00bbuncode-palette\u00bb]\u00bfQu\u00e9 es<br \/>\nel VOHC?[\/vc_custom_heading][\/vc_column][vc_column width=\u00bb1\/4&#8243;][\/vc_column][\/vc_row][vc_row row_height_percent=\u00bb0&#8243; override_padding=\u00bbyes\u00bb h_padding=\u00bb2&#8243; top_padding=\u00bb1&#8243; bottom_padding=\u00bb1&#8243; overlay_alpha=\u00bb50&#8243; gutter_size=\u00bb3&#8243; column_width_percent=\u00bb100&#8243; shift_y=\u00bb0&#8243; z_index=\u00bb0&#8243; uncode_shortcode_id=\u00bb116346&#8243; el_class=\u00bbpc-section-shape-background-grey\u00bb css=\u00bb.vc_custom_1640133987865{padding-top: 20px !important;padding-bottom: 20px !important;}\u00bb][vc_column width=\u00bb1\/1&#8243;][vc_custom_heading uncode_shortcode_id=\u00bb500508&#8243;][\/vc_custom_heading][\/vc_column][\/vc_row][vc_row row_height_percent=\u00bb80&#8243; override_padding=\u00bbyes\u00bb h_padding=\u00bb0&#8243; top_padding=\u00bb0&#8243; bottom_padding=\u00bb4&#8243; back_image=\u00bb1420&#8243; back_repeat=\u00bbno-repeat\u00bb back_position=\u00bbleft center\u00bb overlay_alpha=\u00bb50&#8243; gutter_size=\u00bb3&#8243; column_width_percent=\u00bb100&#8243; shift_y=\u00bb0&#8243; z_index=\u00bb0&#8243; desktop_visibility=\u00bbyes\u00bb uncode_shortcode_id=\u00bb562326&#8243; back_size=\u00bbcover\u00bb][vc_column column_width_percent=\u00bb100&#8243; position_vertical=\u00bbmiddle\u00bb gutter_size=\u00bb3&#8243; overlay_alpha=\u00bb50&#8243; shift_x=\u00bb0&#8243; shift_y=\u00bb0&#8243; shift_y_down=\u00bb0&#8243; z_index=\u00bb0&#8243; medium_width=\u00bb0&#8243; mobile_width=\u00bb0&#8243; css_animation=\u00bbbottom-t-top\u00bb width=\u00bb1\/1&#8243; uncode_shortcode_id=\u00bb108884&#8243; el_class=\u00bbz-index1&#8243;][vc_single_image media=\u00bb3770&#8243; media_width_percent=\u00bb100&#8243; uncode_shortcode_id=\u00bb189623&#8243;][vc_row_inner row_inner_height_percent=\u00bb0&#8243; overlay_alpha=\u00bb50&#8243; gutter_size=\u00bb3&#8243; shift_y=\u00bb0&#8243; z_index=\u00bb0&#8243; limit_content=\u00bb\u00bb uncode_shortcode_id=\u00bb653312&#8243; css=\u00bb.vc_custom_1640133389850{padding-top: 50px !important;}\u00bb][vc_column_inner column_width_percent=\u00bb100&#8243; gutter_size=\u00bb2&#8243; overlay_alpha=\u00bb50&#8243; shift_x=\u00bb0&#8243; shift_y=\u00bb0&#8243; shift_y_down=\u00bb0&#8243; z_index=\u00bb0&#8243; medium_width=\u00bb0&#8243; mobile_width=\u00bb0&#8243; width=\u00bb1\/1&#8243; uncode_shortcode_id=\u00bb183672&#8243; css=\u00bb.vc_custom_1635343471515{padding-right: 36px !important;padding-left: 36px !important;}\u00bb][vc_custom_heading text_color=\u00bbcolor-197188&#8243; heading_semantic=\u00bbdiv\u00bb text_size=\u00bbfontsize-158891&#8243; text_weight=\u00bb700&#8243; uncode_shortcode_id=\u00bb204367&#8243; text_color_type=\u00bbuncode-palette\u00bb]\u00bfQu\u00e9 es\u00a0el VOHC?[\/vc_custom_heading][\/vc_column_inner][\/vc_row_inner][\/vc_column][\/vc_row][vc_row row_height_percent=\u00bb0&#8243; override_padding=\u00bbyes\u00bb h_padding=\u00bb2&#8243; top_padding=\u00bb5&#8243; bottom_padding=\u00bb5&#8243; overlay_alpha=\u00bb50&#8243; gutter_size=\u00bb3&#8243; column_width_percent=\u00bb100&#8243; shift_y=\u00bb0&#8243; z_index=\u00bb0&#8243; uncode_shortcode_id=\u00bb184700&#8243; el_class=\u00bbbg-gradient\u00bb el_id=\u00bbtheStart\u00bb][vc_column column_width_percent=\u00bb100&#8243; gutter_size=\u00bb2&#8243; overlay_alpha=\u00bb50&#8243; shift_x=\u00bb0&#8243; shift_y=\u00bb0&#8243; shift_y_down=\u00bb0&#8243; z_index=\u00bb0&#8243; medium_width=\u00bb0&#8243; mobile_width=\u00bb0&#8243; width=\u00bb1\/1&#8243; uncode_shortcode_id=\u00bb296098&#8243; el_id=\u00bbaccordion-light\u00bb][vc_row_inner limit_content=\u00bb\u00bb][vc_column_inner column_width_percent=\u00bb100&#8243; gutter_size=\u00bb3&#8243; style=\u00bbdark\u00bb overlay_alpha=\u00bb50&#8243; shift_x=\u00bb0&#8243; shift_y=\u00bb0&#8243; shift_y_down=\u00bb0&#8243; z_index=\u00bb0&#8243; medium_width=\u00bb0&#8243; mobile_width=\u00bb0&#8243; width=\u00bb1\/2&#8243; uncode_shortcode_id=\u00bb969177&#8243;][vc_custom_heading text_color=\u00bbcolor-197188&#8243; heading_semantic=\u00bbh4&#8243; text_size=\u00bbh4&#8243; uncode_shortcode_id=\u00bb163712&#8243; text_color_type=\u00bbuncode-palette\u00bb]El Veterinary Oral Health Council (VOHC) se fund\u00f3 en la d\u00e9cada de 1990 para desarrollar un sistema de revisi\u00f3n y aprobaci\u00f3n de productos dentales veterinarios.<sup>1<\/sup>[\/vc_custom_heading][vc_column_text uncode_shortcode_id=\u00bb649880&#8243; el_id=\u00bbstart\u00bb]Compuesto por nueve dentistas veterinarios y cient\u00edficos dentales, el consejo define\u00a0<strong>protocolos estandarizados para las pruebas de eficacia de producto<\/strong>.<sup>1,2<\/sup>[\/vc_column_text][vc_custom_heading text_color=\u00bbcolor-xsdn\u00bb heading_semantic=\u00bbh4&#8243; text_size=\u00bbh4&#8243; uncode_shortcode_id=\u00bb794004&#8243; text_color_type=\u00bbuncode-palette\u00bb el_class=\u00bbhead-bordered\u00bb]Acerca de los procedimientos VOHC<sup>3<\/sup>[\/vc_custom_heading][vc_custom_heading text_color=\u00bbcolor-197188&#8243; heading_semantic=\u00bbh4&#8243; text_size=\u00bbh4&#8243; uncode_shortcode_id=\u00bb155911&#8243; text_color_type=\u00bbuncode-palette\u00bb]Criterios de estudio[\/vc_custom_heading][uncode_list uncode_shortcode_id=\u00bb178396&#8243; el_class=\u00bbmarker-list-green\u00bb]<\/p>\n<ul>\n<li>Se requiere un m\u00ednimo de dos ensayos separados para cada producto probado<\/li>\n<li>Los ensayos deben diferir al menos en 2 de los siguientes criterios: poblaci\u00f3n de animales del ensayo; lugar del ensayo; fecha y dise\u00f1o del ensayo; investigador<\/li>\n<li>La poblaci\u00f3n de animales del ensayo debe ser similar entre los dos ensayos con respecto al tama\u00f1o, la forma de la cabeza y la edad<\/li>\n<li>Los sujetos deben recibir una dieta de control aprobada durante el ensayo<\/li>\n<li>Se debe usar un modelo de boca limpia, en el que los dientes se limpian\/raspan y pulen el d\u00eda cero del ensayo<\/li>\n<li>El per\u00edodo de prueba m\u00ednimo es de 7 d\u00edas para una certificaci\u00f3n de placa y de 21 d\u00edas para una certificaci\u00f3n de sarro<\/li>\n<\/ul>\n<p>[\/uncode_list][vc_custom_heading text_color=\u00bbcolor-197188&#8243; heading_semantic=\u00bbh4&#8243; text_size=\u00bbh4&#8243; uncode_shortcode_id=\u00bb112248&#8243; text_color_type=\u00bbuncode-palette\u00bb]Criterios de eficacia[\/vc_custom_heading][uncode_list uncode_shortcode_id=\u00bb543412&#8243; el_class=\u00bbmarker-list-green\u00bb]M\u00ednima diferencia en las &#8216;puntuaciones promedio de la boca&#8217; (es decir, la media de todos los dientes puntuados para todos los animales involucrados) requerida para la aceptaci\u00f3n de VOHC es la siguiente:<\/p>\n<ul>\n<li><strong>Reducci\u00f3n del 15 %<\/strong> en la puntuaci\u00f3n de placa o sarro entre los grupos de prueba y de control negativo en cada ensayo<\/li>\n<li><strong>Reducci\u00f3n del 20 %<\/strong> para el control qu\u00edmico de la placa<\/li>\n<li><strong>Reducci\u00f3n promedio \u226520 %<\/strong> en los dos ensayos<\/li>\n<li><strong>Diferencia estad\u00edsticamente significativa<\/strong> (p&lt;0,05) en cada ensayo<\/li>\n<\/ul>\n<p>[\/uncode_list][\/vc_column_inner][\/vc_row_inner][\/vc_column][\/vc_row][vc_row row_height_percent=\u00bb0&#8243; override_padding=\u00bbyes\u00bb h_padding=\u00bb2&#8243; top_padding=\u00bb4&#8243; bottom_padding=\u00bb5&#8243; overlay_alpha=\u00bb50&#8243; gutter_size=\u00bb3&#8243; column_width_percent=\u00bb100&#8243; shift_y=\u00bb0&#8243; z_index=\u00bb0&#8243; uncode_shortcode_id=\u00bb543818&#8243; el_id=\u00bbtheJourney\u00bb el_class=\u00bbpc-section-shape-background-grey-inverse\u00bb][vc_column column_width_percent=\u00bb100&#8243; position_vertical=\u00bbmiddle\u00bb gutter_size=\u00bb3&#8243; overlay_alpha=\u00bb50&#8243; shift_x=\u00bb0&#8243; shift_y=\u00bb0&#8243; shift_y_down=\u00bb0&#8243; z_index=\u00bb0&#8243; medium_width=\u00bb0&#8243; mobile_width=\u00bb0&#8243; width=\u00bb1\/1&#8243; uncode_shortcode_id=\u00bb109194&#8243; css=\u00bb.vc_custom_1640135060175{padding-top: 30px !important;}\u00bb el_id=\u00bbaccordion-dark\u00bb][vc_custom_heading uncode_shortcode_id=\u00bb187043&#8243;]Beneficios del VOHC[\/vc_custom_heading][vc_row_inner row_inner_height_percent=\u00bb0&#8243; back_color=\u00bbcolor-197188&#8243; overlay_alpha=\u00bb50&#8243; gutter_size=\u00bb3&#8243; shift_y=\u00bb0&#8243; z_index=\u00bb0&#8243; limit_content=\u00bb\u00bb uncode_shortcode_id=\u00bb166913&#8243; back_color_type=\u00bbuncode-palette\u00bb css=\u00bb.vc_custom_1640135154021{border-right-width: 30px !important;padding-top: 50px !important;padding-bottom: 50px !important;padding-left: 30px !important;}\u00bb][vc_column_inner width=\u00bb1\/2&#8243;][vc_icon position=\u00bbleft\u00bb icon_image=\u00bb3934&#8243; media_size=\u00bb80&#8243; heading_semantic=\u00bbdiv\u00bb text_size=\u00bbh5&#8243; text_weight=\u00bb700&#8243; uncode_shortcode_id=\u00bb727934&#8243; title=\u00bb1. Incrementa la investigaci\u00f3n\u00bb el_class=\u00bbvohc-box\u00bb]Aporta conocimiento al campo de la placa y sarro en perros y gatos[\/vc_icon][\/vc_column_inner][vc_column_inner width=\u00bb1\/2&#8243;][vc_icon position=\u00bbleft\u00bb icon_image=\u00bb3932&#8243; media_size=\u00bb80&#8243; heading_semantic=\u00bbdiv\u00bb text_size=\u00bbh5&#8243; text_weight=\u00bb700&#8243; uncode_shortcode_id=\u00bb692539&#8243; title=\u00bb2. Confianza y credibilidad\u00bb el_class=\u00bbvohc-box\u00bb]Garantiza que las investigaciones sean v\u00e1lidas con protocolos estandarizados y\u00a0beneficios estad\u00edsticamente significativos frente al control negativo[\/vc_icon][\/vc_column_inner][\/vc_row_inner][vc_empty_space empty_h=\u00bb2&#8243;][vc_custom_heading text_color=\u00bbcolor-197188&#8243; heading_semantic=\u00bbh4&#8243; text_size=\u00bbh4&#8243; uncode_shortcode_id=\u00bb174331&#8243; text_color_type=\u00bbuncode-palette\u00bb el_class=\u00bbhead-bordered-dark\u00bb]\u00bfQu\u00e9 significa para un producto de cuidado dental la aceptaci\u00f3n del VOHC?[\/vc_custom_heading][vc_icon position=\u00bbleft\u00bb icon_image=\u00bb4372&#8243; media_size=\u00bb200&#8243; heading_semantic=\u00bbdiv\u00bb text_size=\u00bbh5&#8243; uncode_shortcode_id=\u00bb629664&#8243; el_class=\u00bbicon-box-mobile\u00bb]Si un producto cumple con los requisitos del VOHC para la reducci\u00f3n de placa y\/o sarro, se le puede otorgar el sello de aceptaci\u00f3n del VOHC.<sup>3\u00a0<\/sup>Esto significa que los profesionales veterinarios pueden estar seguros de la eficacia del producto y sentirse seguros recomend\u00e1ndolo a sus clientes.<\/p>\n<p>&nbsp;<\/p>\n<p>No tener el sello VOHC no significa necesariamente que un producto no sea bueno, pero s\u00ed significa que los profesionales veterinarios tendr\u00e1n que profundizar en la literatura (si existe) para determinar la val\u00eda del producto.[\/vc_icon][\/vc_column][\/vc_row][vc_row row_height_percent=\u00bb40&#8243; back_image=\u00bb3941&#8243; overlay_alpha=\u00bb50&#8243; gutter_size=\u00bb3&#8243; column_width_percent=\u00bb100&#8243; shift_y=\u00bb0&#8243; z_index=\u00bb0&#8243; uncode_shortcode_id=\u00bb155569&#8243; css=\u00bb.vc_custom_1640134987048{margin-top: 15px !important;}\u00bb][vc_column width=\u00bb1\/1&#8243;][\/vc_column][\/vc_row][vc_row row_height_percent=\u00bb0&#8243; override_padding=\u00bbyes\u00bb h_padding=\u00bb2&#8243; top_padding=\u00bb3&#8243; bottom_padding=\u00bb1&#8243; back_color=\u00bbcolor-160397&#8243; overlay_alpha=\u00bb50&#8243; gutter_size=\u00bb3&#8243; column_width_percent=\u00bb100&#8243; shift_y=\u00bb0&#8243; z_index=\u00bb0&#8243; uncode_shortcode_id=\u00bb169673&#8243; back_color_type=\u00bbuncode-palette\u00bb el_id=\u00bbfoot-owner\u00bb el_class=\u00bbsite-footer\u00bb][vc_column column_width_percent=\u00bb100&#8243; gutter_size=\u00bb3&#8243; style=\u00bbdark\u00bb overlay_alpha=\u00bb50&#8243; shift_x=\u00bb0&#8243; shift_y=\u00bb0&#8243; shift_y_down=\u00bb0&#8243; z_index=\u00bb0&#8243; medium_width=\u00bb0&#8243; mobile_width=\u00bb0&#8243; width=\u00bb1\/1&#8243; uncode_shortcode_id=\u00bb204189&#8243;][vc_column_text text_lead=\u00bbsmall\u00bb uncode_shortcode_id=\u00bb734265&#8243;]<strong>Referencias<\/strong><\/p>\n<p>1. Veterinary Oral Health Council. History of VOHC. Available at: <a href=\"http:\/\/www.vohc.org\/vohc_history.html\" target=\"_blank\" rel=\"noopener\">http:\/\/www.vohc.org\/vohc_history.html<\/a> [Accessed December 2021]. 2. Veterinary Oral Health Council. VOHC Council. Available at: <a href=\"http:\/\/www.vohc.org\/vohc_council.html\" target=\"_blank\" rel=\"noopener\">http:\/\/www.vohc.org\/vohc_council.html <\/a>[Accessed December 2021]. 3. Veterinary Oral Health Council. Protocols and Submissions. Available at: <a href=\"http:\/\/www.vohc.org\/protocols_submissions.html\" target=\"_blank\" rel=\"noopener\">http:\/\/www.vohc.org\/protocols_submissions.html<\/a> [Accessed December 2021].[\/vc_column_text][\/vc_column][\/vc_row]<\/p>\n<\/div>","protected":false},"excerpt":{"rendered":"<p>[vc_row row_height_percent=\u00bb65&#8243; override_padding=\u00bbyes\u00bb h_padding=\u00bb2&#8243; top_padding=\u00bb4&#8243; bottom_padding=\u00bb4&#8243; back_image=\u00bb3767&#8243; overlay_alpha=\u00bb50&#8243; gutter_size=\u00bb3&#8243; column_width_percent=\u00bb100&#8243; shift_y=\u00bb0&#8243; z_index=\u00bb0&#8243; medium_visibility=\u00bbyes\u00bb mobile_visibility=\u00bbyes\u00bb uncode_shortcode_id=\u00bb176971&#8243;][vc_column column_width_percent=\u00bb100&#8243; position_vertical=\u00bbmiddle\u00bb gutter_size=\u00bb3&#8243; overlay_alpha=\u00bb50&#8243; shift_x=\u00bb0&#8243; [&hellip;]<\/p>\n","protected":false},"author":2,"featured_media":0,"parent":3809,"menu_order":0,"comment_status":"closed","ping_status":"closed","template":"","meta":{"footnotes":""},"class_list":["post-3815","page","type-page","status-publish","hentry"],"yoast_head":"<!-- This site is optimized with the Yoast SEO plugin v24.6 - https:\/\/yoast.com\/wordpress\/plugins\/seo\/ -->\n<title>\u00bfQu\u00e9 es el VOHC? - Veterinario | Higiene Dental<\/title>\n<meta name=\"description\" content=\"\u00bfQu\u00e9 es el VOHC? Informaci\u00f3n para veterinarios acerca del sello de reconocimiento VOHC y que significa para los productos de higiene dental\" \/>\n<meta name=\"robots\" content=\"index, follow, max-snippet:-1, max-image-preview:large, max-video-preview:-1\" \/>\n<link rel=\"canonical\" href=\"https:\/\/dental.pet\/es\/dentalpet-by-ecuphar-veterinarios\/vohc\/\" \/>\n<meta property=\"og:locale\" content=\"es_ES\" \/>\n<meta property=\"og:type\" content=\"article\" \/>\n<meta property=\"og:title\" content=\"\u00bfQu\u00e9 es el VOHC? - Veterinario | Higiene Dental\" \/>\n<meta property=\"og:description\" content=\"\u00bfQu\u00e9 es el VOHC? Informaci\u00f3n para veterinarios acerca del sello de reconocimiento VOHC y que significa para los productos de higiene dental\" \/>\n<meta property=\"og:url\" content=\"https:\/\/dental.pet\/es\/dentalpet-by-ecuphar-veterinarios\/vohc\/\" \/>\n<meta property=\"og:site_name\" content=\"Spain\" \/>\n<meta property=\"article:modified_time\" content=\"2022-10-28T16:00:05+00:00\" \/>\n<meta name=\"twitter:card\" content=\"summary_large_image\" \/>\n<meta name=\"twitter:label1\" content=\"Tiempo de lectura\" \/>\n\t<meta name=\"twitter:data1\" content=\"4 minutos\" \/>\n<script type=\"application\/ld+json\" class=\"yoast-schema-graph\">{\"@context\":\"https:\/\/schema.org\",\"@graph\":[{\"@type\":\"WebPage\",\"@id\":\"https:\/\/dental.pet\/es\/dentalpet-by-ecuphar-veterinarios\/vohc\/\",\"url\":\"https:\/\/dental.pet\/es\/dentalpet-by-ecuphar-veterinarios\/vohc\/\",\"name\":\"\u00bfQu\u00e9 es el VOHC? - Veterinario | Higiene Dental\",\"isPartOf\":{\"@id\":\"https:\/\/dental.pet\/es\/#website\"},\"datePublished\":\"2021-12-21T22:36:02+00:00\",\"dateModified\":\"2022-10-28T16:00:05+00:00\",\"description\":\"\u00bfQu\u00e9 es el VOHC? Informaci\u00f3n para veterinarios acerca del sello de reconocimiento VOHC y que significa para los productos de higiene dental\",\"breadcrumb\":{\"@id\":\"https:\/\/dental.pet\/es\/dentalpet-by-ecuphar-veterinarios\/vohc\/#breadcrumb\"},\"inLanguage\":\"es\",\"potentialAction\":[{\"@type\":\"ReadAction\",\"target\":[\"https:\/\/dental.pet\/es\/dentalpet-by-ecuphar-veterinarios\/vohc\/\"]}]},{\"@type\":\"BreadcrumbList\",\"@id\":\"https:\/\/dental.pet\/es\/dentalpet-by-ecuphar-veterinarios\/vohc\/#breadcrumb\",\"itemListElement\":[{\"@type\":\"ListItem\",\"position\":1,\"name\":\"Home\",\"item\":\"https:\/\/dental.pet\/es\/\"},{\"@type\":\"ListItem\",\"position\":2,\"name\":\"Dental Pet by Ecuphar para veterinarios\",\"item\":\"https:\/\/dental.pet\/es\/dentalpet-by-ecuphar-veterinarios\/\"},{\"@type\":\"ListItem\",\"position\":3,\"name\":\"\u00bfQu\u00e9 es el VOHC?\"}]},{\"@type\":\"WebSite\",\"@id\":\"https:\/\/dental.pet\/es\/#website\",\"url\":\"https:\/\/dental.pet\/es\/\",\"name\":\"Spain\",\"description\":\"Welcome to your Dental Pet Hub\",\"publisher\":{\"@id\":\"https:\/\/dental.pet\/es\/#organization\"},\"potentialAction\":[{\"@type\":\"SearchAction\",\"target\":{\"@type\":\"EntryPoint\",\"urlTemplate\":\"https:\/\/dental.pet\/es\/?s={search_term_string}\"},\"query-input\":{\"@type\":\"PropertyValueSpecification\",\"valueRequired\":true,\"valueName\":\"search_term_string\"}}],\"inLanguage\":\"es\"},{\"@type\":\"Organization\",\"@id\":\"https:\/\/dental.pet\/es\/#organization\",\"name\":\"Pet Dental\",\"url\":\"https:\/\/dental.pet\/es\/\",\"logo\":{\"@type\":\"ImageObject\",\"inLanguage\":\"es\",\"@id\":\"https:\/\/dental.pet\/es\/#\/schema\/logo\/image\/\",\"url\":\"https:\/\/dental.pet\/espania\/wp-content\/uploads\/sites\/4\/2021\/10\/pet-dental-logo-dark.png\",\"contentUrl\":\"https:\/\/dental.pet\/espania\/wp-content\/uploads\/sites\/4\/2021\/10\/pet-dental-logo-dark.png\",\"width\":328,\"height\":82,\"caption\":\"Pet Dental\"},\"image\":{\"@id\":\"https:\/\/dental.pet\/es\/#\/schema\/logo\/image\/\"}}]}<\/script>\n<!-- \/ Yoast SEO plugin. -->","yoast_head_json":{"title":"\u00bfQu\u00e9 es el VOHC? - Veterinario | Higiene Dental","description":"\u00bfQu\u00e9 es el VOHC? Informaci\u00f3n para veterinarios acerca del sello de reconocimiento VOHC y que significa para los productos de higiene dental","robots":{"index":"index","follow":"follow","max-snippet":"max-snippet:-1","max-image-preview":"max-image-preview:large","max-video-preview":"max-video-preview:-1"},"canonical":"https:\/\/dental.pet\/es\/dentalpet-by-ecuphar-veterinarios\/vohc\/","og_locale":"es_ES","og_type":"article","og_title":"\u00bfQu\u00e9 es el VOHC? - Veterinario | Higiene Dental","og_description":"\u00bfQu\u00e9 es el VOHC? Informaci\u00f3n para veterinarios acerca del sello de reconocimiento VOHC y que significa para los productos de higiene dental","og_url":"https:\/\/dental.pet\/es\/dentalpet-by-ecuphar-veterinarios\/vohc\/","og_site_name":"Spain","article_modified_time":"2022-10-28T16:00:05+00:00","twitter_card":"summary_large_image","twitter_misc":{"Tiempo de lectura":"4 minutos"},"schema":{"@context":"https:\/\/schema.org","@graph":[{"@type":"WebPage","@id":"https:\/\/dental.pet\/es\/dentalpet-by-ecuphar-veterinarios\/vohc\/","url":"https:\/\/dental.pet\/es\/dentalpet-by-ecuphar-veterinarios\/vohc\/","name":"\u00bfQu\u00e9 es el VOHC? - Veterinario | Higiene Dental","isPartOf":{"@id":"https:\/\/dental.pet\/es\/#website"},"datePublished":"2021-12-21T22:36:02+00:00","dateModified":"2022-10-28T16:00:05+00:00","description":"\u00bfQu\u00e9 es el VOHC? Informaci\u00f3n para veterinarios acerca del sello de reconocimiento VOHC y que significa para los productos de higiene dental","breadcrumb":{"@id":"https:\/\/dental.pet\/es\/dentalpet-by-ecuphar-veterinarios\/vohc\/#breadcrumb"},"inLanguage":"es","potentialAction":[{"@type":"ReadAction","target":["https:\/\/dental.pet\/es\/dentalpet-by-ecuphar-veterinarios\/vohc\/"]}]},{"@type":"BreadcrumbList","@id":"https:\/\/dental.pet\/es\/dentalpet-by-ecuphar-veterinarios\/vohc\/#breadcrumb","itemListElement":[{"@type":"ListItem","position":1,"name":"Home","item":"https:\/\/dental.pet\/es\/"},{"@type":"ListItem","position":2,"name":"Dental Pet by Ecuphar para veterinarios","item":"https:\/\/dental.pet\/es\/dentalpet-by-ecuphar-veterinarios\/"},{"@type":"ListItem","position":3,"name":"\u00bfQu\u00e9 es el VOHC?"}]},{"@type":"WebSite","@id":"https:\/\/dental.pet\/es\/#website","url":"https:\/\/dental.pet\/es\/","name":"Spain","description":"Welcome to your Dental Pet Hub","publisher":{"@id":"https:\/\/dental.pet\/es\/#organization"},"potentialAction":[{"@type":"SearchAction","target":{"@type":"EntryPoint","urlTemplate":"https:\/\/dental.pet\/es\/?s={search_term_string}"},"query-input":{"@type":"PropertyValueSpecification","valueRequired":true,"valueName":"search_term_string"}}],"inLanguage":"es"},{"@type":"Organization","@id":"https:\/\/dental.pet\/es\/#organization","name":"Pet Dental","url":"https:\/\/dental.pet\/es\/","logo":{"@type":"ImageObject","inLanguage":"es","@id":"https:\/\/dental.pet\/es\/#\/schema\/logo\/image\/","url":"https:\/\/dental.pet\/espania\/wp-content\/uploads\/sites\/4\/2021\/10\/pet-dental-logo-dark.png","contentUrl":"https:\/\/dental.pet\/espania\/wp-content\/uploads\/sites\/4\/2021\/10\/pet-dental-logo-dark.png","width":328,"height":82,"caption":"Pet Dental"},"image":{"@id":"https:\/\/dental.pet\/es\/#\/schema\/logo\/image\/"}}]}},"_links":{"self":[{"href":"https:\/\/dental.pet\/es\/wp-json\/wp\/v2\/pages\/3815","targetHints":{"allow":["GET"]}}],"collection":[{"href":"https:\/\/dental.pet\/es\/wp-json\/wp\/v2\/pages"}],"about":[{"href":"https:\/\/dental.pet\/es\/wp-json\/wp\/v2\/types\/page"}],"author":[{"embeddable":true,"href":"https:\/\/dental.pet\/es\/wp-json\/wp\/v2\/users\/2"}],"replies":[{"embeddable":true,"href":"https:\/\/dental.pet\/es\/wp-json\/wp\/v2\/comments?post=3815"}],"version-history":[{"count":5,"href":"https:\/\/dental.pet\/es\/wp-json\/wp\/v2\/pages\/3815\/revisions"}],"predecessor-version":[{"id":6276,"href":"https:\/\/dental.pet\/es\/wp-json\/wp\/v2\/pages\/3815\/revisions\/6276"}],"up":[{"embeddable":true,"href":"https:\/\/dental.pet\/es\/wp-json\/wp\/v2\/pages\/3809"}],"wp:attachment":[{"href":"https:\/\/dental.pet\/es\/wp-json\/wp\/v2\/media?parent=3815"}],"curies":[{"name":"wp","href":"https:\/\/api.w.org\/{rel}","templated":true}]}}