{"id":3682,"date":"2021-12-21T19:54:53","date_gmt":"2021-12-21T19:54:53","guid":{"rendered":"http:\/\/dental.onpressidium.com\/?page_id=3682"},"modified":"2022-11-23T11:29:15","modified_gmt":"2022-11-23T11:29:15","slug":"proceso-higiene-dental","status":"publish","type":"page","link":"https:\/\/dental.pet\/es\/dentalpet-by-ecuphar-veterinarios\/proceso-higiene-dental\/","title":{"rendered":"El proceso de higiene dental"},"content":{"rendered":"<div class=\"wpb-content-wrapper\"><p>[vc_row row_height_percent=\u00bb65&#8243; override_padding=\u00bbyes\u00bb h_padding=\u00bb2&#8243; top_padding=\u00bb4&#8243; bottom_padding=\u00bb4&#8243; back_image=\u00bb3788&#8243; back_position=\u00bbcenter top\u00bb overlay_alpha=\u00bb50&#8243; gutter_size=\u00bb3&#8243; column_width_percent=\u00bb100&#8243; shift_y=\u00bb0&#8243; z_index=\u00bb0&#8243; medium_visibility=\u00bbyes\u00bb mobile_visibility=\u00bbyes\u00bb uncode_shortcode_id=\u00bb127769&#8243; back_size=\u00bbcover\u00bb][vc_column column_width_percent=\u00bb100&#8243; position_vertical=\u00bbmiddle\u00bb gutter_size=\u00bb3&#8243; overlay_alpha=\u00bb50&#8243; shift_x=\u00bb0&#8243; shift_y=\u00bb0&#8243; shift_y_down=\u00bb0&#8243; z_index=\u00bb0&#8243; medium_width=\u00bb0&#8243; mobile_width=\u00bb0&#8243; css_animation=\u00bbbottom-t-top\u00bb width=\u00bb3\/4&#8243; uncode_shortcode_id=\u00bb108884&#8243; el_class=\u00bbz-index1&#8243;][vc_custom_heading text_color=\u00bbcolor-197188&#8243; heading_semantic=\u00bbdiv\u00bb text_size=\u00bbfontsize-158891&#8243; text_weight=\u00bb700&#8243; uncode_shortcode_id=\u00bb194988&#8243; text_color_type=\u00bbuncode-palette\u00bb]El viaje<br \/>\ndental[\/vc_custom_heading][\/vc_column][vc_column width=\u00bb1\/4&#8243;][\/vc_column][\/vc_row][vc_row row_height_percent=\u00bb80&#8243; override_padding=\u00bbyes\u00bb h_padding=\u00bb0&#8243; top_padding=\u00bb0&#8243; bottom_padding=\u00bb4&#8243; back_image=\u00bb1420&#8243; back_repeat=\u00bbno-repeat\u00bb back_position=\u00bbleft center\u00bb overlay_alpha=\u00bb50&#8243; gutter_size=\u00bb3&#8243; column_width_percent=\u00bb100&#8243; shift_y=\u00bb0&#8243; z_index=\u00bb0&#8243; desktop_visibility=\u00bbyes\u00bb uncode_shortcode_id=\u00bb562326&#8243; back_size=\u00bbcover\u00bb][vc_column column_width_percent=\u00bb100&#8243; position_vertical=\u00bbmiddle\u00bb gutter_size=\u00bb3&#8243; overlay_alpha=\u00bb50&#8243; shift_x=\u00bb0&#8243; shift_y=\u00bb0&#8243; shift_y_down=\u00bb0&#8243; z_index=\u00bb0&#8243; medium_width=\u00bb0&#8243; mobile_width=\u00bb0&#8243; css_animation=\u00bbbottom-t-top\u00bb width=\u00bb1\/1&#8243; uncode_shortcode_id=\u00bb108884&#8243; el_class=\u00bbz-index1&#8243;][vc_single_image media=\u00bb3782&#8243; media_width_percent=\u00bb100&#8243; uncode_shortcode_id=\u00bb201246&#8243;][vc_row_inner row_inner_height_percent=\u00bb0&#8243; overlay_alpha=\u00bb50&#8243; gutter_size=\u00bb3&#8243; shift_y=\u00bb0&#8243; z_index=\u00bb0&#8243; limit_content=\u00bb\u00bb uncode_shortcode_id=\u00bb139958&#8243; css=\u00bb.vc_custom_1640132295310{padding-top: 50px !important;}\u00bb][vc_column_inner column_width_percent=\u00bb100&#8243; gutter_size=\u00bb2&#8243; overlay_alpha=\u00bb50&#8243; shift_x=\u00bb0&#8243; shift_y=\u00bb0&#8243; shift_y_down=\u00bb0&#8243; z_index=\u00bb0&#8243; medium_width=\u00bb0&#8243; mobile_width=\u00bb0&#8243; width=\u00bb1\/1&#8243; uncode_shortcode_id=\u00bb183672&#8243; css=\u00bb.vc_custom_1635343471515{padding-right: 36px !important;padding-left: 36px !important;}\u00bb][vc_custom_heading text_color=\u00bbcolor-197188&#8243; heading_semantic=\u00bbdiv\u00bb text_size=\u00bbfontsize-158891&#8243; text_weight=\u00bb700&#8243; uncode_shortcode_id=\u00bb571153&#8243; text_color_type=\u00bbuncode-palette\u00bb]El viaje\u00a0dental[\/vc_custom_heading][\/vc_column_inner][\/vc_row_inner][\/vc_column][\/vc_row][vc_row row_height_percent=\u00bb0&#8243; override_padding=\u00bbyes\u00bb h_padding=\u00bb2&#8243; top_padding=\u00bb5&#8243; bottom_padding=\u00bb5&#8243; overlay_alpha=\u00bb50&#8243; gutter_size=\u00bb3&#8243; column_width_percent=\u00bb100&#8243; shift_y=\u00bb0&#8243; z_index=\u00bb0&#8243; uncode_shortcode_id=\u00bb166404&#8243; el_id=\u00bbtheDontMiss\u00bb el_class=\u00bbpc-section-shape-background-grey\u00bb][vc_column column_width_percent=\u00bb100&#8243; position_vertical=\u00bbmiddle\u00bb gutter_size=\u00bb3&#8243; overlay_alpha=\u00bb50&#8243; shift_x=\u00bb0&#8243; shift_y=\u00bb0&#8243; shift_y_down=\u00bb0&#8243; z_index=\u00bb0&#8243; medium_width=\u00bb0&#8243; mobile_width=\u00bb0&#8243; width=\u00bb1\/1&#8243; uncode_shortcode_id=\u00bb125616&#8243; el_id=\u00bbaccordion-dark\u00bb][vc_custom_heading text_color=\u00bbcolor-108211&#8243; heading_semantic=\u00bbdiv\u00bb text_size=\u00bbfontsize-158891&#8243; text_weight=\u00bb700&#8243; css_animation=\u00bbalpha-anim\u00bb uncode_shortcode_id=\u00bb213072&#8243; text_color_type=\u00bbuncode-palette\u00bb el_id=\u00bbmiss\u00bb]\u00bfEn qu\u00e9 situaci\u00f3n se encuentran tus clientes respecto a la higiene dental?[\/vc_custom_heading][vc_column_text css_animation=\u00bbalpha-anim\u00bb uncode_shortcode_id=\u00bb109968&#8243; el_id=\u00bbmiss\u00bb]El cuidado bucodental en el hogar puede comenzar tan pronto como las mascotas desarrollan dientes permanentes<sup>1<\/sup>. Iniciar el cuidado bucodental en el hogar de forma temprana en la vida de\u00a0la mascota puede ayudar a que la aceptaci\u00f3n sea m\u00e1s f\u00e1cil<sup>2<\/sup>, pero incluso en mascotas senior, nunca es tarde para empezar una rutina de higiene bucodental.[\/vc_column_text][vc_custom_heading text_color=\u00bbcolor-197188&#8243; heading_semantic=\u00bbh4&#8243; text_size=\u00bbh4&#8243; uncode_shortcode_id=\u00bb155448&#8243; text_color_type=\u00bbuncode-palette\u00bb el_class=\u00bbhead-bordered-dark\u00bb]Cachorros y gatitos[\/vc_custom_heading][vc_icon position=\u00bbleft\u00bb icon_image=\u00bb1001&#8243; media_size=\u00bb80&#8243; heading_semantic=\u00bbdiv\u00bb text_size=\u00bbh5&#8243; uncode_shortcode_id=\u00bb147194&#8243; el_class=\u00bbgreen-bullets\u00bb]<\/p>\n<ul>\n<li>El momento ideal para empezar una rutina de cuidado bucodental es cuando a\u00fan son j\u00f3venes.<\/li>\n<li>El\u00a0<strong>Spray\u00a0<\/strong>puede ser un buen primer paso, ya que minimiza el contacto directo con los dientes y enc\u00edas. Tras este primer paso, los propietarios podr\u00e1n avanzar hacia productos como las <strong>toallitas h\u00famedas,<\/strong> que permiten acostumbrar a las mascotas a tocar sus encias y dientes y facilita avanzar hacia el siguiente paso, el cepillado. Sin embargo, si los propietarios no logran avanzar hasta el cepillado, productos como el <strong>aditivo para el agua<\/strong> puede ser una buena opci\u00f3n.<\/li>\n<\/ul>\n<p>[\/vc_icon][vc_custom_heading text_color=\u00bbcolor-197188&#8243; heading_semantic=\u00bbh4&#8243; text_size=\u00bbh4&#8243; uncode_shortcode_id=\u00bb119817&#8243; text_color_type=\u00bbuncode-palette\u00bb el_class=\u00bbhead-bordered-dark\u00bb]Candidatos para tiras dentales masticables y comida[\/vc_custom_heading][vc_icon position=\u00bbleft\u00bb icon_image=\u00bb976&#8243; media_size=\u00bb80&#8243; heading_semantic=\u00bbdiv\u00bb text_size=\u00bbh5&#8243; uncode_shortcode_id=\u00bb877583&#8243; el_class=\u00bbgreen-bullets\u00bb]<\/p>\n<ul>\n<li>Las tiras dentales masticables y la comida s\u00f3lo actuan sobre dientes premolares y molares, no los caninos.<\/li>\n<li>El\u00a0<strong>spray<\/strong>\u00a0o las\u00a0<strong>toallitas\u00a0<\/strong>pueden usarse para cuidar los dientes frontales donde las tiras masticables y\/o los alimentos no alcanzan.<\/li>\n<\/ul>\n<p>[\/vc_icon][vc_custom_heading text_color=\u00bbcolor-197188&#8243; heading_semantic=\u00bbh4&#8243; text_size=\u00bbh4&#8243; uncode_shortcode_id=\u00bb383161&#8243; text_color_type=\u00bbuncode-palette\u00bb el_class=\u00bbhead-bordered-dark\u00bb]Aquellos que se cepillan los dientes ocasionalmente[\/vc_custom_heading][vc_icon position=\u00bbleft\u00bb icon_image=\u00bb979&#8243; media_size=\u00bb80&#8243; heading_semantic=\u00bbdiv\u00bb text_size=\u00bbh5&#8243; uncode_shortcode_id=\u00bb201437&#8243; el_class=\u00bbgreen-bullets\u00bb]<\/p>\n<ul>\n<li>El cepillado dental reduce la placa en un 37 %\u00a0si se realiza a diario, en un 25 % si se realiza\u00a0en d\u00edas alternos y en un 10 % si se realiza\u00a0semanalmente.<sup>3<\/sup><\/li>\n<li>El cepillado de dientes ocasional se puede\u00a0combinar con el\u00a0<strong>aditivo para el agua\u00a0<\/strong>aumentando as\u00ed la eficacia\u00a0sin aumentar el esfuerzo.<\/li>\n<\/ul>\n<p>[\/vc_icon][vc_custom_heading text_color=\u00bbcolor-197188&#8243; heading_semantic=\u00bbh4&#8243; text_size=\u00bbh4&#8243; uncode_shortcode_id=\u00bb152191&#8243; text_color_type=\u00bbuncode-palette\u00bb el_class=\u00bbhead-bordered-dark\u00bb]Si ya necesitan limpieza dental[\/vc_custom_heading][vc_icon position=\u00bbleft\u00bb icon_image=\u00bb983&#8243; media_size=\u00bb80&#8243; heading_semantic=\u00bbdiv\u00bb text_size=\u00bbh5&#8243; uncode_shortcode_id=\u00bb475947&#8243; el_class=\u00bbgreen-bullets\u00bb]<\/p>\n<ul>\n<li>Para ablandar el sarro antes de una limpieza dental, productos como el\u00a0<strong>aditivo para el agua\u00a0<\/strong>pueden ser \u00fatiles. Adem\u00e1s puede seguir siendo \u00fatil utilizarlo tras el procedimiento cuando el cepillado a\u00fan no es posible.<\/li>\n<\/ul>\n<p>[\/vc_icon][vc_row_inner row_inner_height_percent=\u00bb0&#8243; overlay_alpha=\u00bb50&#8243; gutter_size=\u00bb3&#8243; shift_y=\u00bb0&#8243; z_index=\u00bb0&#8243; limit_content=\u00bb\u00bb uncode_shortcode_id=\u00bb601235&#8243; el_class=\u00bbflex-row\u00bb][vc_column_inner width=\u00bb1\/1&#8243;][vc_button button_color=\u00bbcolor-197188&#8243; border_width=\u00bb0&#8243; display=\u00bbinline\u00bb button_color_type=\u00bbuncode-palette\u00bb uncode_shortcode_id=\u00bb227016&#8243; el_class=\u00bbbutton-light btn-bigger\u00bb link=\u00bburl:%2Fes%2Fdentalpet-by-ecuphar-veterinarios%2Fplaqtiv%2F|title:PLAQTIV%20for%20Veterinary\u00bb]VEA C\u00d3MO PLAQTIV+ PUEDE AYUDAR A SUS PACIENTES &gt;[\/vc_button][vc_button button_color=\u00bbcolor-197188&#8243; border_width=\u00bb0&#8243; display=\u00bbinline\u00bb button_color_type=\u00bbuncode-palette\u00bb uncode_shortcode_id=\u00bb103478&#8243; el_class=\u00bbbutton-light btn-bigger\u00bb link=\u00bburl:%2Fes%2Fdentalpet-by-ecuphar-veterinarios%2Forozyme%2F|title:OROZYME%20for%20Veterinary\u00bb]VEA C\u00d3MO OROZYME PUEDE AYUDAR A SUS PACIENTES &gt;[\/vc_button][vc_button button_color=\u00bbcolor-197188&#8243; border_width=\u00bb0&#8243; display=\u00bbinline\u00bb button_color_type=\u00bbuncode-palette\u00bb uncode_shortcode_id=\u00bb105315&#8243; el_class=\u00bbbutton-light btn-bigger button-right\u00bb link=\u00bburl:%2Fes%2Fdentalpet-by-ecuphar-veterinarios%2Fvohc%2F|title:PLAQTIV%20for%20Veterinary\u00bb]\u00bfQU\u00c9 SON LOS PRODUCTOS ACEPTADOS POR EL VOHC? &gt;[\/vc_button][\/vc_column_inner][\/vc_row_inner][\/vc_column][\/vc_row][vc_row row_height_percent=\u00bb50&#8243; back_image=\u00bb3785&#8243; overlay_alpha=\u00bb50&#8243; gutter_size=\u00bb3&#8243; column_width_percent=\u00bb100&#8243; shift_y=\u00bb0&#8243; z_index=\u00bb0&#8243; uncode_shortcode_id=\u00bb156178&#8243; css=\u00bb.vc_custom_1640133227935{margin-top: 15px !important;}\u00bb][vc_column width=\u00bb1\/1&#8243;][\/vc_column][\/vc_row][vc_row row_height_percent=\u00bb0&#8243; override_padding=\u00bbyes\u00bb h_padding=\u00bb2&#8243; top_padding=\u00bb3&#8243; bottom_padding=\u00bb1&#8243; back_color=\u00bbcolor-160397&#8243; overlay_alpha=\u00bb50&#8243; gutter_size=\u00bb3&#8243; column_width_percent=\u00bb100&#8243; shift_y=\u00bb0&#8243; z_index=\u00bb0&#8243; uncode_shortcode_id=\u00bb169673&#8243; back_color_type=\u00bbuncode-palette\u00bb el_id=\u00bbfoot-owner\u00bb el_class=\u00bbsite-footer\u00bb][vc_column column_width_percent=\u00bb100&#8243; gutter_size=\u00bb3&#8243; style=\u00bbdark\u00bb overlay_alpha=\u00bb50&#8243; shift_x=\u00bb0&#8243; shift_y=\u00bb0&#8243; shift_y_down=\u00bb0&#8243; z_index=\u00bb0&#8243; medium_width=\u00bb0&#8243; mobile_width=\u00bb0&#8243; width=\u00bb1\/1&#8243; uncode_shortcode_id=\u00bb204189&#8243;][vc_column_text text_lead=\u00bbsmall\u00bb uncode_shortcode_id=\u00bb367732&#8243;]<strong>Referencias<\/strong><\/p>\n<p class=\"p1\">1. Bellows J et al. 2019 AAHA Dental Care Guidelines for Dogs and Cats. J Am Anim Hosp Assoc 2019;55(2):49\u201369. 2. Harrison C. Available at: <a href=\"https:\/\/www.theveterinarynurse.com\/review\/article\/nutrition-and-preventative-oral-healthcare-treatments-for-canine-and-feline-patients\">https:\/\/www.theveterinarynurse.com\/review\/article\/nutrition-and-preventative-oral-healthcare-treatments-for-canine-and-feline-patients<\/a> [Accessed December 2021]. 3. Harvey C et al. Effect of frequency of brushing teeth on plaque and calculus accumulation, and gingivitis in dogs. J Vet Dent 2015;32(1):16\u201321.<\/p>\n<p>[\/vc_column_text][\/vc_column][\/vc_row]<\/p>\n<\/div>","protected":false},"excerpt":{"rendered":"<p>[vc_row row_height_percent=\u00bb65&#8243; override_padding=\u00bbyes\u00bb h_padding=\u00bb2&#8243; top_padding=\u00bb4&#8243; bottom_padding=\u00bb4&#8243; back_image=\u00bb3788&#8243; back_position=\u00bbcenter top\u00bb overlay_alpha=\u00bb50&#8243; gutter_size=\u00bb3&#8243; column_width_percent=\u00bb100&#8243; shift_y=\u00bb0&#8243; z_index=\u00bb0&#8243; medium_visibility=\u00bbyes\u00bb mobile_visibility=\u00bbyes\u00bb uncode_shortcode_id=\u00bb127769&#8243; back_size=\u00bbcover\u00bb][vc_column column_width_percent=\u00bb100&#8243; position_vertical=\u00bbmiddle\u00bb [&hellip;]<\/p>\n","protected":false},"author":2,"featured_media":0,"parent":3809,"menu_order":0,"comment_status":"closed","ping_status":"closed","template":"","meta":{"footnotes":""},"class_list":["post-3682","page","type-page","status-publish","hentry"],"yoast_head":"<!-- This site is optimized with the Yoast SEO plugin v24.6 - https:\/\/yoast.com\/wordpress\/plugins\/seo\/ -->\n<title>El proceso de higiene dental - Veterinario | Higiene Dental<\/title>\n<meta name=\"description\" content=\"dental.pet\/ES by Ecuphar - Veterinario. El proceso de higiene dental. Informaci\u00f3n para el veterinario acerca de los distintos productos para el abordaje del cuidado dental\" \/>\n<meta name=\"robots\" content=\"index, follow, max-snippet:-1, max-image-preview:large, max-video-preview:-1\" \/>\n<link rel=\"canonical\" href=\"https:\/\/dental.pet\/es\/dentalpet-by-ecuphar-veterinarios\/proceso-higiene-dental\/\" \/>\n<meta property=\"og:locale\" content=\"es_ES\" \/>\n<meta property=\"og:type\" content=\"article\" \/>\n<meta property=\"og:title\" content=\"El proceso de higiene dental - Veterinario | Higiene Dental\" \/>\n<meta property=\"og:description\" content=\"dental.pet\/ES by Ecuphar - Veterinario. El proceso de higiene dental. Informaci\u00f3n para el veterinario acerca de los distintos productos para el abordaje del cuidado dental\" \/>\n<meta property=\"og:url\" content=\"https:\/\/dental.pet\/es\/dentalpet-by-ecuphar-veterinarios\/proceso-higiene-dental\/\" \/>\n<meta property=\"og:site_name\" content=\"Spain\" \/>\n<meta property=\"article:modified_time\" content=\"2022-11-23T11:29:15+00:00\" \/>\n<meta name=\"twitter:card\" content=\"summary_large_image\" \/>\n<meta name=\"twitter:label1\" content=\"Tiempo de lectura\" \/>\n\t<meta name=\"twitter:data1\" content=\"3 minutos\" \/>\n<script type=\"application\/ld+json\" class=\"yoast-schema-graph\">{\"@context\":\"https:\/\/schema.org\",\"@graph\":[{\"@type\":\"WebPage\",\"@id\":\"https:\/\/dental.pet\/es\/dentalpet-by-ecuphar-veterinarios\/proceso-higiene-dental\/\",\"url\":\"https:\/\/dental.pet\/es\/dentalpet-by-ecuphar-veterinarios\/proceso-higiene-dental\/\",\"name\":\"El proceso de higiene dental - Veterinario | Higiene Dental\",\"isPartOf\":{\"@id\":\"https:\/\/dental.pet\/es\/#website\"},\"datePublished\":\"2021-12-21T19:54:53+00:00\",\"dateModified\":\"2022-11-23T11:29:15+00:00\",\"description\":\"dental.pet\/ES by Ecuphar - Veterinario. El proceso de higiene dental. Informaci\u00f3n para el veterinario acerca de los distintos productos para el abordaje del cuidado dental\",\"breadcrumb\":{\"@id\":\"https:\/\/dental.pet\/es\/dentalpet-by-ecuphar-veterinarios\/proceso-higiene-dental\/#breadcrumb\"},\"inLanguage\":\"es\",\"potentialAction\":[{\"@type\":\"ReadAction\",\"target\":[\"https:\/\/dental.pet\/es\/dentalpet-by-ecuphar-veterinarios\/proceso-higiene-dental\/\"]}]},{\"@type\":\"BreadcrumbList\",\"@id\":\"https:\/\/dental.pet\/es\/dentalpet-by-ecuphar-veterinarios\/proceso-higiene-dental\/#breadcrumb\",\"itemListElement\":[{\"@type\":\"ListItem\",\"position\":1,\"name\":\"Home\",\"item\":\"https:\/\/dental.pet\/es\/\"},{\"@type\":\"ListItem\",\"position\":2,\"name\":\"Dental Pet by Ecuphar para veterinarios\",\"item\":\"https:\/\/dental.pet\/es\/dentalpet-by-ecuphar-veterinarios\/\"},{\"@type\":\"ListItem\",\"position\":3,\"name\":\"El proceso de higiene dental\"}]},{\"@type\":\"WebSite\",\"@id\":\"https:\/\/dental.pet\/es\/#website\",\"url\":\"https:\/\/dental.pet\/es\/\",\"name\":\"Spain\",\"description\":\"Welcome to your Dental Pet Hub\",\"publisher\":{\"@id\":\"https:\/\/dental.pet\/es\/#organization\"},\"potentialAction\":[{\"@type\":\"SearchAction\",\"target\":{\"@type\":\"EntryPoint\",\"urlTemplate\":\"https:\/\/dental.pet\/es\/?s={search_term_string}\"},\"query-input\":{\"@type\":\"PropertyValueSpecification\",\"valueRequired\":true,\"valueName\":\"search_term_string\"}}],\"inLanguage\":\"es\"},{\"@type\":\"Organization\",\"@id\":\"https:\/\/dental.pet\/es\/#organization\",\"name\":\"Pet Dental\",\"url\":\"https:\/\/dental.pet\/es\/\",\"logo\":{\"@type\":\"ImageObject\",\"inLanguage\":\"es\",\"@id\":\"https:\/\/dental.pet\/es\/#\/schema\/logo\/image\/\",\"url\":\"https:\/\/dental.pet\/espania\/wp-content\/uploads\/sites\/4\/2021\/10\/pet-dental-logo-dark.png\",\"contentUrl\":\"https:\/\/dental.pet\/espania\/wp-content\/uploads\/sites\/4\/2021\/10\/pet-dental-logo-dark.png\",\"width\":328,\"height\":82,\"caption\":\"Pet Dental\"},\"image\":{\"@id\":\"https:\/\/dental.pet\/es\/#\/schema\/logo\/image\/\"}}]}<\/script>\n<!-- \/ Yoast SEO plugin. -->","yoast_head_json":{"title":"El proceso de higiene dental - Veterinario | Higiene Dental","description":"dental.pet\/ES by Ecuphar - Veterinario. El proceso de higiene dental. Informaci\u00f3n para el veterinario acerca de los distintos productos para el abordaje del cuidado dental","robots":{"index":"index","follow":"follow","max-snippet":"max-snippet:-1","max-image-preview":"max-image-preview:large","max-video-preview":"max-video-preview:-1"},"canonical":"https:\/\/dental.pet\/es\/dentalpet-by-ecuphar-veterinarios\/proceso-higiene-dental\/","og_locale":"es_ES","og_type":"article","og_title":"El proceso de higiene dental - Veterinario | Higiene Dental","og_description":"dental.pet\/ES by Ecuphar - Veterinario. El proceso de higiene dental. Informaci\u00f3n para el veterinario acerca de los distintos productos para el abordaje del cuidado dental","og_url":"https:\/\/dental.pet\/es\/dentalpet-by-ecuphar-veterinarios\/proceso-higiene-dental\/","og_site_name":"Spain","article_modified_time":"2022-11-23T11:29:15+00:00","twitter_card":"summary_large_image","twitter_misc":{"Tiempo de lectura":"3 minutos"},"schema":{"@context":"https:\/\/schema.org","@graph":[{"@type":"WebPage","@id":"https:\/\/dental.pet\/es\/dentalpet-by-ecuphar-veterinarios\/proceso-higiene-dental\/","url":"https:\/\/dental.pet\/es\/dentalpet-by-ecuphar-veterinarios\/proceso-higiene-dental\/","name":"El proceso de higiene dental - Veterinario | Higiene Dental","isPartOf":{"@id":"https:\/\/dental.pet\/es\/#website"},"datePublished":"2021-12-21T19:54:53+00:00","dateModified":"2022-11-23T11:29:15+00:00","description":"dental.pet\/ES by Ecuphar - Veterinario. El proceso de higiene dental. Informaci\u00f3n para el veterinario acerca de los distintos productos para el abordaje del cuidado dental","breadcrumb":{"@id":"https:\/\/dental.pet\/es\/dentalpet-by-ecuphar-veterinarios\/proceso-higiene-dental\/#breadcrumb"},"inLanguage":"es","potentialAction":[{"@type":"ReadAction","target":["https:\/\/dental.pet\/es\/dentalpet-by-ecuphar-veterinarios\/proceso-higiene-dental\/"]}]},{"@type":"BreadcrumbList","@id":"https:\/\/dental.pet\/es\/dentalpet-by-ecuphar-veterinarios\/proceso-higiene-dental\/#breadcrumb","itemListElement":[{"@type":"ListItem","position":1,"name":"Home","item":"https:\/\/dental.pet\/es\/"},{"@type":"ListItem","position":2,"name":"Dental Pet by Ecuphar para veterinarios","item":"https:\/\/dental.pet\/es\/dentalpet-by-ecuphar-veterinarios\/"},{"@type":"ListItem","position":3,"name":"El proceso de higiene dental"}]},{"@type":"WebSite","@id":"https:\/\/dental.pet\/es\/#website","url":"https:\/\/dental.pet\/es\/","name":"Spain","description":"Welcome to your Dental Pet Hub","publisher":{"@id":"https:\/\/dental.pet\/es\/#organization"},"potentialAction":[{"@type":"SearchAction","target":{"@type":"EntryPoint","urlTemplate":"https:\/\/dental.pet\/es\/?s={search_term_string}"},"query-input":{"@type":"PropertyValueSpecification","valueRequired":true,"valueName":"search_term_string"}}],"inLanguage":"es"},{"@type":"Organization","@id":"https:\/\/dental.pet\/es\/#organization","name":"Pet Dental","url":"https:\/\/dental.pet\/es\/","logo":{"@type":"ImageObject","inLanguage":"es","@id":"https:\/\/dental.pet\/es\/#\/schema\/logo\/image\/","url":"https:\/\/dental.pet\/espania\/wp-content\/uploads\/sites\/4\/2021\/10\/pet-dental-logo-dark.png","contentUrl":"https:\/\/dental.pet\/espania\/wp-content\/uploads\/sites\/4\/2021\/10\/pet-dental-logo-dark.png","width":328,"height":82,"caption":"Pet Dental"},"image":{"@id":"https:\/\/dental.pet\/es\/#\/schema\/logo\/image\/"}}]}},"_links":{"self":[{"href":"https:\/\/dental.pet\/es\/wp-json\/wp\/v2\/pages\/3682","targetHints":{"allow":["GET"]}}],"collection":[{"href":"https:\/\/dental.pet\/es\/wp-json\/wp\/v2\/pages"}],"about":[{"href":"https:\/\/dental.pet\/es\/wp-json\/wp\/v2\/types\/page"}],"author":[{"embeddable":true,"href":"https:\/\/dental.pet\/es\/wp-json\/wp\/v2\/users\/2"}],"replies":[{"embeddable":true,"href":"https:\/\/dental.pet\/es\/wp-json\/wp\/v2\/comments?post=3682"}],"version-history":[{"count":6,"href":"https:\/\/dental.pet\/es\/wp-json\/wp\/v2\/pages\/3682\/revisions"}],"predecessor-version":[{"id":6320,"href":"https:\/\/dental.pet\/es\/wp-json\/wp\/v2\/pages\/3682\/revisions\/6320"}],"up":[{"embeddable":true,"href":"https:\/\/dental.pet\/es\/wp-json\/wp\/v2\/pages\/3809"}],"wp:attachment":[{"href":"https:\/\/dental.pet\/es\/wp-json\/wp\/v2\/media?parent=3682"}],"curies":[{"name":"wp","href":"https:\/\/api.w.org\/{rel}","templated":true}]}}