{"id":3679,"date":"2021-12-21T19:53:57","date_gmt":"2021-12-21T19:53:57","guid":{"rendered":"http:\/\/dental.onpressidium.com\/?page_id=3679"},"modified":"2022-11-24T12:11:08","modified_gmt":"2022-11-24T12:11:08","slug":"preguntas-frecuentes","status":"publish","type":"page","link":"https:\/\/dental.pet\/es\/tutor-mascota\/preguntas-frecuentes\/","title":{"rendered":"Preguntas frecuentes"},"content":{"rendered":"<div class=\"wpb-content-wrapper\"><p>[vc_row row_height_percent=\u00bb65&#8243; override_padding=\u00bbyes\u00bb h_padding=\u00bb2&#8243; top_padding=\u00bb4&#8243; bottom_padding=\u00bb4&#8243; back_image=\u00bb3788&#8243; back_position=\u00bbcenter top\u00bb overlay_alpha=\u00bb50&#8243; gutter_size=\u00bb3&#8243; column_width_percent=\u00bb100&#8243; shift_y=\u00bb0&#8243; z_index=\u00bb0&#8243; medium_visibility=\u00bbyes\u00bb mobile_visibility=\u00bbyes\u00bb uncode_shortcode_id=\u00bb155601&#8243;][vc_column column_width_percent=\u00bb100&#8243; position_vertical=\u00bbmiddle\u00bb gutter_size=\u00bb2&#8243; overlay_alpha=\u00bb50&#8243; shift_x=\u00bb0&#8243; shift_y=\u00bb0&#8243; shift_y_down=\u00bb0&#8243; z_index=\u00bb0&#8243; medium_width=\u00bb0&#8243; mobile_width=\u00bb0&#8243; css_animation=\u00bbbottom-t-top\u00bb width=\u00bb7\/12&#8243; uncode_shortcode_id=\u00bb497497&#8243; el_class=\u00bbz-index1&#8243;][vc_custom_heading text_color=\u00bbcolor-197188&#8243; heading_semantic=\u00bbdiv\u00bb text_size=\u00bbfontsize-158891&#8243; text_weight=\u00bb700&#8243; uncode_shortcode_id=\u00bb197941&#8243; text_color_type=\u00bbuncode-palette\u00bb]Preguntas<br \/>\nfrecuentes[\/vc_custom_heading][\/vc_column][vc_column width=\u00bb5\/12&#8243;][\/vc_column][\/vc_row][vc_row row_height_percent=\u00bb80&#8243; override_padding=\u00bbyes\u00bb h_padding=\u00bb0&#8243; top_padding=\u00bb0&#8243; bottom_padding=\u00bb4&#8243; back_image=\u00bb1420&#8243; back_repeat=\u00bbno-repeat\u00bb back_position=\u00bbleft center\u00bb overlay_alpha=\u00bb50&#8243; gutter_size=\u00bb3&#8243; column_width_percent=\u00bb100&#8243; shift_y=\u00bb0&#8243; z_index=\u00bb0&#8243; desktop_visibility=\u00bbyes\u00bb uncode_shortcode_id=\u00bb575826&#8243; back_size=\u00bbcover\u00bb][vc_column column_width_percent=\u00bb100&#8243; position_vertical=\u00bbmiddle\u00bb gutter_size=\u00bb2&#8243; overlay_alpha=\u00bb50&#8243; shift_x=\u00bb0&#8243; shift_y=\u00bb0&#8243; shift_y_down=\u00bb0&#8243; z_index=\u00bb0&#8243; medium_width=\u00bb0&#8243; mobile_width=\u00bb0&#8243; css_animation=\u00bbbottom-t-top\u00bb width=\u00bb1\/1&#8243; uncode_shortcode_id=\u00bb497497&#8243; el_class=\u00bbz-index1&#8243;][vc_single_image media=\u00bb3782&#8243; media_width_percent=\u00bb100&#8243; uncode_shortcode_id=\u00bb152855&#8243;][vc_row_inner row_inner_height_percent=\u00bb0&#8243; overlay_alpha=\u00bb50&#8243; gutter_size=\u00bb3&#8243; shift_y=\u00bb0&#8243; z_index=\u00bb0&#8243; uncode_shortcode_id=\u00bb305962&#8243; css=\u00bb.vc_custom_1640124390678{padding-top: 50px !important;padding-right: 36px !important;padding-left: 36px !important;}\u00bb limit_content=\u00bb\u00bb][vc_column_inner column_width_percent=\u00bb100&#8243; gutter_size=\u00bb2&#8243; overlay_alpha=\u00bb50&#8243; shift_x=\u00bb0&#8243; shift_y=\u00bb0&#8243; shift_y_down=\u00bb0&#8243; z_index=\u00bb0&#8243; medium_width=\u00bb0&#8243; mobile_width=\u00bb0&#8243; width=\u00bb1\/1&#8243; uncode_shortcode_id=\u00bb369684&#8243;][vc_custom_heading text_color=\u00bbcolor-197188&#8243; heading_semantic=\u00bbdiv\u00bb text_size=\u00bbfontsize-158891&#8243; text_weight=\u00bb700&#8243; uncode_shortcode_id=\u00bb486707&#8243; text_color_type=\u00bbuncode-palette\u00bb]Preguntas\u00a0frecuentes[\/vc_custom_heading][\/vc_column_inner][\/vc_row_inner][\/vc_column][\/vc_row][vc_row row_height_percent=\u00bb10&#8243; override_padding=\u00bbyes\u00bb h_padding=\u00bb2&#8243; top_padding=\u00bb0&#8243; bottom_padding=\u00bb0&#8243; overlay_alpha=\u00bb50&#8243; gutter_size=\u00bb3&#8243; column_width_percent=\u00bb100&#8243; shift_y=\u00bb0&#8243; z_index=\u00bb0&#8243; uncode_shortcode_id=\u00bb165171&#8243; el_id=\u00bbtheWhyHome\u00bb el_class=\u00bbpc-section-shape-background-grey\u00bb][vc_column column_width_percent=\u00bb100&#8243; gutter_size=\u00bb0&#8243; overlay_alpha=\u00bb50&#8243; shift_x=\u00bb0&#8243; shift_y=\u00bb0&#8243; shift_y_down=\u00bb0&#8243; z_index=\u00bb0&#8243; medium_width=\u00bb0&#8243; mobile_width=\u00bb0&#8243; width=\u00bb1\/2&#8243; uncode_shortcode_id=\u00bb370320&#8243; css=\u00bb.vc_custom_1640124504929{padding-top: 0px !important;padding-bottom: 0px !important;}\u00bb][\/vc_column][\/vc_row][vc_row row_height_percent=\u00bb0&#8243; override_padding=\u00bbyes\u00bb h_padding=\u00bb2&#8243; top_padding=\u00bb5&#8243; bottom_padding=\u00bb4&#8243; overlay_alpha=\u00bb50&#8243; gutter_size=\u00bb3&#8243; column_width_percent=\u00bb100&#8243; shift_y=\u00bb0&#8243; z_index=\u00bb0&#8243; uncode_shortcode_id=\u00bb245998&#8243; el_class=\u00bbbg-gradient\u00bb el_id=\u00bbtheFaqs\u00bb][vc_column column_width_percent=\u00bb100&#8243; gutter_size=\u00bb2&#8243; overlay_alpha=\u00bb50&#8243; shift_x=\u00bb0&#8243; shift_y=\u00bb0&#8243; shift_y_down=\u00bb0&#8243; z_index=\u00bb0&#8243; medium_width=\u00bb0&#8243; mobile_width=\u00bb0&#8243; width=\u00bb1\/1&#8243; uncode_shortcode_id=\u00bb192033&#8243; el_id=\u00bbaccordion-light\u00bb][vc_custom_heading text_color=\u00bbcolor-xsdn\u00bb heading_semantic=\u00bbh5&#8243; text_size=\u00bbh5&#8243; uncode_shortcode_id=\u00bb894732&#8243; text_color_type=\u00bbuncode-palette\u00bb el_class=\u00bbhead-bordered\u00bb]Los dientes de mi mascota se ven limpios en la inspecci\u00f3n visual. \u00bfSignifica eso que no tienen enfermedad periodontal?[\/vc_custom_heading][vc_column_text text_color=\u00bbcolor-xsdn\u00bb uncode_shortcode_id=\u00bb730110&#8243; text_color_type=\u00bbuncode-palette\u00bb]No es posible evaluar completamente la enfermedad periodontal simplemente mirando la boca de una mascota. Parte del da\u00f1o solo puede ser visto por un veterinario durante un examen bucal completo con la mascota bajo anestesia general.<sup>1<\/sup><\/p>\n<p>Por lo tanto, incluso si los dientes de tu mascota se ven limpios, no puedes estar seguro de que no tenga enfermedad periodontal. Habla con tu veterinario para un consejo individualizado.[\/vc_column_text][vc_custom_heading text_color=\u00bbcolor-xsdn\u00bb heading_semantic=\u00bbh5&#8243; text_size=\u00bbh5&#8243; uncode_shortcode_id=\u00bb112306&#8243; text_color_type=\u00bbuncode-palette\u00bb el_class=\u00bbhead-bordered\u00bb]\u00bfCu\u00e1les son los primeros signos de enfermedad periodontal?[\/vc_custom_heading][vc_column_text text_color=\u00bbcolor-xsdn\u00bb uncode_shortcode_id=\u00bb107837&#8243; text_color_type=\u00bbuncode-palette\u00bb el_class=\u00bbgreen-bullets\u00bb]El primer signo de enfermedad periodontal es normalmente el mal aliento, el cual est\u00e1 causado por acumulaci\u00f3n de bacterias en la boca de tu mascota.<\/p>\n<p>A medida que la enfermedad avanza, pueden aparecer otros s\u00edntomas, entre ellos:<\/p>\n<ul>\n<li>Comer y beber anormalmente<\/li>\n<li>Tener una reacci\u00f3n fuerte o inusual al beber agua fr\u00eda<\/li>\n<li>Desarrollar un apetito selectivo (p. ej., preferir alimentos blandos)<\/li>\n<li>Falta de apetito y p\u00e9rdida de peso<\/li>\n<li>Rascarse la cara con las patas o sacudir la cabeza<\/li>\n<li>Comportamiento agresivo anormal<\/li>\n<\/ul>\n<p>[\/vc_column_text][vc_custom_heading text_color=\u00bbcolor-xsdn\u00bb heading_semantic=\u00bbh5&#8243; text_size=\u00bbh5&#8243; uncode_shortcode_id=\u00bb702536&#8243; text_color_type=\u00bbuncode-palette\u00bb el_class=\u00bbhead-bordered\u00bb]\u00bfEs normal el mal aliento en las mascotas?[\/vc_custom_heading][vc_column_text text_color=\u00bbcolor-xsdn\u00bb uncode_shortcode_id=\u00bb158289&#8243; text_color_type=\u00bbuncode-palette\u00bb]No, una boca sana no deber\u00eda tener mal aliento.<\/p>\n<p>El mal aliento est\u00e1 causado por sustancias qu\u00edmicas producidas por las bacterias asociadas con la enfermedad periodontal. Aunque la mayor\u00eda de los due\u00f1os de mascotas piensan que el mal aliento es solo un problema est\u00e9tico, las investigaciones muestran que incluso peque\u00f1as cantidades de estos qu\u00edmicos son da\u00f1inos para los tejidos y juegan un papel en el desarrollo de la enfermedad periodontal.<sup>2<\/sup>[\/vc_column_text][vc_custom_heading text_color=\u00bbcolor-xsdn\u00bb heading_semantic=\u00bbh5&#8243; text_size=\u00bbh5&#8243; uncode_shortcode_id=\u00bb209916&#8243; text_color_type=\u00bbuncode-palette\u00bb el_class=\u00bbhead-bordered\u00bb]\u00bfEl cepillado de dientes es realmente mucho m\u00e1s efectivo que los alimentos\/tiras dentales?[\/vc_custom_heading][vc_column_text text_color=\u00bbcolor-xsdn\u00bb uncode_shortcode_id=\u00bb150981&#8243; text_color_type=\u00bbuncode-palette\u00bb]S\u00ed, se ha demostrado que el cepillado diario es tres veces m\u00e1s efectivo para controlar la placa en comparaci\u00f3n con una tira masticable dental diaria o una dieta dental.<sup>3<\/sup>[\/vc_column_text][vc_custom_heading text_color=\u00bbcolor-xsdn\u00bb heading_semantic=\u00bbh5&#8243; text_size=\u00bbh5&#8243; uncode_shortcode_id=\u00bb137617&#8243; text_color_type=\u00bbuncode-palette\u00bb el_class=\u00bbhead-bordered\u00bb]\u00bfDebo cepillar los dientes de mi mascota todos los d\u00edas?[\/vc_custom_heading][vc_column_text text_color=\u00bbcolor-xsdn\u00bb uncode_shortcode_id=\u00bb459564&#8243; text_color_type=\u00bbuncode-palette\u00bb]Cuanto m\u00e1s a menudo cepilles los dientes a tu mascota, m\u00e1s efectivo ser\u00e1. Un estudio hall\u00f3 que solo el cepillado de dientes reduce la placa en un 37 % si se realiza a diario, en un 25 % si se realiza en d\u00edas alternos y en un 10 % si se realiza semanalmente.<sup>4<\/sup><\/p>\n<p>Incluso si no logras cepillar los dientes de tu mascota todos los d\u00edas, todav\u00eda tendr\u00e1 alg\u00fan efecto, especialmente si lo combinas con otros productos como aditivos para el agua en los d\u00edas que no cepilles.[\/vc_column_text][vc_button button_color=\u00bbcolor-197188&#8243; size=\u00bbbtn-sm\u00bb border_width=\u00bb0&#8243; link=\u00bburl:%2Fes%2Ftutor-mascota%2Fproblemas-dentales-comunes%2F|title:Common%20dental%20problems\u00bb button_color_type=\u00bbuncode-palette\u00bb el_class=\u00bbbutton-light btn-bigger\u00bb uncode_shortcode_id=\u00bb194730&#8243;]LEE ACERCA DE LOS PROBLEMAS HABITUALES EN MASCOTAS >[\/vc_button][\/vc_column][\/vc_row][vc_row row_height_percent=\u00bb50&#8243; back_image=\u00bb3785&#8243; overlay_alpha=\u00bb50&#8243; gutter_size=\u00bb3&#8243; column_width_percent=\u00bb100&#8243; shift_y=\u00bb0&#8243; z_index=\u00bb0&#8243; uncode_shortcode_id=\u00bb712864&#8243; css=\u00bb.vc_custom_1640124907142{margin-top: 15px !important;}\u00bb][vc_column width=\u00bb1\/1&#8243;][\/vc_column][\/vc_row][vc_row row_height_percent=\u00bb0&#8243; override_padding=\u00bbyes\u00bb h_padding=\u00bb2&#8243; top_padding=\u00bb3&#8243; bottom_padding=\u00bb1&#8243; back_color=\u00bbcolor-160397&#8243; overlay_alpha=\u00bb50&#8243; gutter_size=\u00bb3&#8243; column_width_percent=\u00bb100&#8243; shift_y=\u00bb0&#8243; z_index=\u00bb0&#8243; uncode_shortcode_id=\u00bb169673&#8243; back_color_type=\u00bbuncode-palette\u00bb el_id=\u00bbfoot-owner\u00bb el_class=\u00bbsite-footer\u00bb][vc_column column_width_percent=\u00bb100&#8243; gutter_size=\u00bb3&#8243; style=\u00bbdark\u00bb overlay_alpha=\u00bb50&#8243; shift_x=\u00bb0&#8243; shift_y=\u00bb0&#8243; shift_y_down=\u00bb0&#8243; z_index=\u00bb0&#8243; medium_width=\u00bb0&#8243; mobile_width=\u00bb0&#8243; width=\u00bb1\/1&#8243; uncode_shortcode_id=\u00bb204189&#8243;][vc_column_text text_lead=\u00bbsmall\u00bb uncode_shortcode_id=\u00bb105495&#8243;]<strong>Referencias<\/strong><\/p>\n<p class=\"p1\">1. Bellows J et al. 2019 AAHA Dental Care Guidelines for Dogs and Cats. J Am Anim Hosp Assoc 2019;55(2):49\u201369. 2. Mateo A et al.\u00a0Evaluation of efficacy of a dental chew to reduce gingivitis, dental plaque, calculus, and halitosis in toy breed dogs. J Vet Dent\u00a02020;37(1):22\u201328. 3. Allan RM et al.\u00a0Prospective randomised blinded clinical trial assessing effectiveness of three dental plaque control methods in dogs. J Small Anim Pract\u00a02019;60(4):212\u2013217. 4. Harvey C et al. Effect of frequency of brushing teeth on plaque and calculus accumulation, and gingivitis in dogs. J Vet Dent 2015;32(1):16\u201321.<\/p>\n<p>[\/vc_column_text][\/vc_column][\/vc_row]<\/p>\n<\/div>","protected":false},"excerpt":{"rendered":"<p>[vc_row row_height_percent=\u00bb65&#8243; override_padding=\u00bbyes\u00bb h_padding=\u00bb2&#8243; top_padding=\u00bb4&#8243; bottom_padding=\u00bb4&#8243; back_image=\u00bb3788&#8243; back_position=\u00bbcenter top\u00bb overlay_alpha=\u00bb50&#8243; gutter_size=\u00bb3&#8243; column_width_percent=\u00bb100&#8243; shift_y=\u00bb0&#8243; z_index=\u00bb0&#8243; medium_visibility=\u00bbyes\u00bb mobile_visibility=\u00bbyes\u00bb uncode_shortcode_id=\u00bb155601&#8243;][vc_column column_width_percent=\u00bb100&#8243; position_vertical=\u00bbmiddle\u00bb gutter_size=\u00bb2&#8243; [&hellip;]<\/p>\n","protected":false},"author":2,"featured_media":0,"parent":3625,"menu_order":0,"comment_status":"closed","ping_status":"closed","template":"","meta":{"footnotes":""},"class_list":["post-3679","page","type-page","status-publish","hentry"],"yoast_head":"<!-- This site is optimized with the Yoast SEO plugin v24.6 - https:\/\/yoast.com\/wordpress\/plugins\/seo\/ -->\n<title>Preguntas frecuentes - Tutor Mascota | Higiene Dental<\/title>\n<meta name=\"description\" content=\"dental.pet\/ES by Ecuphar - Tutor Mascota. Accede a informaci\u00f3n relevante sobre el cuidado de la higiene dental de tu mascota, descubre c\u00f3mo ayudarle a comenzar un cuidado dental, evitar problemas periodontales y de mal aliento en perros y gatos. Higiene Dental\" \/>\n<meta name=\"robots\" content=\"index, follow, max-snippet:-1, max-image-preview:large, max-video-preview:-1\" \/>\n<link rel=\"canonical\" href=\"https:\/\/dental.pet\/es\/tutor-mascota\/preguntas-frecuentes\/\" \/>\n<meta property=\"og:locale\" content=\"es_ES\" \/>\n<meta property=\"og:type\" content=\"article\" \/>\n<meta property=\"og:title\" content=\"Preguntas frecuentes - Tutor Mascota | Higiene Dental\" \/>\n<meta property=\"og:description\" content=\"dental.pet\/ES by Ecuphar - Tutor Mascota. Accede a informaci\u00f3n relevante sobre el cuidado de la higiene dental de tu mascota, descubre c\u00f3mo ayudarle a comenzar un cuidado dental, evitar problemas periodontales y de mal aliento en perros y gatos. Higiene Dental\" \/>\n<meta property=\"og:url\" content=\"https:\/\/dental.pet\/es\/tutor-mascota\/preguntas-frecuentes\/\" \/>\n<meta property=\"og:site_name\" content=\"Spain\" \/>\n<meta property=\"article:modified_time\" content=\"2022-11-24T12:11:08+00:00\" \/>\n<meta name=\"twitter:card\" content=\"summary_large_image\" \/>\n<meta name=\"twitter:label1\" content=\"Tiempo de lectura\" \/>\n\t<meta name=\"twitter:data1\" content=\"3 minutos\" \/>\n<script type=\"application\/ld+json\" class=\"yoast-schema-graph\">{\"@context\":\"https:\/\/schema.org\",\"@graph\":[{\"@type\":\"WebPage\",\"@id\":\"https:\/\/dental.pet\/es\/tutor-mascota\/preguntas-frecuentes\/\",\"url\":\"https:\/\/dental.pet\/es\/tutor-mascota\/preguntas-frecuentes\/\",\"name\":\"Preguntas frecuentes - Tutor Mascota | Higiene Dental\",\"isPartOf\":{\"@id\":\"https:\/\/dental.pet\/es\/#website\"},\"datePublished\":\"2021-12-21T19:53:57+00:00\",\"dateModified\":\"2022-11-24T12:11:08+00:00\",\"description\":\"dental.pet\/ES by Ecuphar - Tutor Mascota. Accede a informaci\u00f3n relevante sobre el cuidado de la higiene dental de tu mascota, descubre c\u00f3mo ayudarle a comenzar un cuidado dental, evitar problemas periodontales y de mal aliento en perros y gatos. Higiene Dental\",\"breadcrumb\":{\"@id\":\"https:\/\/dental.pet\/es\/tutor-mascota\/preguntas-frecuentes\/#breadcrumb\"},\"inLanguage\":\"es\",\"potentialAction\":[{\"@type\":\"ReadAction\",\"target\":[\"https:\/\/dental.pet\/es\/tutor-mascota\/preguntas-frecuentes\/\"]}]},{\"@type\":\"BreadcrumbList\",\"@id\":\"https:\/\/dental.pet\/es\/tutor-mascota\/preguntas-frecuentes\/#breadcrumb\",\"itemListElement\":[{\"@type\":\"ListItem\",\"position\":1,\"name\":\"Home\",\"item\":\"https:\/\/dental.pet\/es\/\"},{\"@type\":\"ListItem\",\"position\":2,\"name\":\"Dental Pet by Ecuphar para tutor de mascota\",\"item\":\"https:\/\/dental.pet\/es\/tutor-mascota\/\"},{\"@type\":\"ListItem\",\"position\":3,\"name\":\"Preguntas frecuentes\"}]},{\"@type\":\"WebSite\",\"@id\":\"https:\/\/dental.pet\/es\/#website\",\"url\":\"https:\/\/dental.pet\/es\/\",\"name\":\"Spain\",\"description\":\"Welcome to your Dental Pet Hub\",\"publisher\":{\"@id\":\"https:\/\/dental.pet\/es\/#organization\"},\"potentialAction\":[{\"@type\":\"SearchAction\",\"target\":{\"@type\":\"EntryPoint\",\"urlTemplate\":\"https:\/\/dental.pet\/es\/?s={search_term_string}\"},\"query-input\":{\"@type\":\"PropertyValueSpecification\",\"valueRequired\":true,\"valueName\":\"search_term_string\"}}],\"inLanguage\":\"es\"},{\"@type\":\"Organization\",\"@id\":\"https:\/\/dental.pet\/es\/#organization\",\"name\":\"Pet Dental\",\"url\":\"https:\/\/dental.pet\/es\/\",\"logo\":{\"@type\":\"ImageObject\",\"inLanguage\":\"es\",\"@id\":\"https:\/\/dental.pet\/es\/#\/schema\/logo\/image\/\",\"url\":\"https:\/\/dental.pet\/espania\/wp-content\/uploads\/sites\/4\/2021\/10\/pet-dental-logo-dark.png\",\"contentUrl\":\"https:\/\/dental.pet\/espania\/wp-content\/uploads\/sites\/4\/2021\/10\/pet-dental-logo-dark.png\",\"width\":328,\"height\":82,\"caption\":\"Pet Dental\"},\"image\":{\"@id\":\"https:\/\/dental.pet\/es\/#\/schema\/logo\/image\/\"}}]}<\/script>\n<!-- \/ Yoast SEO plugin. -->","yoast_head_json":{"title":"Preguntas frecuentes - Tutor Mascota | Higiene Dental","description":"dental.pet\/ES by Ecuphar - Tutor Mascota. Accede a informaci\u00f3n relevante sobre el cuidado de la higiene dental de tu mascota, descubre c\u00f3mo ayudarle a comenzar un cuidado dental, evitar problemas periodontales y de mal aliento en perros y gatos. Higiene Dental","robots":{"index":"index","follow":"follow","max-snippet":"max-snippet:-1","max-image-preview":"max-image-preview:large","max-video-preview":"max-video-preview:-1"},"canonical":"https:\/\/dental.pet\/es\/tutor-mascota\/preguntas-frecuentes\/","og_locale":"es_ES","og_type":"article","og_title":"Preguntas frecuentes - Tutor Mascota | Higiene Dental","og_description":"dental.pet\/ES by Ecuphar - Tutor Mascota. Accede a informaci\u00f3n relevante sobre el cuidado de la higiene dental de tu mascota, descubre c\u00f3mo ayudarle a comenzar un cuidado dental, evitar problemas periodontales y de mal aliento en perros y gatos. Higiene Dental","og_url":"https:\/\/dental.pet\/es\/tutor-mascota\/preguntas-frecuentes\/","og_site_name":"Spain","article_modified_time":"2022-11-24T12:11:08+00:00","twitter_card":"summary_large_image","twitter_misc":{"Tiempo de lectura":"3 minutos"},"schema":{"@context":"https:\/\/schema.org","@graph":[{"@type":"WebPage","@id":"https:\/\/dental.pet\/es\/tutor-mascota\/preguntas-frecuentes\/","url":"https:\/\/dental.pet\/es\/tutor-mascota\/preguntas-frecuentes\/","name":"Preguntas frecuentes - Tutor Mascota | Higiene Dental","isPartOf":{"@id":"https:\/\/dental.pet\/es\/#website"},"datePublished":"2021-12-21T19:53:57+00:00","dateModified":"2022-11-24T12:11:08+00:00","description":"dental.pet\/ES by Ecuphar - Tutor Mascota. Accede a informaci\u00f3n relevante sobre el cuidado de la higiene dental de tu mascota, descubre c\u00f3mo ayudarle a comenzar un cuidado dental, evitar problemas periodontales y de mal aliento en perros y gatos. Higiene Dental","breadcrumb":{"@id":"https:\/\/dental.pet\/es\/tutor-mascota\/preguntas-frecuentes\/#breadcrumb"},"inLanguage":"es","potentialAction":[{"@type":"ReadAction","target":["https:\/\/dental.pet\/es\/tutor-mascota\/preguntas-frecuentes\/"]}]},{"@type":"BreadcrumbList","@id":"https:\/\/dental.pet\/es\/tutor-mascota\/preguntas-frecuentes\/#breadcrumb","itemListElement":[{"@type":"ListItem","position":1,"name":"Home","item":"https:\/\/dental.pet\/es\/"},{"@type":"ListItem","position":2,"name":"Dental Pet by Ecuphar para tutor de mascota","item":"https:\/\/dental.pet\/es\/tutor-mascota\/"},{"@type":"ListItem","position":3,"name":"Preguntas frecuentes"}]},{"@type":"WebSite","@id":"https:\/\/dental.pet\/es\/#website","url":"https:\/\/dental.pet\/es\/","name":"Spain","description":"Welcome to your Dental Pet Hub","publisher":{"@id":"https:\/\/dental.pet\/es\/#organization"},"potentialAction":[{"@type":"SearchAction","target":{"@type":"EntryPoint","urlTemplate":"https:\/\/dental.pet\/es\/?s={search_term_string}"},"query-input":{"@type":"PropertyValueSpecification","valueRequired":true,"valueName":"search_term_string"}}],"inLanguage":"es"},{"@type":"Organization","@id":"https:\/\/dental.pet\/es\/#organization","name":"Pet Dental","url":"https:\/\/dental.pet\/es\/","logo":{"@type":"ImageObject","inLanguage":"es","@id":"https:\/\/dental.pet\/es\/#\/schema\/logo\/image\/","url":"https:\/\/dental.pet\/espania\/wp-content\/uploads\/sites\/4\/2021\/10\/pet-dental-logo-dark.png","contentUrl":"https:\/\/dental.pet\/espania\/wp-content\/uploads\/sites\/4\/2021\/10\/pet-dental-logo-dark.png","width":328,"height":82,"caption":"Pet Dental"},"image":{"@id":"https:\/\/dental.pet\/es\/#\/schema\/logo\/image\/"}}]}},"_links":{"self":[{"href":"https:\/\/dental.pet\/es\/wp-json\/wp\/v2\/pages\/3679","targetHints":{"allow":["GET"]}}],"collection":[{"href":"https:\/\/dental.pet\/es\/wp-json\/wp\/v2\/pages"}],"about":[{"href":"https:\/\/dental.pet\/es\/wp-json\/wp\/v2\/types\/page"}],"author":[{"embeddable":true,"href":"https:\/\/dental.pet\/es\/wp-json\/wp\/v2\/users\/2"}],"replies":[{"embeddable":true,"href":"https:\/\/dental.pet\/es\/wp-json\/wp\/v2\/comments?post=3679"}],"version-history":[{"count":6,"href":"https:\/\/dental.pet\/es\/wp-json\/wp\/v2\/pages\/3679\/revisions"}],"predecessor-version":[{"id":6359,"href":"https:\/\/dental.pet\/es\/wp-json\/wp\/v2\/pages\/3679\/revisions\/6359"}],"up":[{"embeddable":true,"href":"https:\/\/dental.pet\/es\/wp-json\/wp\/v2\/pages\/3625"}],"wp:attachment":[{"href":"https:\/\/dental.pet\/es\/wp-json\/wp\/v2\/media?parent=3679"}],"curies":[{"name":"wp","href":"https:\/\/api.w.org\/{rel}","templated":true}]}}