{"id":3668,"date":"2021-12-21T19:51:17","date_gmt":"2021-12-21T19:51:17","guid":{"rendered":"http:\/\/dental.onpressidium.com\/?page_id=3668"},"modified":"2022-11-24T15:10:27","modified_gmt":"2022-11-24T15:10:27","slug":"rutina-cuidado-dental","status":"publish","type":"page","link":"https:\/\/dental.pet\/es\/tutor-mascota\/rutina-cuidado-dental\/","title":{"rendered":"\u00bfQu\u00e9 rutina de cuidado dental?"},"content":{"rendered":"<div class=\"wpb-content-wrapper\"><p>[vc_row row_height_percent=\u00bb65&#8243; override_padding=\u00bbyes\u00bb h_padding=\u00bb2&#8243; top_padding=\u00bb4&#8243; bottom_padding=\u00bb4&#8243; back_image=\u00bb3740&#8243; back_position=\u00bbcenter top\u00bb overlay_alpha=\u00bb50&#8243; gutter_size=\u00bb3&#8243; column_width_percent=\u00bb100&#8243; shift_y=\u00bb0&#8243; z_index=\u00bb0&#8243; medium_visibility=\u00bbyes\u00bb mobile_visibility=\u00bbyes\u00bb uncode_shortcode_id=\u00bb756814&#8243;][vc_column column_width_percent=\u00bb100&#8243; position_vertical=\u00bbmiddle\u00bb gutter_size=\u00bb2&#8243; overlay_alpha=\u00bb50&#8243; shift_x=\u00bb0&#8243; shift_y=\u00bb0&#8243; shift_y_down=\u00bb0&#8243; z_index=\u00bb0&#8243; medium_width=\u00bb0&#8243; mobile_width=\u00bb0&#8243; css_animation=\u00bbbottom-t-top\u00bb width=\u00bb7\/12&#8243; uncode_shortcode_id=\u00bb166730&#8243; el_class=\u00bbz-index1&#8243;][vc_custom_heading text_color=\u00bbcolor-197188&#8243; heading_semantic=\u00bbdiv\u00bb text_size=\u00bbfontsize-158891&#8243; text_weight=\u00bb700&#8243; uncode_shortcode_id=\u00bb154714&#8243; text_color_type=\u00bbuncode-palette\u00bb]\u00bfCu\u00e1l es la<br \/>\nrutina de<br \/>\nhigiene bucodental<br \/>\nm\u00e1s adecuada<br \/>\npara mi mascota?[\/vc_custom_heading][\/vc_column][vc_column width=\u00bb5\/12&#8243;][\/vc_column][\/vc_row][vc_row row_height_percent=\u00bb80&#8243; override_padding=\u00bbyes\u00bb h_padding=\u00bb0&#8243; top_padding=\u00bb0&#8243; bottom_padding=\u00bb4&#8243; back_image=\u00bb1420&#8243; back_repeat=\u00bbno-repeat\u00bb back_position=\u00bbleft center\u00bb overlay_alpha=\u00bb50&#8243; gutter_size=\u00bb3&#8243; column_width_percent=\u00bb100&#8243; shift_y=\u00bb0&#8243; z_index=\u00bb0&#8243; desktop_visibility=\u00bbyes\u00bb uncode_shortcode_id=\u00bb575826&#8243; back_size=\u00bbcover\u00bb][vc_column column_width_percent=\u00bb100&#8243; position_vertical=\u00bbmiddle\u00bb gutter_size=\u00bb2&#8243; overlay_alpha=\u00bb50&#8243; shift_x=\u00bb0&#8243; shift_y=\u00bb0&#8243; shift_y_down=\u00bb0&#8243; z_index=\u00bb0&#8243; medium_width=\u00bb0&#8243; mobile_width=\u00bb0&#8243; css_animation=\u00bbbottom-t-top\u00bb width=\u00bb1\/1&#8243; uncode_shortcode_id=\u00bb497497&#8243; el_class=\u00bbz-index1&#8243;][vc_single_image media=\u00bb3746&#8243; media_width_percent=\u00bb100&#8243; uncode_shortcode_id=\u00bb167892&#8243;][vc_row_inner row_inner_height_percent=\u00bb0&#8243; overlay_alpha=\u00bb50&#8243; gutter_size=\u00bb3&#8243; shift_y=\u00bb0&#8243; z_index=\u00bb0&#8243; uncode_shortcode_id=\u00bb204880&#8243; css=\u00bb.vc_custom_1640121453037{padding-top: 50px !important;padding-right: 36px !important;padding-left: 36px !important;}\u00bb limit_content=\u00bb\u00bb][vc_column_inner column_width_percent=\u00bb100&#8243; gutter_size=\u00bb2&#8243; overlay_alpha=\u00bb50&#8243; shift_x=\u00bb0&#8243; shift_y=\u00bb0&#8243; shift_y_down=\u00bb0&#8243; z_index=\u00bb0&#8243; medium_width=\u00bb0&#8243; mobile_width=\u00bb0&#8243; width=\u00bb1\/1&#8243; uncode_shortcode_id=\u00bb369684&#8243;][vc_custom_heading text_color=\u00bbcolor-197188&#8243; heading_semantic=\u00bbdiv\u00bb text_size=\u00bbfontsize-158891&#8243; text_weight=\u00bb700&#8243; uncode_shortcode_id=\u00bb682428&#8243; text_color_type=\u00bbuncode-palette\u00bb]\u00bfCu\u00e1l es la\u00a0rutina de higiene bucodental m\u00e1s adecuada para mi mascota?[\/vc_custom_heading][\/vc_column_inner][\/vc_row_inner][\/vc_column][\/vc_row][vc_row row_height_percent=\u00bb0&#8243; override_padding=\u00bbyes\u00bb h_padding=\u00bb2&#8243; top_padding=\u00bb5&#8243; bottom_padding=\u00bb5&#8243; overlay_alpha=\u00bb50&#8243; gutter_size=\u00bb3&#8243; column_width_percent=\u00bb100&#8243; shift_y=\u00bb0&#8243; z_index=\u00bb0&#8243; uncode_shortcode_id=\u00bb105515&#8243; el_id=\u00bbtheWhyHome\u00bb el_class=\u00bbpc-section-shape-background-grey\u00bb][vc_column column_width_percent=\u00bb100&#8243; position_vertical=\u00bbmiddle\u00bb gutter_size=\u00bb3&#8243; overlay_alpha=\u00bb50&#8243; shift_x=\u00bb0&#8243; shift_y=\u00bb0&#8243; shift_y_down=\u00bb0&#8243; z_index=\u00bb0&#8243; medium_width=\u00bb0&#8243; mobile_width=\u00bb0&#8243; width=\u00bb1\/1&#8243; uncode_shortcode_id=\u00bb560473&#8243; css=\u00bb.vc_custom_1633967275694{padding-top: 30px !important;}\u00bb][vc_custom_heading text_color=\u00bbcolor-108211&#8243; heading_semantic=\u00bbdiv\u00bb text_size=\u00bbfontsize-186020&#8243; text_weight=\u00bb700&#8243; css_animation=\u00bbalpha-anim\u00bb uncode_shortcode_id=\u00bb603093&#8243; text_color_type=\u00bbuncode-palette\u00bb]Nunca es tarde para comenzar una rutina de cuidado bucodental[\/vc_custom_heading][vc_column_text uncode_shortcode_id=\u00bb254797&#8243;]El mejor momento para comenzar una rutina de cuidado bucodental es cuando las mascotas son j\u00f3venes, ya que esto las acostumbra temprano.<sup>1<\/sup> Pero independientemente de la edad o el historial de tu mascota, nunca es demasiado tarde para comenzar con el cuidado bucodental en el hogar. Habla con tu veterinario para que te aconseje, ya que puede ayudarte a establecer una rutina individual hecha a medida para tu mascota.<\/p>\n<p>Consulta a continuaci\u00f3n los tipos de productos que pueden ser adecuados para mascotas en diferentes etapas de su viaje hacia la salud bucodental.[\/vc_column_text][\/vc_column][\/vc_row][vc_row row_height_percent=\u00bb0&#8243; override_padding=\u00bbyes\u00bb h_padding=\u00bb2&#8243; top_padding=\u00bb5&#8243; bottom_padding=\u00bb4&#8243; overlay_alpha=\u00bb50&#8243; gutter_size=\u00bb3&#8243; column_width_percent=\u00bb100&#8243; shift_y=\u00bb0&#8243; z_index=\u00bb0&#8243; uncode_shortcode_id=\u00bb104430&#8243; el_class=\u00bbbg-gradient\u00bb el_id=\u00bbtheStartDental\u00bb][vc_column column_width_percent=\u00bb100&#8243; gutter_size=\u00bb2&#8243; overlay_alpha=\u00bb50&#8243; shift_x=\u00bb0&#8243; shift_y=\u00bb0&#8243; shift_y_down=\u00bb0&#8243; z_index=\u00bb0&#8243; medium_width=\u00bb0&#8243; mobile_width=\u00bb0&#8243; width=\u00bb1\/1&#8243; uncode_shortcode_id=\u00bb193273&#8243; el_id=\u00bbaccordion-light\u00bb][vc_custom_heading text_color=\u00bbcolor-xsdn\u00bb heading_semantic=\u00bbh5&#8243; text_size=\u00bbh5&#8243; uncode_shortcode_id=\u00bb200561&#8243; el_class=\u00bbhead-bordered\u00bb text_color_type=\u00bbuncode-palette\u00bb]Cachorros y gatitos[\/vc_custom_heading][vc_icon position=\u00bbleft\u00bb icon_image=\u00bb1001&#8243; media_size=\u00bb90&#8243; heading_semantic=\u00bbdiv\u00bb text_size=\u00bbh5&#8243; uncode_shortcode_id=\u00bb211496&#8243; el_class=\u00bbtext-white\u00bb]Este es el momento perfecto para comenzar una rutina de cuidado bucodental.<\/p>\n<p>&nbsp;<\/p>\n<p>Utilizar un spray puede ser un buen primer paso, ya que minimiza el contacto directo con los dientes y las enc\u00edas de tu mascota. M\u00e1s adelante, puedes avanzar a productos como toallitas, que acostumbran a tu mascota a que le toquen los dientes y las enc\u00edas, y lo ayudan a dar el paso final hacia el cepillado de dientes. Sin embargo, si no logras progresar hasta el cepillado de dientes, los productos como los aditivos para el agua pueden ser un buen complemento.[\/vc_icon][vc_custom_heading text_color=\u00bbcolor-xsdn\u00bb heading_semantic=\u00bbh5&#8243; text_size=\u00bbh5&#8243; uncode_shortcode_id=\u00bb105575&#8243; el_class=\u00bbhead-bordered\u00bb text_color_type=\u00bbuncode-palette\u00bb]Actualmente usas comida\/tiras dentales masticables[\/vc_custom_heading][vc_icon position=\u00bbleft\u00bb icon_image=\u00bb976&#8243; media_size=\u00bb90&#8243; heading_semantic=\u00bbdiv\u00bb text_size=\u00bbh5&#8243; uncode_shortcode_id=\u00bb355247&#8243; el_class=\u00bbtext-white\u00bb]Los alimentos y tiras dentales son buenos para tratar los dientes posteriores, pero tienden a pasar por alto los dientes frontales.<\/p>\n<p>&nbsp;<\/p>\n<p>Los productos que se ocupan de los dientes frontales de tu mascota, como sprays o toallitas, son un buen complemento para asegurarte de que toda la boca de tu mascota est\u00e9 cubierta.[\/vc_icon][vc_custom_heading text_color=\u00bbcolor-xsdn\u00bb heading_semantic=\u00bbh5&#8243; text_size=\u00bbh5&#8243; uncode_shortcode_id=\u00bb167440&#8243; el_class=\u00bbhead-bordered\u00bb text_color_type=\u00bbuncode-palette\u00bb]Prefieres no cepillar a diario[\/vc_custom_heading][vc_icon position=\u00bbleft\u00bb icon_image=\u00bb979&#8243; media_size=\u00bb90&#8243; heading_semantic=\u00bbdiv\u00bb text_size=\u00bbh5&#8243; uncode_shortcode_id=\u00bb121425&#8243; el_class=\u00bbtext-white\u00bb]Si te resulta complicado cepillarle los dientes, no tienes por qu\u00e9 hacerlo todos los d\u00edas.<\/p>\n<p>&nbsp;<\/p>\n<p>En los d\u00edas que no le cepilles puedes usar productos como aditivos para el agua y as\u00ed lograr una mayor eficacia sin esfuerzo adicional.[\/vc_icon][vc_custom_heading text_color=\u00bbcolor-xsdn\u00bb heading_semantic=\u00bbh5&#8243; text_size=\u00bbh5&#8243; uncode_shortcode_id=\u00bb209251&#8243; el_class=\u00bbhead-bordered\u00bb text_color_type=\u00bbuncode-palette\u00bb]Limpieza dental reciente o en breve[\/vc_custom_heading][vc_icon position=\u00bbleft\u00bb icon_image=\u00bb986&#8243; media_size=\u00bb90&#8243; heading_semantic=\u00bbdiv\u00bb text_size=\u00bbh5&#8243; uncode_shortcode_id=\u00bb162508&#8243; el_class=\u00bbtext-white\u00bb]Los productos como los aditivos para el agua pueden ser \u00fatiles para ablandar el sarro al menos 1 mes antes del procedimiento. Tambi\u00e9n se pueden usar despu\u00e9s del procedimiento cuando el cepillado no es posible.[\/vc_icon][vc_button button_color=\u00bbcolor-197188&#8243; size=\u00bbbtn-sm\u00bb hover_fx=\u00bboutlined\u00bb border_width=\u00bb0&#8243; css_animation=\u00bbalpha-anim\u00bb link=\u00bburl:%2Fes%2Ftutor-mascota%2Fplaqtiv%2F|title:PLAQTIV%20for%20pet%20owners\u00bb button_color_type=\u00bbuncode-palette\u00bb uncode_shortcode_id=\u00bb162664&#8243; el_class=\u00bbbutton-light btn-bigger\u00bb]MIRA C\u00d3MO PLAQTIV+ PUEDE AYUDAR A TU MASCOTA >[\/vc_button][vc_button button_color=\u00bbcolor-197188&#8243; size=\u00bbbtn-sm\u00bb hover_fx=\u00bboutlined\u00bb border_width=\u00bb0&#8243; css_animation=\u00bbalpha-anim\u00bb link=\u00bburl:%2Fes%2Ftutor-mascota%2Forozyme%2F|title:OROZYME%20for%20pet%20owners\u00bb button_color_type=\u00bbuncode-palette\u00bb uncode_shortcode_id=\u00bb106776&#8243; el_class=\u00bbbutton-light btn-bigger\u00bb]MIRA C\u00d3MO OROZYME PUEDE AYUDAR A TU MASCOTA >[\/vc_button][vc_button button_color=\u00bbcolor-197188&#8243; size=\u00bbbtn-sm\u00bb hover_fx=\u00bboutlined\u00bb border_width=\u00bb0&#8243; css_animation=\u00bbalpha-anim\u00bb link=\u00bburl:%2Fes%2Ftutor-mascota%2Fpreguntas-frecuentes%2F|title:How%20to%20brush%20your%20pet%E2%80%99s%20teeth\u00bb button_color_type=\u00bbuncode-palette\u00bb uncode_shortcode_id=\u00bb983562&#8243; el_class=\u00bbbutton-light btn-bigger\u00bb]Preguntas frecuentes >[\/vc_button][\/vc_column][\/vc_row][vc_row row_height_percent=\u00bb50&#8243; back_image=\u00bb3755&#8243; overlay_alpha=\u00bb50&#8243; gutter_size=\u00bb3&#8243; column_width_percent=\u00bb100&#8243; shift_y=\u00bb0&#8243; z_index=\u00bb0&#8243; uncode_shortcode_id=\u00bb207768&#8243; css=\u00bb.vc_custom_1640122804992{margin-top: 15px !important;}\u00bb][vc_column width=\u00bb1\/1&#8243;][\/vc_column][\/vc_row][vc_row row_height_percent=\u00bb0&#8243; override_padding=\u00bbyes\u00bb h_padding=\u00bb2&#8243; top_padding=\u00bb3&#8243; bottom_padding=\u00bb1&#8243; back_color=\u00bbcolor-160397&#8243; overlay_alpha=\u00bb50&#8243; gutter_size=\u00bb3&#8243; column_width_percent=\u00bb100&#8243; shift_y=\u00bb0&#8243; z_index=\u00bb0&#8243; uncode_shortcode_id=\u00bb169673&#8243; back_color_type=\u00bbuncode-palette\u00bb el_id=\u00bbfoot-owner\u00bb el_class=\u00bbsite-footer\u00bb][vc_column column_width_percent=\u00bb100&#8243; gutter_size=\u00bb3&#8243; style=\u00bbdark\u00bb overlay_alpha=\u00bb50&#8243; shift_x=\u00bb0&#8243; shift_y=\u00bb0&#8243; shift_y_down=\u00bb0&#8243; z_index=\u00bb0&#8243; medium_width=\u00bb0&#8243; mobile_width=\u00bb0&#8243; width=\u00bb1\/1&#8243; uncode_shortcode_id=\u00bb204189&#8243;][vc_column_text text_lead=\u00bbsmall\u00bb uncode_shortcode_id=\u00bb140373&#8243;]<strong>Referencia<\/strong><\/p>\n<p class=\"p1\">1. Harrison C. Available at: <a href=\"https:\/\/www.theveterinarynurse.com\/review\/article\/nutrition-and-preventative-oral-healthcare-treatments-for-canine-and-feline-patients\" target=\"_blank\" rel=\"noopener\">https:\/\/www.theveterinarynurse.com\/review\/article\/nutrition-and-preventative-oral-healthcare-treatments-for-canine-and-feline-patients<\/a> [Accessed <span class=\"s1\">January 2022<\/span>].<\/p>\n<p>[\/vc_column_text][\/vc_column][\/vc_row]<\/p>\n<\/div>","protected":false},"excerpt":{"rendered":"<p>[vc_row row_height_percent=\u00bb65&#8243; override_padding=\u00bbyes\u00bb h_padding=\u00bb2&#8243; top_padding=\u00bb4&#8243; bottom_padding=\u00bb4&#8243; back_image=\u00bb3740&#8243; back_position=\u00bbcenter top\u00bb overlay_alpha=\u00bb50&#8243; gutter_size=\u00bb3&#8243; column_width_percent=\u00bb100&#8243; shift_y=\u00bb0&#8243; z_index=\u00bb0&#8243; medium_visibility=\u00bbyes\u00bb mobile_visibility=\u00bbyes\u00bb uncode_shortcode_id=\u00bb756814&#8243;][vc_column column_width_percent=\u00bb100&#8243; position_vertical=\u00bbmiddle\u00bb gutter_size=\u00bb2&#8243; [&hellip;]<\/p>\n","protected":false},"author":2,"featured_media":0,"parent":3625,"menu_order":0,"comment_status":"closed","ping_status":"closed","template":"","meta":{"footnotes":""},"class_list":["post-3668","page","type-page","status-publish","hentry"],"yoast_head":"<!-- This site is optimized with the Yoast SEO plugin v24.6 - https:\/\/yoast.com\/wordpress\/plugins\/seo\/ -->\n<title>\u00bfQu\u00e9 rutina de cuidado dental? - Tutor Mascota | Higiene Dental<\/title>\n<meta name=\"description\" content=\"dental.pet\/ES by Ecuphar - Tutor Mascota. Accede a informaci\u00f3n relevante sobre el cuidado de la higiene dental de tu mascota, descubre c\u00f3mo ayudarle a comenzar un cuidado dental, evitar problemas periodontales y de mal aliento en perros y gatos. Higiene Dental\" \/>\n<meta name=\"robots\" content=\"index, follow, max-snippet:-1, max-image-preview:large, max-video-preview:-1\" \/>\n<link rel=\"canonical\" href=\"https:\/\/dental.pet\/es\/tutor-mascota\/rutina-cuidado-dental\/\" \/>\n<meta property=\"og:locale\" content=\"es_ES\" \/>\n<meta property=\"og:type\" content=\"article\" \/>\n<meta property=\"og:title\" content=\"\u00bfQu\u00e9 rutina de cuidado dental? - Tutor Mascota | Higiene Dental\" \/>\n<meta property=\"og:description\" content=\"dental.pet\/ES by Ecuphar - Tutor Mascota. Accede a informaci\u00f3n relevante sobre el cuidado de la higiene dental de tu mascota, descubre c\u00f3mo ayudarle a comenzar un cuidado dental, evitar problemas periodontales y de mal aliento en perros y gatos. Higiene Dental\" \/>\n<meta property=\"og:url\" content=\"https:\/\/dental.pet\/es\/tutor-mascota\/rutina-cuidado-dental\/\" \/>\n<meta property=\"og:site_name\" content=\"Spain\" \/>\n<meta property=\"article:modified_time\" content=\"2022-11-24T15:10:27+00:00\" \/>\n<meta name=\"twitter:card\" content=\"summary_large_image\" \/>\n<meta name=\"twitter:label1\" content=\"Tiempo de lectura\" \/>\n\t<meta name=\"twitter:data1\" content=\"3 minutos\" \/>\n<script type=\"application\/ld+json\" class=\"yoast-schema-graph\">{\"@context\":\"https:\/\/schema.org\",\"@graph\":[{\"@type\":\"WebPage\",\"@id\":\"https:\/\/dental.pet\/es\/tutor-mascota\/rutina-cuidado-dental\/\",\"url\":\"https:\/\/dental.pet\/es\/tutor-mascota\/rutina-cuidado-dental\/\",\"name\":\"\u00bfQu\u00e9 rutina de cuidado dental? - Tutor Mascota | Higiene Dental\",\"isPartOf\":{\"@id\":\"https:\/\/dental.pet\/es\/#website\"},\"datePublished\":\"2021-12-21T19:51:17+00:00\",\"dateModified\":\"2022-11-24T15:10:27+00:00\",\"description\":\"dental.pet\/ES by Ecuphar - Tutor Mascota. Accede a informaci\u00f3n relevante sobre el cuidado de la higiene dental de tu mascota, descubre c\u00f3mo ayudarle a comenzar un cuidado dental, evitar problemas periodontales y de mal aliento en perros y gatos. Higiene Dental\",\"breadcrumb\":{\"@id\":\"https:\/\/dental.pet\/es\/tutor-mascota\/rutina-cuidado-dental\/#breadcrumb\"},\"inLanguage\":\"es\",\"potentialAction\":[{\"@type\":\"ReadAction\",\"target\":[\"https:\/\/dental.pet\/es\/tutor-mascota\/rutina-cuidado-dental\/\"]}]},{\"@type\":\"BreadcrumbList\",\"@id\":\"https:\/\/dental.pet\/es\/tutor-mascota\/rutina-cuidado-dental\/#breadcrumb\",\"itemListElement\":[{\"@type\":\"ListItem\",\"position\":1,\"name\":\"Home\",\"item\":\"https:\/\/dental.pet\/es\/\"},{\"@type\":\"ListItem\",\"position\":2,\"name\":\"Dental Pet by Ecuphar para tutor de mascota\",\"item\":\"https:\/\/dental.pet\/es\/tutor-mascota\/\"},{\"@type\":\"ListItem\",\"position\":3,\"name\":\"\u00bfQu\u00e9 rutina de cuidado dental?\"}]},{\"@type\":\"WebSite\",\"@id\":\"https:\/\/dental.pet\/es\/#website\",\"url\":\"https:\/\/dental.pet\/es\/\",\"name\":\"Spain\",\"description\":\"Welcome to your Dental Pet Hub\",\"publisher\":{\"@id\":\"https:\/\/dental.pet\/es\/#organization\"},\"potentialAction\":[{\"@type\":\"SearchAction\",\"target\":{\"@type\":\"EntryPoint\",\"urlTemplate\":\"https:\/\/dental.pet\/es\/?s={search_term_string}\"},\"query-input\":{\"@type\":\"PropertyValueSpecification\",\"valueRequired\":true,\"valueName\":\"search_term_string\"}}],\"inLanguage\":\"es\"},{\"@type\":\"Organization\",\"@id\":\"https:\/\/dental.pet\/es\/#organization\",\"name\":\"Pet Dental\",\"url\":\"https:\/\/dental.pet\/es\/\",\"logo\":{\"@type\":\"ImageObject\",\"inLanguage\":\"es\",\"@id\":\"https:\/\/dental.pet\/es\/#\/schema\/logo\/image\/\",\"url\":\"https:\/\/dental.pet\/espania\/wp-content\/uploads\/sites\/4\/2021\/10\/pet-dental-logo-dark.png\",\"contentUrl\":\"https:\/\/dental.pet\/espania\/wp-content\/uploads\/sites\/4\/2021\/10\/pet-dental-logo-dark.png\",\"width\":328,\"height\":82,\"caption\":\"Pet Dental\"},\"image\":{\"@id\":\"https:\/\/dental.pet\/es\/#\/schema\/logo\/image\/\"}}]}<\/script>\n<!-- \/ Yoast SEO plugin. -->","yoast_head_json":{"title":"\u00bfQu\u00e9 rutina de cuidado dental? - Tutor Mascota | Higiene Dental","description":"dental.pet\/ES by Ecuphar - Tutor Mascota. Accede a informaci\u00f3n relevante sobre el cuidado de la higiene dental de tu mascota, descubre c\u00f3mo ayudarle a comenzar un cuidado dental, evitar problemas periodontales y de mal aliento en perros y gatos. Higiene Dental","robots":{"index":"index","follow":"follow","max-snippet":"max-snippet:-1","max-image-preview":"max-image-preview:large","max-video-preview":"max-video-preview:-1"},"canonical":"https:\/\/dental.pet\/es\/tutor-mascota\/rutina-cuidado-dental\/","og_locale":"es_ES","og_type":"article","og_title":"\u00bfQu\u00e9 rutina de cuidado dental? - Tutor Mascota | Higiene Dental","og_description":"dental.pet\/ES by Ecuphar - Tutor Mascota. Accede a informaci\u00f3n relevante sobre el cuidado de la higiene dental de tu mascota, descubre c\u00f3mo ayudarle a comenzar un cuidado dental, evitar problemas periodontales y de mal aliento en perros y gatos. Higiene Dental","og_url":"https:\/\/dental.pet\/es\/tutor-mascota\/rutina-cuidado-dental\/","og_site_name":"Spain","article_modified_time":"2022-11-24T15:10:27+00:00","twitter_card":"summary_large_image","twitter_misc":{"Tiempo de lectura":"3 minutos"},"schema":{"@context":"https:\/\/schema.org","@graph":[{"@type":"WebPage","@id":"https:\/\/dental.pet\/es\/tutor-mascota\/rutina-cuidado-dental\/","url":"https:\/\/dental.pet\/es\/tutor-mascota\/rutina-cuidado-dental\/","name":"\u00bfQu\u00e9 rutina de cuidado dental? - Tutor Mascota | Higiene Dental","isPartOf":{"@id":"https:\/\/dental.pet\/es\/#website"},"datePublished":"2021-12-21T19:51:17+00:00","dateModified":"2022-11-24T15:10:27+00:00","description":"dental.pet\/ES by Ecuphar - Tutor Mascota. Accede a informaci\u00f3n relevante sobre el cuidado de la higiene dental de tu mascota, descubre c\u00f3mo ayudarle a comenzar un cuidado dental, evitar problemas periodontales y de mal aliento en perros y gatos. Higiene Dental","breadcrumb":{"@id":"https:\/\/dental.pet\/es\/tutor-mascota\/rutina-cuidado-dental\/#breadcrumb"},"inLanguage":"es","potentialAction":[{"@type":"ReadAction","target":["https:\/\/dental.pet\/es\/tutor-mascota\/rutina-cuidado-dental\/"]}]},{"@type":"BreadcrumbList","@id":"https:\/\/dental.pet\/es\/tutor-mascota\/rutina-cuidado-dental\/#breadcrumb","itemListElement":[{"@type":"ListItem","position":1,"name":"Home","item":"https:\/\/dental.pet\/es\/"},{"@type":"ListItem","position":2,"name":"Dental Pet by Ecuphar para tutor de mascota","item":"https:\/\/dental.pet\/es\/tutor-mascota\/"},{"@type":"ListItem","position":3,"name":"\u00bfQu\u00e9 rutina de cuidado dental?"}]},{"@type":"WebSite","@id":"https:\/\/dental.pet\/es\/#website","url":"https:\/\/dental.pet\/es\/","name":"Spain","description":"Welcome to your Dental Pet Hub","publisher":{"@id":"https:\/\/dental.pet\/es\/#organization"},"potentialAction":[{"@type":"SearchAction","target":{"@type":"EntryPoint","urlTemplate":"https:\/\/dental.pet\/es\/?s={search_term_string}"},"query-input":{"@type":"PropertyValueSpecification","valueRequired":true,"valueName":"search_term_string"}}],"inLanguage":"es"},{"@type":"Organization","@id":"https:\/\/dental.pet\/es\/#organization","name":"Pet Dental","url":"https:\/\/dental.pet\/es\/","logo":{"@type":"ImageObject","inLanguage":"es","@id":"https:\/\/dental.pet\/es\/#\/schema\/logo\/image\/","url":"https:\/\/dental.pet\/espania\/wp-content\/uploads\/sites\/4\/2021\/10\/pet-dental-logo-dark.png","contentUrl":"https:\/\/dental.pet\/espania\/wp-content\/uploads\/sites\/4\/2021\/10\/pet-dental-logo-dark.png","width":328,"height":82,"caption":"Pet Dental"},"image":{"@id":"https:\/\/dental.pet\/es\/#\/schema\/logo\/image\/"}}]}},"_links":{"self":[{"href":"https:\/\/dental.pet\/es\/wp-json\/wp\/v2\/pages\/3668","targetHints":{"allow":["GET"]}}],"collection":[{"href":"https:\/\/dental.pet\/es\/wp-json\/wp\/v2\/pages"}],"about":[{"href":"https:\/\/dental.pet\/es\/wp-json\/wp\/v2\/types\/page"}],"author":[{"embeddable":true,"href":"https:\/\/dental.pet\/es\/wp-json\/wp\/v2\/users\/2"}],"replies":[{"embeddable":true,"href":"https:\/\/dental.pet\/es\/wp-json\/wp\/v2\/comments?post=3668"}],"version-history":[{"count":5,"href":"https:\/\/dental.pet\/es\/wp-json\/wp\/v2\/pages\/3668\/revisions"}],"predecessor-version":[{"id":6365,"href":"https:\/\/dental.pet\/es\/wp-json\/wp\/v2\/pages\/3668\/revisions\/6365"}],"up":[{"embeddable":true,"href":"https:\/\/dental.pet\/es\/wp-json\/wp\/v2\/pages\/3625"}],"wp:attachment":[{"href":"https:\/\/dental.pet\/es\/wp-json\/wp\/v2\/media?parent=3668"}],"curies":[{"name":"wp","href":"https:\/\/api.w.org\/{rel}","templated":true}]}}