{"id":3665,"date":"2021-12-21T19:31:32","date_gmt":"2021-12-21T19:31:32","guid":{"rendered":"https:\/\/dental.onpressidium.com\/?page_id=3665"},"modified":"2022-11-23T11:51:37","modified_gmt":"2022-11-23T11:51:37","slug":"problemas-dentales-comunes","status":"publish","type":"page","link":"https:\/\/dental.pet\/es\/tutor-mascota\/problemas-dentales-comunes\/","title":{"rendered":"Problemas dentales comunes"},"content":{"rendered":"<div class=\"wpb-content-wrapper\"><p>[vc_row row_height_percent=\u00bb65&#8243; override_padding=\u00bbyes\u00bb h_padding=\u00bb2&#8243; top_padding=\u00bb4&#8243; bottom_padding=\u00bb4&#8243; back_image=\u00bb2891&#8243; back_position=\u00bbcenter top\u00bb overlay_alpha=\u00bb50&#8243; gutter_size=\u00bb3&#8243; column_width_percent=\u00bb100&#8243; shift_y=\u00bb0&#8243; z_index=\u00bb0&#8243; medium_visibility=\u00bbyes\u00bb mobile_visibility=\u00bbyes\u00bb uncode_shortcode_id=\u00bb190830&#8243;][vc_column column_width_percent=\u00bb100&#8243; position_vertical=\u00bbmiddle\u00bb gutter_size=\u00bb2&#8243; overlay_alpha=\u00bb50&#8243; shift_x=\u00bb0&#8243; shift_y=\u00bb0&#8243; shift_y_down=\u00bb0&#8243; z_index=\u00bb0&#8243; medium_width=\u00bb0&#8243; mobile_width=\u00bb0&#8243; css_animation=\u00bbbottom-t-top\u00bb width=\u00bb7\/12&#8243; uncode_shortcode_id=\u00bb497497&#8243; el_class=\u00bbz-index1&#8243;][vc_custom_heading text_color=\u00bbcolor-197188&#8243; heading_semantic=\u00bbdiv\u00bb text_size=\u00bbfontsize-158891&#8243; text_weight=\u00bb700&#8243; uncode_shortcode_id=\u00bb145973&#8243; text_color_type=\u00bbuncode-palette\u00bb]Problemas bucodentales frecuentes en mascotas[\/vc_custom_heading][\/vc_column][vc_column width=\u00bb5\/12&#8243;][\/vc_column][\/vc_row][vc_row row_height_percent=\u00bb80&#8243; override_padding=\u00bbyes\u00bb h_padding=\u00bb0&#8243; top_padding=\u00bb0&#8243; bottom_padding=\u00bb4&#8243; back_image=\u00bb1420&#8243; back_repeat=\u00bbno-repeat\u00bb back_position=\u00bbleft center\u00bb overlay_alpha=\u00bb50&#8243; gutter_size=\u00bb3&#8243; column_width_percent=\u00bb100&#8243; shift_y=\u00bb0&#8243; z_index=\u00bb0&#8243; desktop_visibility=\u00bbyes\u00bb uncode_shortcode_id=\u00bb575826&#8243; back_size=\u00bbcover\u00bb][vc_column column_width_percent=\u00bb100&#8243; position_vertical=\u00bbmiddle\u00bb gutter_size=\u00bb2&#8243; overlay_alpha=\u00bb50&#8243; shift_x=\u00bb0&#8243; shift_y=\u00bb0&#8243; shift_y_down=\u00bb0&#8243; z_index=\u00bb0&#8243; medium_width=\u00bb0&#8243; mobile_width=\u00bb0&#8243; css_animation=\u00bbbottom-t-top\u00bb width=\u00bb1\/1&#8243; uncode_shortcode_id=\u00bb497497&#8243; el_class=\u00bbz-index1&#8243;][vc_single_image media=\u00bb83&#8243; media_width_percent=\u00bb100&#8243; uncode_shortcode_id=\u00bb172547&#8243;][vc_row_inner row_inner_height_percent=\u00bb0&#8243; overlay_alpha=\u00bb50&#8243; gutter_size=\u00bb3&#8243; shift_y=\u00bb0&#8243; z_index=\u00bb0&#8243; uncode_shortcode_id=\u00bb102213&#8243; css=\u00bb.vc_custom_1640120085645{padding-top: 50px !important;padding-right: 36px !important;padding-left: 36px !important;}\u00bb limit_content=\u00bb\u00bb][vc_column_inner column_width_percent=\u00bb100&#8243; gutter_size=\u00bb2&#8243; overlay_alpha=\u00bb50&#8243; shift_x=\u00bb0&#8243; shift_y=\u00bb0&#8243; shift_y_down=\u00bb0&#8243; z_index=\u00bb0&#8243; medium_width=\u00bb0&#8243; mobile_width=\u00bb0&#8243; width=\u00bb1\/1&#8243; uncode_shortcode_id=\u00bb369684&#8243;][vc_custom_heading text_color=\u00bbcolor-197188&#8243; heading_semantic=\u00bbdiv\u00bb text_size=\u00bbfontsize-158891&#8243; text_weight=\u00bb700&#8243; uncode_shortcode_id=\u00bb208261&#8243; text_color_type=\u00bbuncode-palette\u00bb]Problemas bucodentales frecuentes en mascotas[\/vc_custom_heading][\/vc_column_inner][\/vc_row_inner][\/vc_column][\/vc_row][vc_row row_height_percent=\u00bb0&#8243; override_padding=\u00bbyes\u00bb h_padding=\u00bb2&#8243; top_padding=\u00bb5&#8243; bottom_padding=\u00bb5&#8243; overlay_alpha=\u00bb50&#8243; gutter_size=\u00bb3&#8243; column_width_percent=\u00bb100&#8243; shift_y=\u00bb0&#8243; z_index=\u00bb0&#8243; uncode_shortcode_id=\u00bb105515&#8243; el_id=\u00bbtheWhyHome\u00bb el_class=\u00bbpc-section-shape-background-grey\u00bb][vc_column column_width_percent=\u00bb100&#8243; position_vertical=\u00bbmiddle\u00bb gutter_size=\u00bb3&#8243; overlay_alpha=\u00bb50&#8243; shift_x=\u00bb0&#8243; shift_y=\u00bb0&#8243; shift_y_down=\u00bb0&#8243; z_index=\u00bb0&#8243; medium_width=\u00bb0&#8243; mobile_width=\u00bb0&#8243; width=\u00bb1\/1&#8243; uncode_shortcode_id=\u00bb560473&#8243; css=\u00bb.vc_custom_1633967275694{padding-top: 30px !important;}\u00bb][vc_custom_heading text_color=\u00bbcolor-108211&#8243; heading_semantic=\u00bbdiv\u00bb text_size=\u00bbfontsize-158891&#8243; text_weight=\u00bb700&#8243; css_animation=\u00bbalpha-anim\u00bb uncode_shortcode_id=\u00bb169656&#8243; text_color_type=\u00bbuncode-palette\u00bb]\u00bfPor qu\u00e9 la higiene bucodental de las mascotas es tan importante?[\/vc_custom_heading][vc_column_text text_color=\u00bbcolor-prif\u00bb uncode_shortcode_id=\u00bb653818&#8243; text_color_type=\u00bbuncode-palette\u00bb]<\/p>\n<p style=\"font-size: 20px\">\u00bfSab\u00edas qu\u00e9 los problemas dentales m\u00e1s comunes en las mascotas son distintos a los que se observan en los humanos?<sup>1,2<\/sup><\/p>\n<p>Es cierto, mientras que el problema m\u00e1s com\u00fan para los humanos es la caries dental, los perros y gatos tienen m\u00e1s probabilidades de sufrir enfermedad periodontal.<sup>1,2,3<\/sup>\u00a0De hecho, la enfermedad periodontal es tan com\u00fan que afecta a la gran mayor\u00eda de perros y gatos mayores de 3 a\u00f1os.<sup>4<\/sup>[\/vc_column_text][vc_row_inner row_inner_height_percent=\u00bb0&#8243; overlay_alpha=\u00bb50&#8243; equal_height=\u00bbyes\u00bb gutter_size=\u00bb0&#8243; shift_y=\u00bb0&#8243; z_index=\u00bb0&#8243; limit_content=\u00bb\u00bb uncode_shortcode_id=\u00bb111127&#8243;][vc_column_inner column_width_percent=\u00bb100&#8243; gutter_size=\u00bb3&#8243; back_color=\u00bbcolor-197188&#8243; overlay_alpha=\u00bb50&#8243; shift_x=\u00bb0&#8243; shift_y=\u00bb0&#8243; shift_y_down=\u00bb0&#8243; z_index=\u00bb0&#8243; medium_width=\u00bb0&#8243; mobile_width=\u00bb0&#8243; width=\u00bb1\/2&#8243; uncode_shortcode_id=\u00bb114241&#8243; back_color_type=\u00bbuncode-palette\u00bb el_class=\u00bbgrid-column\u00bb][vc_icon icon_image=\u00bb604&#8243; media_size=\u00bb95&#8243; uncode_shortcode_id=\u00bb893587&#8243; title=\u00bb9 de cada 10 perros adultos\u00bb el_class=\u00bbicon-center\u00bb][\/vc_icon][vc_icon icon_image=\u00bb601&#8243; media_size=\u00bb80&#8243; uncode_shortcode_id=\u00bb196227&#8243; title=\u00bb7 de cada 10 gatos adultos\u00bb el_class=\u00bbicon-center\u00bb][\/vc_icon][vc_column_text text_color=\u00bbcolor-108211&#8243; uncode_shortcode_id=\u00bb114212&#8243; text_color_type=\u00bbuncode-palette\u00bb el_class=\u00bbgrid-column-last\u00bb]La enfermedad periodontal ocurre cuando los tejidos que rodean los dientes se infectan e inflaman. Comienza con las enc\u00edas (gingivitis), pero si no se trata, la infecci\u00f3n a menudo se propaga m\u00e1s profundamente en la cavidad del diente y destruye el hueso. A continuaci\u00f3n el diente se afloja y puede caerse con el tiempo.<sup>1<\/sup>[\/vc_column_text][\/vc_column_inner][vc_column_inner column_width_percent=\u00bb100&#8243; gutter_size=\u00bb3&#8243; back_image=\u00bb3632&#8243; overlay_alpha=\u00bb50&#8243; shift_x=\u00bb0&#8243; shift_y=\u00bb0&#8243; shift_y_down=\u00bb0&#8243; z_index=\u00bb0&#8243; medium_width=\u00bb0&#8243; mobile_width=\u00bb0&#8243; width=\u00bb1\/2&#8243; uncode_shortcode_id=\u00bb105916&#8243;][vc_empty_space empty_h=\u00bb5&#8243;][\/vc_column_inner][\/vc_row_inner][vc_column_text text_color=\u00bbcolor-prif\u00bb uncode_shortcode_id=\u00bb126468&#8243; text_color_type=\u00bbuncode-palette\u00bb]La enfermedad periodontal es m\u00e1s que un caso de mal aliento. Si no se trata, puede causar <strong>dolor cr\u00f3nico y malestar severo<\/strong> a tu mascota.<sup>5<\/sup> Y las mascotas no siempre muestran signos de dolor, por lo que incluso comiendo con normalidad, podr\u00eda estar sufriendo sin que te des cuenta.[\/vc_column_text][vc_button button_color=\u00bbcolor-197188&#8243; size=\u00bbbtn-sm\u00bb border_width=\u00bb0&#8243; link=\u00bburl:%2Fes%2Ftutor-mascota%2Frutina-cuidado-dental%2F|title:Which%20dental%20care%20routine%3F\u00bb button_color_type=\u00bbuncode-palette\u00bb el_class=\u00bbbutton-light\u00bb uncode_shortcode_id=\u00bb196809&#8243;]\u00bfCu\u00e1l es la rutina de higiene bucodental m\u00e1s adecuada para mi mascota? >[\/vc_button][\/vc_column][\/vc_row][vc_row row_height_percent=\u00bb0&#8243; override_padding=\u00bbyes\u00bb h_padding=\u00bb2&#8243; top_padding=\u00bb3&#8243; bottom_padding=\u00bb1&#8243; back_color=\u00bbcolor-160397&#8243; overlay_alpha=\u00bb50&#8243; gutter_size=\u00bb3&#8243; column_width_percent=\u00bb100&#8243; shift_y=\u00bb0&#8243; z_index=\u00bb0&#8243; uncode_shortcode_id=\u00bb169673&#8243; back_color_type=\u00bbuncode-palette\u00bb el_id=\u00bbfoot-owner\u00bb el_class=\u00bbsite-footer\u00bb][vc_column column_width_percent=\u00bb100&#8243; gutter_size=\u00bb3&#8243; style=\u00bbdark\u00bb overlay_alpha=\u00bb50&#8243; shift_x=\u00bb0&#8243; shift_y=\u00bb0&#8243; shift_y_down=\u00bb0&#8243; z_index=\u00bb0&#8243; medium_width=\u00bb0&#8243; mobile_width=\u00bb0&#8243; width=\u00bb1\/1&#8243; uncode_shortcode_id=\u00bb204189&#8243;][vc_column_text text_lead=\u00bbsmall\u00bb uncode_shortcode_id=\u00bb130771&#8243;]<strong>Referencias<\/strong><\/p>\n<p class=\"p1\"><span class=\"s1\">1. Hiscox L and Bellows J. Available at: <a href=\"https:\/\/vcahospitals.com\/know-your-pet\/dental-disease-in-dogs\" target=\"_blank\" rel=\"noopener\">https:\/\/vcahospitals.com\/know-your-pet\/dental-disease-in-dogs<\/a> [Accessed January 2022]. 2. Hiscox L and Bellows J. Available at: <a href=\"https:\/\/vcahospitals.com\/know-your-pet\/dental-disease-in-cats\" target=\"_blank\" rel=\"noopener\">https:\/\/vcahospitals.com\/know-your-pet\/dental-disease-in-cats<\/a> [Accessed January 2022<\/span><span class=\"s1\">]. 3.\u00a0WHO. Available at: <a href=\"https:\/\/www.euro.who.int\/en\/health-topics\/disease-prevention\/oral-health\/data-and-statistics\" target=\"_blank\" rel=\"noopener\"><span class=\"s2\">https:\/\/www.euro.who.int\/en\/health-topics\/disease-prevention\/oral-health\/data-and-statistics<\/span><\/a> [Accessed January 2022]. 4. Royal Veterinary College. Available at: <a href=\"https:\/\/www.rvc.ac.uk\/review\/dentistry\/Shared_Media\/pdfs\/perio_print.pdf\" target=\"_blank\" rel=\"noopener\">https:\/\/www.rvc.ac.uk\/review\/dentistry\/Shared_Media\/pdfs\/perio_print.pdf<\/a> [Accessed January 2022]. 5. American Animal Hospital Association. Available at: <a href=\"https:\/\/www.aaha.org\/aaha-guidelines\/dental-care\/dental-care-home\/\" target=\"_blank\" rel=\"noopener\">https:\/\/www.aaha.org\/aaha-guidelines\/dental-care\/dental-care-home\/<\/a> [Accessed January 2022].<\/span><\/p>\n<p>[\/vc_column_text][\/vc_column][\/vc_row]<\/p>\n<\/div>","protected":false},"excerpt":{"rendered":"<p>[vc_row row_height_percent=\u00bb65&#8243; override_padding=\u00bbyes\u00bb h_padding=\u00bb2&#8243; top_padding=\u00bb4&#8243; bottom_padding=\u00bb4&#8243; back_image=\u00bb2891&#8243; back_position=\u00bbcenter top\u00bb overlay_alpha=\u00bb50&#8243; gutter_size=\u00bb3&#8243; column_width_percent=\u00bb100&#8243; shift_y=\u00bb0&#8243; z_index=\u00bb0&#8243; medium_visibility=\u00bbyes\u00bb mobile_visibility=\u00bbyes\u00bb uncode_shortcode_id=\u00bb190830&#8243;][vc_column column_width_percent=\u00bb100&#8243; position_vertical=\u00bbmiddle\u00bb gutter_size=\u00bb2&#8243; [&hellip;]<\/p>\n","protected":false},"author":2,"featured_media":0,"parent":3625,"menu_order":0,"comment_status":"closed","ping_status":"closed","template":"","meta":{"footnotes":""},"class_list":["post-3665","page","type-page","status-publish","hentry"],"yoast_head":"<!-- This site is optimized with the Yoast SEO plugin v24.6 - https:\/\/yoast.com\/wordpress\/plugins\/seo\/ -->\n<title>Problemas dentales comunes - Tutor Mascota | Higiene Dental<\/title>\n<meta name=\"description\" content=\"dental.pet\/ES by Ecuphar - Tutor Mascota. Accede a informaci\u00f3n relevante sobre el cuidado de la higiene dental de tu mascota, descubre c\u00f3mo ayudarle a comenzar un cuidado dental, evitar problemas periodontales y de mal aliento en perros y gatos. Higiene Dental\" \/>\n<meta name=\"robots\" content=\"index, follow, max-snippet:-1, max-image-preview:large, max-video-preview:-1\" \/>\n<link rel=\"canonical\" href=\"https:\/\/dental.pet\/es\/tutor-mascota\/problemas-dentales-comunes\/\" \/>\n<meta property=\"og:locale\" content=\"es_ES\" \/>\n<meta property=\"og:type\" content=\"article\" \/>\n<meta property=\"og:title\" content=\"Problemas dentales comunes - Tutor Mascota | Higiene Dental\" \/>\n<meta property=\"og:description\" content=\"dental.pet\/ES by Ecuphar - Tutor Mascota. Accede a informaci\u00f3n relevante sobre el cuidado de la higiene dental de tu mascota, descubre c\u00f3mo ayudarle a comenzar un cuidado dental, evitar problemas periodontales y de mal aliento en perros y gatos. Higiene Dental\" \/>\n<meta property=\"og:url\" content=\"https:\/\/dental.pet\/es\/tutor-mascota\/problemas-dentales-comunes\/\" \/>\n<meta property=\"og:site_name\" content=\"Spain\" \/>\n<meta property=\"article:modified_time\" content=\"2022-11-23T11:51:37+00:00\" \/>\n<meta name=\"twitter:card\" content=\"summary_large_image\" \/>\n<meta name=\"twitter:label1\" content=\"Tiempo de lectura\" \/>\n\t<meta name=\"twitter:data1\" content=\"3 minutos\" \/>\n<script type=\"application\/ld+json\" class=\"yoast-schema-graph\">{\"@context\":\"https:\/\/schema.org\",\"@graph\":[{\"@type\":\"WebPage\",\"@id\":\"https:\/\/dental.pet\/es\/tutor-mascota\/problemas-dentales-comunes\/\",\"url\":\"https:\/\/dental.pet\/es\/tutor-mascota\/problemas-dentales-comunes\/\",\"name\":\"Problemas dentales comunes - Tutor Mascota | Higiene Dental\",\"isPartOf\":{\"@id\":\"https:\/\/dental.pet\/es\/#website\"},\"datePublished\":\"2021-12-21T19:31:32+00:00\",\"dateModified\":\"2022-11-23T11:51:37+00:00\",\"description\":\"dental.pet\/ES by Ecuphar - Tutor Mascota. Accede a informaci\u00f3n relevante sobre el cuidado de la higiene dental de tu mascota, descubre c\u00f3mo ayudarle a comenzar un cuidado dental, evitar problemas periodontales y de mal aliento en perros y gatos. Higiene Dental\",\"breadcrumb\":{\"@id\":\"https:\/\/dental.pet\/es\/tutor-mascota\/problemas-dentales-comunes\/#breadcrumb\"},\"inLanguage\":\"es\",\"potentialAction\":[{\"@type\":\"ReadAction\",\"target\":[\"https:\/\/dental.pet\/es\/tutor-mascota\/problemas-dentales-comunes\/\"]}]},{\"@type\":\"BreadcrumbList\",\"@id\":\"https:\/\/dental.pet\/es\/tutor-mascota\/problemas-dentales-comunes\/#breadcrumb\",\"itemListElement\":[{\"@type\":\"ListItem\",\"position\":1,\"name\":\"Home\",\"item\":\"https:\/\/dental.pet\/es\/\"},{\"@type\":\"ListItem\",\"position\":2,\"name\":\"Dental Pet by Ecuphar para tutor de mascota\",\"item\":\"https:\/\/dental.pet\/es\/tutor-mascota\/\"},{\"@type\":\"ListItem\",\"position\":3,\"name\":\"Problemas dentales comunes\"}]},{\"@type\":\"WebSite\",\"@id\":\"https:\/\/dental.pet\/es\/#website\",\"url\":\"https:\/\/dental.pet\/es\/\",\"name\":\"Spain\",\"description\":\"Welcome to your Dental Pet Hub\",\"publisher\":{\"@id\":\"https:\/\/dental.pet\/es\/#organization\"},\"potentialAction\":[{\"@type\":\"SearchAction\",\"target\":{\"@type\":\"EntryPoint\",\"urlTemplate\":\"https:\/\/dental.pet\/es\/?s={search_term_string}\"},\"query-input\":{\"@type\":\"PropertyValueSpecification\",\"valueRequired\":true,\"valueName\":\"search_term_string\"}}],\"inLanguage\":\"es\"},{\"@type\":\"Organization\",\"@id\":\"https:\/\/dental.pet\/es\/#organization\",\"name\":\"Pet Dental\",\"url\":\"https:\/\/dental.pet\/es\/\",\"logo\":{\"@type\":\"ImageObject\",\"inLanguage\":\"es\",\"@id\":\"https:\/\/dental.pet\/es\/#\/schema\/logo\/image\/\",\"url\":\"https:\/\/dental.pet\/espania\/wp-content\/uploads\/sites\/4\/2021\/10\/pet-dental-logo-dark.png\",\"contentUrl\":\"https:\/\/dental.pet\/espania\/wp-content\/uploads\/sites\/4\/2021\/10\/pet-dental-logo-dark.png\",\"width\":328,\"height\":82,\"caption\":\"Pet Dental\"},\"image\":{\"@id\":\"https:\/\/dental.pet\/es\/#\/schema\/logo\/image\/\"}}]}<\/script>\n<!-- \/ Yoast SEO plugin. -->","yoast_head_json":{"title":"Problemas dentales comunes - Tutor Mascota | Higiene Dental","description":"dental.pet\/ES by Ecuphar - Tutor Mascota. Accede a informaci\u00f3n relevante sobre el cuidado de la higiene dental de tu mascota, descubre c\u00f3mo ayudarle a comenzar un cuidado dental, evitar problemas periodontales y de mal aliento en perros y gatos. Higiene Dental","robots":{"index":"index","follow":"follow","max-snippet":"max-snippet:-1","max-image-preview":"max-image-preview:large","max-video-preview":"max-video-preview:-1"},"canonical":"https:\/\/dental.pet\/es\/tutor-mascota\/problemas-dentales-comunes\/","og_locale":"es_ES","og_type":"article","og_title":"Problemas dentales comunes - Tutor Mascota | Higiene Dental","og_description":"dental.pet\/ES by Ecuphar - Tutor Mascota. Accede a informaci\u00f3n relevante sobre el cuidado de la higiene dental de tu mascota, descubre c\u00f3mo ayudarle a comenzar un cuidado dental, evitar problemas periodontales y de mal aliento en perros y gatos. Higiene Dental","og_url":"https:\/\/dental.pet\/es\/tutor-mascota\/problemas-dentales-comunes\/","og_site_name":"Spain","article_modified_time":"2022-11-23T11:51:37+00:00","twitter_card":"summary_large_image","twitter_misc":{"Tiempo de lectura":"3 minutos"},"schema":{"@context":"https:\/\/schema.org","@graph":[{"@type":"WebPage","@id":"https:\/\/dental.pet\/es\/tutor-mascota\/problemas-dentales-comunes\/","url":"https:\/\/dental.pet\/es\/tutor-mascota\/problemas-dentales-comunes\/","name":"Problemas dentales comunes - Tutor Mascota | Higiene Dental","isPartOf":{"@id":"https:\/\/dental.pet\/es\/#website"},"datePublished":"2021-12-21T19:31:32+00:00","dateModified":"2022-11-23T11:51:37+00:00","description":"dental.pet\/ES by Ecuphar - Tutor Mascota. Accede a informaci\u00f3n relevante sobre el cuidado de la higiene dental de tu mascota, descubre c\u00f3mo ayudarle a comenzar un cuidado dental, evitar problemas periodontales y de mal aliento en perros y gatos. Higiene Dental","breadcrumb":{"@id":"https:\/\/dental.pet\/es\/tutor-mascota\/problemas-dentales-comunes\/#breadcrumb"},"inLanguage":"es","potentialAction":[{"@type":"ReadAction","target":["https:\/\/dental.pet\/es\/tutor-mascota\/problemas-dentales-comunes\/"]}]},{"@type":"BreadcrumbList","@id":"https:\/\/dental.pet\/es\/tutor-mascota\/problemas-dentales-comunes\/#breadcrumb","itemListElement":[{"@type":"ListItem","position":1,"name":"Home","item":"https:\/\/dental.pet\/es\/"},{"@type":"ListItem","position":2,"name":"Dental Pet by Ecuphar para tutor de mascota","item":"https:\/\/dental.pet\/es\/tutor-mascota\/"},{"@type":"ListItem","position":3,"name":"Problemas dentales comunes"}]},{"@type":"WebSite","@id":"https:\/\/dental.pet\/es\/#website","url":"https:\/\/dental.pet\/es\/","name":"Spain","description":"Welcome to your Dental Pet Hub","publisher":{"@id":"https:\/\/dental.pet\/es\/#organization"},"potentialAction":[{"@type":"SearchAction","target":{"@type":"EntryPoint","urlTemplate":"https:\/\/dental.pet\/es\/?s={search_term_string}"},"query-input":{"@type":"PropertyValueSpecification","valueRequired":true,"valueName":"search_term_string"}}],"inLanguage":"es"},{"@type":"Organization","@id":"https:\/\/dental.pet\/es\/#organization","name":"Pet Dental","url":"https:\/\/dental.pet\/es\/","logo":{"@type":"ImageObject","inLanguage":"es","@id":"https:\/\/dental.pet\/es\/#\/schema\/logo\/image\/","url":"https:\/\/dental.pet\/espania\/wp-content\/uploads\/sites\/4\/2021\/10\/pet-dental-logo-dark.png","contentUrl":"https:\/\/dental.pet\/espania\/wp-content\/uploads\/sites\/4\/2021\/10\/pet-dental-logo-dark.png","width":328,"height":82,"caption":"Pet Dental"},"image":{"@id":"https:\/\/dental.pet\/es\/#\/schema\/logo\/image\/"}}]}},"_links":{"self":[{"href":"https:\/\/dental.pet\/es\/wp-json\/wp\/v2\/pages\/3665","targetHints":{"allow":["GET"]}}],"collection":[{"href":"https:\/\/dental.pet\/es\/wp-json\/wp\/v2\/pages"}],"about":[{"href":"https:\/\/dental.pet\/es\/wp-json\/wp\/v2\/types\/page"}],"author":[{"embeddable":true,"href":"https:\/\/dental.pet\/es\/wp-json\/wp\/v2\/users\/2"}],"replies":[{"embeddable":true,"href":"https:\/\/dental.pet\/es\/wp-json\/wp\/v2\/comments?post=3665"}],"version-history":[{"count":5,"href":"https:\/\/dental.pet\/es\/wp-json\/wp\/v2\/pages\/3665\/revisions"}],"predecessor-version":[{"id":6332,"href":"https:\/\/dental.pet\/es\/wp-json\/wp\/v2\/pages\/3665\/revisions\/6332"}],"up":[{"embeddable":true,"href":"https:\/\/dental.pet\/es\/wp-json\/wp\/v2\/pages\/3625"}],"wp:attachment":[{"href":"https:\/\/dental.pet\/es\/wp-json\/wp\/v2\/media?parent=3665"}],"curies":[{"name":"wp","href":"https:\/\/api.w.org\/{rel}","templated":true}]}}