{"id":2860,"date":"2021-10-25T17:21:33","date_gmt":"2021-10-25T17:21:33","guid":{"rendered":"http:\/\/dental.onpressidium.com\/?page_id=2860"},"modified":"2022-10-28T15:24:38","modified_gmt":"2022-10-28T15:24:38","slug":"cookies","status":"publish","type":"page","link":"https:\/\/dental.pet\/es\/dentalpet-by-ecuphar-veterinarios\/cookies\/","title":{"rendered":"Cookies veterinarios"},"content":{"rendered":"<div class=\"wpb-content-wrapper\"><p>[vc_row row_height_percent=\u00bb33&#8243; override_padding=\u00bbyes\u00bb h_padding=\u00bb2&#8243; top_padding=\u00bb4&#8243; bottom_padding=\u00bb4&#8243; back_image=\u00bb2893&#8243; back_position=\u00bbleft top\u00bb overlay_alpha=\u00bb50&#8243; gutter_size=\u00bb3&#8243; column_width_percent=\u00bb100&#8243; shift_y=\u00bb0&#8243; z_index=\u00bb0&#8243; uncode_shortcode_id=\u00bb564743&#8243;][vc_column column_width_percent=\u00bb100&#8243; position_vertical=\u00bbmiddle\u00bb gutter_size=\u00bb3&#8243; overlay_alpha=\u00bb50&#8243; shift_x=\u00bb0&#8243; shift_y=\u00bb0&#8243; shift_y_down=\u00bb0&#8243; z_index=\u00bb0&#8243; medium_width=\u00bb0&#8243; mobile_width=\u00bb0&#8243; css_animation=\u00bbbottom-t-top\u00bb width=\u00bb3\/4&#8243; uncode_shortcode_id=\u00bb112221&#8243; el_class=\u00bbz-index1&#8243;][vc_custom_heading text_color=\u00bbcolor-197188&#8243; heading_semantic=\u00bbdiv\u00bb text_size=\u00bbfontsize-158891&#8243; text_weight=\u00bb700&#8243; uncode_shortcode_id=\u00bb747549&#8243; text_color_type=\u00bbuncode-palette\u00bb]Pol\u00edtica<br \/>\nde cookies[\/vc_custom_heading][\/vc_column][vc_column width=\u00bb1\/4&#8243;][\/vc_column][\/vc_row][vc_row row_height_percent=\u00bb0&#8243; override_padding=\u00bbyes\u00bb h_padding=\u00bb2&#8243; top_padding=\u00bb5&#8243; bottom_padding=\u00bb7&#8243; overlay_alpha=\u00bb50&#8243; gutter_size=\u00bb3&#8243; column_width_percent=\u00bb100&#8243; shift_y=\u00bb0&#8243; z_index=\u00bb0&#8243; uncode_shortcode_id=\u00bb178923&#8243; el_id=\u00bbaccordion-dark\u00bb el_class=\u00bbpc-section-shape-background-grey\u00bb][vc_column column_width_percent=\u00bb100&#8243; position_vertical=\u00bbmiddle\u00bb gutter_size=\u00bb3&#8243; expand_height=\u00bbyes\u00bb overlay_alpha=\u00bb50&#8243; shift_x=\u00bb0&#8243; shift_y=\u00bb0&#8243; shift_y_down=\u00bb0&#8243; z_index=\u00bb0&#8243; medium_width=\u00bb0&#8243; mobile_width=\u00bb0&#8243; width=\u00bb1\/1&#8243; uncode_shortcode_id=\u00bb409797&#8243;][vc_column_text uncode_shortcode_id=\u00bb211030&#8243;]<strong>Cookies y c\u00f3mo te benefician<\/strong><\/p>\n<p>El sitio web de Ecuphar utiliza cookies, como casi todos los sitios web, para ayudarle a disfrutar de la mejor experiencia posible. Las cookies son peque\u00f1os textos que se colocan en su ordenador o smartphone (tel\u00e9fono inteligente) cuando navega por sitios web.<\/p>\n<p>Nuestras cookies nos ayudan a:<\/p>\n<ul>\n<li>Hacen que el sitio web de Ecuphar funcione como esperas<\/li>\n<li>Recuerdan tu configuraci\u00f3n durante y entre visitas<\/li>\n<li>Mejoran la velocidad\/seguridad del sitio<\/li>\n<li>Mejoran continuamente nuestro sitio web para ti<\/li>\n<\/ul>\n<p>No usamos cookies para:<\/p>\n<ul>\n<li>Almacenar cualquier informaci\u00f3n de identificaci\u00f3n personal (sin su consentimiento expreso)<\/li>\n<li>Almacenar cualquier informaci\u00f3n sensible como las definidas en la GDPR (EU2016\/679) (sin su consentimiento expreso)<\/li>\n<li>Compartir datos de identificaci\u00f3n personal a terceros<\/li>\n<li>Pagar ningun tipo de comisi\u00f3n de ventas<\/li>\n<\/ul>\n<p>Las cookies utilizadas dentro de la URL son las siguientes:<\/p>\n<p>\n<table id=\"tablepress-1\" class=\"tablepress tablepress-id-1\">\n<thead>\n<tr class=\"row-1\">\n\t<th class=\"column-1\">Cookie<\/th><th class=\"column-2\">Prop\u00f3sito<\/th><th class=\"column-3\">M\u00e1s informaci\u00f3n<\/th>\n<\/tr>\n<\/thead>\n<tbody class=\"row-striping row-hover\">\n<tr class=\"row-2\">\n\t<td class=\"column-1\">Sesi\u00f3n<\/td><td class=\"column-2\">Permiten el mantenimiento, la funcionalidad y el flujo de su sesi\u00f3n<\/td><td class=\"column-3\"><\/td>\n<\/tr>\n<tr class=\"row-3\">\n\t<td class=\"column-1\">Personalizaci\u00f3n<\/td><td class=\"column-2\">Permiten que el sitio web recuerde a los usuarios registrados y sus preferencias. Esto incluir\u00e1 si la persona ha aceptado la pol\u00edtica de cookies y seguimiento<\/td><td class=\"column-3\"><\/td>\n<\/tr>\n<tr class=\"row-4\">\n\t<td class=\"column-1\">Google Analytics<\/td><td class=\"column-2\">Estas cookies se utilizan para recopilar informaci\u00f3n sobre c\u00f3mo los visitantes usan nuestro sitio, que usamos para ayudar a mejorarlo. Las cookies recopilan informaci\u00f3n de forma an\u00f3nima, incluido el n\u00famero de visitantes del sitio, de d\u00f3nde han llegado los visitantes al sitio y las p\u00e1ginas que visitaron.<\/td><td class=\"column-3\"><a href=\"https:\/\/marketingplatform.google.com\/about\/\" rel=\"noopener\" target=\"_blank\">Haga clic aqu\u00ed para obtener una descripci\u00f3n general de la privacidad en Google<\/a><\/td>\n<\/tr>\n<\/tbody>\n<\/table>\n<!-- #tablepress-1 from cache -->La mayor\u00eda de los navegadores web permiten el control de las cookies a trav\u00e9s de la configuraci\u00f3n del navegador. Para obtener m\u00e1s informaci\u00f3n sobre las cookies, incluido c\u00f3mo ver qu\u00e9 cookies se han configurado y c\u00f3mo administrarlas y eliminarlas, visite <a href=\"http:\/\/www.allaboutcookies.org\">www.allaboutcookies.org<\/a>.\u00a0Para optar por no ser rastreado por Google Analytics en todos los sitios web, visite <a href=\"http:\/\/tools.google.com\/dlpage\/gaoptout\">http:\/\/tools.google.com\/dlpage\/gaoptout<\/a><a href=\"http:\/\/tools.google.com\/dlpage\/gaoptout.\">. <\/a><\/p>\n<p><strong>Concedernos permiso para usar cookies<\/strong><\/p>\n<p>Si la configuraci\u00f3n del software que est\u00e1 utilizando para ver este sitio web (su navegador) est\u00e1 configurado para aceptar cookies, entendemos que esto y su uso continuado de nuestro sitio web significan que est\u00e1 de acuerdo. Si desea eliminar o no usar cookies de nuestro sitio, puede aprender c\u00f3mo hacerlo a continuaci\u00f3n; sin embargo, hacerlo probablemente signifique que nuestro sitio no funcionar\u00e1 como usted esperar\u00eda.<\/p>\n<p><strong>M\u00e1s acerca de nuestras cookies<\/strong><\/p>\n<p>Usamos cookies para que nuestro sitio web funcione, incluyendo:<\/p>\n<ul>\n<li>Recordando su configuraci\u00f3n<\/li>\n<\/ul>\n<p>No hay forma de evitar que se utilicen y establezcan cookies funcionales, de personalizaci\u00f3n y de seguimiento an\u00f3nimo que no sea no usar nuestro sitio. Se solicitar\u00e1 su consentimiento para cualquier seguimiento personalizado. Este consentimiento se captura en una cookie espec\u00edfica como se mencion\u00f3 anteriormente.<\/p>\n<p><strong>Cookies de estad\u00edsticas de visitantes an\u00f3nimos<\/strong><\/p>\n<p>Usamos cookies para compilar estad\u00edsticas de visitantes, como cu\u00e1ntas personas han visitado nuestro sitio web, qu\u00e9 tipo de tecnolog\u00eda est\u00e1n usando (por ejemplo, Mac o Windows), cu\u00e1nto tiempo pasan en el sitio, qu\u00e9 p\u00e1gina miran, etc. Esto nos ayuda para mejorar continuamente nuestro sitio web. Estos llamados programas de \u00aban\u00e1lisis\u00bb tambi\u00e9n nos dicen, de forma an\u00f3nima, c\u00f3mo las personas llegaron a nuestro sitio (por ejemplo, desde un motor de b\u00fasqueda) y si han estado aqu\u00ed antes, ayud\u00e1ndonos a poner m\u00e1s recursos para mejorar nuestro sitio para usted. Las cookies de terceros son establecidas por:<\/p>\n<ul>\n<li>Google Analytics: nos proporciona informaci\u00f3n an\u00f3nima sobre c\u00f3mo los visitantes interact\u00faan con nuestro sitio<\/li>\n<\/ul>\n<p><strong>Desactivar las cookies<\/strong><\/p>\n<p>Por lo general, puedes desactivar las cookies ajustando la configuraci\u00f3n de tu navegador (<a href=\"https:\/\/www.aboutcookies.org\/how-to-control-cookies\/\">aprende c\u00f3mo aqu\u00ed<\/a>).\u00a0Sin embargo, hacerlo probablemente limitar\u00e1 la funcionalidad de nuestro sitio web y una gran proporci\u00f3n de otros sitios web del mundo, ya que las cookies son una parte est\u00e1ndar de la mayor\u00eda de los sitios web modernos. Si deseas tener m\u00e1s control sobre la instalaci\u00f3n de\u00a0cookies, puedes instalar programas o complementos en tu navegador, conocidos como herramientas &#8216;Do Not Track&#8217;, que te permitir\u00e1n elegir las cookies que deseas permitir. Si no permites la instalaci\u00f3n de ninguna cookie en tu navegador, es posible que no puedas acceder a algunas de las secciones de nuestro sitio web o que funcione incorrectamente.<\/p>\n<p><strong>Cambios en esta pol\u00edtica de cookies<\/strong><\/p>\n<p>Mantenemos nuestra pol\u00edtica de cookies bajo revisi\u00f3n peri\u00f3dica.<\/p>\n<p><strong>C\u00f3mo contactar con nosotros<\/strong><\/p>\n<p>Puedes solicitar informaci\u00f3n sobre nuestra declaraci\u00f3n de privacidad poni\u00e9ndote en contacto con nosotros por correo electr\u00f3nico en <a href=\"mailto:privacy@ecuphar.com\">privacy@ecuphar.com<\/a>\u00a0o escribiendo a Ecuphar.[\/vc_column_text][\/vc_column][\/vc_row]<\/p>\n<\/div>","protected":false},"excerpt":{"rendered":"<p>[vc_row row_height_percent=\u00bb33&#8243; override_padding=\u00bbyes\u00bb h_padding=\u00bb2&#8243; top_padding=\u00bb4&#8243; bottom_padding=\u00bb4&#8243; back_image=\u00bb2893&#8243; back_position=\u00bbleft top\u00bb overlay_alpha=\u00bb50&#8243; gutter_size=\u00bb3&#8243; column_width_percent=\u00bb100&#8243; shift_y=\u00bb0&#8243; z_index=\u00bb0&#8243; uncode_shortcode_id=\u00bb564743&#8243;][vc_column column_width_percent=\u00bb100&#8243; position_vertical=\u00bbmiddle\u00bb gutter_size=\u00bb3&#8243; overlay_alpha=\u00bb50&#8243; shift_x=\u00bb0&#8243; [&hellip;]<\/p>\n","protected":false},"author":2,"featured_media":0,"parent":3809,"menu_order":0,"comment_status":"closed","ping_status":"closed","template":"","meta":{"footnotes":""},"class_list":["post-2860","page","type-page","status-publish","hentry"],"yoast_head":"<!-- This site is optimized with the Yoast SEO plugin v24.6 - https:\/\/yoast.com\/wordpress\/plugins\/seo\/ -->\n<title>Cookies veterinarios - Veterinario | Higiene Dental<\/title>\n<meta name=\"description\" content=\"dental.pet\/ES by Ecuphar - Cookies veterinario. Informaci\u00f3n sobre la enfermedad periodontal para profesionales veterinarios. Higiene Dental\" \/>\n<meta name=\"robots\" content=\"index, follow, max-snippet:-1, max-image-preview:large, max-video-preview:-1\" \/>\n<link rel=\"canonical\" href=\"https:\/\/dental.pet\/es\/dentalpet-by-ecuphar-veterinarios\/cookies\/\" \/>\n<meta property=\"og:locale\" content=\"es_ES\" \/>\n<meta property=\"og:type\" content=\"article\" \/>\n<meta property=\"og:title\" content=\"Cookies veterinarios - Veterinario | Higiene Dental\" \/>\n<meta property=\"og:description\" content=\"dental.pet\/ES by Ecuphar - Cookies veterinario. Informaci\u00f3n sobre la enfermedad periodontal para profesionales veterinarios. Higiene Dental\" \/>\n<meta property=\"og:url\" content=\"https:\/\/dental.pet\/es\/dentalpet-by-ecuphar-veterinarios\/cookies\/\" \/>\n<meta property=\"og:site_name\" content=\"Spain\" \/>\n<meta property=\"article:modified_time\" content=\"2022-10-28T15:24:38+00:00\" \/>\n<meta name=\"twitter:card\" content=\"summary_large_image\" \/>\n<meta name=\"twitter:label1\" content=\"Tiempo de lectura\" \/>\n\t<meta name=\"twitter:data1\" content=\"4 minutos\" \/>\n<script type=\"application\/ld+json\" class=\"yoast-schema-graph\">{\"@context\":\"https:\/\/schema.org\",\"@graph\":[{\"@type\":\"WebPage\",\"@id\":\"https:\/\/dental.pet\/es\/dentalpet-by-ecuphar-veterinarios\/cookies\/\",\"url\":\"https:\/\/dental.pet\/es\/dentalpet-by-ecuphar-veterinarios\/cookies\/\",\"name\":\"Cookies veterinarios - Veterinario | Higiene Dental\",\"isPartOf\":{\"@id\":\"https:\/\/dental.pet\/es\/#website\"},\"datePublished\":\"2021-10-25T17:21:33+00:00\",\"dateModified\":\"2022-10-28T15:24:38+00:00\",\"description\":\"dental.pet\/ES by Ecuphar - Cookies veterinario. Informaci\u00f3n sobre la enfermedad periodontal para profesionales veterinarios. Higiene Dental\",\"breadcrumb\":{\"@id\":\"https:\/\/dental.pet\/es\/dentalpet-by-ecuphar-veterinarios\/cookies\/#breadcrumb\"},\"inLanguage\":\"es\",\"potentialAction\":[{\"@type\":\"ReadAction\",\"target\":[\"https:\/\/dental.pet\/es\/dentalpet-by-ecuphar-veterinarios\/cookies\/\"]}]},{\"@type\":\"BreadcrumbList\",\"@id\":\"https:\/\/dental.pet\/es\/dentalpet-by-ecuphar-veterinarios\/cookies\/#breadcrumb\",\"itemListElement\":[{\"@type\":\"ListItem\",\"position\":1,\"name\":\"Home\",\"item\":\"https:\/\/dental.pet\/es\/\"},{\"@type\":\"ListItem\",\"position\":2,\"name\":\"Dental Pet by Ecuphar para veterinarios\",\"item\":\"https:\/\/dental.pet\/es\/dentalpet-by-ecuphar-veterinarios\/\"},{\"@type\":\"ListItem\",\"position\":3,\"name\":\"Cookies veterinarios\"}]},{\"@type\":\"WebSite\",\"@id\":\"https:\/\/dental.pet\/es\/#website\",\"url\":\"https:\/\/dental.pet\/es\/\",\"name\":\"Spain\",\"description\":\"Welcome to your Dental Pet Hub\",\"publisher\":{\"@id\":\"https:\/\/dental.pet\/es\/#organization\"},\"potentialAction\":[{\"@type\":\"SearchAction\",\"target\":{\"@type\":\"EntryPoint\",\"urlTemplate\":\"https:\/\/dental.pet\/es\/?s={search_term_string}\"},\"query-input\":{\"@type\":\"PropertyValueSpecification\",\"valueRequired\":true,\"valueName\":\"search_term_string\"}}],\"inLanguage\":\"es\"},{\"@type\":\"Organization\",\"@id\":\"https:\/\/dental.pet\/es\/#organization\",\"name\":\"Pet Dental\",\"url\":\"https:\/\/dental.pet\/es\/\",\"logo\":{\"@type\":\"ImageObject\",\"inLanguage\":\"es\",\"@id\":\"https:\/\/dental.pet\/es\/#\/schema\/logo\/image\/\",\"url\":\"https:\/\/dental.pet\/espania\/wp-content\/uploads\/sites\/4\/2021\/10\/pet-dental-logo-dark.png\",\"contentUrl\":\"https:\/\/dental.pet\/espania\/wp-content\/uploads\/sites\/4\/2021\/10\/pet-dental-logo-dark.png\",\"width\":328,\"height\":82,\"caption\":\"Pet Dental\"},\"image\":{\"@id\":\"https:\/\/dental.pet\/es\/#\/schema\/logo\/image\/\"}}]}<\/script>\n<!-- \/ Yoast SEO plugin. -->","yoast_head_json":{"title":"Cookies veterinarios - Veterinario | Higiene Dental","description":"dental.pet\/ES by Ecuphar - Cookies veterinario. Informaci\u00f3n sobre la enfermedad periodontal para profesionales veterinarios. Higiene Dental","robots":{"index":"index","follow":"follow","max-snippet":"max-snippet:-1","max-image-preview":"max-image-preview:large","max-video-preview":"max-video-preview:-1"},"canonical":"https:\/\/dental.pet\/es\/dentalpet-by-ecuphar-veterinarios\/cookies\/","og_locale":"es_ES","og_type":"article","og_title":"Cookies veterinarios - Veterinario | Higiene Dental","og_description":"dental.pet\/ES by Ecuphar - Cookies veterinario. Informaci\u00f3n sobre la enfermedad periodontal para profesionales veterinarios. Higiene Dental","og_url":"https:\/\/dental.pet\/es\/dentalpet-by-ecuphar-veterinarios\/cookies\/","og_site_name":"Spain","article_modified_time":"2022-10-28T15:24:38+00:00","twitter_card":"summary_large_image","twitter_misc":{"Tiempo de lectura":"4 minutos"},"schema":{"@context":"https:\/\/schema.org","@graph":[{"@type":"WebPage","@id":"https:\/\/dental.pet\/es\/dentalpet-by-ecuphar-veterinarios\/cookies\/","url":"https:\/\/dental.pet\/es\/dentalpet-by-ecuphar-veterinarios\/cookies\/","name":"Cookies veterinarios - Veterinario | Higiene Dental","isPartOf":{"@id":"https:\/\/dental.pet\/es\/#website"},"datePublished":"2021-10-25T17:21:33+00:00","dateModified":"2022-10-28T15:24:38+00:00","description":"dental.pet\/ES by Ecuphar - Cookies veterinario. Informaci\u00f3n sobre la enfermedad periodontal para profesionales veterinarios. Higiene Dental","breadcrumb":{"@id":"https:\/\/dental.pet\/es\/dentalpet-by-ecuphar-veterinarios\/cookies\/#breadcrumb"},"inLanguage":"es","potentialAction":[{"@type":"ReadAction","target":["https:\/\/dental.pet\/es\/dentalpet-by-ecuphar-veterinarios\/cookies\/"]}]},{"@type":"BreadcrumbList","@id":"https:\/\/dental.pet\/es\/dentalpet-by-ecuphar-veterinarios\/cookies\/#breadcrumb","itemListElement":[{"@type":"ListItem","position":1,"name":"Home","item":"https:\/\/dental.pet\/es\/"},{"@type":"ListItem","position":2,"name":"Dental Pet by Ecuphar para veterinarios","item":"https:\/\/dental.pet\/es\/dentalpet-by-ecuphar-veterinarios\/"},{"@type":"ListItem","position":3,"name":"Cookies veterinarios"}]},{"@type":"WebSite","@id":"https:\/\/dental.pet\/es\/#website","url":"https:\/\/dental.pet\/es\/","name":"Spain","description":"Welcome to your Dental Pet Hub","publisher":{"@id":"https:\/\/dental.pet\/es\/#organization"},"potentialAction":[{"@type":"SearchAction","target":{"@type":"EntryPoint","urlTemplate":"https:\/\/dental.pet\/es\/?s={search_term_string}"},"query-input":{"@type":"PropertyValueSpecification","valueRequired":true,"valueName":"search_term_string"}}],"inLanguage":"es"},{"@type":"Organization","@id":"https:\/\/dental.pet\/es\/#organization","name":"Pet Dental","url":"https:\/\/dental.pet\/es\/","logo":{"@type":"ImageObject","inLanguage":"es","@id":"https:\/\/dental.pet\/es\/#\/schema\/logo\/image\/","url":"https:\/\/dental.pet\/espania\/wp-content\/uploads\/sites\/4\/2021\/10\/pet-dental-logo-dark.png","contentUrl":"https:\/\/dental.pet\/espania\/wp-content\/uploads\/sites\/4\/2021\/10\/pet-dental-logo-dark.png","width":328,"height":82,"caption":"Pet Dental"},"image":{"@id":"https:\/\/dental.pet\/es\/#\/schema\/logo\/image\/"}}]}},"_links":{"self":[{"href":"https:\/\/dental.pet\/es\/wp-json\/wp\/v2\/pages\/2860","targetHints":{"allow":["GET"]}}],"collection":[{"href":"https:\/\/dental.pet\/es\/wp-json\/wp\/v2\/pages"}],"about":[{"href":"https:\/\/dental.pet\/es\/wp-json\/wp\/v2\/types\/page"}],"author":[{"embeddable":true,"href":"https:\/\/dental.pet\/es\/wp-json\/wp\/v2\/users\/2"}],"replies":[{"embeddable":true,"href":"https:\/\/dental.pet\/es\/wp-json\/wp\/v2\/comments?post=2860"}],"version-history":[{"count":6,"href":"https:\/\/dental.pet\/es\/wp-json\/wp\/v2\/pages\/2860\/revisions"}],"predecessor-version":[{"id":6243,"href":"https:\/\/dental.pet\/es\/wp-json\/wp\/v2\/pages\/2860\/revisions\/6243"}],"up":[{"embeddable":true,"href":"https:\/\/dental.pet\/es\/wp-json\/wp\/v2\/pages\/3809"}],"wp:attachment":[{"href":"https:\/\/dental.pet\/es\/wp-json\/wp\/v2\/media?parent=2860"}],"curies":[{"name":"wp","href":"https:\/\/api.w.org\/{rel}","templated":true}]}}