{"id":2848,"date":"2021-10-25T17:13:32","date_gmt":"2021-10-25T17:13:32","guid":{"rendered":"http:\/\/dental.onpressidium.com\/?page_id=2848"},"modified":"2022-11-24T15:17:31","modified_gmt":"2022-11-24T15:17:31","slug":"privacidad-tutor-mascota","status":"publish","type":"page","link":"https:\/\/dental.pet\/es\/tutor-mascota\/privacidad-tutor-mascota\/","title":{"rendered":"Privacidad para tutor de mascota"},"content":{"rendered":"<div class=\"wpb-content-wrapper\"><p>[vc_row row_height_percent=\u00bb33&#8243; override_padding=\u00bbyes\u00bb h_padding=\u00bb2&#8243; top_padding=\u00bb4&#8243; bottom_padding=\u00bb4&#8243; back_image=\u00bb2893&#8243; back_repeat=\u00bbno-repeat\u00bb back_position=\u00bbleft top\u00bb overlay_alpha=\u00bb50&#8243; gutter_size=\u00bb3&#8243; column_width_percent=\u00bb100&#8243; shift_y=\u00bb0&#8243; z_index=\u00bb0&#8243; uncode_shortcode_id=\u00bb759228&#8243;][vc_column column_width_percent=\u00bb100&#8243; position_vertical=\u00bbmiddle\u00bb gutter_size=\u00bb3&#8243; overlay_alpha=\u00bb50&#8243; shift_x=\u00bb0&#8243; shift_y=\u00bb0&#8243; shift_y_down=\u00bb0&#8243; z_index=\u00bb0&#8243; medium_width=\u00bb0&#8243; mobile_width=\u00bb0&#8243; width=\u00bb3\/4&#8243; uncode_shortcode_id=\u00bb934710&#8243; el_class=\u00bbz-index1&#8243;][vc_custom_heading text_color=\u00bbcolor-197188&#8243; heading_semantic=\u00bbdiv\u00bb text_size=\u00bbfontsize-158891&#8243; text_weight=\u00bb700&#8243; uncode_shortcode_id=\u00bb196600&#8243; text_color_type=\u00bbuncode-palette\u00bb]Declaraci\u00f3n<br \/>de privacidad[\/vc_custom_heading][\/vc_column][vc_column width=\u00bb1\/4&#8243;][\/vc_column][\/vc_row][vc_row row_height_percent=\u00bb0&#8243; override_padding=\u00bbyes\u00bb h_padding=\u00bb2&#8243; top_padding=\u00bb5&#8243; bottom_padding=\u00bb7&#8243; overlay_alpha=\u00bb50&#8243; gutter_size=\u00bb3&#8243; column_width_percent=\u00bb100&#8243; shift_y=\u00bb0&#8243; z_index=\u00bb0&#8243; uncode_shortcode_id=\u00bb178923&#8243; el_id=\u00bbaccordion-dark\u00bb el_class=\u00bbpc-section-shape-background-grey\u00bb][vc_column column_width_percent=\u00bb100&#8243; position_vertical=\u00bbmiddle\u00bb gutter_size=\u00bb3&#8243; expand_height=\u00bbyes\u00bb overlay_alpha=\u00bb50&#8243; shift_x=\u00bb0&#8243; shift_y=\u00bb0&#8243; shift_y_down=\u00bb0&#8243; z_index=\u00bb0&#8243; medium_width=\u00bb0&#8243; mobile_width=\u00bb0&#8243; width=\u00bb1\/1&#8243; uncode_shortcode_id=\u00bb409797&#8243;][vc_column_text uncode_shortcode_id=\u00bb148296&#8243;]Animalcare\/Ecuphar se comprometen a proteger y respetar tu privacidad. No utilizamos informaci\u00f3n de identificaci\u00f3n personal, como nombres, n\u00fameros de tel\u00e9fono o correos electr\u00f3nicos, a menos que el procesamiento de la informaci\u00f3n personal est\u00e9 respaldada por tu consentimiento, inter\u00e9s leg\u00edtimo o una obligaci\u00f3n legal.<\/p>\n<p>Esta Declaraci\u00f3n de privacidad se aplica a los Datos personales que nos proporcionas o que se derivan de los Datos personales como se describe a continuaci\u00f3n.<\/p>\n<p>Esta pol\u00edtica explica nuestras pr\u00e1cticas de informaci\u00f3n y las elecciones que puedes hacer sobre la forma en que se procesa tu informaci\u00f3n en Animalcare\/Ecuphar.<\/p>\n<p><strong>La informaci\u00f3n\u00a0que recopilamos<\/strong><\/p>\n<p>Puedes cedernos tu informaci\u00f3n a trav\u00e9s de:<\/p>\n<ul>\n<li>enviar informaci\u00f3n a trav\u00e9s de nuestro sitio web o a trav\u00e9s del uso de este<\/li>\n<li>enviar informaci\u00f3n a trav\u00e9s de nuestros foros de discusi\u00f3n o canales de redes sociales (por ejemplo, Facebook, Twitter)<\/li>\n<li>proporcionar datos personales al personal de Animalcare\/Ecuphar, p. gesti\u00f3n de ventas<\/li>\n<li>participar en concursos, promociones o encuestas realizadas por nosotros<\/li>\n<\/ul>\n<p>No recopilamos informaci\u00f3n personal de identificaci\u00f3n sobre ti, como el nombre, direcci\u00f3n, n\u00famero de tel\u00e9fono, n\u00famero de fax, direcci\u00f3n de correo electr\u00f3nico, etc., a menos que elijas proporcionarnos esta informaci\u00f3n de cualquier forma o solicites nuestros productos o servicios.<\/p>\n<p>Cuando visitas nuestro sitio web, podemos recopilar autom\u00e1ticamente:<\/p>\n<ul>\n<li>informaci\u00f3n t\u00e9cnica, el tipo de navegador que est\u00e1s utilizando, el tipo de sistema operativo y el nombre de dominio de tu proveedor de servicios de Internet<\/li>\n<li>informaci\u00f3n sobre tu visita, incluido el flujo de clics completo URL hacia, a trav\u00e9s y desde nuestro sitio (incluida la fecha y la hora); productos que viste o buscaste<\/li>\n<li>informaci\u00f3n sobre el rendimiento de nuestras p\u00e1ginas, como tiempos de respuesta de la p\u00e1gina, errores de descarga, informaci\u00f3n de interacci\u00f3n de la p\u00e1gina<\/li>\n<li>informaci\u00f3n que recibimos de otras fuentes<\/li>\n<\/ul>\n<p><strong>C\u00f3mo usamos normalmente la informaci\u00f3n que nos proporcionas<\/strong><\/p>\n<p>La forma en que usamos la informaci\u00f3n sobre ti depende del prop\u00f3sito del procesamiento, que puede incluir:<\/p>\n<ul>\n<li>Pedido, entrega y facturaci\u00f3n de productos<\/li>\n<li>Soporte de producto<\/li>\n<li>Cambios en nuestros productos y\/o servicios<\/li>\n<li>Solicitudes de informaci\u00f3n o servicio<\/li>\n<li>Suministro de informaci\u00f3n<\/li>\n<li>Optimizaci\u00f3n de los sistemas y procesos de Animalcare\/Ecuphar<\/li>\n<li>Apoyar la disponibilidad de productos y servicios.<\/li>\n<\/ul>\n<p>Solo se procesa la informaci\u00f3n personal relevante para cada prop\u00f3sito.<\/p>\n<p>Todas las personas o empresas que soliciten productos mantendr\u00e1n sus datos de contacto en nuestros sistemas, ya que estos son necesarios para prestar el servicio y\/o entregar los productos. El per\u00edodo de almacenamieto se basa en nuestras obligaciones legales y es de 10 a\u00f1os despu\u00e9s del \u00faltimo pedido y\/o consulta<span lang=\"EN-US\">.<\/span><\/p>\n<p>Utilizamos la informaci\u00f3n de identificaci\u00f3n personal que nos proporcionas para mantenerte informado sobre nuestros productos, ofertas y servicios, para responder a tu consulta o para procesar un formulario de solicitud que has completado en varias secciones de nuestro sitio web. Puedes optar por no recibir nuestra informaci\u00f3n de marketing o de prop\u00f3sito general (como boletines) en cualquier momento.<\/p>\n<p>Puede ser que la informaci\u00f3n personal est\u00e9 vinculada a nuestra relaci\u00f3n comercial con tu empresa. En este caso, la informaci\u00f3n personal se tratar\u00e1 como informaci\u00f3n comercial y deber\u00e1s, si este es el caso, proporcionarnos datos de contacto gen\u00e9ricos que representen a tu empresa. Debido a las implicaciones legales y contractuales, necesitaremos tener estos datos comerciales antes de poder dejar de procesar los datos personales.<\/p>\n<p>Utilizamos informaci\u00f3n de identificaci\u00f3n no personal para analizar el uso del sitio (como informaci\u00f3n agregada en las p\u00e1ginas visitadas por nuestros usuarios), lo que nos permite mejorar el dise\u00f1o y el contenido de nuestro sitio web.<\/p>\n<p>Usamos tu historial de pedidos para mejorar nuestros sistemas y procesos internos y para mejorar la disponibilidad de nuestros productos y servicios.<\/p>\n<p>Todos los datos recopilados se compartir\u00e1n, si corresponde y es relevante con otras entidades de Animalcare\/Ecuphar, con cualquiera de las oficinas de Animalcare\/Ecuphar.<\/p>\n<p>Animalcare\/Ecuphar no compartir\u00e1 su informaci\u00f3n con terceros. No distribuiremos ni venderemos intencionalmente su informaci\u00f3n a nadie fuera de nuestra organizaci\u00f3n sin su permiso para hacerlo, excepto si vendemos la totalidad o parte de nuestro negocio.<\/p>\n<p>No nos pondremos en contacto contigo sobre otros asuntos, a menos que lo solicites espec\u00edficamente, ni compartiremos, alquilaremos ni venderemos tu informaci\u00f3n de identificaci\u00f3n personal fuera de Animalcare\/Ecuphar, excepto cuando estemos obligados a compartir tu informaci\u00f3n por motivos legales o para entregarla a terceros que prestan servicios en nuestro nombre.<\/p>\n<p><strong>D\u00f3nde almacenamos tu informaci\u00f3n<\/strong><\/p>\n<p>La informaci\u00f3n que tenemos de ti se almacena y procesa dentro de los l\u00edmites de la UE por personal contratado por nosotros (por ejemplo, por nuestros empleados y\/o por nuestros proveedores externos). Adem\u00e1s, la informaci\u00f3n que tenemos de ti podr\u00eda ser transferida, almacenada y\/o procesada en un destino fuera de la Uni\u00f3n Econ\u00f3mica Europea.\u00a0\u00c1rea (\u00abEEE\u00bb) por personal contratado por nosotros (por ejemplo, por nuestros empleados y\/o por nuestros proveedores externos) dentro de los acuerdos y limitaciones del Reglamento general de protecci\u00f3n de datos (RGPD-Reglamento UE 2016\/679). Al cedernos tu informaci\u00f3n, aceptas que podemos transferir, almacenar y\/o procesar tu informaci\u00f3n como se describe en esta secci\u00f3n.<\/p>\n<p>Cuando te hayamos proporcionado (o hayas elegido) una contrase\u00f1a que te permita acceder a ciertas partes de nuestro sitio web, tu eres el responsable de mantener la confidencialidad de esta contrase\u00f1a. Te pedimos que no compartas tu contrase\u00f1a con nadie, ya que esto puede poner en peligro la seguridad de tu informaci\u00f3n.<\/p>\n<p><strong>Recopilaci\u00f3n de informaci\u00f3n por sites de terceros y sponsors<\/strong><\/p>\n<p>Nuestro sitio web contiene enlaces a otros sitios cuyas pr\u00e1cticas de informaci\u00f3n pueden ser diferentes a las nuestras. Los visitantes deben consultar los avisos de privacidad de estos otros sitios, ya que no tenemos control sobre la informaci\u00f3n que estos terceros env\u00edan o recopilan.<\/p>\n<p><strong>Cookies<\/strong><\/p>\n<p>Nuestro sitio web utiliza cookies. Una cookie es una cadena de informaci\u00f3n de solo texto que un sitio web transfiere al archivo de cookies del navegador en el disco duro de su computadora para que el sitio web pueda recordar qui\u00e9n es usted. Una cookie generalmente contendr\u00e1 el nombre del dominio del que proviene la cookie, la \u00abvida \u00fatil\u00bb de la cookie y un valor, generalmente un n\u00famero \u00fanico generado aleatoriamente. Esto nos ayuda a brindarle una buena experiencia cuando navega por nuestro sitio web y tambi\u00e9n nos permite mejorar nuestro sitio y nuestros servicios.<\/p>\n<p>Podemos utilizar cookies de las siguientes maneras:<\/p>\n<ul>\n<li>Donde son esenciales para que nuestro sitio funcione.<\/li>\n<li>Para habilitar las funciones de personalizaci\u00f3n en nuestro sitio (que te brindan la capacidad de recordar las p\u00e1ginas visitadas recientemente y ver la informaci\u00f3n que informaste en l\u00ednea).<\/li>\n<li>Recopilar estad\u00edsticas agregadas an\u00f3nimas que nos permitan comprender c\u00f3mo los usuarios usan nuestro sitio y ayudarnos a mejorar la estructura de nuestro sitio. No podemos identificarte personalmente de esta manera.<\/li>\n<\/ul>\n<p>Para obtener informaci\u00f3n detallada sobre las cookies y c\u00f3mo se utilizan en nuestro sitio web, consulta nuestra Pol\u00edtica de cookies.<\/p>\n<p><strong>Deshabilitar\/habilitar cookies<\/strong><\/p>\n<p>Puedes optar por aceptar o rechazar las cookies modificando la configuraci\u00f3n de tu navegador. Sin embargo, es posible que no puedas usar todas las funciones interactivas de nuestro sitio si las cookies est\u00e1n deshabilitadas. Para obtener m\u00e1s informaci\u00f3n sobre c\u00f3mo deshabilitar o bloquear las cookies, consulta nuestra Pol\u00edtica de cookies.<\/p>\n<p><strong>Nuestro compromiso con la seguridad<\/strong><\/p>\n<p>Empleamos medidas de seguridad para evitar el acceso no autorizado a la informaci\u00f3n que recopilamos. En el improbable caso de que se produzca un acceso no autorizado o una divulgaci\u00f3n no autorizada de tus datos personales, le informaremos lo antes posible de acuerdo con los requisitos del GDPR.<\/p>\n<p>Si te preocupa que tu informaci\u00f3n sea incorrecta o haya sido divulgada, comun\u00edcate con nosotros para que podamos corregir los datos, investigar cualquier problema y tomar las medidas necesarias para evitar que dicho problema se repita en el futuro.<\/p>\n<p><strong>Tus derechos<\/strong><\/p>\n<p>De acuerdo con la ley de protecci\u00f3n de datos relacionada con el procesamiento de datos personales, tienes derecho a revisar los datos personales que tenemos sobre ti, solicitar que los corrijamos si es necesario, oponerte a su procesamiento o solicitar la eliminaci\u00f3n de tus datos siempre que no estemos obligados a conservarlos para fines legales o contractuales. Para ello, env\u00eda un correo electr\u00f3nico a privacy@euphar.com.<\/p>\n<p><strong>Revisiones a nuestra pol\u00edtica de privacidad<\/strong><\/p>\n<p>Nos reservamos el derecho de revisar esta pol\u00edtica en su totalidad o en parte de vez en cuando. Revisa la pol\u00edtica peri\u00f3dicamente para conocer los cambios.[\/vc_column_text][\/vc_column][\/vc_row]<\/p>\n<\/div>","protected":false},"excerpt":{"rendered":"<p>[vc_row row_height_percent=\u00bb33&#8243; override_padding=\u00bbyes\u00bb h_padding=\u00bb2&#8243; top_padding=\u00bb4&#8243; bottom_padding=\u00bb4&#8243; back_image=\u00bb2893&#8243; back_repeat=\u00bbno-repeat\u00bb back_position=\u00bbleft top\u00bb overlay_alpha=\u00bb50&#8243; gutter_size=\u00bb3&#8243; column_width_percent=\u00bb100&#8243; shift_y=\u00bb0&#8243; z_index=\u00bb0&#8243; uncode_shortcode_id=\u00bb759228&#8243;][vc_column column_width_percent=\u00bb100&#8243; position_vertical=\u00bbmiddle\u00bb gutter_size=\u00bb3&#8243; overlay_alpha=\u00bb50&#8243; [&hellip;]<\/p>\n","protected":false},"author":2,"featured_media":0,"parent":3625,"menu_order":0,"comment_status":"closed","ping_status":"closed","template":"","meta":{"footnotes":""},"class_list":["post-2848","page","type-page","status-publish","hentry"],"yoast_head":"<!-- This site is optimized with the Yoast SEO plugin v24.6 - https:\/\/yoast.com\/wordpress\/plugins\/seo\/ -->\n<title>Privacidad para tutor de mascota - Tutor Mascota | Higiene Dental<\/title>\n<meta name=\"description\" content=\"dental.pet\/ES by Ecuphar - Tutor Mascota. Privacidad. Accede a informaci\u00f3n relevante sobre el cuidado de la higiene dental de tu mascota, descubre c\u00f3mo ayudarle a comenzar un cuidado dental, evitar problemas periodontales y de mal aliento en perros y gatos. Higiene Dental\" \/>\n<meta name=\"robots\" content=\"index, follow, max-snippet:-1, max-image-preview:large, max-video-preview:-1\" \/>\n<link rel=\"canonical\" href=\"https:\/\/dental.pet\/es\/tutor-mascota\/privacidad-tutor-mascota\/\" \/>\n<meta property=\"og:locale\" content=\"es_ES\" \/>\n<meta property=\"og:type\" content=\"article\" \/>\n<meta property=\"og:title\" content=\"Privacidad para tutor de mascota - Tutor Mascota | Higiene Dental\" \/>\n<meta property=\"og:description\" content=\"dental.pet\/ES by Ecuphar - Tutor Mascota. Privacidad. Accede a informaci\u00f3n relevante sobre el cuidado de la higiene dental de tu mascota, descubre c\u00f3mo ayudarle a comenzar un cuidado dental, evitar problemas periodontales y de mal aliento en perros y gatos. Higiene Dental\" \/>\n<meta property=\"og:url\" content=\"https:\/\/dental.pet\/es\/tutor-mascota\/privacidad-tutor-mascota\/\" \/>\n<meta property=\"og:site_name\" content=\"Spain\" \/>\n<meta property=\"article:modified_time\" content=\"2022-11-24T15:17:31+00:00\" \/>\n<meta name=\"twitter:card\" content=\"summary_large_image\" \/>\n<meta name=\"twitter:label1\" content=\"Tiempo de lectura\" \/>\n\t<meta name=\"twitter:data1\" content=\"8 minutos\" \/>\n<script type=\"application\/ld+json\" class=\"yoast-schema-graph\">{\"@context\":\"https:\/\/schema.org\",\"@graph\":[{\"@type\":\"WebPage\",\"@id\":\"https:\/\/dental.pet\/es\/tutor-mascota\/privacidad-tutor-mascota\/\",\"url\":\"https:\/\/dental.pet\/es\/tutor-mascota\/privacidad-tutor-mascota\/\",\"name\":\"Privacidad para tutor de mascota - Tutor Mascota | Higiene Dental\",\"isPartOf\":{\"@id\":\"https:\/\/dental.pet\/es\/#website\"},\"datePublished\":\"2021-10-25T17:13:32+00:00\",\"dateModified\":\"2022-11-24T15:17:31+00:00\",\"description\":\"dental.pet\/ES by Ecuphar - Tutor Mascota. Privacidad. Accede a informaci\u00f3n relevante sobre el cuidado de la higiene dental de tu mascota, descubre c\u00f3mo ayudarle a comenzar un cuidado dental, evitar problemas periodontales y de mal aliento en perros y gatos. Higiene Dental\",\"breadcrumb\":{\"@id\":\"https:\/\/dental.pet\/es\/tutor-mascota\/privacidad-tutor-mascota\/#breadcrumb\"},\"inLanguage\":\"es\",\"potentialAction\":[{\"@type\":\"ReadAction\",\"target\":[\"https:\/\/dental.pet\/es\/tutor-mascota\/privacidad-tutor-mascota\/\"]}]},{\"@type\":\"BreadcrumbList\",\"@id\":\"https:\/\/dental.pet\/es\/tutor-mascota\/privacidad-tutor-mascota\/#breadcrumb\",\"itemListElement\":[{\"@type\":\"ListItem\",\"position\":1,\"name\":\"Home\",\"item\":\"https:\/\/dental.pet\/es\/\"},{\"@type\":\"ListItem\",\"position\":2,\"name\":\"Dental Pet by Ecuphar para tutor de mascota\",\"item\":\"https:\/\/dental.pet\/es\/tutor-mascota\/\"},{\"@type\":\"ListItem\",\"position\":3,\"name\":\"Privacidad para tutor de mascota\"}]},{\"@type\":\"WebSite\",\"@id\":\"https:\/\/dental.pet\/es\/#website\",\"url\":\"https:\/\/dental.pet\/es\/\",\"name\":\"Spain\",\"description\":\"Welcome to your Dental Pet Hub\",\"publisher\":{\"@id\":\"https:\/\/dental.pet\/es\/#organization\"},\"potentialAction\":[{\"@type\":\"SearchAction\",\"target\":{\"@type\":\"EntryPoint\",\"urlTemplate\":\"https:\/\/dental.pet\/es\/?s={search_term_string}\"},\"query-input\":{\"@type\":\"PropertyValueSpecification\",\"valueRequired\":true,\"valueName\":\"search_term_string\"}}],\"inLanguage\":\"es\"},{\"@type\":\"Organization\",\"@id\":\"https:\/\/dental.pet\/es\/#organization\",\"name\":\"Pet Dental\",\"url\":\"https:\/\/dental.pet\/es\/\",\"logo\":{\"@type\":\"ImageObject\",\"inLanguage\":\"es\",\"@id\":\"https:\/\/dental.pet\/es\/#\/schema\/logo\/image\/\",\"url\":\"https:\/\/dental.pet\/espania\/wp-content\/uploads\/sites\/4\/2021\/10\/pet-dental-logo-dark.png\",\"contentUrl\":\"https:\/\/dental.pet\/espania\/wp-content\/uploads\/sites\/4\/2021\/10\/pet-dental-logo-dark.png\",\"width\":328,\"height\":82,\"caption\":\"Pet Dental\"},\"image\":{\"@id\":\"https:\/\/dental.pet\/es\/#\/schema\/logo\/image\/\"}}]}<\/script>\n<!-- \/ Yoast SEO plugin. -->","yoast_head_json":{"title":"Privacidad para tutor de mascota - Tutor Mascota | Higiene Dental","description":"dental.pet\/ES by Ecuphar - Tutor Mascota. Privacidad. Accede a informaci\u00f3n relevante sobre el cuidado de la higiene dental de tu mascota, descubre c\u00f3mo ayudarle a comenzar un cuidado dental, evitar problemas periodontales y de mal aliento en perros y gatos. Higiene Dental","robots":{"index":"index","follow":"follow","max-snippet":"max-snippet:-1","max-image-preview":"max-image-preview:large","max-video-preview":"max-video-preview:-1"},"canonical":"https:\/\/dental.pet\/es\/tutor-mascota\/privacidad-tutor-mascota\/","og_locale":"es_ES","og_type":"article","og_title":"Privacidad para tutor de mascota - Tutor Mascota | Higiene Dental","og_description":"dental.pet\/ES by Ecuphar - Tutor Mascota. Privacidad. Accede a informaci\u00f3n relevante sobre el cuidado de la higiene dental de tu mascota, descubre c\u00f3mo ayudarle a comenzar un cuidado dental, evitar problemas periodontales y de mal aliento en perros y gatos. Higiene Dental","og_url":"https:\/\/dental.pet\/es\/tutor-mascota\/privacidad-tutor-mascota\/","og_site_name":"Spain","article_modified_time":"2022-11-24T15:17:31+00:00","twitter_card":"summary_large_image","twitter_misc":{"Tiempo de lectura":"8 minutos"},"schema":{"@context":"https:\/\/schema.org","@graph":[{"@type":"WebPage","@id":"https:\/\/dental.pet\/es\/tutor-mascota\/privacidad-tutor-mascota\/","url":"https:\/\/dental.pet\/es\/tutor-mascota\/privacidad-tutor-mascota\/","name":"Privacidad para tutor de mascota - Tutor Mascota | Higiene Dental","isPartOf":{"@id":"https:\/\/dental.pet\/es\/#website"},"datePublished":"2021-10-25T17:13:32+00:00","dateModified":"2022-11-24T15:17:31+00:00","description":"dental.pet\/ES by Ecuphar - Tutor Mascota. Privacidad. Accede a informaci\u00f3n relevante sobre el cuidado de la higiene dental de tu mascota, descubre c\u00f3mo ayudarle a comenzar un cuidado dental, evitar problemas periodontales y de mal aliento en perros y gatos. Higiene Dental","breadcrumb":{"@id":"https:\/\/dental.pet\/es\/tutor-mascota\/privacidad-tutor-mascota\/#breadcrumb"},"inLanguage":"es","potentialAction":[{"@type":"ReadAction","target":["https:\/\/dental.pet\/es\/tutor-mascota\/privacidad-tutor-mascota\/"]}]},{"@type":"BreadcrumbList","@id":"https:\/\/dental.pet\/es\/tutor-mascota\/privacidad-tutor-mascota\/#breadcrumb","itemListElement":[{"@type":"ListItem","position":1,"name":"Home","item":"https:\/\/dental.pet\/es\/"},{"@type":"ListItem","position":2,"name":"Dental Pet by Ecuphar para tutor de mascota","item":"https:\/\/dental.pet\/es\/tutor-mascota\/"},{"@type":"ListItem","position":3,"name":"Privacidad para tutor de mascota"}]},{"@type":"WebSite","@id":"https:\/\/dental.pet\/es\/#website","url":"https:\/\/dental.pet\/es\/","name":"Spain","description":"Welcome to your Dental Pet Hub","publisher":{"@id":"https:\/\/dental.pet\/es\/#organization"},"potentialAction":[{"@type":"SearchAction","target":{"@type":"EntryPoint","urlTemplate":"https:\/\/dental.pet\/es\/?s={search_term_string}"},"query-input":{"@type":"PropertyValueSpecification","valueRequired":true,"valueName":"search_term_string"}}],"inLanguage":"es"},{"@type":"Organization","@id":"https:\/\/dental.pet\/es\/#organization","name":"Pet Dental","url":"https:\/\/dental.pet\/es\/","logo":{"@type":"ImageObject","inLanguage":"es","@id":"https:\/\/dental.pet\/es\/#\/schema\/logo\/image\/","url":"https:\/\/dental.pet\/espania\/wp-content\/uploads\/sites\/4\/2021\/10\/pet-dental-logo-dark.png","contentUrl":"https:\/\/dental.pet\/espania\/wp-content\/uploads\/sites\/4\/2021\/10\/pet-dental-logo-dark.png","width":328,"height":82,"caption":"Pet Dental"},"image":{"@id":"https:\/\/dental.pet\/es\/#\/schema\/logo\/image\/"}}]}},"_links":{"self":[{"href":"https:\/\/dental.pet\/es\/wp-json\/wp\/v2\/pages\/2848","targetHints":{"allow":["GET"]}}],"collection":[{"href":"https:\/\/dental.pet\/es\/wp-json\/wp\/v2\/pages"}],"about":[{"href":"https:\/\/dental.pet\/es\/wp-json\/wp\/v2\/types\/page"}],"author":[{"embeddable":true,"href":"https:\/\/dental.pet\/es\/wp-json\/wp\/v2\/users\/2"}],"replies":[{"embeddable":true,"href":"https:\/\/dental.pet\/es\/wp-json\/wp\/v2\/comments?post=2848"}],"version-history":[{"count":5,"href":"https:\/\/dental.pet\/es\/wp-json\/wp\/v2\/pages\/2848\/revisions"}],"predecessor-version":[{"id":6377,"href":"https:\/\/dental.pet\/es\/wp-json\/wp\/v2\/pages\/2848\/revisions\/6377"}],"up":[{"embeddable":true,"href":"https:\/\/dental.pet\/es\/wp-json\/wp\/v2\/pages\/3625"}],"wp:attachment":[{"href":"https:\/\/dental.pet\/es\/wp-json\/wp\/v2\/media?parent=2848"}],"curies":[{"name":"wp","href":"https:\/\/api.w.org\/{rel}","templated":true}]}}