{"id":1261,"date":"2021-10-11T23:00:49","date_gmt":"2021-10-11T23:00:49","guid":{"rendered":"http:\/\/dental.onpressidium.com\/?page_id=1261"},"modified":"2022-11-24T11:00:18","modified_gmt":"2022-11-24T11:00:18","slug":"sobre-nosotros-veterinarios","status":"publish","type":"page","link":"https:\/\/dental.pet\/es\/dentalpet-by-ecuphar-veterinarios\/sobre-nosotros-veterinarios\/","title":{"rendered":"Sobre nosotros para veterinarios"},"content":{"rendered":"<div class=\"wpb-content-wrapper\"><p>[vc_row row_height_percent=\u00bb33&#8243; override_padding=\u00bbyes\u00bb h_padding=\u00bb2&#8243; top_padding=\u00bb4&#8243; bottom_padding=\u00bb4&#8243; back_image=\u00bb2893&#8243; back_repeat=\u00bbno-repeat\u00bb back_position=\u00bbleft top\u00bb overlay_alpha=\u00bb50&#8243; gutter_size=\u00bb3&#8243; column_width_percent=\u00bb100&#8243; shift_y=\u00bb0&#8243; z_index=\u00bb0&#8243; uncode_shortcode_id=\u00bb384114&#8243; back_size=\u00bbcover\u00bb][vc_column column_width_percent=\u00bb100&#8243; position_vertical=\u00bbmiddle\u00bb gutter_size=\u00bb3&#8243; overlay_alpha=\u00bb50&#8243; shift_x=\u00bb0&#8243; shift_y=\u00bb0&#8243; shift_y_down=\u00bb0&#8243; z_index=\u00bb0&#8243; medium_width=\u00bb0&#8243; mobile_width=\u00bb0&#8243; css_animation=\u00bbbottom-t-top\u00bb width=\u00bb3\/4&#8243; uncode_shortcode_id=\u00bb740801&#8243; el_class=\u00bbz-index1&#8243;][vc_custom_heading text_color=\u00bbcolor-197188&#8243; heading_semantic=\u00bbdiv\u00bb text_size=\u00bbfontsize-158891&#8243; text_weight=\u00bb700&#8243; uncode_shortcode_id=\u00bb207729&#8243; text_color_type=\u00bbuncode-palette\u00bb]Sobre<br \/>nosotros[\/vc_custom_heading][\/vc_column][vc_column width=\u00bb1\/4&#8243;][\/vc_column][\/vc_row][vc_row row_height_percent=\u00bb0&#8243; override_padding=\u00bbyes\u00bb h_padding=\u00bb2&#8243; top_padding=\u00bb3&#8243; bottom_padding=\u00bb3&#8243; overlay_alpha=\u00bb50&#8243; equal_height=\u00bbyes\u00bb gutter_size=\u00bb3&#8243; column_width_percent=\u00bb100&#8243; shift_y=\u00bb0&#8243; z_index=\u00bb0&#8243; uncode_shortcode_id=\u00bb238133&#8243; el_id=\u00bbaccordion-dark\u00bb el_class=\u00bbpc-section-shape-background-grey\u00bb][vc_column column_width_percent=\u00bb100&#8243; position_vertical=\u00bbmiddle\u00bb gutter_size=\u00bb3&#8243; override_padding=\u00bbyes\u00bb column_padding=\u00bb3&#8243; expand_height=\u00bbyes\u00bb back_color=\u00bbcolor-197188&#8243; overlay_alpha=\u00bb50&#8243; shift_x=\u00bb0&#8243; shift_y=\u00bb0&#8243; shift_y_down=\u00bb0&#8243; z_index=\u00bb0&#8243; medium_width=\u00bb0&#8243; mobile_width=\u00bb0&#8243; width=\u00bb1\/2&#8243; uncode_shortcode_id=\u00bb154907&#8243; back_color_type=\u00bbuncode-palette\u00bb el_class=\u00bbpad-left-0&#8243;][vc_single_image media=\u00bb5834&#8243; media_width_percent=\u00bb70&#8243; uncode_shortcode_id=\u00bb149672&#8243;][vc_column_text text_color=\u00bbcolor-108211&#8243; uncode_shortcode_id=\u00bb494023&#8243; css=\u00bb.vc_custom_1663758796967{padding-left: 85px !important;}\u00bb text_color_type=\u00bbuncode-palette\u00bb el_class=\u00bbpad-left-0 bodyMid\u00bb]La misi\u00f3n de\u00a0<strong>dental.pet\u00a0<\/strong>es ofrecer apoyo, informaci\u00f3n y recursos a los profesionales veterinarios y responsables de mascotas, con el objetivo final de mejorar la salud dental de todas las mascotas.[\/vc_column_text][\/vc_column][vc_column column_width_percent=\u00bb100&#8243; gutter_size=\u00bb3&#8243; override_padding=\u00bbyes\u00bb column_padding=\u00bb3&#8243; style=\u00bbdark\u00bb back_color=\u00bbcolor-108211&#8243; overlay_alpha=\u00bb50&#8243; shift_x=\u00bb0&#8243; shift_y=\u00bb0&#8243; shift_y_down=\u00bb0&#8243; z_index=\u00bb0&#8243; medium_width=\u00bb0&#8243; mobile_width=\u00bb0&#8243; width=\u00bb1\/2&#8243; uncode_shortcode_id=\u00bb139898&#8243; back_color_type=\u00bbuncode-palette\u00bb][vc_column_text uncode_shortcode_id=\u00bb413102&#8243;]<strong>dental.pet<\/strong>\u00a0es un portal educativo integral con contenido dedicado tanto para profesionales veterinarios como para responsables de mascotas. Si usted es un profesional veterinario que desea hablar sobre el cuidado dental en mayor profundidad en su cl\u00ednica, o el responsable de una mascota que busca consejos sobre qu\u00e9 productos usar, dental.pet ofrece una gran cantidad de informaci\u00f3n y recursos \u00fatiles.<\/p>\n<p><strong>dental.pet\u00a0<\/strong>pertenece a\u00a0<strong>Animalcare Ltd\/Ecuphar<\/strong>,\u00a0una empresa farmac\u00e9utica veterinaria l\u00edder que suministra productos en 32 mercados europeos. Respaldados por una experiencia de m\u00e1s de 30 a\u00f1os en salud animal, estamos comprometidos a proporcionar productos y servicios innovadores y de confianza para apoyar a la profesi\u00f3n veterinaria ahora y en el futuro.[\/vc_column_text][\/vc_column][\/vc_row]<\/p>\n<\/div>","protected":false},"excerpt":{"rendered":"<p>[vc_row row_height_percent=\u00bb33&#8243; override_padding=\u00bbyes\u00bb h_padding=\u00bb2&#8243; top_padding=\u00bb4&#8243; bottom_padding=\u00bb4&#8243; back_image=\u00bb2893&#8243; back_repeat=\u00bbno-repeat\u00bb back_position=\u00bbleft top\u00bb overlay_alpha=\u00bb50&#8243; gutter_size=\u00bb3&#8243; column_width_percent=\u00bb100&#8243; shift_y=\u00bb0&#8243; z_index=\u00bb0&#8243; uncode_shortcode_id=\u00bb384114&#8243; back_size=\u00bbcover\u00bb][vc_column column_width_percent=\u00bb100&#8243; position_vertical=\u00bbmiddle\u00bb gutter_size=\u00bb3&#8243; [&hellip;]<\/p>\n","protected":false},"author":2,"featured_media":0,"parent":3809,"menu_order":0,"comment_status":"closed","ping_status":"closed","template":"","meta":{"footnotes":""},"class_list":["post-1261","page","type-page","status-publish","hentry"],"yoast_head":"<!-- This site is optimized with the Yoast SEO plugin v24.6 - https:\/\/yoast.com\/wordpress\/plugins\/seo\/ -->\n<title>Sobre nosotros - Veterinario | Higiene Dental<\/title>\n<meta name=\"description\" content=\"dental.pet\/ES by Ecuphar - Veterinario. Informaci\u00f3n sobre la enfermedad periodontal para profesionales veterinarios. Higiene Dental\" \/>\n<meta name=\"robots\" content=\"index, follow, max-snippet:-1, max-image-preview:large, max-video-preview:-1\" \/>\n<link rel=\"canonical\" href=\"https:\/\/dental.pet\/es\/dentalpet-by-ecuphar-veterinarios\/sobre-nosotros-veterinarios\/\" \/>\n<meta property=\"og:locale\" content=\"es_ES\" \/>\n<meta property=\"og:type\" content=\"article\" \/>\n<meta property=\"og:title\" content=\"Sobre nosotros - Veterinario | Higiene Dental\" \/>\n<meta property=\"og:description\" content=\"dental.pet\/ES by Ecuphar - Veterinario. Informaci\u00f3n sobre la enfermedad periodontal para profesionales veterinarios. Higiene Dental\" \/>\n<meta property=\"og:url\" content=\"https:\/\/dental.pet\/es\/dentalpet-by-ecuphar-veterinarios\/sobre-nosotros-veterinarios\/\" \/>\n<meta property=\"og:site_name\" content=\"Spain\" \/>\n<meta property=\"article:modified_time\" content=\"2022-11-24T11:00:18+00:00\" \/>\n<meta name=\"twitter:card\" content=\"summary_large_image\" \/>\n<meta name=\"twitter:label1\" content=\"Tiempo de lectura\" \/>\n\t<meta name=\"twitter:data1\" content=\"2 minutos\" \/>\n<script type=\"application\/ld+json\" class=\"yoast-schema-graph\">{\"@context\":\"https:\/\/schema.org\",\"@graph\":[{\"@type\":\"WebPage\",\"@id\":\"https:\/\/dental.pet\/es\/dentalpet-by-ecuphar-veterinarios\/sobre-nosotros-veterinarios\/\",\"url\":\"https:\/\/dental.pet\/es\/dentalpet-by-ecuphar-veterinarios\/sobre-nosotros-veterinarios\/\",\"name\":\"Sobre nosotros - Veterinario | Higiene Dental\",\"isPartOf\":{\"@id\":\"https:\/\/dental.pet\/es\/#website\"},\"datePublished\":\"2021-10-11T23:00:49+00:00\",\"dateModified\":\"2022-11-24T11:00:18+00:00\",\"description\":\"dental.pet\/ES by Ecuphar - Veterinario. Informaci\u00f3n sobre la enfermedad periodontal para profesionales veterinarios. Higiene Dental\",\"breadcrumb\":{\"@id\":\"https:\/\/dental.pet\/es\/dentalpet-by-ecuphar-veterinarios\/sobre-nosotros-veterinarios\/#breadcrumb\"},\"inLanguage\":\"es\",\"potentialAction\":[{\"@type\":\"ReadAction\",\"target\":[\"https:\/\/dental.pet\/es\/dentalpet-by-ecuphar-veterinarios\/sobre-nosotros-veterinarios\/\"]}]},{\"@type\":\"BreadcrumbList\",\"@id\":\"https:\/\/dental.pet\/es\/dentalpet-by-ecuphar-veterinarios\/sobre-nosotros-veterinarios\/#breadcrumb\",\"itemListElement\":[{\"@type\":\"ListItem\",\"position\":1,\"name\":\"Home\",\"item\":\"https:\/\/dental.pet\/es\/\"},{\"@type\":\"ListItem\",\"position\":2,\"name\":\"Dental Pet by Ecuphar para veterinarios\",\"item\":\"https:\/\/dental.pet\/es\/dentalpet-by-ecuphar-veterinarios\/\"},{\"@type\":\"ListItem\",\"position\":3,\"name\":\"Sobre nosotros para veterinarios\"}]},{\"@type\":\"WebSite\",\"@id\":\"https:\/\/dental.pet\/es\/#website\",\"url\":\"https:\/\/dental.pet\/es\/\",\"name\":\"Spain\",\"description\":\"Welcome to your Dental Pet Hub\",\"publisher\":{\"@id\":\"https:\/\/dental.pet\/es\/#organization\"},\"potentialAction\":[{\"@type\":\"SearchAction\",\"target\":{\"@type\":\"EntryPoint\",\"urlTemplate\":\"https:\/\/dental.pet\/es\/?s={search_term_string}\"},\"query-input\":{\"@type\":\"PropertyValueSpecification\",\"valueRequired\":true,\"valueName\":\"search_term_string\"}}],\"inLanguage\":\"es\"},{\"@type\":\"Organization\",\"@id\":\"https:\/\/dental.pet\/es\/#organization\",\"name\":\"Pet Dental\",\"url\":\"https:\/\/dental.pet\/es\/\",\"logo\":{\"@type\":\"ImageObject\",\"inLanguage\":\"es\",\"@id\":\"https:\/\/dental.pet\/es\/#\/schema\/logo\/image\/\",\"url\":\"https:\/\/dental.pet\/espania\/wp-content\/uploads\/sites\/4\/2021\/10\/pet-dental-logo-dark.png\",\"contentUrl\":\"https:\/\/dental.pet\/espania\/wp-content\/uploads\/sites\/4\/2021\/10\/pet-dental-logo-dark.png\",\"width\":328,\"height\":82,\"caption\":\"Pet Dental\"},\"image\":{\"@id\":\"https:\/\/dental.pet\/es\/#\/schema\/logo\/image\/\"}}]}<\/script>\n<!-- \/ Yoast SEO plugin. -->","yoast_head_json":{"title":"Sobre nosotros - Veterinario | Higiene Dental","description":"dental.pet\/ES by Ecuphar - Veterinario. Informaci\u00f3n sobre la enfermedad periodontal para profesionales veterinarios. Higiene Dental","robots":{"index":"index","follow":"follow","max-snippet":"max-snippet:-1","max-image-preview":"max-image-preview:large","max-video-preview":"max-video-preview:-1"},"canonical":"https:\/\/dental.pet\/es\/dentalpet-by-ecuphar-veterinarios\/sobre-nosotros-veterinarios\/","og_locale":"es_ES","og_type":"article","og_title":"Sobre nosotros - Veterinario | Higiene Dental","og_description":"dental.pet\/ES by Ecuphar - Veterinario. Informaci\u00f3n sobre la enfermedad periodontal para profesionales veterinarios. Higiene Dental","og_url":"https:\/\/dental.pet\/es\/dentalpet-by-ecuphar-veterinarios\/sobre-nosotros-veterinarios\/","og_site_name":"Spain","article_modified_time":"2022-11-24T11:00:18+00:00","twitter_card":"summary_large_image","twitter_misc":{"Tiempo de lectura":"2 minutos"},"schema":{"@context":"https:\/\/schema.org","@graph":[{"@type":"WebPage","@id":"https:\/\/dental.pet\/es\/dentalpet-by-ecuphar-veterinarios\/sobre-nosotros-veterinarios\/","url":"https:\/\/dental.pet\/es\/dentalpet-by-ecuphar-veterinarios\/sobre-nosotros-veterinarios\/","name":"Sobre nosotros - Veterinario | Higiene Dental","isPartOf":{"@id":"https:\/\/dental.pet\/es\/#website"},"datePublished":"2021-10-11T23:00:49+00:00","dateModified":"2022-11-24T11:00:18+00:00","description":"dental.pet\/ES by Ecuphar - Veterinario. Informaci\u00f3n sobre la enfermedad periodontal para profesionales veterinarios. Higiene Dental","breadcrumb":{"@id":"https:\/\/dental.pet\/es\/dentalpet-by-ecuphar-veterinarios\/sobre-nosotros-veterinarios\/#breadcrumb"},"inLanguage":"es","potentialAction":[{"@type":"ReadAction","target":["https:\/\/dental.pet\/es\/dentalpet-by-ecuphar-veterinarios\/sobre-nosotros-veterinarios\/"]}]},{"@type":"BreadcrumbList","@id":"https:\/\/dental.pet\/es\/dentalpet-by-ecuphar-veterinarios\/sobre-nosotros-veterinarios\/#breadcrumb","itemListElement":[{"@type":"ListItem","position":1,"name":"Home","item":"https:\/\/dental.pet\/es\/"},{"@type":"ListItem","position":2,"name":"Dental Pet by Ecuphar para veterinarios","item":"https:\/\/dental.pet\/es\/dentalpet-by-ecuphar-veterinarios\/"},{"@type":"ListItem","position":3,"name":"Sobre nosotros para veterinarios"}]},{"@type":"WebSite","@id":"https:\/\/dental.pet\/es\/#website","url":"https:\/\/dental.pet\/es\/","name":"Spain","description":"Welcome to your Dental Pet Hub","publisher":{"@id":"https:\/\/dental.pet\/es\/#organization"},"potentialAction":[{"@type":"SearchAction","target":{"@type":"EntryPoint","urlTemplate":"https:\/\/dental.pet\/es\/?s={search_term_string}"},"query-input":{"@type":"PropertyValueSpecification","valueRequired":true,"valueName":"search_term_string"}}],"inLanguage":"es"},{"@type":"Organization","@id":"https:\/\/dental.pet\/es\/#organization","name":"Pet Dental","url":"https:\/\/dental.pet\/es\/","logo":{"@type":"ImageObject","inLanguage":"es","@id":"https:\/\/dental.pet\/es\/#\/schema\/logo\/image\/","url":"https:\/\/dental.pet\/espania\/wp-content\/uploads\/sites\/4\/2021\/10\/pet-dental-logo-dark.png","contentUrl":"https:\/\/dental.pet\/espania\/wp-content\/uploads\/sites\/4\/2021\/10\/pet-dental-logo-dark.png","width":328,"height":82,"caption":"Pet Dental"},"image":{"@id":"https:\/\/dental.pet\/es\/#\/schema\/logo\/image\/"}}]}},"_links":{"self":[{"href":"https:\/\/dental.pet\/es\/wp-json\/wp\/v2\/pages\/1261","targetHints":{"allow":["GET"]}}],"collection":[{"href":"https:\/\/dental.pet\/es\/wp-json\/wp\/v2\/pages"}],"about":[{"href":"https:\/\/dental.pet\/es\/wp-json\/wp\/v2\/types\/page"}],"author":[{"embeddable":true,"href":"https:\/\/dental.pet\/es\/wp-json\/wp\/v2\/users\/2"}],"replies":[{"embeddable":true,"href":"https:\/\/dental.pet\/es\/wp-json\/wp\/v2\/comments?post=1261"}],"version-history":[{"count":5,"href":"https:\/\/dental.pet\/es\/wp-json\/wp\/v2\/pages\/1261\/revisions"}],"predecessor-version":[{"id":6350,"href":"https:\/\/dental.pet\/es\/wp-json\/wp\/v2\/pages\/1261\/revisions\/6350"}],"up":[{"embeddable":true,"href":"https:\/\/dental.pet\/es\/wp-json\/wp\/v2\/pages\/3809"}],"wp:attachment":[{"href":"https:\/\/dental.pet\/es\/wp-json\/wp\/v2\/media?parent=1261"}],"curies":[{"name":"wp","href":"https:\/\/api.w.org\/{rel}","templated":true}]}}