{"id":77,"date":"2021-10-10T16:40:35","date_gmt":"2021-10-10T16:40:35","guid":{"rendered":"http:\/\/dental.onpressidium.com\/?page_id=77"},"modified":"2023-01-31T16:00:30","modified_gmt":"2023-01-31T16:00:30","slug":"home","status":"publish","type":"page","link":"https:\/\/dental.pet\/de\/","title":{"rendered":"Dental Pet by Ecuphar \u2013 Startseite"},"content":{"rendered":"<div class=\"wpb-content-wrapper\"><p>[vc_row row_height_percent=&#8220;100&#8243; override_padding=&#8220;yes&#8220; h_padding=&#8220;2&#8243; top_padding=&#8220;4&#8243; bottom_padding=&#8220;4&#8243; back_image=&#8220;4926&#8243; back_position=&#8220;center center&#8220; overlay_alpha=&#8220;50&#8243; gutter_size=&#8220;3&#8243; column_width_percent=&#8220;100&#8243; shift_y=&#8220;0&#8243; z_index=&#8220;0&#8243; medium_visibility=&#8220;yes&#8220; mobile_visibility=&#8220;yes&#8220; uncode_shortcode_id=&#8220;100186&#8243; back_size=&#8220;cover&#8220; row_height_pixel=&#8220;100vh&#8220;][vc_column column_width_percent=&#8220;100&#8243; gutter_size=&#8220;3&#8243; overlay_alpha=&#8220;50&#8243; shift_x=&#8220;0&#8243; shift_y=&#8220;0&#8243; shift_y_down=&#8220;0&#8243; z_index=&#8220;0&#8243; medium_width=&#8220;0&#8243; mobile_width=&#8220;0&#8243; css_animation=&#8220;bottom-t-top&#8220; width=&#8220;2\/3&#8243; uncode_shortcode_id=&#8220;177813&#8243; el_class=&#8220;z-index1&#8243;][vc_single_image media=&#8220;5981&#8243; media_width_percent=&#8220;39&#8243; uncode_shortcode_id=&#8220;192258&#8243; el_class=&#8220;logo-bigger&#8220;][vc_custom_heading text_color=&#8220;color-197188&#8243; heading_semantic=&#8220;div&#8220; text_size=&#8220;fontsize-158891&#8243; text_weight=&#8220;700&#8243; uncode_shortcode_id=&#8220;196891&#8243; text_color_type=&#8220;uncode-palette&#8220; el_class=&#8220;mb-10 hero-h1&#8243;]Willkommen bei<\/p>\n<h1 style=\"line-height: 20px; color: #fff; font-size: 72px;\">dental.pet<\/h1>\n<p>[\/vc_custom_heading][vc_column_text text_lead=&#8220;yes&#8220; text_color=&#8220;color-xsdn&#8220; uncode_shortcode_id=&#8220;202208&#8243; text_color_type=&#8220;uncode-palette&#8220; el_class=&#8220;text-thin pad0&#8243; css=&#8220;.vc_custom_1658829379432{padding-top: 30px !important;padding-right: 25% !important;padding-bottom: 30px !important;}&#8220;]Hier bei dental.pet finden Sie Informationen und Materialien rund um die Zahngesundheit von Haustieren.<\/p>\n<p>Bitte sagen Sie uns, ob Sie Tier\u00e4rztin, Tierarzt, tiermedizinische Fachkraft oder Tierhalter:in sind. So k\u00f6nnen wir Ihnen die f\u00fcr Sie relevanten Inhalte zur Verf\u00fcgung stellen.[\/vc_column_text][vc_row_inner limit_content=&#8220;&#8220;][vc_column_inner column_width_percent=&#8220;100&#8243; gutter_size=&#8220;3&#8243; style=&#8220;light&#8220; overlay_alpha=&#8220;50&#8243; shift_x=&#8220;0&#8243; shift_y=&#8220;0&#8243; shift_y_down=&#8220;0&#8243; z_index=&#8220;0&#8243; medium_width=&#8220;0&#8243; mobile_width=&#8220;0&#8243; width=&#8220;1\/1&#8243; uncode_shortcode_id=&#8220;579169&#8243; el_class=&#8220;padbot300&#8243;][vc_button button_color=&#8220;color-xsdn&#8220; border_width=&#8220;0&#8243; display=&#8220;inline&#8220; link=&#8220;url:%2Fde%2Ffuer-fachkreise|title:Dental%20Pet%20by%20Animalcare%20for%20Veterinary&#8220; button_color_type=&#8220;uncode-palette&#8220; uncode_shortcode_id=&#8220;203389&#8243; el_class=&#8220;button-light btn-1-hero&#8220;]ICH GEH\u00d6RE ZUM MEDIZINISCHEN FACHKREIS[\/vc_button][vc_button button_color=&#8220;color-xsdn&#8220; border_width=&#8220;0&#8243; display=&#8220;inline&#8220; link=&#8220;url:%2Fde%2Ffuer-tierhalter|title:Dental%20Pet%20by%20Animalcare%20for%20Pet%20Owner&#8220; button_color_type=&#8220;uncode-palette&#8220; uncode_shortcode_id=&#8220;409292&#8243; el_class=&#8220;button-light btn-1-hero&#8220;]ICH BIN TIERHALTER:IN[\/vc_button][\/vc_column_inner][\/vc_row_inner][\/vc_column][vc_column width=&#8220;1\/3&#8243;][vc_raw_html el_class=&#8220;homePageSlider&#8220;]JTNDZGl2JTIwY2xhc3MlM0QlMjJ3cG1sLWN1c3RvbS1zd2l0Y2hlciUyMiUzRSUwQSUzQ2klMjBjbGFzcyUzRCUyMm1lbnUtaWNvbiUyMGZhJTIwZmEtZ2xvYmUzJTIyJTNFJTNDJTJGaSUzRSUwQSUzQ3AlM0VDaGFuZ2UlMjBDb3VudHJ5JTNDJTJGcCUzRSUwQSUzQyUyRmRpdiUzRQ==[\/vc_raw_html][\/vc_column][\/vc_row][vc_row row_height_percent=&#8220;100&#8243; override_padding=&#8220;yes&#8220; h_padding=&#8220;0&#8243; top_padding=&#8220;2&#8243; bottom_padding=&#8220;4&#8243; back_image=&#8220;1420&#8243; back_position=&#8220;center center&#8220; overlay_alpha=&#8220;50&#8243; gutter_size=&#8220;3&#8243; column_width_percent=&#8220;100&#8243; shift_y=&#8220;0&#8243; z_index=&#8220;0&#8243; desktop_visibility=&#8220;yes&#8220; uncode_shortcode_id=&#8220;130868&#8243; back_size=&#8220;cover&#8220;][vc_column column_width_percent=&#8220;100&#8243; gutter_size=&#8220;3&#8243; overlay_alpha=&#8220;50&#8243; shift_x=&#8220;0&#8243; shift_y=&#8220;0&#8243; shift_y_down=&#8220;0&#8243; z_index=&#8220;0&#8243; medium_width=&#8220;0&#8243; mobile_width=&#8220;0&#8243; css_animation=&#8220;bottom-t-top&#8220; width=&#8220;1\/1&#8243; uncode_shortcode_id=&#8220;177813&#8243; el_class=&#8220;z-index1&#8243;][vc_raw_html]JTNDZGl2JTIwY2xhc3MlM0QlMjJ3cG1sLWN1c3RvbS1zd2l0Y2hlciUyMiUzRSUwQSUzQ2klMjBjbGFzcyUzRCUyMm1lbnUtaWNvbiUyMGZhJTIwZmEtZ2xvYmUzJTIyJTNFJTNDJTJGaSUzRSUwQSUzQ3AlM0VDaGFuZ2UlMjBDb3VudHJ5JTNDJTJGcCUzRSUwQSUzQyUyRmRpdiUzRQ==[\/vc_raw_html][vc_single_image media=&#8220;401&#8243; media_width_percent=&#8220;39&#8243; uncode_shortcode_id=&#8220;106099&#8243; el_class=&#8220;logo-bigger logo-home-mobile&#8220;][vc_single_image media=&#8220;5004&#8243; media_width_percent=&#8220;100&#8243; uncode_shortcode_id=&#8220;689438&#8243;][vc_row_inner limit_content=&#8220;&#8220;][vc_column_inner column_width_percent=&#8220;100&#8243; gutter_size=&#8220;2&#8243; overlay_alpha=&#8220;50&#8243; shift_x=&#8220;0&#8243; shift_y=&#8220;0&#8243; shift_y_down=&#8220;0&#8243; z_index=&#8220;0&#8243; medium_width=&#8220;0&#8243; mobile_width=&#8220;0&#8243; width=&#8220;1\/1&#8243; uncode_shortcode_id=&#8220;391209&#8243; css=&#8220;.vc_custom_1635343530222{padding-right: 36px !important;padding-left: 36px !important;}&#8220;][vc_custom_heading text_color=&#8220;color-197188&#8243; heading_semantic=&#8220;div&#8220; text_size=&#8220;fontsize-158891&#8243; text_weight=&#8220;700&#8243; uncode_shortcode_id=&#8220;142482&#8243; text_color_type=&#8220;uncode-palette&#8220; el_class=&#8220;mb-10 hero-h1&#8243;]Willkommen bei<\/p>\n<h1 style=\"line-height: 20px; color: #fff; font-size: 72px;\">dental.pet<\/h1>\n<p>[\/vc_custom_heading][vc_column_text text_lead=&#8220;yes&#8220; text_color=&#8220;color-xsdn&#8220; uncode_shortcode_id=&#8220;973580&#8243; text_color_type=&#8220;uncode-palette&#8220; el_class=&#8220;text-thin pad0&#8243; css=&#8220;.vc_custom_1665586615000{padding-top: 30px !important;padding-right: 25% !important;padding-bottom: 30px !important;}&#8220;]Hier bei dental.pet finden Sie Informationen und Materialien rund um die Zahngesundheit von Haustieren.<\/p>\n<p>Bitte sagen Sie uns, ob Sie Tier\u00e4rztin, Tierarzt, tiermedizinische Fachkraft oder Tierhalter:in sind. So k\u00f6nnen wir Ihnen die f\u00fcr Sie relevanten Inhalte zur Verf\u00fcgung stellen.[\/vc_column_text][vc_button button_color=&#8220;color-xsdn&#8220; wide=&#8220;yes&#8220; border_width=&#8220;0&#8243; link=&#8220;url:%2Fde%2Ffuer-fachkreise|title:Dental%20Pet%20by%20Animalcare%20for%20Veterinary&#8220; button_color_type=&#8220;uncode-palette&#8220; uncode_shortcode_id=&#8220;103119&#8243; el_class=&#8220;button-light&#8220;]ICH GEH\u00d6RE ZUM MEDIZINISCHEN FACHKREIS[\/vc_button][vc_button button_color=&#8220;color-xsdn&#8220; wide=&#8220;yes&#8220; border_width=&#8220;0&#8243; link=&#8220;url:%2Fde%2Ffuer-tierhalter|title:Dental%20Pet%20by%20Animalcare%20for%20Pet%20Owner&#8220; button_color_type=&#8220;uncode-palette&#8220; uncode_shortcode_id=&#8220;981277&#8243; el_class=&#8220;button-light&#8220;]ICH BIN TIERHALTER:IN[\/vc_button][\/vc_column_inner][\/vc_row_inner][\/vc_column][\/vc_row][vc_row row_height_percent=&#8220;0&#8243; back_color=&#8220;color-160397&#8243; overlay_alpha=&#8220;50&#8243; gutter_size=&#8220;3&#8243; column_width_percent=&#8220;100&#8243; shift_y=&#8220;0&#8243; z_index=&#8220;0&#8243; uncode_shortcode_id=&#8220;112460&#8243; back_color_type=&#8220;uncode-palette&#8220; el_id=&#8220;foot-main&#8220;][vc_column width=&#8220;2\/3&#8243;][vc_single_image media=&#8220;6017&#8243; media_width_percent=&#8220;30&#8243; uncode_shortcode_id=&#8220;777750&#8243; media_link=&#8220;url:https%3A%2F%2Fwww.ecuphar.de|target:_blank&#8220;][\/vc_column][vc_column column_width_percent=&#8220;100&#8243; gutter_size=&#8220;3&#8243; style=&#8220;dark&#8220; overlay_alpha=&#8220;50&#8243; shift_x=&#8220;0&#8243; shift_y=&#8220;0&#8243; shift_y_down=&#8220;0&#8243; z_index=&#8220;0&#8243; medium_width=&#8220;0&#8243; mobile_width=&#8220;0&#8243; width=&#8220;1\/3&#8243; uncode_shortcode_id=&#8220;171080&#8243;][vc_column_text text_lead=&#8220;small&#8220; uncode_shortcode_id=&#8220;186224&#8243;]<\/p>\n<p style=\"text-align: right;\">\u00a9 2022 Ecuphar GmbH. Alle Rechte vorbehalten.<br \/>\n<a href=\"https:\/\/dental.pet\/deutschland\/home\/impressum\/\">Impressum<\/a> | <a href=\"https:\/\/dental.pet\/deutschland\/fuer-tierhalter\/kontakt\">Kontaktieren Sie uns<\/a> | <a href=\"https:\/\/dental.pet\/de\/fuer-fachkreise\/datenschutzerklaerung\/\" target=\"_blank\" rel=\"noopener\">Datenschutzbestimmungen<\/a><\/p>\n<p>[\/vc_column_text][\/vc_column][\/vc_row]<\/p>\n<\/div>","protected":false},"excerpt":{"rendered":"<p>[vc_row row_height_percent=&#8220;100&#8243; override_padding=&#8220;yes&#8220; h_padding=&#8220;2&#8243; top_padding=&#8220;4&#8243; bottom_padding=&#8220;4&#8243; back_image=&#8220;4926&#8243; back_position=&#8220;center center&#8220; overlay_alpha=&#8220;50&#8243; gutter_size=&#8220;3&#8243; column_width_percent=&#8220;100&#8243; shift_y=&#8220;0&#8243; z_index=&#8220;0&#8243; medium_visibility=&#8220;yes&#8220; mobile_visibility=&#8220;yes&#8220; uncode_shortcode_id=&#8220;100186&#8243; back_size=&#8220;cover&#8220; row_height_pixel=&#8220;100vh&#8220;][vc_column column_width_percent=&#8220;100&#8243; [&hellip;]<\/p>\n","protected":false},"author":2,"featured_media":0,"parent":0,"menu_order":0,"comment_status":"closed","ping_status":"closed","template":"","meta":{"footnotes":""},"class_list":["post-77","page","type-page","status-publish","hentry"],"yoast_head":"<!-- This site is optimized with the Yoast SEO plugin v24.6 - https:\/\/yoast.com\/wordpress\/plugins\/seo\/ -->\n<title>Willkommen beim Portal f\u00fcr Tierzahnpflege | Dental.pet<\/title>\n<meta name=\"description\" content=\"Informationen &amp; Materialien rund um die Zahngesundheit &amp; Zahnpflege beim Tier (Hund &amp; Katze) | f\u00fcr Tier\u00e4rzt:innen &amp; Haustierbesitzer:innen\" \/>\n<meta name=\"robots\" content=\"index, follow, max-snippet:-1, max-image-preview:large, max-video-preview:-1\" \/>\n<link rel=\"canonical\" href=\"https:\/\/dental.pet\/de\/\" \/>\n<meta property=\"og:locale\" content=\"de_DE\" \/>\n<meta property=\"og:type\" content=\"article\" \/>\n<meta property=\"og:title\" content=\"Willkommen beim Portal f\u00fcr Tierzahnpflege | Dental.pet\" \/>\n<meta property=\"og:description\" content=\"Informationen &amp; Materialien rund um die Zahngesundheit &amp; Zahnpflege beim Tier (Hund &amp; Katze) | f\u00fcr Tier\u00e4rzt:innen &amp; Haustierbesitzer:innen\" \/>\n<meta property=\"og:url\" content=\"https:\/\/dental.pet\/de\/\" \/>\n<meta property=\"og:site_name\" content=\"Germany\" \/>\n<meta property=\"article:modified_time\" content=\"2023-01-31T16:00:30+00:00\" \/>\n<meta name=\"twitter:card\" content=\"summary_large_image\" \/>\n<meta name=\"twitter:label1\" content=\"Gesch\u00e4tzte Lesezeit\" \/>\n\t<meta name=\"twitter:data1\" content=\"2\u00a0Minuten\" \/>\n<script type=\"application\/ld+json\" class=\"yoast-schema-graph\">{\"@context\":\"https:\/\/schema.org\",\"@graph\":[{\"@type\":\"WebPage\",\"@id\":\"https:\/\/dental.pet\/de\/\",\"url\":\"https:\/\/dental.pet\/de\/\",\"name\":\"Willkommen beim Portal f\u00fcr Tierzahnpflege | Dental.pet\",\"isPartOf\":{\"@id\":\"https:\/\/dental.pet\/de\/#website\"},\"datePublished\":\"2021-10-10T16:40:35+00:00\",\"dateModified\":\"2023-01-31T16:00:30+00:00\",\"description\":\"Informationen & Materialien rund um die Zahngesundheit & Zahnpflege beim Tier (Hund & Katze) | f\u00fcr Tier\u00e4rzt:innen & Haustierbesitzer:innen\",\"breadcrumb\":{\"@id\":\"https:\/\/dental.pet\/de\/#breadcrumb\"},\"inLanguage\":\"de\",\"potentialAction\":[{\"@type\":\"ReadAction\",\"target\":[\"https:\/\/dental.pet\/de\/\"]}]},{\"@type\":\"BreadcrumbList\",\"@id\":\"https:\/\/dental.pet\/de\/#breadcrumb\",\"itemListElement\":[{\"@type\":\"ListItem\",\"position\":1,\"name\":\"Home\",\"item\":\"https:\/\/dental.pet\/de\/\"},{\"@type\":\"ListItem\",\"position\":2,\"name\":\"Dental Pet by Ecuphar \u2013 Startseite\"}]},{\"@type\":\"WebSite\",\"@id\":\"https:\/\/dental.pet\/de\/#website\",\"url\":\"https:\/\/dental.pet\/de\/\",\"name\":\"Germany\",\"description\":\"Willkommen beim Portal f\u00fcr Tierzahnpflege\",\"publisher\":{\"@id\":\"https:\/\/dental.pet\/de\/#organization\"},\"potentialAction\":[{\"@type\":\"SearchAction\",\"target\":{\"@type\":\"EntryPoint\",\"urlTemplate\":\"https:\/\/dental.pet\/de\/?s={search_term_string}\"},\"query-input\":{\"@type\":\"PropertyValueSpecification\",\"valueRequired\":true,\"valueName\":\"search_term_string\"}}],\"inLanguage\":\"de\"},{\"@type\":\"Organization\",\"@id\":\"https:\/\/dental.pet\/de\/#organization\",\"name\":\"Pet Dental\",\"url\":\"https:\/\/dental.pet\/de\/\",\"logo\":{\"@type\":\"ImageObject\",\"inLanguage\":\"de\",\"@id\":\"https:\/\/dental.pet\/de\/#\/schema\/logo\/image\/\",\"url\":\"https:\/\/dental.pet\/deutschland\/wp-content\/uploads\/sites\/10\/2021\/10\/pet-dental-logo-dark.png\",\"contentUrl\":\"https:\/\/dental.pet\/deutschland\/wp-content\/uploads\/sites\/10\/2021\/10\/pet-dental-logo-dark.png\",\"width\":328,\"height\":82,\"caption\":\"Pet Dental\"},\"image\":{\"@id\":\"https:\/\/dental.pet\/de\/#\/schema\/logo\/image\/\"}}]}<\/script>\n<!-- \/ Yoast SEO plugin. -->","yoast_head_json":{"title":"Willkommen beim Portal f\u00fcr Tierzahnpflege | Dental.pet","description":"Informationen & Materialien rund um die Zahngesundheit & Zahnpflege beim Tier (Hund & Katze) | f\u00fcr Tier\u00e4rzt:innen & Haustierbesitzer:innen","robots":{"index":"index","follow":"follow","max-snippet":"max-snippet:-1","max-image-preview":"max-image-preview:large","max-video-preview":"max-video-preview:-1"},"canonical":"https:\/\/dental.pet\/de\/","og_locale":"de_DE","og_type":"article","og_title":"Willkommen beim Portal f\u00fcr Tierzahnpflege | Dental.pet","og_description":"Informationen & Materialien rund um die Zahngesundheit & Zahnpflege beim Tier (Hund & Katze) | f\u00fcr Tier\u00e4rzt:innen & Haustierbesitzer:innen","og_url":"https:\/\/dental.pet\/de\/","og_site_name":"Germany","article_modified_time":"2023-01-31T16:00:30+00:00","twitter_card":"summary_large_image","twitter_misc":{"Gesch\u00e4tzte Lesezeit":"2\u00a0Minuten"},"schema":{"@context":"https:\/\/schema.org","@graph":[{"@type":"WebPage","@id":"https:\/\/dental.pet\/de\/","url":"https:\/\/dental.pet\/de\/","name":"Willkommen beim Portal f\u00fcr Tierzahnpflege | Dental.pet","isPartOf":{"@id":"https:\/\/dental.pet\/de\/#website"},"datePublished":"2021-10-10T16:40:35+00:00","dateModified":"2023-01-31T16:00:30+00:00","description":"Informationen & Materialien rund um die Zahngesundheit & Zahnpflege beim Tier (Hund & Katze) | f\u00fcr Tier\u00e4rzt:innen & Haustierbesitzer:innen","breadcrumb":{"@id":"https:\/\/dental.pet\/de\/#breadcrumb"},"inLanguage":"de","potentialAction":[{"@type":"ReadAction","target":["https:\/\/dental.pet\/de\/"]}]},{"@type":"BreadcrumbList","@id":"https:\/\/dental.pet\/de\/#breadcrumb","itemListElement":[{"@type":"ListItem","position":1,"name":"Home","item":"https:\/\/dental.pet\/de\/"},{"@type":"ListItem","position":2,"name":"Dental Pet by Ecuphar \u2013 Startseite"}]},{"@type":"WebSite","@id":"https:\/\/dental.pet\/de\/#website","url":"https:\/\/dental.pet\/de\/","name":"Germany","description":"Willkommen beim Portal f\u00fcr Tierzahnpflege","publisher":{"@id":"https:\/\/dental.pet\/de\/#organization"},"potentialAction":[{"@type":"SearchAction","target":{"@type":"EntryPoint","urlTemplate":"https:\/\/dental.pet\/de\/?s={search_term_string}"},"query-input":{"@type":"PropertyValueSpecification","valueRequired":true,"valueName":"search_term_string"}}],"inLanguage":"de"},{"@type":"Organization","@id":"https:\/\/dental.pet\/de\/#organization","name":"Pet Dental","url":"https:\/\/dental.pet\/de\/","logo":{"@type":"ImageObject","inLanguage":"de","@id":"https:\/\/dental.pet\/de\/#\/schema\/logo\/image\/","url":"https:\/\/dental.pet\/deutschland\/wp-content\/uploads\/sites\/10\/2021\/10\/pet-dental-logo-dark.png","contentUrl":"https:\/\/dental.pet\/deutschland\/wp-content\/uploads\/sites\/10\/2021\/10\/pet-dental-logo-dark.png","width":328,"height":82,"caption":"Pet Dental"},"image":{"@id":"https:\/\/dental.pet\/de\/#\/schema\/logo\/image\/"}}]}},"_links":{"self":[{"href":"https:\/\/dental.pet\/de\/wp-json\/wp\/v2\/pages\/77","targetHints":{"allow":["GET"]}}],"collection":[{"href":"https:\/\/dental.pet\/de\/wp-json\/wp\/v2\/pages"}],"about":[{"href":"https:\/\/dental.pet\/de\/wp-json\/wp\/v2\/types\/page"}],"author":[{"embeddable":true,"href":"https:\/\/dental.pet\/de\/wp-json\/wp\/v2\/users\/2"}],"replies":[{"embeddable":true,"href":"https:\/\/dental.pet\/de\/wp-json\/wp\/v2\/comments?post=77"}],"version-history":[{"count":5,"href":"https:\/\/dental.pet\/de\/wp-json\/wp\/v2\/pages\/77\/revisions"}],"predecessor-version":[{"id":7169,"href":"https:\/\/dental.pet\/de\/wp-json\/wp\/v2\/pages\/77\/revisions\/7169"}],"wp:attachment":[{"href":"https:\/\/dental.pet\/de\/wp-json\/wp\/v2\/media?parent=77"}],"curies":[{"name":"wp","href":"https:\/\/api.w.org\/{rel}","templated":true}]}}