{"id":3865,"date":"2021-12-21T22:46:39","date_gmt":"2021-12-21T22:46:39","guid":{"rendered":"https:\/\/dental.onpressidium.com\/?page_id=3865"},"modified":"2023-03-20T11:52:29","modified_gmt":"2023-03-20T11:52:29","slug":"parodontalerkrankungen-diagnostizieren","status":"publish","type":"page","link":"https:\/\/dental.pet\/de\/fuer-fachkreise\/parodontalerkrankungen-diagnostizieren\/","title":{"rendered":"Parodontalerkrankungen diagnostizieren"},"content":{"rendered":"<div class=\"wpb-content-wrapper\"><p>[vc_row row_height_percent=&#8220;65&#8243; override_padding=&#8220;yes&#8220; h_padding=&#8220;2&#8243; top_padding=&#8220;4&#8243; bottom_padding=&#8220;4&#8243; back_image=&#8220;2891&#8243; back_position=&#8220;center top&#8220; overlay_alpha=&#8220;50&#8243; gutter_size=&#8220;3&#8243; column_width_percent=&#8220;100&#8243; shift_y=&#8220;0&#8243; z_index=&#8220;0&#8243; medium_visibility=&#8220;yes&#8220; mobile_visibility=&#8220;yes&#8220; uncode_shortcode_id=&#8220;736020&#8243; back_size=&#8220;cover&#8220;][vc_column column_width_percent=&#8220;100&#8243; position_vertical=&#8220;middle&#8220; gutter_size=&#8220;3&#8243; overlay_alpha=&#8220;50&#8243; shift_x=&#8220;0&#8243; shift_y=&#8220;0&#8243; shift_y_down=&#8220;0&#8243; z_index=&#8220;0&#8243; medium_width=&#8220;0&#8243; mobile_width=&#8220;0&#8243; css_animation=&#8220;bottom-t-top&#8220; width=&#8220;3\/4&#8243; uncode_shortcode_id=&#8220;108884&#8243; el_class=&#8220;z-index1&#8243;][vc_custom_heading text_color=&#8220;color-197188&#8243; heading_semantic=&#8220;div&#8220; text_size=&#8220;fontsize-158891&#8243; text_weight=&#8220;700&#8243; uncode_shortcode_id=&#8220;458085&#8243; text_color_type=&#8220;uncode-palette&#8220;]Parodontal-<\/p>\n<p>erkrankungen<\/p>\n<p>diagnostizieren[\/vc_custom_heading][\/vc_column][vc_column width=&#8220;1\/4&#8243;][\/vc_column][\/vc_row][vc_row row_height_percent=&#8220;80&#8243; override_padding=&#8220;yes&#8220; h_padding=&#8220;0&#8243; top_padding=&#8220;0&#8243; bottom_padding=&#8220;4&#8243; back_image=&#8220;1420&#8243; back_repeat=&#8220;no-repeat&#8220; back_position=&#8220;left center&#8220; overlay_alpha=&#8220;50&#8243; gutter_size=&#8220;3&#8243; column_width_percent=&#8220;100&#8243; shift_y=&#8220;0&#8243; z_index=&#8220;0&#8243; desktop_visibility=&#8220;yes&#8220; uncode_shortcode_id=&#8220;562326&#8243; back_size=&#8220;cover&#8220;][vc_column column_width_percent=&#8220;100&#8243; position_vertical=&#8220;middle&#8220; gutter_size=&#8220;3&#8243; overlay_alpha=&#8220;50&#8243; shift_x=&#8220;0&#8243; shift_y=&#8220;0&#8243; shift_y_down=&#8220;0&#8243; z_index=&#8220;0&#8243; medium_width=&#8220;0&#8243; mobile_width=&#8220;0&#8243; css_animation=&#8220;bottom-t-top&#8220; width=&#8220;1\/1&#8243; uncode_shortcode_id=&#8220;108884&#8243; el_class=&#8220;z-index1&#8243;][vc_single_image media=&#8220;83&#8243; media_width_percent=&#8220;100&#8243; uncode_shortcode_id=&#8220;154290&#8243;][vc_row_inner row_inner_height_percent=&#8220;0&#8243; overlay_alpha=&#8220;50&#8243; gutter_size=&#8220;3&#8243; shift_y=&#8220;0&#8243; z_index=&#8220;0&#8243; limit_content=&#8220;&#8220; uncode_shortcode_id=&#8220;166828&#8243; css=&#8220;.vc_custom_1640126851103{padding-top: 50px !important;}&#8220;][vc_column_inner column_width_percent=&#8220;100&#8243; gutter_size=&#8220;2&#8243; overlay_alpha=&#8220;50&#8243; shift_x=&#8220;0&#8243; shift_y=&#8220;0&#8243; shift_y_down=&#8220;0&#8243; z_index=&#8220;0&#8243; medium_width=&#8220;0&#8243; mobile_width=&#8220;0&#8243; width=&#8220;1\/1&#8243; uncode_shortcode_id=&#8220;183672&#8243; css=&#8220;.vc_custom_1635343471515{padding-right: 36px !important;padding-left: 36px !important;}&#8220;][vc_custom_heading text_color=&#8220;color-197188&#8243; heading_semantic=&#8220;div&#8220; text_size=&#8220;fontsize-158891&#8243; text_weight=&#8220;700&#8243; uncode_shortcode_id=&#8220;196632&#8243; text_color_type=&#8220;uncode-palette&#8220;]Parodontal-<\/p>\n<p>erkrankungen<\/p>\n<p>diagnostizieren[\/vc_custom_heading][\/vc_column_inner][\/vc_row_inner][\/vc_column][\/vc_row][vc_row row_height_percent=&#8220;0&#8243; override_padding=&#8220;yes&#8220; h_padding=&#8220;2&#8243; top_padding=&#8220;5&#8243; bottom_padding=&#8220;5&#8243; overlay_alpha=&#8220;50&#8243; gutter_size=&#8220;3&#8243; column_width_percent=&#8220;100&#8243; shift_y=&#8220;0&#8243; z_index=&#8220;0&#8243; uncode_shortcode_id=&#8220;166404&#8243; el_id=&#8220;theDontMiss&#8220; el_class=&#8220;pc-section-shape-background-grey&#8220;][vc_column column_width_percent=&#8220;100&#8243; position_vertical=&#8220;middle&#8220; gutter_size=&#8220;3&#8243; overlay_alpha=&#8220;50&#8243; shift_x=&#8220;0&#8243; shift_y=&#8220;0&#8243; shift_y_down=&#8220;0&#8243; z_index=&#8220;0&#8243; medium_width=&#8220;0&#8243; mobile_width=&#8220;0&#8243; width=&#8220;1\/1&#8243; uncode_shortcode_id=&#8220;106869&#8243; css=&#8220;.vc_custom_1640127049466{padding-top: 0px !important;}&#8220; el_id=&#8220;accordion-dark&#8220;][vc_custom_heading text_color=&#8220;color-108211&#8243; heading_semantic=&#8220;div&#8220; text_size=&#8220;fontsize-158891&#8243; text_weight=&#8220;700&#8243; css_animation=&#8220;alpha-anim&#8220; mobile_visibility=&#8220;yes&#8220; uncode_shortcode_id=&#8220;117766&#8243; text_color_type=&#8220;uncode-palette&#8220; el_id=&#8220;miss&#8220;]Zahnerkrankungen sind leicht zu \u00fcbersehen[\/vc_custom_heading][vc_custom_heading text_color=&#8220;color-108211&#8243; heading_semantic=&#8220;div&#8220; text_size=&#8220;fontsize-186020&#8243; text_weight=&#8220;700&#8243; css_animation=&#8220;alpha-anim&#8220; desktop_visibility=&#8220;yes&#8220; medium_visibility=&#8220;yes&#8220; uncode_shortcode_id=&#8220;568344&#8243; text_color_type=&#8220;uncode-palette&#8220; el_id=&#8220;miss&#8220;]<span style=\"word-break: break-all;\">Zahnerkrankungen<\/span> sind leicht zu \u00fcbersehen[\/vc_custom_heading][vc_column_text uncode_shortcode_id=&#8220;168372&#8243;]Parodontalerkrankungen sind ein weit verbreitetes Problem. Die Mehrheit erwachsener Hunde und Katzen leidet unter Parodontalerkrankungen: Mehr als 9 von 10 adulten Hunden und 7 von 10 adulten Katzen sind betroffen.\u00b9[\/vc_column_text][vc_row_inner row_inner_height_percent=&#8220;0&#8243; overlay_alpha=&#8220;50&#8243; equal_height=&#8220;yes&#8220; gutter_size=&#8220;0&#8243; shift_y=&#8220;0&#8243; z_index=&#8220;0&#8243; limit_content=&#8220;&#8220; uncode_shortcode_id=&#8220;111127&#8243;][vc_column_inner column_width_percent=&#8220;100&#8243; gutter_size=&#8220;3&#8243; back_image=&#8220;3632&#8243; overlay_alpha=&#8220;50&#8243; shift_x=&#8220;0&#8243; shift_y=&#8220;0&#8243; shift_y_down=&#8220;0&#8243; z_index=&#8220;0&#8243; medium_width=&#8220;0&#8243; mobile_width=&#8220;0&#8243; width=&#8220;1\/2&#8243; uncode_shortcode_id=&#8220;144134&#8243;][vc_empty_space empty_h=&#8220;5&#8243;][\/vc_column_inner][vc_column_inner column_width_percent=&#8220;100&#8243; gutter_size=&#8220;3&#8243; back_color=&#8220;color-197188&#8243; overlay_alpha=&#8220;50&#8243; shift_x=&#8220;0&#8243; shift_y=&#8220;0&#8243; shift_y_down=&#8220;0&#8243; z_index=&#8220;0&#8243; medium_width=&#8220;0&#8243; mobile_width=&#8220;0&#8243; width=&#8220;1\/2&#8243; uncode_shortcode_id=&#8220;114241&#8243; back_color_type=&#8220;uncode-palette&#8220; el_class=&#8220;grid-column&#8220;][vc_icon icon_image=&#8220;604&#8243; media_size=&#8220;95&#8243; uncode_shortcode_id=&#8220;109294&#8243; title=&#8220;9 von 10&#8243; el_class=&#8220;icon-center&#8220;][\/vc_icon][vc_icon icon_image=&#8220;601&#8243; media_size=&#8220;80&#8243; uncode_shortcode_id=&#8220;582920&#8243; title=&#8220;7 von 10&#8243; el_class=&#8220;icon-center&#8220;][\/vc_icon][vc_column_text text_color=&#8220;color-108211&#8243; uncode_shortcode_id=&#8220;233911&#8243; text_color_type=&#8220;uncode-palette&#8220; el_class=&#8220;grid-column-last&#8220;]Eine klinische Untersuchung reicht nicht aus, um alle Zahnerkrankungen zu erkennen. F\u00fcr eine vollst\u00e4ndige Beurteilung der Z\u00e4hne sind eine Untersuchung unter Narkose und R\u00f6ntgenaufnahmen notwendig. Bei Z\u00e4hnen, die auf den ersten Blick gesund erscheinen, k\u00f6nnen im R\u00f6ntgenbild Ver\u00e4nderungen deutlich werden.<sup>2<\/sup>[\/vc_column_text][\/vc_column_inner][\/vc_row_inner][vc_custom_heading text_color=&#8220;color-108211&#8243; heading_semantic=&#8220;h5&#8243; text_size=&#8220;h4&#8243; uncode_shortcode_id=&#8220;106188&#8243; text_color_type=&#8220;uncode-palette&#8220; el_class=&#8220;head-bordered-dark&#8220;]Ergebnisse klinischer Studien[\/vc_custom_heading][vc_row_inner limit_content=&#8220;&#8220;][vc_column_inner width=&#8220;1\/2&#8243;][vc_column_text uncode_shortcode_id=&#8220;819126&#8243;]In einer Studie mit Hunden wiesen <strong>28 %<\/strong> der scheinbar gesunden Z\u00e4hne klinisch relevante R\u00f6ntgenbefunde auf.\u00b3 Eine \u00e4hnliche Studie bei Katzen ergab einen Anteil von <strong>42 %<\/strong>.\u2074[\/vc_column_text][vc_column_text uncode_shortcode_id=&#8220;135206&#8243;]In einer weiteren Studie mit 114 Hunden, die bei der Untersuchung in Vollnarkose eine Parodontalerkrankung aufwiesen, konnte bei der klinischen Untersuchung im Wachzustand nur bei 94 Hunden eine Entz\u00fcndung festgestellt werden.<\/p>\n<p>Das macht deutlich, <strong>wie schnell man eine Parodontalerkrankung \u00fcbersehen kann<\/strong>.\u2075[\/vc_column_text][vc_button button_color=&#8220;color-197188&#8243; border_width=&#8220;0&#8243; button_color_type=&#8220;uncode-palette&#8220; uncode_shortcode_id=&#8220;284861&#8243; el_class=&#8220;button-light btn-bigger&#8220; link=&#8220;url:%2Fde%2Ffuer-fachkreise%2Fzeit-ueber-zahnpflege-zu-sprechen|title:PLAQTIV%20for%20Veterinary&#8220;]Zeit \u00fcber Zahnpflege zu sprechen? &gt;[\/vc_button][\/vc_column_inner][vc_column_inner column_width_percent=&#8220;100&#8243; gutter_size=&#8220;3&#8243; style=&#8220;dark&#8220; back_color=&#8220;color-108211&#8243; overlay_alpha=&#8220;50&#8243; shift_x=&#8220;0&#8243; shift_y=&#8220;0&#8243; shift_y_down=&#8220;0&#8243; z_index=&#8220;0&#8243; medium_width=&#8220;0&#8243; mobile_width=&#8220;0&#8243; width=&#8220;1\/2&#8243; uncode_shortcode_id=&#8220;140344&#8243; el_class=&#8220;pie-charts&#8220; back_color_type=&#8220;uncode-palette&#8220;][vc_single_image media=&#8220;5684&#8243; media_width_percent=&#8220;100&#8243; uncode_shortcode_id=&#8220;122935&#8243;][\/vc_column_inner][\/vc_row_inner][\/vc_column][\/vc_row][vc_row row_height_percent=&#8220;0&#8243; override_padding=&#8220;yes&#8220; h_padding=&#8220;2&#8243; top_padding=&#8220;3&#8243; bottom_padding=&#8220;1&#8243; back_color=&#8220;color-160397&#8243; overlay_alpha=&#8220;50&#8243; gutter_size=&#8220;3&#8243; column_width_percent=&#8220;100&#8243; shift_y=&#8220;0&#8243; z_index=&#8220;0&#8243; uncode_shortcode_id=&#8220;169673&#8243; back_color_type=&#8220;uncode-palette&#8220; el_id=&#8220;foot-owner&#8220; el_class=&#8220;site-footer&#8220;][vc_column column_width_percent=&#8220;100&#8243; gutter_size=&#8220;3&#8243; style=&#8220;dark&#8220; overlay_alpha=&#8220;50&#8243; shift_x=&#8220;0&#8243; shift_y=&#8220;0&#8243; shift_y_down=&#8220;0&#8243; z_index=&#8220;0&#8243; medium_width=&#8220;0&#8243; mobile_width=&#8220;0&#8243; width=&#8220;1\/1&#8243; uncode_shortcode_id=&#8220;204189&#8243;][vc_column_text text_lead=&#8220;small&#8220; uncode_shortcode_id=&#8220;113188&#8243;]<strong>Literaturhinweise<\/strong><\/p>\n<p class=\"p1\">1. Royal Veterinary College. Available at: <a href=\"https:\/\/www.rvc.ac.uk\/review\/Dentistry\/Shared_Media\/pdfs\/perio_print.pdf\">https:\/\/www.rvc.ac.uk\/review\/Dentistry\/Shared_Media\/pdfs\/perio_print.pdf<\/a> [Accessed December 2021].<\/p>\n<p class=\"p1\">2. Bellows J et al. 2019 AAHA Dental Care Guidelines for Dogs and Cats. J Am Anim Hosp Assoc 2019;55(2):49\u201369.<\/p>\n<p class=\"p1\">3. Verstraete FJ et al. Diagnostic value of full-mouth radiography in dogs. Am J Vet Res 1998;59(6):686\u2013691.<\/p>\n<p class=\"p1\">4. Verstraete FJ et al. Diagnostic value of full-mouth radiography in cats. Am J Vet Res 1998;59(6):692\u2013695. 5. Queck KE et al. Oral-fluid thiol-detection test identifies underling active periodontal disease not detected by the visual awake examination. J Am Anim Hosp Assoc 2018;54(3):132\u2013137.<\/p>\n<p>[\/vc_column_text][\/vc_column][\/vc_row]<\/p>\n<\/div>","protected":false},"excerpt":{"rendered":"<p>[vc_row row_height_percent=&#8220;65&#8243; override_padding=&#8220;yes&#8220; h_padding=&#8220;2&#8243; top_padding=&#8220;4&#8243; bottom_padding=&#8220;4&#8243; back_image=&#8220;2891&#8243; back_position=&#8220;center top&#8220; overlay_alpha=&#8220;50&#8243; gutter_size=&#8220;3&#8243; column_width_percent=&#8220;100&#8243; shift_y=&#8220;0&#8243; z_index=&#8220;0&#8243; medium_visibility=&#8220;yes&#8220; mobile_visibility=&#8220;yes&#8220; uncode_shortcode_id=&#8220;736020&#8243; back_size=&#8220;cover&#8220;][vc_column column_width_percent=&#8220;100&#8243; position_vertical=&#8220;middle&#8220; [&hellip;]<\/p>\n","protected":false},"author":2,"featured_media":0,"parent":3809,"menu_order":0,"comment_status":"closed","ping_status":"closed","template":"","meta":{"footnotes":""},"class_list":["post-3865","page","type-page","status-publish","hentry"],"yoast_head":"<!-- This site is optimized with the Yoast SEO plugin v24.6 - https:\/\/yoast.com\/wordpress\/plugins\/seo\/ -->\n<title>So lassen sich Parodontalerkrankungen diagnostizieren<\/title>\n<meta name=\"description\" content=\"Zahnerkrankungen sind leicht zu \u00fcbersehen. So k\u00f6nnen Sie Parodontalerkrankungen zuverl\u00e4ssig diagnostizieren &amp; Ma\u00dfnahmen ergreifen.\" \/>\n<meta name=\"robots\" content=\"index, follow, max-snippet:-1, max-image-preview:large, max-video-preview:-1\" \/>\n<link rel=\"canonical\" href=\"https:\/\/dental.pet\/de\/fuer-fachkreise\/parodontalerkrankungen-diagnostizieren\/\" \/>\n<meta property=\"og:locale\" content=\"de_DE\" \/>\n<meta property=\"og:type\" content=\"article\" \/>\n<meta property=\"og:title\" content=\"So lassen sich Parodontalerkrankungen diagnostizieren\" \/>\n<meta property=\"og:description\" content=\"Zahnerkrankungen sind leicht zu \u00fcbersehen. So k\u00f6nnen Sie Parodontalerkrankungen zuverl\u00e4ssig diagnostizieren &amp; Ma\u00dfnahmen ergreifen.\" \/>\n<meta property=\"og:url\" content=\"https:\/\/dental.pet\/de\/fuer-fachkreise\/parodontalerkrankungen-diagnostizieren\/\" \/>\n<meta property=\"og:site_name\" content=\"Germany\" \/>\n<meta property=\"article:modified_time\" content=\"2023-03-20T11:52:29+00:00\" \/>\n<meta name=\"twitter:card\" content=\"summary_large_image\" \/>\n<meta name=\"twitter:label1\" content=\"Gesch\u00e4tzte Lesezeit\" \/>\n\t<meta name=\"twitter:data1\" content=\"3\u00a0Minuten\" \/>\n<script type=\"application\/ld+json\" class=\"yoast-schema-graph\">{\"@context\":\"https:\/\/schema.org\",\"@graph\":[{\"@type\":\"WebPage\",\"@id\":\"https:\/\/dental.pet\/de\/fuer-fachkreise\/parodontalerkrankungen-diagnostizieren\/\",\"url\":\"https:\/\/dental.pet\/de\/fuer-fachkreise\/parodontalerkrankungen-diagnostizieren\/\",\"name\":\"So lassen sich Parodontalerkrankungen diagnostizieren\",\"isPartOf\":{\"@id\":\"https:\/\/dental.pet\/de\/#website\"},\"datePublished\":\"2021-12-21T22:46:39+00:00\",\"dateModified\":\"2023-03-20T11:52:29+00:00\",\"description\":\"Zahnerkrankungen sind leicht zu \u00fcbersehen. So k\u00f6nnen Sie Parodontalerkrankungen zuverl\u00e4ssig diagnostizieren & Ma\u00dfnahmen ergreifen.\",\"breadcrumb\":{\"@id\":\"https:\/\/dental.pet\/de\/fuer-fachkreise\/parodontalerkrankungen-diagnostizieren\/#breadcrumb\"},\"inLanguage\":\"de\",\"potentialAction\":[{\"@type\":\"ReadAction\",\"target\":[\"https:\/\/dental.pet\/de\/fuer-fachkreise\/parodontalerkrankungen-diagnostizieren\/\"]}]},{\"@type\":\"BreadcrumbList\",\"@id\":\"https:\/\/dental.pet\/de\/fuer-fachkreise\/parodontalerkrankungen-diagnostizieren\/#breadcrumb\",\"itemListElement\":[{\"@type\":\"ListItem\",\"position\":1,\"name\":\"Home\",\"item\":\"https:\/\/dental.pet\/de\/\"},{\"@type\":\"ListItem\",\"position\":2,\"name\":\"Startseite f\u00fcr Tier\u00e4rzte\",\"item\":\"https:\/\/dental.pet\/de\/fuer-fachkreise\/\"},{\"@type\":\"ListItem\",\"position\":3,\"name\":\"Parodontalerkrankungen diagnostizieren\"}]},{\"@type\":\"WebSite\",\"@id\":\"https:\/\/dental.pet\/de\/#website\",\"url\":\"https:\/\/dental.pet\/de\/\",\"name\":\"Germany\",\"description\":\"Willkommen beim Portal f\u00fcr Tierzahnpflege\",\"publisher\":{\"@id\":\"https:\/\/dental.pet\/de\/#organization\"},\"potentialAction\":[{\"@type\":\"SearchAction\",\"target\":{\"@type\":\"EntryPoint\",\"urlTemplate\":\"https:\/\/dental.pet\/de\/?s={search_term_string}\"},\"query-input\":{\"@type\":\"PropertyValueSpecification\",\"valueRequired\":true,\"valueName\":\"search_term_string\"}}],\"inLanguage\":\"de\"},{\"@type\":\"Organization\",\"@id\":\"https:\/\/dental.pet\/de\/#organization\",\"name\":\"Pet Dental\",\"url\":\"https:\/\/dental.pet\/de\/\",\"logo\":{\"@type\":\"ImageObject\",\"inLanguage\":\"de\",\"@id\":\"https:\/\/dental.pet\/de\/#\/schema\/logo\/image\/\",\"url\":\"https:\/\/dental.pet\/deutschland\/wp-content\/uploads\/sites\/10\/2021\/10\/pet-dental-logo-dark.png\",\"contentUrl\":\"https:\/\/dental.pet\/deutschland\/wp-content\/uploads\/sites\/10\/2021\/10\/pet-dental-logo-dark.png\",\"width\":328,\"height\":82,\"caption\":\"Pet Dental\"},\"image\":{\"@id\":\"https:\/\/dental.pet\/de\/#\/schema\/logo\/image\/\"}}]}<\/script>\n<!-- \/ Yoast SEO plugin. -->","yoast_head_json":{"title":"So lassen sich Parodontalerkrankungen diagnostizieren","description":"Zahnerkrankungen sind leicht zu \u00fcbersehen. So k\u00f6nnen Sie Parodontalerkrankungen zuverl\u00e4ssig diagnostizieren & Ma\u00dfnahmen ergreifen.","robots":{"index":"index","follow":"follow","max-snippet":"max-snippet:-1","max-image-preview":"max-image-preview:large","max-video-preview":"max-video-preview:-1"},"canonical":"https:\/\/dental.pet\/de\/fuer-fachkreise\/parodontalerkrankungen-diagnostizieren\/","og_locale":"de_DE","og_type":"article","og_title":"So lassen sich Parodontalerkrankungen diagnostizieren","og_description":"Zahnerkrankungen sind leicht zu \u00fcbersehen. So k\u00f6nnen Sie Parodontalerkrankungen zuverl\u00e4ssig diagnostizieren & Ma\u00dfnahmen ergreifen.","og_url":"https:\/\/dental.pet\/de\/fuer-fachkreise\/parodontalerkrankungen-diagnostizieren\/","og_site_name":"Germany","article_modified_time":"2023-03-20T11:52:29+00:00","twitter_card":"summary_large_image","twitter_misc":{"Gesch\u00e4tzte Lesezeit":"3\u00a0Minuten"},"schema":{"@context":"https:\/\/schema.org","@graph":[{"@type":"WebPage","@id":"https:\/\/dental.pet\/de\/fuer-fachkreise\/parodontalerkrankungen-diagnostizieren\/","url":"https:\/\/dental.pet\/de\/fuer-fachkreise\/parodontalerkrankungen-diagnostizieren\/","name":"So lassen sich Parodontalerkrankungen diagnostizieren","isPartOf":{"@id":"https:\/\/dental.pet\/de\/#website"},"datePublished":"2021-12-21T22:46:39+00:00","dateModified":"2023-03-20T11:52:29+00:00","description":"Zahnerkrankungen sind leicht zu \u00fcbersehen. So k\u00f6nnen Sie Parodontalerkrankungen zuverl\u00e4ssig diagnostizieren & Ma\u00dfnahmen ergreifen.","breadcrumb":{"@id":"https:\/\/dental.pet\/de\/fuer-fachkreise\/parodontalerkrankungen-diagnostizieren\/#breadcrumb"},"inLanguage":"de","potentialAction":[{"@type":"ReadAction","target":["https:\/\/dental.pet\/de\/fuer-fachkreise\/parodontalerkrankungen-diagnostizieren\/"]}]},{"@type":"BreadcrumbList","@id":"https:\/\/dental.pet\/de\/fuer-fachkreise\/parodontalerkrankungen-diagnostizieren\/#breadcrumb","itemListElement":[{"@type":"ListItem","position":1,"name":"Home","item":"https:\/\/dental.pet\/de\/"},{"@type":"ListItem","position":2,"name":"Startseite f\u00fcr Tier\u00e4rzte","item":"https:\/\/dental.pet\/de\/fuer-fachkreise\/"},{"@type":"ListItem","position":3,"name":"Parodontalerkrankungen diagnostizieren"}]},{"@type":"WebSite","@id":"https:\/\/dental.pet\/de\/#website","url":"https:\/\/dental.pet\/de\/","name":"Germany","description":"Willkommen beim Portal f\u00fcr Tierzahnpflege","publisher":{"@id":"https:\/\/dental.pet\/de\/#organization"},"potentialAction":[{"@type":"SearchAction","target":{"@type":"EntryPoint","urlTemplate":"https:\/\/dental.pet\/de\/?s={search_term_string}"},"query-input":{"@type":"PropertyValueSpecification","valueRequired":true,"valueName":"search_term_string"}}],"inLanguage":"de"},{"@type":"Organization","@id":"https:\/\/dental.pet\/de\/#organization","name":"Pet Dental","url":"https:\/\/dental.pet\/de\/","logo":{"@type":"ImageObject","inLanguage":"de","@id":"https:\/\/dental.pet\/de\/#\/schema\/logo\/image\/","url":"https:\/\/dental.pet\/deutschland\/wp-content\/uploads\/sites\/10\/2021\/10\/pet-dental-logo-dark.png","contentUrl":"https:\/\/dental.pet\/deutschland\/wp-content\/uploads\/sites\/10\/2021\/10\/pet-dental-logo-dark.png","width":328,"height":82,"caption":"Pet Dental"},"image":{"@id":"https:\/\/dental.pet\/de\/#\/schema\/logo\/image\/"}}]}},"_links":{"self":[{"href":"https:\/\/dental.pet\/de\/wp-json\/wp\/v2\/pages\/3865","targetHints":{"allow":["GET"]}}],"collection":[{"href":"https:\/\/dental.pet\/de\/wp-json\/wp\/v2\/pages"}],"about":[{"href":"https:\/\/dental.pet\/de\/wp-json\/wp\/v2\/types\/page"}],"author":[{"embeddable":true,"href":"https:\/\/dental.pet\/de\/wp-json\/wp\/v2\/users\/2"}],"replies":[{"embeddable":true,"href":"https:\/\/dental.pet\/de\/wp-json\/wp\/v2\/comments?post=3865"}],"version-history":[{"count":8,"href":"https:\/\/dental.pet\/de\/wp-json\/wp\/v2\/pages\/3865\/revisions"}],"predecessor-version":[{"id":7199,"href":"https:\/\/dental.pet\/de\/wp-json\/wp\/v2\/pages\/3865\/revisions\/7199"}],"up":[{"embeddable":true,"href":"https:\/\/dental.pet\/de\/wp-json\/wp\/v2\/pages\/3809"}],"wp:attachment":[{"href":"https:\/\/dental.pet\/de\/wp-json\/wp\/v2\/media?parent=3865"}],"curies":[{"name":"wp","href":"https:\/\/api.w.org\/{rel}","templated":true}]}}