{"id":3815,"date":"2021-12-21T22:36:02","date_gmt":"2021-12-21T22:36:02","guid":{"rendered":"https:\/\/dental.onpressidium.com\/?page_id=3815"},"modified":"2022-09-15T08:51:28","modified_gmt":"2022-09-15T08:51:28","slug":"was-ist-das-vohc","status":"publish","type":"page","link":"https:\/\/dental.pet\/de\/fuer-fachkreise\/was-ist-das-vohc\/","title":{"rendered":"Was ist das VOHC?"},"content":{"rendered":"<div class=\"wpb-content-wrapper\"><p>[vc_row row_height_percent=&#8220;65&#8243; override_padding=&#8220;yes&#8220; h_padding=&#8220;2&#8243; top_padding=&#8220;4&#8243; bottom_padding=&#8220;4&#8243; back_image=&#8220;3767&#8243; overlay_alpha=&#8220;50&#8243; gutter_size=&#8220;3&#8243; column_width_percent=&#8220;100&#8243; shift_y=&#8220;0&#8243; z_index=&#8220;0&#8243; medium_visibility=&#8220;yes&#8220; mobile_visibility=&#8220;yes&#8220; uncode_shortcode_id=&#8220;176971&#8243;][vc_column column_width_percent=&#8220;100&#8243; position_vertical=&#8220;middle&#8220; gutter_size=&#8220;3&#8243; overlay_alpha=&#8220;50&#8243; shift_x=&#8220;0&#8243; shift_y=&#8220;0&#8243; shift_y_down=&#8220;0&#8243; z_index=&#8220;0&#8243; medium_width=&#8220;0&#8243; mobile_width=&#8220;0&#8243; css_animation=&#8220;bottom-t-top&#8220; width=&#8220;3\/4&#8243; uncode_shortcode_id=&#8220;108884&#8243; el_class=&#8220;z-index1&#8243;][vc_custom_heading text_color=&#8220;color-197188&#8243; heading_semantic=&#8220;div&#8220; text_size=&#8220;fontsize-158891&#8243; text_weight=&#8220;700&#8243; uncode_shortcode_id=&#8220;194577&#8243; text_color_type=&#8220;uncode-palette&#8220;]Was ist<\/p>\n<p>das VOHC?[\/vc_custom_heading][\/vc_column][vc_column width=&#8220;1\/4&#8243;][\/vc_column][\/vc_row][vc_row row_height_percent=&#8220;0&#8243; override_padding=&#8220;yes&#8220; h_padding=&#8220;2&#8243; top_padding=&#8220;1&#8243; bottom_padding=&#8220;1&#8243; overlay_alpha=&#8220;50&#8243; gutter_size=&#8220;3&#8243; column_width_percent=&#8220;100&#8243; shift_y=&#8220;0&#8243; z_index=&#8220;0&#8243; uncode_shortcode_id=&#8220;116346&#8243; el_class=&#8220;pc-section-shape-background-grey&#8220; css=&#8220;.vc_custom_1640133987865{padding-top: 20px !important;padding-bottom: 20px !important;}&#8220;][vc_column width=&#8220;1\/1&#8243;][vc_custom_heading uncode_shortcode_id=&#8220;192085&#8243;][\/vc_custom_heading][\/vc_column][\/vc_row][vc_row row_height_percent=&#8220;80&#8243; override_padding=&#8220;yes&#8220; h_padding=&#8220;0&#8243; top_padding=&#8220;0&#8243; bottom_padding=&#8220;4&#8243; back_image=&#8220;1420&#8243; back_repeat=&#8220;no-repeat&#8220; back_position=&#8220;left center&#8220; overlay_alpha=&#8220;50&#8243; gutter_size=&#8220;3&#8243; column_width_percent=&#8220;100&#8243; shift_y=&#8220;0&#8243; z_index=&#8220;0&#8243; desktop_visibility=&#8220;yes&#8220; uncode_shortcode_id=&#8220;562326&#8243; back_size=&#8220;cover&#8220;][vc_column column_width_percent=&#8220;100&#8243; position_vertical=&#8220;middle&#8220; gutter_size=&#8220;3&#8243; overlay_alpha=&#8220;50&#8243; shift_x=&#8220;0&#8243; shift_y=&#8220;0&#8243; shift_y_down=&#8220;0&#8243; z_index=&#8220;0&#8243; medium_width=&#8220;0&#8243; mobile_width=&#8220;0&#8243; css_animation=&#8220;bottom-t-top&#8220; width=&#8220;1\/1&#8243; uncode_shortcode_id=&#8220;108884&#8243; el_class=&#8220;z-index1&#8243;][vc_single_image media=&#8220;3770&#8243; media_width_percent=&#8220;100&#8243; uncode_shortcode_id=&#8220;189623&#8243;][vc_row_inner row_inner_height_percent=&#8220;0&#8243; overlay_alpha=&#8220;50&#8243; gutter_size=&#8220;3&#8243; shift_y=&#8220;0&#8243; z_index=&#8220;0&#8243; limit_content=&#8220;&#8220; uncode_shortcode_id=&#8220;653312&#8243; css=&#8220;.vc_custom_1640133389850{padding-top: 50px !important;}&#8220;][vc_column_inner column_width_percent=&#8220;100&#8243; gutter_size=&#8220;2&#8243; overlay_alpha=&#8220;50&#8243; shift_x=&#8220;0&#8243; shift_y=&#8220;0&#8243; shift_y_down=&#8220;0&#8243; z_index=&#8220;0&#8243; medium_width=&#8220;0&#8243; mobile_width=&#8220;0&#8243; width=&#8220;1\/1&#8243; uncode_shortcode_id=&#8220;183672&#8243; css=&#8220;.vc_custom_1635343471515{padding-right: 36px !important;padding-left: 36px !important;}&#8220;][vc_custom_heading text_color=&#8220;color-197188&#8243; heading_semantic=&#8220;div&#8220; text_size=&#8220;fontsize-158891&#8243; text_weight=&#8220;700&#8243; uncode_shortcode_id=&#8220;156942&#8243; text_color_type=&#8220;uncode-palette&#8220;]Was ist<\/p>\n<p>das VOHC?[\/vc_custom_heading][\/vc_column_inner][\/vc_row_inner][\/vc_column][\/vc_row][vc_row row_height_percent=&#8220;0&#8243; override_padding=&#8220;yes&#8220; h_padding=&#8220;2&#8243; top_padding=&#8220;5&#8243; bottom_padding=&#8220;5&#8243; overlay_alpha=&#8220;50&#8243; gutter_size=&#8220;3&#8243; column_width_percent=&#8220;100&#8243; shift_y=&#8220;0&#8243; z_index=&#8220;0&#8243; uncode_shortcode_id=&#8220;184700&#8243; el_class=&#8220;bg-gradient&#8220; el_id=&#8220;theStart&#8220;][vc_column column_width_percent=&#8220;100&#8243; gutter_size=&#8220;2&#8243; overlay_alpha=&#8220;50&#8243; shift_x=&#8220;0&#8243; shift_y=&#8220;0&#8243; shift_y_down=&#8220;0&#8243; z_index=&#8220;0&#8243; medium_width=&#8220;0&#8243; mobile_width=&#8220;0&#8243; width=&#8220;1\/1&#8243; uncode_shortcode_id=&#8220;296098&#8243; el_id=&#8220;accordion-light&#8220;][vc_row_inner limit_content=&#8220;&#8220;][vc_column_inner column_width_percent=&#8220;100&#8243; gutter_size=&#8220;3&#8243; style=&#8220;dark&#8220; overlay_alpha=&#8220;50&#8243; shift_x=&#8220;0&#8243; shift_y=&#8220;0&#8243; shift_y_down=&#8220;0&#8243; z_index=&#8220;0&#8243; medium_width=&#8220;0&#8243; mobile_width=&#8220;0&#8243; width=&#8220;1\/2&#8243; uncode_shortcode_id=&#8220;969177&#8243;][vc_custom_heading text_color=&#8220;color-197188&#8243; heading_semantic=&#8220;h4&#8243; text_size=&#8220;h4&#8243; uncode_shortcode_id=&#8220;104181&#8243; text_color_type=&#8220;uncode-palette&#8220;]Das VOHC (Veterinary Oral Health Council) wurde in den 1990er Jahren gegr\u00fcndet, um ein Pr\u00fcfungs- und Anerkennungssystem f\u00fcr veterin\u00e4rmedizinische Dentalprodukte zu entwickeln.<sup>1<\/sup>[\/vc_custom_heading][vc_column_text uncode_shortcode_id=&#8220;688123&#8243; el_id=&#8220;start&#8220;]Das Gremium besteht aus neun auf Zahnheilkunde spezialisierten Tier\u00e4rzt:innen sowie Wissenschaftler:innen mit Erfahrung im Entwickeln von Studienprotokollen und mit Studiendesign. Gemeinsam legen sie <strong>standardisierte Pr\u00fcfrichtlinien<\/strong> zur Bewertung der Wirksamkeit von Zahnpflegeprodukten fest.<sup>1,2<\/sup>[\/vc_column_text][vc_custom_heading text_color=&#8220;color-xsdn&#8220; heading_semantic=&#8220;h4&#8243; text_size=&#8220;h4&#8243; uncode_shortcode_id=&#8220;107585&#8243; text_color_type=&#8220;uncode-palette&#8220; el_class=&#8220;head-bordered&#8220;]Wie arbeitet das VOHC?<sup>3<\/sup>[\/vc_custom_heading][vc_custom_heading text_color=&#8220;color-197188&#8243; heading_semantic=&#8220;h4&#8243; text_size=&#8220;h4&#8243; uncode_shortcode_id=&#8220;152248&#8243; text_color_type=&#8220;uncode-palette&#8220;]Kriterien f\u00fcr Studien[\/vc_custom_heading][uncode_list uncode_shortcode_id=&#8220;130137&#8243; el_class=&#8220;marker-list-green&#8220;]<\/p>\n<ul>\n<li>F\u00fcr jedes getestete Produkt sind mindestens zwei separate Studien erforderlich.<\/li>\n<li>Die Studienpopulation der Tiere muss in allen Studien \u00e4hnlich sein \u2013 vor allem in Bezug auf Gr\u00f6\u00dfe, Kopfform und Alter.<\/li>\n<li>Die Tiere m\u00fcssen w\u00e4hrend der Studie kontrolliert gef\u00fcttert werden.<\/li>\n<li>An Tag 0 der Studie sollte eine professionelle Zahnreinigung durchgef\u00fchrt werden (clean mouth model).<\/li>\n<li>Studien zu Plaque m\u00fcssen mindestens \u00fcber 7 Tage laufen; geht es um Zahnstein, betr\u00e4gt die Mindestdauer 21 Tage.<\/li>\n<\/ul>\n<p>[\/uncode_list][vc_custom_heading text_color=&#8220;color-197188&#8243; heading_semantic=&#8220;h4&#8243; text_size=&#8220;h4&#8243; uncode_shortcode_id=&#8220;198619&#8243; text_color_type=&#8220;uncode-palette&#8220;]Kriterien f\u00fcr die Wirksamkeit[\/vc_custom_heading][uncode_list uncode_shortcode_id=&#8220;111702&#8243; el_class=&#8220;marker-list-green&#8220;]Zur Auswertung der Studienergebnisse werden s\u00e4mtliche Z\u00e4hne aller Probanden beurteilt (mouth mean score). Um eine VOHC-Anerkennung zu erhalten, m\u00fcssen mindestens folgende Kriterien erf\u00fcllt sein:<\/p>\n<ul>\n<li><strong>15 % Reduktion<\/strong> des Plaque- oder Zahnstein-Scores bei der Testgruppe im Vergleich zur negativen Kontrollgruppe in jeder der beiden Studien<\/li>\n<li><strong>20 % Reduktion<\/strong> f\u00fcr Produkte zur antimikrobiellen Plaque-Kontrolle<\/li>\n<li><strong>Durchschnittliche Plaque-Reduktion um \u2265 20 %<\/strong> \u00fcber beide Studien<\/li>\n<li><strong>Statistisch signifikanter Unterschied<\/strong> (p&lt;0.05) in jeder Studie<\/li>\n<\/ul>\n<p>[\/uncode_list][\/vc_column_inner][\/vc_row_inner][\/vc_column][\/vc_row][vc_row row_height_percent=&#8220;0&#8243; override_padding=&#8220;yes&#8220; h_padding=&#8220;2&#8243; top_padding=&#8220;4&#8243; bottom_padding=&#8220;5&#8243; overlay_alpha=&#8220;50&#8243; gutter_size=&#8220;3&#8243; column_width_percent=&#8220;100&#8243; shift_y=&#8220;0&#8243; z_index=&#8220;0&#8243; uncode_shortcode_id=&#8220;543818&#8243; el_id=&#8220;theJourney&#8220; el_class=&#8220;pc-section-shape-background-grey-inverse&#8220;][vc_column column_width_percent=&#8220;100&#8243; position_vertical=&#8220;middle&#8220; gutter_size=&#8220;3&#8243; overlay_alpha=&#8220;50&#8243; shift_x=&#8220;0&#8243; shift_y=&#8220;0&#8243; shift_y_down=&#8220;0&#8243; z_index=&#8220;0&#8243; medium_width=&#8220;0&#8243; mobile_width=&#8220;0&#8243; width=&#8220;1\/1&#8243; uncode_shortcode_id=&#8220;109194&#8243; css=&#8220;.vc_custom_1640135060175{padding-top: 30px !important;}&#8220; el_id=&#8220;accordion-dark&#8220;][vc_custom_heading uncode_shortcode_id=&#8220;167041&#8243;]Warum ist das VOHC wichtig?[\/vc_custom_heading][vc_row_inner row_inner_height_percent=&#8220;0&#8243; back_color=&#8220;color-197188&#8243; overlay_alpha=&#8220;50&#8243; gutter_size=&#8220;3&#8243; shift_y=&#8220;0&#8243; z_index=&#8220;0&#8243; limit_content=&#8220;&#8220; uncode_shortcode_id=&#8220;166913&#8243; back_color_type=&#8220;uncode-palette&#8220; css=&#8220;.vc_custom_1640135154021{border-right-width: 30px !important;padding-top: 50px !important;padding-bottom: 50px !important;padding-left: 30px !important;}&#8220;][vc_column_inner width=&#8220;1\/2&#8243;][vc_icon position=&#8220;left&#8220; icon_image=&#8220;3934&#8243; media_size=&#8220;80&#8243; heading_semantic=&#8220;div&#8220; text_size=&#8220;h5&#8243; text_weight=&#8220;700&#8243; uncode_shortcode_id=&#8220;182392&#8243; title=&#8220;1. Mehr Forschung&#8220; el_class=&#8220;vohc-box&#8220;]Verbessert den Forschungsstand auf dem Gebiet der Plaque- und Zahnsteinkontrolle bei Hunden und Katzen<\/p>\n<p>[\/vc_icon][\/vc_column_inner][vc_column_inner width=&#8220;1\/2&#8243;][vc_icon position=&#8220;left&#8220; icon_image=&#8220;3932&#8243; media_size=&#8220;80&#8243; heading_semantic=&#8220;div&#8220; text_size=&#8220;h5&#8243; text_weight=&#8220;700&#8243; uncode_shortcode_id=&#8220;141845&#8243; title=&#8220;2. Vertrauen und Glaubw\u00fcrdigkeit&#8220; el_class=&#8220;vohc-box&#8220;]Gew\u00e4hrleistet valide Forschung mit standardisierten Pr\u00fcfpl\u00e4nen und statistisch signifikanten Vorteilen gegen\u00fcber der Negativkontrolle[\/vc_icon][\/vc_column_inner][\/vc_row_inner][vc_empty_space empty_h=&#8220;2&#8243;][vc_custom_heading text_color=&#8220;color-197188&#8243; heading_semantic=&#8220;h4&#8243; text_size=&#8220;h4&#8243; uncode_shortcode_id=&#8220;902766&#8243; text_color_type=&#8220;uncode-palette&#8220; el_class=&#8220;head-bordered-dark&#8220;]Was bedeutet die VOHC-Anerkennung f\u00fcr Zahnpflegeprodukte?[\/vc_custom_heading][vc_icon position=&#8220;left&#8220; icon_image=&#8220;4372&#8243; media_size=&#8220;200&#8243; heading_semantic=&#8220;div&#8220; text_size=&#8220;h5&#8243; uncode_shortcode_id=&#8220;210790&#8243; el_class=&#8220;icon-box-mobile&#8220; link=&#8220;url:http%3A%2F%2Fwww.vohc.org|target:_blank&#8220;]Erf\u00fcllt ein Produkt die VOHC-Standards zur Plaque- und\/oder Zahnsteinreduktion, kann es mit dem <a href=\"http:\/\/www.vohc.org\">VOHC-G\u00fctesiegel<\/a> ausgezeichnet werden.<sup>3<\/sup> Das bedeutet, dass Sie sich der Wirksamkeit des Produkts sicher sein k\u00f6nnen. Dann k\u00f6nnen Sie es Ihren Kund:innen guten Gewissens empfehlen.<\/p>\n<p>&nbsp;<\/p>\n<p>Wenn ein Produkt kein VOHC-G\u00fctesiegel hat, bedeutet das nicht zwangsl\u00e4ufig, dass es schlecht ist. Es hei\u00dft jedoch, dass Sie in der Literatur \u2013 sofern vorhanden \u2013 selbst nachforschen m\u00fcssen, um seinen Wert zu beurteilen.<\/p>\n<p>[\/vc_icon][\/vc_column][\/vc_row][vc_row row_height_percent=&#8220;40&#8243; back_image=&#8220;3941&#8243; overlay_alpha=&#8220;50&#8243; gutter_size=&#8220;3&#8243; column_width_percent=&#8220;100&#8243; shift_y=&#8220;0&#8243; z_index=&#8220;0&#8243; uncode_shortcode_id=&#8220;155569&#8243; css=&#8220;.vc_custom_1640134987048{margin-top: 15px !important;}&#8220;][vc_column width=&#8220;1\/1&#8243;][\/vc_column][\/vc_row][vc_row row_height_percent=&#8220;0&#8243; override_padding=&#8220;yes&#8220; h_padding=&#8220;2&#8243; top_padding=&#8220;3&#8243; bottom_padding=&#8220;1&#8243; back_color=&#8220;color-160397&#8243; overlay_alpha=&#8220;50&#8243; gutter_size=&#8220;3&#8243; column_width_percent=&#8220;100&#8243; shift_y=&#8220;0&#8243; z_index=&#8220;0&#8243; uncode_shortcode_id=&#8220;169673&#8243; back_color_type=&#8220;uncode-palette&#8220; el_id=&#8220;foot-owner&#8220; el_class=&#8220;site-footer&#8220;][vc_column column_width_percent=&#8220;100&#8243; gutter_size=&#8220;3&#8243; style=&#8220;dark&#8220; overlay_alpha=&#8220;50&#8243; shift_x=&#8220;0&#8243; shift_y=&#8220;0&#8243; shift_y_down=&#8220;0&#8243; z_index=&#8220;0&#8243; medium_width=&#8220;0&#8243; mobile_width=&#8220;0&#8243; width=&#8220;1\/1&#8243; uncode_shortcode_id=&#8220;204189&#8243;][vc_column_text text_lead=&#8220;small&#8220; uncode_shortcode_id=&#8220;300997&#8243;]<strong>Literaturhinweise<\/strong><\/p>\n<p>1. Veterinary Oral Health Council. History of VOHC. Available at: <a href=\"http:\/\/www.vohc.org\/vohc_history.html\" target=\"_blank\" rel=\"noopener\">http:\/\/www.vohc.org\/vohc_history.html<\/a> [Accessed December 2021].<\/p>\n<p>2. Veterinary Oral Health Council. VOHC Council. Available at: <a href=\"http:\/\/www.vohc.org\/vohc_council.html\" target=\"_blank\" rel=\"noopener\">http:\/\/www.vohc.org\/vohc_council.html <\/a>[Accessed December 2021].<\/p>\n<p>3. Veterinary Oral Health Council. Protocols and Submissions. Available at: <a href=\"http:\/\/www.vohc.org\/protocols_submissions.html\" target=\"_blank\" rel=\"noopener\">http:\/\/www.vohc.org\/protocols_submissions.html<\/a> [Accessed December 2021].[\/vc_column_text][\/vc_column][\/vc_row]<\/p>\n<\/div>","protected":false},"excerpt":{"rendered":"<p>[vc_row row_height_percent=&#8220;65&#8243; override_padding=&#8220;yes&#8220; h_padding=&#8220;2&#8243; top_padding=&#8220;4&#8243; bottom_padding=&#8220;4&#8243; back_image=&#8220;3767&#8243; overlay_alpha=&#8220;50&#8243; gutter_size=&#8220;3&#8243; column_width_percent=&#8220;100&#8243; shift_y=&#8220;0&#8243; z_index=&#8220;0&#8243; medium_visibility=&#8220;yes&#8220; mobile_visibility=&#8220;yes&#8220; uncode_shortcode_id=&#8220;176971&#8243;][vc_column column_width_percent=&#8220;100&#8243; position_vertical=&#8220;middle&#8220; gutter_size=&#8220;3&#8243; overlay_alpha=&#8220;50&#8243; shift_x=&#8220;0&#8243; [&hellip;]<\/p>\n","protected":false},"author":2,"featured_media":0,"parent":3809,"menu_order":0,"comment_status":"closed","ping_status":"closed","template":"","meta":{"footnotes":""},"class_list":["post-3815","page","type-page","status-publish","hentry"],"yoast_head":"<!-- This site is optimized with the Yoast SEO plugin v24.6 - https:\/\/yoast.com\/wordpress\/plugins\/seo\/ -->\n<title>Was ist das VOHC? (Veterinary Oral Health Council)<\/title>\n<meta name=\"description\" content=\"Hier erfahren Sie, was das VOHC ist. Welche Kriterien m\u00fcssen Zahnpflegeprodukte und Studien erf\u00fcllen, um das offizielle Siegel zu erhalten?\" \/>\n<meta name=\"robots\" content=\"index, follow, max-snippet:-1, max-image-preview:large, max-video-preview:-1\" \/>\n<link rel=\"canonical\" href=\"https:\/\/dental.pet\/de\/fuer-fachkreise\/was-ist-das-vohc\/\" \/>\n<meta property=\"og:locale\" content=\"de_DE\" \/>\n<meta property=\"og:type\" content=\"article\" \/>\n<meta property=\"og:title\" content=\"Was ist das VOHC? (Veterinary Oral Health Council)\" \/>\n<meta property=\"og:description\" content=\"Hier erfahren Sie, was das VOHC ist. Welche Kriterien m\u00fcssen Zahnpflegeprodukte und Studien erf\u00fcllen, um das offizielle Siegel zu erhalten?\" \/>\n<meta property=\"og:url\" content=\"https:\/\/dental.pet\/de\/fuer-fachkreise\/was-ist-das-vohc\/\" \/>\n<meta property=\"og:site_name\" content=\"Germany\" \/>\n<meta property=\"article:modified_time\" content=\"2022-09-15T08:51:28+00:00\" \/>\n<meta name=\"twitter:card\" content=\"summary_large_image\" \/>\n<meta name=\"twitter:label1\" content=\"Gesch\u00e4tzte Lesezeit\" \/>\n\t<meta name=\"twitter:data1\" content=\"4\u00a0Minuten\" \/>\n<script type=\"application\/ld+json\" class=\"yoast-schema-graph\">{\"@context\":\"https:\/\/schema.org\",\"@graph\":[{\"@type\":\"WebPage\",\"@id\":\"https:\/\/dental.pet\/de\/fuer-fachkreise\/was-ist-das-vohc\/\",\"url\":\"https:\/\/dental.pet\/de\/fuer-fachkreise\/was-ist-das-vohc\/\",\"name\":\"Was ist das VOHC? (Veterinary Oral Health Council)\",\"isPartOf\":{\"@id\":\"https:\/\/dental.pet\/de\/#website\"},\"datePublished\":\"2021-12-21T22:36:02+00:00\",\"dateModified\":\"2022-09-15T08:51:28+00:00\",\"description\":\"Hier erfahren Sie, was das VOHC ist. Welche Kriterien m\u00fcssen Zahnpflegeprodukte und Studien erf\u00fcllen, um das offizielle Siegel zu erhalten?\",\"breadcrumb\":{\"@id\":\"https:\/\/dental.pet\/de\/fuer-fachkreise\/was-ist-das-vohc\/#breadcrumb\"},\"inLanguage\":\"de\",\"potentialAction\":[{\"@type\":\"ReadAction\",\"target\":[\"https:\/\/dental.pet\/de\/fuer-fachkreise\/was-ist-das-vohc\/\"]}]},{\"@type\":\"BreadcrumbList\",\"@id\":\"https:\/\/dental.pet\/de\/fuer-fachkreise\/was-ist-das-vohc\/#breadcrumb\",\"itemListElement\":[{\"@type\":\"ListItem\",\"position\":1,\"name\":\"Home\",\"item\":\"https:\/\/dental.pet\/de\/\"},{\"@type\":\"ListItem\",\"position\":2,\"name\":\"Startseite f\u00fcr Tier\u00e4rzte\",\"item\":\"https:\/\/dental.pet\/de\/fuer-fachkreise\/\"},{\"@type\":\"ListItem\",\"position\":3,\"name\":\"Was ist das VOHC?\"}]},{\"@type\":\"WebSite\",\"@id\":\"https:\/\/dental.pet\/de\/#website\",\"url\":\"https:\/\/dental.pet\/de\/\",\"name\":\"Germany\",\"description\":\"Willkommen beim Portal f\u00fcr Tierzahnpflege\",\"publisher\":{\"@id\":\"https:\/\/dental.pet\/de\/#organization\"},\"potentialAction\":[{\"@type\":\"SearchAction\",\"target\":{\"@type\":\"EntryPoint\",\"urlTemplate\":\"https:\/\/dental.pet\/de\/?s={search_term_string}\"},\"query-input\":{\"@type\":\"PropertyValueSpecification\",\"valueRequired\":true,\"valueName\":\"search_term_string\"}}],\"inLanguage\":\"de\"},{\"@type\":\"Organization\",\"@id\":\"https:\/\/dental.pet\/de\/#organization\",\"name\":\"Pet Dental\",\"url\":\"https:\/\/dental.pet\/de\/\",\"logo\":{\"@type\":\"ImageObject\",\"inLanguage\":\"de\",\"@id\":\"https:\/\/dental.pet\/de\/#\/schema\/logo\/image\/\",\"url\":\"https:\/\/dental.pet\/deutschland\/wp-content\/uploads\/sites\/10\/2021\/10\/pet-dental-logo-dark.png\",\"contentUrl\":\"https:\/\/dental.pet\/deutschland\/wp-content\/uploads\/sites\/10\/2021\/10\/pet-dental-logo-dark.png\",\"width\":328,\"height\":82,\"caption\":\"Pet Dental\"},\"image\":{\"@id\":\"https:\/\/dental.pet\/de\/#\/schema\/logo\/image\/\"}}]}<\/script>\n<!-- \/ Yoast SEO plugin. -->","yoast_head_json":{"title":"Was ist das VOHC? (Veterinary Oral Health Council)","description":"Hier erfahren Sie, was das VOHC ist. Welche Kriterien m\u00fcssen Zahnpflegeprodukte und Studien erf\u00fcllen, um das offizielle Siegel zu erhalten?","robots":{"index":"index","follow":"follow","max-snippet":"max-snippet:-1","max-image-preview":"max-image-preview:large","max-video-preview":"max-video-preview:-1"},"canonical":"https:\/\/dental.pet\/de\/fuer-fachkreise\/was-ist-das-vohc\/","og_locale":"de_DE","og_type":"article","og_title":"Was ist das VOHC? (Veterinary Oral Health Council)","og_description":"Hier erfahren Sie, was das VOHC ist. Welche Kriterien m\u00fcssen Zahnpflegeprodukte und Studien erf\u00fcllen, um das offizielle Siegel zu erhalten?","og_url":"https:\/\/dental.pet\/de\/fuer-fachkreise\/was-ist-das-vohc\/","og_site_name":"Germany","article_modified_time":"2022-09-15T08:51:28+00:00","twitter_card":"summary_large_image","twitter_misc":{"Gesch\u00e4tzte Lesezeit":"4\u00a0Minuten"},"schema":{"@context":"https:\/\/schema.org","@graph":[{"@type":"WebPage","@id":"https:\/\/dental.pet\/de\/fuer-fachkreise\/was-ist-das-vohc\/","url":"https:\/\/dental.pet\/de\/fuer-fachkreise\/was-ist-das-vohc\/","name":"Was ist das VOHC? (Veterinary Oral Health Council)","isPartOf":{"@id":"https:\/\/dental.pet\/de\/#website"},"datePublished":"2021-12-21T22:36:02+00:00","dateModified":"2022-09-15T08:51:28+00:00","description":"Hier erfahren Sie, was das VOHC ist. Welche Kriterien m\u00fcssen Zahnpflegeprodukte und Studien erf\u00fcllen, um das offizielle Siegel zu erhalten?","breadcrumb":{"@id":"https:\/\/dental.pet\/de\/fuer-fachkreise\/was-ist-das-vohc\/#breadcrumb"},"inLanguage":"de","potentialAction":[{"@type":"ReadAction","target":["https:\/\/dental.pet\/de\/fuer-fachkreise\/was-ist-das-vohc\/"]}]},{"@type":"BreadcrumbList","@id":"https:\/\/dental.pet\/de\/fuer-fachkreise\/was-ist-das-vohc\/#breadcrumb","itemListElement":[{"@type":"ListItem","position":1,"name":"Home","item":"https:\/\/dental.pet\/de\/"},{"@type":"ListItem","position":2,"name":"Startseite f\u00fcr Tier\u00e4rzte","item":"https:\/\/dental.pet\/de\/fuer-fachkreise\/"},{"@type":"ListItem","position":3,"name":"Was ist das VOHC?"}]},{"@type":"WebSite","@id":"https:\/\/dental.pet\/de\/#website","url":"https:\/\/dental.pet\/de\/","name":"Germany","description":"Willkommen beim Portal f\u00fcr Tierzahnpflege","publisher":{"@id":"https:\/\/dental.pet\/de\/#organization"},"potentialAction":[{"@type":"SearchAction","target":{"@type":"EntryPoint","urlTemplate":"https:\/\/dental.pet\/de\/?s={search_term_string}"},"query-input":{"@type":"PropertyValueSpecification","valueRequired":true,"valueName":"search_term_string"}}],"inLanguage":"de"},{"@type":"Organization","@id":"https:\/\/dental.pet\/de\/#organization","name":"Pet Dental","url":"https:\/\/dental.pet\/de\/","logo":{"@type":"ImageObject","inLanguage":"de","@id":"https:\/\/dental.pet\/de\/#\/schema\/logo\/image\/","url":"https:\/\/dental.pet\/deutschland\/wp-content\/uploads\/sites\/10\/2021\/10\/pet-dental-logo-dark.png","contentUrl":"https:\/\/dental.pet\/deutschland\/wp-content\/uploads\/sites\/10\/2021\/10\/pet-dental-logo-dark.png","width":328,"height":82,"caption":"Pet Dental"},"image":{"@id":"https:\/\/dental.pet\/de\/#\/schema\/logo\/image\/"}}]}},"_links":{"self":[{"href":"https:\/\/dental.pet\/de\/wp-json\/wp\/v2\/pages\/3815","targetHints":{"allow":["GET"]}}],"collection":[{"href":"https:\/\/dental.pet\/de\/wp-json\/wp\/v2\/pages"}],"about":[{"href":"https:\/\/dental.pet\/de\/wp-json\/wp\/v2\/types\/page"}],"author":[{"embeddable":true,"href":"https:\/\/dental.pet\/de\/wp-json\/wp\/v2\/users\/2"}],"replies":[{"embeddable":true,"href":"https:\/\/dental.pet\/de\/wp-json\/wp\/v2\/comments?post=3815"}],"version-history":[{"count":5,"href":"https:\/\/dental.pet\/de\/wp-json\/wp\/v2\/pages\/3815\/revisions"}],"predecessor-version":[{"id":6608,"href":"https:\/\/dental.pet\/de\/wp-json\/wp\/v2\/pages\/3815\/revisions\/6608"}],"up":[{"embeddable":true,"href":"https:\/\/dental.pet\/de\/wp-json\/wp\/v2\/pages\/3809"}],"wp:attachment":[{"href":"https:\/\/dental.pet\/de\/wp-json\/wp\/v2\/media?parent=3815"}],"curies":[{"name":"wp","href":"https:\/\/api.w.org\/{rel}","templated":true}]}}