{"id":3809,"date":"2021-12-21T22:23:11","date_gmt":"2021-12-21T22:23:11","guid":{"rendered":"https:\/\/dental.onpressidium.com\/?page_id=3809"},"modified":"2022-12-06T11:40:40","modified_gmt":"2022-12-06T11:40:40","slug":"fuer-fachkreise","status":"publish","type":"page","link":"https:\/\/dental.pet\/de\/fuer-fachkreise\/","title":{"rendered":"Startseite f\u00fcr Tier\u00e4rzte"},"content":{"rendered":"<div class=\"wpb-content-wrapper\"><p>[vc_row row_height_percent=&#8220;65&#8243; override_padding=&#8220;yes&#8220; h_padding=&#8220;2&#8243; top_padding=&#8220;2&#8243; bottom_padding=&#8220;2&#8243; back_image=&#8220;4821&#8243; back_position=&#8220;center top&#8220; overlay_alpha=&#8220;50&#8243; gutter_size=&#8220;3&#8243; column_width_percent=&#8220;100&#8243; shift_y=&#8220;0&#8243; z_index=&#8220;0&#8243; medium_visibility=&#8220;yes&#8220; mobile_visibility=&#8220;yes&#8220; uncode_shortcode_id=&#8220;124695&#8243;][vc_column column_width_percent=&#8220;100&#8243; position_vertical=&#8220;middle&#8220; gutter_size=&#8220;2&#8243; overlay_alpha=&#8220;50&#8243; shift_x=&#8220;0&#8243; shift_y=&#8220;0&#8243; shift_y_down=&#8220;0&#8243; z_index=&#8220;0&#8243; medium_width=&#8220;0&#8243; mobile_width=&#8220;0&#8243; css_animation=&#8220;bottom-t-top&#8220; width=&#8220;7\/12&#8243; uncode_shortcode_id=&#8220;497497&#8243; el_class=&#8220;z-index1&#8243;][vc_custom_heading text_color=&#8220;color-197188&#8243; heading_semantic=&#8220;div&#8220; text_size=&#8220;fontsize-158891&#8243; text_weight=&#8220;700&#8243; uncode_shortcode_id=&#8220;151722&#8243; text_color_type=&#8220;uncode-palette&#8220;]Willkommen<\/p>\n<p>beim Portal f\u00fcr<\/p>\n<p>Tierzahnpflege[\/vc_custom_heading][vc_empty_space empty_h=&#8220;2&#8243;][vc_column_text uncode_shortcode_id=&#8220;206071&#8243;]<span style=\"color: #ffffff;\">Ein Angebot von<\/span>[\/vc_column_text][vc_single_image media=&#8220;6209&#8243; media_width_percent=&#8220;30&#8243; uncode_shortcode_id=&#8220;188364&#8243;][\/vc_column][vc_column width=&#8220;5\/12&#8243;][\/vc_column][\/vc_row][vc_row row_height_percent=&#8220;80&#8243; override_padding=&#8220;yes&#8220; h_padding=&#8220;0&#8243; top_padding=&#8220;0&#8243; bottom_padding=&#8220;4&#8243; back_image=&#8220;1420&#8243; back_repeat=&#8220;no-repeat&#8220; back_position=&#8220;left center&#8220; overlay_alpha=&#8220;50&#8243; gutter_size=&#8220;3&#8243; column_width_percent=&#8220;100&#8243; shift_y=&#8220;0&#8243; z_index=&#8220;0&#8243; desktop_visibility=&#8220;yes&#8220; uncode_shortcode_id=&#8220;575826&#8243; back_size=&#8220;cover&#8220;][vc_column column_width_percent=&#8220;100&#8243; position_vertical=&#8220;middle&#8220; gutter_size=&#8220;2&#8243; overlay_alpha=&#8220;50&#8243; shift_x=&#8220;0&#8243; shift_y=&#8220;0&#8243; shift_y_down=&#8220;0&#8243; z_index=&#8220;0&#8243; medium_width=&#8220;0&#8243; mobile_width=&#8220;0&#8243; css_animation=&#8220;bottom-t-top&#8220; width=&#8220;1\/1&#8243; uncode_shortcode_id=&#8220;497497&#8243; el_class=&#8220;z-index1&#8243;][vc_single_image media=&#8220;5004&#8243; media_width_percent=&#8220;100&#8243; uncode_shortcode_id=&#8220;140317&#8243;][vc_row_inner row_inner_height_percent=&#8220;0&#8243; overlay_alpha=&#8220;50&#8243; gutter_size=&#8220;3&#8243; shift_y=&#8220;0&#8243; z_index=&#8220;0&#8243; uncode_shortcode_id=&#8220;181626&#8243; css=&#8220;.vc_custom_1635192959911{padding-right: 36px !important;padding-left: 36px !important;}&#8220; limit_content=&#8220;&#8220;][vc_column_inner column_width_percent=&#8220;100&#8243; gutter_size=&#8220;2&#8243; overlay_alpha=&#8220;50&#8243; shift_x=&#8220;0&#8243; shift_y=&#8220;0&#8243; shift_y_down=&#8220;0&#8243; z_index=&#8220;0&#8243; medium_width=&#8220;0&#8243; mobile_width=&#8220;0&#8243; width=&#8220;1\/1&#8243; uncode_shortcode_id=&#8220;178298&#8243; css=&#8220;.vc_custom_1640113309854{padding-top: 50px !important;}&#8220;][vc_custom_heading text_color=&#8220;color-197188&#8243; heading_semantic=&#8220;div&#8220; text_size=&#8220;fontsize-158891&#8243; text_weight=&#8220;700&#8243; uncode_shortcode_id=&#8220;113753&#8243; text_color_type=&#8220;uncode-palette&#8220;]Willkommen<\/p>\n<p>beim Portal<\/p>\n<p>f\u00fcr Tierzahnpflege<\/p>\n<p>von Ecuphar[\/vc_custom_heading][\/vc_column_inner][\/vc_row_inner][\/vc_column][\/vc_row][vc_row row_height_percent=&#8220;0&#8243; override_padding=&#8220;yes&#8220; h_padding=&#8220;2&#8243; top_padding=&#8220;5&#8243; bottom_padding=&#8220;5&#8243; overlay_alpha=&#8220;50&#8243; equal_height=&#8220;yes&#8220; gutter_size=&#8220;3&#8243; column_width_percent=&#8220;100&#8243; shift_y=&#8220;0&#8243; z_index=&#8220;0&#8243; uncode_shortcode_id=&#8220;213146&#8243; el_id=&#8220;theWhyHome&#8220; el_class=&#8220;pc-section-shape-background-grey&#8220;][vc_column width=&#8220;1\/2&#8243;][vc_icon icon_image=&#8220;4803&#8243; linked_title=&#8220;yes&#8220; css_animation=&#8220;alpha-anim&#8220; uncode_shortcode_id=&#8220;146697&#8243; title=&#8220;Parodontalerkrankungen sind ein weit verbreitetes Problem&#8220; link=&#8220;url:%2Fde%2Ffuer-fachkreise%2Fparodontalerkrankungen-diagnostizieren|title:Parodontalerkrankungen%20diagnostizieren|rel:nofollow&#8220; el_class=&#8220;info-box-green&#8220;]<a href=\"https:\/\/dental.pet\/de\/fuer-fachkreise\/parodontalerkrankungen-diagnostizieren\">So erkennen Sie die Anzeichen einer Zahnerkrankung &gt;<\/a>[\/vc_icon][vc_icon icon_image=&#8220;3629&#8243; linked_title=&#8220;yes&#8220; css_animation=&#8220;alpha-anim&#8220; uncode_shortcode_id=&#8220;320800&#8243; title=&#8220;Zeit \u00fcber Zahnpflege zu sprechen?&#8220; link=&#8220;url:%2Fde%2Ffuer-fachkreise%2Fzeit-ueber-zahnpflege-zu-sprechen|title:Zeit%20%C3%BCber%20Zahnpflege%20zu%20sprechen%3F|rel:nofollow&#8220; el_class=&#8220;info-box-blue&#8220;]<a href=\"https:\/\/dental.pet\/de\/fuer-fachkreise\/zeit-ueber-zahnpflege-zu-sprechen\">So kommen Sie am besten ins Gespr\u00e4ch &gt;<\/a>[\/vc_icon][\/vc_column][vc_column column_width_percent=&#8220;100&#8243; gutter_size=&#8220;3&#8243; expand_height=&#8220;yes&#8220; overlay_alpha=&#8220;50&#8243; shift_x=&#8220;0&#8243; shift_y=&#8220;0&#8243; shift_y_down=&#8220;0&#8243; z_index=&#8220;0&#8243; medium_width=&#8220;0&#8243; mobile_width=&#8220;0&#8243; width=&#8220;1\/2&#8243; uncode_shortcode_id=&#8220;536028&#8243;][vc_icon icon_image=&#8220;3631&#8243; linked_title=&#8220;yes&#8220; css_animation=&#8220;alpha-anim&#8220; uncode_shortcode_id=&#8220;623842&#8243; title=&#8220;F\u00fcr Zahnpflege ist es nie zu sp\u00e4t&#8220; link=&#8220;url:%2Fde%2Ffuer-fachkreise%2Fder-weg-zur-richtigen-zahnpflege|title:Der%20Weg%20zur%20richtigen%20Zahnpflege|rel:nofollow&#8220; el_class=&#8220;info-box-blue&#8220;]<a href=\"https:\/\/dental.pet\/de\/fuer-fachkreise\/der-weg-zur-richtigen-zahnpflege\">Die passende Zahnpflege f\u00fcr jedes Haustier &gt;<\/a>[\/vc_icon][vc_icon icon_image=&#8220;3635&#8243; linked_title=&#8220;yes&#8220; css_animation=&#8220;alpha-anim&#8220; uncode_shortcode_id=&#8220;197127&#8243; title=&#8220;Was ist das VOHC?&#8220; link=&#8220;url:%2Fde%2Ffuer-fachkreise%2Fwas-ist-das-vohc%2F|title:Was%20ist%20das%20VOHC%3F|rel:nofollow&#8220; el_class=&#8220;info-box-green&#8220;]<a href=\"https:\/\/dental.pet\/de\/was-ist-das-vohc\">Darum ist das VOHC f\u00fcr die tierische Zahnpflege wichtig &gt;<\/a>[\/vc_icon][\/vc_column][\/vc_row]<\/p>\n<\/div>","protected":false},"excerpt":{"rendered":"<p>[vc_row row_height_percent=&#8220;65&#8243; override_padding=&#8220;yes&#8220; h_padding=&#8220;2&#8243; top_padding=&#8220;2&#8243; bottom_padding=&#8220;2&#8243; back_image=&#8220;4821&#8243; back_position=&#8220;center top&#8220; overlay_alpha=&#8220;50&#8243; gutter_size=&#8220;3&#8243; column_width_percent=&#8220;100&#8243; shift_y=&#8220;0&#8243; z_index=&#8220;0&#8243; medium_visibility=&#8220;yes&#8220; mobile_visibility=&#8220;yes&#8220; uncode_shortcode_id=&#8220;124695&#8243;][vc_column column_width_percent=&#8220;100&#8243; position_vertical=&#8220;middle&#8220; gutter_size=&#8220;2&#8243; [&hellip;]<\/p>\n","protected":false},"author":2,"featured_media":0,"parent":0,"menu_order":0,"comment_status":"closed","ping_status":"closed","template":"","meta":{"footnotes":""},"class_list":["post-3809","page","type-page","status-publish","hentry"],"yoast_head":"<!-- This site is optimized with the Yoast SEO plugin v24.6 - https:\/\/yoast.com\/wordpress\/plugins\/seo\/ -->\n<title>Das Portal f\u00fcr Tierzahnpflege von Ecuphar f\u00fcr Tier\u00e4rzte<\/title>\n<meta name=\"description\" content=\"Beim Portal f\u00fcr Tierzahnpflege finden Sie Informationen &amp; Materialien rund um die Zahngesundheit von Haustieren | F\u00fcr Tier\u00e4rzt:innen\" \/>\n<meta name=\"robots\" content=\"index, follow, max-snippet:-1, max-image-preview:large, max-video-preview:-1\" \/>\n<link rel=\"canonical\" href=\"https:\/\/dental.pet\/de\/fuer-fachkreise\/\" \/>\n<meta property=\"og:locale\" content=\"de_DE\" \/>\n<meta property=\"og:type\" content=\"article\" \/>\n<meta property=\"og:title\" content=\"Das Portal f\u00fcr Tierzahnpflege von Ecuphar f\u00fcr Tier\u00e4rzte\" \/>\n<meta property=\"og:description\" content=\"Beim Portal f\u00fcr Tierzahnpflege finden Sie Informationen &amp; Materialien rund um die Zahngesundheit von Haustieren | F\u00fcr Tier\u00e4rzt:innen\" \/>\n<meta property=\"og:url\" content=\"https:\/\/dental.pet\/de\/fuer-fachkreise\/\" \/>\n<meta property=\"og:site_name\" content=\"Germany\" \/>\n<meta property=\"article:modified_time\" content=\"2022-12-06T11:40:40+00:00\" \/>\n<meta name=\"twitter:card\" content=\"summary_large_image\" \/>\n<meta name=\"twitter:label1\" content=\"Gesch\u00e4tzte Lesezeit\" \/>\n\t<meta name=\"twitter:data1\" content=\"2\u00a0Minuten\" \/>\n<script type=\"application\/ld+json\" class=\"yoast-schema-graph\">{\"@context\":\"https:\/\/schema.org\",\"@graph\":[{\"@type\":\"WebPage\",\"@id\":\"https:\/\/dental.pet\/de\/fuer-fachkreise\/\",\"url\":\"https:\/\/dental.pet\/de\/fuer-fachkreise\/\",\"name\":\"Das Portal f\u00fcr Tierzahnpflege von Ecuphar f\u00fcr Tier\u00e4rzte\",\"isPartOf\":{\"@id\":\"https:\/\/dental.pet\/de\/#website\"},\"datePublished\":\"2021-12-21T22:23:11+00:00\",\"dateModified\":\"2022-12-06T11:40:40+00:00\",\"description\":\"Beim Portal f\u00fcr Tierzahnpflege finden Sie Informationen & Materialien rund um die Zahngesundheit von Haustieren | F\u00fcr Tier\u00e4rzt:innen\",\"breadcrumb\":{\"@id\":\"https:\/\/dental.pet\/de\/fuer-fachkreise\/#breadcrumb\"},\"inLanguage\":\"de\",\"potentialAction\":[{\"@type\":\"ReadAction\",\"target\":[\"https:\/\/dental.pet\/de\/fuer-fachkreise\/\"]}]},{\"@type\":\"BreadcrumbList\",\"@id\":\"https:\/\/dental.pet\/de\/fuer-fachkreise\/#breadcrumb\",\"itemListElement\":[{\"@type\":\"ListItem\",\"position\":1,\"name\":\"Home\",\"item\":\"https:\/\/dental.pet\/de\/\"},{\"@type\":\"ListItem\",\"position\":2,\"name\":\"Startseite f\u00fcr Tier\u00e4rzte\"}]},{\"@type\":\"WebSite\",\"@id\":\"https:\/\/dental.pet\/de\/#website\",\"url\":\"https:\/\/dental.pet\/de\/\",\"name\":\"Germany\",\"description\":\"Willkommen beim Portal f\u00fcr Tierzahnpflege\",\"publisher\":{\"@id\":\"https:\/\/dental.pet\/de\/#organization\"},\"potentialAction\":[{\"@type\":\"SearchAction\",\"target\":{\"@type\":\"EntryPoint\",\"urlTemplate\":\"https:\/\/dental.pet\/de\/?s={search_term_string}\"},\"query-input\":{\"@type\":\"PropertyValueSpecification\",\"valueRequired\":true,\"valueName\":\"search_term_string\"}}],\"inLanguage\":\"de\"},{\"@type\":\"Organization\",\"@id\":\"https:\/\/dental.pet\/de\/#organization\",\"name\":\"Pet Dental\",\"url\":\"https:\/\/dental.pet\/de\/\",\"logo\":{\"@type\":\"ImageObject\",\"inLanguage\":\"de\",\"@id\":\"https:\/\/dental.pet\/de\/#\/schema\/logo\/image\/\",\"url\":\"https:\/\/dental.pet\/deutschland\/wp-content\/uploads\/sites\/10\/2021\/10\/pet-dental-logo-dark.png\",\"contentUrl\":\"https:\/\/dental.pet\/deutschland\/wp-content\/uploads\/sites\/10\/2021\/10\/pet-dental-logo-dark.png\",\"width\":328,\"height\":82,\"caption\":\"Pet Dental\"},\"image\":{\"@id\":\"https:\/\/dental.pet\/de\/#\/schema\/logo\/image\/\"}}]}<\/script>\n<!-- \/ Yoast SEO plugin. -->","yoast_head_json":{"title":"Das Portal f\u00fcr Tierzahnpflege von Ecuphar f\u00fcr Tier\u00e4rzte","description":"Beim Portal f\u00fcr Tierzahnpflege finden Sie Informationen & Materialien rund um die Zahngesundheit von Haustieren | F\u00fcr Tier\u00e4rzt:innen","robots":{"index":"index","follow":"follow","max-snippet":"max-snippet:-1","max-image-preview":"max-image-preview:large","max-video-preview":"max-video-preview:-1"},"canonical":"https:\/\/dental.pet\/de\/fuer-fachkreise\/","og_locale":"de_DE","og_type":"article","og_title":"Das Portal f\u00fcr Tierzahnpflege von Ecuphar f\u00fcr Tier\u00e4rzte","og_description":"Beim Portal f\u00fcr Tierzahnpflege finden Sie Informationen & Materialien rund um die Zahngesundheit von Haustieren | F\u00fcr Tier\u00e4rzt:innen","og_url":"https:\/\/dental.pet\/de\/fuer-fachkreise\/","og_site_name":"Germany","article_modified_time":"2022-12-06T11:40:40+00:00","twitter_card":"summary_large_image","twitter_misc":{"Gesch\u00e4tzte Lesezeit":"2\u00a0Minuten"},"schema":{"@context":"https:\/\/schema.org","@graph":[{"@type":"WebPage","@id":"https:\/\/dental.pet\/de\/fuer-fachkreise\/","url":"https:\/\/dental.pet\/de\/fuer-fachkreise\/","name":"Das Portal f\u00fcr Tierzahnpflege von Ecuphar f\u00fcr Tier\u00e4rzte","isPartOf":{"@id":"https:\/\/dental.pet\/de\/#website"},"datePublished":"2021-12-21T22:23:11+00:00","dateModified":"2022-12-06T11:40:40+00:00","description":"Beim Portal f\u00fcr Tierzahnpflege finden Sie Informationen & Materialien rund um die Zahngesundheit von Haustieren | F\u00fcr Tier\u00e4rzt:innen","breadcrumb":{"@id":"https:\/\/dental.pet\/de\/fuer-fachkreise\/#breadcrumb"},"inLanguage":"de","potentialAction":[{"@type":"ReadAction","target":["https:\/\/dental.pet\/de\/fuer-fachkreise\/"]}]},{"@type":"BreadcrumbList","@id":"https:\/\/dental.pet\/de\/fuer-fachkreise\/#breadcrumb","itemListElement":[{"@type":"ListItem","position":1,"name":"Home","item":"https:\/\/dental.pet\/de\/"},{"@type":"ListItem","position":2,"name":"Startseite f\u00fcr Tier\u00e4rzte"}]},{"@type":"WebSite","@id":"https:\/\/dental.pet\/de\/#website","url":"https:\/\/dental.pet\/de\/","name":"Germany","description":"Willkommen beim Portal f\u00fcr Tierzahnpflege","publisher":{"@id":"https:\/\/dental.pet\/de\/#organization"},"potentialAction":[{"@type":"SearchAction","target":{"@type":"EntryPoint","urlTemplate":"https:\/\/dental.pet\/de\/?s={search_term_string}"},"query-input":{"@type":"PropertyValueSpecification","valueRequired":true,"valueName":"search_term_string"}}],"inLanguage":"de"},{"@type":"Organization","@id":"https:\/\/dental.pet\/de\/#organization","name":"Pet Dental","url":"https:\/\/dental.pet\/de\/","logo":{"@type":"ImageObject","inLanguage":"de","@id":"https:\/\/dental.pet\/de\/#\/schema\/logo\/image\/","url":"https:\/\/dental.pet\/deutschland\/wp-content\/uploads\/sites\/10\/2021\/10\/pet-dental-logo-dark.png","contentUrl":"https:\/\/dental.pet\/deutschland\/wp-content\/uploads\/sites\/10\/2021\/10\/pet-dental-logo-dark.png","width":328,"height":82,"caption":"Pet Dental"},"image":{"@id":"https:\/\/dental.pet\/de\/#\/schema\/logo\/image\/"}}]}},"_links":{"self":[{"href":"https:\/\/dental.pet\/de\/wp-json\/wp\/v2\/pages\/3809","targetHints":{"allow":["GET"]}}],"collection":[{"href":"https:\/\/dental.pet\/de\/wp-json\/wp\/v2\/pages"}],"about":[{"href":"https:\/\/dental.pet\/de\/wp-json\/wp\/v2\/types\/page"}],"author":[{"embeddable":true,"href":"https:\/\/dental.pet\/de\/wp-json\/wp\/v2\/users\/2"}],"replies":[{"embeddable":true,"href":"https:\/\/dental.pet\/de\/wp-json\/wp\/v2\/comments?post=3809"}],"version-history":[{"count":6,"href":"https:\/\/dental.pet\/de\/wp-json\/wp\/v2\/pages\/3809\/revisions"}],"predecessor-version":[{"id":7010,"href":"https:\/\/dental.pet\/de\/wp-json\/wp\/v2\/pages\/3809\/revisions\/7010"}],"wp:attachment":[{"href":"https:\/\/dental.pet\/de\/wp-json\/wp\/v2\/media?parent=3809"}],"curies":[{"name":"wp","href":"https:\/\/api.w.org\/{rel}","templated":true}]}}