{"id":3682,"date":"2021-12-21T19:54:53","date_gmt":"2021-12-21T19:54:53","guid":{"rendered":"http:\/\/dental.onpressidium.com\/?page_id=3682"},"modified":"2022-12-06T11:44:26","modified_gmt":"2022-12-06T11:44:26","slug":"der-weg-zur-richtigen-zahnpflege","status":"publish","type":"page","link":"https:\/\/dental.pet\/de\/fuer-fachkreise\/der-weg-zur-richtigen-zahnpflege\/","title":{"rendered":"Der Weg zur richtigen Zahnpflege"},"content":{"rendered":"<div class=\"wpb-content-wrapper\"><p>[vc_row row_height_percent=&#8220;65&#8243; override_padding=&#8220;yes&#8220; h_padding=&#8220;2&#8243; top_padding=&#8220;4&#8243; bottom_padding=&#8220;4&#8243; back_image=&#8220;3788&#8243; back_position=&#8220;center top&#8220; overlay_alpha=&#8220;50&#8243; gutter_size=&#8220;3&#8243; column_width_percent=&#8220;100&#8243; shift_y=&#8220;0&#8243; z_index=&#8220;0&#8243; medium_visibility=&#8220;yes&#8220; mobile_visibility=&#8220;yes&#8220; uncode_shortcode_id=&#8220;127769&#8243; back_size=&#8220;cover&#8220;][vc_column column_width_percent=&#8220;100&#8243; position_vertical=&#8220;middle&#8220; gutter_size=&#8220;3&#8243; overlay_alpha=&#8220;50&#8243; shift_x=&#8220;0&#8243; shift_y=&#8220;0&#8243; shift_y_down=&#8220;0&#8243; z_index=&#8220;0&#8243; medium_width=&#8220;0&#8243; mobile_width=&#8220;0&#8243; css_animation=&#8220;bottom-t-top&#8220; width=&#8220;3\/4&#8243; uncode_shortcode_id=&#8220;108884&#8243; el_class=&#8220;z-index1&#8243;][vc_custom_heading text_color=&#8220;color-197188&#8243; heading_semantic=&#8220;div&#8220; text_size=&#8220;fontsize-158891&#8243; text_weight=&#8220;700&#8243; uncode_shortcode_id=&#8220;174178&#8243; text_color_type=&#8220;uncode-palette&#8220;]Der Weg<\/p>\n<p>zur richtigen<\/p>\n<p>Zahnpflege[\/vc_custom_heading][\/vc_column][vc_column width=&#8220;1\/4&#8243;][\/vc_column][\/vc_row][vc_row row_height_percent=&#8220;80&#8243; override_padding=&#8220;yes&#8220; h_padding=&#8220;0&#8243; top_padding=&#8220;0&#8243; bottom_padding=&#8220;4&#8243; back_image=&#8220;1420&#8243; back_repeat=&#8220;no-repeat&#8220; back_position=&#8220;left center&#8220; overlay_alpha=&#8220;50&#8243; gutter_size=&#8220;3&#8243; column_width_percent=&#8220;100&#8243; shift_y=&#8220;0&#8243; z_index=&#8220;0&#8243; desktop_visibility=&#8220;yes&#8220; uncode_shortcode_id=&#8220;562326&#8243; back_size=&#8220;cover&#8220;][vc_column column_width_percent=&#8220;100&#8243; position_vertical=&#8220;middle&#8220; gutter_size=&#8220;3&#8243; overlay_alpha=&#8220;50&#8243; shift_x=&#8220;0&#8243; shift_y=&#8220;0&#8243; shift_y_down=&#8220;0&#8243; z_index=&#8220;0&#8243; medium_width=&#8220;0&#8243; mobile_width=&#8220;0&#8243; css_animation=&#8220;bottom-t-top&#8220; width=&#8220;1\/1&#8243; uncode_shortcode_id=&#8220;108884&#8243; el_class=&#8220;z-index1&#8243;][vc_single_image media=&#8220;3782&#8243; media_width_percent=&#8220;100&#8243; uncode_shortcode_id=&#8220;201246&#8243;][vc_row_inner row_inner_height_percent=&#8220;0&#8243; overlay_alpha=&#8220;50&#8243; gutter_size=&#8220;3&#8243; shift_y=&#8220;0&#8243; z_index=&#8220;0&#8243; limit_content=&#8220;&#8220; uncode_shortcode_id=&#8220;139958&#8243; css=&#8220;.vc_custom_1640132295310{padding-top: 50px !important;}&#8220;][vc_column_inner column_width_percent=&#8220;100&#8243; gutter_size=&#8220;2&#8243; overlay_alpha=&#8220;50&#8243; shift_x=&#8220;0&#8243; shift_y=&#8220;0&#8243; shift_y_down=&#8220;0&#8243; z_index=&#8220;0&#8243; medium_width=&#8220;0&#8243; mobile_width=&#8220;0&#8243; width=&#8220;1\/1&#8243; uncode_shortcode_id=&#8220;183672&#8243; css=&#8220;.vc_custom_1635343471515{padding-right: 36px !important;padding-left: 36px !important;}&#8220;][vc_custom_heading text_color=&#8220;color-197188&#8243; heading_semantic=&#8220;div&#8220; text_size=&#8220;fontsize-158891&#8243; text_weight=&#8220;700&#8243; uncode_shortcode_id=&#8220;154743&#8243; text_color_type=&#8220;uncode-palette&#8220;]Der Weg<\/p>\n<p>zur richtigen<\/p>\n<p>Zahnpflege[\/vc_custom_heading][\/vc_column_inner][\/vc_row_inner][\/vc_column][\/vc_row][vc_row row_height_percent=&#8220;0&#8243; override_padding=&#8220;yes&#8220; h_padding=&#8220;2&#8243; top_padding=&#8220;5&#8243; bottom_padding=&#8220;5&#8243; overlay_alpha=&#8220;50&#8243; gutter_size=&#8220;3&#8243; column_width_percent=&#8220;100&#8243; shift_y=&#8220;0&#8243; z_index=&#8220;0&#8243; uncode_shortcode_id=&#8220;166404&#8243; el_id=&#8220;theDontMiss&#8220; el_class=&#8220;pc-section-shape-background-grey&#8220;][vc_column column_width_percent=&#8220;100&#8243; position_vertical=&#8220;middle&#8220; gutter_size=&#8220;3&#8243; overlay_alpha=&#8220;50&#8243; shift_x=&#8220;0&#8243; shift_y=&#8220;0&#8243; shift_y_down=&#8220;0&#8243; z_index=&#8220;0&#8243; medium_width=&#8220;0&#8243; mobile_width=&#8220;0&#8243; width=&#8220;1\/1&#8243; uncode_shortcode_id=&#8220;125616&#8243; el_id=&#8220;accordion-dark&#8220;][vc_custom_heading text_color=&#8220;color-108211&#8243; heading_semantic=&#8220;div&#8220; text_size=&#8220;fontsize-158891&#8243; text_weight=&#8220;700&#8243; css_animation=&#8220;alpha-anim&#8220; uncode_shortcode_id=&#8220;749346&#8243; text_color_type=&#8220;uncode-palette&#8220; el_id=&#8220;miss&#8220;]Die passende Zahnpflege f\u00fcr jedes Haustier[\/vc_custom_heading][vc_column_text css_animation=&#8220;alpha-anim&#8220; uncode_shortcode_id=&#8220;104386&#8243; el_id=&#8220;miss&#8220;]Fr\u00fch mit der Zahnpflege zu beginnen, kann die Akzeptanz beim Tier erleichtern.\u00b9\u207b\u00b2 Aber es ist nie zu sp\u00e4t, um Hunde und Katzen an die Zahnpflege heranzuf\u00fchren.[\/vc_column_text][vc_custom_heading text_color=&#8220;color-197188&#8243; heading_semantic=&#8220;h4&#8243; text_size=&#8220;h4&#8243; uncode_shortcode_id=&#8220;115895&#8243; text_color_type=&#8220;uncode-palette&#8220; el_class=&#8220;head-bordered-dark&#8220;]Hunde- und Katzenwelpen[\/vc_custom_heading][vc_icon position=&#8220;left&#8220; icon_image=&#8220;1001&#8243; media_size=&#8220;80&#8243; heading_semantic=&#8220;div&#8220; text_size=&#8220;h5&#8243; uncode_shortcode_id=&#8220;159459&#8243; el_class=&#8220;green-bullets&#8220;]<\/p>\n<ul>\n<li>Es ist ideal, mit der Zahnpflege zu beginnen, wenn Haustiere noch jung sind.<\/li>\n<\/ul>\n<p>&nbsp;<\/p>\n<ul>\n<li><strong>Zahnpflegesprays<\/strong> k\u00f6nnen ein guter Einstieg in die Zahnpflege sein, da bei der Anwendung wenig direkter Kontakt mit den Z\u00e4hnen und dem Zahnfleisch n\u00f6tig ist.<\/li>\n<\/ul>\n<p>&nbsp;<\/p>\n<ul>\n<li>Tierhalter:innen k\u00f6nnen dann zu Produkten wie <strong>Reinigungst\u00fcchern<\/strong> \u00fcbergehen. Diese gew\u00f6hnen das Haustier an das Ber\u00fchren seiner Z\u00e4hne und seines Zahnfleisches \u2013 ein weiterer Schritt, um schlie\u00dflich das Z\u00e4hneputzen zu erm\u00f6glichen.<\/li>\n<\/ul>\n<p>&nbsp;<\/p>\n<ul>\n<li>Zur Erg\u00e4nzung, im Wechsel oder als Alternative ist ein <strong>Trinkwasserzusatz<\/strong> immer eine gute Option.<\/li>\n<\/ul>\n<p>[\/vc_icon][vc_custom_heading text_color=&#8220;color-197188&#8243; heading_semantic=&#8220;h4&#8243; text_size=&#8220;h4&#8243; uncode_shortcode_id=&#8220;636139&#8243; text_color_type=&#8220;uncode-palette&#8220; el_class=&#8220;head-bordered-dark&#8220;]Kaustreifen und Futter f\u00fcr die Zahnpflege[\/vc_custom_heading][vc_icon position=&#8220;left&#8220; icon_image=&#8220;976&#8243; media_size=&#8220;80&#8243; heading_semantic=&#8220;div&#8220; text_size=&#8220;h5&#8243; uncode_shortcode_id=&#8220;367116&#8243; el_class=&#8220;green-bullets&#8220;]<\/p>\n<ul>\n<li>Kaustreifen und Futter f\u00fcr die Zahnpflege zeigen ihre Wirkung nur an Pr\u00e4molaren und Molaren \u2013 aber nicht an Incisivi und Canini.<\/li>\n<\/ul>\n<p>&nbsp;<\/p>\n<ul>\n<li><strong>Maulspray<\/strong>, <strong>Zahnpfleget\u00fccher<\/strong> oder das Putzen mit <strong>Zahnpasta<\/strong> pfegen zus\u00e4tzlich die Vorderz\u00e4hne.<\/li>\n<\/ul>\n<p>[\/vc_icon][vc_custom_heading text_color=&#8220;color-197188&#8243; heading_semantic=&#8220;h4&#8243; text_size=&#8220;h4&#8243; uncode_shortcode_id=&#8220;173072&#8243; text_color_type=&#8220;uncode-palette&#8220; el_class=&#8220;head-bordered-dark&#8220;]Gelegentliches Z\u00e4hneputzen[\/vc_custom_heading][vc_icon position=&#8220;left&#8220; icon_image=&#8220;979&#8243; media_size=&#8220;80&#8243; heading_semantic=&#8220;div&#8220; text_size=&#8220;h5&#8243; uncode_shortcode_id=&#8220;918966&#8243; el_class=&#8220;green-bullets&#8220;]<\/p>\n<ul>\n<li>T\u00e4gliches Z\u00e4hneputzen verringert Plaque um <strong>37 %<\/strong>, jeden zweiten Tag um <strong>25 %<\/strong> und w\u00f6chentliches Putzen um 1<strong>0 %<\/strong>.<sup>3<\/sup><\/li>\n<\/ul>\n<p>&nbsp;<\/p>\n<ul>\n<li>Gelegentliches Z\u00e4hneputzen kann z. B. mit einem Trinkwasserzusatz kombiniert werden. Der Effekt des Z\u00e4hneputzens wird so ohne gr\u00f6\u00dferen Aufwand erh\u00f6ht.<\/li>\n<\/ul>\n<p>[\/vc_icon][vc_custom_heading text_color=&#8220;color-197188&#8243; heading_semantic=&#8220;h4&#8243; text_size=&#8220;h4&#8243; uncode_shortcode_id=&#8220;610820&#8243; text_color_type=&#8220;uncode-palette&#8220; el_class=&#8220;head-bordered-dark&#8220;]Rund um die Zahnreinigung[\/vc_custom_heading][vc_icon position=&#8220;left&#8220; icon_image=&#8220;983&#8243; media_size=&#8220;80&#8243; heading_semantic=&#8220;div&#8220; text_size=&#8220;h5&#8243; uncode_shortcode_id=&#8220;715753&#8243; el_class=&#8220;green-bullets&#8220;]<\/p>\n<ul>\n<li>Schon vor einem Eingriff sollte mit der Zahnpflege begonnen werden, um die Maulhygiene zu verbessern.<\/li>\n<\/ul>\n<p>&nbsp;<\/p>\n<ul>\n<li>Wenn nach dem Einfgriff Z\u00e4hneputzen nicht m\u00f6glich ist, kann ein Trinkwasserzusatz eine gute Option sein.<\/li>\n<\/ul>\n<p>&nbsp;<\/p>\n<p>[\/vc_icon][vc_empty_space empty_h=&#8220;2&#8243;][vc_row_inner row_inner_height_percent=&#8220;0&#8243; overlay_alpha=&#8220;50&#8243; gutter_size=&#8220;3&#8243; shift_y=&#8220;0&#8243; z_index=&#8220;0&#8243; limit_content=&#8220;&#8220; uncode_shortcode_id=&#8220;601235&#8243; el_class=&#8220;flex-row&#8220;][vc_column_inner width=&#8220;1\/1&#8243;][vc_button button_color=&#8220;color-197188&#8243; border_width=&#8220;0&#8243; display=&#8220;inline&#8220; button_color_type=&#8220;uncode-palette&#8220; uncode_shortcode_id=&#8220;203649&#8243; el_class=&#8220;button-light btn-bigger&#8220; link=&#8220;url:%2Fde%2Ffuer-fachkreise%2Fplaqtiv|title:PLAQTIV%20for%20Veterinary&#8220;]ZAHNPFLEGE MIT PLAQTIV+[\/vc_button][vc_button button_color=&#8220;color-197188&#8243; border_width=&#8220;0&#8243; display=&#8220;inline&#8220; button_color_type=&#8220;uncode-palette&#8220; uncode_shortcode_id=&#8220;133082&#8243; el_class=&#8220;button-light btn-bigger button-right&#8220; link=&#8220;url:%2Fde%2Ffuer-fachkreise%2Fwas-ist-das-vohc|title:PLAQTIV%20for%20Veterinary&#8220;]DAS VOHC QUALIT\u00c4TSSIEGEL[\/vc_button][\/vc_column_inner][\/vc_row_inner][\/vc_column][\/vc_row][vc_row row_height_percent=&#8220;50&#8243; back_image=&#8220;3785&#8243; overlay_alpha=&#8220;50&#8243; gutter_size=&#8220;3&#8243; column_width_percent=&#8220;100&#8243; shift_y=&#8220;0&#8243; z_index=&#8220;0&#8243; uncode_shortcode_id=&#8220;156178&#8243; css=&#8220;.vc_custom_1640133227935{margin-top: 15px !important;}&#8220;][vc_column width=&#8220;1\/1&#8243;][\/vc_column][\/vc_row][vc_row row_height_percent=&#8220;0&#8243; override_padding=&#8220;yes&#8220; h_padding=&#8220;2&#8243; top_padding=&#8220;3&#8243; bottom_padding=&#8220;1&#8243; back_color=&#8220;color-160397&#8243; overlay_alpha=&#8220;50&#8243; gutter_size=&#8220;3&#8243; column_width_percent=&#8220;100&#8243; shift_y=&#8220;0&#8243; z_index=&#8220;0&#8243; uncode_shortcode_id=&#8220;169673&#8243; back_color_type=&#8220;uncode-palette&#8220; el_id=&#8220;foot-owner&#8220; el_class=&#8220;site-footer&#8220;][vc_column column_width_percent=&#8220;100&#8243; gutter_size=&#8220;3&#8243; style=&#8220;dark&#8220; overlay_alpha=&#8220;50&#8243; shift_x=&#8220;0&#8243; shift_y=&#8220;0&#8243; shift_y_down=&#8220;0&#8243; z_index=&#8220;0&#8243; medium_width=&#8220;0&#8243; mobile_width=&#8220;0&#8243; width=&#8220;1\/1&#8243; uncode_shortcode_id=&#8220;204189&#8243;][vc_column_text text_lead=&#8220;small&#8220; uncode_shortcode_id=&#8220;107467&#8243;]<strong>Literaturhinweise<\/strong><\/p>\n<p class=\"p1\">1. Bellows J et al. 2019 AAHA Dental Care Guidelines for Dogs and Cats. J Am Anim Hosp Assoc 2019;55(2):49\u201369.<\/p>\n<p class=\"p1\">2. Harrison C. Available at: <a href=\"https:\/\/www.theveterinarynurse.com\/review\/article\/nutrition-and-preventative-oral-healthcare-treatments-for-canine-and-feline-patients\">https:\/\/www.theveterinarynurse.com\/review\/article\/nutrition-and-preventative-oral-healthcare-treatments-for-canine-and-feline-patients<\/a> [Accessed December 2021].<\/p>\n<p class=\"p1\">3. Harvey C et al. Effect of frequency of brushing teeth on plaque and calculus accumulation, and gingivitis in dogs. J Vet Dent 2015;32(1):16\u201321.<\/p>\n<p>[\/vc_column_text][\/vc_column][\/vc_row]<\/p>\n<\/div>","protected":false},"excerpt":{"rendered":"<p>[vc_row row_height_percent=&#8220;65&#8243; override_padding=&#8220;yes&#8220; h_padding=&#8220;2&#8243; top_padding=&#8220;4&#8243; bottom_padding=&#8220;4&#8243; back_image=&#8220;3788&#8243; back_position=&#8220;center top&#8220; overlay_alpha=&#8220;50&#8243; gutter_size=&#8220;3&#8243; column_width_percent=&#8220;100&#8243; shift_y=&#8220;0&#8243; z_index=&#8220;0&#8243; medium_visibility=&#8220;yes&#8220; mobile_visibility=&#8220;yes&#8220; uncode_shortcode_id=&#8220;127769&#8243; back_size=&#8220;cover&#8220;][vc_column column_width_percent=&#8220;100&#8243; position_vertical=&#8220;middle&#8220; [&hellip;]<\/p>\n","protected":false},"author":2,"featured_media":0,"parent":3809,"menu_order":0,"comment_status":"closed","ping_status":"closed","template":"","meta":{"footnotes":""},"class_list":["post-3682","page","type-page","status-publish","hentry"],"yoast_head":"<!-- This site is optimized with the Yoast SEO plugin v24.6 - https:\/\/yoast.com\/wordpress\/plugins\/seo\/ -->\n<title>Der Weg zur richtigen Zahnpflege bei Hund &amp; Katze<\/title>\n<meta name=\"description\" content=\"Was k\u00f6nnen Tier\u00e4rzt:innen &amp; Tierhalter:innen tun, damit das Haustier die richtige Zahnpflege erh\u00e4lt? Hilfreiche Informationen &amp; Empfehlungen.\" \/>\n<meta name=\"robots\" content=\"index, follow, max-snippet:-1, max-image-preview:large, max-video-preview:-1\" \/>\n<link rel=\"canonical\" href=\"https:\/\/dental.pet\/de\/fuer-fachkreise\/der-weg-zur-richtigen-zahnpflege\/\" \/>\n<meta property=\"og:locale\" content=\"de_DE\" \/>\n<meta property=\"og:type\" content=\"article\" \/>\n<meta property=\"og:title\" content=\"Der Weg zur richtigen Zahnpflege bei Hund &amp; Katze\" \/>\n<meta property=\"og:description\" content=\"Was k\u00f6nnen Tier\u00e4rzt:innen &amp; Tierhalter:innen tun, damit das Haustier die richtige Zahnpflege erh\u00e4lt? Hilfreiche Informationen &amp; Empfehlungen.\" \/>\n<meta property=\"og:url\" content=\"https:\/\/dental.pet\/de\/fuer-fachkreise\/der-weg-zur-richtigen-zahnpflege\/\" \/>\n<meta property=\"og:site_name\" content=\"Germany\" \/>\n<meta property=\"article:modified_time\" content=\"2022-12-06T11:44:26+00:00\" \/>\n<meta name=\"twitter:card\" content=\"summary_large_image\" \/>\n<meta name=\"twitter:label1\" content=\"Gesch\u00e4tzte Lesezeit\" \/>\n\t<meta name=\"twitter:data1\" content=\"4\u00a0Minuten\" \/>\n<script type=\"application\/ld+json\" class=\"yoast-schema-graph\">{\"@context\":\"https:\/\/schema.org\",\"@graph\":[{\"@type\":\"WebPage\",\"@id\":\"https:\/\/dental.pet\/de\/fuer-fachkreise\/der-weg-zur-richtigen-zahnpflege\/\",\"url\":\"https:\/\/dental.pet\/de\/fuer-fachkreise\/der-weg-zur-richtigen-zahnpflege\/\",\"name\":\"Der Weg zur richtigen Zahnpflege bei Hund & Katze\",\"isPartOf\":{\"@id\":\"https:\/\/dental.pet\/de\/#website\"},\"datePublished\":\"2021-12-21T19:54:53+00:00\",\"dateModified\":\"2022-12-06T11:44:26+00:00\",\"description\":\"Was k\u00f6nnen Tier\u00e4rzt:innen & Tierhalter:innen tun, damit das Haustier die richtige Zahnpflege erh\u00e4lt? Hilfreiche Informationen & Empfehlungen.\",\"breadcrumb\":{\"@id\":\"https:\/\/dental.pet\/de\/fuer-fachkreise\/der-weg-zur-richtigen-zahnpflege\/#breadcrumb\"},\"inLanguage\":\"de\",\"potentialAction\":[{\"@type\":\"ReadAction\",\"target\":[\"https:\/\/dental.pet\/de\/fuer-fachkreise\/der-weg-zur-richtigen-zahnpflege\/\"]}]},{\"@type\":\"BreadcrumbList\",\"@id\":\"https:\/\/dental.pet\/de\/fuer-fachkreise\/der-weg-zur-richtigen-zahnpflege\/#breadcrumb\",\"itemListElement\":[{\"@type\":\"ListItem\",\"position\":1,\"name\":\"Home\",\"item\":\"https:\/\/dental.pet\/de\/\"},{\"@type\":\"ListItem\",\"position\":2,\"name\":\"Startseite f\u00fcr Tier\u00e4rzte\",\"item\":\"https:\/\/dental.pet\/de\/fuer-fachkreise\/\"},{\"@type\":\"ListItem\",\"position\":3,\"name\":\"Der Weg zur richtigen Zahnpflege\"}]},{\"@type\":\"WebSite\",\"@id\":\"https:\/\/dental.pet\/de\/#website\",\"url\":\"https:\/\/dental.pet\/de\/\",\"name\":\"Germany\",\"description\":\"Willkommen beim Portal f\u00fcr Tierzahnpflege\",\"publisher\":{\"@id\":\"https:\/\/dental.pet\/de\/#organization\"},\"potentialAction\":[{\"@type\":\"SearchAction\",\"target\":{\"@type\":\"EntryPoint\",\"urlTemplate\":\"https:\/\/dental.pet\/de\/?s={search_term_string}\"},\"query-input\":{\"@type\":\"PropertyValueSpecification\",\"valueRequired\":true,\"valueName\":\"search_term_string\"}}],\"inLanguage\":\"de\"},{\"@type\":\"Organization\",\"@id\":\"https:\/\/dental.pet\/de\/#organization\",\"name\":\"Pet Dental\",\"url\":\"https:\/\/dental.pet\/de\/\",\"logo\":{\"@type\":\"ImageObject\",\"inLanguage\":\"de\",\"@id\":\"https:\/\/dental.pet\/de\/#\/schema\/logo\/image\/\",\"url\":\"https:\/\/dental.pet\/deutschland\/wp-content\/uploads\/sites\/10\/2021\/10\/pet-dental-logo-dark.png\",\"contentUrl\":\"https:\/\/dental.pet\/deutschland\/wp-content\/uploads\/sites\/10\/2021\/10\/pet-dental-logo-dark.png\",\"width\":328,\"height\":82,\"caption\":\"Pet Dental\"},\"image\":{\"@id\":\"https:\/\/dental.pet\/de\/#\/schema\/logo\/image\/\"}}]}<\/script>\n<!-- \/ Yoast SEO plugin. -->","yoast_head_json":{"title":"Der Weg zur richtigen Zahnpflege bei Hund & Katze","description":"Was k\u00f6nnen Tier\u00e4rzt:innen & Tierhalter:innen tun, damit das Haustier die richtige Zahnpflege erh\u00e4lt? Hilfreiche Informationen & Empfehlungen.","robots":{"index":"index","follow":"follow","max-snippet":"max-snippet:-1","max-image-preview":"max-image-preview:large","max-video-preview":"max-video-preview:-1"},"canonical":"https:\/\/dental.pet\/de\/fuer-fachkreise\/der-weg-zur-richtigen-zahnpflege\/","og_locale":"de_DE","og_type":"article","og_title":"Der Weg zur richtigen Zahnpflege bei Hund & Katze","og_description":"Was k\u00f6nnen Tier\u00e4rzt:innen & Tierhalter:innen tun, damit das Haustier die richtige Zahnpflege erh\u00e4lt? Hilfreiche Informationen & Empfehlungen.","og_url":"https:\/\/dental.pet\/de\/fuer-fachkreise\/der-weg-zur-richtigen-zahnpflege\/","og_site_name":"Germany","article_modified_time":"2022-12-06T11:44:26+00:00","twitter_card":"summary_large_image","twitter_misc":{"Gesch\u00e4tzte Lesezeit":"4\u00a0Minuten"},"schema":{"@context":"https:\/\/schema.org","@graph":[{"@type":"WebPage","@id":"https:\/\/dental.pet\/de\/fuer-fachkreise\/der-weg-zur-richtigen-zahnpflege\/","url":"https:\/\/dental.pet\/de\/fuer-fachkreise\/der-weg-zur-richtigen-zahnpflege\/","name":"Der Weg zur richtigen Zahnpflege bei Hund & Katze","isPartOf":{"@id":"https:\/\/dental.pet\/de\/#website"},"datePublished":"2021-12-21T19:54:53+00:00","dateModified":"2022-12-06T11:44:26+00:00","description":"Was k\u00f6nnen Tier\u00e4rzt:innen & Tierhalter:innen tun, damit das Haustier die richtige Zahnpflege erh\u00e4lt? Hilfreiche Informationen & Empfehlungen.","breadcrumb":{"@id":"https:\/\/dental.pet\/de\/fuer-fachkreise\/der-weg-zur-richtigen-zahnpflege\/#breadcrumb"},"inLanguage":"de","potentialAction":[{"@type":"ReadAction","target":["https:\/\/dental.pet\/de\/fuer-fachkreise\/der-weg-zur-richtigen-zahnpflege\/"]}]},{"@type":"BreadcrumbList","@id":"https:\/\/dental.pet\/de\/fuer-fachkreise\/der-weg-zur-richtigen-zahnpflege\/#breadcrumb","itemListElement":[{"@type":"ListItem","position":1,"name":"Home","item":"https:\/\/dental.pet\/de\/"},{"@type":"ListItem","position":2,"name":"Startseite f\u00fcr Tier\u00e4rzte","item":"https:\/\/dental.pet\/de\/fuer-fachkreise\/"},{"@type":"ListItem","position":3,"name":"Der Weg zur richtigen Zahnpflege"}]},{"@type":"WebSite","@id":"https:\/\/dental.pet\/de\/#website","url":"https:\/\/dental.pet\/de\/","name":"Germany","description":"Willkommen beim Portal f\u00fcr Tierzahnpflege","publisher":{"@id":"https:\/\/dental.pet\/de\/#organization"},"potentialAction":[{"@type":"SearchAction","target":{"@type":"EntryPoint","urlTemplate":"https:\/\/dental.pet\/de\/?s={search_term_string}"},"query-input":{"@type":"PropertyValueSpecification","valueRequired":true,"valueName":"search_term_string"}}],"inLanguage":"de"},{"@type":"Organization","@id":"https:\/\/dental.pet\/de\/#organization","name":"Pet Dental","url":"https:\/\/dental.pet\/de\/","logo":{"@type":"ImageObject","inLanguage":"de","@id":"https:\/\/dental.pet\/de\/#\/schema\/logo\/image\/","url":"https:\/\/dental.pet\/deutschland\/wp-content\/uploads\/sites\/10\/2021\/10\/pet-dental-logo-dark.png","contentUrl":"https:\/\/dental.pet\/deutschland\/wp-content\/uploads\/sites\/10\/2021\/10\/pet-dental-logo-dark.png","width":328,"height":82,"caption":"Pet Dental"},"image":{"@id":"https:\/\/dental.pet\/de\/#\/schema\/logo\/image\/"}}]}},"_links":{"self":[{"href":"https:\/\/dental.pet\/de\/wp-json\/wp\/v2\/pages\/3682","targetHints":{"allow":["GET"]}}],"collection":[{"href":"https:\/\/dental.pet\/de\/wp-json\/wp\/v2\/pages"}],"about":[{"href":"https:\/\/dental.pet\/de\/wp-json\/wp\/v2\/types\/page"}],"author":[{"embeddable":true,"href":"https:\/\/dental.pet\/de\/wp-json\/wp\/v2\/users\/2"}],"replies":[{"embeddable":true,"href":"https:\/\/dental.pet\/de\/wp-json\/wp\/v2\/comments?post=3682"}],"version-history":[{"count":7,"href":"https:\/\/dental.pet\/de\/wp-json\/wp\/v2\/pages\/3682\/revisions"}],"predecessor-version":[{"id":7016,"href":"https:\/\/dental.pet\/de\/wp-json\/wp\/v2\/pages\/3682\/revisions\/7016"}],"up":[{"embeddable":true,"href":"https:\/\/dental.pet\/de\/wp-json\/wp\/v2\/pages\/3809"}],"wp:attachment":[{"href":"https:\/\/dental.pet\/de\/wp-json\/wp\/v2\/media?parent=3682"}],"curies":[{"name":"wp","href":"https:\/\/api.w.org\/{rel}","templated":true}]}}