{"id":3679,"date":"2021-12-21T19:53:57","date_gmt":"2021-12-21T19:53:57","guid":{"rendered":"http:\/\/dental.onpressidium.com\/?page_id=3679"},"modified":"2022-12-06T10:55:45","modified_gmt":"2022-12-06T10:55:45","slug":"haeufig-gestellte-fragen","status":"publish","type":"page","link":"https:\/\/dental.pet\/de\/fuer-tierhalter\/haeufig-gestellte-fragen\/","title":{"rendered":"H\u00e4ufig gestellte Fragen"},"content":{"rendered":"<div class=\"wpb-content-wrapper\"><p>[vc_row row_height_percent=&#8220;65&#8243; override_padding=&#8220;yes&#8220; h_padding=&#8220;2&#8243; top_padding=&#8220;4&#8243; bottom_padding=&#8220;4&#8243; back_image=&#8220;3788&#8243; back_position=&#8220;center top&#8220; overlay_alpha=&#8220;50&#8243; gutter_size=&#8220;3&#8243; column_width_percent=&#8220;100&#8243; shift_y=&#8220;0&#8243; z_index=&#8220;0&#8243; medium_visibility=&#8220;yes&#8220; mobile_visibility=&#8220;yes&#8220; uncode_shortcode_id=&#8220;155601&#8243;][vc_column column_width_percent=&#8220;100&#8243; position_vertical=&#8220;middle&#8220; gutter_size=&#8220;2&#8243; overlay_alpha=&#8220;50&#8243; shift_x=&#8220;0&#8243; shift_y=&#8220;0&#8243; shift_y_down=&#8220;0&#8243; z_index=&#8220;0&#8243; medium_width=&#8220;0&#8243; mobile_width=&#8220;0&#8243; css_animation=&#8220;bottom-t-top&#8220; width=&#8220;7\/12&#8243; uncode_shortcode_id=&#8220;497497&#8243; el_class=&#8220;z-index1&#8243;][vc_custom_heading text_color=&#8220;color-197188&#8243; heading_semantic=&#8220;div&#8220; text_size=&#8220;fontsize-158891&#8243; text_weight=&#8220;700&#8243; uncode_shortcode_id=&#8220;186466&#8243; text_color_type=&#8220;uncode-palette&#8220;]H\u00e4ufig<\/p>\n<p>gestellte<\/p>\n<p>Fragen[\/vc_custom_heading][\/vc_column][vc_column width=&#8220;5\/12&#8243;][\/vc_column][\/vc_row][vc_row row_height_percent=&#8220;80&#8243; override_padding=&#8220;yes&#8220; h_padding=&#8220;0&#8243; top_padding=&#8220;0&#8243; bottom_padding=&#8220;4&#8243; back_image=&#8220;1420&#8243; back_repeat=&#8220;no-repeat&#8220; back_position=&#8220;left center&#8220; overlay_alpha=&#8220;50&#8243; gutter_size=&#8220;3&#8243; column_width_percent=&#8220;100&#8243; shift_y=&#8220;0&#8243; z_index=&#8220;0&#8243; desktop_visibility=&#8220;yes&#8220; uncode_shortcode_id=&#8220;575826&#8243; back_size=&#8220;cover&#8220;][vc_column column_width_percent=&#8220;100&#8243; position_vertical=&#8220;middle&#8220; gutter_size=&#8220;2&#8243; overlay_alpha=&#8220;50&#8243; shift_x=&#8220;0&#8243; shift_y=&#8220;0&#8243; shift_y_down=&#8220;0&#8243; z_index=&#8220;0&#8243; medium_width=&#8220;0&#8243; mobile_width=&#8220;0&#8243; css_animation=&#8220;bottom-t-top&#8220; width=&#8220;1\/1&#8243; uncode_shortcode_id=&#8220;497497&#8243; el_class=&#8220;z-index1&#8243;][vc_single_image media=&#8220;3782&#8243; media_width_percent=&#8220;100&#8243; uncode_shortcode_id=&#8220;152855&#8243;][vc_row_inner row_inner_height_percent=&#8220;0&#8243; overlay_alpha=&#8220;50&#8243; gutter_size=&#8220;3&#8243; shift_y=&#8220;0&#8243; z_index=&#8220;0&#8243; uncode_shortcode_id=&#8220;305962&#8243; css=&#8220;.vc_custom_1640124390678{padding-top: 50px !important;padding-right: 36px !important;padding-left: 36px !important;}&#8220; limit_content=&#8220;&#8220;][vc_column_inner column_width_percent=&#8220;100&#8243; gutter_size=&#8220;2&#8243; overlay_alpha=&#8220;50&#8243; shift_x=&#8220;0&#8243; shift_y=&#8220;0&#8243; shift_y_down=&#8220;0&#8243; z_index=&#8220;0&#8243; medium_width=&#8220;0&#8243; mobile_width=&#8220;0&#8243; width=&#8220;1\/1&#8243; uncode_shortcode_id=&#8220;369684&#8243;][vc_custom_heading text_color=&#8220;color-197188&#8243; heading_semantic=&#8220;div&#8220; text_size=&#8220;fontsize-158891&#8243; text_weight=&#8220;700&#8243; uncode_shortcode_id=&#8220;499923&#8243; text_color_type=&#8220;uncode-palette&#8220;]H\u00e4ufig<\/p>\n<p>gestellte<\/p>\n<p>Fragen[\/vc_custom_heading][\/vc_column_inner][\/vc_row_inner][\/vc_column][\/vc_row][vc_row row_height_percent=&#8220;10&#8243; override_padding=&#8220;yes&#8220; h_padding=&#8220;2&#8243; top_padding=&#8220;0&#8243; bottom_padding=&#8220;0&#8243; overlay_alpha=&#8220;50&#8243; gutter_size=&#8220;3&#8243; column_width_percent=&#8220;100&#8243; shift_y=&#8220;0&#8243; z_index=&#8220;0&#8243; uncode_shortcode_id=&#8220;165171&#8243; el_id=&#8220;theWhyHome&#8220; el_class=&#8220;pc-section-shape-background-grey&#8220;][vc_column column_width_percent=&#8220;100&#8243; gutter_size=&#8220;0&#8243; overlay_alpha=&#8220;50&#8243; shift_x=&#8220;0&#8243; shift_y=&#8220;0&#8243; shift_y_down=&#8220;0&#8243; z_index=&#8220;0&#8243; medium_width=&#8220;0&#8243; mobile_width=&#8220;0&#8243; width=&#8220;1\/2&#8243; uncode_shortcode_id=&#8220;370320&#8243; css=&#8220;.vc_custom_1640124504929{padding-top: 0px !important;padding-bottom: 0px !important;}&#8220;][\/vc_column][\/vc_row][vc_row row_height_percent=&#8220;0&#8243; override_padding=&#8220;yes&#8220; h_padding=&#8220;2&#8243; top_padding=&#8220;5&#8243; bottom_padding=&#8220;4&#8243; overlay_alpha=&#8220;50&#8243; gutter_size=&#8220;3&#8243; column_width_percent=&#8220;100&#8243; shift_y=&#8220;0&#8243; z_index=&#8220;0&#8243; uncode_shortcode_id=&#8220;245998&#8243; el_class=&#8220;bg-gradient&#8220; el_id=&#8220;theFaqs&#8220;][vc_column column_width_percent=&#8220;100&#8243; gutter_size=&#8220;2&#8243; overlay_alpha=&#8220;50&#8243; shift_x=&#8220;0&#8243; shift_y=&#8220;0&#8243; shift_y_down=&#8220;0&#8243; z_index=&#8220;0&#8243; medium_width=&#8220;0&#8243; mobile_width=&#8220;0&#8243; width=&#8220;1\/1&#8243; uncode_shortcode_id=&#8220;192033&#8243; el_id=&#8220;accordion-light&#8220;][vc_custom_heading text_color=&#8220;color-xsdn&#8220; heading_semantic=&#8220;h5&#8243; text_size=&#8220;h5&#8243; uncode_shortcode_id=&#8220;882784&#8243; text_color_type=&#8220;uncode-palette&#8220; el_class=&#8220;head-bordered&#8220;]Die Z\u00e4hne meines Haustiers sehen sauber aus. Bedeutet das, dass mein Tier keine Parodontalerkrankung hat?[\/vc_custom_heading][vc_column_text text_color=&#8220;color-xsdn&#8220; uncode_shortcode_id=&#8220;103163&#8243; text_color_type=&#8220;uncode-palette&#8220;]Der Ausschluss einer Parodontalerkrankung ist nicht m\u00f6glich, indem man einfach nur in das Maul des Haustiers schaut. Einige Sch\u00e4den k\u00f6nnen nur von Tier\u00e4rzt:innen bei einer vollst\u00e4ndigen Untersuchung des Mauls unter Vollnarkose festgestellt werden.<sup>1 <\/sup>Oft m\u00fcssen R\u00f6ntgenbilder angefertigt werden.<\/p>\n<p>Selbst wenn die Z\u00e4hne Ihres Haustiers sauber aussehen, k\u00f6nnen Sie nicht sicher sein, dass keine Parodontalerkrankung vorliegt. Bitten Sie Ihre Tier\u00e4rztin oder Ihren Tierarzt um eine individuelle Beratung.[\/vc_column_text][vc_empty_space empty_h=&#8220;1&#8243;][vc_custom_heading text_color=&#8220;color-xsdn&#8220; heading_semantic=&#8220;h5&#8243; text_size=&#8220;h5&#8243; uncode_shortcode_id=&#8220;500238&#8243; text_color_type=&#8220;uncode-palette&#8220; el_class=&#8220;head-bordered&#8220;]Was sind die ersten Anzeichen einer Parodontalerkrankung?[\/vc_custom_heading][vc_column_text text_color=&#8220;color-xsdn&#8220; uncode_shortcode_id=&#8220;197760&#8243; text_color_type=&#8220;uncode-palette&#8220; el_class=&#8220;green-bullets&#8220;]Das erste Anzeichen einer Parodontalerkrankung ist in der Regel Maulgeruch. Dieser wird durch bakterielle Ablagerungen im Maul des Tiers verursacht.<\/p>\n<p>Wenn die Krankheit fortschreitet, k\u00f6nnen au\u00dferdem weitere Symptome auftreten:<\/p>\n<ul>\n<li>ungew\u00f6hnliches Fress- und Trinkverhalten<\/li>\n<li>starke oder ungew\u00f6hnliche Reaktionen beim Trinken von kaltem Wasser<\/li>\n<li>selektive Nahrungsaufnahme \u2013 zum Beispiel bevorzugt das Tier weiche Nahrung<\/li>\n<li>Appetitlosigkeit und Gewichtsverlust<\/li>\n<li>das Tier reibt sich mit der Pfote \u00fcber das Gesicht oder sch\u00fcttelt den Kopf<\/li>\n<li>ungew\u00f6hnlich aggressives Verhalten<\/li>\n<\/ul>\n<p>[\/vc_column_text][vc_empty_space empty_h=&#8220;1&#8243;][vc_custom_heading text_color=&#8220;color-xsdn&#8220; heading_semantic=&#8220;h5&#8243; text_size=&#8220;h5&#8243; uncode_shortcode_id=&#8220;125295&#8243; text_color_type=&#8220;uncode-palette&#8220; el_class=&#8220;head-bordered&#8220;]Ist Maulgeruch bei Haustieren normal?[\/vc_custom_heading][vc_column_text text_color=&#8220;color-xsdn&#8220; uncode_shortcode_id=&#8220;119374&#8243; text_color_type=&#8220;uncode-palette&#8220;]Nein \u2013 ein gesundes Tier sollte nicht unangenehm aus dem Maul stinken.<\/p>\n<p>Verantwortlich f\u00fcr Maulgeruch sind organische Verbindungen, die von bestimmten Bakterien produzieren werden. Diese Baktieren sind auch f\u00fcr die Entstehung von Parodontalerkrankung verantwortlich.<\/p>\n<p>W\u00e4hrend viele Tierhalter:innen glauben, dass Maulgeruch nur ein kosmetisches Problem ist, zeigen Untersuchungen, dass diese Stoffwechselprodukte der Bakterien selbst Teil des Problems sind. Schon geringe Mengen k\u00f6nnen das Gewebe sch\u00e4digen und zur Entstehung von Parodontalerkrankungen beitragen.<sup>2<\/sup>[\/vc_column_text][vc_empty_space empty_h=&#8220;1&#8243;][vc_custom_heading text_color=&#8220;color-xsdn&#8220; heading_semantic=&#8220;h5&#8243; text_size=&#8220;h5&#8243; uncode_shortcode_id=&#8220;490482&#8243; text_color_type=&#8220;uncode-palette&#8220; el_class=&#8220;head-bordered&#8220;]Ist Z\u00e4hneputzen wirklich so viel effektiver als Dentalfutter oder Kaustreifen?[\/vc_custom_heading][vc_column_text text_color=&#8220;color-xsdn&#8220; uncode_shortcode_id=&#8220;171241&#8243; text_color_type=&#8220;uncode-palette&#8220;]Ja \u2013 t\u00e4gliches Z\u00e4hneputzen ist f\u00fcr die Plaquekontrolle nachweislich mehr als dreimal effektiver als die t\u00e4gliche Gabe von speziellem Dentalfutter oder Kaustreifen.<sup>3<\/sup>[\/vc_column_text][vc_empty_space empty_h=&#8220;1&#8243;][vc_custom_heading text_color=&#8220;color-xsdn&#8220; heading_semantic=&#8220;h5&#8243; text_size=&#8220;h5&#8243; uncode_shortcode_id=&#8220;264367&#8243; text_color_type=&#8220;uncode-palette&#8220; el_class=&#8220;head-bordered&#8220;]Sollte ich meinem Haustier jeden Tag die Z\u00e4hne putzen?[\/vc_custom_heading][vc_column_text text_color=&#8220;color-xsdn&#8220; uncode_shortcode_id=&#8220;858171&#8243; text_color_type=&#8220;uncode-palette&#8220;]Je \u00f6fter Sie Ihrem Haustier die Z\u00e4hne putzen, desto effektiver ist es. Laut einer Studie wird Plaque bei t\u00e4glichem Z\u00e4hneputzen um 37 % verringert. Putzen Sie die Z\u00e4hne jeden zweiten Tag, verringert sich Plaque um 25 %. Bei w\u00f6chentlichem Putzen sind es noch 10 %.<sup>4<br \/>\n<\/sup><\/p>\n<p>Das Z\u00e4hneputzen zeigt also auch dann noch Wirkung, wenn Sie es nicht t\u00e4glich schaffen. Um auf der sicheren Seiten zu sein, sollten Sie dann jedoch zus\u00e4tzliche Zahnpflegeprodukte benutzen. Gelegentliches Z\u00e4hneputzen kann zum Beispiel gut mit dem Trinkwasserzusatz kombiniert werden, um ohne gro\u00dfen Aufwand den Effekt zu erh\u00f6hen.[\/vc_column_text][vc_empty_space empty_h=&#8220;2&#8243;][vc_button button_color=&#8220;color-197188&#8243; size=&#8220;btn-sm&#8220; border_width=&#8220;0&#8243; link=&#8220;url:%2Fde%2Ffuer-tierhalter%2Fhaeufige-zahnprobleme-bei-haustieren%2F|title:Common%20dental%20problems&#8220; button_color_type=&#8220;uncode-palette&#8220; el_class=&#8220;button-light btn-bigger&#8220; uncode_shortcode_id=&#8220;431610&#8243;]H\u00e4ufige Zahnprobleme bei Hunden und Katzen &gt;[\/vc_button][\/vc_column][\/vc_row][vc_row row_height_percent=&#8220;50&#8243; back_image=&#8220;3785&#8243; overlay_alpha=&#8220;50&#8243; gutter_size=&#8220;3&#8243; column_width_percent=&#8220;100&#8243; shift_y=&#8220;0&#8243; z_index=&#8220;0&#8243; uncode_shortcode_id=&#8220;712864&#8243; css=&#8220;.vc_custom_1640124907142{margin-top: 15px !important;}&#8220;][vc_column width=&#8220;1\/1&#8243;][\/vc_column][\/vc_row][vc_row row_height_percent=&#8220;0&#8243; override_padding=&#8220;yes&#8220; h_padding=&#8220;2&#8243; top_padding=&#8220;3&#8243; bottom_padding=&#8220;1&#8243; back_color=&#8220;color-160397&#8243; overlay_alpha=&#8220;50&#8243; gutter_size=&#8220;3&#8243; column_width_percent=&#8220;100&#8243; shift_y=&#8220;0&#8243; z_index=&#8220;0&#8243; uncode_shortcode_id=&#8220;169673&#8243; back_color_type=&#8220;uncode-palette&#8220; el_id=&#8220;foot-owner&#8220; el_class=&#8220;site-footer&#8220;][vc_column column_width_percent=&#8220;100&#8243; gutter_size=&#8220;3&#8243; style=&#8220;dark&#8220; overlay_alpha=&#8220;50&#8243; shift_x=&#8220;0&#8243; shift_y=&#8220;0&#8243; shift_y_down=&#8220;0&#8243; z_index=&#8220;0&#8243; medium_width=&#8220;0&#8243; mobile_width=&#8220;0&#8243; width=&#8220;1\/1&#8243; uncode_shortcode_id=&#8220;204189&#8243;][vc_column_text text_lead=&#8220;small&#8220; uncode_shortcode_id=&#8220;169758&#8243;]<strong>Literaturhinweise<\/strong><\/p>\n<p class=\"p1\">1. Bellows J et al. 2019 AAHA Dental Care Guidelines for Dogs and Cats. J Am Anim Hosp Assoc 2019;55(2):49\u201369.<\/p>\n<p class=\"p1\">2. Mateo A et al.\u00a0Evaluation of efficacy of a dental chew to reduce gingivitis, dental plaque, calculus, and halitosis in toy breed dogs. J Vet Dent\u00a02020;37(1):22\u201328.<\/p>\n<p class=\"p1\">3. Allan RM et al.\u00a0Prospective randomised blinded clinical trial assessing effectiveness of three dental plaque control methods in dogs. J Small Anim Pract\u00a02019;60(4):212\u2013217.<\/p>\n<p class=\"p1\">4. Harvey C et al. Effect of frequency of brushing teeth on plaque and calculus accumulation, and gingivitis in dogs. J Vet Dent 2015;32(1):16\u201321.<\/p>\n<p>[\/vc_column_text][\/vc_column][\/vc_row]<\/p>\n<\/div>","protected":false},"excerpt":{"rendered":"<p>[vc_row row_height_percent=&#8220;65&#8243; override_padding=&#8220;yes&#8220; h_padding=&#8220;2&#8243; top_padding=&#8220;4&#8243; bottom_padding=&#8220;4&#8243; back_image=&#8220;3788&#8243; back_position=&#8220;center top&#8220; overlay_alpha=&#8220;50&#8243; gutter_size=&#8220;3&#8243; column_width_percent=&#8220;100&#8243; shift_y=&#8220;0&#8243; z_index=&#8220;0&#8243; medium_visibility=&#8220;yes&#8220; mobile_visibility=&#8220;yes&#8220; uncode_shortcode_id=&#8220;155601&#8243;][vc_column column_width_percent=&#8220;100&#8243; position_vertical=&#8220;middle&#8220; gutter_size=&#8220;2&#8243; [&hellip;]<\/p>\n","protected":false},"author":2,"featured_media":0,"parent":3625,"menu_order":0,"comment_status":"closed","ping_status":"closed","template":"","meta":{"footnotes":""},"class_list":["post-3679","page","type-page","status-publish","hentry"],"yoast_head":"<!-- This site is optimized with the Yoast SEO plugin v24.6 - https:\/\/yoast.com\/wordpress\/plugins\/seo\/ -->\n<title>H\u00e4ufig gestellte Fragen rund um die Zahnpflege beim Haustier<\/title>\n<meta name=\"description\" content=\"H\u00e4ufig gestellte Fragen (FAQ) rund um die Zahngesundheit &amp; Zahnpflege beim Haustier | Hilfreiche Antworten f\u00fcr Tierhalter:innen\" \/>\n<meta name=\"robots\" content=\"index, follow, max-snippet:-1, max-image-preview:large, max-video-preview:-1\" \/>\n<link rel=\"canonical\" href=\"https:\/\/dental.pet\/de\/fuer-tierhalter\/haeufig-gestellte-fragen\/\" \/>\n<meta property=\"og:locale\" content=\"de_DE\" \/>\n<meta property=\"og:type\" content=\"article\" \/>\n<meta property=\"og:title\" content=\"H\u00e4ufig gestellte Fragen rund um die Zahnpflege beim Haustier\" \/>\n<meta property=\"og:description\" content=\"H\u00e4ufig gestellte Fragen (FAQ) rund um die Zahngesundheit &amp; Zahnpflege beim Haustier | Hilfreiche Antworten f\u00fcr Tierhalter:innen\" \/>\n<meta property=\"og:url\" content=\"https:\/\/dental.pet\/de\/fuer-tierhalter\/haeufig-gestellte-fragen\/\" \/>\n<meta property=\"og:site_name\" content=\"Germany\" \/>\n<meta property=\"article:modified_time\" content=\"2022-12-06T10:55:45+00:00\" \/>\n<meta name=\"twitter:card\" content=\"summary_large_image\" \/>\n<meta name=\"twitter:label1\" content=\"Gesch\u00e4tzte Lesezeit\" \/>\n\t<meta name=\"twitter:data1\" content=\"4\u00a0Minuten\" \/>\n<script type=\"application\/ld+json\" class=\"yoast-schema-graph\">{\"@context\":\"https:\/\/schema.org\",\"@graph\":[{\"@type\":\"WebPage\",\"@id\":\"https:\/\/dental.pet\/de\/fuer-tierhalter\/haeufig-gestellte-fragen\/\",\"url\":\"https:\/\/dental.pet\/de\/fuer-tierhalter\/haeufig-gestellte-fragen\/\",\"name\":\"H\u00e4ufig gestellte Fragen rund um die Zahnpflege beim Haustier\",\"isPartOf\":{\"@id\":\"https:\/\/dental.pet\/de\/#website\"},\"datePublished\":\"2021-12-21T19:53:57+00:00\",\"dateModified\":\"2022-12-06T10:55:45+00:00\",\"description\":\"H\u00e4ufig gestellte Fragen (FAQ) rund um die Zahngesundheit & Zahnpflege beim Haustier | Hilfreiche Antworten f\u00fcr Tierhalter:innen\",\"breadcrumb\":{\"@id\":\"https:\/\/dental.pet\/de\/fuer-tierhalter\/haeufig-gestellte-fragen\/#breadcrumb\"},\"inLanguage\":\"de\",\"potentialAction\":[{\"@type\":\"ReadAction\",\"target\":[\"https:\/\/dental.pet\/de\/fuer-tierhalter\/haeufig-gestellte-fragen\/\"]}]},{\"@type\":\"BreadcrumbList\",\"@id\":\"https:\/\/dental.pet\/de\/fuer-tierhalter\/haeufig-gestellte-fragen\/#breadcrumb\",\"itemListElement\":[{\"@type\":\"ListItem\",\"position\":1,\"name\":\"Home\",\"item\":\"https:\/\/dental.pet\/de\/\"},{\"@type\":\"ListItem\",\"position\":2,\"name\":\"Dental.pet f\u00fcr Tierhalter\",\"item\":\"https:\/\/dental.pet\/de\/fuer-tierhalter\/\"},{\"@type\":\"ListItem\",\"position\":3,\"name\":\"H\u00e4ufig gestellte Fragen\"}]},{\"@type\":\"WebSite\",\"@id\":\"https:\/\/dental.pet\/de\/#website\",\"url\":\"https:\/\/dental.pet\/de\/\",\"name\":\"Germany\",\"description\":\"Willkommen beim Portal f\u00fcr Tierzahnpflege\",\"publisher\":{\"@id\":\"https:\/\/dental.pet\/de\/#organization\"},\"potentialAction\":[{\"@type\":\"SearchAction\",\"target\":{\"@type\":\"EntryPoint\",\"urlTemplate\":\"https:\/\/dental.pet\/de\/?s={search_term_string}\"},\"query-input\":{\"@type\":\"PropertyValueSpecification\",\"valueRequired\":true,\"valueName\":\"search_term_string\"}}],\"inLanguage\":\"de\"},{\"@type\":\"Organization\",\"@id\":\"https:\/\/dental.pet\/de\/#organization\",\"name\":\"Pet Dental\",\"url\":\"https:\/\/dental.pet\/de\/\",\"logo\":{\"@type\":\"ImageObject\",\"inLanguage\":\"de\",\"@id\":\"https:\/\/dental.pet\/de\/#\/schema\/logo\/image\/\",\"url\":\"https:\/\/dental.pet\/deutschland\/wp-content\/uploads\/sites\/10\/2021\/10\/pet-dental-logo-dark.png\",\"contentUrl\":\"https:\/\/dental.pet\/deutschland\/wp-content\/uploads\/sites\/10\/2021\/10\/pet-dental-logo-dark.png\",\"width\":328,\"height\":82,\"caption\":\"Pet Dental\"},\"image\":{\"@id\":\"https:\/\/dental.pet\/de\/#\/schema\/logo\/image\/\"}}]}<\/script>\n<!-- \/ Yoast SEO plugin. -->","yoast_head_json":{"title":"H\u00e4ufig gestellte Fragen rund um die Zahnpflege beim Haustier","description":"H\u00e4ufig gestellte Fragen (FAQ) rund um die Zahngesundheit & Zahnpflege beim Haustier | Hilfreiche Antworten f\u00fcr Tierhalter:innen","robots":{"index":"index","follow":"follow","max-snippet":"max-snippet:-1","max-image-preview":"max-image-preview:large","max-video-preview":"max-video-preview:-1"},"canonical":"https:\/\/dental.pet\/de\/fuer-tierhalter\/haeufig-gestellte-fragen\/","og_locale":"de_DE","og_type":"article","og_title":"H\u00e4ufig gestellte Fragen rund um die Zahnpflege beim Haustier","og_description":"H\u00e4ufig gestellte Fragen (FAQ) rund um die Zahngesundheit & Zahnpflege beim Haustier | Hilfreiche Antworten f\u00fcr Tierhalter:innen","og_url":"https:\/\/dental.pet\/de\/fuer-tierhalter\/haeufig-gestellte-fragen\/","og_site_name":"Germany","article_modified_time":"2022-12-06T10:55:45+00:00","twitter_card":"summary_large_image","twitter_misc":{"Gesch\u00e4tzte Lesezeit":"4\u00a0Minuten"},"schema":{"@context":"https:\/\/schema.org","@graph":[{"@type":"WebPage","@id":"https:\/\/dental.pet\/de\/fuer-tierhalter\/haeufig-gestellte-fragen\/","url":"https:\/\/dental.pet\/de\/fuer-tierhalter\/haeufig-gestellte-fragen\/","name":"H\u00e4ufig gestellte Fragen rund um die Zahnpflege beim Haustier","isPartOf":{"@id":"https:\/\/dental.pet\/de\/#website"},"datePublished":"2021-12-21T19:53:57+00:00","dateModified":"2022-12-06T10:55:45+00:00","description":"H\u00e4ufig gestellte Fragen (FAQ) rund um die Zahngesundheit & Zahnpflege beim Haustier | Hilfreiche Antworten f\u00fcr Tierhalter:innen","breadcrumb":{"@id":"https:\/\/dental.pet\/de\/fuer-tierhalter\/haeufig-gestellte-fragen\/#breadcrumb"},"inLanguage":"de","potentialAction":[{"@type":"ReadAction","target":["https:\/\/dental.pet\/de\/fuer-tierhalter\/haeufig-gestellte-fragen\/"]}]},{"@type":"BreadcrumbList","@id":"https:\/\/dental.pet\/de\/fuer-tierhalter\/haeufig-gestellte-fragen\/#breadcrumb","itemListElement":[{"@type":"ListItem","position":1,"name":"Home","item":"https:\/\/dental.pet\/de\/"},{"@type":"ListItem","position":2,"name":"Dental.pet f\u00fcr Tierhalter","item":"https:\/\/dental.pet\/de\/fuer-tierhalter\/"},{"@type":"ListItem","position":3,"name":"H\u00e4ufig gestellte Fragen"}]},{"@type":"WebSite","@id":"https:\/\/dental.pet\/de\/#website","url":"https:\/\/dental.pet\/de\/","name":"Germany","description":"Willkommen beim Portal f\u00fcr Tierzahnpflege","publisher":{"@id":"https:\/\/dental.pet\/de\/#organization"},"potentialAction":[{"@type":"SearchAction","target":{"@type":"EntryPoint","urlTemplate":"https:\/\/dental.pet\/de\/?s={search_term_string}"},"query-input":{"@type":"PropertyValueSpecification","valueRequired":true,"valueName":"search_term_string"}}],"inLanguage":"de"},{"@type":"Organization","@id":"https:\/\/dental.pet\/de\/#organization","name":"Pet Dental","url":"https:\/\/dental.pet\/de\/","logo":{"@type":"ImageObject","inLanguage":"de","@id":"https:\/\/dental.pet\/de\/#\/schema\/logo\/image\/","url":"https:\/\/dental.pet\/deutschland\/wp-content\/uploads\/sites\/10\/2021\/10\/pet-dental-logo-dark.png","contentUrl":"https:\/\/dental.pet\/deutschland\/wp-content\/uploads\/sites\/10\/2021\/10\/pet-dental-logo-dark.png","width":328,"height":82,"caption":"Pet Dental"},"image":{"@id":"https:\/\/dental.pet\/de\/#\/schema\/logo\/image\/"}}]}},"_links":{"self":[{"href":"https:\/\/dental.pet\/de\/wp-json\/wp\/v2\/pages\/3679","targetHints":{"allow":["GET"]}}],"collection":[{"href":"https:\/\/dental.pet\/de\/wp-json\/wp\/v2\/pages"}],"about":[{"href":"https:\/\/dental.pet\/de\/wp-json\/wp\/v2\/types\/page"}],"author":[{"embeddable":true,"href":"https:\/\/dental.pet\/de\/wp-json\/wp\/v2\/users\/2"}],"replies":[{"embeddable":true,"href":"https:\/\/dental.pet\/de\/wp-json\/wp\/v2\/comments?post=3679"}],"version-history":[{"count":6,"href":"https:\/\/dental.pet\/de\/wp-json\/wp\/v2\/pages\/3679\/revisions"}],"predecessor-version":[{"id":6977,"href":"https:\/\/dental.pet\/de\/wp-json\/wp\/v2\/pages\/3679\/revisions\/6977"}],"up":[{"embeddable":true,"href":"https:\/\/dental.pet\/de\/wp-json\/wp\/v2\/pages\/3625"}],"wp:attachment":[{"href":"https:\/\/dental.pet\/de\/wp-json\/wp\/v2\/media?parent=3679"}],"curies":[{"name":"wp","href":"https:\/\/api.w.org\/{rel}","templated":true}]}}