{"id":3668,"date":"2021-12-21T19:51:17","date_gmt":"2021-12-21T19:51:17","guid":{"rendered":"http:\/\/dental.onpressidium.com\/?page_id=3668"},"modified":"2022-12-06T11:10:32","modified_gmt":"2022-12-06T11:10:32","slug":"welche-zahnpflege-fuer-ihr-tier","status":"publish","type":"page","link":"https:\/\/dental.pet\/de\/fuer-tierhalter\/welche-zahnpflege-fuer-ihr-tier\/","title":{"rendered":"Welche Zahnpflege f\u00fcr Ihr Tier?"},"content":{"rendered":"<div class=\"wpb-content-wrapper\"><p>[vc_row row_height_percent=&#8220;65&#8243; override_padding=&#8220;yes&#8220; h_padding=&#8220;2&#8243; top_padding=&#8220;4&#8243; bottom_padding=&#8220;4&#8243; back_image=&#8220;3740&#8243; back_position=&#8220;center top&#8220; overlay_alpha=&#8220;50&#8243; gutter_size=&#8220;3&#8243; column_width_percent=&#8220;100&#8243; shift_y=&#8220;0&#8243; z_index=&#8220;0&#8243; medium_visibility=&#8220;yes&#8220; mobile_visibility=&#8220;yes&#8220; uncode_shortcode_id=&#8220;756814&#8243;][vc_column column_width_percent=&#8220;100&#8243; position_vertical=&#8220;middle&#8220; gutter_size=&#8220;2&#8243; overlay_alpha=&#8220;50&#8243; shift_x=&#8220;0&#8243; shift_y=&#8220;0&#8243; shift_y_down=&#8220;0&#8243; z_index=&#8220;0&#8243; medium_width=&#8220;0&#8243; mobile_width=&#8220;0&#8243; css_animation=&#8220;bottom-t-top&#8220; width=&#8220;7\/12&#8243; uncode_shortcode_id=&#8220;497497&#8243; el_class=&#8220;z-index1&#8243;][vc_custom_heading text_color=&#8220;color-197188&#8243; heading_semantic=&#8220;div&#8220; text_size=&#8220;fontsize-158891&#8243; text_weight=&#8220;700&#8243; uncode_shortcode_id=&#8220;149201&#8243; text_color_type=&#8220;uncode-palette&#8220;]Welche<\/p>\n<p>Zahnpflege<\/p>\n<p>f\u00fcr Ihr Tier?[\/vc_custom_heading][\/vc_column][vc_column width=&#8220;5\/12&#8243;][\/vc_column][\/vc_row][vc_row row_height_percent=&#8220;80&#8243; override_padding=&#8220;yes&#8220; h_padding=&#8220;0&#8243; top_padding=&#8220;0&#8243; bottom_padding=&#8220;4&#8243; back_image=&#8220;1420&#8243; back_repeat=&#8220;no-repeat&#8220; back_position=&#8220;left center&#8220; overlay_alpha=&#8220;50&#8243; gutter_size=&#8220;3&#8243; column_width_percent=&#8220;100&#8243; shift_y=&#8220;0&#8243; z_index=&#8220;0&#8243; desktop_visibility=&#8220;yes&#8220; uncode_shortcode_id=&#8220;575826&#8243; back_size=&#8220;cover&#8220;][vc_column column_width_percent=&#8220;100&#8243; position_vertical=&#8220;middle&#8220; gutter_size=&#8220;2&#8243; overlay_alpha=&#8220;50&#8243; shift_x=&#8220;0&#8243; shift_y=&#8220;0&#8243; shift_y_down=&#8220;0&#8243; z_index=&#8220;0&#8243; medium_width=&#8220;0&#8243; mobile_width=&#8220;0&#8243; css_animation=&#8220;bottom-t-top&#8220; width=&#8220;1\/1&#8243; uncode_shortcode_id=&#8220;497497&#8243; el_class=&#8220;z-index1&#8243;][vc_single_image media=&#8220;3746&#8243; media_width_percent=&#8220;100&#8243; uncode_shortcode_id=&#8220;167892&#8243;][vc_row_inner row_inner_height_percent=&#8220;0&#8243; overlay_alpha=&#8220;50&#8243; gutter_size=&#8220;3&#8243; shift_y=&#8220;0&#8243; z_index=&#8220;0&#8243; uncode_shortcode_id=&#8220;204880&#8243; css=&#8220;.vc_custom_1640121453037{padding-top: 50px !important;padding-right: 36px !important;padding-left: 36px !important;}&#8220; limit_content=&#8220;&#8220;][vc_column_inner column_width_percent=&#8220;100&#8243; gutter_size=&#8220;2&#8243; overlay_alpha=&#8220;50&#8243; shift_x=&#8220;0&#8243; shift_y=&#8220;0&#8243; shift_y_down=&#8220;0&#8243; z_index=&#8220;0&#8243; medium_width=&#8220;0&#8243; mobile_width=&#8220;0&#8243; width=&#8220;1\/1&#8243; uncode_shortcode_id=&#8220;369684&#8243;][vc_custom_heading text_color=&#8220;color-197188&#8243; heading_semantic=&#8220;div&#8220; text_size=&#8220;fontsize-158891&#8243; text_weight=&#8220;700&#8243; uncode_shortcode_id=&#8220;508737&#8243; text_color_type=&#8220;uncode-palette&#8220;]Welche<\/p>\n<p>Zahnpflege<\/p>\n<p>f\u00fcr Ihr Tier?[\/vc_custom_heading][\/vc_column_inner][\/vc_row_inner][\/vc_column][\/vc_row][vc_row row_height_percent=&#8220;0&#8243; override_padding=&#8220;yes&#8220; h_padding=&#8220;2&#8243; top_padding=&#8220;5&#8243; bottom_padding=&#8220;5&#8243; overlay_alpha=&#8220;50&#8243; gutter_size=&#8220;3&#8243; column_width_percent=&#8220;100&#8243; shift_y=&#8220;0&#8243; z_index=&#8220;0&#8243; uncode_shortcode_id=&#8220;105515&#8243; el_id=&#8220;theWhyHome&#8220; el_class=&#8220;pc-section-shape-background-grey&#8220;][vc_column column_width_percent=&#8220;100&#8243; position_vertical=&#8220;middle&#8220; gutter_size=&#8220;3&#8243; overlay_alpha=&#8220;50&#8243; shift_x=&#8220;0&#8243; shift_y=&#8220;0&#8243; shift_y_down=&#8220;0&#8243; z_index=&#8220;0&#8243; medium_width=&#8220;0&#8243; mobile_width=&#8220;0&#8243; width=&#8220;1\/1&#8243; uncode_shortcode_id=&#8220;560473&#8243; css=&#8220;.vc_custom_1633967275694{padding-top: 30px !important;}&#8220;][vc_custom_heading text_color=&#8220;color-108211&#8243; heading_semantic=&#8220;div&#8220; text_size=&#8220;fontsize-186020&#8243; text_weight=&#8220;700&#8243; css_animation=&#8220;alpha-anim&#8220; uncode_shortcode_id=&#8220;213117&#8243; text_color_type=&#8220;uncode-palette&#8220;]Es ist nie zu sp\u00e4t, um mit Zahnpflege zu beginnen![\/vc_custom_heading][vc_column_text uncode_shortcode_id=&#8220;326073&#8243;]Am besten beginnt man mit der Zahnpflege, wenn Haustiere noch jung sind \u2013 dann k\u00f6nnen sie sich schon fr\u00fch daran gew\u00f6hnen.\u00b9 Aber unabh\u00e4ngig vom Alter und der Vorgeschichte Ihres Tieres ist es nie zu sp\u00e4t, um damit zu starten. Sprechen Sie mit Ihrer Tierarztpraxis, um eine f\u00fcr Ihr Tier geeignete Routine zu entwickeln.<\/p>\n<p>Im Folgenden finden Sie eine \u00dcbersicht dar\u00fcber, welche Produkte f\u00fcr die Zahnpflege Ihres Haustiers geeignet sind.[\/vc_column_text][\/vc_column][\/vc_row][vc_row row_height_percent=&#8220;0&#8243; override_padding=&#8220;yes&#8220; h_padding=&#8220;2&#8243; top_padding=&#8220;5&#8243; bottom_padding=&#8220;4&#8243; overlay_alpha=&#8220;50&#8243; gutter_size=&#8220;3&#8243; column_width_percent=&#8220;100&#8243; shift_y=&#8220;0&#8243; z_index=&#8220;0&#8243; uncode_shortcode_id=&#8220;104430&#8243; el_class=&#8220;bg-gradient&#8220; el_id=&#8220;theStartDental&#8220;][vc_column column_width_percent=&#8220;100&#8243; gutter_size=&#8220;2&#8243; overlay_alpha=&#8220;50&#8243; shift_x=&#8220;0&#8243; shift_y=&#8220;0&#8243; shift_y_down=&#8220;0&#8243; z_index=&#8220;0&#8243; medium_width=&#8220;0&#8243; mobile_width=&#8220;0&#8243; width=&#8220;1\/1&#8243; uncode_shortcode_id=&#8220;193273&#8243; el_id=&#8220;accordion-light&#8220;][vc_custom_heading text_color=&#8220;color-xsdn&#8220; heading_semantic=&#8220;h5&#8243; text_size=&#8220;h5&#8243; uncode_shortcode_id=&#8220;178931&#8243; el_class=&#8220;head-bordered&#8220; text_color_type=&#8220;uncode-palette&#8220;]Hunde- und Katzenwelpen[\/vc_custom_heading][vc_empty_space empty_h=&#8220;0&#8243;][vc_icon position=&#8220;left&#8220; icon_image=&#8220;1001&#8243; media_size=&#8220;90&#8243; heading_semantic=&#8220;div&#8220; text_size=&#8220;h5&#8243; uncode_shortcode_id=&#8220;137338&#8243; el_class=&#8220;text-white&#8220;]Fr\u00fch mit der Zahnpflege zu beginnen, kann die Akzeptanz beim Tier erleichtern.\u00b9\u207b\u00b2 Aber es ist nie zu sp\u00e4t, um Hunde und Katzen an die Zahnpflege heranzuf\u00fchren.<\/p>\n<p>Welpen erst an das <strong>Maulspray<\/strong>, dann an <strong>Zahnpfleget\u00fccher<\/strong> und schlie\u00dflich an das Putzen mit <strong>Zahnpasta<\/strong> gew\u00f6hnen.<\/p>\n<p>Zur Erg\u00e4nzung, im Wechsel oder als Alternative ist der <strong>Trinkwasserzusatz<\/strong> immer eine gute Option.<\/p>\n<p>[\/vc_icon][vc_empty_space empty_h=&#8220;1&#8243;][vc_custom_heading text_color=&#8220;color-xsdn&#8220; heading_semantic=&#8220;h5&#8243; text_size=&#8220;h5&#8243; uncode_shortcode_id=&#8220;188194&#8243; el_class=&#8220;head-bordered&#8220; text_color_type=&#8220;uncode-palette&#8220;]Sie verwenden derzeit Dentalfutter oder Kaustreifen f\u00fcr die Zahnpflege?[\/vc_custom_heading][vc_empty_space empty_h=&#8220;0&#8243;][vc_icon position=&#8220;left&#8220; icon_image=&#8220;976&#8243; media_size=&#8220;90&#8243; heading_semantic=&#8220;div&#8220; text_size=&#8220;h5&#8243; uncode_shortcode_id=&#8220;177332&#8243; el_class=&#8220;text-white&#8220;]Dentalfutter und Kaustreifen sind sehr gut f\u00fcr die hinteren Z\u00e4hne, n\u00fctzen vorne aber nur wenig.<\/p>\n<p><strong>Maulspray<\/strong>, <strong>Zahnpfleget\u00fccher<\/strong> oder das Putzen mit <strong>Zahnpasta<\/strong> pflegen zus\u00e4tzlich die Vorderz\u00e4hne.<\/p>\n<p>[\/vc_icon][vc_empty_space empty_h=&#8220;1&#8243;][vc_custom_heading text_color=&#8220;color-xsdn&#8220; heading_semantic=&#8220;h5&#8243; text_size=&#8220;h5&#8243; uncode_shortcode_id=&#8220;907934&#8243; el_class=&#8220;head-bordered&#8220; text_color_type=&#8220;uncode-palette&#8220;]T\u00e4gliches Z\u00e4hneputzen ist schwer?[\/vc_custom_heading][vc_empty_space empty_h=&#8220;0&#8243;][vc_icon position=&#8220;left&#8220; icon_image=&#8220;979&#8243; media_size=&#8220;90&#8243; heading_semantic=&#8220;div&#8220; text_size=&#8220;h5&#8243; uncode_shortcode_id=&#8220;200997&#8243; el_class=&#8220;text-white&#8220;]Z\u00e4hneputzen ist die optimale Pflege. Aber an manchen Tagen ist daf\u00fcr einfach keine Zeit.<\/p>\n<p>Einfach zus\u00e4tzlich t\u00e4glich den <strong>Trinkwasserzusatz<\/strong> geben, dann ist f\u00fcr Zahnpflege immer gesorgt.<\/p>\n<p>[\/vc_icon][vc_empty_space empty_h=&#8220;0&#8243;][vc_custom_heading text_color=&#8220;color-xsdn&#8220; heading_semantic=&#8220;h5&#8243; text_size=&#8220;h5&#8243; uncode_shortcode_id=&#8220;660621&#8243; el_class=&#8220;head-bordered&#8220; text_color_type=&#8220;uncode-palette&#8220;]Eine Zahnbehandlung steht an?[\/vc_custom_heading][vc_empty_space empty_h=&#8220;0&#8243;][vc_icon position=&#8220;left&#8220; icon_image=&#8220;986&#8243; media_size=&#8220;90&#8243; heading_semantic=&#8220;div&#8220; text_size=&#8220;h5&#8243; uncode_shortcode_id=&#8220;134056&#8243; el_class=&#8220;text-white&#8220;]Am besten schon vor dem Eingriff mit der Pflege beginnen. Wenn danach Putzen nicht m\u00f6glich ist, den <strong>Trinkwasserzusatz<\/strong> geben.[\/vc_icon][vc_empty_space empty_h=&#8220;1&#8243;][vc_button button_color=&#8220;color-197188&#8243; size=&#8220;btn-sm&#8220; hover_fx=&#8220;outlined&#8220; border_width=&#8220;0&#8243; css_animation=&#8220;alpha-anim&#8220; link=&#8220;url:%2Fde%2Ffuer-tierhalter%2Fhaeufig-gestellte-fragen%2F|title:H%C3%A4ufig%20gestellte%20Fragen&#8220; button_color_type=&#8220;uncode-palette&#8220; uncode_shortcode_id=&#8220;149556&#8243; el_class=&#8220;button-light btn-bigger&#8220;]H\u00e4ufig gestellte Fragen &gt;[\/vc_button][\/vc_column][\/vc_row][vc_row row_height_percent=&#8220;50&#8243; back_image=&#8220;3755&#8243; overlay_alpha=&#8220;50&#8243; gutter_size=&#8220;3&#8243; column_width_percent=&#8220;100&#8243; shift_y=&#8220;0&#8243; z_index=&#8220;0&#8243; uncode_shortcode_id=&#8220;207768&#8243; css=&#8220;.vc_custom_1640122804992{margin-top: 15px !important;}&#8220;][vc_column width=&#8220;1\/1&#8243;][\/vc_column][\/vc_row][vc_row row_height_percent=&#8220;0&#8243; override_padding=&#8220;yes&#8220; h_padding=&#8220;2&#8243; top_padding=&#8220;3&#8243; bottom_padding=&#8220;1&#8243; back_color=&#8220;color-160397&#8243; overlay_alpha=&#8220;50&#8243; gutter_size=&#8220;3&#8243; column_width_percent=&#8220;100&#8243; shift_y=&#8220;0&#8243; z_index=&#8220;0&#8243; uncode_shortcode_id=&#8220;169673&#8243; back_color_type=&#8220;uncode-palette&#8220; el_id=&#8220;foot-owner&#8220; el_class=&#8220;site-footer&#8220;][vc_column column_width_percent=&#8220;100&#8243; gutter_size=&#8220;3&#8243; style=&#8220;dark&#8220; overlay_alpha=&#8220;50&#8243; shift_x=&#8220;0&#8243; shift_y=&#8220;0&#8243; shift_y_down=&#8220;0&#8243; z_index=&#8220;0&#8243; medium_width=&#8220;0&#8243; mobile_width=&#8220;0&#8243; width=&#8220;1\/1&#8243; uncode_shortcode_id=&#8220;204189&#8243;][vc_column_text text_lead=&#8220;small&#8220; uncode_shortcode_id=&#8220;829533&#8243;]<strong>Literaturhinweise<\/strong><\/p>\n<p class=\"p1\">1. Harrison C. Available at: <a href=\"https:\/\/www.theveterinarynurse.com\/review\/article\/nutrition-and-preventative-oral-healthcare-treatments-for-canine-and-feline-patients\" target=\"_blank\" rel=\"noopener\">https:\/\/www.theveterinarynurse.com\/review\/article\/nutrition-and-preventative-oral-healthcare-treatments-for-canine-and-feline-patients<\/a> [Accessed <span class=\"s1\">January 2022<\/span>].<\/p>\n<p>[\/vc_column_text][\/vc_column][\/vc_row]<\/p>\n<\/div>","protected":false},"excerpt":{"rendered":"<p>[vc_row row_height_percent=&#8220;65&#8243; override_padding=&#8220;yes&#8220; h_padding=&#8220;2&#8243; top_padding=&#8220;4&#8243; bottom_padding=&#8220;4&#8243; back_image=&#8220;3740&#8243; back_position=&#8220;center top&#8220; overlay_alpha=&#8220;50&#8243; gutter_size=&#8220;3&#8243; column_width_percent=&#8220;100&#8243; shift_y=&#8220;0&#8243; z_index=&#8220;0&#8243; medium_visibility=&#8220;yes&#8220; mobile_visibility=&#8220;yes&#8220; uncode_shortcode_id=&#8220;756814&#8243;][vc_column column_width_percent=&#8220;100&#8243; position_vertical=&#8220;middle&#8220; gutter_size=&#8220;2&#8243; [&hellip;]<\/p>\n","protected":false},"author":2,"featured_media":0,"parent":3625,"menu_order":0,"comment_status":"closed","ping_status":"closed","template":"","meta":{"footnotes":""},"class_list":["post-3668","page","type-page","status-publish","hentry"],"yoast_head":"<!-- This site is optimized with the Yoast SEO plugin v24.6 - https:\/\/yoast.com\/wordpress\/plugins\/seo\/ -->\n<title>Welche Zahnpflege ist die Richtige f\u00fcr Ihr Haustier?<\/title>\n<meta name=\"description\" content=\"Welche Zahnpflegeroutine ist die Richtige? Infos f\u00fcr Haustierbesitzer:innen zu den verschiedenen Phasen der Zahnpflege &amp; geeignete Produkte\" \/>\n<meta name=\"robots\" content=\"index, follow, max-snippet:-1, max-image-preview:large, max-video-preview:-1\" \/>\n<link rel=\"canonical\" href=\"https:\/\/dental.pet\/de\/fuer-tierhalter\/welche-zahnpflege-fuer-ihr-tier\/\" \/>\n<meta property=\"og:locale\" content=\"de_DE\" \/>\n<meta property=\"og:type\" content=\"article\" \/>\n<meta property=\"og:title\" content=\"Welche Zahnpflege ist die Richtige f\u00fcr Ihr Haustier?\" \/>\n<meta property=\"og:description\" content=\"Welche Zahnpflegeroutine ist die Richtige? Infos f\u00fcr Haustierbesitzer:innen zu den verschiedenen Phasen der Zahnpflege &amp; geeignete Produkte\" \/>\n<meta property=\"og:url\" content=\"https:\/\/dental.pet\/de\/fuer-tierhalter\/welche-zahnpflege-fuer-ihr-tier\/\" \/>\n<meta property=\"og:site_name\" content=\"Germany\" \/>\n<meta property=\"article:modified_time\" content=\"2022-12-06T11:10:32+00:00\" \/>\n<meta name=\"twitter:card\" content=\"summary_large_image\" \/>\n<meta name=\"twitter:label1\" content=\"Gesch\u00e4tzte Lesezeit\" \/>\n\t<meta name=\"twitter:data1\" content=\"3\u00a0Minuten\" \/>\n<script type=\"application\/ld+json\" class=\"yoast-schema-graph\">{\"@context\":\"https:\/\/schema.org\",\"@graph\":[{\"@type\":\"WebPage\",\"@id\":\"https:\/\/dental.pet\/de\/fuer-tierhalter\/welche-zahnpflege-fuer-ihr-tier\/\",\"url\":\"https:\/\/dental.pet\/de\/fuer-tierhalter\/welche-zahnpflege-fuer-ihr-tier\/\",\"name\":\"Welche Zahnpflege ist die Richtige f\u00fcr Ihr Haustier?\",\"isPartOf\":{\"@id\":\"https:\/\/dental.pet\/de\/#website\"},\"datePublished\":\"2021-12-21T19:51:17+00:00\",\"dateModified\":\"2022-12-06T11:10:32+00:00\",\"description\":\"Welche Zahnpflegeroutine ist die Richtige? Infos f\u00fcr Haustierbesitzer:innen zu den verschiedenen Phasen der Zahnpflege & geeignete Produkte\",\"breadcrumb\":{\"@id\":\"https:\/\/dental.pet\/de\/fuer-tierhalter\/welche-zahnpflege-fuer-ihr-tier\/#breadcrumb\"},\"inLanguage\":\"de\",\"potentialAction\":[{\"@type\":\"ReadAction\",\"target\":[\"https:\/\/dental.pet\/de\/fuer-tierhalter\/welche-zahnpflege-fuer-ihr-tier\/\"]}]},{\"@type\":\"BreadcrumbList\",\"@id\":\"https:\/\/dental.pet\/de\/fuer-tierhalter\/welche-zahnpflege-fuer-ihr-tier\/#breadcrumb\",\"itemListElement\":[{\"@type\":\"ListItem\",\"position\":1,\"name\":\"Home\",\"item\":\"https:\/\/dental.pet\/de\/\"},{\"@type\":\"ListItem\",\"position\":2,\"name\":\"Dental.pet f\u00fcr Tierhalter\",\"item\":\"https:\/\/dental.pet\/de\/fuer-tierhalter\/\"},{\"@type\":\"ListItem\",\"position\":3,\"name\":\"Welche Zahnpflege f\u00fcr Ihr Tier?\"}]},{\"@type\":\"WebSite\",\"@id\":\"https:\/\/dental.pet\/de\/#website\",\"url\":\"https:\/\/dental.pet\/de\/\",\"name\":\"Germany\",\"description\":\"Willkommen beim Portal f\u00fcr Tierzahnpflege\",\"publisher\":{\"@id\":\"https:\/\/dental.pet\/de\/#organization\"},\"potentialAction\":[{\"@type\":\"SearchAction\",\"target\":{\"@type\":\"EntryPoint\",\"urlTemplate\":\"https:\/\/dental.pet\/de\/?s={search_term_string}\"},\"query-input\":{\"@type\":\"PropertyValueSpecification\",\"valueRequired\":true,\"valueName\":\"search_term_string\"}}],\"inLanguage\":\"de\"},{\"@type\":\"Organization\",\"@id\":\"https:\/\/dental.pet\/de\/#organization\",\"name\":\"Pet Dental\",\"url\":\"https:\/\/dental.pet\/de\/\",\"logo\":{\"@type\":\"ImageObject\",\"inLanguage\":\"de\",\"@id\":\"https:\/\/dental.pet\/de\/#\/schema\/logo\/image\/\",\"url\":\"https:\/\/dental.pet\/deutschland\/wp-content\/uploads\/sites\/10\/2021\/10\/pet-dental-logo-dark.png\",\"contentUrl\":\"https:\/\/dental.pet\/deutschland\/wp-content\/uploads\/sites\/10\/2021\/10\/pet-dental-logo-dark.png\",\"width\":328,\"height\":82,\"caption\":\"Pet Dental\"},\"image\":{\"@id\":\"https:\/\/dental.pet\/de\/#\/schema\/logo\/image\/\"}}]}<\/script>\n<!-- \/ Yoast SEO plugin. -->","yoast_head_json":{"title":"Welche Zahnpflege ist die Richtige f\u00fcr Ihr Haustier?","description":"Welche Zahnpflegeroutine ist die Richtige? Infos f\u00fcr Haustierbesitzer:innen zu den verschiedenen Phasen der Zahnpflege & geeignete Produkte","robots":{"index":"index","follow":"follow","max-snippet":"max-snippet:-1","max-image-preview":"max-image-preview:large","max-video-preview":"max-video-preview:-1"},"canonical":"https:\/\/dental.pet\/de\/fuer-tierhalter\/welche-zahnpflege-fuer-ihr-tier\/","og_locale":"de_DE","og_type":"article","og_title":"Welche Zahnpflege ist die Richtige f\u00fcr Ihr Haustier?","og_description":"Welche Zahnpflegeroutine ist die Richtige? Infos f\u00fcr Haustierbesitzer:innen zu den verschiedenen Phasen der Zahnpflege & geeignete Produkte","og_url":"https:\/\/dental.pet\/de\/fuer-tierhalter\/welche-zahnpflege-fuer-ihr-tier\/","og_site_name":"Germany","article_modified_time":"2022-12-06T11:10:32+00:00","twitter_card":"summary_large_image","twitter_misc":{"Gesch\u00e4tzte Lesezeit":"3\u00a0Minuten"},"schema":{"@context":"https:\/\/schema.org","@graph":[{"@type":"WebPage","@id":"https:\/\/dental.pet\/de\/fuer-tierhalter\/welche-zahnpflege-fuer-ihr-tier\/","url":"https:\/\/dental.pet\/de\/fuer-tierhalter\/welche-zahnpflege-fuer-ihr-tier\/","name":"Welche Zahnpflege ist die Richtige f\u00fcr Ihr Haustier?","isPartOf":{"@id":"https:\/\/dental.pet\/de\/#website"},"datePublished":"2021-12-21T19:51:17+00:00","dateModified":"2022-12-06T11:10:32+00:00","description":"Welche Zahnpflegeroutine ist die Richtige? Infos f\u00fcr Haustierbesitzer:innen zu den verschiedenen Phasen der Zahnpflege & geeignete Produkte","breadcrumb":{"@id":"https:\/\/dental.pet\/de\/fuer-tierhalter\/welche-zahnpflege-fuer-ihr-tier\/#breadcrumb"},"inLanguage":"de","potentialAction":[{"@type":"ReadAction","target":["https:\/\/dental.pet\/de\/fuer-tierhalter\/welche-zahnpflege-fuer-ihr-tier\/"]}]},{"@type":"BreadcrumbList","@id":"https:\/\/dental.pet\/de\/fuer-tierhalter\/welche-zahnpflege-fuer-ihr-tier\/#breadcrumb","itemListElement":[{"@type":"ListItem","position":1,"name":"Home","item":"https:\/\/dental.pet\/de\/"},{"@type":"ListItem","position":2,"name":"Dental.pet f\u00fcr Tierhalter","item":"https:\/\/dental.pet\/de\/fuer-tierhalter\/"},{"@type":"ListItem","position":3,"name":"Welche Zahnpflege f\u00fcr Ihr Tier?"}]},{"@type":"WebSite","@id":"https:\/\/dental.pet\/de\/#website","url":"https:\/\/dental.pet\/de\/","name":"Germany","description":"Willkommen beim Portal f\u00fcr Tierzahnpflege","publisher":{"@id":"https:\/\/dental.pet\/de\/#organization"},"potentialAction":[{"@type":"SearchAction","target":{"@type":"EntryPoint","urlTemplate":"https:\/\/dental.pet\/de\/?s={search_term_string}"},"query-input":{"@type":"PropertyValueSpecification","valueRequired":true,"valueName":"search_term_string"}}],"inLanguage":"de"},{"@type":"Organization","@id":"https:\/\/dental.pet\/de\/#organization","name":"Pet Dental","url":"https:\/\/dental.pet\/de\/","logo":{"@type":"ImageObject","inLanguage":"de","@id":"https:\/\/dental.pet\/de\/#\/schema\/logo\/image\/","url":"https:\/\/dental.pet\/deutschland\/wp-content\/uploads\/sites\/10\/2021\/10\/pet-dental-logo-dark.png","contentUrl":"https:\/\/dental.pet\/deutschland\/wp-content\/uploads\/sites\/10\/2021\/10\/pet-dental-logo-dark.png","width":328,"height":82,"caption":"Pet Dental"},"image":{"@id":"https:\/\/dental.pet\/de\/#\/schema\/logo\/image\/"}}]}},"_links":{"self":[{"href":"https:\/\/dental.pet\/de\/wp-json\/wp\/v2\/pages\/3668","targetHints":{"allow":["GET"]}}],"collection":[{"href":"https:\/\/dental.pet\/de\/wp-json\/wp\/v2\/pages"}],"about":[{"href":"https:\/\/dental.pet\/de\/wp-json\/wp\/v2\/types\/page"}],"author":[{"embeddable":true,"href":"https:\/\/dental.pet\/de\/wp-json\/wp\/v2\/users\/2"}],"replies":[{"embeddable":true,"href":"https:\/\/dental.pet\/de\/wp-json\/wp\/v2\/comments?post=3668"}],"version-history":[{"count":5,"href":"https:\/\/dental.pet\/de\/wp-json\/wp\/v2\/pages\/3668\/revisions"}],"predecessor-version":[{"id":6989,"href":"https:\/\/dental.pet\/de\/wp-json\/wp\/v2\/pages\/3668\/revisions\/6989"}],"up":[{"embeddable":true,"href":"https:\/\/dental.pet\/de\/wp-json\/wp\/v2\/pages\/3625"}],"wp:attachment":[{"href":"https:\/\/dental.pet\/de\/wp-json\/wp\/v2\/media?parent=3668"}],"curies":[{"name":"wp","href":"https:\/\/api.w.org\/{rel}","templated":true}]}}