{"id":3665,"date":"2021-12-21T19:31:32","date_gmt":"2021-12-21T19:31:32","guid":{"rendered":"https:\/\/dental.onpressidium.com\/?page_id=3665"},"modified":"2022-12-06T10:58:46","modified_gmt":"2022-12-06T10:58:46","slug":"haeufige-zahnprobleme-bei-haustieren","status":"publish","type":"page","link":"https:\/\/dental.pet\/de\/fuer-tierhalter\/haeufige-zahnprobleme-bei-haustieren\/","title":{"rendered":"H\u00e4ufige Zahnprobleme bei Haustieren"},"content":{"rendered":"<div class=\"wpb-content-wrapper\"><p>[vc_row row_height_percent=&#8220;65&#8243; override_padding=&#8220;yes&#8220; h_padding=&#8220;2&#8243; top_padding=&#8220;4&#8243; bottom_padding=&#8220;4&#8243; back_image=&#8220;2891&#8243; back_position=&#8220;center top&#8220; overlay_alpha=&#8220;50&#8243; gutter_size=&#8220;3&#8243; column_width_percent=&#8220;100&#8243; shift_y=&#8220;0&#8243; z_index=&#8220;0&#8243; medium_visibility=&#8220;yes&#8220; mobile_visibility=&#8220;yes&#8220; uncode_shortcode_id=&#8220;190830&#8243;][vc_column column_width_percent=&#8220;100&#8243; position_vertical=&#8220;middle&#8220; gutter_size=&#8220;2&#8243; overlay_alpha=&#8220;50&#8243; shift_x=&#8220;0&#8243; shift_y=&#8220;0&#8243; shift_y_down=&#8220;0&#8243; z_index=&#8220;0&#8243; medium_width=&#8220;0&#8243; mobile_width=&#8220;0&#8243; css_animation=&#8220;bottom-t-top&#8220; width=&#8220;7\/12&#8243; uncode_shortcode_id=&#8220;497497&#8243; el_class=&#8220;z-index1&#8243;][vc_custom_heading text_color=&#8220;color-197188&#8243; heading_semantic=&#8220;div&#8220; text_size=&#8220;fontsize-158891&#8243; text_weight=&#8220;700&#8243; uncode_shortcode_id=&#8220;118209&#8243; text_color_type=&#8220;uncode-palette&#8220;]H\u00e4ufige<\/p>\n<p>Zahnprobleme<\/p>\n<p>bei Haustieren[\/vc_custom_heading][\/vc_column][vc_column width=&#8220;5\/12&#8243;][\/vc_column][\/vc_row][vc_row row_height_percent=&#8220;80&#8243; override_padding=&#8220;yes&#8220; h_padding=&#8220;0&#8243; top_padding=&#8220;0&#8243; bottom_padding=&#8220;4&#8243; back_image=&#8220;1420&#8243; back_repeat=&#8220;no-repeat&#8220; back_position=&#8220;left center&#8220; overlay_alpha=&#8220;50&#8243; gutter_size=&#8220;3&#8243; column_width_percent=&#8220;100&#8243; shift_y=&#8220;0&#8243; z_index=&#8220;0&#8243; desktop_visibility=&#8220;yes&#8220; uncode_shortcode_id=&#8220;575826&#8243; back_size=&#8220;cover&#8220;][vc_column column_width_percent=&#8220;100&#8243; position_vertical=&#8220;middle&#8220; gutter_size=&#8220;2&#8243; overlay_alpha=&#8220;50&#8243; shift_x=&#8220;0&#8243; shift_y=&#8220;0&#8243; shift_y_down=&#8220;0&#8243; z_index=&#8220;0&#8243; medium_width=&#8220;0&#8243; mobile_width=&#8220;0&#8243; css_animation=&#8220;bottom-t-top&#8220; width=&#8220;1\/1&#8243; uncode_shortcode_id=&#8220;497497&#8243; el_class=&#8220;z-index1&#8243;][vc_single_image media=&#8220;83&#8243; media_width_percent=&#8220;100&#8243; uncode_shortcode_id=&#8220;172547&#8243;][vc_row_inner row_inner_height_percent=&#8220;0&#8243; overlay_alpha=&#8220;50&#8243; gutter_size=&#8220;3&#8243; shift_y=&#8220;0&#8243; z_index=&#8220;0&#8243; uncode_shortcode_id=&#8220;102213&#8243; css=&#8220;.vc_custom_1640120085645{padding-top: 50px !important;padding-right: 36px !important;padding-left: 36px !important;}&#8220; limit_content=&#8220;&#8220;][vc_column_inner column_width_percent=&#8220;100&#8243; gutter_size=&#8220;2&#8243; overlay_alpha=&#8220;50&#8243; shift_x=&#8220;0&#8243; shift_y=&#8220;0&#8243; shift_y_down=&#8220;0&#8243; z_index=&#8220;0&#8243; medium_width=&#8220;0&#8243; mobile_width=&#8220;0&#8243; width=&#8220;1\/1&#8243; uncode_shortcode_id=&#8220;369684&#8243;][vc_custom_heading text_color=&#8220;color-197188&#8243; heading_semantic=&#8220;div&#8220; text_size=&#8220;fontsize-158891&#8243; text_weight=&#8220;700&#8243; uncode_shortcode_id=&#8220;261323&#8243; text_color_type=&#8220;uncode-palette&#8220;]H\u00e4ufige<\/p>\n<p>Zahnprobleme<\/p>\n<p>bei Haustieren[\/vc_custom_heading][\/vc_column_inner][\/vc_row_inner][\/vc_column][\/vc_row][vc_row row_height_percent=&#8220;0&#8243; override_padding=&#8220;yes&#8220; h_padding=&#8220;2&#8243; top_padding=&#8220;5&#8243; bottom_padding=&#8220;5&#8243; overlay_alpha=&#8220;50&#8243; gutter_size=&#8220;3&#8243; column_width_percent=&#8220;100&#8243; shift_y=&#8220;0&#8243; z_index=&#8220;0&#8243; uncode_shortcode_id=&#8220;105515&#8243; el_id=&#8220;theWhyHome&#8220; el_class=&#8220;pc-section-shape-background-grey&#8220;][vc_column column_width_percent=&#8220;100&#8243; position_vertical=&#8220;middle&#8220; gutter_size=&#8220;3&#8243; overlay_alpha=&#8220;50&#8243; shift_x=&#8220;0&#8243; shift_y=&#8220;0&#8243; shift_y_down=&#8220;0&#8243; z_index=&#8220;0&#8243; medium_width=&#8220;0&#8243; mobile_width=&#8220;0&#8243; width=&#8220;1\/1&#8243; uncode_shortcode_id=&#8220;560473&#8243; css=&#8220;.vc_custom_1633967275694{padding-top: 30px !important;}&#8220;][vc_custom_heading text_color=&#8220;color-108211&#8243; heading_semantic=&#8220;div&#8220; text_size=&#8220;fontsize-158891&#8243; text_weight=&#8220;700&#8243; css_animation=&#8220;alpha-anim&#8220; uncode_shortcode_id=&#8220;154762&#8243; text_color_type=&#8220;uncode-palette&#8220;]Warum ist Zahnpflege f\u00fcr Ihr Haustier so wichtig?[\/vc_custom_heading][vc_column_text text_color=&#8220;color-prif&#8220; uncode_shortcode_id=&#8220;219316&#8243; text_color_type=&#8220;uncode-palette&#8220;]<\/p>\n<p style=\"font-size: 20px;\"><sup>Wussten Sie, dass sich Zahnprobleme bei Haustieren gar nicht so sehr von denen beim Menschen unterscheiden? \u00b9\u207b\u00b2<\/sup><sup><br \/>\n<\/sup><\/p>\n<p>Es stimmt \u2013 in Deutschland war Karies beim Menschen fr\u00fcher weit verbreitetet. Heute leiden wir h\u00e4ufiger an Paradontitis. Auch bei unseren Hunden und Katzen ist das ein gro\u00dfes Problem.<sup>1-3 <\/sup>Parodontalerkrankungen sind sogar so h\u00e4ufig, dass die Mehrheit der Hunde und Katzen \u00fcber 3 Jahre davon betroffen ist.\u2074[\/vc_column_text][vc_row_inner row_inner_height_percent=&#8220;0&#8243; overlay_alpha=&#8220;50&#8243; equal_height=&#8220;yes&#8220; gutter_size=&#8220;0&#8243; shift_y=&#8220;0&#8243; z_index=&#8220;0&#8243; limit_content=&#8220;&#8220; uncode_shortcode_id=&#8220;111127&#8243;][vc_column_inner column_width_percent=&#8220;100&#8243; gutter_size=&#8220;3&#8243; back_color=&#8220;color-197188&#8243; overlay_alpha=&#8220;50&#8243; shift_x=&#8220;0&#8243; shift_y=&#8220;0&#8243; shift_y_down=&#8220;0&#8243; z_index=&#8220;0&#8243; medium_width=&#8220;0&#8243; mobile_width=&#8220;0&#8243; width=&#8220;1\/2&#8243; uncode_shortcode_id=&#8220;114241&#8243; back_color_type=&#8220;uncode-palette&#8220; el_class=&#8220;grid-column&#8220;][vc_icon icon_image=&#8220;604&#8243; media_size=&#8220;95&#8243; uncode_shortcode_id=&#8220;820798&#8243; title=&#8220;9 von 10&#8243; el_class=&#8220;icon-center&#8220;][\/vc_icon][vc_icon icon_image=&#8220;601&#8243; media_size=&#8220;80&#8243; uncode_shortcode_id=&#8220;465068&#8243; title=&#8220;7 von 10&#8243; el_class=&#8220;icon-center&#8220;][\/vc_icon][vc_column_text text_color=&#8220;color-108211&#8243; uncode_shortcode_id=&#8220;563220&#8243; text_color_type=&#8220;uncode-palette&#8220; el_class=&#8220;grid-column-last&#8220;]Parodontalerkrankungen entstehen, wenn sich das Gewebe um die Z\u00e4hne infiziert und entz\u00fcndet. Es beginnt mit Zahnfleischentz\u00fcndung (Gingivitis).<\/p>\n<p>Wenn sie unbehandelt bleibt, breitet sich die Infektion oft in das Zahnfach aus und zerst\u00f6rt den Knochen. Z\u00e4hne k\u00f6nnen sich lockern und ausfallen.<sup>1<\/sup>[\/vc_column_text][\/vc_column_inner][vc_column_inner column_width_percent=&#8220;100&#8243; gutter_size=&#8220;3&#8243; back_image=&#8220;3632&#8243; overlay_alpha=&#8220;50&#8243; shift_x=&#8220;0&#8243; shift_y=&#8220;0&#8243; shift_y_down=&#8220;0&#8243; z_index=&#8220;0&#8243; medium_width=&#8220;0&#8243; mobile_width=&#8220;0&#8243; width=&#8220;1\/2&#8243; uncode_shortcode_id=&#8220;105916&#8243;][vc_empty_space empty_h=&#8220;5&#8243;][\/vc_column_inner][\/vc_row_inner][vc_column_text text_color=&#8220;color-prif&#8220; uncode_shortcode_id=&#8220;113470&#8243; text_color_type=&#8220;uncode-palette&#8220;]Parodontitis f\u00fchrt nicht nur zu Zahnverlust und schlechtem Atem. Die Erkrankung hat auch Auswirkungen auf Herz und Kreislauf \u2013 <strong>chronische Schmerzen<\/strong> k\u00f6nnen die Folge sein.<sup>5<\/sup><\/p>\n<p>Bei Tieren ist das besonders kritisch, denn sie zeigen Schmerzen nicht immer. Selbst wenn Ihr Tier frisst, k\u00f6nnte es leiden, <strong>ohne dass Sie es merken<\/strong>.[\/vc_column_text][vc_button button_color=&#8220;color-197188&#8243; size=&#8220;btn-sm&#8220; border_width=&#8220;0&#8243; link=&#8220;url:%2Fde%2Ffuer-tierhalter%2Fwelche-zahnpflege-fuer-ihr-tier%2F|title:Welche%20Zahnpflege%20f%C3%BCr%20Ihr%20Haustier%3F&#8220; button_color_type=&#8220;uncode-palette&#8220; el_class=&#8220;button-light&#8220; uncode_shortcode_id=&#8220;202693&#8243;]WELCHE PFLEGE IST F\u00dcR IHR TIER GEEIGNET? &gt;[\/vc_button][\/vc_column][\/vc_row][vc_row row_height_percent=&#8220;0&#8243; override_padding=&#8220;yes&#8220; h_padding=&#8220;2&#8243; top_padding=&#8220;3&#8243; bottom_padding=&#8220;1&#8243; back_color=&#8220;color-160397&#8243; overlay_alpha=&#8220;50&#8243; gutter_size=&#8220;3&#8243; column_width_percent=&#8220;100&#8243; shift_y=&#8220;0&#8243; z_index=&#8220;0&#8243; uncode_shortcode_id=&#8220;169673&#8243; back_color_type=&#8220;uncode-palette&#8220; el_id=&#8220;foot-owner&#8220; el_class=&#8220;site-footer&#8220;][vc_column column_width_percent=&#8220;100&#8243; gutter_size=&#8220;3&#8243; style=&#8220;dark&#8220; overlay_alpha=&#8220;50&#8243; shift_x=&#8220;0&#8243; shift_y=&#8220;0&#8243; shift_y_down=&#8220;0&#8243; z_index=&#8220;0&#8243; medium_width=&#8220;0&#8243; mobile_width=&#8220;0&#8243; width=&#8220;1\/1&#8243; uncode_shortcode_id=&#8220;204189&#8243;][vc_column_text text_lead=&#8220;small&#8220; uncode_shortcode_id=&#8220;278032&#8243;]<strong>Literaturhinweise<\/strong><\/p>\n<p class=\"p1\"><span class=\"s1\">1. Hiscox L and Bellows J. Available at: <a href=\"https:\/\/vcahospitals.com\/know-your-pet\/dental-disease-in-dogs\" target=\"_blank\" rel=\"noopener\">https:\/\/vcahospitals.com\/know-your-pet\/dental-disease-in-dogs<\/a> [Accessed January 2022].<br \/>\n<\/span><span class=\"s1\">2. Hiscox L and Bellows J. Available at: <a href=\"https:\/\/vcahospitals.com\/know-your-pet\/dental-disease-in-cats\" target=\"_blank\" rel=\"noopener\">https:\/\/vcahospitals.com\/know-your-pet\/dental-disease-in-cats<\/a> [Accessed January 2022<\/span><span class=\"s1\">].<br \/>\n3. F\u00fcnfte Deutsche Mundgesundheitsstudie abrufbar unter: https:\/\/www.bzaek.de\/fileadmin\/PDFs\/dms\/Zusammenfassung_DMS_V.pdf.<br \/>\n4. Royal Veterinary College. Available at: <a href=\"https:\/\/www.rvc.ac.uk\/review\/dentistry\/Shared_Media\/pdfs\/perio_print.pdf\" target=\"_blank\" rel=\"noopener\">https:\/\/www.rvc.ac.uk\/review\/dentistry\/Shared_Media\/pdfs\/perio_print.pdf<\/a> [Accessed January 2022]. 5. American Animal Hospital Association. Available at: <a href=\"https:\/\/www.aaha.org\/aaha-guidelines\/dental-care\/dental-care-home\/\" target=\"_blank\" rel=\"noopener\">https:\/\/www.aaha.org\/aaha-guidelines\/dental-care\/dental-care-home\/<\/a> [Accessed January 2022].<br \/>\n5. 5. American Animal Hospital Association. Abrufbar unter: https:\/\/www.aaha.org\/aaha-guidelines\/dental-care\/dental-care-home\/<\/span><\/p>\n<p>[\/vc_column_text][\/vc_column][\/vc_row]<\/p>\n<\/div>","protected":false},"excerpt":{"rendered":"<p>[vc_row row_height_percent=&#8220;65&#8243; override_padding=&#8220;yes&#8220; h_padding=&#8220;2&#8243; top_padding=&#8220;4&#8243; bottom_padding=&#8220;4&#8243; back_image=&#8220;2891&#8243; back_position=&#8220;center top&#8220; overlay_alpha=&#8220;50&#8243; gutter_size=&#8220;3&#8243; column_width_percent=&#8220;100&#8243; shift_y=&#8220;0&#8243; z_index=&#8220;0&#8243; medium_visibility=&#8220;yes&#8220; mobile_visibility=&#8220;yes&#8220; uncode_shortcode_id=&#8220;190830&#8243;][vc_column column_width_percent=&#8220;100&#8243; position_vertical=&#8220;middle&#8220; gutter_size=&#8220;2&#8243; [&hellip;]<\/p>\n","protected":false},"author":2,"featured_media":0,"parent":3625,"menu_order":0,"comment_status":"closed","ping_status":"closed","template":"","meta":{"footnotes":""},"class_list":["post-3665","page","type-page","status-publish","hentry"],"yoast_head":"<!-- This site is optimized with the Yoast SEO plugin v24.6 - https:\/\/yoast.com\/wordpress\/plugins\/seo\/ -->\n<title>H\u00e4ufige Zahnprobleme beim Haustier<\/title>\n<meta name=\"description\" content=\"Darum ist es wichtigt, Zahnprobleme &amp; Parodontalerkranungen beim Haustier fr\u00fchzeitig zu behandeln| 9 von 10 Hunden sind betroffen\" \/>\n<meta name=\"robots\" content=\"index, follow, max-snippet:-1, max-image-preview:large, max-video-preview:-1\" \/>\n<link rel=\"canonical\" href=\"https:\/\/dental.pet\/de\/fuer-tierhalter\/haeufige-zahnprobleme-bei-haustieren\/\" \/>\n<meta property=\"og:locale\" content=\"de_DE\" \/>\n<meta property=\"og:type\" content=\"article\" \/>\n<meta property=\"og:title\" content=\"H\u00e4ufige Zahnprobleme beim Haustier\" \/>\n<meta property=\"og:description\" content=\"Darum ist es wichtigt, Zahnprobleme &amp; Parodontalerkranungen beim Haustier fr\u00fchzeitig zu behandeln| 9 von 10 Hunden sind betroffen\" \/>\n<meta property=\"og:url\" content=\"https:\/\/dental.pet\/de\/fuer-tierhalter\/haeufige-zahnprobleme-bei-haustieren\/\" \/>\n<meta property=\"og:site_name\" content=\"Germany\" \/>\n<meta property=\"article:modified_time\" content=\"2022-12-06T10:58:46+00:00\" \/>\n<meta name=\"twitter:card\" content=\"summary_large_image\" \/>\n<meta name=\"twitter:label1\" content=\"Gesch\u00e4tzte Lesezeit\" \/>\n\t<meta name=\"twitter:data1\" content=\"3\u00a0Minuten\" \/>\n<script type=\"application\/ld+json\" class=\"yoast-schema-graph\">{\"@context\":\"https:\/\/schema.org\",\"@graph\":[{\"@type\":\"WebPage\",\"@id\":\"https:\/\/dental.pet\/de\/fuer-tierhalter\/haeufige-zahnprobleme-bei-haustieren\/\",\"url\":\"https:\/\/dental.pet\/de\/fuer-tierhalter\/haeufige-zahnprobleme-bei-haustieren\/\",\"name\":\"H\u00e4ufige Zahnprobleme beim Haustier\",\"isPartOf\":{\"@id\":\"https:\/\/dental.pet\/de\/#website\"},\"datePublished\":\"2021-12-21T19:31:32+00:00\",\"dateModified\":\"2022-12-06T10:58:46+00:00\",\"description\":\"Darum ist es wichtigt, Zahnprobleme & Parodontalerkranungen beim Haustier fr\u00fchzeitig zu behandeln| 9 von 10 Hunden sind betroffen\",\"breadcrumb\":{\"@id\":\"https:\/\/dental.pet\/de\/fuer-tierhalter\/haeufige-zahnprobleme-bei-haustieren\/#breadcrumb\"},\"inLanguage\":\"de\",\"potentialAction\":[{\"@type\":\"ReadAction\",\"target\":[\"https:\/\/dental.pet\/de\/fuer-tierhalter\/haeufige-zahnprobleme-bei-haustieren\/\"]}]},{\"@type\":\"BreadcrumbList\",\"@id\":\"https:\/\/dental.pet\/de\/fuer-tierhalter\/haeufige-zahnprobleme-bei-haustieren\/#breadcrumb\",\"itemListElement\":[{\"@type\":\"ListItem\",\"position\":1,\"name\":\"Home\",\"item\":\"https:\/\/dental.pet\/de\/\"},{\"@type\":\"ListItem\",\"position\":2,\"name\":\"Dental.pet f\u00fcr Tierhalter\",\"item\":\"https:\/\/dental.pet\/de\/fuer-tierhalter\/\"},{\"@type\":\"ListItem\",\"position\":3,\"name\":\"H\u00e4ufige Zahnprobleme bei Haustieren\"}]},{\"@type\":\"WebSite\",\"@id\":\"https:\/\/dental.pet\/de\/#website\",\"url\":\"https:\/\/dental.pet\/de\/\",\"name\":\"Germany\",\"description\":\"Willkommen beim Portal f\u00fcr Tierzahnpflege\",\"publisher\":{\"@id\":\"https:\/\/dental.pet\/de\/#organization\"},\"potentialAction\":[{\"@type\":\"SearchAction\",\"target\":{\"@type\":\"EntryPoint\",\"urlTemplate\":\"https:\/\/dental.pet\/de\/?s={search_term_string}\"},\"query-input\":{\"@type\":\"PropertyValueSpecification\",\"valueRequired\":true,\"valueName\":\"search_term_string\"}}],\"inLanguage\":\"de\"},{\"@type\":\"Organization\",\"@id\":\"https:\/\/dental.pet\/de\/#organization\",\"name\":\"Pet Dental\",\"url\":\"https:\/\/dental.pet\/de\/\",\"logo\":{\"@type\":\"ImageObject\",\"inLanguage\":\"de\",\"@id\":\"https:\/\/dental.pet\/de\/#\/schema\/logo\/image\/\",\"url\":\"https:\/\/dental.pet\/deutschland\/wp-content\/uploads\/sites\/10\/2021\/10\/pet-dental-logo-dark.png\",\"contentUrl\":\"https:\/\/dental.pet\/deutschland\/wp-content\/uploads\/sites\/10\/2021\/10\/pet-dental-logo-dark.png\",\"width\":328,\"height\":82,\"caption\":\"Pet Dental\"},\"image\":{\"@id\":\"https:\/\/dental.pet\/de\/#\/schema\/logo\/image\/\"}}]}<\/script>\n<!-- \/ Yoast SEO plugin. -->","yoast_head_json":{"title":"H\u00e4ufige Zahnprobleme beim Haustier","description":"Darum ist es wichtigt, Zahnprobleme & Parodontalerkranungen beim Haustier fr\u00fchzeitig zu behandeln| 9 von 10 Hunden sind betroffen","robots":{"index":"index","follow":"follow","max-snippet":"max-snippet:-1","max-image-preview":"max-image-preview:large","max-video-preview":"max-video-preview:-1"},"canonical":"https:\/\/dental.pet\/de\/fuer-tierhalter\/haeufige-zahnprobleme-bei-haustieren\/","og_locale":"de_DE","og_type":"article","og_title":"H\u00e4ufige Zahnprobleme beim Haustier","og_description":"Darum ist es wichtigt, Zahnprobleme & Parodontalerkranungen beim Haustier fr\u00fchzeitig zu behandeln| 9 von 10 Hunden sind betroffen","og_url":"https:\/\/dental.pet\/de\/fuer-tierhalter\/haeufige-zahnprobleme-bei-haustieren\/","og_site_name":"Germany","article_modified_time":"2022-12-06T10:58:46+00:00","twitter_card":"summary_large_image","twitter_misc":{"Gesch\u00e4tzte Lesezeit":"3\u00a0Minuten"},"schema":{"@context":"https:\/\/schema.org","@graph":[{"@type":"WebPage","@id":"https:\/\/dental.pet\/de\/fuer-tierhalter\/haeufige-zahnprobleme-bei-haustieren\/","url":"https:\/\/dental.pet\/de\/fuer-tierhalter\/haeufige-zahnprobleme-bei-haustieren\/","name":"H\u00e4ufige Zahnprobleme beim Haustier","isPartOf":{"@id":"https:\/\/dental.pet\/de\/#website"},"datePublished":"2021-12-21T19:31:32+00:00","dateModified":"2022-12-06T10:58:46+00:00","description":"Darum ist es wichtigt, Zahnprobleme & Parodontalerkranungen beim Haustier fr\u00fchzeitig zu behandeln| 9 von 10 Hunden sind betroffen","breadcrumb":{"@id":"https:\/\/dental.pet\/de\/fuer-tierhalter\/haeufige-zahnprobleme-bei-haustieren\/#breadcrumb"},"inLanguage":"de","potentialAction":[{"@type":"ReadAction","target":["https:\/\/dental.pet\/de\/fuer-tierhalter\/haeufige-zahnprobleme-bei-haustieren\/"]}]},{"@type":"BreadcrumbList","@id":"https:\/\/dental.pet\/de\/fuer-tierhalter\/haeufige-zahnprobleme-bei-haustieren\/#breadcrumb","itemListElement":[{"@type":"ListItem","position":1,"name":"Home","item":"https:\/\/dental.pet\/de\/"},{"@type":"ListItem","position":2,"name":"Dental.pet f\u00fcr Tierhalter","item":"https:\/\/dental.pet\/de\/fuer-tierhalter\/"},{"@type":"ListItem","position":3,"name":"H\u00e4ufige Zahnprobleme bei Haustieren"}]},{"@type":"WebSite","@id":"https:\/\/dental.pet\/de\/#website","url":"https:\/\/dental.pet\/de\/","name":"Germany","description":"Willkommen beim Portal f\u00fcr Tierzahnpflege","publisher":{"@id":"https:\/\/dental.pet\/de\/#organization"},"potentialAction":[{"@type":"SearchAction","target":{"@type":"EntryPoint","urlTemplate":"https:\/\/dental.pet\/de\/?s={search_term_string}"},"query-input":{"@type":"PropertyValueSpecification","valueRequired":true,"valueName":"search_term_string"}}],"inLanguage":"de"},{"@type":"Organization","@id":"https:\/\/dental.pet\/de\/#organization","name":"Pet Dental","url":"https:\/\/dental.pet\/de\/","logo":{"@type":"ImageObject","inLanguage":"de","@id":"https:\/\/dental.pet\/de\/#\/schema\/logo\/image\/","url":"https:\/\/dental.pet\/deutschland\/wp-content\/uploads\/sites\/10\/2021\/10\/pet-dental-logo-dark.png","contentUrl":"https:\/\/dental.pet\/deutschland\/wp-content\/uploads\/sites\/10\/2021\/10\/pet-dental-logo-dark.png","width":328,"height":82,"caption":"Pet Dental"},"image":{"@id":"https:\/\/dental.pet\/de\/#\/schema\/logo\/image\/"}}]}},"_links":{"self":[{"href":"https:\/\/dental.pet\/de\/wp-json\/wp\/v2\/pages\/3665","targetHints":{"allow":["GET"]}}],"collection":[{"href":"https:\/\/dental.pet\/de\/wp-json\/wp\/v2\/pages"}],"about":[{"href":"https:\/\/dental.pet\/de\/wp-json\/wp\/v2\/types\/page"}],"author":[{"embeddable":true,"href":"https:\/\/dental.pet\/de\/wp-json\/wp\/v2\/users\/2"}],"replies":[{"embeddable":true,"href":"https:\/\/dental.pet\/de\/wp-json\/wp\/v2\/comments?post=3665"}],"version-history":[{"count":5,"href":"https:\/\/dental.pet\/de\/wp-json\/wp\/v2\/pages\/3665\/revisions"}],"predecessor-version":[{"id":6980,"href":"https:\/\/dental.pet\/de\/wp-json\/wp\/v2\/pages\/3665\/revisions\/6980"}],"up":[{"embeddable":true,"href":"https:\/\/dental.pet\/de\/wp-json\/wp\/v2\/pages\/3625"}],"wp:attachment":[{"href":"https:\/\/dental.pet\/de\/wp-json\/wp\/v2\/media?parent=3665"}],"curies":[{"name":"wp","href":"https:\/\/api.w.org\/{rel}","templated":true}]}}