{"id":3625,"date":"2021-12-21T18:24:53","date_gmt":"2021-12-21T18:24:53","guid":{"rendered":"https:\/\/dental.onpressidium.com\/?page_id=3625"},"modified":"2022-12-16T15:52:39","modified_gmt":"2022-12-16T15:52:39","slug":"fuer-tierhalter","status":"publish","type":"page","link":"https:\/\/dental.pet\/de\/fuer-tierhalter\/","title":{"rendered":"Dental.pet f\u00fcr Tierhalter"},"content":{"rendered":"<div class=\"wpb-content-wrapper\"><p>[vc_row row_height_percent=&#8220;65&#8243; override_padding=&#8220;yes&#8220; h_padding=&#8220;2&#8243; top_padding=&#8220;2&#8243; bottom_padding=&#8220;2&#8243; back_image=&#8220;4821&#8243; back_position=&#8220;center top&#8220; overlay_alpha=&#8220;50&#8243; gutter_size=&#8220;3&#8243; column_width_percent=&#8220;100&#8243; shift_y=&#8220;0&#8243; z_index=&#8220;0&#8243; medium_visibility=&#8220;yes&#8220; mobile_visibility=&#8220;yes&#8220; uncode_shortcode_id=&#8220;175166&#8243;][vc_column column_width_percent=&#8220;100&#8243; position_vertical=&#8220;middle&#8220; gutter_size=&#8220;2&#8243; overlay_alpha=&#8220;50&#8243; shift_x=&#8220;0&#8243; shift_y=&#8220;0&#8243; shift_y_down=&#8220;0&#8243; z_index=&#8220;0&#8243; medium_width=&#8220;0&#8243; mobile_width=&#8220;0&#8243; css_animation=&#8220;bottom-t-top&#8220; width=&#8220;7\/12&#8243; uncode_shortcode_id=&#8220;497497&#8243; el_class=&#8220;z-index1&#8243;][vc_custom_heading text_color=&#8220;color-197188&#8243; heading_semantic=&#8220;div&#8220; text_size=&#8220;fontsize-158891&#8243; text_weight=&#8220;700&#8243; uncode_shortcode_id=&#8220;112641&#8243; text_color_type=&#8220;uncode-palette&#8220;]Willkommen<br \/>\nbeim Portal f\u00fcr<br \/>\nTierzahnpflege[\/vc_custom_heading][vc_empty_space empty_h=&#8220;2&#8243;][vc_column_text uncode_shortcode_id=&#8220;901418&#8243;]<span style=\"color: #ffffff;\">Ein Angebot von<\/span>[\/vc_column_text][vc_single_image media=&#8220;6209&#8243; media_width_percent=&#8220;30&#8243; uncode_shortcode_id=&#8220;191043&#8243;][\/vc_column][vc_column width=&#8220;5\/12&#8243;][\/vc_column][\/vc_row][vc_row row_height_percent=&#8220;80&#8243; override_padding=&#8220;yes&#8220; h_padding=&#8220;0&#8243; top_padding=&#8220;0&#8243; bottom_padding=&#8220;4&#8243; back_image=&#8220;1420&#8243; back_repeat=&#8220;no-repeat&#8220; back_position=&#8220;left center&#8220; overlay_alpha=&#8220;50&#8243; gutter_size=&#8220;3&#8243; column_width_percent=&#8220;100&#8243; shift_y=&#8220;0&#8243; z_index=&#8220;0&#8243; desktop_visibility=&#8220;yes&#8220; uncode_shortcode_id=&#8220;575826&#8243; back_size=&#8220;cover&#8220;][vc_column column_width_percent=&#8220;100&#8243; position_vertical=&#8220;middle&#8220; gutter_size=&#8220;2&#8243; overlay_alpha=&#8220;50&#8243; shift_x=&#8220;0&#8243; shift_y=&#8220;0&#8243; shift_y_down=&#8220;0&#8243; z_index=&#8220;0&#8243; medium_width=&#8220;0&#8243; mobile_width=&#8220;0&#8243; css_animation=&#8220;bottom-t-top&#8220; width=&#8220;1\/1&#8243; uncode_shortcode_id=&#8220;497497&#8243; el_class=&#8220;z-index1&#8243;][vc_single_image media=&#8220;5004&#8243; media_width_percent=&#8220;100&#8243; uncode_shortcode_id=&#8220;193493&#8243;][vc_row_inner row_inner_height_percent=&#8220;0&#8243; overlay_alpha=&#8220;50&#8243; gutter_size=&#8220;3&#8243; shift_y=&#8220;0&#8243; z_index=&#8220;0&#8243; uncode_shortcode_id=&#8220;181626&#8243; css=&#8220;.vc_custom_1635192959911{padding-right: 36px !important;padding-left: 36px !important;}&#8220; limit_content=&#8220;&#8220;][vc_column_inner column_width_percent=&#8220;100&#8243; gutter_size=&#8220;2&#8243; overlay_alpha=&#8220;50&#8243; shift_x=&#8220;0&#8243; shift_y=&#8220;0&#8243; shift_y_down=&#8220;0&#8243; z_index=&#8220;0&#8243; medium_width=&#8220;0&#8243; mobile_width=&#8220;0&#8243; width=&#8220;1\/1&#8243; uncode_shortcode_id=&#8220;178298&#8243; css=&#8220;.vc_custom_1640113309854{padding-top: 50px !important;}&#8220;][vc_custom_heading text_color=&#8220;color-197188&#8243; heading_semantic=&#8220;div&#8220; text_size=&#8220;fontsize-158891&#8243; text_weight=&#8220;700&#8243; uncode_shortcode_id=&#8220;121905&#8243; text_color_type=&#8220;uncode-palette&#8220;]Willkommen<\/p>\n<p>beim Portal f\u00fcr<\/p>\n<p>Tierzahnpflege[\/vc_custom_heading][\/vc_column_inner][\/vc_row_inner][\/vc_column][\/vc_row][vc_row row_height_percent=&#8220;0&#8243; override_padding=&#8220;yes&#8220; h_padding=&#8220;2&#8243; top_padding=&#8220;5&#8243; bottom_padding=&#8220;5&#8243; overlay_alpha=&#8220;50&#8243; gutter_size=&#8220;3&#8243; column_width_percent=&#8220;100&#8243; shift_y=&#8220;0&#8243; z_index=&#8220;0&#8243; desktop_visibility=&#8220;yes&#8220; medium_visibility=&#8220;yes&#8220; mobile_visibility=&#8220;yes&#8220; uncode_shortcode_id=&#8220;813892&#8243; el_id=&#8220;theWhyHome&#8220; el_class=&#8220;pc-section-shape-background-grey&#8220;][vc_column width=&#8220;1\/2&#8243;][vc_icon icon_image=&#8220;3632&#8243; linked_title=&#8220;yes&#8220; css_animation=&#8220;alpha-anim&#8220; uncode_shortcode_id=&#8220;159884&#8243; title=&#8220;Warum ist Zahnpflege f\u00fcr Ihr Haustier so wichtig?&#8220; link=&#8220;url:%23|rel:nofollow&#8220; el_class=&#8220;info-box-green&#8220;]<a href=\"https:\/\/dental.pet\/deutschland\/fuer-tierhalter\/haeufige-zahnprobleme-bei-haustieren\/\">H\u00e4ufige Zahnprobleme bei Haustieren &gt;<\/a>[\/vc_icon][vc_icon icon_image=&#8220;3635&#8243; linked_title=&#8220;yes&#8220; css_animation=&#8220;alpha-anim&#8220; uncode_shortcode_id=&#8220;186732&#8243; title=&#8220;Toothbrushing is the best thing you can do for your pet&#8220; link=&#8220;title:How%20to%20brush%20your%20pet%E2%80%99s%20teeth|rel:nofollow&#8220; el_class=&#8220;info-box-blue&#8220;]<a href=\"https:\/\/dental.pet\/for-pet-owner\/how-to-brush-your-pets-teeth\/\">Watch our video on how to brush your pet\u2019s teeth &gt;<\/a>[\/vc_icon][\/vc_column][vc_column width=&#8220;1\/2&#8243;][vc_icon icon_image=&#8220;3629&#8243; linked_title=&#8220;yes&#8220; css_animation=&#8220;alpha-anim&#8220; uncode_shortcode_id=&#8220;684518&#8243; title=&#8220;Es ist nie zu sp\u00e4t f\u00fcr eine Zahnpflegeroutine&#8220; link=&#8220;url:%23|rel:nofollow&#8220; el_class=&#8220;info-box-blue&#8220;]<a href=\"https:\/\/dental.pet\/deutschland\/fuer-tierhalter\/welche-zahnpflege-fuer-ihr-tier\/\">Welche Zahnpflegeroutine ist f\u00fcr Ihr Haustier geeignet? &gt;<\/a>[\/vc_icon][vc_icon icon_image=&#8220;3631&#8243; linked_title=&#8220;yes&#8220; css_animation=&#8220;alpha-anim&#8220; uncode_shortcode_id=&#8220;189629&#8243; title=&#8220;M\u00f6chten Sie mehr \u00fcber die Zahnpflege f\u00fcr Ihr Haustier erfahren?&#8220; link=&#8220;url:%23|rel:nofollow&#8220; el_class=&#8220;info-box-green&#8220;]<a href=\"\/deutschland\/fuer-tierhalter\/haeufig-gestellte-fragen\/\">Lesen Sie unsere FAQ &gt;<\/a>[\/vc_icon][\/vc_column][\/vc_row][vc_row row_height_percent=&#8220;0&#8243; override_padding=&#8220;yes&#8220; h_padding=&#8220;2&#8243; top_padding=&#8220;5&#8243; bottom_padding=&#8220;5&#8243; overlay_alpha=&#8220;50&#8243; equal_height=&#8220;yes&#8220; gutter_size=&#8220;3&#8243; column_width_percent=&#8220;100&#8243; shift_y=&#8220;0&#8243; z_index=&#8220;0&#8243; uncode_shortcode_id=&#8220;160243&#8243; el_id=&#8220;pet-own-three-boxes&#8220; el_class=&#8220;pc-section-shape-background-grey&#8220;][vc_column width=&#8220;1\/3&#8243;][vc_icon icon_image=&#8220;4803&#8243; linked_title=&#8220;yes&#8220; css_animation=&#8220;alpha-anim&#8220; uncode_shortcode_id=&#8220;151933&#8243; title=&#8220;Warum ist Zahnpflege f\u00fcr Ihr Haustier so wichtig?&#8220; link=&#8220;url:%2Fde%2Ffuer-tierhalter%2Fhaeufige-zahnprobleme-bei-haustieren%2F|title:H%C3%A4ufige%20Zahnprobleme%20bei%20Haustieren&#8220; el_class=&#8220;info-box-green&#8220;]<a href=\"https:\/\/dental.pet\/de\/fuer-tierhalter\/haeufige-zahnprobleme-bei-haustieren\/\">H\u00e4ufige Zahnprobleme bei Hunden und Katzen &gt;<\/a>[\/vc_icon][\/vc_column][vc_column width=&#8220;1\/3&#8243;][vc_icon icon_image=&#8220;3629&#8243; linked_title=&#8220;yes&#8220; css_animation=&#8220;alpha-anim&#8220; animation_delay=&#8220;300&#8243; uncode_shortcode_id=&#8220;705739&#8243; title=&#8220;Es ist nie zu sp\u00e4t f\u00fcr eine Zahnpflegeroutine&#8220; link=&#8220;url:%2Fde%2Ffuer-tierhalter%2Fwelche-zahnpflege-fuer-ihr-tier%2F|title:Welche%20Zahnpflege%20f%C3%BCr%20Ihr%20Haustier%3F&#8220; el_class=&#8220;info-box-blue&#8220;]<a href=\"https:\/\/dental.pet\/de\/fuer-tierhalter\/welche-zahnpflege-fuer-ihr-tier\/\">Welche Pflege ist f\u00fcr Ihr Haustier geeignet? &gt;<\/a>[\/vc_icon][\/vc_column][vc_column column_width_percent=&#8220;100&#8243; gutter_size=&#8220;3&#8243; overlay_alpha=&#8220;50&#8243; shift_x=&#8220;0&#8243; shift_y=&#8220;0&#8243; shift_y_down=&#8220;0&#8243; z_index=&#8220;0&#8243; medium_width=&#8220;0&#8243; mobile_width=&#8220;0&#8243; width=&#8220;1\/3&#8243; uncode_shortcode_id=&#8220;145972&#8243;][vc_icon icon_image=&#8220;3631&#8243; linked_title=&#8220;yes&#8220; css_animation=&#8220;alpha-anim&#8220; animation_delay=&#8220;600&#8243; uncode_shortcode_id=&#8220;144742&#8243; title=&#8220;M\u00f6chten Sie mehr \u00fcber die Zahnpflege f\u00fcr Ihr Haustier erfahren?&#8220; link=&#8220;url:%2Fde%2Ffuer-tierhalter%2Fhaeufig-gestellte-fragen%2F|title:FAQS|rel:nofollow&#8220; el_class=&#8220;info-box-green&#8220;]<a href=\"https:\/\/dental.pet\/de\/fuer-tierhalter\/haeufig-gestellte-fragen\/\">Hier finden Sie Antworten auf h\u00e4ufig gestellte Fragen &gt;<\/a>[\/vc_icon][\/vc_column][\/vc_row]<\/p>\n<\/div>","protected":false},"excerpt":{"rendered":"<p>[vc_row row_height_percent=&#8220;65&#8243; override_padding=&#8220;yes&#8220; h_padding=&#8220;2&#8243; top_padding=&#8220;2&#8243; bottom_padding=&#8220;2&#8243; back_image=&#8220;4821&#8243; back_position=&#8220;center top&#8220; overlay_alpha=&#8220;50&#8243; gutter_size=&#8220;3&#8243; column_width_percent=&#8220;100&#8243; shift_y=&#8220;0&#8243; z_index=&#8220;0&#8243; medium_visibility=&#8220;yes&#8220; mobile_visibility=&#8220;yes&#8220; uncode_shortcode_id=&#8220;175166&#8243;][vc_column column_width_percent=&#8220;100&#8243; position_vertical=&#8220;middle&#8220; gutter_size=&#8220;2&#8243; [&hellip;]<\/p>\n","protected":false},"author":2,"featured_media":0,"parent":0,"menu_order":0,"comment_status":"closed","ping_status":"closed","template":"","meta":{"footnotes":""},"class_list":["post-3625","page","type-page","status-publish","hentry"],"yoast_head":"<!-- This site is optimized with the Yoast SEO plugin v24.6 - https:\/\/yoast.com\/wordpress\/plugins\/seo\/ -->\n<title>Zahnpflege beim Haustier leicht gemacht | Infos f\u00fcr Tierhalter<\/title>\n<meta name=\"description\" content=\"Hilfreiche Antworten auf Fragen rund um die Zahnpflege beim Haustier | Darum ist Zahnpflege so wichtig | Die geeignete Zahnpflegeroutine\" \/>\n<meta name=\"robots\" content=\"index, follow, max-snippet:-1, max-image-preview:large, max-video-preview:-1\" \/>\n<link rel=\"canonical\" href=\"https:\/\/dental.pet\/de\/fuer-tierhalter\/\" \/>\n<meta property=\"og:locale\" content=\"de_DE\" \/>\n<meta property=\"og:type\" content=\"article\" \/>\n<meta property=\"og:title\" content=\"Zahnpflege beim Haustier leicht gemacht | Infos f\u00fcr Tierhalter\" \/>\n<meta property=\"og:description\" content=\"Hilfreiche Antworten auf Fragen rund um die Zahnpflege beim Haustier | Darum ist Zahnpflege so wichtig | Die geeignete Zahnpflegeroutine\" \/>\n<meta property=\"og:url\" content=\"https:\/\/dental.pet\/de\/fuer-tierhalter\/\" \/>\n<meta property=\"og:site_name\" content=\"Germany\" \/>\n<meta property=\"article:modified_time\" content=\"2022-12-16T15:52:39+00:00\" \/>\n<meta name=\"twitter:card\" content=\"summary_large_image\" \/>\n<meta name=\"twitter:label1\" content=\"Gesch\u00e4tzte Lesezeit\" \/>\n\t<meta name=\"twitter:data1\" content=\"2\u00a0Minuten\" \/>\n<script type=\"application\/ld+json\" class=\"yoast-schema-graph\">{\"@context\":\"https:\/\/schema.org\",\"@graph\":[{\"@type\":\"WebPage\",\"@id\":\"https:\/\/dental.pet\/de\/fuer-tierhalter\/\",\"url\":\"https:\/\/dental.pet\/de\/fuer-tierhalter\/\",\"name\":\"Zahnpflege beim Haustier leicht gemacht | Infos f\u00fcr Tierhalter\",\"isPartOf\":{\"@id\":\"https:\/\/dental.pet\/de\/#website\"},\"datePublished\":\"2021-12-21T18:24:53+00:00\",\"dateModified\":\"2022-12-16T15:52:39+00:00\",\"description\":\"Hilfreiche Antworten auf Fragen rund um die Zahnpflege beim Haustier | Darum ist Zahnpflege so wichtig | Die geeignete Zahnpflegeroutine\",\"breadcrumb\":{\"@id\":\"https:\/\/dental.pet\/de\/fuer-tierhalter\/#breadcrumb\"},\"inLanguage\":\"de\",\"potentialAction\":[{\"@type\":\"ReadAction\",\"target\":[\"https:\/\/dental.pet\/de\/fuer-tierhalter\/\"]}]},{\"@type\":\"BreadcrumbList\",\"@id\":\"https:\/\/dental.pet\/de\/fuer-tierhalter\/#breadcrumb\",\"itemListElement\":[{\"@type\":\"ListItem\",\"position\":1,\"name\":\"Home\",\"item\":\"https:\/\/dental.pet\/de\/\"},{\"@type\":\"ListItem\",\"position\":2,\"name\":\"Dental.pet f\u00fcr Tierhalter\"}]},{\"@type\":\"WebSite\",\"@id\":\"https:\/\/dental.pet\/de\/#website\",\"url\":\"https:\/\/dental.pet\/de\/\",\"name\":\"Germany\",\"description\":\"Willkommen beim Portal f\u00fcr Tierzahnpflege\",\"publisher\":{\"@id\":\"https:\/\/dental.pet\/de\/#organization\"},\"potentialAction\":[{\"@type\":\"SearchAction\",\"target\":{\"@type\":\"EntryPoint\",\"urlTemplate\":\"https:\/\/dental.pet\/de\/?s={search_term_string}\"},\"query-input\":{\"@type\":\"PropertyValueSpecification\",\"valueRequired\":true,\"valueName\":\"search_term_string\"}}],\"inLanguage\":\"de\"},{\"@type\":\"Organization\",\"@id\":\"https:\/\/dental.pet\/de\/#organization\",\"name\":\"Pet Dental\",\"url\":\"https:\/\/dental.pet\/de\/\",\"logo\":{\"@type\":\"ImageObject\",\"inLanguage\":\"de\",\"@id\":\"https:\/\/dental.pet\/de\/#\/schema\/logo\/image\/\",\"url\":\"https:\/\/dental.pet\/deutschland\/wp-content\/uploads\/sites\/10\/2021\/10\/pet-dental-logo-dark.png\",\"contentUrl\":\"https:\/\/dental.pet\/deutschland\/wp-content\/uploads\/sites\/10\/2021\/10\/pet-dental-logo-dark.png\",\"width\":328,\"height\":82,\"caption\":\"Pet Dental\"},\"image\":{\"@id\":\"https:\/\/dental.pet\/de\/#\/schema\/logo\/image\/\"}}]}<\/script>\n<!-- \/ Yoast SEO plugin. -->","yoast_head_json":{"title":"Zahnpflege beim Haustier leicht gemacht | Infos f\u00fcr Tierhalter","description":"Hilfreiche Antworten auf Fragen rund um die Zahnpflege beim Haustier | Darum ist Zahnpflege so wichtig | Die geeignete Zahnpflegeroutine","robots":{"index":"index","follow":"follow","max-snippet":"max-snippet:-1","max-image-preview":"max-image-preview:large","max-video-preview":"max-video-preview:-1"},"canonical":"https:\/\/dental.pet\/de\/fuer-tierhalter\/","og_locale":"de_DE","og_type":"article","og_title":"Zahnpflege beim Haustier leicht gemacht | Infos f\u00fcr Tierhalter","og_description":"Hilfreiche Antworten auf Fragen rund um die Zahnpflege beim Haustier | Darum ist Zahnpflege so wichtig | Die geeignete Zahnpflegeroutine","og_url":"https:\/\/dental.pet\/de\/fuer-tierhalter\/","og_site_name":"Germany","article_modified_time":"2022-12-16T15:52:39+00:00","twitter_card":"summary_large_image","twitter_misc":{"Gesch\u00e4tzte Lesezeit":"2\u00a0Minuten"},"schema":{"@context":"https:\/\/schema.org","@graph":[{"@type":"WebPage","@id":"https:\/\/dental.pet\/de\/fuer-tierhalter\/","url":"https:\/\/dental.pet\/de\/fuer-tierhalter\/","name":"Zahnpflege beim Haustier leicht gemacht | Infos f\u00fcr Tierhalter","isPartOf":{"@id":"https:\/\/dental.pet\/de\/#website"},"datePublished":"2021-12-21T18:24:53+00:00","dateModified":"2022-12-16T15:52:39+00:00","description":"Hilfreiche Antworten auf Fragen rund um die Zahnpflege beim Haustier | Darum ist Zahnpflege so wichtig | Die geeignete Zahnpflegeroutine","breadcrumb":{"@id":"https:\/\/dental.pet\/de\/fuer-tierhalter\/#breadcrumb"},"inLanguage":"de","potentialAction":[{"@type":"ReadAction","target":["https:\/\/dental.pet\/de\/fuer-tierhalter\/"]}]},{"@type":"BreadcrumbList","@id":"https:\/\/dental.pet\/de\/fuer-tierhalter\/#breadcrumb","itemListElement":[{"@type":"ListItem","position":1,"name":"Home","item":"https:\/\/dental.pet\/de\/"},{"@type":"ListItem","position":2,"name":"Dental.pet f\u00fcr Tierhalter"}]},{"@type":"WebSite","@id":"https:\/\/dental.pet\/de\/#website","url":"https:\/\/dental.pet\/de\/","name":"Germany","description":"Willkommen beim Portal f\u00fcr Tierzahnpflege","publisher":{"@id":"https:\/\/dental.pet\/de\/#organization"},"potentialAction":[{"@type":"SearchAction","target":{"@type":"EntryPoint","urlTemplate":"https:\/\/dental.pet\/de\/?s={search_term_string}"},"query-input":{"@type":"PropertyValueSpecification","valueRequired":true,"valueName":"search_term_string"}}],"inLanguage":"de"},{"@type":"Organization","@id":"https:\/\/dental.pet\/de\/#organization","name":"Pet Dental","url":"https:\/\/dental.pet\/de\/","logo":{"@type":"ImageObject","inLanguage":"de","@id":"https:\/\/dental.pet\/de\/#\/schema\/logo\/image\/","url":"https:\/\/dental.pet\/deutschland\/wp-content\/uploads\/sites\/10\/2021\/10\/pet-dental-logo-dark.png","contentUrl":"https:\/\/dental.pet\/deutschland\/wp-content\/uploads\/sites\/10\/2021\/10\/pet-dental-logo-dark.png","width":328,"height":82,"caption":"Pet Dental"},"image":{"@id":"https:\/\/dental.pet\/de\/#\/schema\/logo\/image\/"}}]}},"_links":{"self":[{"href":"https:\/\/dental.pet\/de\/wp-json\/wp\/v2\/pages\/3625","targetHints":{"allow":["GET"]}}],"collection":[{"href":"https:\/\/dental.pet\/de\/wp-json\/wp\/v2\/pages"}],"about":[{"href":"https:\/\/dental.pet\/de\/wp-json\/wp\/v2\/types\/page"}],"author":[{"embeddable":true,"href":"https:\/\/dental.pet\/de\/wp-json\/wp\/v2\/users\/2"}],"replies":[{"embeddable":true,"href":"https:\/\/dental.pet\/de\/wp-json\/wp\/v2\/comments?post=3625"}],"version-history":[{"count":8,"href":"https:\/\/dental.pet\/de\/wp-json\/wp\/v2\/pages\/3625\/revisions"}],"predecessor-version":[{"id":7088,"href":"https:\/\/dental.pet\/de\/wp-json\/wp\/v2\/pages\/3625\/revisions\/7088"}],"wp:attachment":[{"href":"https:\/\/dental.pet\/de\/wp-json\/wp\/v2\/media?parent=3625"}],"curies":[{"name":"wp","href":"https:\/\/api.w.org\/{rel}","templated":true}]}}