{"id":2860,"date":"2021-10-25T17:21:33","date_gmt":"2021-10-25T17:21:33","guid":{"rendered":"http:\/\/dental.onpressidium.com\/?page_id=2860"},"modified":"2022-09-15T08:07:52","modified_gmt":"2022-09-15T08:07:52","slug":"cookies","status":"publish","type":"page","link":"https:\/\/dental.pet\/de\/fuer-fachkreise\/cookies\/","title":{"rendered":"Cookies f\u00fcr TA"},"content":{"rendered":"<div class=\"wpb-content-wrapper\"><p>[vc_row row_height_percent=&#8220;33&#8243; override_padding=&#8220;yes&#8220; h_padding=&#8220;2&#8243; top_padding=&#8220;4&#8243; bottom_padding=&#8220;4&#8243; back_image=&#8220;2893&#8243; back_position=&#8220;left top&#8220; overlay_alpha=&#8220;50&#8243; gutter_size=&#8220;3&#8243; column_width_percent=&#8220;100&#8243; shift_y=&#8220;0&#8243; z_index=&#8220;0&#8243; uncode_shortcode_id=&#8220;564743&#8243;][vc_column column_width_percent=&#8220;100&#8243; position_vertical=&#8220;middle&#8220; gutter_size=&#8220;3&#8243; overlay_alpha=&#8220;50&#8243; shift_x=&#8220;0&#8243; shift_y=&#8220;0&#8243; shift_y_down=&#8220;0&#8243; z_index=&#8220;0&#8243; medium_width=&#8220;0&#8243; mobile_width=&#8220;0&#8243; css_animation=&#8220;bottom-t-top&#8220; width=&#8220;3\/4&#8243; uncode_shortcode_id=&#8220;112221&#8243; el_class=&#8220;z-index1&#8243;][vc_custom_heading text_color=&#8220;color-197188&#8243; heading_semantic=&#8220;div&#8220; text_size=&#8220;fontsize-158891&#8243; text_weight=&#8220;700&#8243; uncode_shortcode_id=&#8220;155473&#8243; text_color_type=&#8220;uncode-palette&#8220;]Cookie<\/p>\n<p>Richtlinie[\/vc_custom_heading][\/vc_column][vc_column width=&#8220;1\/4&#8243;][\/vc_column][\/vc_row][vc_row row_height_percent=&#8220;0&#8243; override_padding=&#8220;yes&#8220; h_padding=&#8220;2&#8243; top_padding=&#8220;5&#8243; bottom_padding=&#8220;7&#8243; overlay_alpha=&#8220;50&#8243; gutter_size=&#8220;3&#8243; column_width_percent=&#8220;100&#8243; shift_y=&#8220;0&#8243; z_index=&#8220;0&#8243; uncode_shortcode_id=&#8220;178923&#8243; el_id=&#8220;accordion-dark&#8220; el_class=&#8220;pc-section-shape-background-grey&#8220;][vc_column column_width_percent=&#8220;100&#8243; position_vertical=&#8220;middle&#8220; gutter_size=&#8220;3&#8243; expand_height=&#8220;yes&#8220; overlay_alpha=&#8220;50&#8243; shift_x=&#8220;0&#8243; shift_y=&#8220;0&#8243; shift_y_down=&#8220;0&#8243; z_index=&#8220;0&#8243; medium_width=&#8220;0&#8243; mobile_width=&#8220;0&#8243; width=&#8220;1\/1&#8243; uncode_shortcode_id=&#8220;409797&#8243;][vc_column_text uncode_shortcode_id=&#8220;655520&#8243;]<strong>Cookies und ihr Nutzen f\u00fcr Sie<\/strong><\/p>\n<p>Wie fast alle Websites verwendet auch diese Seite Cookies, um Ihnen die bestm\u00f6gliche Erfahrung zu bieten. Cookies sind kleine Textdateien, die auf Ihrem Computer oder Mobiltelefon platziert werden, wenn Sie auf Websites surfen.<\/p>\n<p>Unsere Cookies helfen uns:<\/p>\n<ul>\n<li>die Funktion der Ecuphar-Webseite in der Form zu gew\u00e4hrleisten, wie Sie dies erwarten<\/li>\n<li>Ihre Einstellung w\u00e4hrend und zwischen den Besuchen zu speichern<\/li>\n<li>die Geschwindigkeit\/Sicherheit der Seite zu verbessern<\/li>\n<li>unsere Webseite laufend f\u00fcr Sie zu verbessern<\/li>\n<\/ul>\n<p>Wir verwenden keine Cookies, um:<\/p>\n<ul>\n<li>personenbezogene Daten zu erfassen (ohne Ihre ausdr\u00fcckliche Zustimmung)<\/li>\n<li>sensible Daten im Sinne der DSGVO (EU 2016\/679) zu erfassen (ohne Ihre ausdr\u00fcckliche Zustimmung)<\/li>\n<li>personenbezogene Daten an Dritte weiterzugeben<\/li>\n<li>Verkaufsprovisionen zu zahlen<\/li>\n<\/ul>\n<p>Innerhalb der URL verwendete Cookies haben folgenden Zweck:<\/p>\n<p>&nbsp;<\/p>\n\n<table id=\"tablepress-1\" class=\"tablepress tablepress-id-1\">\n<thead>\n<tr class=\"row-1\">\n\t<th class=\"column-1\">Cookie<\/th><th class=\"column-2\">Zweck<\/th><th class=\"column-3\">Weitere Informationen<\/th>\n<\/tr>\n<\/thead>\n<tbody class=\"row-striping row-hover\">\n<tr class=\"row-2\">\n\t<td class=\"column-1\">Session-Cookies<\/td><td class=\"column-2\">Sie erm\u00f6glichen die Aufrechterhaltung, Funktionalit\u00e4t und den Ablauf Ihrer Sitzung.<\/td><td class=\"column-3\"><\/td>\n<\/tr>\n<tr class=\"row-3\">\n\t<td class=\"column-1\">Personalisierung<\/td><td class=\"column-2\">Sie erm\u00f6glichen es der Website, sich an angemeldete Benutzer und deren Pr\u00e4ferenzen zu erinnern. Dazu geh\u00f6rt auch, ob die Person die Cookie-Richtlinie und das Tracking akzeptiert hat.<\/td><td class=\"column-3\"><\/td>\n<\/tr>\n<tr class=\"row-4\">\n\t<td class=\"column-1\">Google Analytics<\/td><td class=\"column-2\">Diese Cookies werden verwendet, um Informationen dar\u00fcber zu sammeln, wie Besucher unsere Website nutzen. Diese Informationen helfen uns bei der Verbesserung der Funktion unserer Website. Die Cookies sammeln Informationen in anonymer Form, einschlie\u00dflich der Anzahl der Besucher auf der Website, woher die Besucher auf die Website gekommen sind und welche Seiten sie besucht haben.<\/td><td class=\"column-3\">Klicken Sie hier f\u00fcr einen \u00dcberblick zum Datenschutz bei Google<a href=\"https:\/\/marketingplatform.google.com\/about\/\" rel=\"noopener\" target=\"_blank\">Klicken Sie hier f\u00fcr einen \u00dcberblick zum Datenschutz bei Google<\/a><\/td>\n<\/tr>\n<\/tbody>\n<\/table>\n<!-- #tablepress-1 from cache -->\n<p>Die meisten Webbrowser erm\u00f6glichen die Kontrolle von Cookies \u00fcber die Browsereinstellungen. Weitere Informationen \u00fcber Cookies, einschlie\u00dflich Informationen dar\u00fcber, wie Sie sehen k\u00f6nnen, welche Cookies gesetzt wurden und wie Sie diese verwalten und l\u00f6schen k\u00f6nnen, finden Sie unter <a href=\"http:\/\/www.allaboutcookies.org\/\">www.allaboutcookies.org<\/a>.<\/p>\n<p>Um das Tracking durch Google Analytics f\u00fcr alle Websites zu deaktivieren, gehen Sie zu <a href=\"http:\/\/tools.google.com\/dlpage\/gaoptout\">http:\/\/tools.google.com\/dlpage\/gaoptout<\/a><a href=\"http:\/\/tools.google.com\/dlpage\/gaoptout\">.<\/a><\/p>\n<p><strong>Erteilung der Erlaubnis zur Verwendung von Cookies<\/strong><\/p>\n<p>Wenn die Einstellungen der Software, die Sie verwenden, um diese Website anzuzeigen (Ihr Browser), so angepasst sind, dass Cookies akzeptiert werden, betrachten wir dies und Ihre weitere Nutzung unserer Website als Ihr Einverst\u00e4ndnis. Wenn Sie Cookies von unserer Website entfernen oder nicht verwenden m\u00f6chten, erfahren Sie weiter unten, wie Sie dies tun k\u00f6nnen. Dies k\u00f6nnte aber dazu f\u00fchren, dass unsere Website nicht wie erwartet funktioniert.<\/p>\n<p><strong>Erfahren Sie mehr \u00fcber unsere Cookies<\/strong><\/p>\n<p>Wir verwenden Cookies, damit unsere Website funktioniert, u.a.: Zum Speichern Ihrer Einstellungen<\/p>\n<p>Die einzige M\u00f6glichkeit, die Verwendung und das Setzen von funktionalen Cookies, Personalisierungs-Cookies und anonymisierten Tracking-Cookies zu verhindern, besteht darin unsere Website nicht zu nutzen.<\/p>\n<p>F\u00fcr das personalisierte Tracking wird Ihre Zustimmung eingeholt. Diese Zustimmung wird, wie oben erw\u00e4hnt, in einem speziellen Cookie gespeichert.<\/p>\n<p><strong>Cookies f\u00fcr anonyme Besucherstatistiken<\/strong><\/p>\n<p>Wir verwenden Cookies, um Besucherstatistiken zu erstellen, z. B. wie viele Personen unsere Website besucht haben, welche Art von Technologie sie verwenden (z.\u00a0B. Mac oder Windows), wie lange sie sich auf der Website aufhalten, welche Seite sie sich ansehen, usw. Dies hilft uns, unsere Webseite laufend zu verbessern. Diese so genannten \u201eAnalytics\u201c-Programme sagen uns auch auf anonymer Basis, wie die Nutzer diese Website gefunden haben (z.B. \u00fcber eine Suchmaschine) oder ob sie vielleicht schon einmal hier waren. So k\u00f6nnen wir unsere Ressourcen dazu verwenden, unsere Website f\u00fcr Sie zu verbessern<\/p>\n<p>.Drittanbieter-Cookies werden gesetzt von:<\/p>\n<ul>\n<li>Google Analytics \u2013 sie liefern uns anonyme Informationen dar\u00fcber, wie Besucher unsere Website nutzen<\/li>\n<\/ul>\n<p><strong>Cookies deaktivieren<\/strong><\/p>\n<p><strong>\u00a0<\/strong>Sie k\u00f6nnen Cookies normalerweise \u00fcber Ihre Browsereinstellungen deaktivieren (<a href=\"https:\/\/www.aboutcookies.org\/how-to-control-cookies\/\">erfahren Sie hier, wie<\/a>). Dadurch wird jedoch wahrscheinlich die Funktionalit\u00e4t unserer Website und eines Gro\u00dfteils der anderen Websites weltweit eingeschr\u00e4nkt, da Cookies ein Standardbestandteil der meisten modernen Websites sind.Wenn Sie mehr Kontrolle \u00fcber die Installation von Cookies haben m\u00f6chten, k\u00f6nnen Sie Programme oder Add-ons f\u00fcr Ihren Browser installieren, sogenannte \u201eNicht verfolgen\u201c-Tools, mit denen Sie die Cookies w\u00e4hlen k\u00f6nnen, die Sie zulassen m\u00f6chten.Wenn Sie die Installation von Cookies in Ihrem Browser nicht zulassen, ist es m\u00f6glich, dass Sie auf einige Bereiche unserer Website nicht zugreifen k\u00f6nnen oder dass sie nicht richtig funktioniert.<\/p>\n<p><strong>\u00c4nderungen dieser Cookie-Richtlinie<\/strong><\/p>\n<p><strong>\u00a0<\/strong>Wir \u00fcberpr\u00fcfen unsere Cookie-Richtlinie regelm\u00e4\u00dfig.<\/p>\n<p><strong>Kontakt<\/strong><\/p>\n<p><strong>\u00a0<\/strong>Informationen \u00fcber unsere Datenschutzerkl\u00e4rung k\u00f6nnen Sie per E-Mail unter <a href=\"mailto:privacy@ecuphar.com\">privacy@ecuphar.de <\/a>oder schriftlich bei der Ecuphar GmbH anfordern.[\/vc_column_text][\/vc_column][\/vc_row]<\/p>\n<\/div>","protected":false},"excerpt":{"rendered":"<p>[vc_row row_height_percent=&#8220;33&#8243; override_padding=&#8220;yes&#8220; h_padding=&#8220;2&#8243; top_padding=&#8220;4&#8243; bottom_padding=&#8220;4&#8243; back_image=&#8220;2893&#8243; back_position=&#8220;left top&#8220; overlay_alpha=&#8220;50&#8243; gutter_size=&#8220;3&#8243; column_width_percent=&#8220;100&#8243; shift_y=&#8220;0&#8243; z_index=&#8220;0&#8243; uncode_shortcode_id=&#8220;564743&#8243;][vc_column column_width_percent=&#8220;100&#8243; position_vertical=&#8220;middle&#8220; gutter_size=&#8220;3&#8243; overlay_alpha=&#8220;50&#8243; shift_x=&#8220;0&#8243; [&hellip;]<\/p>\n","protected":false},"author":2,"featured_media":0,"parent":3809,"menu_order":0,"comment_status":"closed","ping_status":"closed","template":"","meta":{"footnotes":""},"class_list":["post-2860","page","type-page","status-publish","hentry"],"yoast_head":"<!-- This site is optimized with the Yoast SEO plugin v24.6 - https:\/\/yoast.com\/wordpress\/plugins\/seo\/ -->\n<title>Cookies<\/title>\n<meta name=\"description\" content=\"Cookie-Richtlinie dental.pet | Ein Angebot der Ecuphar GmbH\" \/>\n<meta name=\"robots\" content=\"index, follow, max-snippet:-1, max-image-preview:large, max-video-preview:-1\" \/>\n<link rel=\"canonical\" href=\"https:\/\/dental.pet\/de\/fuer-fachkreise\/cookies\/\" \/>\n<meta property=\"og:locale\" content=\"de_DE\" \/>\n<meta property=\"og:type\" content=\"article\" \/>\n<meta property=\"og:title\" content=\"Cookies\" \/>\n<meta property=\"og:description\" content=\"Cookie-Richtlinie dental.pet | Ein Angebot der Ecuphar GmbH\" \/>\n<meta property=\"og:url\" content=\"https:\/\/dental.pet\/de\/fuer-fachkreise\/cookies\/\" \/>\n<meta property=\"og:site_name\" content=\"Germany\" \/>\n<meta property=\"article:modified_time\" content=\"2022-09-15T08:07:52+00:00\" \/>\n<meta name=\"twitter:card\" content=\"summary_large_image\" \/>\n<meta name=\"twitter:label1\" content=\"Gesch\u00e4tzte Lesezeit\" \/>\n\t<meta name=\"twitter:data1\" content=\"4\u00a0Minuten\" \/>\n<script type=\"application\/ld+json\" class=\"yoast-schema-graph\">{\"@context\":\"https:\/\/schema.org\",\"@graph\":[{\"@type\":\"WebPage\",\"@id\":\"https:\/\/dental.pet\/de\/fuer-fachkreise\/cookies\/\",\"url\":\"https:\/\/dental.pet\/de\/fuer-fachkreise\/cookies\/\",\"name\":\"Cookies\",\"isPartOf\":{\"@id\":\"https:\/\/dental.pet\/de\/#website\"},\"datePublished\":\"2021-10-25T17:21:33+00:00\",\"dateModified\":\"2022-09-15T08:07:52+00:00\",\"description\":\"Cookie-Richtlinie dental.pet | Ein Angebot der Ecuphar GmbH\",\"breadcrumb\":{\"@id\":\"https:\/\/dental.pet\/de\/fuer-fachkreise\/cookies\/#breadcrumb\"},\"inLanguage\":\"de\",\"potentialAction\":[{\"@type\":\"ReadAction\",\"target\":[\"https:\/\/dental.pet\/de\/fuer-fachkreise\/cookies\/\"]}]},{\"@type\":\"BreadcrumbList\",\"@id\":\"https:\/\/dental.pet\/de\/fuer-fachkreise\/cookies\/#breadcrumb\",\"itemListElement\":[{\"@type\":\"ListItem\",\"position\":1,\"name\":\"Home\",\"item\":\"https:\/\/dental.pet\/de\/\"},{\"@type\":\"ListItem\",\"position\":2,\"name\":\"Startseite f\u00fcr Tier\u00e4rzte\",\"item\":\"https:\/\/dental.pet\/de\/fuer-fachkreise\/\"},{\"@type\":\"ListItem\",\"position\":3,\"name\":\"Cookies f\u00fcr TA\"}]},{\"@type\":\"WebSite\",\"@id\":\"https:\/\/dental.pet\/de\/#website\",\"url\":\"https:\/\/dental.pet\/de\/\",\"name\":\"Germany\",\"description\":\"Willkommen beim Portal f\u00fcr Tierzahnpflege\",\"publisher\":{\"@id\":\"https:\/\/dental.pet\/de\/#organization\"},\"potentialAction\":[{\"@type\":\"SearchAction\",\"target\":{\"@type\":\"EntryPoint\",\"urlTemplate\":\"https:\/\/dental.pet\/de\/?s={search_term_string}\"},\"query-input\":{\"@type\":\"PropertyValueSpecification\",\"valueRequired\":true,\"valueName\":\"search_term_string\"}}],\"inLanguage\":\"de\"},{\"@type\":\"Organization\",\"@id\":\"https:\/\/dental.pet\/de\/#organization\",\"name\":\"Pet Dental\",\"url\":\"https:\/\/dental.pet\/de\/\",\"logo\":{\"@type\":\"ImageObject\",\"inLanguage\":\"de\",\"@id\":\"https:\/\/dental.pet\/de\/#\/schema\/logo\/image\/\",\"url\":\"https:\/\/dental.pet\/deutschland\/wp-content\/uploads\/sites\/10\/2021\/10\/pet-dental-logo-dark.png\",\"contentUrl\":\"https:\/\/dental.pet\/deutschland\/wp-content\/uploads\/sites\/10\/2021\/10\/pet-dental-logo-dark.png\",\"width\":328,\"height\":82,\"caption\":\"Pet Dental\"},\"image\":{\"@id\":\"https:\/\/dental.pet\/de\/#\/schema\/logo\/image\/\"}}]}<\/script>\n<!-- \/ Yoast SEO plugin. -->","yoast_head_json":{"title":"Cookies","description":"Cookie-Richtlinie dental.pet | Ein Angebot der Ecuphar GmbH","robots":{"index":"index","follow":"follow","max-snippet":"max-snippet:-1","max-image-preview":"max-image-preview:large","max-video-preview":"max-video-preview:-1"},"canonical":"https:\/\/dental.pet\/de\/fuer-fachkreise\/cookies\/","og_locale":"de_DE","og_type":"article","og_title":"Cookies","og_description":"Cookie-Richtlinie dental.pet | Ein Angebot der Ecuphar GmbH","og_url":"https:\/\/dental.pet\/de\/fuer-fachkreise\/cookies\/","og_site_name":"Germany","article_modified_time":"2022-09-15T08:07:52+00:00","twitter_card":"summary_large_image","twitter_misc":{"Gesch\u00e4tzte Lesezeit":"4\u00a0Minuten"},"schema":{"@context":"https:\/\/schema.org","@graph":[{"@type":"WebPage","@id":"https:\/\/dental.pet\/de\/fuer-fachkreise\/cookies\/","url":"https:\/\/dental.pet\/de\/fuer-fachkreise\/cookies\/","name":"Cookies","isPartOf":{"@id":"https:\/\/dental.pet\/de\/#website"},"datePublished":"2021-10-25T17:21:33+00:00","dateModified":"2022-09-15T08:07:52+00:00","description":"Cookie-Richtlinie dental.pet | Ein Angebot der Ecuphar GmbH","breadcrumb":{"@id":"https:\/\/dental.pet\/de\/fuer-fachkreise\/cookies\/#breadcrumb"},"inLanguage":"de","potentialAction":[{"@type":"ReadAction","target":["https:\/\/dental.pet\/de\/fuer-fachkreise\/cookies\/"]}]},{"@type":"BreadcrumbList","@id":"https:\/\/dental.pet\/de\/fuer-fachkreise\/cookies\/#breadcrumb","itemListElement":[{"@type":"ListItem","position":1,"name":"Home","item":"https:\/\/dental.pet\/de\/"},{"@type":"ListItem","position":2,"name":"Startseite f\u00fcr Tier\u00e4rzte","item":"https:\/\/dental.pet\/de\/fuer-fachkreise\/"},{"@type":"ListItem","position":3,"name":"Cookies f\u00fcr TA"}]},{"@type":"WebSite","@id":"https:\/\/dental.pet\/de\/#website","url":"https:\/\/dental.pet\/de\/","name":"Germany","description":"Willkommen beim Portal f\u00fcr Tierzahnpflege","publisher":{"@id":"https:\/\/dental.pet\/de\/#organization"},"potentialAction":[{"@type":"SearchAction","target":{"@type":"EntryPoint","urlTemplate":"https:\/\/dental.pet\/de\/?s={search_term_string}"},"query-input":{"@type":"PropertyValueSpecification","valueRequired":true,"valueName":"search_term_string"}}],"inLanguage":"de"},{"@type":"Organization","@id":"https:\/\/dental.pet\/de\/#organization","name":"Pet Dental","url":"https:\/\/dental.pet\/de\/","logo":{"@type":"ImageObject","inLanguage":"de","@id":"https:\/\/dental.pet\/de\/#\/schema\/logo\/image\/","url":"https:\/\/dental.pet\/deutschland\/wp-content\/uploads\/sites\/10\/2021\/10\/pet-dental-logo-dark.png","contentUrl":"https:\/\/dental.pet\/deutschland\/wp-content\/uploads\/sites\/10\/2021\/10\/pet-dental-logo-dark.png","width":328,"height":82,"caption":"Pet Dental"},"image":{"@id":"https:\/\/dental.pet\/de\/#\/schema\/logo\/image\/"}}]}},"_links":{"self":[{"href":"https:\/\/dental.pet\/de\/wp-json\/wp\/v2\/pages\/2860","targetHints":{"allow":["GET"]}}],"collection":[{"href":"https:\/\/dental.pet\/de\/wp-json\/wp\/v2\/pages"}],"about":[{"href":"https:\/\/dental.pet\/de\/wp-json\/wp\/v2\/types\/page"}],"author":[{"embeddable":true,"href":"https:\/\/dental.pet\/de\/wp-json\/wp\/v2\/users\/2"}],"replies":[{"embeddable":true,"href":"https:\/\/dental.pet\/de\/wp-json\/wp\/v2\/comments?post=2860"}],"version-history":[{"count":6,"href":"https:\/\/dental.pet\/de\/wp-json\/wp\/v2\/pages\/2860\/revisions"}],"predecessor-version":[{"id":6581,"href":"https:\/\/dental.pet\/de\/wp-json\/wp\/v2\/pages\/2860\/revisions\/6581"}],"up":[{"embeddable":true,"href":"https:\/\/dental.pet\/de\/wp-json\/wp\/v2\/pages\/3809"}],"wp:attachment":[{"href":"https:\/\/dental.pet\/de\/wp-json\/wp\/v2\/media?parent=2860"}],"curies":[{"name":"wp","href":"https:\/\/api.w.org\/{rel}","templated":true}]}}