{"id":2849,"date":"2021-10-25T17:17:58","date_gmt":"2021-10-25T17:17:58","guid":{"rendered":"http:\/\/dental.onpressidium.com\/?page_id=2849"},"modified":"2024-04-18T16:49:55","modified_gmt":"2024-04-18T16:49:55","slug":"datenschutzerklaerung","status":"publish","type":"page","link":"https:\/\/dental.pet\/de\/fuer-fachkreise\/datenschutzerklaerung\/","title":{"rendered":"Datenschutzerkl\u00e4rung TA"},"content":{"rendered":"<div class=\"wpb-content-wrapper\"><p>[vc_row row_height_percent=&#8220;33&#8243; override_padding=&#8220;yes&#8220; h_padding=&#8220;2&#8243; top_padding=&#8220;4&#8243; bottom_padding=&#8220;4&#8243; back_image=&#8220;2893&#8243; back_position=&#8220;left top&#8220; overlay_alpha=&#8220;50&#8243; gutter_size=&#8220;3&#8243; column_width_percent=&#8220;100&#8243; shift_y=&#8220;0&#8243; z_index=&#8220;0&#8243; uncode_shortcode_id=&#8220;105432&#8243; back_size=&#8220;cover&#8220;][vc_column column_width_percent=&#8220;100&#8243; position_vertical=&#8220;middle&#8220; gutter_size=&#8220;3&#8243; overlay_alpha=&#8220;50&#8243; shift_x=&#8220;0&#8243; shift_y=&#8220;0&#8243; shift_y_down=&#8220;0&#8243; z_index=&#8220;0&#8243; medium_width=&#8220;0&#8243; mobile_width=&#8220;0&#8243; css_animation=&#8220;bottom-t-top&#8220; width=&#8220;3\/4&#8243; uncode_shortcode_id=&#8220;112221&#8243; el_class=&#8220;z-index1&#8243;][vc_custom_heading text_color=&#8220;color-197188&#8243; heading_semantic=&#8220;div&#8220; text_size=&#8220;fontsize-158891&#8243; text_weight=&#8220;700&#8243; uncode_shortcode_id=&#8220;955332&#8243; text_color_type=&#8220;uncode-palette&#8220;]Datenschutz-<\/p>\n<p>erkl\u00e4rung[\/vc_custom_heading][\/vc_column][vc_column width=&#8220;1\/4&#8243;][\/vc_column][\/vc_row][vc_row row_height_percent=&#8220;0&#8243; override_padding=&#8220;yes&#8220; h_padding=&#8220;2&#8243; top_padding=&#8220;5&#8243; bottom_padding=&#8220;7&#8243; overlay_alpha=&#8220;50&#8243; gutter_size=&#8220;3&#8243; column_width_percent=&#8220;100&#8243; shift_y=&#8220;0&#8243; z_index=&#8220;0&#8243; uncode_shortcode_id=&#8220;178923&#8243; el_id=&#8220;accordion-dark&#8220; el_class=&#8220;pc-section-shape-background-grey&#8220;][vc_column column_width_percent=&#8220;100&#8243; position_vertical=&#8220;middle&#8220; gutter_size=&#8220;3&#8243; expand_height=&#8220;yes&#8220; overlay_alpha=&#8220;50&#8243; shift_x=&#8220;0&#8243; shift_y=&#8220;0&#8243; shift_y_down=&#8220;0&#8243; z_index=&#8220;0&#8243; medium_width=&#8220;0&#8243; mobile_width=&#8220;0&#8243; width=&#8220;1\/1&#8243; uncode_shortcode_id=&#8220;409797&#8243;][vc_column_text uncode_shortcode_id=&#8220;748670&#8243;]<\/p>\n<div class=\"postInhalt ng-binding\">\n<p><em><strong>Die Informationen gem\u00e4\u00df Artikel 13 DSGVO finden Sie am Ende dieser Seite.<\/strong><\/em><\/p>\n<p><strong>Datenschutzerkl\u00e4rung f\u00fcr das Webangebot<\/strong><\/p>\n<p><u>Verantwortliche f\u00fcr die Datenverarbeitung:<br \/>\n<\/u>Ecuphar GmbH<br \/>\nDr. Bernd Loeffler<br \/>\nBrandteichstr. 20<br \/>\n17493 Greifswald<br \/>\n03834 83584 0<br \/>\nprivacy@ecuphar.de<\/p>\n<p><u>Datenschutzbeauftragter:<br \/>\n<\/u>Great Oak Datenschutz GmbH &amp; Co. KG<br \/>\nFlorian Schirm<br \/>\nGrubenstra\u00dfe 20<br \/>\n18055 Rostock<br \/>\nTel. 0381 367 6819 0<br \/>\n<a href=\"https:\/\/www.great-oak-datenschutz.de\">https:\/\/www.great-oak-datenschutz.de<\/a><\/p>\n<p><u>Zweck der Verarbeitung:<br \/>\n<\/u>Zweck A: Protokollierung der Besuche der Webseite auf Basis der IP-Adresse zur Auswertung der Besucheranzahl und der aufgerufenen Seiten<\/p>\n<p>Zweck B: Protokollierung der Systemereignisse mit IP-Adresse zur Fehlerbehebung<\/p>\n<p>Zweck C: Name, Vorname, Firma, Telefonnummer, E-Mail-Adresse im Kontaktformular zum Zweck der Kontaktaufnahme auf Besucherwunsch<\/p>\n<p><u>Rechtsgrundlage der Verarbeitung:<br \/>\n<\/u>Die Verarbeitung der Zwecke A und B erfolgt auf Grundlage berechtigter Interessen gem\u00e4\u00df Art. 6 Abs. 1 Buchstabe f EU-DSGVO bzw. bis 25.05.2018 auf Grundlage von \u00a728 Abs. 1 Pkt. 2 BDSG<br \/>\nDie Verarbeitung des Zwecks C erfolgt auf Grund der freiwilligen Einwilligung durch den Absender des Kontaktformulars gem\u00e4\u00df Art. 6 Abs. 1 Buchstabe a EU-DSGVO bzw. bis 25.05.2018 \u00a7 4 Abs. 1 BDSG<\/p>\n<p><u>Berechtigte Interessen des Verarbeiters:<br \/>\n<\/u>Zu Zweck A: Die Webseite dient der Gewinnung von neuen Vertragspartnern und der \u00dcbermittlung von Informationen an Interessenten. Um die Wirksamkeit dieser Seite messen zu k\u00f6nnen und auf Grundlage dieser Daten die Seite optimieren zu k\u00f6nnen, werden die Daten des Zwecks A erhoben.<\/p>\n<p>Zu Zweck B: Um die technische Verf\u00fcgbarkeit der Seite dauerhaft gew\u00e4hrleisten zu k\u00f6nnen, werden die Systemereignisse gespeichert und ausgewertet. Um hierbei ggf. absichtlich herbeigef\u00fchrte Ereignisse erkennen und verhindern zu k\u00f6nnen, werden alle Ereignisse mit IP-Adressen zusammen gespeichert.<\/p>\n<p><u>Empf\u00e4nger der Daten:<br \/>\n<\/u>Die Daten werden Dritten nicht zur Verf\u00fcgung gestellt. Ein Zugriff auf die Daten durch unseren Auftragsverarbeiter f\u00fcr Webentwicklung, Purple Agency \u2013 ENI House \u2013 Basing View \u2013 Basingstoke \u2013 RG21 4Y \u2013 Gro\u00dfbritannien, sowie unserem Auftragsverarbeiter zum Hosting, Pressidium\u00ae \u2013 Techio Limited \u2013 The Grange Barn \u2013 Pikes End \u2013 Pinner \u2013 London \u2013 HA5 2EX \u2013United Kingdom, ist jedoch technisch m\u00f6glich.<\/p>\n<p><u>Dauer der Speicherung:<br \/>\n<\/u>Zweck A: 6 Monate<br \/>\nZweck B: 6 Monate<br \/>\nZweck C: 12 Monate oder vorzeitig bei Widerruf<\/p>\n<p><u>Rechte der Betroffenen:<br \/>\n<\/u>Als Betroffener der Datenverarbeitung stehen Ihnen folgende Schutzrechte kostenfrei zu:<br \/>\na) Die freiwillige Einwilligung k\u00f6nnen Sie jederzeit widerrufen (Widerrufsrecht)<br \/>\nb) Sie k\u00f6nnen jederzeit eine \u00dcbersicht \u00fcber alle von Ihnen bei uns gespeicherten Daten verlangen (Auskunftsrecht)<br \/>\nc) Bei Daten, die keiner gesetzlichen oder vertraglichen Aufbewahrungspflicht unterliegen, k\u00f6nnen Sie jederzeit kostenfrei die L\u00f6schung verlangen (L\u00f6schrecht)<br \/>\nd) Einwilligungen in die Datenverarbeitung k\u00f6nnen Sie jederzeit auf bestimmte Bereiche einschr\u00e4nken (Einschr\u00e4nkungsrecht)<br \/>\ne) Datenverarbeitungen, die zur Wahrnehmung \u00f6ffentlichen Interesses bzw. berechtigten Interessen des Verarbeiters dienen, k\u00f6nnen Sie jederzeit, bei Vorliegen von Gr\u00fcnden aus Ihrer besonderen Situation heraus, widersprechen (Widerspruchsrecht)<br \/>\nf) Bei Daten, die fehlerhaft von Ihnen gespeichert wurden, haben Sie jederzeit Recht zur Berichtigung dieser Daten (Berichtigungsrecht)<br \/>\ng) Sie haben das Recht, die Sie betreffenden personenbezogenen Daten in einem strukturierten, g\u00e4ngigen und maschinenlesbaren Format zu erhalten bzw. zu einer anderen Stelle \u00fcbermitteln zu lassen. (Recht auf Daten\u00fcbertragbarkeit)<\/p>\n<p><u>Beschwerderecht:<br \/>\n<\/u>Jedem Betroffenen einer Datenverarbeitung steht ein Beschwerderecht bei der Datenschutzaufsichtsbeh\u00f6rde seines Landes bzw. bei der f\u00fcr den Betreiber dieser Seite zust\u00e4ndigen Aufsichtsbeh\u00f6rde zu. F\u00fcr den Betreiber dieser Seite ist folgende Aufsichtsbeh\u00f6rde zust\u00e4ndig:<\/p>\n<p>Der Landesbeauftragte f\u00fcr Datenschutz und Informationsfreiheit Mecklenburg-Vorpommern<br \/>\nSchloss Schwerin<br \/>\nLenn\u00e9stra\u00dfe 1<br \/>\n19053 Schwerin<br \/>\nTelefon: +49 385 59494 0<br \/>\nTelefax: +49 385 59494 58<br \/>\nE-Mail: info@datenschutz-mv.de<\/p>\n<\/div>\n<p>&nbsp;<\/p>\n<div class=\"snippet-wrap-text-only\">\n<div>\n<p><strong>Google Analytics<\/strong><br \/>\nSoweit Sie Ihre Einwilligung erkl\u00e4rt haben, wird auf dieser Website Google Analytics 4 eingesetzt, ein Webanalysedienst der Google LLC. Verantwortliche Stelle f\u00fcr Nutzer in der EU\/ dem EWR und der Schweiz ist Google Ireland Limited, Google Building Gordon House, 4 Barrow St, Dublin, D04 E5W5, Irland (\u201eGoogle\u201c).<\/p>\n<p><u>Umfang der Verarbeitung<\/u><br \/>\nGoogle Analytics verwendet Cookies, die eine Analyse der Benutzung unserer Webseiten durch Sie erm\u00f6glichen. Die mittels der Cookies erhobenen Informationen \u00fcber Ihre Benutzung dieser Website werden in der Regel an einen Server von Google in den USA \u00fcbertragen und dort gespeichert.<\/p>\n<p>Wir nutzen die Funktion User-ID. Mithilfe der User ID k\u00f6nnen wir einer oder mehreren Sitzungen (und den Aktivit\u00e4ten innerhalb dieser Sitzungen) eine eindeutige, dauerhafte ID zuweisen und Nutzerverhalten ger\u00e4te\u00fcbergreifend analysieren.<\/p>\n<p>Wir nutzen Google Signale. Damit werden in Google Analytics zus\u00e4tzliche Informationen zu Nutzern erfasst, die personalisierte Anzeigen aktiviert haben (Interessen und demographische Daten) und Anzeigen k\u00f6nnen in ger\u00e4te\u00fcbergreifenden Remarketing-Kampagnen an diese Nutzer ausgeliefert werden.<\/p>\n<p>Bei Google Analytics 4 ist die Anonymisierung von IP-Adressen standardm\u00e4\u00dfig aktiviert. Aufgrund der IP-Anonymisierung wird Ihre IP-Adresse von Google innerhalb von Mitgliedstaaten der Europ\u00e4ischen Union oder in anderen Vertragsstaaten des Abkommens \u00fcber den Europ\u00e4ischen Wirtschaftsraum gek\u00fcrzt. Nur in Ausnahmef\u00e4llen wird die volle IP-Adresse an einen Server von Google in den USA \u00fcbertragen und dort gek\u00fcrzt. Die im Rahmen von Google Analytics von Ihrem Browser \u00fcbermittelte IP-Adresse wird laut Google nicht mit anderen Daten von Google zusammengef\u00fchrt.<br \/>\nW\u00e4hrend Ihres Website-Besuchs wird Ihr Nutzerverhalten in Form von \u201eEreignissen\u201c erfasst. Ereignisse k\u00f6nnen sein:<\/p>\n<ul>\n<li>Seitenaufrufe<\/li>\n<li>Erstmaliger Besuch der Website<\/li>\n<li>Start der Sitzung<\/li>\n<li>Ihr \u201eKlickpfad\u201c, Interaktion mit der Website<\/li>\n<li>Scrolls (immer wenn ein Nutzer bis zum Seitenende (90%) scrollt)<\/li>\n<li>Klicks auf externe Links<\/li>\n<li>interne Suchanfragen<\/li>\n<li>Interaktion mit Videos<\/li>\n<li>Dateidownloads<\/li>\n<li>gesehene \/ angeklickte Anzeigen<\/li>\n<li>Spracheinstellung<\/li>\n<\/ul>\n<p>Au\u00dferdem wird erfasst:<\/p>\n<ul>\n<li>Ihr ungef\u00e4hrer Standort (Region)<\/li>\n<li>Ihre IP-Adresse (in gek\u00fcrzter Form)<\/li>\n<li>technische Informationen zu Ihrem Browser und den von Ihnen genutzten Endger\u00e4ten (z.B. Spracheinstellung, Bildschirmaufl\u00f6sung)<\/li>\n<li>Ihr Internetanbieter<\/li>\n<li>die Referrer-URL (\u00fcber welche Website\/ \u00fcber welches Werbemittel Sie auf diese Website gekommen sind)<\/li>\n<\/ul>\n<p><u>Zwecke der Verarbeitung<\/u><br \/>\nIm Auftrag des Betreibers dieser Website wird Google diese Informationen benutzen, um Ihre Nutzung der Website auszuwerten und um Reports \u00fcber die Website-Aktivit\u00e4ten zusammenzustellen. Die durch Google Analytics bereitgestellten Reports dienen der Analyse der Leistung unserer Website und des Erfolgs unserer Marketing-Kampagnen.<\/p>\n<p><u>Empf\u00e4nger<\/u><br \/>\nEmpf\u00e4nger der Daten sind\/k\u00f6nnen sein<\/p>\n<ul>\n<li>Google Ireland Limited, Gordon House, Barrow Street, Dublin 4, Irland (als Auftragsverarbeiter nach Art. 28 DSGVO)<\/li>\n<li>Google LLC, 1600 Amphitheatre Parkway Mountain View, CA 94043, USA<\/li>\n<li>Alphabet Inc., 1600 Amphitheatre Parkway Mountain View, CA 94043, USA<\/li>\n<\/ul>\n<p>Es ist nicht auszuschlie\u00dfen, dass US-amerikanische Beh\u00f6rden auf die bei Google gespeicherten Daten zugreifen.<\/p>\n<p><u>Drittlandtransfer<\/u><br \/>\nSoweit Daten au\u00dferhalb der EU\/des EWR verarbeitet werden und kein dem europ\u00e4ischen Standard entsprechendes Datenschutzniveau besteht, haben wir zur Herstellung eines angemessenen Datenschutzniveaus <a href=\"https:\/\/business.safety.google\/adsprocessorterms\/sccs\/eu-c2p\/\" target=\"_blank\" rel=\"noopener\">mit dem Dienstleister EU-Standardvertragsklauseln<\/a> geschlossen. Die Muttergesellschaft von Google Ireland, Google LLC, hat Ihren Sitz in Kalifornien, USA. Eine \u00dcbermittlung von Daten in die USA und ein Zugriff US-amerikanischer Beh\u00f6rden auf die bei Google gespeicherten Daten kann nicht ausgeschlossen werden. Die USA gelten derzeit aus datenschutzrechtlicher Sicht als Drittland. Sie haben dort nicht die gleichen Rechte wie innerhalb der EU\/ des EWR. Ggf. stehen Ihnen keine Rechtsbehelfe gegen Zugriffe von Beh\u00f6rden zu.<\/p>\n<p><u>Speicherdauer<\/u><br \/>\nDie von uns gesendeten und mit Cookies verkn\u00fcpften Daten werden nach 2 automatisch gel\u00f6scht. Die L\u00f6schung von Daten, deren Aufbewahrungsdauer erreicht ist, erfolgt automatisch einmal im Monat.<\/p>\n<p><u>Rechtsgrundlage<\/u><br \/>\nRechtsgrundlage f\u00fcr diese Datenverarbeitung ist Ihre Einwilligung gem. Art.6 Abs.1 S.1 lit.a DSGVO.<\/p>\n<p><u>Widerruf<\/u><br \/>\nSie k\u00f6nnen Ihre Einwilligung jederzeit mit Wirkung f\u00fcr die Zukunft widerrufen, indem Sie die Cookie-Einstellungen aufrufen und dort Ihre Auswahl \u00e4ndern. Die Rechtm\u00e4\u00dfigkeit der aufgrund der Einwilligung bis zum Widerruf erfolgten Verarbeitung bleibt davon unber\u00fchrt.<\/p>\n<p>Sie k\u00f6nnen die Speicherung von Cookies auch von vornherein durch eine entsprechende Einstellung Ihrer Browser-Software verhindern. Wenn Sie Ihren Browser so konfigurieren, dass alle Cookies abgelehnt werden, kann es jedoch zu Einschr\u00e4nkung von Funktionalit\u00e4ten auf dieser und anderen Websites kommen. Sie k\u00f6nnen dar\u00fcber hinaus die Erfassung der durch das Cookie erzeugten und auf Ihre Nutzung der Website bezogenen Daten (inkl. Ihrer IP-Adresse) an Google sowie die Verarbeitung dieser Daten durch Google verhindern, indem Sie<\/p>\n<p>a. Ihre Einwilligung in das Setzen des Cookies nicht erteilen oder<br \/>\nb. das Browser-Add-on zur Deaktivierung von Google Analytics <a href=\"https:\/\/tools.google.com\/dlpage\/gaoptout?hl=de\" target=\"_blank\" rel=\"noopener\">HIER<\/a> herunterladen und installieren.<\/p>\n<p>N\u00e4here Informationen zu Nutzungsbedingungen von Google Analytics und zum Datenschutz bei Google finden Sie unter <a href=\"https:\/\/marketingplatform.google.com\/about\/analytics\/terms\/de\/\" target=\"_blank\" rel=\"noopener\">https:\/\/marketingplatform.google.com\/about\/analytics\/terms\/de\/<\/a> und unter <a href=\"https:\/\/policies.google.com\/?hl=de\" target=\"_blank\" rel=\"noopener\">https:\/\/policies.google.com\/?hl=de<\/a>.<\/p>\n<\/div>\n<\/div>\n<div class=\"postInhalt ng-binding\">\n<p>&nbsp;<\/p>\n<p><strong>Allgemeine Informationen gem\u00e4\u00df Artikel 13 DSGVO:<\/strong><\/p>\n<p><u>Verantwortliche f\u00fcr die Datenverarbeitung:<br \/>\n<\/u>Ecuphar GmbH<br \/>\nDr. Bernd Loeffler<br \/>\nBrandteichstr. 20<br \/>\n17489 Greifswald<br \/>\n+493834 83584 0<br \/>\nprivacy@ecuphar.de<\/p>\n<p><u>Datenschutzbeauftragter:<br \/>\n<\/u>Herr Florian Schirm<br \/>\nGreat Oak Datenschutz GmbH &amp; Co. KG<br \/>\nRuhrstra\u00dfe 16<br \/>\n59955 Winterberg<br \/>\nTel. 0381 367 6819 0 oder 02985 99 99 690<br \/>\nFax 0381 367 6819 3<br \/>\nE-Mail: f.schirm@great-oak.de<br \/>\n<a href=\"https:\/\/www.great-oak-datenschutz.de\">https:\/\/www.great-oak-datenschutz.de<\/a><\/p>\n<p><u>Rechte der Betroffenen:<br \/>\n<\/u>Als Betroffener der Datenverarbeitung stehen Ihnen folgende Schutzrechte kostenfrei zu:<br \/>\na) Die freiwillige Einwilligung k\u00f6nnen Sie jederzeit widerrufen (Widerrufsrecht)<br \/>\nb) Sie k\u00f6nnen jederzeit eine \u00dcbersicht \u00fcber alle von Ihnen bei uns gespeicherten Daten verlangen (Auskunftsrecht)<br \/>\nc) Bei Daten, die keiner gesetzlichen oder vertraglichen Aufbewahrungspflicht unterliegen, k\u00f6nnen Sie jederzeit kostenfrei die L\u00f6schung verlangen (L\u00f6schrecht)<br \/>\nd) Einwilligungen in die Datenverarbeitung k\u00f6nnen Sie jederzeit auf bestimmte Bereiche einschr\u00e4nken (Einschr\u00e4nkungsrecht)<br \/>\ne) Datenverarbeitungen, die zur Wahrnehmung \u00f6ffentlichen Interesses bzw. berechtigter Interessen des Verarbeiters dienen, k\u00f6nnen Sie jederzeit, bei Vorliegen von Gr\u00fcnden aus Ihrer besonderen Situation heraus, widersprechen (Widerspruchsrecht)<br \/>\nf) Bei Daten, die fehlerhaft von Ihnen gespeichert wurden, haben Sie jederzeit das Recht zur Berichtigung dieser Daten (Berichtigungsrecht)<br \/>\ng) Sie haben das Recht, die Sie betreffenden personenbezogenen Daten in einem strukturierten, g\u00e4ngigen und maschinenlesbaren Format zu erhalten bzw. zu einer anderen Stelle \u00fcbermitteln zu lassen. (Recht auf Daten\u00fcbertragbarkeit)<\/p>\n<p><u>Beschwerderecht:<br \/>\n<\/u>Jedem Betroffenen einer Datenverarbeitung steht ein Beschwerderecht bei der Datenschutzaufsichtsbeh\u00f6rde seines Landes bzw. bei der f\u00fcr den Verarbeiter Ihrer Daten zust\u00e4ndigen Aufsichtsbeh\u00f6rde zu.<\/p>\n<p>&nbsp;<\/p>\n<p><strong>Zus\u00e4tzliche Informationen gem\u00e4\u00df Artikel 13 DSGVO <em>f\u00fcr Kunden<\/em>:<\/strong><\/p>\n<p><u>Zweck der Verarbeitung:<br \/>\n<\/u>Generierung von Auftr\u00e4gen durch den Kunden, Durchf\u00fchrung dieser Auftr\u00e4ge und Abrechnung der erbrachten Leistungen<\/p>\n<p><u>Rechtsgrundlage der Verarbeitung:<br \/>\n<\/u>Art. 6 Abs. 1 Nr. a DSGVO \u2013 Einwilligung durch den Betroffenen gem\u00e4\u00df Art. 4 Abs. 2 Nr. 11 DSGVO<br \/>\nArt. 6 Abs. 1 Nr. b DSGVO \u2013 Anbahnung und Erf\u00fcllung des Vertrags<\/p>\n<p><u>Empf\u00e4nger der Daten:<br \/>\n<\/u>Die Daten werden zum Versand der Informationen unter Umst\u00e4nden an unsere Dienstleister, die auf den Datenschutz verpflichtet sind und mit denen Auftragsdatenverarbeitungsvereinbarungen bestehen, weitergegeben.<\/p>\n<p><u>Dauer der Speicherung:<br \/>\n<\/u>Gem\u00e4\u00df den gesetzlichen Aufbewahrungsfristen und bei freiwilligen Daten bis zwei Jahre nach Ende der Kundenbeziehung bzw. vorzeitig bei Widerruf der Einwilligung.<\/p>\n<p><u>Folgen bei nicht vorhandener Bereitstellung der Daten:<br \/>\n<\/u>Die Datenverarbeitungen auf Grund von freiwilliger Einwilligung (Datenerfassungsbogen) haben keine Auswirkung auf die Vertragserf\u00fcllung. Der Verzicht w\u00fcrde jedoch f\u00fcr Sie einen Komfortverlust bedeuten. Alle anderen Daten werden auf Grund der Vertragserf\u00fcllung erhoben und verarbeitet. Eine Erf\u00fcllung des Vertrags ist ohne diese Daten nicht m\u00f6glich.<\/p>\n<\/div>\n<p>[\/vc_column_text][\/vc_column][\/vc_row]<\/p>\n<\/div>","protected":false},"excerpt":{"rendered":"<p>[vc_row row_height_percent=&#8220;33&#8243; override_padding=&#8220;yes&#8220; h_padding=&#8220;2&#8243; top_padding=&#8220;4&#8243; bottom_padding=&#8220;4&#8243; back_image=&#8220;2893&#8243; back_position=&#8220;left top&#8220; overlay_alpha=&#8220;50&#8243; gutter_size=&#8220;3&#8243; column_width_percent=&#8220;100&#8243; shift_y=&#8220;0&#8243; z_index=&#8220;0&#8243; uncode_shortcode_id=&#8220;105432&#8243; back_size=&#8220;cover&#8220;][vc_column column_width_percent=&#8220;100&#8243; position_vertical=&#8220;middle&#8220; gutter_size=&#8220;3&#8243; overlay_alpha=&#8220;50&#8243; [&hellip;]<\/p>\n","protected":false},"author":2,"featured_media":0,"parent":3809,"menu_order":0,"comment_status":"closed","ping_status":"closed","template":"","meta":{"footnotes":""},"class_list":["post-2849","page","type-page","status-publish","hentry"],"yoast_head":"<!-- This site is optimized with the Yoast SEO plugin v24.6 - https:\/\/yoast.com\/wordpress\/plugins\/seo\/ -->\n<title>Datenschutzerkl\u00e4rung<\/title>\n<meta name=\"description\" content=\"Datenschutzerkl\u00e4rung dental.pet | Ein Angebot der Ecuphar GmbH\" \/>\n<meta name=\"robots\" content=\"index, follow, max-snippet:-1, max-image-preview:large, max-video-preview:-1\" \/>\n<link rel=\"canonical\" href=\"https:\/\/dental.pet\/de\/fuer-fachkreise\/datenschutzerklaerung\/\" \/>\n<meta property=\"og:locale\" content=\"de_DE\" \/>\n<meta property=\"og:type\" content=\"article\" \/>\n<meta property=\"og:title\" content=\"Datenschutzerkl\u00e4rung\" \/>\n<meta property=\"og:description\" content=\"Datenschutzerkl\u00e4rung dental.pet | Ein Angebot der Ecuphar GmbH\" \/>\n<meta property=\"og:url\" content=\"https:\/\/dental.pet\/de\/fuer-fachkreise\/datenschutzerklaerung\/\" \/>\n<meta property=\"og:site_name\" content=\"Germany\" \/>\n<meta property=\"article:modified_time\" content=\"2024-04-18T16:49:55+00:00\" \/>\n<meta name=\"twitter:card\" content=\"summary_large_image\" \/>\n<meta name=\"twitter:label1\" content=\"Gesch\u00e4tzte Lesezeit\" \/>\n\t<meta name=\"twitter:data1\" content=\"9\u00a0Minuten\" \/>\n<script type=\"application\/ld+json\" class=\"yoast-schema-graph\">{\"@context\":\"https:\/\/schema.org\",\"@graph\":[{\"@type\":\"WebPage\",\"@id\":\"https:\/\/dental.pet\/de\/fuer-fachkreise\/datenschutzerklaerung\/\",\"url\":\"https:\/\/dental.pet\/de\/fuer-fachkreise\/datenschutzerklaerung\/\",\"name\":\"Datenschutzerkl\u00e4rung\",\"isPartOf\":{\"@id\":\"https:\/\/dental.pet\/de\/#website\"},\"datePublished\":\"2021-10-25T17:17:58+00:00\",\"dateModified\":\"2024-04-18T16:49:55+00:00\",\"description\":\"Datenschutzerkl\u00e4rung dental.pet | Ein Angebot der Ecuphar GmbH\",\"breadcrumb\":{\"@id\":\"https:\/\/dental.pet\/de\/fuer-fachkreise\/datenschutzerklaerung\/#breadcrumb\"},\"inLanguage\":\"de\",\"potentialAction\":[{\"@type\":\"ReadAction\",\"target\":[\"https:\/\/dental.pet\/de\/fuer-fachkreise\/datenschutzerklaerung\/\"]}]},{\"@type\":\"BreadcrumbList\",\"@id\":\"https:\/\/dental.pet\/de\/fuer-fachkreise\/datenschutzerklaerung\/#breadcrumb\",\"itemListElement\":[{\"@type\":\"ListItem\",\"position\":1,\"name\":\"Home\",\"item\":\"https:\/\/dental.pet\/de\/\"},{\"@type\":\"ListItem\",\"position\":2,\"name\":\"Startseite f\u00fcr Tier\u00e4rzte\",\"item\":\"https:\/\/dental.pet\/de\/fuer-fachkreise\/\"},{\"@type\":\"ListItem\",\"position\":3,\"name\":\"Datenschutzerkl\u00e4rung TA\"}]},{\"@type\":\"WebSite\",\"@id\":\"https:\/\/dental.pet\/de\/#website\",\"url\":\"https:\/\/dental.pet\/de\/\",\"name\":\"Germany\",\"description\":\"Willkommen beim Portal f\u00fcr Tierzahnpflege\",\"publisher\":{\"@id\":\"https:\/\/dental.pet\/de\/#organization\"},\"potentialAction\":[{\"@type\":\"SearchAction\",\"target\":{\"@type\":\"EntryPoint\",\"urlTemplate\":\"https:\/\/dental.pet\/de\/?s={search_term_string}\"},\"query-input\":{\"@type\":\"PropertyValueSpecification\",\"valueRequired\":true,\"valueName\":\"search_term_string\"}}],\"inLanguage\":\"de\"},{\"@type\":\"Organization\",\"@id\":\"https:\/\/dental.pet\/de\/#organization\",\"name\":\"Pet Dental\",\"url\":\"https:\/\/dental.pet\/de\/\",\"logo\":{\"@type\":\"ImageObject\",\"inLanguage\":\"de\",\"@id\":\"https:\/\/dental.pet\/de\/#\/schema\/logo\/image\/\",\"url\":\"https:\/\/dental.pet\/deutschland\/wp-content\/uploads\/sites\/10\/2021\/10\/pet-dental-logo-dark.png\",\"contentUrl\":\"https:\/\/dental.pet\/deutschland\/wp-content\/uploads\/sites\/10\/2021\/10\/pet-dental-logo-dark.png\",\"width\":328,\"height\":82,\"caption\":\"Pet Dental\"},\"image\":{\"@id\":\"https:\/\/dental.pet\/de\/#\/schema\/logo\/image\/\"}}]}<\/script>\n<!-- \/ Yoast SEO plugin. -->","yoast_head_json":{"title":"Datenschutzerkl\u00e4rung","description":"Datenschutzerkl\u00e4rung dental.pet | Ein Angebot der Ecuphar GmbH","robots":{"index":"index","follow":"follow","max-snippet":"max-snippet:-1","max-image-preview":"max-image-preview:large","max-video-preview":"max-video-preview:-1"},"canonical":"https:\/\/dental.pet\/de\/fuer-fachkreise\/datenschutzerklaerung\/","og_locale":"de_DE","og_type":"article","og_title":"Datenschutzerkl\u00e4rung","og_description":"Datenschutzerkl\u00e4rung dental.pet | Ein Angebot der Ecuphar GmbH","og_url":"https:\/\/dental.pet\/de\/fuer-fachkreise\/datenschutzerklaerung\/","og_site_name":"Germany","article_modified_time":"2024-04-18T16:49:55+00:00","twitter_card":"summary_large_image","twitter_misc":{"Gesch\u00e4tzte Lesezeit":"9\u00a0Minuten"},"schema":{"@context":"https:\/\/schema.org","@graph":[{"@type":"WebPage","@id":"https:\/\/dental.pet\/de\/fuer-fachkreise\/datenschutzerklaerung\/","url":"https:\/\/dental.pet\/de\/fuer-fachkreise\/datenschutzerklaerung\/","name":"Datenschutzerkl\u00e4rung","isPartOf":{"@id":"https:\/\/dental.pet\/de\/#website"},"datePublished":"2021-10-25T17:17:58+00:00","dateModified":"2024-04-18T16:49:55+00:00","description":"Datenschutzerkl\u00e4rung dental.pet | Ein Angebot der Ecuphar GmbH","breadcrumb":{"@id":"https:\/\/dental.pet\/de\/fuer-fachkreise\/datenschutzerklaerung\/#breadcrumb"},"inLanguage":"de","potentialAction":[{"@type":"ReadAction","target":["https:\/\/dental.pet\/de\/fuer-fachkreise\/datenschutzerklaerung\/"]}]},{"@type":"BreadcrumbList","@id":"https:\/\/dental.pet\/de\/fuer-fachkreise\/datenschutzerklaerung\/#breadcrumb","itemListElement":[{"@type":"ListItem","position":1,"name":"Home","item":"https:\/\/dental.pet\/de\/"},{"@type":"ListItem","position":2,"name":"Startseite f\u00fcr Tier\u00e4rzte","item":"https:\/\/dental.pet\/de\/fuer-fachkreise\/"},{"@type":"ListItem","position":3,"name":"Datenschutzerkl\u00e4rung TA"}]},{"@type":"WebSite","@id":"https:\/\/dental.pet\/de\/#website","url":"https:\/\/dental.pet\/de\/","name":"Germany","description":"Willkommen beim Portal f\u00fcr Tierzahnpflege","publisher":{"@id":"https:\/\/dental.pet\/de\/#organization"},"potentialAction":[{"@type":"SearchAction","target":{"@type":"EntryPoint","urlTemplate":"https:\/\/dental.pet\/de\/?s={search_term_string}"},"query-input":{"@type":"PropertyValueSpecification","valueRequired":true,"valueName":"search_term_string"}}],"inLanguage":"de"},{"@type":"Organization","@id":"https:\/\/dental.pet\/de\/#organization","name":"Pet Dental","url":"https:\/\/dental.pet\/de\/","logo":{"@type":"ImageObject","inLanguage":"de","@id":"https:\/\/dental.pet\/de\/#\/schema\/logo\/image\/","url":"https:\/\/dental.pet\/deutschland\/wp-content\/uploads\/sites\/10\/2021\/10\/pet-dental-logo-dark.png","contentUrl":"https:\/\/dental.pet\/deutschland\/wp-content\/uploads\/sites\/10\/2021\/10\/pet-dental-logo-dark.png","width":328,"height":82,"caption":"Pet Dental"},"image":{"@id":"https:\/\/dental.pet\/de\/#\/schema\/logo\/image\/"}}]}},"_links":{"self":[{"href":"https:\/\/dental.pet\/de\/wp-json\/wp\/v2\/pages\/2849","targetHints":{"allow":["GET"]}}],"collection":[{"href":"https:\/\/dental.pet\/de\/wp-json\/wp\/v2\/pages"}],"about":[{"href":"https:\/\/dental.pet\/de\/wp-json\/wp\/v2\/types\/page"}],"author":[{"embeddable":true,"href":"https:\/\/dental.pet\/de\/wp-json\/wp\/v2\/users\/2"}],"replies":[{"embeddable":true,"href":"https:\/\/dental.pet\/de\/wp-json\/wp\/v2\/comments?post=2849"}],"version-history":[{"count":6,"href":"https:\/\/dental.pet\/de\/wp-json\/wp\/v2\/pages\/2849\/revisions"}],"predecessor-version":[{"id":7330,"href":"https:\/\/dental.pet\/de\/wp-json\/wp\/v2\/pages\/2849\/revisions\/7330"}],"up":[{"embeddable":true,"href":"https:\/\/dental.pet\/de\/wp-json\/wp\/v2\/pages\/3809"}],"wp:attachment":[{"href":"https:\/\/dental.pet\/de\/wp-json\/wp\/v2\/media?parent=2849"}],"curies":[{"name":"wp","href":"https:\/\/api.w.org\/{rel}","templated":true}]}}