{"id":1295,"date":"2021-10-11T23:25:38","date_gmt":"2021-10-11T23:25:38","guid":{"rendered":"http:\/\/dental.onpressidium.com\/?page_id=1295"},"modified":"2022-09-15T13:03:21","modified_gmt":"2022-09-15T13:03:21","slug":"ueber-uns","status":"publish","type":"page","link":"https:\/\/dental.pet\/de\/fuer-tierhalter\/ueber-uns\/","title":{"rendered":"\u00dcber uns f\u00fcr Tierhalter"},"content":{"rendered":"<div class=\"wpb-content-wrapper\"><p>[vc_row row_height_percent=&#8220;33&#8243; override_padding=&#8220;yes&#8220; h_padding=&#8220;2&#8243; top_padding=&#8220;4&#8243; bottom_padding=&#8220;4&#8243; back_image=&#8220;2893&#8243; back_repeat=&#8220;no-repeat&#8220; back_position=&#8220;left top&#8220; overlay_alpha=&#8220;50&#8243; gutter_size=&#8220;3&#8243; column_width_percent=&#8220;100&#8243; shift_y=&#8220;0&#8243; z_index=&#8220;0&#8243; uncode_shortcode_id=&#8220;148262&#8243; back_size=&#8220;cover&#8220;][vc_column column_width_percent=&#8220;100&#8243; position_vertical=&#8220;middle&#8220; gutter_size=&#8220;3&#8243; overlay_alpha=&#8220;50&#8243; shift_x=&#8220;0&#8243; shift_y=&#8220;0&#8243; shift_y_down=&#8220;0&#8243; z_index=&#8220;0&#8243; medium_width=&#8220;0&#8243; mobile_width=&#8220;0&#8243; width=&#8220;3\/4&#8243; uncode_shortcode_id=&#8220;934710&#8243; el_class=&#8220;z-index1&#8243;][vc_custom_heading text_color=&#8220;color-197188&#8243; heading_semantic=&#8220;div&#8220; text_size=&#8220;fontsize-158891&#8243; text_weight=&#8220;700&#8243; uncode_shortcode_id=&#8220;122600&#8243; text_color_type=&#8220;uncode-palette&#8220;]\u00dcber uns[\/vc_custom_heading][\/vc_column][vc_column width=&#8220;1\/4&#8243;][\/vc_column][\/vc_row][vc_row row_height_percent=&#8220;0&#8243; override_padding=&#8220;yes&#8220; h_padding=&#8220;2&#8243; top_padding=&#8220;3&#8243; bottom_padding=&#8220;3&#8243; overlay_alpha=&#8220;50&#8243; equal_height=&#8220;yes&#8220; gutter_size=&#8220;3&#8243; column_width_percent=&#8220;100&#8243; shift_y=&#8220;0&#8243; z_index=&#8220;0&#8243; uncode_shortcode_id=&#8220;238133&#8243; el_id=&#8220;accordion-dark&#8220; el_class=&#8220;pc-section-shape-background-grey&#8220;][vc_column column_width_percent=&#8220;100&#8243; position_vertical=&#8220;middle&#8220; gutter_size=&#8220;3&#8243; override_padding=&#8220;yes&#8220; column_padding=&#8220;3&#8243; expand_height=&#8220;yes&#8220; back_color=&#8220;color-197188&#8243; overlay_alpha=&#8220;50&#8243; shift_x=&#8220;0&#8243; shift_y=&#8220;0&#8243; shift_y_down=&#8220;0&#8243; z_index=&#8220;0&#8243; medium_width=&#8220;0&#8243; mobile_width=&#8220;0&#8243; width=&#8220;1\/2&#8243; uncode_shortcode_id=&#8220;135976&#8243; back_color_type=&#8220;uncode-palette&#8220;][vc_single_image media=&#8220;6131&#8243; media_width_percent=&#8220;70&#8243; uncode_shortcode_id=&#8220;115935&#8243;][vc_column_text text_color=&#8220;color-108211&#8243; uncode_shortcode_id=&#8220;167966&#8243; css=&#8220;.vc_custom_1663246678798{padding-left: 85px !important;}&#8220; text_color_type=&#8220;uncode-palette&#8220; el_class=&#8220;pad-left-0 bodyMid&#8220;]<\/p>\n<div class=\"uncode_text_column pad-left-0 bodyMid vc_custom_1656929557034 text-color-108211-color\">\n<p>Wir von <strong>Ecuphar<\/strong> haben es uns zur Aufgabe gemacht, Tier\u00e4rzt:innen, tiermedizinische Fachkr\u00e4fte und Tierhalter:innen mit Informationen zu unterst\u00fctzen und damit die Zahngesundheit unserer Haustiere zu verbessern.<\/p>\n<\/div>\n<p>[\/vc_column_text][\/vc_column][vc_column column_width_percent=&#8220;100&#8243; gutter_size=&#8220;3&#8243; override_padding=&#8220;yes&#8220; column_padding=&#8220;3&#8243; style=&#8220;dark&#8220; back_color=&#8220;color-108211&#8243; overlay_alpha=&#8220;50&#8243; shift_x=&#8220;0&#8243; shift_y=&#8220;0&#8243; shift_y_down=&#8220;0&#8243; z_index=&#8220;0&#8243; medium_width=&#8220;0&#8243; mobile_width=&#8220;0&#8243; width=&#8220;1\/2&#8243; uncode_shortcode_id=&#8220;139898&#8243; back_color_type=&#8220;uncode-palette&#8220;][vc_column_text uncode_shortcode_id=&#8220;146817&#8243;]<strong>dental.pet<\/strong> ist ein Informationsportal mit umfassenden Inhalten speziell f\u00fcr tiermedizinische Fachkreise und Tierhalter:innen. Egal, ob Sie in Ihrer Praxis ausf\u00fchrlicher \u00fcber Zahnpflege informieren wollen oder als Tierhalter:in nach Rat suchen: Bei uns finden Sie zahlreiche Informationen und hilfreiche Ressourcen.<\/p>\n<p>dental. pet ist ein Angebot der Ecuphar GmbH. Ecuphar ist Teil der Animalcare Group \u2013 einem f\u00fchrenden Unternehmen f\u00fcr Tierarzneimittel, das Produkte in 32 europ\u00e4ischen M\u00e4rkten vertreibt. Wir k\u00f6nnen auf 30 Jahre Erfahrung im Bereich der Tiergesundheit zur\u00fcckblicken und haben uns zum Ziel gesetzt, innovative und vertrauensw\u00fcrdige Produkte sowie zuverl\u00e4ssige Dienstleistungen anzubieten. Diese sollen den Tierarztberuf jetzt und in Zukunft unterst\u00fctzen.[\/vc_column_text][\/vc_column][\/vc_row]<\/p>\n<\/div>","protected":false},"excerpt":{"rendered":"<p>[vc_row row_height_percent=&#8220;33&#8243; override_padding=&#8220;yes&#8220; h_padding=&#8220;2&#8243; top_padding=&#8220;4&#8243; bottom_padding=&#8220;4&#8243; back_image=&#8220;2893&#8243; back_repeat=&#8220;no-repeat&#8220; back_position=&#8220;left top&#8220; overlay_alpha=&#8220;50&#8243; gutter_size=&#8220;3&#8243; column_width_percent=&#8220;100&#8243; shift_y=&#8220;0&#8243; z_index=&#8220;0&#8243; uncode_shortcode_id=&#8220;148262&#8243; back_size=&#8220;cover&#8220;][vc_column column_width_percent=&#8220;100&#8243; position_vertical=&#8220;middle&#8220; gutter_size=&#8220;3&#8243; [&hellip;]<\/p>\n","protected":false},"author":2,"featured_media":0,"parent":3625,"menu_order":0,"comment_status":"closed","ping_status":"closed","template":"","meta":{"footnotes":""},"class_list":["post-1295","page","type-page","status-publish","hentry"],"yoast_head":"<!-- This site is optimized with the Yoast SEO plugin v24.6 - https:\/\/yoast.com\/wordpress\/plugins\/seo\/ -->\n<title>\u00dcber uns | Dental.pet von Ecuphar<\/title>\n<meta name=\"description\" content=\"dental.pet by Animalcare - Pet owners. Access information on the latest dental care products and useful resources for your pets\u2019 dental health. Pet Dental UK\" \/>\n<meta name=\"robots\" content=\"index, follow, max-snippet:-1, max-image-preview:large, max-video-preview:-1\" \/>\n<link rel=\"canonical\" href=\"https:\/\/dental.pet\/de\/fuer-tierhalter\/ueber-uns\/\" \/>\n<meta property=\"og:locale\" content=\"de_DE\" \/>\n<meta property=\"og:type\" content=\"article\" \/>\n<meta property=\"og:title\" content=\"\u00dcber uns | Dental.pet von Ecuphar\" \/>\n<meta property=\"og:description\" content=\"dental.pet by Animalcare - Pet owners. Access information on the latest dental care products and useful resources for your pets\u2019 dental health. Pet Dental UK\" \/>\n<meta property=\"og:url\" content=\"https:\/\/dental.pet\/de\/fuer-tierhalter\/ueber-uns\/\" \/>\n<meta property=\"og:site_name\" content=\"Germany\" \/>\n<meta property=\"article:modified_time\" content=\"2022-09-15T13:03:21+00:00\" \/>\n<meta name=\"twitter:card\" content=\"summary_large_image\" \/>\n<meta name=\"twitter:label1\" content=\"Gesch\u00e4tzte Lesezeit\" \/>\n\t<meta name=\"twitter:data1\" content=\"1\u00a0Minute\" \/>\n<script type=\"application\/ld+json\" class=\"yoast-schema-graph\">{\"@context\":\"https:\/\/schema.org\",\"@graph\":[{\"@type\":\"WebPage\",\"@id\":\"https:\/\/dental.pet\/de\/fuer-tierhalter\/ueber-uns\/\",\"url\":\"https:\/\/dental.pet\/de\/fuer-tierhalter\/ueber-uns\/\",\"name\":\"\u00dcber uns | Dental.pet von Ecuphar\",\"isPartOf\":{\"@id\":\"https:\/\/dental.pet\/de\/#website\"},\"datePublished\":\"2021-10-11T23:25:38+00:00\",\"dateModified\":\"2022-09-15T13:03:21+00:00\",\"description\":\"dental.pet by Animalcare - Pet owners. Access information on the latest dental care products and useful resources for your pets\u2019 dental health. Pet Dental UK\",\"breadcrumb\":{\"@id\":\"https:\/\/dental.pet\/de\/fuer-tierhalter\/ueber-uns\/#breadcrumb\"},\"inLanguage\":\"de\",\"potentialAction\":[{\"@type\":\"ReadAction\",\"target\":[\"https:\/\/dental.pet\/de\/fuer-tierhalter\/ueber-uns\/\"]}]},{\"@type\":\"BreadcrumbList\",\"@id\":\"https:\/\/dental.pet\/de\/fuer-tierhalter\/ueber-uns\/#breadcrumb\",\"itemListElement\":[{\"@type\":\"ListItem\",\"position\":1,\"name\":\"Home\",\"item\":\"https:\/\/dental.pet\/de\/\"},{\"@type\":\"ListItem\",\"position\":2,\"name\":\"Dental.pet f\u00fcr Tierhalter\",\"item\":\"https:\/\/dental.pet\/de\/fuer-tierhalter\/\"},{\"@type\":\"ListItem\",\"position\":3,\"name\":\"\u00dcber uns f\u00fcr Tierhalter\"}]},{\"@type\":\"WebSite\",\"@id\":\"https:\/\/dental.pet\/de\/#website\",\"url\":\"https:\/\/dental.pet\/de\/\",\"name\":\"Germany\",\"description\":\"Willkommen beim Portal f\u00fcr Tierzahnpflege\",\"publisher\":{\"@id\":\"https:\/\/dental.pet\/de\/#organization\"},\"potentialAction\":[{\"@type\":\"SearchAction\",\"target\":{\"@type\":\"EntryPoint\",\"urlTemplate\":\"https:\/\/dental.pet\/de\/?s={search_term_string}\"},\"query-input\":{\"@type\":\"PropertyValueSpecification\",\"valueRequired\":true,\"valueName\":\"search_term_string\"}}],\"inLanguage\":\"de\"},{\"@type\":\"Organization\",\"@id\":\"https:\/\/dental.pet\/de\/#organization\",\"name\":\"Pet Dental\",\"url\":\"https:\/\/dental.pet\/de\/\",\"logo\":{\"@type\":\"ImageObject\",\"inLanguage\":\"de\",\"@id\":\"https:\/\/dental.pet\/de\/#\/schema\/logo\/image\/\",\"url\":\"https:\/\/dental.pet\/deutschland\/wp-content\/uploads\/sites\/10\/2021\/10\/pet-dental-logo-dark.png\",\"contentUrl\":\"https:\/\/dental.pet\/deutschland\/wp-content\/uploads\/sites\/10\/2021\/10\/pet-dental-logo-dark.png\",\"width\":328,\"height\":82,\"caption\":\"Pet Dental\"},\"image\":{\"@id\":\"https:\/\/dental.pet\/de\/#\/schema\/logo\/image\/\"}}]}<\/script>\n<!-- \/ Yoast SEO plugin. -->","yoast_head_json":{"title":"\u00dcber uns | Dental.pet von Ecuphar","description":"dental.pet by Animalcare - Pet owners. Access information on the latest dental care products and useful resources for your pets\u2019 dental health. Pet Dental UK","robots":{"index":"index","follow":"follow","max-snippet":"max-snippet:-1","max-image-preview":"max-image-preview:large","max-video-preview":"max-video-preview:-1"},"canonical":"https:\/\/dental.pet\/de\/fuer-tierhalter\/ueber-uns\/","og_locale":"de_DE","og_type":"article","og_title":"\u00dcber uns | Dental.pet von Ecuphar","og_description":"dental.pet by Animalcare - Pet owners. Access information on the latest dental care products and useful resources for your pets\u2019 dental health. Pet Dental UK","og_url":"https:\/\/dental.pet\/de\/fuer-tierhalter\/ueber-uns\/","og_site_name":"Germany","article_modified_time":"2022-09-15T13:03:21+00:00","twitter_card":"summary_large_image","twitter_misc":{"Gesch\u00e4tzte Lesezeit":"1\u00a0Minute"},"schema":{"@context":"https:\/\/schema.org","@graph":[{"@type":"WebPage","@id":"https:\/\/dental.pet\/de\/fuer-tierhalter\/ueber-uns\/","url":"https:\/\/dental.pet\/de\/fuer-tierhalter\/ueber-uns\/","name":"\u00dcber uns | Dental.pet von Ecuphar","isPartOf":{"@id":"https:\/\/dental.pet\/de\/#website"},"datePublished":"2021-10-11T23:25:38+00:00","dateModified":"2022-09-15T13:03:21+00:00","description":"dental.pet by Animalcare - Pet owners. Access information on the latest dental care products and useful resources for your pets\u2019 dental health. Pet Dental UK","breadcrumb":{"@id":"https:\/\/dental.pet\/de\/fuer-tierhalter\/ueber-uns\/#breadcrumb"},"inLanguage":"de","potentialAction":[{"@type":"ReadAction","target":["https:\/\/dental.pet\/de\/fuer-tierhalter\/ueber-uns\/"]}]},{"@type":"BreadcrumbList","@id":"https:\/\/dental.pet\/de\/fuer-tierhalter\/ueber-uns\/#breadcrumb","itemListElement":[{"@type":"ListItem","position":1,"name":"Home","item":"https:\/\/dental.pet\/de\/"},{"@type":"ListItem","position":2,"name":"Dental.pet f\u00fcr Tierhalter","item":"https:\/\/dental.pet\/de\/fuer-tierhalter\/"},{"@type":"ListItem","position":3,"name":"\u00dcber uns f\u00fcr Tierhalter"}]},{"@type":"WebSite","@id":"https:\/\/dental.pet\/de\/#website","url":"https:\/\/dental.pet\/de\/","name":"Germany","description":"Willkommen beim Portal f\u00fcr Tierzahnpflege","publisher":{"@id":"https:\/\/dental.pet\/de\/#organization"},"potentialAction":[{"@type":"SearchAction","target":{"@type":"EntryPoint","urlTemplate":"https:\/\/dental.pet\/de\/?s={search_term_string}"},"query-input":{"@type":"PropertyValueSpecification","valueRequired":true,"valueName":"search_term_string"}}],"inLanguage":"de"},{"@type":"Organization","@id":"https:\/\/dental.pet\/de\/#organization","name":"Pet Dental","url":"https:\/\/dental.pet\/de\/","logo":{"@type":"ImageObject","inLanguage":"de","@id":"https:\/\/dental.pet\/de\/#\/schema\/logo\/image\/","url":"https:\/\/dental.pet\/deutschland\/wp-content\/uploads\/sites\/10\/2021\/10\/pet-dental-logo-dark.png","contentUrl":"https:\/\/dental.pet\/deutschland\/wp-content\/uploads\/sites\/10\/2021\/10\/pet-dental-logo-dark.png","width":328,"height":82,"caption":"Pet Dental"},"image":{"@id":"https:\/\/dental.pet\/de\/#\/schema\/logo\/image\/"}}]}},"_links":{"self":[{"href":"https:\/\/dental.pet\/de\/wp-json\/wp\/v2\/pages\/1295","targetHints":{"allow":["GET"]}}],"collection":[{"href":"https:\/\/dental.pet\/de\/wp-json\/wp\/v2\/pages"}],"about":[{"href":"https:\/\/dental.pet\/de\/wp-json\/wp\/v2\/types\/page"}],"author":[{"embeddable":true,"href":"https:\/\/dental.pet\/de\/wp-json\/wp\/v2\/users\/2"}],"replies":[{"embeddable":true,"href":"https:\/\/dental.pet\/de\/wp-json\/wp\/v2\/comments?post=1295"}],"version-history":[{"count":6,"href":"https:\/\/dental.pet\/de\/wp-json\/wp\/v2\/pages\/1295\/revisions"}],"predecessor-version":[{"id":6710,"href":"https:\/\/dental.pet\/de\/wp-json\/wp\/v2\/pages\/1295\/revisions\/6710"}],"up":[{"embeddable":true,"href":"https:\/\/dental.pet\/de\/wp-json\/wp\/v2\/pages\/3625"}],"wp:attachment":[{"href":"https:\/\/dental.pet\/de\/wp-json\/wp\/v2\/media?parent=1295"}],"curies":[{"name":"wp","href":"https:\/\/api.w.org\/{rel}","templated":true}]}}