{"id":5970,"date":"2021-12-21T22:36:02","date_gmt":"2021-12-21T22:36:02","guid":{"rendered":"http:\/\/petdental.dev.onpressidium.com\/benelux\/for-veterinary\/what-is-vohc\/"},"modified":"2023-03-24T15:49:08","modified_gmt":"2023-03-24T15:49:08","slug":"quest-ce-que-le-vohc","status":"publish","type":"page","link":"https:\/\/dental.pet\/benelux\/fr\/pour-le-veterinaire\/quest-ce-que-le-vohc\/","title":{"rendered":"What is VOHC?"},"content":{"rendered":"<div class=\"wpb-content-wrapper\"><p>[vc_row row_height_percent=\u00a0\u00bb65&Prime; override_padding=\u00a0\u00bbyes\u00a0\u00bb h_padding=\u00a0\u00bb2&Prime; top_padding=\u00a0\u00bb4&Prime; bottom_padding=\u00a0\u00bb4&Prime; back_image=\u00a0\u00bb3767&Prime; overlay_alpha=\u00a0\u00bb50&Prime; gutter_size=\u00a0\u00bb3&Prime; column_width_percent=\u00a0\u00bb100&Prime; shift_y=\u00a0\u00bb0&Prime; z_index=\u00a0\u00bb0&Prime; medium_visibility=\u00a0\u00bbyes\u00a0\u00bb mobile_visibility=\u00a0\u00bbyes\u00a0\u00bb uncode_shortcode_id=\u00a0\u00bb176971&Prime;][vc_column column_width_percent=\u00a0\u00bb100&Prime; position_vertical=\u00a0\u00bbmiddle\u00a0\u00bb gutter_size=\u00a0\u00bb3&Prime; overlay_alpha=\u00a0\u00bb50&Prime; shift_x=\u00a0\u00bb0&Prime; shift_y=\u00a0\u00bb0&Prime; shift_y_down=\u00a0\u00bb0&Prime; z_index=\u00a0\u00bb0&Prime; medium_width=\u00a0\u00bb0&Prime; mobile_width=\u00a0\u00bb0&Prime; css_animation=\u00a0\u00bbbottom-t-top\u00a0\u00bb width=\u00a0\u00bb3\/4&Prime; uncode_shortcode_id=\u00a0\u00bb108884&Prime; el_class=\u00a0\u00bbz-index1&Prime;][vc_custom_heading text_color=\u00a0\u00bbcolor-197188&Prime; heading_semantic=\u00a0\u00bbdiv\u00a0\u00bb text_size=\u00a0\u00bbfontsize-158891&Prime; text_weight=\u00a0\u00bb700&Prime; uncode_shortcode_id=\u00a0\u00bb154289&Prime; text_color_type=\u00a0\u00bbuncode-palette\u00a0\u00bb]Qu&rsquo;est-ce<br \/>\nque le VOHC ?[\/vc_custom_heading][\/vc_column][vc_column width=\u00a0\u00bb1\/4&Prime;][\/vc_column][\/vc_row][vc_row row_height_percent=\u00a0\u00bb0&Prime; override_padding=\u00a0\u00bbyes\u00a0\u00bb h_padding=\u00a0\u00bb2&Prime; top_padding=\u00a0\u00bb1&Prime; bottom_padding=\u00a0\u00bb1&Prime; overlay_alpha=\u00a0\u00bb50&Prime; gutter_size=\u00a0\u00bb3&Prime; column_width_percent=\u00a0\u00bb100&Prime; shift_y=\u00a0\u00bb0&Prime; z_index=\u00a0\u00bb0&Prime; uncode_shortcode_id=\u00a0\u00bb116346&Prime; el_class=\u00a0\u00bbpc-section-shape-background-grey\u00a0\u00bb css=\u00a0\u00bb.vc_custom_1640133987865{padding-top: 20px !important;padding-bottom: 20px !important;}\u00a0\u00bb][vc_column width=\u00a0\u00bb1\/1&Prime;][vc_custom_heading uncode_shortcode_id=\u00a0\u00bb500508&Prime;][\/vc_custom_heading][\/vc_column][\/vc_row][vc_row row_height_percent=\u00a0\u00bb80&Prime; override_padding=\u00a0\u00bbyes\u00a0\u00bb h_padding=\u00a0\u00bb0&Prime; top_padding=\u00a0\u00bb0&Prime; bottom_padding=\u00a0\u00bb4&Prime; back_image=\u00a0\u00bb1420&Prime; back_repeat=\u00a0\u00bbno-repeat\u00a0\u00bb back_position=\u00a0\u00bbleft center\u00a0\u00bb overlay_alpha=\u00a0\u00bb50&Prime; gutter_size=\u00a0\u00bb3&Prime; column_width_percent=\u00a0\u00bb100&Prime; shift_y=\u00a0\u00bb0&Prime; z_index=\u00a0\u00bb0&Prime; desktop_visibility=\u00a0\u00bbyes\u00a0\u00bb uncode_shortcode_id=\u00a0\u00bb562326&Prime; back_size=\u00a0\u00bbcover\u00a0\u00bb][vc_column column_width_percent=\u00a0\u00bb100&Prime; position_vertical=\u00a0\u00bbmiddle\u00a0\u00bb gutter_size=\u00a0\u00bb3&Prime; overlay_alpha=\u00a0\u00bb50&Prime; shift_x=\u00a0\u00bb0&Prime; shift_y=\u00a0\u00bb0&Prime; shift_y_down=\u00a0\u00bb0&Prime; z_index=\u00a0\u00bb0&Prime; medium_width=\u00a0\u00bb0&Prime; mobile_width=\u00a0\u00bb0&Prime; css_animation=\u00a0\u00bbbottom-t-top\u00a0\u00bb width=\u00a0\u00bb1\/1&Prime; uncode_shortcode_id=\u00a0\u00bb108884&Prime; el_class=\u00a0\u00bbz-index1&Prime;][vc_single_image media=\u00a0\u00bb3770&Prime; media_width_percent=\u00a0\u00bb100&Prime; uncode_shortcode_id=\u00a0\u00bb189623&Prime;][vc_row_inner row_inner_height_percent=\u00a0\u00bb0&Prime; overlay_alpha=\u00a0\u00bb50&Prime; gutter_size=\u00a0\u00bb3&Prime; shift_y=\u00a0\u00bb0&Prime; z_index=\u00a0\u00bb0&Prime; limit_content=\u00a0\u00bb\u00a0\u00bb uncode_shortcode_id=\u00a0\u00bb653312&Prime; css=\u00a0\u00bb.vc_custom_1640133389850{padding-top: 50px !important;}\u00a0\u00bb][vc_column_inner column_width_percent=\u00a0\u00bb100&Prime; gutter_size=\u00a0\u00bb2&Prime; overlay_alpha=\u00a0\u00bb50&Prime; shift_x=\u00a0\u00bb0&Prime; shift_y=\u00a0\u00bb0&Prime; shift_y_down=\u00a0\u00bb0&Prime; z_index=\u00a0\u00bb0&Prime; medium_width=\u00a0\u00bb0&Prime; mobile_width=\u00a0\u00bb0&Prime; width=\u00a0\u00bb1\/1&Prime; uncode_shortcode_id=\u00a0\u00bb183672&Prime; css=\u00a0\u00bb.vc_custom_1635343471515{padding-right: 36px !important;padding-left: 36px !important;}\u00a0\u00bb][vc_custom_heading text_color=\u00a0\u00bbcolor-197188&Prime; heading_semantic=\u00a0\u00bbdiv\u00a0\u00bb text_size=\u00a0\u00bbfontsize-158891&Prime; text_weight=\u00a0\u00bb700&Prime; uncode_shortcode_id=\u00a0\u00bb154530&Prime; text_color_type=\u00a0\u00bbuncode-palette\u00a0\u00bb]Qu&rsquo;est-ce que le VOHC ?[\/vc_custom_heading][\/vc_column_inner][\/vc_row_inner][\/vc_column][\/vc_row][vc_row row_height_percent=\u00a0\u00bb0&Prime; override_padding=\u00a0\u00bbyes\u00a0\u00bb h_padding=\u00a0\u00bb2&Prime; top_padding=\u00a0\u00bb5&Prime; bottom_padding=\u00a0\u00bb5&Prime; overlay_alpha=\u00a0\u00bb50&Prime; gutter_size=\u00a0\u00bb3&Prime; column_width_percent=\u00a0\u00bb100&Prime; shift_y=\u00a0\u00bb0&Prime; z_index=\u00a0\u00bb0&Prime; uncode_shortcode_id=\u00a0\u00bb184700&Prime; el_class=\u00a0\u00bbbg-gradient\u00a0\u00bb el_id=\u00a0\u00bbtheStart\u00a0\u00bb][vc_column column_width_percent=\u00a0\u00bb100&Prime; gutter_size=\u00a0\u00bb2&Prime; overlay_alpha=\u00a0\u00bb50&Prime; shift_x=\u00a0\u00bb0&Prime; shift_y=\u00a0\u00bb0&Prime; shift_y_down=\u00a0\u00bb0&Prime; z_index=\u00a0\u00bb0&Prime; medium_width=\u00a0\u00bb0&Prime; mobile_width=\u00a0\u00bb0&Prime; width=\u00a0\u00bb1\/1&Prime; uncode_shortcode_id=\u00a0\u00bb296098&Prime; el_id=\u00a0\u00bbaccordion-light\u00a0\u00bb][vc_row_inner limit_content=\u00a0\u00bb\u00a0\u00bb][vc_column_inner column_width_percent=\u00a0\u00bb100&Prime; gutter_size=\u00a0\u00bb3&Prime; style=\u00a0\u00bbdark\u00a0\u00bb overlay_alpha=\u00a0\u00bb50&Prime; shift_x=\u00a0\u00bb0&Prime; shift_y=\u00a0\u00bb0&Prime; shift_y_down=\u00a0\u00bb0&Prime; z_index=\u00a0\u00bb0&Prime; medium_width=\u00a0\u00bb0&Prime; mobile_width=\u00a0\u00bb0&Prime; width=\u00a0\u00bb1\/2&Prime; uncode_shortcode_id=\u00a0\u00bb969177&Prime;][vc_custom_heading text_color=\u00a0\u00bbcolor-197188&Prime; heading_semantic=\u00a0\u00bbh4&Prime; text_size=\u00a0\u00bbh4&Prime; uncode_shortcode_id=\u00a0\u00bb131020&Prime; text_color_type=\u00a0\u00bbuncode-palette\u00a0\u00bb]The Veterinary Oral Health Council (VOHC) was founded in the 1990s to develop a review and endorsement system for veterinary dental products.<sup>1<\/sup>[\/vc_custom_heading][vc_column_text uncode_shortcode_id=\u00a0\u00bb202809&Prime; el_id=\u00a0\u00bbstart\u00a0\u00bb]Consisting of nine veterinary dentists and dental scientists, the council defines <strong>standardised protocols for product efficacy testing<\/strong>.<sup>1,2<\/sup>[\/vc_column_text][vc_custom_heading text_color=\u00a0\u00bbcolor-xsdn\u00a0\u00bb heading_semantic=\u00a0\u00bbh4&Prime; text_size=\u00a0\u00bbh4&Prime; uncode_shortcode_id=\u00a0\u00bb130423&Prime; text_color_type=\u00a0\u00bbuncode-palette\u00a0\u00bb el_class=\u00a0\u00bbhead-bordered\u00a0\u00bb]A propos des proc\u00e9dures VOHC<sup>3<\/sup>[\/vc_custom_heading][vc_custom_heading text_color=\u00a0\u00bbcolor-197188&Prime; heading_semantic=\u00a0\u00bbh4&Prime; text_size=\u00a0\u00bbh4&Prime; uncode_shortcode_id=\u00a0\u00bb148382&Prime; text_color_type=\u00a0\u00bbuncode-palette\u00a0\u00bb]Crit\u00e8res d&rsquo;\u00e9tude[\/vc_custom_heading][uncode_list uncode_shortcode_id=\u00a0\u00bb933149&Prime; el_class=\u00a0\u00bbmarker-list-green\u00a0\u00bb]<\/p>\n<ul>\n<li>Un minimum de deux essais distincts est requis pour chaque produit test\u00e9.<\/li>\n<li>Les essais doivent diff\u00e9rer sur au moins 2 des crit\u00e8res suivants : population d&rsquo;animaux test\u00e9s, lieu de l&rsquo;essai, date et principe de l&rsquo;essai, investigateur ou \u00e9valuateur.<\/li>\n<li>La population d&rsquo;animaux test\u00e9s doit \u00eatre similaire entre les deux essais en ce qui concerne la taille, la forme de la t\u00eate et l&rsquo;\u00e2ge.<\/li>\n<li>Les sujets doivent \u00eatre soumis \u00e0 un r\u00e9gime de contr\u00f4le approuv\u00e9 pendant l&rsquo;essai.<\/li>\n<li>Un \u00a0mod\u00e8le de bouche propre devrait \u00eatre utilis\u00e9, dans lequel les dents sont d\u00e9tartr\u00e9es et polies au jour z\u00e9ro de l&rsquo;essai.<\/li>\n<li>La p\u00e9riode d&rsquo;essai minimale est de 7 jours pour une all\u00e9gation concernant la plaque dentaire et de 21 jours pour une all\u00e9gation concernant le tartre.<\/li>\n<\/ul>\n<p>[\/uncode_list][vc_custom_heading text_color=\u00a0\u00bbcolor-197188&Prime; heading_semantic=\u00a0\u00bbh4&Prime; text_size=\u00a0\u00bbh4&Prime; uncode_shortcode_id=\u00a0\u00bb178129&Prime; text_color_type=\u00a0\u00bbuncode-palette\u00a0\u00bb]Crit\u00e8res d&rsquo;efficacit\u00e9[\/vc_custom_heading][uncode_list uncode_shortcode_id=\u00a0\u00bb119746&Prime; el_class=\u00a0\u00bbmarker-list-green\u00a0\u00bb]La diff\u00e9rence minimale entre les \u00ab\u00a0notes buccales moyennes\u00a0\u00bb (c&rsquo;est-\u00e0-dire la moyenne de toutes les dents not\u00e9es pour tous les animaux concern\u00e9s) requise pour l&rsquo;acceptation du VOHC est la suivante :<\/p>\n<ul>\n<li><strong>R\u00e9duction de 15 % <\/strong>du score de plaque ou de tartre entre le groupe test et le groupe t\u00e9moin n\u00e9gatif dans chaque essai<\/li>\n<li><strong>20% de r\u00e9duction <\/strong>pour le contr\u00f4le chimique de la plaque<\/li>\n<li><strong>R\u00e9duction moyenne \u226520% <\/strong>sur l&rsquo;ensemble des deux essais<\/li>\n<li><strong>Diff\u00e9rence statistiquement significative <\/strong>(p&lt;0,05) dans chaque essai<\/li>\n<\/ul>\n<p>[\/uncode_list][\/vc_column_inner][\/vc_row_inner][\/vc_column][\/vc_row][vc_row row_height_percent=\u00a0\u00bb0&Prime; override_padding=\u00a0\u00bbyes\u00a0\u00bb h_padding=\u00a0\u00bb2&Prime; top_padding=\u00a0\u00bb4&Prime; bottom_padding=\u00a0\u00bb5&Prime; overlay_alpha=\u00a0\u00bb50&Prime; gutter_size=\u00a0\u00bb3&Prime; column_width_percent=\u00a0\u00bb100&Prime; shift_y=\u00a0\u00bb0&Prime; z_index=\u00a0\u00bb0&Prime; uncode_shortcode_id=\u00a0\u00bb543818&Prime; el_id=\u00a0\u00bbtheJourney\u00a0\u00bb el_class=\u00a0\u00bbpc-section-shape-background-grey-inverse\u00a0\u00bb][vc_column column_width_percent=\u00a0\u00bb100&Prime; position_vertical=\u00a0\u00bbmiddle\u00a0\u00bb gutter_size=\u00a0\u00bb3&Prime; overlay_alpha=\u00a0\u00bb50&Prime; shift_x=\u00a0\u00bb0&Prime; shift_y=\u00a0\u00bb0&Prime; shift_y_down=\u00a0\u00bb0&Prime; z_index=\u00a0\u00bb0&Prime; medium_width=\u00a0\u00bb0&Prime; mobile_width=\u00a0\u00bb0&Prime; width=\u00a0\u00bb1\/1&Prime; uncode_shortcode_id=\u00a0\u00bb109194&Prime; css=\u00a0\u00bb.vc_custom_1640135060175{padding-top: 30px !important;}\u00a0\u00bb el_id=\u00a0\u00bbaccordion-dark\u00a0\u00bb][vc_custom_heading uncode_shortcode_id=\u00a0\u00bb256087&Prime;]Avantages du VOHC[\/vc_custom_heading][vc_row_inner row_inner_height_percent=\u00a0\u00bb0&Prime; back_color=\u00a0\u00bbcolor-197188&Prime; overlay_alpha=\u00a0\u00bb50&Prime; gutter_size=\u00a0\u00bb3&Prime; shift_y=\u00a0\u00bb0&Prime; z_index=\u00a0\u00bb0&Prime; limit_content=\u00a0\u00bb\u00a0\u00bb uncode_shortcode_id=\u00a0\u00bb166913&Prime; back_color_type=\u00a0\u00bbuncode-palette\u00a0\u00bb css=\u00a0\u00bb.vc_custom_1640135154021{border-right-width: 30px !important;padding-top: 50px !important;padding-bottom: 50px !important;padding-left: 30px !important;}\u00a0\u00bb][vc_column_inner width=\u00a0\u00bb1\/2&Prime;][vc_icon position=\u00a0\u00bbleft\u00a0\u00bb icon_image=\u00a0\u00bb3934&Prime; media_size=\u00a0\u00bb80&Prime; heading_semantic=\u00a0\u00bbdiv\u00a0\u00bb text_size=\u00a0\u00bbh5&Prime; text_weight=\u00a0\u00bb700&Prime; uncode_shortcode_id=\u00a0\u00bb172344&Prime; title=\u00a0\u00bb1. Stimulation de la recherche\u00a0\u00bb el_class=\u00a0\u00bbvohc-box\u00a0\u00bb]Am\u00e9lioration de l&rsquo;ensemble des connaissances dans le domaine du contr\u00f4le de la plaque et du tartre chez les chiens et les chats.[\/vc_icon][\/vc_column_inner][vc_column_inner width=\u00a0\u00bb1\/2&Prime;][vc_icon position=\u00a0\u00bbleft\u00a0\u00bb icon_image=\u00a0\u00bb3932&Prime; media_size=\u00a0\u00bb80&Prime; heading_semantic=\u00a0\u00bbdiv\u00a0\u00bb text_size=\u00a0\u00bbh5&Prime; text_weight=\u00a0\u00bb700&Prime; uncode_shortcode_id=\u00a0\u00bb269059&Prime; title=\u00a0\u00bb2. Confiance et cr\u00e9dibilit\u00e9\u00a0\u00bb el_class=\u00a0\u00bbvohc-box\u00a0\u00bb]Garanti<strong>e<\/strong> d\u2019une recherche valide avec des protocoles standardis\u00e9s et des b\u00e9n\u00e9fices statistiquement significatifs par rapport au contr\u00f4le n\u00e9gatif.[\/vc_icon][\/vc_column_inner][\/vc_row_inner][vc_empty_space empty_h=\u00a0\u00bb2&Prime;][vc_custom_heading text_color=\u00a0\u00bbcolor-197188&Prime; heading_semantic=\u00a0\u00bbh4&Prime; text_size=\u00a0\u00bbh4&Prime; uncode_shortcode_id=\u00a0\u00bb132997&Prime; text_color_type=\u00a0\u00bbuncode-palette\u00a0\u00bb el_class=\u00a0\u00bbhead-bordered-dark\u00a0\u00bb]Que signifie l&rsquo;acceptation du VOHC pour les produits de soins dentaires ?[\/vc_custom_heading][vc_icon position=\u00a0\u00bbleft\u00a0\u00bb icon_image=\u00a0\u00bb4372&Prime; media_size=\u00a0\u00bb200&Prime; heading_semantic=\u00a0\u00bbdiv\u00a0\u00bb text_size=\u00a0\u00bbh5&Prime; uncode_shortcode_id=\u00a0\u00bb538627&Prime; el_class=\u00a0\u00bbicon-box-mobile\u00a0\u00bb]Si un produit r\u00e9pond aux normes du VOHC en mati\u00e8re de r\u00e9duction de la plaque et\/ou du tartre, il peut recevoir le sceau d&rsquo;acceptation du VOHC.<sup>3<\/sup> Cela signifie que les professionnels v\u00e9t\u00e9rinaires peuvent \u00eatre assur\u00e9s de l&rsquo;efficacit\u00e9 du produit et le recommander en toute confiance \u00e0 leurs clients.<\/p>\n<p>&nbsp;<\/p>\n<p>L&rsquo;absence de label VOHC ne signifie pas n\u00e9cessairement qu&rsquo;un produit n&rsquo;est pas bon, mais cela signifie que les professionnels v\u00e9t\u00e9rinaires devront creuser dans la litt\u00e9rature (si elle existe) pour d\u00e9terminer la valeur du produit.[\/vc_icon][\/vc_column][\/vc_row][vc_row row_height_percent=\u00a0\u00bb40&Prime; back_image=\u00a0\u00bb3941&Prime; overlay_alpha=\u00a0\u00bb50&Prime; gutter_size=\u00a0\u00bb3&Prime; column_width_percent=\u00a0\u00bb100&Prime; shift_y=\u00a0\u00bb0&Prime; z_index=\u00a0\u00bb0&Prime; uncode_shortcode_id=\u00a0\u00bb155569&Prime; css=\u00a0\u00bb.vc_custom_1640134987048{margin-top: 15px !important;}\u00a0\u00bb][vc_column width=\u00a0\u00bb1\/1&Prime;][\/vc_column][\/vc_row][vc_row row_height_percent=\u00a0\u00bb0&Prime; override_padding=\u00a0\u00bbyes\u00a0\u00bb h_padding=\u00a0\u00bb2&Prime; top_padding=\u00a0\u00bb3&Prime; bottom_padding=\u00a0\u00bb1&Prime; back_color=\u00a0\u00bbcolor-160397&Prime; overlay_alpha=\u00a0\u00bb50&Prime; gutter_size=\u00a0\u00bb3&Prime; column_width_percent=\u00a0\u00bb100&Prime; shift_y=\u00a0\u00bb0&Prime; z_index=\u00a0\u00bb0&Prime; uncode_shortcode_id=\u00a0\u00bb169673&Prime; back_color_type=\u00a0\u00bbuncode-palette\u00a0\u00bb el_id=\u00a0\u00bbfoot-owner\u00a0\u00bb el_class=\u00a0\u00bbsite-footer\u00a0\u00bb][vc_column column_width_percent=\u00a0\u00bb100&Prime; gutter_size=\u00a0\u00bb3&Prime; style=\u00a0\u00bbdark\u00a0\u00bb overlay_alpha=\u00a0\u00bb50&Prime; shift_x=\u00a0\u00bb0&Prime; shift_y=\u00a0\u00bb0&Prime; shift_y_down=\u00a0\u00bb0&Prime; z_index=\u00a0\u00bb0&Prime; medium_width=\u00a0\u00bb0&Prime; mobile_width=\u00a0\u00bb0&Prime; width=\u00a0\u00bb1\/1&Prime; uncode_shortcode_id=\u00a0\u00bb204189&Prime;][vc_column_text text_lead=\u00a0\u00bbsmall\u00a0\u00bb uncode_shortcode_id=\u00a0\u00bb105826&Prime;]<strong>R\u00e9f\u00e9rences<\/strong><\/p>\n<p>1. Veterinary Oral Health Council. History of VOHC. Available at: <a href=\"http:\/\/www.vohc.org\/vohc_history.html\" target=\"_blank\" rel=\"noopener\">http:\/\/www.vohc.org\/vohc_history.html<\/a> [Accessed December 2021]. 2. Veterinary Oral Health Council. VOHC Council. Available at: <a href=\"http:\/\/www.vohc.org\/vohc_council.html\" target=\"_blank\" rel=\"noopener\">http:\/\/www.vohc.org\/vohc_council.html <\/a>[Accessed December 2021]. 3. Veterinary Oral Health Council. Protocols and Submissions. Available at: <a href=\"http:\/\/www.vohc.org\/protocols_submissions.html\" target=\"_blank\" rel=\"noopener\">http:\/\/www.vohc.org\/protocols_submissions.html<\/a> [Accessed December 2021].[\/vc_column_text][\/vc_column][\/vc_row]<\/p>\n<\/div>","protected":false},"excerpt":{"rendered":"<p>[vc_row row_height_percent=\u00a0\u00bb65&Prime; override_padding=\u00a0\u00bbyes\u00a0\u00bb h_padding=\u00a0\u00bb2&Prime; top_padding=\u00a0\u00bb4&Prime; bottom_padding=\u00a0\u00bb4&Prime; back_image=\u00a0\u00bb3767&Prime; overlay_alpha=\u00a0\u00bb50&Prime; gutter_size=\u00a0\u00bb3&Prime; column_width_percent=\u00a0\u00bb100&Prime; shift_y=\u00a0\u00bb0&Prime; z_index=\u00a0\u00bb0&Prime; medium_visibility=\u00a0\u00bbyes\u00a0\u00bb mobile_visibility=\u00a0\u00bbyes\u00a0\u00bb uncode_shortcode_id=\u00a0\u00bb176971&Prime;][vc_column column_width_percent=\u00a0\u00bb100&Prime; position_vertical=\u00a0\u00bbmiddle\u00a0\u00bb gutter_size=\u00a0\u00bb3&Prime; overlay_alpha=\u00a0\u00bb50&Prime; shift_x=\u00a0\u00bb0&Prime; [&hellip;]<\/p>\n","protected":false},"author":2,"featured_media":0,"parent":5866,"menu_order":0,"comment_status":"closed","ping_status":"closed","template":"","meta":{"footnotes":""},"class_list":["post-5970","page","type-page","status-publish","hentry"],"yoast_head":"<!-- This site is optimized with the Yoast SEO plugin v24.6 - https:\/\/yoast.com\/wordpress\/plugins\/seo\/ -->\n<title>What is VOHC? - Veterinary | Pet Dental UK<\/title>\n<meta name=\"description\" content=\"What is VOHC? Key information for veterinary professionals about VOHC acceptance and what it means for dental care products. Pet Dental UK\" \/>\n<meta name=\"robots\" content=\"index, follow, max-snippet:-1, max-image-preview:large, max-video-preview:-1\" \/>\n<link rel=\"canonical\" href=\"https:\/\/dental.pet\/benelux\/fr\/pour-le-veterinaire\/quest-ce-que-le-vohc\/\" \/>\n<meta property=\"og:locale\" content=\"fr_FR\" \/>\n<meta property=\"og:type\" content=\"article\" \/>\n<meta property=\"og:title\" content=\"What is VOHC? - Veterinary | Pet Dental UK\" \/>\n<meta property=\"og:description\" content=\"What is VOHC? Key information for veterinary professionals about VOHC acceptance and what it means for dental care products. Pet Dental UK\" \/>\n<meta property=\"og:url\" content=\"https:\/\/dental.pet\/benelux\/fr\/pour-le-veterinaire\/quest-ce-que-le-vohc\/\" \/>\n<meta property=\"og:site_name\" content=\"Benelux\" \/>\n<meta property=\"article:modified_time\" content=\"2023-03-24T15:49:08+00:00\" \/>\n<meta name=\"twitter:card\" content=\"summary_large_image\" \/>\n<meta name=\"twitter:label1\" content=\"Dur\u00e9e de lecture estim\u00e9e\" \/>\n\t<meta name=\"twitter:data1\" content=\"4 minutes\" \/>\n<script type=\"application\/ld+json\" class=\"yoast-schema-graph\">{\"@context\":\"https:\/\/schema.org\",\"@graph\":[{\"@type\":\"WebPage\",\"@id\":\"https:\/\/dental.pet\/benelux\/fr\/pour-le-veterinaire\/quest-ce-que-le-vohc\/\",\"url\":\"https:\/\/dental.pet\/benelux\/fr\/pour-le-veterinaire\/quest-ce-que-le-vohc\/\",\"name\":\"What is VOHC? - Veterinary | Pet Dental UK\",\"isPartOf\":{\"@id\":\"https:\/\/dental.pet\/benelux\/#website\"},\"datePublished\":\"2021-12-21T22:36:02+00:00\",\"dateModified\":\"2023-03-24T15:49:08+00:00\",\"description\":\"What is VOHC? Key information for veterinary professionals about VOHC acceptance and what it means for dental care products. Pet Dental UK\",\"breadcrumb\":{\"@id\":\"https:\/\/dental.pet\/benelux\/fr\/pour-le-veterinaire\/quest-ce-que-le-vohc\/#breadcrumb\"},\"inLanguage\":\"fr-FR\",\"potentialAction\":[{\"@type\":\"ReadAction\",\"target\":[\"https:\/\/dental.pet\/benelux\/fr\/pour-le-veterinaire\/quest-ce-que-le-vohc\/\"]}]},{\"@type\":\"BreadcrumbList\",\"@id\":\"https:\/\/dental.pet\/benelux\/fr\/pour-le-veterinaire\/quest-ce-que-le-vohc\/#breadcrumb\",\"itemListElement\":[{\"@type\":\"ListItem\",\"position\":1,\"name\":\"Home\",\"item\":\"https:\/\/dental.pet\/benelux\/fr\/\"},{\"@type\":\"ListItem\",\"position\":2,\"name\":\"Dental Pet by Animalcare for Veterinary\",\"item\":\"https:\/\/dental.pet\/benelux\/fr\/pour-le-veterinaire\/\"},{\"@type\":\"ListItem\",\"position\":3,\"name\":\"What is VOHC?\"}]},{\"@type\":\"WebSite\",\"@id\":\"https:\/\/dental.pet\/benelux\/#website\",\"url\":\"https:\/\/dental.pet\/benelux\/\",\"name\":\"Benelux\",\"description\":\"Welcome to your Dental Pet Hub\",\"publisher\":{\"@id\":\"https:\/\/dental.pet\/benelux\/#organization\"},\"potentialAction\":[{\"@type\":\"SearchAction\",\"target\":{\"@type\":\"EntryPoint\",\"urlTemplate\":\"https:\/\/dental.pet\/benelux\/?s={search_term_string}\"},\"query-input\":{\"@type\":\"PropertyValueSpecification\",\"valueRequired\":true,\"valueName\":\"search_term_string\"}}],\"inLanguage\":\"fr-FR\"},{\"@type\":\"Organization\",\"@id\":\"https:\/\/dental.pet\/benelux\/#organization\",\"name\":\"Pet Dental\",\"url\":\"https:\/\/dental.pet\/benelux\/\",\"logo\":{\"@type\":\"ImageObject\",\"inLanguage\":\"fr-FR\",\"@id\":\"https:\/\/dental.pet\/benelux\/#\/schema\/logo\/image\/\",\"url\":\"http:\/\/dental.pet\/benelux\/wp-content\/uploads\/sites\/12\/2021\/10\/pet-dental-logo-dark.png\",\"contentUrl\":\"http:\/\/dental.pet\/benelux\/wp-content\/uploads\/sites\/12\/2021\/10\/pet-dental-logo-dark.png\",\"width\":328,\"height\":82,\"caption\":\"Pet Dental\"},\"image\":{\"@id\":\"https:\/\/dental.pet\/benelux\/#\/schema\/logo\/image\/\"}}]}<\/script>\n<!-- \/ Yoast SEO plugin. -->","yoast_head_json":{"title":"What is VOHC? - Veterinary | Pet Dental UK","description":"What is VOHC? Key information for veterinary professionals about VOHC acceptance and what it means for dental care products. Pet Dental UK","robots":{"index":"index","follow":"follow","max-snippet":"max-snippet:-1","max-image-preview":"max-image-preview:large","max-video-preview":"max-video-preview:-1"},"canonical":"https:\/\/dental.pet\/benelux\/fr\/pour-le-veterinaire\/quest-ce-que-le-vohc\/","og_locale":"fr_FR","og_type":"article","og_title":"What is VOHC? - Veterinary | Pet Dental UK","og_description":"What is VOHC? Key information for veterinary professionals about VOHC acceptance and what it means for dental care products. Pet Dental UK","og_url":"https:\/\/dental.pet\/benelux\/fr\/pour-le-veterinaire\/quest-ce-que-le-vohc\/","og_site_name":"Benelux","article_modified_time":"2023-03-24T15:49:08+00:00","twitter_card":"summary_large_image","twitter_misc":{"Dur\u00e9e de lecture estim\u00e9e":"4 minutes"},"schema":{"@context":"https:\/\/schema.org","@graph":[{"@type":"WebPage","@id":"https:\/\/dental.pet\/benelux\/fr\/pour-le-veterinaire\/quest-ce-que-le-vohc\/","url":"https:\/\/dental.pet\/benelux\/fr\/pour-le-veterinaire\/quest-ce-que-le-vohc\/","name":"What is VOHC? - Veterinary | Pet Dental UK","isPartOf":{"@id":"https:\/\/dental.pet\/benelux\/#website"},"datePublished":"2021-12-21T22:36:02+00:00","dateModified":"2023-03-24T15:49:08+00:00","description":"What is VOHC? Key information for veterinary professionals about VOHC acceptance and what it means for dental care products. Pet Dental UK","breadcrumb":{"@id":"https:\/\/dental.pet\/benelux\/fr\/pour-le-veterinaire\/quest-ce-que-le-vohc\/#breadcrumb"},"inLanguage":"fr-FR","potentialAction":[{"@type":"ReadAction","target":["https:\/\/dental.pet\/benelux\/fr\/pour-le-veterinaire\/quest-ce-que-le-vohc\/"]}]},{"@type":"BreadcrumbList","@id":"https:\/\/dental.pet\/benelux\/fr\/pour-le-veterinaire\/quest-ce-que-le-vohc\/#breadcrumb","itemListElement":[{"@type":"ListItem","position":1,"name":"Home","item":"https:\/\/dental.pet\/benelux\/fr\/"},{"@type":"ListItem","position":2,"name":"Dental Pet by Animalcare for Veterinary","item":"https:\/\/dental.pet\/benelux\/fr\/pour-le-veterinaire\/"},{"@type":"ListItem","position":3,"name":"What is VOHC?"}]},{"@type":"WebSite","@id":"https:\/\/dental.pet\/benelux\/#website","url":"https:\/\/dental.pet\/benelux\/","name":"Benelux","description":"Welcome to your Dental Pet Hub","publisher":{"@id":"https:\/\/dental.pet\/benelux\/#organization"},"potentialAction":[{"@type":"SearchAction","target":{"@type":"EntryPoint","urlTemplate":"https:\/\/dental.pet\/benelux\/?s={search_term_string}"},"query-input":{"@type":"PropertyValueSpecification","valueRequired":true,"valueName":"search_term_string"}}],"inLanguage":"fr-FR"},{"@type":"Organization","@id":"https:\/\/dental.pet\/benelux\/#organization","name":"Pet Dental","url":"https:\/\/dental.pet\/benelux\/","logo":{"@type":"ImageObject","inLanguage":"fr-FR","@id":"https:\/\/dental.pet\/benelux\/#\/schema\/logo\/image\/","url":"http:\/\/dental.pet\/benelux\/wp-content\/uploads\/sites\/12\/2021\/10\/pet-dental-logo-dark.png","contentUrl":"http:\/\/dental.pet\/benelux\/wp-content\/uploads\/sites\/12\/2021\/10\/pet-dental-logo-dark.png","width":328,"height":82,"caption":"Pet Dental"},"image":{"@id":"https:\/\/dental.pet\/benelux\/#\/schema\/logo\/image\/"}}]}},"_links":{"self":[{"href":"https:\/\/dental.pet\/benelux\/fr\/wp-json\/wp\/v2\/pages\/5970","targetHints":{"allow":["GET"]}}],"collection":[{"href":"https:\/\/dental.pet\/benelux\/fr\/wp-json\/wp\/v2\/pages"}],"about":[{"href":"https:\/\/dental.pet\/benelux\/fr\/wp-json\/wp\/v2\/types\/page"}],"author":[{"embeddable":true,"href":"https:\/\/dental.pet\/benelux\/fr\/wp-json\/wp\/v2\/users\/2"}],"replies":[{"embeddable":true,"href":"https:\/\/dental.pet\/benelux\/fr\/wp-json\/wp\/v2\/comments?post=5970"}],"version-history":[{"count":5,"href":"https:\/\/dental.pet\/benelux\/fr\/wp-json\/wp\/v2\/pages\/5970\/revisions"}],"predecessor-version":[{"id":7778,"href":"https:\/\/dental.pet\/benelux\/fr\/wp-json\/wp\/v2\/pages\/5970\/revisions\/7778"}],"up":[{"embeddable":true,"href":"https:\/\/dental.pet\/benelux\/fr\/wp-json\/wp\/v2\/pages\/5866"}],"wp:attachment":[{"href":"https:\/\/dental.pet\/benelux\/fr\/wp-json\/wp\/v2\/media?parent=5970"}],"curies":[{"name":"wp","href":"https:\/\/api.w.org\/{rel}","templated":true}]}}