{"id":5959,"date":"2021-12-21T19:54:53","date_gmt":"2021-12-21T19:54:53","guid":{"rendered":"http:\/\/petdental.dev.onpressidium.com\/benelux\/for-veterinary\/the-dental-journey\/"},"modified":"2024-04-23T13:30:19","modified_gmt":"2024-04-23T13:30:19","slug":"le-parcours-dentaire","status":"publish","type":"page","link":"https:\/\/dental.pet\/benelux\/fr\/pour-le-veterinaire\/le-parcours-dentaire\/","title":{"rendered":"The dental journey"},"content":{"rendered":"<div class=\"wpb-content-wrapper\"><p>[vc_row row_height_percent=\u00a0\u00bb65&Prime; override_padding=\u00a0\u00bbyes\u00a0\u00bb h_padding=\u00a0\u00bb2&Prime; top_padding=\u00a0\u00bb4&Prime; bottom_padding=\u00a0\u00bb4&Prime; back_image=\u00a0\u00bb3788&Prime; back_position=\u00a0\u00bbcenter top\u00a0\u00bb overlay_alpha=\u00a0\u00bb50&Prime; gutter_size=\u00a0\u00bb3&Prime; column_width_percent=\u00a0\u00bb100&Prime; shift_y=\u00a0\u00bb0&Prime; z_index=\u00a0\u00bb0&Prime; medium_visibility=\u00a0\u00bbyes\u00a0\u00bb mobile_visibility=\u00a0\u00bbyes\u00a0\u00bb uncode_shortcode_id=\u00a0\u00bb127769&Prime; back_size=\u00a0\u00bbcover\u00a0\u00bb][vc_column column_width_percent=\u00a0\u00bb100&Prime; position_vertical=\u00a0\u00bbmiddle\u00a0\u00bb gutter_size=\u00a0\u00bb3&Prime; overlay_alpha=\u00a0\u00bb50&Prime; shift_x=\u00a0\u00bb0&Prime; shift_y=\u00a0\u00bb0&Prime; shift_y_down=\u00a0\u00bb0&Prime; z_index=\u00a0\u00bb0&Prime; medium_width=\u00a0\u00bb0&Prime; mobile_width=\u00a0\u00bb0&Prime; css_animation=\u00a0\u00bbbottom-t-top\u00a0\u00bb width=\u00a0\u00bb3\/4&Prime; uncode_shortcode_id=\u00a0\u00bb108884&Prime; el_class=\u00a0\u00bbz-index1&Prime;][vc_custom_heading text_color=\u00a0\u00bbcolor-197188&Prime; heading_semantic=\u00a0\u00bbdiv\u00a0\u00bb text_size=\u00a0\u00bbfontsize-158891&Prime; text_weight=\u00a0\u00bb700&Prime; uncode_shortcode_id=\u00a0\u00bb217393&Prime; text_color_type=\u00a0\u00bbuncode-palette\u00a0\u00bb]Le parcours<br \/>\ndentaire[\/vc_custom_heading][\/vc_column][vc_column width=\u00a0\u00bb1\/4&Prime;][\/vc_column][\/vc_row][vc_row row_height_percent=\u00a0\u00bb80&Prime; override_padding=\u00a0\u00bbyes\u00a0\u00bb h_padding=\u00a0\u00bb0&Prime; top_padding=\u00a0\u00bb0&Prime; bottom_padding=\u00a0\u00bb4&Prime; back_image=\u00a0\u00bb1420&Prime; back_repeat=\u00a0\u00bbno-repeat\u00a0\u00bb back_position=\u00a0\u00bbleft center\u00a0\u00bb overlay_alpha=\u00a0\u00bb50&Prime; gutter_size=\u00a0\u00bb3&Prime; column_width_percent=\u00a0\u00bb100&Prime; shift_y=\u00a0\u00bb0&Prime; z_index=\u00a0\u00bb0&Prime; desktop_visibility=\u00a0\u00bbyes\u00a0\u00bb uncode_shortcode_id=\u00a0\u00bb562326&Prime; back_size=\u00a0\u00bbcover\u00a0\u00bb][vc_column column_width_percent=\u00a0\u00bb100&Prime; position_vertical=\u00a0\u00bbmiddle\u00a0\u00bb gutter_size=\u00a0\u00bb3&Prime; overlay_alpha=\u00a0\u00bb50&Prime; shift_x=\u00a0\u00bb0&Prime; shift_y=\u00a0\u00bb0&Prime; shift_y_down=\u00a0\u00bb0&Prime; z_index=\u00a0\u00bb0&Prime; medium_width=\u00a0\u00bb0&Prime; mobile_width=\u00a0\u00bb0&Prime; css_animation=\u00a0\u00bbbottom-t-top\u00a0\u00bb width=\u00a0\u00bb1\/1&Prime; uncode_shortcode_id=\u00a0\u00bb108884&Prime; el_class=\u00a0\u00bbz-index1&Prime;][vc_single_image media=\u00a0\u00bb3782&Prime; media_width_percent=\u00a0\u00bb100&Prime; uncode_shortcode_id=\u00a0\u00bb201246&Prime;][vc_row_inner row_inner_height_percent=\u00a0\u00bb0&Prime; overlay_alpha=\u00a0\u00bb50&Prime; gutter_size=\u00a0\u00bb3&Prime; shift_y=\u00a0\u00bb0&Prime; z_index=\u00a0\u00bb0&Prime; limit_content=\u00a0\u00bb\u00a0\u00bb uncode_shortcode_id=\u00a0\u00bb139958&Prime; css=\u00a0\u00bb.vc_custom_1640132295310{padding-top: 50px !important;}\u00a0\u00bb][vc_column_inner column_width_percent=\u00a0\u00bb100&Prime; gutter_size=\u00a0\u00bb2&Prime; overlay_alpha=\u00a0\u00bb50&Prime; shift_x=\u00a0\u00bb0&Prime; shift_y=\u00a0\u00bb0&Prime; shift_y_down=\u00a0\u00bb0&Prime; z_index=\u00a0\u00bb0&Prime; medium_width=\u00a0\u00bb0&Prime; mobile_width=\u00a0\u00bb0&Prime; width=\u00a0\u00bb1\/1&Prime; uncode_shortcode_id=\u00a0\u00bb183672&Prime; css=\u00a0\u00bb.vc_custom_1635343471515{padding-right: 36px !important;padding-left: 36px !important;}\u00a0\u00bb][vc_custom_heading text_color=\u00a0\u00bbcolor-197188&Prime; heading_semantic=\u00a0\u00bbdiv\u00a0\u00bb text_size=\u00a0\u00bbfontsize-158891&Prime; text_weight=\u00a0\u00bb700&Prime; uncode_shortcode_id=\u00a0\u00bb289583&Prime; text_color_type=\u00a0\u00bbuncode-palette\u00a0\u00bb]Le parcours dentaire[\/vc_custom_heading][\/vc_column_inner][\/vc_row_inner][\/vc_column][\/vc_row][vc_row row_height_percent=\u00a0\u00bb0&Prime; override_padding=\u00a0\u00bbyes\u00a0\u00bb h_padding=\u00a0\u00bb2&Prime; top_padding=\u00a0\u00bb5&Prime; bottom_padding=\u00a0\u00bb5&Prime; overlay_alpha=\u00a0\u00bb50&Prime; gutter_size=\u00a0\u00bb3&Prime; column_width_percent=\u00a0\u00bb100&Prime; shift_y=\u00a0\u00bb0&Prime; z_index=\u00a0\u00bb0&Prime; uncode_shortcode_id=\u00a0\u00bb166404&Prime; el_id=\u00a0\u00bbtheDontMiss\u00a0\u00bb el_class=\u00a0\u00bbpc-section-shape-background-grey\u00a0\u00bb][vc_column column_width_percent=\u00a0\u00bb100&Prime; position_vertical=\u00a0\u00bbmiddle\u00a0\u00bb gutter_size=\u00a0\u00bb3&Prime; overlay_alpha=\u00a0\u00bb50&Prime; shift_x=\u00a0\u00bb0&Prime; shift_y=\u00a0\u00bb0&Prime; shift_y_down=\u00a0\u00bb0&Prime; z_index=\u00a0\u00bb0&Prime; medium_width=\u00a0\u00bb0&Prime; mobile_width=\u00a0\u00bb0&Prime; width=\u00a0\u00bb1\/1&Prime; uncode_shortcode_id=\u00a0\u00bb125616&Prime; el_id=\u00a0\u00bbaccordion-dark\u00a0\u00bb][vc_custom_heading text_color=\u00a0\u00bbcolor-108211&Prime; heading_semantic=\u00a0\u00bbdiv\u00a0\u00bb text_size=\u00a0\u00bbfontsize-158891&Prime; text_weight=\u00a0\u00bb700&Prime; css_animation=\u00a0\u00bbalpha-anim\u00a0\u00bb uncode_shortcode_id=\u00a0\u00bb200827&Prime; text_color_type=\u00a0\u00bbuncode-palette\u00a0\u00bb el_id=\u00a0\u00bbmiss\u00a0\u00bb]O\u00f9 en sont vos patients dans leur parcours dentaire ?[\/vc_custom_heading][vc_column_text css_animation=\u00a0\u00bbalpha-anim\u00a0\u00bb uncode_shortcode_id=\u00a0\u00bb172808&Prime; el_id=\u00a0\u00bbmiss\u00a0\u00bb]Les soins bucco-dentaires \u00e0 domicile peuvent \u00eatre entrepris d\u00e8s que les animaux ont des dents permanentes.<sup>1<\/sup> Commencer les soins bucco-dentaires \u00e0 domicile t\u00f4t dans la vie de l&rsquo;animal peut faciliter l&rsquo;acceptation,<sup>2<\/sup> mais m\u00eame pour les animaux plus \u00e2g\u00e9s, il n&rsquo;est jamais trop tard pour commencer une routine de soins dentaires.[\/vc_column_text][vc_custom_heading text_color=\u00a0\u00bbcolor-197188&Prime; heading_semantic=\u00a0\u00bbh4&Prime; text_size=\u00a0\u00bbh4&Prime; uncode_shortcode_id=\u00a0\u00bb182945&Prime; text_color_type=\u00a0\u00bbuncode-palette\u00a0\u00bb el_class=\u00a0\u00bbhead-bordered-dark\u00a0\u00bb]Chiots et chatons[\/vc_custom_heading][vc_icon position=\u00a0\u00bbleft\u00a0\u00bb icon_image=\u00a0\u00bb1001&Prime; media_size=\u00a0\u00bb80&Prime; heading_semantic=\u00a0\u00bbdiv\u00a0\u00bb text_size=\u00a0\u00bbh5&Prime; uncode_shortcode_id=\u00a0\u00bb176705&Prime; el_class=\u00a0\u00bbgreen-bullets\u00a0\u00bb]<\/p>\n<ul>\n<li>Le moment id\u00e9al pour commencer une routine de soins dentaires est lorsque les animaux sont encore jeunes.<\/li>\n<li><strong>Les sprays <\/strong>peuvent \u00eatre une bonne premi\u00e8re \u00e9tape, car ils minimisent le contact direct avec les dents et les gencives. Les propri\u00e9taires peuvent ensuite passer \u00e0 des produits comme les <strong>lingettes<\/strong>, qui habituent les animaux \u00e0 ce que l&rsquo;on touche leurs dents et leurs gencives et facilitent le passage au brossage des dents. Toutefois, si les propri\u00e9taires ne parviennent pas \u00e0 progresser jusqu&rsquo;au brossage des dents, des produits comme les <strong>additifs pour l\u2019eau <\/strong>peuvent \u00eatre un bon compl\u00e9ment.<\/li>\n<\/ul>\n<p>[\/vc_icon][vc_custom_heading text_color=\u00a0\u00bbcolor-197188&Prime; heading_semantic=\u00a0\u00bbh4&Prime; text_size=\u00a0\u00bbh4&Prime; uncode_shortcode_id=\u00a0\u00bb161978&Prime; text_color_type=\u00a0\u00bbuncode-palette\u00a0\u00bb el_class=\u00a0\u00bbhead-bordered-dark\u00a0\u00bb]Produits \u00e0 m\u00e2cher et aliments dentaires[\/vc_custom_heading][vc_icon position=\u00a0\u00bbleft\u00a0\u00bb icon_image=\u00a0\u00bb976&Prime; media_size=\u00a0\u00bb80&Prime; heading_semantic=\u00a0\u00bbdiv\u00a0\u00bb text_size=\u00a0\u00bbh5&Prime; uncode_shortcode_id=\u00a0\u00bb172994&Prime; el_class=\u00a0\u00bbgreen-bullets\u00a0\u00bb]<\/p>\n<ul>\n<li>Les snacks \u00e0 m\u00e2cher et les aliments dentaires ne touchent que les pr\u00e9molaires et les molaires, et non les canines et les incisives.<\/li>\n<li>Les produits qui s&rsquo;adressent aux dents de devant, comme les <strong>sprays <\/strong>ou les <strong>lingettes<\/strong>, sont un bon compl\u00e9ment pour couvrir les zones que les snacks \u00e0 m\u00e2cher et les aliments dentaires n&rsquo;atteignent pas.<\/li>\n<\/ul>\n<p>[\/vc_icon][vc_custom_heading text_color=\u00a0\u00bbcolor-197188&Prime; heading_semantic=\u00a0\u00bbh4&Prime; text_size=\u00a0\u00bbh4&Prime; uncode_shortcode_id=\u00a0\u00bb841339&Prime; text_color_type=\u00a0\u00bbuncode-palette\u00a0\u00bb el_class=\u00a0\u00bbhead-bordered-dark\u00a0\u00bb]Brossage de dents occasionnel[\/vc_custom_heading][vc_icon position=\u00a0\u00bbleft\u00a0\u00bb icon_image=\u00a0\u00bb979&Prime; media_size=\u00a0\u00bb80&Prime; heading_semantic=\u00a0\u00bbdiv\u00a0\u00bb text_size=\u00a0\u00bbh5&Prime; uncode_shortcode_id=\u00a0\u00bb895826&Prime; el_class=\u00a0\u00bbgreen-bullets\u00a0\u00bb]<\/p>\n<ul>\n<li>Le brossage des dents r\u00e9duit la plaque dentaire de 37 % s&rsquo;il est effectu\u00e9 quotidiennement, de 25 % s&rsquo;il est effectu\u00e9 tous les deux jours et de 10 % s&rsquo;il est effectu\u00e9 chaque semaine.<sup>3<\/sup><\/li>\n<li>Le brossage occasionnel des dents peut \u00eatre associ\u00e9 \u00e0 d&rsquo;autres produits, tels que des <strong>additifs pour l&rsquo;eau<\/strong>, afin d&rsquo;accro\u00eetre l&rsquo;efficacit\u00e9 sans augmenter l&rsquo;effort.<\/li>\n<\/ul>\n<p>[\/vc_icon][vc_custom_heading text_color=\u00a0\u00bbcolor-197188&Prime; heading_semantic=\u00a0\u00bbh4&Prime; text_size=\u00a0\u00bbh4&Prime; uncode_shortcode_id=\u00a0\u00bb839339&Prime; text_color_type=\u00a0\u00bbuncode-palette\u00a0\u00bb el_class=\u00a0\u00bbhead-bordered-dark\u00a0\u00bb]Produits compl\u00e9mentaires au d\u00e9tartrage et au polissage[\/vc_custom_heading][vc_icon position=\u00a0\u00bbleft\u00a0\u00bb icon_image=\u00a0\u00bb983&Prime; media_size=\u00a0\u00bb80&Prime; heading_semantic=\u00a0\u00bbdiv\u00a0\u00bb text_size=\u00a0\u00bbh5&Prime; uncode_shortcode_id=\u00a0\u00bb167336&Prime; el_class=\u00a0\u00bbgreen-bullets\u00a0\u00bb]<\/p>\n<ul>\n<li>Pour ramollir le tartre avant l&rsquo;intervention, des produits comme les <strong>additifs pour l\u2019eau <\/strong>peuvent \u00eatre utiles. Ils peuvent \u00e9galement \u00eatre utilis\u00e9s apr\u00e8s l&rsquo;intervention, lorsque le brossage n&rsquo;est pas possible.<\/li>\n<\/ul>\n<p>[\/vc_icon][vc_row_inner row_inner_height_percent=\u00a0\u00bb0&Prime; overlay_alpha=\u00a0\u00bb50&Prime; gutter_size=\u00a0\u00bb3&Prime; shift_y=\u00a0\u00bb0&Prime; z_index=\u00a0\u00bb0&Prime; limit_content=\u00a0\u00bb\u00a0\u00bb uncode_shortcode_id=\u00a0\u00bb601235&Prime; el_class=\u00a0\u00bbflex-row\u00a0\u00bb][vc_column_inner width=\u00a0\u00bb1\/1&Prime;][vc_button button_color=\u00a0\u00bbcolor-135796&Prime; border_width=\u00a0\u00bb0&Prime; link=\u00a0\u00bburl:https%3A%2F%2Fyoutu.be%2Fgm1RuaqSVCg\u00a0\u00bb uncode_shortcode_id=\u00a0\u00bb207633&Prime; button_color_type=\u00a0\u00bbuncode-palette\u00a0\u00bb]Regardez ici notre vid\u00e9o sur le brossage des dents[\/vc_button][\/vc_column_inner][\/vc_row_inner][vc_row_inner row_inner_height_percent=\u00a0\u00bb0&Prime; overlay_alpha=\u00a0\u00bb50&Prime; gutter_size=\u00a0\u00bb3&Prime; shift_y=\u00a0\u00bb0&Prime; z_index=\u00a0\u00bb0&Prime; limit_content=\u00a0\u00bb\u00a0\u00bb uncode_shortcode_id=\u00a0\u00bb601235&Prime; el_class=\u00a0\u00bbflex-row\u00a0\u00bb][vc_column_inner width=\u00a0\u00bb1\/1&Prime;][vc_button button_color=\u00a0\u00bbcolor-197188&Prime; border_width=\u00a0\u00bb0&Prime; display=\u00a0\u00bbinline\u00a0\u00bb button_color_type=\u00a0\u00bbuncode-palette\u00a0\u00bb uncode_shortcode_id=\u00a0\u00bb109792&Prime; el_class=\u00a0\u00bbbutton-light btn-bigger button-right\u00a0\u00bb link=\u00a0\u00bburl:%2Fbenelux%2Ffr%2Ffor-veterinary%2Fwhat-is-vohc%2F|title:PLAQTIV%20for%20Veterinary\u00a0\u00bb]QUELS SONT LES PRODUITS ACCEPT\u00c9S PAR LE VOHC ? &gt;[\/vc_button][vc_button button_color=\u00a0\u00bbcolor-197188&Prime; border_width=\u00a0\u00bb0&Prime; display=\u00a0\u00bbinline\u00a0\u00bb button_color_type=\u00a0\u00bbuncode-palette\u00a0\u00bb uncode_shortcode_id=\u00a0\u00bb565169&Prime; el_class=\u00a0\u00bbbutton-light btn-bigger\u00a0\u00bb link=\u00a0\u00bburl:%2Fbenelux%2Ffr%2Ffor-veterinary%2Fplaqtiv%2F|title:PLAQTIV%20for%20Veterinary\u00a0\u00bb]VOYEZ COMMENT PLAQTIV+ POURRAIT S&rsquo;INT\u00c9GRER DANS LE PARCOURS DENTAIRE DE VOS PATIENTS &gt;[\/vc_button][vc_button button_color=\u00a0\u00bbcolor-197188&Prime; border_width=\u00a0\u00bb0&Prime; display=\u00a0\u00bbinline\u00a0\u00bb button_color_type=\u00a0\u00bbuncode-palette\u00a0\u00bb uncode_shortcode_id=\u00a0\u00bb109792&Prime; el_class=\u00a0\u00bbbutton-light btn-bigger button-right\u00a0\u00bb link=\u00a0\u00bburl:%2Fbenelux%2Ffr%2Ffor-veterinary%2Fwhat-is-vohc%2F|title:PLAQTIV%20for%20Veterinary\u00a0\u00bb]QUELS SONT LES PRODUITS ACCEPT\u00c9S PAR LE VOHC ? &gt;[\/vc_button][\/vc_column_inner][\/vc_row_inner][\/vc_column][\/vc_row][vc_row row_height_percent=\u00a0\u00bb50&Prime; back_image=\u00a0\u00bb3785&Prime; overlay_alpha=\u00a0\u00bb50&Prime; gutter_size=\u00a0\u00bb3&Prime; column_width_percent=\u00a0\u00bb100&Prime; shift_y=\u00a0\u00bb0&Prime; z_index=\u00a0\u00bb0&Prime; uncode_shortcode_id=\u00a0\u00bb156178&Prime; css=\u00a0\u00bb.vc_custom_1640133227935{margin-top: 15px !important;}\u00a0\u00bb][vc_column width=\u00a0\u00bb1\/1&Prime;][\/vc_column][\/vc_row][vc_row row_height_percent=\u00a0\u00bb0&Prime; override_padding=\u00a0\u00bbyes\u00a0\u00bb h_padding=\u00a0\u00bb2&Prime; top_padding=\u00a0\u00bb3&Prime; bottom_padding=\u00a0\u00bb1&Prime; back_color=\u00a0\u00bbcolor-160397&Prime; overlay_alpha=\u00a0\u00bb50&Prime; gutter_size=\u00a0\u00bb3&Prime; column_width_percent=\u00a0\u00bb100&Prime; shift_y=\u00a0\u00bb0&Prime; z_index=\u00a0\u00bb0&Prime; uncode_shortcode_id=\u00a0\u00bb169673&Prime; back_color_type=\u00a0\u00bbuncode-palette\u00a0\u00bb el_id=\u00a0\u00bbfoot-owner\u00a0\u00bb el_class=\u00a0\u00bbsite-footer\u00a0\u00bb][vc_column column_width_percent=\u00a0\u00bb100&Prime; gutter_size=\u00a0\u00bb3&Prime; style=\u00a0\u00bbdark\u00a0\u00bb overlay_alpha=\u00a0\u00bb50&Prime; shift_x=\u00a0\u00bb0&Prime; shift_y=\u00a0\u00bb0&Prime; shift_y_down=\u00a0\u00bb0&Prime; z_index=\u00a0\u00bb0&Prime; medium_width=\u00a0\u00bb0&Prime; mobile_width=\u00a0\u00bb0&Prime; width=\u00a0\u00bb1\/1&Prime; uncode_shortcode_id=\u00a0\u00bb204189&Prime;][vc_column_text text_lead=\u00a0\u00bbsmall\u00a0\u00bb uncode_shortcode_id=\u00a0\u00bb132625&Prime;]<strong>R\u00e9f\u00e9rences<\/strong><\/p>\n<p class=\"p1\">1. Bellows J et al. 2019 AAHA Dental Care Guidelines for Dogs and Cats. J Am Anim Hosp Assoc 2019;55(2):49\u201369. 2. Harrison C. Available at: <a href=\"https:\/\/www.theveterinarynurse.com\/review\/article\/nutrition-and-preventative-oral-healthcare-treatments-for-canine-and-feline-patients\">https:\/\/www.theveterinarynurse.com\/review\/article\/nutrition-and-preventative-oral-healthcare-treatments-for-canine-and-feline-patients<\/a> [Accessed December 2021]. 3. Harvey C et al. Effect of frequency of brushing teeth on plaque and calculus accumulation, and gingivitis in dogs. J Vet Dent 2015;32(1):16\u201321.<\/p>\n<p>[\/vc_column_text][\/vc_column][\/vc_row]<\/p>\n<\/div>","protected":false},"excerpt":{"rendered":"<p>[vc_row row_height_percent=\u00a0\u00bb65&Prime; override_padding=\u00a0\u00bbyes\u00a0\u00bb h_padding=\u00a0\u00bb2&Prime; top_padding=\u00a0\u00bb4&Prime; bottom_padding=\u00a0\u00bb4&Prime; back_image=\u00a0\u00bb3788&Prime; back_position=\u00a0\u00bbcenter top\u00a0\u00bb overlay_alpha=\u00a0\u00bb50&Prime; gutter_size=\u00a0\u00bb3&Prime; column_width_percent=\u00a0\u00bb100&Prime; shift_y=\u00a0\u00bb0&Prime; z_index=\u00a0\u00bb0&Prime; medium_visibility=\u00a0\u00bbyes\u00a0\u00bb mobile_visibility=\u00a0\u00bbyes\u00a0\u00bb uncode_shortcode_id=\u00a0\u00bb127769&Prime; back_size=\u00a0\u00bbcover\u00a0\u00bb][vc_column column_width_percent=\u00a0\u00bb100&Prime; position_vertical=\u00a0\u00bbmiddle\u00a0\u00bb [&hellip;]<\/p>\n","protected":false},"author":2,"featured_media":0,"parent":5866,"menu_order":0,"comment_status":"closed","ping_status":"closed","template":"","meta":{"footnotes":""},"class_list":["post-5959","page","type-page","status-publish","hentry"],"yoast_head":"<!-- This site is optimized with the Yoast SEO plugin v24.6 - https:\/\/yoast.com\/wordpress\/plugins\/seo\/ -->\n<title>The dental journey - Veterinary | Pet Dental UK<\/title>\n<meta name=\"description\" content=\"The dental journey. Information for veterinary professionals about stages of the dental journey and how to recommend the right dental care products. Pet Dental UK\" \/>\n<meta name=\"robots\" content=\"index, follow, max-snippet:-1, max-image-preview:large, max-video-preview:-1\" \/>\n<link rel=\"canonical\" href=\"https:\/\/dental.pet\/benelux\/fr\/pour-le-veterinaire\/le-parcours-dentaire\/\" \/>\n<meta property=\"og:locale\" content=\"fr_FR\" \/>\n<meta property=\"og:type\" content=\"article\" \/>\n<meta property=\"og:title\" content=\"The dental journey - Veterinary | Pet Dental UK\" \/>\n<meta property=\"og:description\" content=\"The dental journey. Information for veterinary professionals about stages of the dental journey and how to recommend the right dental care products. Pet Dental UK\" \/>\n<meta property=\"og:url\" content=\"https:\/\/dental.pet\/benelux\/fr\/pour-le-veterinaire\/le-parcours-dentaire\/\" \/>\n<meta property=\"og:site_name\" content=\"Benelux\" \/>\n<meta property=\"article:modified_time\" content=\"2024-04-23T13:30:19+00:00\" \/>\n<meta name=\"twitter:card\" content=\"summary_large_image\" \/>\n<meta name=\"twitter:label1\" content=\"Dur\u00e9e de lecture estim\u00e9e\" \/>\n\t<meta name=\"twitter:data1\" content=\"4 minutes\" \/>\n<script type=\"application\/ld+json\" class=\"yoast-schema-graph\">{\"@context\":\"https:\/\/schema.org\",\"@graph\":[{\"@type\":\"WebPage\",\"@id\":\"https:\/\/dental.pet\/benelux\/fr\/pour-le-veterinaire\/le-parcours-dentaire\/\",\"url\":\"https:\/\/dental.pet\/benelux\/fr\/pour-le-veterinaire\/le-parcours-dentaire\/\",\"name\":\"The dental journey - Veterinary | Pet Dental UK\",\"isPartOf\":{\"@id\":\"https:\/\/dental.pet\/benelux\/#website\"},\"datePublished\":\"2021-12-21T19:54:53+00:00\",\"dateModified\":\"2024-04-23T13:30:19+00:00\",\"description\":\"The dental journey. Information for veterinary professionals about stages of the dental journey and how to recommend the right dental care products. Pet Dental UK\",\"breadcrumb\":{\"@id\":\"https:\/\/dental.pet\/benelux\/fr\/pour-le-veterinaire\/le-parcours-dentaire\/#breadcrumb\"},\"inLanguage\":\"fr-FR\",\"potentialAction\":[{\"@type\":\"ReadAction\",\"target\":[\"https:\/\/dental.pet\/benelux\/fr\/pour-le-veterinaire\/le-parcours-dentaire\/\"]}]},{\"@type\":\"BreadcrumbList\",\"@id\":\"https:\/\/dental.pet\/benelux\/fr\/pour-le-veterinaire\/le-parcours-dentaire\/#breadcrumb\",\"itemListElement\":[{\"@type\":\"ListItem\",\"position\":1,\"name\":\"Home\",\"item\":\"https:\/\/dental.pet\/benelux\/fr\/\"},{\"@type\":\"ListItem\",\"position\":2,\"name\":\"Dental Pet by Animalcare for Veterinary\",\"item\":\"https:\/\/dental.pet\/benelux\/fr\/pour-le-veterinaire\/\"},{\"@type\":\"ListItem\",\"position\":3,\"name\":\"The dental journey\"}]},{\"@type\":\"WebSite\",\"@id\":\"https:\/\/dental.pet\/benelux\/#website\",\"url\":\"https:\/\/dental.pet\/benelux\/\",\"name\":\"Benelux\",\"description\":\"Welcome to your Dental Pet Hub\",\"publisher\":{\"@id\":\"https:\/\/dental.pet\/benelux\/#organization\"},\"potentialAction\":[{\"@type\":\"SearchAction\",\"target\":{\"@type\":\"EntryPoint\",\"urlTemplate\":\"https:\/\/dental.pet\/benelux\/?s={search_term_string}\"},\"query-input\":{\"@type\":\"PropertyValueSpecification\",\"valueRequired\":true,\"valueName\":\"search_term_string\"}}],\"inLanguage\":\"fr-FR\"},{\"@type\":\"Organization\",\"@id\":\"https:\/\/dental.pet\/benelux\/#organization\",\"name\":\"Pet Dental\",\"url\":\"https:\/\/dental.pet\/benelux\/\",\"logo\":{\"@type\":\"ImageObject\",\"inLanguage\":\"fr-FR\",\"@id\":\"https:\/\/dental.pet\/benelux\/#\/schema\/logo\/image\/\",\"url\":\"http:\/\/dental.pet\/benelux\/wp-content\/uploads\/sites\/12\/2021\/10\/pet-dental-logo-dark.png\",\"contentUrl\":\"http:\/\/dental.pet\/benelux\/wp-content\/uploads\/sites\/12\/2021\/10\/pet-dental-logo-dark.png\",\"width\":328,\"height\":82,\"caption\":\"Pet Dental\"},\"image\":{\"@id\":\"https:\/\/dental.pet\/benelux\/#\/schema\/logo\/image\/\"}}]}<\/script>\n<!-- \/ Yoast SEO plugin. -->","yoast_head_json":{"title":"The dental journey - Veterinary | Pet Dental UK","description":"The dental journey. Information for veterinary professionals about stages of the dental journey and how to recommend the right dental care products. Pet Dental UK","robots":{"index":"index","follow":"follow","max-snippet":"max-snippet:-1","max-image-preview":"max-image-preview:large","max-video-preview":"max-video-preview:-1"},"canonical":"https:\/\/dental.pet\/benelux\/fr\/pour-le-veterinaire\/le-parcours-dentaire\/","og_locale":"fr_FR","og_type":"article","og_title":"The dental journey - Veterinary | Pet Dental UK","og_description":"The dental journey. Information for veterinary professionals about stages of the dental journey and how to recommend the right dental care products. Pet Dental UK","og_url":"https:\/\/dental.pet\/benelux\/fr\/pour-le-veterinaire\/le-parcours-dentaire\/","og_site_name":"Benelux","article_modified_time":"2024-04-23T13:30:19+00:00","twitter_card":"summary_large_image","twitter_misc":{"Dur\u00e9e de lecture estim\u00e9e":"4 minutes"},"schema":{"@context":"https:\/\/schema.org","@graph":[{"@type":"WebPage","@id":"https:\/\/dental.pet\/benelux\/fr\/pour-le-veterinaire\/le-parcours-dentaire\/","url":"https:\/\/dental.pet\/benelux\/fr\/pour-le-veterinaire\/le-parcours-dentaire\/","name":"The dental journey - Veterinary | Pet Dental UK","isPartOf":{"@id":"https:\/\/dental.pet\/benelux\/#website"},"datePublished":"2021-12-21T19:54:53+00:00","dateModified":"2024-04-23T13:30:19+00:00","description":"The dental journey. Information for veterinary professionals about stages of the dental journey and how to recommend the right dental care products. Pet Dental UK","breadcrumb":{"@id":"https:\/\/dental.pet\/benelux\/fr\/pour-le-veterinaire\/le-parcours-dentaire\/#breadcrumb"},"inLanguage":"fr-FR","potentialAction":[{"@type":"ReadAction","target":["https:\/\/dental.pet\/benelux\/fr\/pour-le-veterinaire\/le-parcours-dentaire\/"]}]},{"@type":"BreadcrumbList","@id":"https:\/\/dental.pet\/benelux\/fr\/pour-le-veterinaire\/le-parcours-dentaire\/#breadcrumb","itemListElement":[{"@type":"ListItem","position":1,"name":"Home","item":"https:\/\/dental.pet\/benelux\/fr\/"},{"@type":"ListItem","position":2,"name":"Dental Pet by Animalcare for Veterinary","item":"https:\/\/dental.pet\/benelux\/fr\/pour-le-veterinaire\/"},{"@type":"ListItem","position":3,"name":"The dental journey"}]},{"@type":"WebSite","@id":"https:\/\/dental.pet\/benelux\/#website","url":"https:\/\/dental.pet\/benelux\/","name":"Benelux","description":"Welcome to your Dental Pet Hub","publisher":{"@id":"https:\/\/dental.pet\/benelux\/#organization"},"potentialAction":[{"@type":"SearchAction","target":{"@type":"EntryPoint","urlTemplate":"https:\/\/dental.pet\/benelux\/?s={search_term_string}"},"query-input":{"@type":"PropertyValueSpecification","valueRequired":true,"valueName":"search_term_string"}}],"inLanguage":"fr-FR"},{"@type":"Organization","@id":"https:\/\/dental.pet\/benelux\/#organization","name":"Pet Dental","url":"https:\/\/dental.pet\/benelux\/","logo":{"@type":"ImageObject","inLanguage":"fr-FR","@id":"https:\/\/dental.pet\/benelux\/#\/schema\/logo\/image\/","url":"http:\/\/dental.pet\/benelux\/wp-content\/uploads\/sites\/12\/2021\/10\/pet-dental-logo-dark.png","contentUrl":"http:\/\/dental.pet\/benelux\/wp-content\/uploads\/sites\/12\/2021\/10\/pet-dental-logo-dark.png","width":328,"height":82,"caption":"Pet Dental"},"image":{"@id":"https:\/\/dental.pet\/benelux\/#\/schema\/logo\/image\/"}}]}},"_links":{"self":[{"href":"https:\/\/dental.pet\/benelux\/fr\/wp-json\/wp\/v2\/pages\/5959","targetHints":{"allow":["GET"]}}],"collection":[{"href":"https:\/\/dental.pet\/benelux\/fr\/wp-json\/wp\/v2\/pages"}],"about":[{"href":"https:\/\/dental.pet\/benelux\/fr\/wp-json\/wp\/v2\/types\/page"}],"author":[{"embeddable":true,"href":"https:\/\/dental.pet\/benelux\/fr\/wp-json\/wp\/v2\/users\/2"}],"replies":[{"embeddable":true,"href":"https:\/\/dental.pet\/benelux\/fr\/wp-json\/wp\/v2\/comments?post=5959"}],"version-history":[{"count":5,"href":"https:\/\/dental.pet\/benelux\/fr\/wp-json\/wp\/v2\/pages\/5959\/revisions"}],"predecessor-version":[{"id":10213,"href":"https:\/\/dental.pet\/benelux\/fr\/wp-json\/wp\/v2\/pages\/5959\/revisions\/10213"}],"up":[{"embeddable":true,"href":"https:\/\/dental.pet\/benelux\/fr\/wp-json\/wp\/v2\/pages\/5866"}],"wp:attachment":[{"href":"https:\/\/dental.pet\/benelux\/fr\/wp-json\/wp\/v2\/media?parent=5959"}],"curies":[{"name":"wp","href":"https:\/\/api.w.org\/{rel}","templated":true}]}}