{"id":5925,"date":"2021-10-25T17:17:58","date_gmt":"2021-10-25T17:17:58","guid":{"rendered":"http:\/\/petdental.dev.onpressidium.com\/benelux\/for-veterinary\/privacy-for-veterinary\/"},"modified":"2023-03-24T15:51:56","modified_gmt":"2023-03-24T15:51:56","slug":"privacybeleid","status":"publish","type":"page","link":"https:\/\/dental.pet\/benelux\/fr\/pour-le-veterinaire\/privacybeleid\/","title":{"rendered":"Privacy for Veterinary"},"content":{"rendered":"<div class=\"wpb-content-wrapper\"><p>[vc_row row_height_percent=\u00a0\u00bb33&Prime; override_padding=\u00a0\u00bbyes\u00a0\u00bb h_padding=\u00a0\u00bb2&Prime; top_padding=\u00a0\u00bb4&Prime; bottom_padding=\u00a0\u00bb4&Prime; back_image=\u00a0\u00bb2893&Prime; back_position=\u00a0\u00bbleft top\u00a0\u00bb overlay_alpha=\u00a0\u00bb50&Prime; gutter_size=\u00a0\u00bb3&Prime; column_width_percent=\u00a0\u00bb100&Prime; shift_y=\u00a0\u00bb0&Prime; z_index=\u00a0\u00bb0&Prime; uncode_shortcode_id=\u00a0\u00bb105432&Prime; back_size=\u00a0\u00bbcover\u00a0\u00bb][vc_column column_width_percent=\u00a0\u00bb100&Prime; position_vertical=\u00a0\u00bbmiddle\u00a0\u00bb gutter_size=\u00a0\u00bb3&Prime; overlay_alpha=\u00a0\u00bb50&Prime; shift_x=\u00a0\u00bb0&Prime; shift_y=\u00a0\u00bb0&Prime; shift_y_down=\u00a0\u00bb0&Prime; z_index=\u00a0\u00bb0&Prime; medium_width=\u00a0\u00bb0&Prime; mobile_width=\u00a0\u00bb0&Prime; css_animation=\u00a0\u00bbbottom-t-top\u00a0\u00bb width=\u00a0\u00bb3\/4&Prime; uncode_shortcode_id=\u00a0\u00bb112221&Prime; el_class=\u00a0\u00bbz-index1&Prime;][vc_custom_heading text_color=\u00a0\u00bbcolor-197188&Prime; heading_semantic=\u00a0\u00bbdiv\u00a0\u00bb text_size=\u00a0\u00bbfontsize-158891&Prime; text_weight=\u00a0\u00bb700&Prime; uncode_shortcode_id=\u00a0\u00bb961356&Prime; text_color_type=\u00a0\u00bbuncode-palette\u00a0\u00bb]D\u00e9claration de<br \/>\nconfidentialit\u00e9[\/vc_custom_heading][\/vc_column][vc_column width=\u00a0\u00bb1\/4&Prime;][\/vc_column][\/vc_row][vc_row row_height_percent=\u00a0\u00bb0&Prime; override_padding=\u00a0\u00bbyes\u00a0\u00bb h_padding=\u00a0\u00bb2&Prime; top_padding=\u00a0\u00bb5&Prime; bottom_padding=\u00a0\u00bb7&Prime; overlay_alpha=\u00a0\u00bb50&Prime; gutter_size=\u00a0\u00bb3&Prime; column_width_percent=\u00a0\u00bb100&Prime; shift_y=\u00a0\u00bb0&Prime; z_index=\u00a0\u00bb0&Prime; uncode_shortcode_id=\u00a0\u00bb178923&Prime; el_id=\u00a0\u00bbaccordion-dark\u00a0\u00bb el_class=\u00a0\u00bbpc-section-shape-background-grey\u00a0\u00bb][vc_column column_width_percent=\u00a0\u00bb100&Prime; position_vertical=\u00a0\u00bbmiddle\u00a0\u00bb gutter_size=\u00a0\u00bb3&Prime; expand_height=\u00a0\u00bbyes\u00a0\u00bb overlay_alpha=\u00a0\u00bb50&Prime; shift_x=\u00a0\u00bb0&Prime; shift_y=\u00a0\u00bb0&Prime; shift_y_down=\u00a0\u00bb0&Prime; z_index=\u00a0\u00bb0&Prime; medium_width=\u00a0\u00bb0&Prime; mobile_width=\u00a0\u00bb0&Prime; width=\u00a0\u00bb1\/1&Prime; uncode_shortcode_id=\u00a0\u00bb409797&Prime;][vc_column_text uncode_shortcode_id=\u00a0\u00bb740407&Prime;]Animalcare\/Ecuphar s\u2019engagent \u00e0 prot\u00e9ger et respecter votre vie priv\u00e9e. Nous n\u2019utilisons en principe pas d\u2019informations personnellement identifiables comme les noms, les num\u00e9ros de t\u00e9l\u00e9phone ou les e-mails, sauf si le traitement de ces donn\u00e9es personnelles s\u2019appuie sur votre consentement, un int\u00e9r\u00eat l\u00e9gitime ou une obligation l\u00e9gale.<\/p>\n<p>La D\u00e9claration de confidentialit\u00e9 s\u2019applique aux donn\u00e9es personnelles que vous nous fournissez ou qui proviennent des donn\u00e9es personnelles comme indiqu\u00e9 ci-dessous.<\/p>\n<p>Cette politique explique nos pratiques relatives aux informations personnelles et les choix que vous pouvez faire \u00e0 propos du mode de traitement de vos informations chez Animalcare\/Ecuphar.<\/p>\n<p><strong>Les informations que nous collectons<\/strong><\/p>\n<p>Vous pouvez nous donner des informations sur vous-m\u00eame en :<\/p>\n<ul>\n<li>nous soumettant des informations via notre site web ou via votre utilisation de notre site web ;<\/li>\n<li>soumettant des informations via nos forums de discussion ou nos m\u00e9dias sociaux (par ex. Facebook, Twitter) ;<\/li>\n<li>donnant des d\u00e9tails personnels au personnel d\u2019Animalcare\/Ecuphar (par ex. ventes, management) ;<\/li>\n<li>participant \u00e0 des concours, promotions ou des enqu\u00eates men\u00e9es par nous.<\/li>\n<\/ul>\n<p>Nous ne collectons pas d\u2019informations personnellement identifiables \u00e0 votre propos \u2013 comme votre nom, adresse, num\u00e9ro de t\u00e9l\u00e9phone, num\u00e9ro de fax, adresse e-mail, etc. \u2013 sauf si vous choisissez de nous fournir ces informations sous quelque forme que ce soit ou si vous commandez chez nous des produits ou des services.<\/p>\n<p>Lorsque vous visitez notre site web, nous pouvons collecter automatiquement :<\/p>\n<ul>\n<li>des informations techniques : le type de navigateur que vous utilisez, le type de syst\u00e8me d\u2019exploitation que vous utilisez, et le nom de domaine de votre fournisseur de service Internet ;<\/li>\n<li>des informations \u00e0 propos de votre visite, y compris l\u2019enti\u00e8ret\u00e9 du parcours de navigation du Localisateur Uniforme de Ressources (URL) vers, via et de notre site (incluant la date et l\u2019heure) ; les produits que vous avez regard\u00e9s ou recherch\u00e9s ;<\/li>\n<li>des informations sur la performance de nos pages comme les temps de r\u00e9ponse de la page, les erreurs de t\u00e9l\u00e9chargement, les informations d\u2019interaction entre les pages ;<\/li>\n<li>des informations que nous recevons d\u2019autres sources.<\/li>\n<\/ul>\n<p><strong>Comment nous utilisons g\u00e9n\u00e9ralement les informations vous concernant<\/strong><\/p>\n<p>La fa\u00e7on dont nous utilisons les informations vous concernant d\u00e9pend de l\u2019objectif de traitement, qui peut comprendre :<\/p>\n<ul>\n<li>la commande, la livraison et la facturation du produit ;<\/li>\n<li>le support produit ;<\/li>\n<li>les modifications de nos produits et\/ou services ;<\/li>\n<li>les demandes d\u2019information ou de service ;<\/li>\n<li>la fourniture d\u2019informations ;<\/li>\n<li>l\u2019optimisation des syst\u00e8mes et des proc\u00e9dures d\u2019Animalcare\/Ecuphar ;<\/li>\n<li>le support de la disponibilit\u00e9 du produit et des services.<\/li>\n<\/ul>\n<p>Seules les informations personnelles pertinentes sont trait\u00e9es.<\/p>\n<p>Les donn\u00e9es de contact de toutes les personnes ou entreprises qui commandent des produits seront conserv\u00e9es dans nos syst\u00e8mes \u00e9tant donn\u00e9 qu\u2019elles sont n\u00e9cessaires pour la prestation du service et\/ou la livraison des produits. La p\u00e9riode de r\u00e9tention, en vertu de nos obligations l\u00e9gales, est de 10 ans apr\u00e8s la derni\u00e8re commande, demande, etc.<\/p>\n<p>Nous utilisons les informations personnellement identifiables que vous nous fournissez pour vous tenir inform\u00e9 de nos produits, offres et services, pour r\u00e9pondre \u00e0 vos demandes, ou pour traiter un formulaire de demande que vous avez compl\u00e9t\u00e9 dans diff\u00e9rentes sections de notre site web. Vous avez \u00e0 tout moment la possibilit\u00e9 de refuser de recevoir nos informations de marketing ou g\u00e9n\u00e9rales (comme des newsletters).<\/p>\n<p>Il est possible que des donn\u00e9es personnelles soient li\u00e9es \u00e0 notre relation commerciale avec votre entreprise. Dans ce cas, ces donn\u00e9es personnelles seront trait\u00e9es comme des informations commerciales et vous devez, le cas \u00e9ch\u00e9ant, nous fournir des donn\u00e9es de contact g\u00e9n\u00e9riques qui repr\u00e9sentent votre entreprise. En raison des implications l\u00e9gales et contractuelles, nous aurons besoin de disposer de ces donn\u00e9es commerciales avant d\u2019\u00eatre en mesure d\u2019arr\u00eater le traitement des donn\u00e9es personnelles.<\/p>\n<p>Nous utilisons des informations non personnellement identifiables pour analyser l\u2019utilisation du site (comme des donn\u00e9es agr\u00e9g\u00e9es sur les pages visit\u00e9es par nos utilisateurs), ce qui nous permet d\u2019am\u00e9liorer le design et le contenu de notre site web.<\/p>\n<p>Nous utilisons votre historique de commande pour perfectionner nos syst\u00e8mes et nos processus internes et pour am\u00e9liorer la disponibilit\u00e9 de nos produits et de nos services.<\/p>\n<p>Toute donn\u00e9e collect\u00e9e sera partag\u00e9e, \u00e0 condition que cela soit appropri\u00e9 et pertinent pour d\u2019autres entit\u00e9s d\u2019Animalcare\/Ecuphar, avec n\u2019importe quelle agence d\u2019Animalcare\/Ecuphar.<br \/>\nAnimalcare\/Ecuphar ne partagera pas vos donn\u00e9es avec des tiers. Nous ne distribuerons ou ne vendrons pas de fa\u00e7on intentionnelle vos informations \u00e0 qui que ce soit en dehors de notre organisation sans votre permission, sauf si nous vendons l\u2019enti\u00e8ret\u00e9 de notre activit\u00e9.<\/p>\n<p>Nous ne vous contacterons pas \u00e0 propos d\u2019autres sujets, sauf si vous le demandez sp\u00e9cifiquement, nous ne partagerons, louerons ou vendrons pas non plus vos informations personnellement identifiables en dehors d\u2019Animalcare\/Ecuphar, sauf si nous sommes tenus de partager vos donn\u00e9es pour des raisons l\u00e9gales ou de les fournir \u00e0 des tiers qui effectuent des services pour notre compte.<\/p>\n<p><strong>O\u00f9 nous conservons vos informations<\/strong><\/p>\n<p>Vos donn\u00e9es sont conserv\u00e9es et trait\u00e9es \u00e0 l\u2019int\u00e9rieur des fronti\u00e8res de l\u2019UE par du personnel engag\u00e9 par nous (par ex. par nos employ\u00e9s et\/ou par nos sous-traitants). De plus, vos informations peuvent \u00eatre transf\u00e9r\u00e9es, conserv\u00e9es et\/ou trait\u00e9es dans un lieu situ\u00e9 en dehors de l\u2019Espace \u00c9conomique Europ\u00e9en (\u00abEEE\u00bb) par du personnel engag\u00e9 par nous (par ex. par nos employ\u00e9s et\/ou par nos sous-traitants) dans le cadre des conventions et des limites du R\u00e8glement g\u00e9n\u00e9ral sur la protection des donn\u00e9es (RGPD, R\u00e8glement (UE) 2016\/679). En nous soumettant vos informations vous consentez \u00e0 ce que nous puissions les transf\u00e9rer, conserver et\/ou traiter comme d\u00e9crit dans cette section.<\/p>\n<p>Si nous vous avons donn\u00e9 (ou si vous avez choisi) un mot de passe qui vous permet d\u2019acc\u00e9der \u00e0 certaines parties de notre site web, vous \u00eates responsable du maintien de la confidentialit\u00e9 de ce mot de passe. Nous vous demandons de ne pas partager votre mot de passe avec quiconque \u00e9tant donn\u00e9 que cela peut compromettre la s\u00e9curit\u00e9 de vos donn\u00e9es.<\/p>\n<p><strong>Collecte d\u2019informations par des sites tiers et des sponsors<\/strong><\/p>\n<p>Notre site web contient des liens vers d\u2019autres sites dont les politiques de confidentialit\u00e9 peuvent diff\u00e9rer de la n\u00f4tre. Nous recommandons aux visiteurs de consulter les d\u00e9clarations de confidentialit\u00e9 de ces autres sites \u00e9tant donn\u00e9 que nous n\u2019avons aucun contr\u00f4le sur les informations qui sont soumises \u00e0 ou collect\u00e9es par ces tiers.<\/p>\n<p><strong>Cookies<\/strong><\/p>\n<p>Notre site web utilise des cookies. Un cookie est une cha\u00eene d\u2019informations contenant exclusivement du texte qu\u2019un site web transf\u00e8re au fichier cookie du navigateur sur le disque dur de votre ordinateur de fa\u00e7on \u00e0 ce que le site web puisse se rappeler qui vous \u00eates. Un cookie contiendra habituellement le nom de domaine d\u2019o\u00f9 est venu le cookie, la \u00abdur\u00e9e de vie\u00bb du cookie, et une valeur, g\u00e9n\u00e9ralement un nombre unique g\u00e9n\u00e9r\u00e9 al\u00e9atoirement. Cela nous permet de vous donner une bonne exp\u00e9rience quand vous naviguez dans notre site web et d\u2019am\u00e9liorer notre site et nos services.<\/p>\n<p>Nous pouvons utiliser les cookies comme suit :<\/p>\n<ul>\n<li>l\u00e0 o\u00f9 ils sont essentiels pour faire fonctionner notre site ;<\/li>\n<li>pour permettre les fonctions de personnalisation sur notre site (ce qui vous donne la capacit\u00e9 de rappeler des pages r\u00e9cemment vues et de voir des informations que vous avez saisies en ligne) ;<\/li>\n<li>pour compiler des statistiques agr\u00e9g\u00e9es anonymes qui nous permettent de comprendre comment les utilisateurs utilisent notre site et de nous aider \u00e0 am\u00e9liorer la structure de notre site. Nous ne pouvons pas vous identifier personnellement de cette mani\u00e8re.<\/li>\n<\/ul>\n<p>Pour de plus amples informations sur les cookies et la fa\u00e7on dont ils sont utilis\u00e9s sur notre site web, veuillez consulter notre Politique de cookies.<\/p>\n<p><strong>D\u00e9sactiver\/activer les cookies<\/strong><\/p>\n<p>Vous pouvez choisir d\u2019accepter ou de refuser les cookies en modifiant les param\u00e8tres de votre navigateur. Cependant, il est possible que vous ne puissiez pas utiliser toutes les fonctions interactives de notre site quand les cookies sont d\u00e9sactiv\u00e9s. Pour de plus amples informations sur la d\u00e9sactivation ou le blocage des cookies, veuillez consulter notre Politique de cookies.<\/p>\n<p><strong>Notre engagement en mati\u00e8re de s\u00e9curit\u00e9<\/strong><\/p>\n<p>Nous recourons \u00e0 des mesures de s\u00e9curit\u00e9 pour emp\u00eacher l\u2019acc\u00e8s non autoris\u00e9 aux informations que nous collectons. Au cas o\u00f9 il y aurait eu un acc\u00e8s non autoris\u00e9 ou une divulgation non autoris\u00e9e de vos donn\u00e9es personnelles, nous vous informerons le plus vite possible conform\u00e9ment aux exigences RGPD.<\/p>\n<p>Si vous craignez que vos informations ne soient incorrectes ou n\u2019aient \u00e9t\u00e9 divulgu\u00e9es, veuillez nous contacter de fa\u00e7on \u00e0 ce que nous puissions corriger les donn\u00e9es, examiner le probl\u00e8me et prendre les mesures n\u00e9cessaires pour emp\u00eacher qu\u2019il ne se reproduise \u00e0 l\u2019avenir.<\/p>\n<p><strong>Vos droits<\/strong><\/p>\n<p>En conformit\u00e9 avec la loi sur la protection des donn\u00e9es concernant le traitement des donn\u00e9es personnelles vous \u00eates en droit de v\u00e9rifier vos donn\u00e9es personnelles en notre possession, d\u2019exiger que nous les corrigions le cas \u00e9ch\u00e9ant, de vous opposer \u00e0 leur traitement, ou de demander la suppression de vos donn\u00e9es pour autant que nous ne soyons pas oblig\u00e9s de les conserver \u00e0 des fins l\u00e9gales ou contractuelles. Pour ce faire, veuillez envoyer un e-mail \u00e0 <a href=\"mailto:privacy@ecuphar.com\">privacy@ecuphar.com<\/a>.<\/p>\n<p>Pour toute question ou probl\u00e8me \u00e0 propos de la politique de confidentialit\u00e9 d\u2019Animalcare\/Ecuphar ou de son impl\u00e9mentation, veuillez nous contacter.<\/p>\n<p><strong>Modifications de notre politique de confidentialit\u00e9<\/strong><\/p>\n<p>Nous nous r\u00e9servons le droit de modifier cette politique dans sa totalit\u00e9 ou en partie. Veuillez consulter r\u00e9guli\u00e8rement cette politique pour en noter les modifications.[\/vc_column_text][\/vc_column][\/vc_row]<\/p>\n<\/div>","protected":false},"excerpt":{"rendered":"<p>[vc_row row_height_percent=\u00a0\u00bb33&Prime; override_padding=\u00a0\u00bbyes\u00a0\u00bb h_padding=\u00a0\u00bb2&Prime; top_padding=\u00a0\u00bb4&Prime; bottom_padding=\u00a0\u00bb4&Prime; back_image=\u00a0\u00bb2893&Prime; back_position=\u00a0\u00bbleft top\u00a0\u00bb overlay_alpha=\u00a0\u00bb50&Prime; gutter_size=\u00a0\u00bb3&Prime; column_width_percent=\u00a0\u00bb100&Prime; shift_y=\u00a0\u00bb0&Prime; z_index=\u00a0\u00bb0&Prime; uncode_shortcode_id=\u00a0\u00bb105432&Prime; back_size=\u00a0\u00bbcover\u00a0\u00bb][vc_column column_width_percent=\u00a0\u00bb100&Prime; position_vertical=\u00a0\u00bbmiddle\u00a0\u00bb gutter_size=\u00a0\u00bb3&Prime; overlay_alpha=\u00a0\u00bb50&Prime; [&hellip;]<\/p>\n","protected":false},"author":2,"featured_media":0,"parent":5866,"menu_order":0,"comment_status":"closed","ping_status":"closed","template":"","meta":{"footnotes":""},"class_list":["post-5925","page","type-page","status-publish","hentry"],"yoast_head":"<!-- This site is optimized with the Yoast SEO plugin v24.6 - https:\/\/yoast.com\/wordpress\/plugins\/seo\/ -->\n<title>Privacy policy - Veterinary | Pet Dental UK<\/title>\n<meta name=\"description\" content=\"dental.pet veterinary privacy policy. Our information practices at Animalcare\/Ecuphar and your choices. Pet Dental UK\" \/>\n<meta name=\"robots\" content=\"index, follow, max-snippet:-1, max-image-preview:large, max-video-preview:-1\" \/>\n<link rel=\"canonical\" href=\"https:\/\/dental.pet\/benelux\/fr\/pour-le-veterinaire\/privacybeleid\/\" \/>\n<meta property=\"og:locale\" content=\"fr_FR\" \/>\n<meta property=\"og:type\" content=\"article\" \/>\n<meta property=\"og:title\" content=\"Privacy policy - Veterinary | Pet Dental UK\" \/>\n<meta property=\"og:description\" content=\"dental.pet veterinary privacy policy. Our information practices at Animalcare\/Ecuphar and your choices. Pet Dental UK\" \/>\n<meta property=\"og:url\" content=\"https:\/\/dental.pet\/benelux\/fr\/pour-le-veterinaire\/privacybeleid\/\" \/>\n<meta property=\"og:site_name\" content=\"Benelux\" \/>\n<meta property=\"article:modified_time\" content=\"2023-03-24T15:51:56+00:00\" \/>\n<meta name=\"twitter:card\" content=\"summary_large_image\" \/>\n<meta name=\"twitter:label1\" content=\"Dur\u00e9e de lecture estim\u00e9e\" \/>\n\t<meta name=\"twitter:data1\" content=\"9 minutes\" \/>\n<script type=\"application\/ld+json\" class=\"yoast-schema-graph\">{\"@context\":\"https:\/\/schema.org\",\"@graph\":[{\"@type\":\"WebPage\",\"@id\":\"https:\/\/dental.pet\/benelux\/fr\/pour-le-veterinaire\/privacybeleid\/\",\"url\":\"https:\/\/dental.pet\/benelux\/fr\/pour-le-veterinaire\/privacybeleid\/\",\"name\":\"Privacy policy - Veterinary | Pet Dental UK\",\"isPartOf\":{\"@id\":\"https:\/\/dental.pet\/benelux\/#website\"},\"datePublished\":\"2021-10-25T17:17:58+00:00\",\"dateModified\":\"2023-03-24T15:51:56+00:00\",\"description\":\"dental.pet veterinary privacy policy. Our information practices at Animalcare\/Ecuphar and your choices. Pet Dental UK\",\"breadcrumb\":{\"@id\":\"https:\/\/dental.pet\/benelux\/fr\/pour-le-veterinaire\/privacybeleid\/#breadcrumb\"},\"inLanguage\":\"fr-FR\",\"potentialAction\":[{\"@type\":\"ReadAction\",\"target\":[\"https:\/\/dental.pet\/benelux\/fr\/pour-le-veterinaire\/privacybeleid\/\"]}]},{\"@type\":\"BreadcrumbList\",\"@id\":\"https:\/\/dental.pet\/benelux\/fr\/pour-le-veterinaire\/privacybeleid\/#breadcrumb\",\"itemListElement\":[{\"@type\":\"ListItem\",\"position\":1,\"name\":\"Home\",\"item\":\"https:\/\/dental.pet\/benelux\/fr\/\"},{\"@type\":\"ListItem\",\"position\":2,\"name\":\"Dental Pet by Animalcare for Veterinary\",\"item\":\"https:\/\/dental.pet\/benelux\/fr\/pour-le-veterinaire\/\"},{\"@type\":\"ListItem\",\"position\":3,\"name\":\"Privacy for Veterinary\"}]},{\"@type\":\"WebSite\",\"@id\":\"https:\/\/dental.pet\/benelux\/#website\",\"url\":\"https:\/\/dental.pet\/benelux\/\",\"name\":\"Benelux\",\"description\":\"Welcome to your Dental Pet Hub\",\"publisher\":{\"@id\":\"https:\/\/dental.pet\/benelux\/#organization\"},\"potentialAction\":[{\"@type\":\"SearchAction\",\"target\":{\"@type\":\"EntryPoint\",\"urlTemplate\":\"https:\/\/dental.pet\/benelux\/?s={search_term_string}\"},\"query-input\":{\"@type\":\"PropertyValueSpecification\",\"valueRequired\":true,\"valueName\":\"search_term_string\"}}],\"inLanguage\":\"fr-FR\"},{\"@type\":\"Organization\",\"@id\":\"https:\/\/dental.pet\/benelux\/#organization\",\"name\":\"Pet Dental\",\"url\":\"https:\/\/dental.pet\/benelux\/\",\"logo\":{\"@type\":\"ImageObject\",\"inLanguage\":\"fr-FR\",\"@id\":\"https:\/\/dental.pet\/benelux\/#\/schema\/logo\/image\/\",\"url\":\"http:\/\/dental.pet\/benelux\/wp-content\/uploads\/sites\/12\/2021\/10\/pet-dental-logo-dark.png\",\"contentUrl\":\"http:\/\/dental.pet\/benelux\/wp-content\/uploads\/sites\/12\/2021\/10\/pet-dental-logo-dark.png\",\"width\":328,\"height\":82,\"caption\":\"Pet Dental\"},\"image\":{\"@id\":\"https:\/\/dental.pet\/benelux\/#\/schema\/logo\/image\/\"}}]}<\/script>\n<!-- \/ Yoast SEO plugin. -->","yoast_head_json":{"title":"Privacy policy - Veterinary | Pet Dental UK","description":"dental.pet veterinary privacy policy. Our information practices at Animalcare\/Ecuphar and your choices. Pet Dental UK","robots":{"index":"index","follow":"follow","max-snippet":"max-snippet:-1","max-image-preview":"max-image-preview:large","max-video-preview":"max-video-preview:-1"},"canonical":"https:\/\/dental.pet\/benelux\/fr\/pour-le-veterinaire\/privacybeleid\/","og_locale":"fr_FR","og_type":"article","og_title":"Privacy policy - Veterinary | Pet Dental UK","og_description":"dental.pet veterinary privacy policy. Our information practices at Animalcare\/Ecuphar and your choices. Pet Dental UK","og_url":"https:\/\/dental.pet\/benelux\/fr\/pour-le-veterinaire\/privacybeleid\/","og_site_name":"Benelux","article_modified_time":"2023-03-24T15:51:56+00:00","twitter_card":"summary_large_image","twitter_misc":{"Dur\u00e9e de lecture estim\u00e9e":"9 minutes"},"schema":{"@context":"https:\/\/schema.org","@graph":[{"@type":"WebPage","@id":"https:\/\/dental.pet\/benelux\/fr\/pour-le-veterinaire\/privacybeleid\/","url":"https:\/\/dental.pet\/benelux\/fr\/pour-le-veterinaire\/privacybeleid\/","name":"Privacy policy - Veterinary | Pet Dental UK","isPartOf":{"@id":"https:\/\/dental.pet\/benelux\/#website"},"datePublished":"2021-10-25T17:17:58+00:00","dateModified":"2023-03-24T15:51:56+00:00","description":"dental.pet veterinary privacy policy. Our information practices at Animalcare\/Ecuphar and your choices. Pet Dental UK","breadcrumb":{"@id":"https:\/\/dental.pet\/benelux\/fr\/pour-le-veterinaire\/privacybeleid\/#breadcrumb"},"inLanguage":"fr-FR","potentialAction":[{"@type":"ReadAction","target":["https:\/\/dental.pet\/benelux\/fr\/pour-le-veterinaire\/privacybeleid\/"]}]},{"@type":"BreadcrumbList","@id":"https:\/\/dental.pet\/benelux\/fr\/pour-le-veterinaire\/privacybeleid\/#breadcrumb","itemListElement":[{"@type":"ListItem","position":1,"name":"Home","item":"https:\/\/dental.pet\/benelux\/fr\/"},{"@type":"ListItem","position":2,"name":"Dental Pet by Animalcare for Veterinary","item":"https:\/\/dental.pet\/benelux\/fr\/pour-le-veterinaire\/"},{"@type":"ListItem","position":3,"name":"Privacy for Veterinary"}]},{"@type":"WebSite","@id":"https:\/\/dental.pet\/benelux\/#website","url":"https:\/\/dental.pet\/benelux\/","name":"Benelux","description":"Welcome to your Dental Pet Hub","publisher":{"@id":"https:\/\/dental.pet\/benelux\/#organization"},"potentialAction":[{"@type":"SearchAction","target":{"@type":"EntryPoint","urlTemplate":"https:\/\/dental.pet\/benelux\/?s={search_term_string}"},"query-input":{"@type":"PropertyValueSpecification","valueRequired":true,"valueName":"search_term_string"}}],"inLanguage":"fr-FR"},{"@type":"Organization","@id":"https:\/\/dental.pet\/benelux\/#organization","name":"Pet Dental","url":"https:\/\/dental.pet\/benelux\/","logo":{"@type":"ImageObject","inLanguage":"fr-FR","@id":"https:\/\/dental.pet\/benelux\/#\/schema\/logo\/image\/","url":"http:\/\/dental.pet\/benelux\/wp-content\/uploads\/sites\/12\/2021\/10\/pet-dental-logo-dark.png","contentUrl":"http:\/\/dental.pet\/benelux\/wp-content\/uploads\/sites\/12\/2021\/10\/pet-dental-logo-dark.png","width":328,"height":82,"caption":"Pet Dental"},"image":{"@id":"https:\/\/dental.pet\/benelux\/#\/schema\/logo\/image\/"}}]}},"_links":{"self":[{"href":"https:\/\/dental.pet\/benelux\/fr\/wp-json\/wp\/v2\/pages\/5925","targetHints":{"allow":["GET"]}}],"collection":[{"href":"https:\/\/dental.pet\/benelux\/fr\/wp-json\/wp\/v2\/pages"}],"about":[{"href":"https:\/\/dental.pet\/benelux\/fr\/wp-json\/wp\/v2\/types\/page"}],"author":[{"embeddable":true,"href":"https:\/\/dental.pet\/benelux\/fr\/wp-json\/wp\/v2\/users\/2"}],"replies":[{"embeddable":true,"href":"https:\/\/dental.pet\/benelux\/fr\/wp-json\/wp\/v2\/comments?post=5925"}],"version-history":[{"count":5,"href":"https:\/\/dental.pet\/benelux\/fr\/wp-json\/wp\/v2\/pages\/5925\/revisions"}],"predecessor-version":[{"id":8762,"href":"https:\/\/dental.pet\/benelux\/fr\/wp-json\/wp\/v2\/pages\/5925\/revisions\/8762"}],"up":[{"embeddable":true,"href":"https:\/\/dental.pet\/benelux\/fr\/wp-json\/wp\/v2\/pages\/5866"}],"wp:attachment":[{"href":"https:\/\/dental.pet\/benelux\/fr\/wp-json\/wp\/v2\/media?parent=5925"}],"curies":[{"name":"wp","href":"https:\/\/api.w.org\/{rel}","templated":true}]}}