{"id":5866,"date":"2021-12-21T22:23:11","date_gmt":"2021-12-21T22:23:11","guid":{"rendered":"http:\/\/petdental.dev.onpressidium.com\/benelux\/for-veterinary\/"},"modified":"2023-03-24T15:43:09","modified_gmt":"2023-03-24T15:43:09","slug":"pour-le-veterinaire","status":"publish","type":"page","link":"https:\/\/dental.pet\/benelux\/fr\/pour-le-veterinaire\/","title":{"rendered":"Dental Pet by Animalcare for Veterinary"},"content":{"rendered":"<div class=\"wpb-content-wrapper\"><p>[vc_row row_height_percent=\u00a0\u00bb65&Prime; override_padding=\u00a0\u00bbyes\u00a0\u00bb h_padding=\u00a0\u00bb2&Prime; top_padding=\u00a0\u00bb2&Prime; bottom_padding=\u00a0\u00bb2&Prime; back_image=\u00a0\u00bb4821&Prime; back_position=\u00a0\u00bbcenter top\u00a0\u00bb overlay_alpha=\u00a0\u00bb50&Prime; gutter_size=\u00a0\u00bb3&Prime; column_width_percent=\u00a0\u00bb100&Prime; shift_y=\u00a0\u00bb0&Prime; z_index=\u00a0\u00bb0&Prime; medium_visibility=\u00a0\u00bbyes\u00a0\u00bb mobile_visibility=\u00a0\u00bbyes\u00a0\u00bb uncode_shortcode_id=\u00a0\u00bb124695&Prime;][vc_column column_width_percent=\u00a0\u00bb100&Prime; position_vertical=\u00a0\u00bbmiddle\u00a0\u00bb gutter_size=\u00a0\u00bb2&Prime; overlay_alpha=\u00a0\u00bb50&Prime; shift_x=\u00a0\u00bb0&Prime; shift_y=\u00a0\u00bb0&Prime; shift_y_down=\u00a0\u00bb0&Prime; z_index=\u00a0\u00bb0&Prime; medium_width=\u00a0\u00bb0&Prime; mobile_width=\u00a0\u00bb0&Prime; css_animation=\u00a0\u00bbbottom-t-top\u00a0\u00bb width=\u00a0\u00bb7\/12&Prime; uncode_shortcode_id=\u00a0\u00bb497497&Prime; el_class=\u00a0\u00bbz-index1&Prime;][vc_custom_heading text_color=\u00a0\u00bbcolor-197188&Prime; heading_semantic=\u00a0\u00bbdiv\u00a0\u00bb text_size=\u00a0\u00bbfontsize-158891&Prime; text_weight=\u00a0\u00bb700&Prime; uncode_shortcode_id=\u00a0\u00bb129435&Prime; text_color_type=\u00a0\u00bbuncode-palette\u00a0\u00bb]Bienvenue \u00e0<br \/>\nvotre centre bucco-dentaire pour les animaux de compagnie[\/vc_custom_heading][\/vc_column][vc_column width=\u00a0\u00bb5\/12&Prime;][\/vc_column][\/vc_row][vc_row row_height_percent=\u00a0\u00bb80&Prime; override_padding=\u00a0\u00bbyes\u00a0\u00bb h_padding=\u00a0\u00bb0&Prime; top_padding=\u00a0\u00bb0&Prime; bottom_padding=\u00a0\u00bb4&Prime; back_image=\u00a0\u00bb1420&Prime; back_repeat=\u00a0\u00bbno-repeat\u00a0\u00bb back_position=\u00a0\u00bbleft center\u00a0\u00bb overlay_alpha=\u00a0\u00bb50&Prime; gutter_size=\u00a0\u00bb3&Prime; column_width_percent=\u00a0\u00bb100&Prime; shift_y=\u00a0\u00bb0&Prime; z_index=\u00a0\u00bb0&Prime; desktop_visibility=\u00a0\u00bbyes\u00a0\u00bb uncode_shortcode_id=\u00a0\u00bb575826&Prime; back_size=\u00a0\u00bbcover\u00a0\u00bb][vc_column column_width_percent=\u00a0\u00bb100&Prime; position_vertical=\u00a0\u00bbmiddle\u00a0\u00bb gutter_size=\u00a0\u00bb2&Prime; overlay_alpha=\u00a0\u00bb50&Prime; shift_x=\u00a0\u00bb0&Prime; shift_y=\u00a0\u00bb0&Prime; shift_y_down=\u00a0\u00bb0&Prime; z_index=\u00a0\u00bb0&Prime; medium_width=\u00a0\u00bb0&Prime; mobile_width=\u00a0\u00bb0&Prime; css_animation=\u00a0\u00bbbottom-t-top\u00a0\u00bb width=\u00a0\u00bb1\/1&Prime; uncode_shortcode_id=\u00a0\u00bb497497&Prime; el_class=\u00a0\u00bbz-index1&Prime;][vc_single_image media=\u00a0\u00bb5004&Prime; media_width_percent=\u00a0\u00bb100&Prime; uncode_shortcode_id=\u00a0\u00bb140317&Prime;][vc_row_inner row_inner_height_percent=\u00a0\u00bb0&Prime; overlay_alpha=\u00a0\u00bb50&Prime; gutter_size=\u00a0\u00bb3&Prime; shift_y=\u00a0\u00bb0&Prime; z_index=\u00a0\u00bb0&Prime; uncode_shortcode_id=\u00a0\u00bb181626&Prime; css=\u00a0\u00bb.vc_custom_1635192959911{padding-right: 36px !important;padding-left: 36px !important;}\u00a0\u00bb limit_content=\u00a0\u00bb\u00a0\u00bb][vc_column_inner column_width_percent=\u00a0\u00bb100&Prime; gutter_size=\u00a0\u00bb2&Prime; overlay_alpha=\u00a0\u00bb50&Prime; shift_x=\u00a0\u00bb0&Prime; shift_y=\u00a0\u00bb0&Prime; shift_y_down=\u00a0\u00bb0&Prime; z_index=\u00a0\u00bb0&Prime; medium_width=\u00a0\u00bb0&Prime; mobile_width=\u00a0\u00bb0&Prime; width=\u00a0\u00bb1\/1&Prime; uncode_shortcode_id=\u00a0\u00bb178298&Prime; css=\u00a0\u00bb.vc_custom_1640113309854{padding-top: 50px !important;}\u00a0\u00bb][vc_custom_heading text_color=\u00a0\u00bbcolor-197188&Prime; heading_semantic=\u00a0\u00bbdiv\u00a0\u00bb text_size=\u00a0\u00bbfontsize-158891&Prime; text_weight=\u00a0\u00bb700&Prime; uncode_shortcode_id=\u00a0\u00bb484154&Prime; text_color_type=\u00a0\u00bbuncode-palette\u00a0\u00bb]Bienvenue \u00e0 votre centre bucco-dentaire[\/vc_custom_heading][\/vc_column_inner][\/vc_row_inner][\/vc_column][\/vc_row][vc_row row_height_percent=\u00a0\u00bb0&Prime; override_padding=\u00a0\u00bbyes\u00a0\u00bb h_padding=\u00a0\u00bb2&Prime; top_padding=\u00a0\u00bb5&Prime; bottom_padding=\u00a0\u00bb5&Prime; overlay_alpha=\u00a0\u00bb50&Prime; equal_height=\u00a0\u00bbyes\u00a0\u00bb gutter_size=\u00a0\u00bb3&Prime; column_width_percent=\u00a0\u00bb100&Prime; shift_y=\u00a0\u00bb0&Prime; z_index=\u00a0\u00bb0&Prime; uncode_shortcode_id=\u00a0\u00bb213146&Prime; el_id=\u00a0\u00bbtheWhyHome\u00a0\u00bb el_class=\u00a0\u00bbpc-section-shape-background-grey\u00a0\u00bb][vc_column width=\u00a0\u00bb1\/2&Prime;][vc_icon icon_image=\u00a0\u00bb4803&Prime; linked_title=\u00a0\u00bbyes\u00a0\u00bb css_animation=\u00a0\u00bbalpha-anim\u00a0\u00bb uncode_shortcode_id=\u00a0\u00bb148796&Prime; title=\u00a0\u00bbLa maladie parodontale est un probl\u00e8me tr\u00e8s fr\u00e9quents\u00a0\u00bb link=\u00a0\u00bburl:%2Fbenelux%2Ffr%2Ffor-veterinary%2Fdiagnosing-periodontal-disease%2F|title:Diagnosing%20periodontal%20disease|rel:nofollow\u00a0\u00bb el_class=\u00a0\u00bbinfo-box-green\u00a0\u00bb]Ne manquez pas les signes de maladie bucco-dentaire &gt;[\/vc_icon][vc_icon icon_image=\u00a0\u00bb3629&Prime; linked_title=\u00a0\u00bbyes\u00a0\u00bb css_animation=\u00a0\u00bbalpha-anim\u00a0\u00bb uncode_shortcode_id=\u00a0\u00bb194989&Prime; title=\u00a0\u00bbParlez des soins bucco-dentaire \u00e0 domicile\u00a0\u00bb link=\u00a0\u00bburl:%2Fbenelux%2Ffr%2Ffor-veterinary%2Ftalking-about-dental-care%2F|title:Talking%20about%20dental%20care|rel:nofollow\u00a0\u00bb el_class=\u00a0\u00bbinfo-box-blue\u00a0\u00bb]Lisez nos conseils sur la fa\u00e7on d&rsquo;entamer la conversation &gt;[\/vc_icon][\/vc_column][vc_column column_width_percent=\u00a0\u00bb100&Prime; gutter_size=\u00a0\u00bb3&Prime; expand_height=\u00a0\u00bbyes\u00a0\u00bb overlay_alpha=\u00a0\u00bb50&Prime; shift_x=\u00a0\u00bb0&Prime; shift_y=\u00a0\u00bb0&Prime; shift_y_down=\u00a0\u00bb0&Prime; z_index=\u00a0\u00bb0&Prime; medium_width=\u00a0\u00bb0&Prime; mobile_width=\u00a0\u00bb0&Prime; width=\u00a0\u00bb1\/2&Prime; uncode_shortcode_id=\u00a0\u00bb536028&Prime;][vc_icon icon_image=\u00a0\u00bb3631&Prime; linked_title=\u00a0\u00bbyes\u00a0\u00bb css_animation=\u00a0\u00bbalpha-anim\u00a0\u00bb uncode_shortcode_id=\u00a0\u00bb805107&Prime; title=\u00a0\u00bbIl n&rsquo;est jamais trop tard pour commencer une routine de soins bucco-dentaire\u00a0\u00bb link=\u00a0\u00bburl:%2Fbenelux%2Ffr%2Ffor-veterinary%2Fthe-dental-journey%2F|title:The%20dental%20journey|rel:nofollow\u00a0\u00bb el_class=\u00a0\u00bbinfo-box-blue\u00a0\u00bb]Voyez o\u00f9 en sont vos patients dans le parcours bucco-dentaire &gt;[\/vc_icon][vc_icon icon_image=\u00a0\u00bb3635&Prime; linked_title=\u00a0\u00bbyes\u00a0\u00bb css_animation=\u00a0\u00bbalpha-anim\u00a0\u00bb uncode_shortcode_id=\u00a0\u00bb204099&Prime; title=\u00a0\u00bbQu&rsquo;est-ce que le VOHC ?\u00a0\u00bb link=\u00a0\u00bburl:%2Fbenelux%2Ffr%2Ffor-veterinary%2Fwhat-is-vohc%2F|title:What%20is%20VOHC%3F|rel:nofollow\u00a0\u00bb el_class=\u00a0\u00bbinfo-box-green\u00a0\u00bb]D\u00e9couvrez l&rsquo;importance du VOHC pour l&rsquo;industrie dentaires. &gt;[\/vc_icon][\/vc_column][\/vc_row]<\/p>\n<\/div>","protected":false},"excerpt":{"rendered":"<p>[vc_row row_height_percent=\u00a0\u00bb65&Prime; override_padding=\u00a0\u00bbyes\u00a0\u00bb h_padding=\u00a0\u00bb2&Prime; top_padding=\u00a0\u00bb2&Prime; bottom_padding=\u00a0\u00bb2&Prime; back_image=\u00a0\u00bb4821&Prime; back_position=\u00a0\u00bbcenter top\u00a0\u00bb overlay_alpha=\u00a0\u00bb50&Prime; gutter_size=\u00a0\u00bb3&Prime; column_width_percent=\u00a0\u00bb100&Prime; shift_y=\u00a0\u00bb0&Prime; z_index=\u00a0\u00bb0&Prime; medium_visibility=\u00a0\u00bbyes\u00a0\u00bb mobile_visibility=\u00a0\u00bbyes\u00a0\u00bb uncode_shortcode_id=\u00a0\u00bb124695&Prime;][vc_column column_width_percent=\u00a0\u00bb100&Prime; position_vertical=\u00a0\u00bbmiddle\u00a0\u00bb gutter_size=\u00a0\u00bb2&Prime; [&hellip;]<\/p>\n","protected":false},"author":2,"featured_media":0,"parent":0,"menu_order":0,"comment_status":"closed","ping_status":"closed","template":"","meta":{"footnotes":""},"class_list":["post-5866","page","type-page","status-publish","hentry"],"yoast_head":"<!-- This site is optimized with the Yoast SEO plugin v24.6 - https:\/\/yoast.com\/wordpress\/plugins\/seo\/ -->\n<title>Dental Pet by Animalcare for Veterinary - Benelux<\/title>\n<meta name=\"robots\" content=\"index, follow, max-snippet:-1, max-image-preview:large, max-video-preview:-1\" \/>\n<link rel=\"canonical\" href=\"https:\/\/dental.pet\/benelux\/fr\/pour-le-veterinaire\/\" \/>\n<meta property=\"og:locale\" content=\"fr_FR\" \/>\n<meta property=\"og:type\" content=\"article\" \/>\n<meta property=\"og:title\" content=\"Dental Pet by Animalcare for Veterinary - Benelux\" \/>\n<meta property=\"og:description\" content=\"[vc_row row_height_percent=\u00a0\u00bb65&Prime; override_padding=\u00a0\u00bbyes\u00a0\u00bb h_padding=\u00a0\u00bb2&Prime; top_padding=\u00a0\u00bb2&Prime; bottom_padding=\u00a0\u00bb2&Prime; back_image=\u00a0\u00bb4821&Prime; back_position=\u00a0\u00bbcenter top\u00a0\u00bb overlay_alpha=\u00a0\u00bb50&Prime; gutter_size=\u00a0\u00bb3&Prime; column_width_percent=\u00a0\u00bb100&Prime; shift_y=\u00a0\u00bb0&Prime; z_index=\u00a0\u00bb0&Prime; medium_visibility=\u00a0\u00bbyes\u00a0\u00bb mobile_visibility=\u00a0\u00bbyes\u00a0\u00bb uncode_shortcode_id=\u00a0\u00bb124695&Prime;][vc_column column_width_percent=\u00a0\u00bb100&Prime; position_vertical=\u00a0\u00bbmiddle\u00a0\u00bb gutter_size=\u00a0\u00bb2&Prime; [&hellip;]\" \/>\n<meta property=\"og:url\" content=\"https:\/\/dental.pet\/benelux\/fr\/pour-le-veterinaire\/\" \/>\n<meta property=\"og:site_name\" content=\"Benelux\" \/>\n<meta property=\"article:modified_time\" content=\"2023-03-24T15:43:09+00:00\" \/>\n<meta name=\"twitter:card\" content=\"summary_large_image\" \/>\n<meta name=\"twitter:label1\" content=\"Dur\u00e9e de lecture estim\u00e9e\" \/>\n\t<meta name=\"twitter:data1\" content=\"2 minutes\" \/>\n<script type=\"application\/ld+json\" class=\"yoast-schema-graph\">{\"@context\":\"https:\/\/schema.org\",\"@graph\":[{\"@type\":\"WebPage\",\"@id\":\"https:\/\/dental.pet\/benelux\/fr\/pour-le-veterinaire\/\",\"url\":\"https:\/\/dental.pet\/benelux\/fr\/pour-le-veterinaire\/\",\"name\":\"Dental Pet by Animalcare for Veterinary - Benelux\",\"isPartOf\":{\"@id\":\"https:\/\/dental.pet\/benelux\/#website\"},\"datePublished\":\"2021-12-21T22:23:11+00:00\",\"dateModified\":\"2023-03-24T15:43:09+00:00\",\"breadcrumb\":{\"@id\":\"https:\/\/dental.pet\/benelux\/fr\/pour-le-veterinaire\/#breadcrumb\"},\"inLanguage\":\"fr-FR\",\"potentialAction\":[{\"@type\":\"ReadAction\",\"target\":[\"https:\/\/dental.pet\/benelux\/fr\/pour-le-veterinaire\/\"]}]},{\"@type\":\"BreadcrumbList\",\"@id\":\"https:\/\/dental.pet\/benelux\/fr\/pour-le-veterinaire\/#breadcrumb\",\"itemListElement\":[{\"@type\":\"ListItem\",\"position\":1,\"name\":\"Home\",\"item\":\"https:\/\/dental.pet\/benelux\/fr\/\"},{\"@type\":\"ListItem\",\"position\":2,\"name\":\"Dental Pet by Animalcare for Veterinary\"}]},{\"@type\":\"WebSite\",\"@id\":\"https:\/\/dental.pet\/benelux\/#website\",\"url\":\"https:\/\/dental.pet\/benelux\/\",\"name\":\"Benelux\",\"description\":\"Welcome to your Dental Pet Hub\",\"publisher\":{\"@id\":\"https:\/\/dental.pet\/benelux\/#organization\"},\"potentialAction\":[{\"@type\":\"SearchAction\",\"target\":{\"@type\":\"EntryPoint\",\"urlTemplate\":\"https:\/\/dental.pet\/benelux\/?s={search_term_string}\"},\"query-input\":{\"@type\":\"PropertyValueSpecification\",\"valueRequired\":true,\"valueName\":\"search_term_string\"}}],\"inLanguage\":\"fr-FR\"},{\"@type\":\"Organization\",\"@id\":\"https:\/\/dental.pet\/benelux\/#organization\",\"name\":\"Pet Dental\",\"url\":\"https:\/\/dental.pet\/benelux\/\",\"logo\":{\"@type\":\"ImageObject\",\"inLanguage\":\"fr-FR\",\"@id\":\"https:\/\/dental.pet\/benelux\/#\/schema\/logo\/image\/\",\"url\":\"http:\/\/dental.pet\/benelux\/wp-content\/uploads\/sites\/12\/2021\/10\/pet-dental-logo-dark.png\",\"contentUrl\":\"http:\/\/dental.pet\/benelux\/wp-content\/uploads\/sites\/12\/2021\/10\/pet-dental-logo-dark.png\",\"width\":328,\"height\":82,\"caption\":\"Pet Dental\"},\"image\":{\"@id\":\"https:\/\/dental.pet\/benelux\/#\/schema\/logo\/image\/\"}}]}<\/script>\n<!-- \/ Yoast SEO plugin. -->","yoast_head_json":{"title":"Dental Pet by Animalcare for Veterinary - Benelux","robots":{"index":"index","follow":"follow","max-snippet":"max-snippet:-1","max-image-preview":"max-image-preview:large","max-video-preview":"max-video-preview:-1"},"canonical":"https:\/\/dental.pet\/benelux\/fr\/pour-le-veterinaire\/","og_locale":"fr_FR","og_type":"article","og_title":"Dental Pet by Animalcare for Veterinary - Benelux","og_description":"[vc_row row_height_percent=\u00a0\u00bb65&Prime; override_padding=\u00a0\u00bbyes\u00a0\u00bb h_padding=\u00a0\u00bb2&Prime; top_padding=\u00a0\u00bb2&Prime; bottom_padding=\u00a0\u00bb2&Prime; back_image=\u00a0\u00bb4821&Prime; back_position=\u00a0\u00bbcenter top\u00a0\u00bb overlay_alpha=\u00a0\u00bb50&Prime; gutter_size=\u00a0\u00bb3&Prime; column_width_percent=\u00a0\u00bb100&Prime; shift_y=\u00a0\u00bb0&Prime; z_index=\u00a0\u00bb0&Prime; medium_visibility=\u00a0\u00bbyes\u00a0\u00bb mobile_visibility=\u00a0\u00bbyes\u00a0\u00bb uncode_shortcode_id=\u00a0\u00bb124695&Prime;][vc_column column_width_percent=\u00a0\u00bb100&Prime; position_vertical=\u00a0\u00bbmiddle\u00a0\u00bb gutter_size=\u00a0\u00bb2&Prime; [&hellip;]","og_url":"https:\/\/dental.pet\/benelux\/fr\/pour-le-veterinaire\/","og_site_name":"Benelux","article_modified_time":"2023-03-24T15:43:09+00:00","twitter_card":"summary_large_image","twitter_misc":{"Dur\u00e9e de lecture estim\u00e9e":"2 minutes"},"schema":{"@context":"https:\/\/schema.org","@graph":[{"@type":"WebPage","@id":"https:\/\/dental.pet\/benelux\/fr\/pour-le-veterinaire\/","url":"https:\/\/dental.pet\/benelux\/fr\/pour-le-veterinaire\/","name":"Dental Pet by Animalcare for Veterinary - Benelux","isPartOf":{"@id":"https:\/\/dental.pet\/benelux\/#website"},"datePublished":"2021-12-21T22:23:11+00:00","dateModified":"2023-03-24T15:43:09+00:00","breadcrumb":{"@id":"https:\/\/dental.pet\/benelux\/fr\/pour-le-veterinaire\/#breadcrumb"},"inLanguage":"fr-FR","potentialAction":[{"@type":"ReadAction","target":["https:\/\/dental.pet\/benelux\/fr\/pour-le-veterinaire\/"]}]},{"@type":"BreadcrumbList","@id":"https:\/\/dental.pet\/benelux\/fr\/pour-le-veterinaire\/#breadcrumb","itemListElement":[{"@type":"ListItem","position":1,"name":"Home","item":"https:\/\/dental.pet\/benelux\/fr\/"},{"@type":"ListItem","position":2,"name":"Dental Pet by Animalcare for Veterinary"}]},{"@type":"WebSite","@id":"https:\/\/dental.pet\/benelux\/#website","url":"https:\/\/dental.pet\/benelux\/","name":"Benelux","description":"Welcome to your Dental Pet Hub","publisher":{"@id":"https:\/\/dental.pet\/benelux\/#organization"},"potentialAction":[{"@type":"SearchAction","target":{"@type":"EntryPoint","urlTemplate":"https:\/\/dental.pet\/benelux\/?s={search_term_string}"},"query-input":{"@type":"PropertyValueSpecification","valueRequired":true,"valueName":"search_term_string"}}],"inLanguage":"fr-FR"},{"@type":"Organization","@id":"https:\/\/dental.pet\/benelux\/#organization","name":"Pet Dental","url":"https:\/\/dental.pet\/benelux\/","logo":{"@type":"ImageObject","inLanguage":"fr-FR","@id":"https:\/\/dental.pet\/benelux\/#\/schema\/logo\/image\/","url":"http:\/\/dental.pet\/benelux\/wp-content\/uploads\/sites\/12\/2021\/10\/pet-dental-logo-dark.png","contentUrl":"http:\/\/dental.pet\/benelux\/wp-content\/uploads\/sites\/12\/2021\/10\/pet-dental-logo-dark.png","width":328,"height":82,"caption":"Pet Dental"},"image":{"@id":"https:\/\/dental.pet\/benelux\/#\/schema\/logo\/image\/"}}]}},"_links":{"self":[{"href":"https:\/\/dental.pet\/benelux\/fr\/wp-json\/wp\/v2\/pages\/5866","targetHints":{"allow":["GET"]}}],"collection":[{"href":"https:\/\/dental.pet\/benelux\/fr\/wp-json\/wp\/v2\/pages"}],"about":[{"href":"https:\/\/dental.pet\/benelux\/fr\/wp-json\/wp\/v2\/types\/page"}],"author":[{"embeddable":true,"href":"https:\/\/dental.pet\/benelux\/fr\/wp-json\/wp\/v2\/users\/2"}],"replies":[{"embeddable":true,"href":"https:\/\/dental.pet\/benelux\/fr\/wp-json\/wp\/v2\/comments?post=5866"}],"version-history":[{"count":5,"href":"https:\/\/dental.pet\/benelux\/fr\/wp-json\/wp\/v2\/pages\/5866\/revisions"}],"predecessor-version":[{"id":8705,"href":"https:\/\/dental.pet\/benelux\/fr\/wp-json\/wp\/v2\/pages\/5866\/revisions\/8705"}],"wp:attachment":[{"href":"https:\/\/dental.pet\/benelux\/fr\/wp-json\/wp\/v2\/media?parent=5866"}],"curies":[{"name":"wp","href":"https:\/\/api.w.org\/{rel}","templated":true}]}}