{"id":5844,"date":"2021-10-25T17:13:32","date_gmt":"2021-10-25T17:13:32","guid":{"rendered":"http:\/\/petdental.dev.onpressidium.com\/benelux\/dental-pet-by-animalcare-for-pet-owner\/privacy-for-pet-owner\/"},"modified":"2023-03-24T15:58:18","modified_gmt":"2023-03-24T15:58:18","slug":"privacybeleid","status":"publish","type":"page","link":"https:\/\/dental.pet\/benelux\/fr\/pour-le-proprietaire-danimal\/privacybeleid\/","title":{"rendered":"Privacy for Pet Owner"},"content":{"rendered":"<div class=\"wpb-content-wrapper\"><p>[vc_row row_height_percent=\u00a0\u00bb33&Prime; override_padding=\u00a0\u00bbyes\u00a0\u00bb h_padding=\u00a0\u00bb2&Prime; top_padding=\u00a0\u00bb4&Prime; bottom_padding=\u00a0\u00bb4&Prime; back_image=\u00a0\u00bb2893&Prime; back_repeat=\u00a0\u00bbno-repeat\u00a0\u00bb back_position=\u00a0\u00bbleft top\u00a0\u00bb overlay_alpha=\u00a0\u00bb50&Prime; gutter_size=\u00a0\u00bb3&Prime; column_width_percent=\u00a0\u00bb100&Prime; shift_y=\u00a0\u00bb0&Prime; z_index=\u00a0\u00bb0&Prime; uncode_shortcode_id=\u00a0\u00bb759228&Prime;][vc_column column_width_percent=\u00a0\u00bb100&Prime; position_vertical=\u00a0\u00bbmiddle\u00a0\u00bb gutter_size=\u00a0\u00bb3&Prime; overlay_alpha=\u00a0\u00bb50&Prime; shift_x=\u00a0\u00bb0&Prime; shift_y=\u00a0\u00bb0&Prime; shift_y_down=\u00a0\u00bb0&Prime; z_index=\u00a0\u00bb0&Prime; medium_width=\u00a0\u00bb0&Prime; mobile_width=\u00a0\u00bb0&Prime; width=\u00a0\u00bb3\/4&Prime; uncode_shortcode_id=\u00a0\u00bb934710&Prime; el_class=\u00a0\u00bbz-index1&Prime;][vc_custom_heading text_color=\u00a0\u00bbcolor-197188&Prime; heading_semantic=\u00a0\u00bbdiv\u00a0\u00bb text_size=\u00a0\u00bbfontsize-158891&Prime; text_weight=\u00a0\u00bb700&Prime; uncode_shortcode_id=\u00a0\u00bb200159&Prime; text_color_type=\u00a0\u00bbuncode-palette\u00a0\u00bb]D\u00e9claration de<br \/>\nconfidentialit\u00e9[\/vc_custom_heading][\/vc_column][vc_column width=\u00a0\u00bb1\/4&Prime;][\/vc_column][\/vc_row][vc_row row_height_percent=\u00a0\u00bb0&Prime; override_padding=\u00a0\u00bbyes\u00a0\u00bb h_padding=\u00a0\u00bb2&Prime; top_padding=\u00a0\u00bb5&Prime; bottom_padding=\u00a0\u00bb7&Prime; overlay_alpha=\u00a0\u00bb50&Prime; gutter_size=\u00a0\u00bb3&Prime; column_width_percent=\u00a0\u00bb100&Prime; shift_y=\u00a0\u00bb0&Prime; z_index=\u00a0\u00bb0&Prime; uncode_shortcode_id=\u00a0\u00bb178923&Prime; el_id=\u00a0\u00bbaccordion-dark\u00a0\u00bb el_class=\u00a0\u00bbpc-section-shape-background-grey\u00a0\u00bb][vc_column column_width_percent=\u00a0\u00bb100&Prime; position_vertical=\u00a0\u00bbmiddle\u00a0\u00bb gutter_size=\u00a0\u00bb3&Prime; expand_height=\u00a0\u00bbyes\u00a0\u00bb overlay_alpha=\u00a0\u00bb50&Prime; shift_x=\u00a0\u00bb0&Prime; shift_y=\u00a0\u00bb0&Prime; shift_y_down=\u00a0\u00bb0&Prime; z_index=\u00a0\u00bb0&Prime; medium_width=\u00a0\u00bb0&Prime; mobile_width=\u00a0\u00bb0&Prime; width=\u00a0\u00bb1\/1&Prime; uncode_shortcode_id=\u00a0\u00bb409797&Prime;][vc_column_text uncode_shortcode_id=\u00a0\u00bb371217&Prime;]Animalcare\/Ecuphar s&rsquo;engage \u00e0 prot\u00e9ger et \u00e0 respecter votre vie priv\u00e9e. En principe, nous n&rsquo;utilisons pas d&rsquo;informations personnelles identifiables telles que les noms, les num\u00e9ros de t\u00e9l\u00e9phone ou les adresses de courrier \u00e9lectronique, \u00e0 moins que le traitement des informations personnelles ne soit \u00e9tay\u00e9 par votre consentement, un int\u00e9r\u00eat l\u00e9gitime ou une obligation l\u00e9gale.<\/p>\n<p>La pr\u00e9sente d\u00e9claration de confidentialit\u00e9 s&rsquo;applique aux donn\u00e9es personnelles que vous nous fournissez ou qui sont d\u00e9riv\u00e9es des donn\u00e9es personnelles d\u00e9crites ci-dessous.<\/p>\n<p>Cette politique explique nos pratiques en mati\u00e8re d&rsquo;information et les choix que vous pouvez faire concernant la mani\u00e8re dont vos informations sont trait\u00e9es chez Animalcare\/Ecuphar.<\/p>\n<p><strong>Les informations que <\/strong><strong>nous recueillons<\/strong><strong>\u00a0<\/strong><\/p>\n<p>Vous pouvez nous fournir des informations vous concernant en<\/p>\n<ul>\n<li>en nous soumettant des informations par l&rsquo;interm\u00e9diaire de notre site web ou par votre utilisation de notre site web<\/li>\n<li>soumettre des informations par l&rsquo;interm\u00e9diaire de nos forums de discussion ou de nos canaux de m\u00e9dias sociaux (par exemple Facebook ; Twitter)<\/li>\n<li>donner des d\u00e9tails personnels au personnel d&rsquo;Animalcare\/Ecuphar, par exemple aux collaborateurs de ventes ou du management.<\/li>\n<li>la participation \u00e0 des concours, des promotions ou des enqu\u00eates que nous organisons<\/li>\n<\/ul>\n<p>Nous ne recueillons pas d&rsquo;informations personnelles identifiables vous concernant &#8211; telles que votre nom, votre adresse, votre num\u00e9ro de t\u00e9l\u00e9phone, votre num\u00e9ro de t\u00e9l\u00e9copie, votre adresse \u00e9lectronique, etc. &#8211; sauf si vous choisissez de nous fournir ces informations sous une forme quelconque ou si vous nous commandez des produits ou des services.<\/p>\n<p>Lorsque vous visitez notre site web, nous pouvons collecter automatiquement :<\/p>\n<ul>\n<li>des informations techniques, le type de navigateur que vous utilisez, le type de syst\u00e8me d&rsquo;exploitation que vous utilisez et le nom de domaine de votre fournisseur d&rsquo;acc\u00e8s \u00e0 Internet<\/li>\n<li>des informations sur votre visite, notamment le parcours complet des localisateurs de ressources uniformes (URL) vers, \u00e0 travers et depuis notre site (y compris la date et l&rsquo;heure) ; les produits que vous avez consult\u00e9s ou recherch\u00e9s<\/li>\n<li>des informations sur les performances de nos pages, telles que les temps de r\u00e9ponse des pages, les erreurs de t\u00e9l\u00e9chargement, les informations sur l&rsquo;interaction des pages<\/li>\n<li>des informations que nous recevons d&rsquo;autres sources<\/li>\n<\/ul>\n<p><strong>Comment nous utilisons normalement les informations <\/strong><strong>vous concernant<\/strong><\/p>\n<p>La mani\u00e8re dont nous utilisons les informations vous concernant d\u00e9pend de la finalit\u00e9 du traitement, qui peut inclure :<\/p>\n<ul>\n<li>La commande de produits, la livraison et la facturation<\/li>\n<li>Support produit<\/li>\n<li>Modifications de nos produits et\/ou services<\/li>\n<li>Demandes d&rsquo;informations ou de services<\/li>\n<li>Fourniture d&rsquo;informations<\/li>\n<li>Optimisation des syst\u00e8mes et processus d&rsquo;Animalcare\/Ecuphar<\/li>\n<li>Soutien \u00e0 la disponibilit\u00e9 des produits et services<\/li>\n<\/ul>\n<p>Seules les informations personnelles pertinentes pour chaque objectif sont trait\u00e9es.<\/p>\n<p>Les coordonn\u00e9es de toutes les personnes ou entreprises qui commandent des produits seront conserv\u00e9es dans nos syst\u00e8mes, car elles sont n\u00e9cessaires pour fournir le service et\/ou livrer les marchandises. La p\u00e9riode de conservation est bas\u00e9e sur nos obligations l\u00e9gales et est de 10 ans apr\u00e8s la derni\u00e8re commande et\/ou demande.<\/p>\n<p>Nous utilisons les informations personnelles identifiables que vous nous fournissez pour vous tenir inform\u00e9 de nos produits, offres et services, pour r\u00e9pondre \u00e0 votre demande ou pour traiter un formulaire de demande que vous avez rempli sur diverses sections de notre site web. Vous pouvez choisir de ne pas recevoir nos informations commerciales ou g\u00e9n\u00e9rales (telles que les bulletins d&rsquo;information) \u00e0 tout moment.<\/p>\n<p>Il se peut que les informations personnelles soient li\u00e9es \u00e0 notre relation commerciale avec votre entreprise. Dans ce cas, les informations personnelles seront trait\u00e9es comme des informations commerciales et vous devrez, si tel est le cas, nous fournir les coordonn\u00e9es g\u00e9n\u00e9riques qui repr\u00e9sentent votre entreprise. En raison des implications l\u00e9gales et contractuelles, nous devrons disposer de ces donn\u00e9es commerciales avant de pouvoir cesser de traiter les donn\u00e9es personnelles.<\/p>\n<p>Nous utilisons des informations non personnellement identifiables pour analyser l&rsquo;utilisation du site (telles que des informations agr\u00e9g\u00e9es sur les pages visit\u00e9es par nos utilisateurs), ce qui nous permet d&rsquo;am\u00e9liorer la conception et le contenu de notre site web.<\/p>\n<p>Nous utilisons l&rsquo;historique de vos commandes pour am\u00e9liorer nos syst\u00e8mes et processus internes et pour am\u00e9liorer la disponibilit\u00e9 de nos produits et services.<\/p>\n<p>Toutes les donn\u00e9es recueillies seront partag\u00e9es, si cela est appropri\u00e9 et pertinent pour les autres entit\u00e9s d&rsquo;Animalcare\/Ecuphar, avec l&rsquo;un des bureaux d&rsquo;Animalcare\/Ecuphar.<\/p>\n<p>Animalcare\/Ecuphar ne partagera pas vos informations avec des tiers. Nous ne distribuerons ni ne vendrons intentionnellement vos informations \u00e0 quiconque en dehors de notre organisation sans votre autorisation, sauf si nous vendons tout ou partie de notre entreprise.<\/p>\n<p>Nous ne vous contacterons pas \u00e0 propos d&rsquo;autres sujets, \u00e0 moins que vous ne le demandiez express\u00e9ment, et nous ne partagerons pas, ne louerons pas et ne vendrons pas vos informations personnelles identifiables en dehors de Animalcare\/Ecuphar, sauf si nous sommes tenus de partager vos informations pour des raisons l\u00e9gales ou si nous devons les livrer \u00e0 des tiers qui fournissent des services en notre nom.<\/p>\n<p><strong>O\u00f9 nous stockons vos informations<\/strong><\/p>\n<p>Les informations que vous nous communiquez sont stock\u00e9es et trait\u00e9es \u00e0 l&rsquo;int\u00e9rieur des fronti\u00e8res de l&rsquo;UE par notre personnel (par exemple, nos employ\u00e9s et\/ou nos fournisseurs tiers). En outre, les informations que nous avons sur vous peuvent \u00eatre transf\u00e9r\u00e9es, stock\u00e9es et\/ou trait\u00e9es \u00e0 une destination en dehors de l&rsquo;Espace \u00e9conomique europ\u00e9en (\u00ab\u00a0EEE\u00a0\u00bb) par le personnel engag\u00e9 par nous (par exemple par nos employ\u00e9s et\/ou par nos fournisseurs tiers) dans les accords et les limites du r\u00e8glement g\u00e9n\u00e9ral sur la protection des donn\u00e9es (RGPD-R\u00e8glement UE 2016\/679). En nous soumettant vos informations, vous acceptez que nous puissions transf\u00e9rer, stocker et\/ou traiter vos informations comme d\u00e9crit dans cette section.<\/p>\n<p>Lorsque nous vous avons donn\u00e9 (ou lorsque vous avez choisi) un mot de passe qui vous permet d&rsquo;acc\u00e9der \u00e0 certaines parties de notre site web, vous \u00eates responsable de la confidentialit\u00e9 de ce mot de passe. Nous vous demandons de ne pas partager votre mot de passe avec quiconque, car cela pourrait compromettre la s\u00e9curit\u00e9 de vos informations.<\/p>\n<p><strong>Collecte d&rsquo;informations par des sites tiers et des sponsors<\/strong><strong>\u00a0<\/strong><\/p>\n<p>Notre site web contient des liens vers d&rsquo;autres sites dont les pratiques en mati\u00e8re d&rsquo;information peuvent \u00eatre diff\u00e9rentes des n\u00f4tres. Les visiteurs doivent consulter les avis de confidentialit\u00e9 de ces autres sites, car nous n&rsquo;avons aucun contr\u00f4le sur les informations soumises \u00e0 ces tiers ou recueillies par eux.<\/p>\n<p><strong>Cookies<\/strong><strong>\u00a0<\/strong><\/p>\n<p>Notre site web utilise des cookies. Un cookie est une cha\u00eene d&rsquo;informations en texte seul qu&rsquo;un site web transf\u00e8re au fichier de cookies du navigateur sur le disque dur de votre ordinateur afin que le site web puisse se souvenir de vous. Un cookie contient g\u00e9n\u00e9ralement le nom du domaine d&rsquo;o\u00f9 provient le cookie, la \u00ab\u00a0dur\u00e9e de vie\u00a0\u00bb du cookie et une valeur, g\u00e9n\u00e9ralement un num\u00e9ro unique g\u00e9n\u00e9r\u00e9 de mani\u00e8re al\u00e9atoire. Cela nous aide \u00e0 vous offrir une bonne exp\u00e9rience lorsque vous naviguez sur notre site web et nous permet \u00e9galement d&rsquo;am\u00e9liorer notre site et nos services.<\/p>\n<p>Nous pouvons utiliser les cookies de la mani\u00e8re suivante :<\/p>\n<ul>\n<li>Lorsqu&rsquo;ils sont essentiels pour faire fonctionner notre site.<\/li>\n<li>Pour activer les fonctions de personnalisation de notre site (qui vous donnent la possibilit\u00e9 de vous rappeler les pages r\u00e9cemment consult\u00e9es et de voir les informations que vous avez saisies en ligne).<\/li>\n<li>Pour compiler des statistiques anonymes et agr\u00e9g\u00e9es qui nous permettent de comprendre comment les utilisateurs utilisent notre site et nous aident \u00e0 en am\u00e9liorer la structure. Nous ne pouvons pas vous identifier personnellement de cette mani\u00e8re.<\/li>\n<\/ul>\n<p>Pour des informations d\u00e9taill\u00e9es sur les cookies et la mani\u00e8re dont ils sont utilis\u00e9s sur notre site web, consultez notre politique en mati\u00e8re de cookies.<\/p>\n<p><strong>D\u00e9sactiver\/activer les <\/strong><strong>cookies<\/strong><strong>\u00a0<\/strong><\/p>\n<p>Vous pouvez choisir d&rsquo;accepter ou de refuser les cookies en modifiant les param\u00e8tres de votre navigateur. Toutefois, il se peut que vous ne puissiez pas utiliser toutes les fonctions interactives de notre site si les cookies sont d\u00e9sactiv\u00e9s. Pour plus d&rsquo;informations sur la d\u00e9sactivation ou le blocage des cookies, veuillez consulter notre politique en mati\u00e8re de cookies.<\/p>\n<p><strong>Notre engagement en mati\u00e8re de s\u00e9curit\u00e9<\/strong><strong>\u00a0<\/strong><\/p>\n<p>Nous employons des mesures de s\u00e9curit\u00e9 pour emp\u00eacher tout acc\u00e8s non autoris\u00e9 aux informations que nous collectons. Dans le cas peu probable o\u00f9 il y aurait un acc\u00e8s non autoris\u00e9 ou une divulgation non autoris\u00e9e de vos donn\u00e9es personnelles, nous vous en informerons d\u00e8s que possible, conform\u00e9ment aux exigences du RGPD.<\/p>\n<p>Si vous pensez que vos informations sont incorrectes ou qu&rsquo;elles ont \u00e9t\u00e9 divulgu\u00e9es, veuillez nous contacter afin que nous puissions corriger les donn\u00e9es, enqu\u00eater sur le probl\u00e8me et prendre les mesures n\u00e9cessaires pour \u00e9viter que ce probl\u00e8me ne se reproduise \u00e0 l&rsquo;avenir.<\/p>\n<p><strong>Vos <\/strong><strong>droits<\/strong><strong>\u00a0<\/strong><\/p>\n<p>Conform\u00e9ment \u00e0 la loi sur la protection des donn\u00e9es concernant le traitement des donn\u00e9es \u00e0 caract\u00e8re personnel, vous avez le droit de consulter les donn\u00e9es \u00e0 caract\u00e8re personnel que nous d\u00e9tenons \u00e0 votre sujet, de demander que nous les corrigions si n\u00e9cessaire, de vous opposer \u00e0 leur traitement ou de demander leur suppression pour autant que nous ne soyons pas oblig\u00e9s de les conserver \u00e0 des fins l\u00e9gales ou contractuelles. Pour ce faire, veuillez envoyer un courriel \u00e0 <a href=\"mailto:privacy@ecuphar.com\">privacy@ecuphar.com.<\/a><\/p>\n<p><strong>R\u00e9visions <\/strong><strong>de notre politique de confidentialit\u00e9<\/strong><strong>\u00a0<\/strong><\/p>\n<p>Nous nous r\u00e9servons le droit de r\u00e9viser cette politique en tout ou en partie de temps \u00e0 autre. Veuillez consulter p\u00e9riodiquement la politique pour prendre connaissance des changements.[\/vc_column_text][\/vc_column][\/vc_row]<\/p>\n<\/div>","protected":false},"excerpt":{"rendered":"<p>[vc_row row_height_percent=\u00a0\u00bb33&Prime; override_padding=\u00a0\u00bbyes\u00a0\u00bb h_padding=\u00a0\u00bb2&Prime; top_padding=\u00a0\u00bb4&Prime; bottom_padding=\u00a0\u00bb4&Prime; back_image=\u00a0\u00bb2893&Prime; back_repeat=\u00a0\u00bbno-repeat\u00a0\u00bb back_position=\u00a0\u00bbleft top\u00a0\u00bb overlay_alpha=\u00a0\u00bb50&Prime; gutter_size=\u00a0\u00bb3&Prime; column_width_percent=\u00a0\u00bb100&Prime; shift_y=\u00a0\u00bb0&Prime; z_index=\u00a0\u00bb0&Prime; uncode_shortcode_id=\u00a0\u00bb759228&Prime;][vc_column column_width_percent=\u00a0\u00bb100&Prime; position_vertical=\u00a0\u00bbmiddle\u00a0\u00bb gutter_size=\u00a0\u00bb3&Prime; overlay_alpha=\u00a0\u00bb50&Prime; [&hellip;]<\/p>\n","protected":false},"author":2,"featured_media":0,"parent":5742,"menu_order":0,"comment_status":"closed","ping_status":"closed","template":"","meta":{"footnotes":""},"class_list":["post-5844","page","type-page","status-publish","hentry"],"yoast_head":"<!-- This site is optimized with the Yoast SEO plugin v24.6 - https:\/\/yoast.com\/wordpress\/plugins\/seo\/ -->\n<title>Privacy policy - Pet Owner | Pet Dental UK<\/title>\n<meta name=\"description\" content=\"dental.pet pet owner privacy policy. Our information practices at Animalcare\/Ecuphar and your choices. Pet Dental UK.\" \/>\n<meta name=\"robots\" content=\"index, follow, max-snippet:-1, max-image-preview:large, max-video-preview:-1\" \/>\n<link rel=\"canonical\" href=\"https:\/\/dental.pet\/benelux\/fr\/pour-le-proprietaire-danimal\/privacybeleid\/\" \/>\n<meta property=\"og:locale\" content=\"fr_FR\" \/>\n<meta property=\"og:type\" content=\"article\" \/>\n<meta property=\"og:title\" content=\"Privacy policy - Pet Owner | Pet Dental UK\" \/>\n<meta property=\"og:description\" content=\"dental.pet pet owner privacy policy. Our information practices at Animalcare\/Ecuphar and your choices. Pet Dental UK.\" \/>\n<meta property=\"og:url\" content=\"https:\/\/dental.pet\/benelux\/fr\/pour-le-proprietaire-danimal\/privacybeleid\/\" \/>\n<meta property=\"og:site_name\" content=\"Benelux\" \/>\n<meta property=\"article:modified_time\" content=\"2023-03-24T15:58:18+00:00\" \/>\n<meta name=\"twitter:card\" content=\"summary_large_image\" \/>\n<meta name=\"twitter:label1\" content=\"Dur\u00e9e de lecture estim\u00e9e\" \/>\n\t<meta name=\"twitter:data1\" content=\"9 minutes\" \/>\n<script type=\"application\/ld+json\" class=\"yoast-schema-graph\">{\"@context\":\"https:\/\/schema.org\",\"@graph\":[{\"@type\":\"WebPage\",\"@id\":\"https:\/\/dental.pet\/benelux\/fr\/pour-le-proprietaire-danimal\/privacybeleid\/\",\"url\":\"https:\/\/dental.pet\/benelux\/fr\/pour-le-proprietaire-danimal\/privacybeleid\/\",\"name\":\"Privacy policy - Pet Owner | Pet Dental UK\",\"isPartOf\":{\"@id\":\"https:\/\/dental.pet\/benelux\/#website\"},\"datePublished\":\"2021-10-25T17:13:32+00:00\",\"dateModified\":\"2023-03-24T15:58:18+00:00\",\"description\":\"dental.pet pet owner privacy policy. Our information practices at Animalcare\/Ecuphar and your choices. Pet Dental UK.\",\"breadcrumb\":{\"@id\":\"https:\/\/dental.pet\/benelux\/fr\/pour-le-proprietaire-danimal\/privacybeleid\/#breadcrumb\"},\"inLanguage\":\"fr-FR\",\"potentialAction\":[{\"@type\":\"ReadAction\",\"target\":[\"https:\/\/dental.pet\/benelux\/fr\/pour-le-proprietaire-danimal\/privacybeleid\/\"]}]},{\"@type\":\"BreadcrumbList\",\"@id\":\"https:\/\/dental.pet\/benelux\/fr\/pour-le-proprietaire-danimal\/privacybeleid\/#breadcrumb\",\"itemListElement\":[{\"@type\":\"ListItem\",\"position\":1,\"name\":\"Home\",\"item\":\"https:\/\/dental.pet\/benelux\/fr\/\"},{\"@type\":\"ListItem\",\"position\":2,\"name\":\"Dental Pet by Animalcare for Pet Owner\",\"item\":\"https:\/\/dental.pet\/benelux\/fr\/pour-le-proprietaire-danimal\/\"},{\"@type\":\"ListItem\",\"position\":3,\"name\":\"Privacy for Pet Owner\"}]},{\"@type\":\"WebSite\",\"@id\":\"https:\/\/dental.pet\/benelux\/#website\",\"url\":\"https:\/\/dental.pet\/benelux\/\",\"name\":\"Benelux\",\"description\":\"Welcome to your Dental Pet Hub\",\"publisher\":{\"@id\":\"https:\/\/dental.pet\/benelux\/#organization\"},\"potentialAction\":[{\"@type\":\"SearchAction\",\"target\":{\"@type\":\"EntryPoint\",\"urlTemplate\":\"https:\/\/dental.pet\/benelux\/?s={search_term_string}\"},\"query-input\":{\"@type\":\"PropertyValueSpecification\",\"valueRequired\":true,\"valueName\":\"search_term_string\"}}],\"inLanguage\":\"fr-FR\"},{\"@type\":\"Organization\",\"@id\":\"https:\/\/dental.pet\/benelux\/#organization\",\"name\":\"Pet Dental\",\"url\":\"https:\/\/dental.pet\/benelux\/\",\"logo\":{\"@type\":\"ImageObject\",\"inLanguage\":\"fr-FR\",\"@id\":\"https:\/\/dental.pet\/benelux\/#\/schema\/logo\/image\/\",\"url\":\"http:\/\/dental.pet\/benelux\/wp-content\/uploads\/sites\/12\/2021\/10\/pet-dental-logo-dark.png\",\"contentUrl\":\"http:\/\/dental.pet\/benelux\/wp-content\/uploads\/sites\/12\/2021\/10\/pet-dental-logo-dark.png\",\"width\":328,\"height\":82,\"caption\":\"Pet Dental\"},\"image\":{\"@id\":\"https:\/\/dental.pet\/benelux\/#\/schema\/logo\/image\/\"}}]}<\/script>\n<!-- \/ Yoast SEO plugin. -->","yoast_head_json":{"title":"Privacy policy - Pet Owner | Pet Dental UK","description":"dental.pet pet owner privacy policy. Our information practices at Animalcare\/Ecuphar and your choices. Pet Dental UK.","robots":{"index":"index","follow":"follow","max-snippet":"max-snippet:-1","max-image-preview":"max-image-preview:large","max-video-preview":"max-video-preview:-1"},"canonical":"https:\/\/dental.pet\/benelux\/fr\/pour-le-proprietaire-danimal\/privacybeleid\/","og_locale":"fr_FR","og_type":"article","og_title":"Privacy policy - Pet Owner | Pet Dental UK","og_description":"dental.pet pet owner privacy policy. Our information practices at Animalcare\/Ecuphar and your choices. Pet Dental UK.","og_url":"https:\/\/dental.pet\/benelux\/fr\/pour-le-proprietaire-danimal\/privacybeleid\/","og_site_name":"Benelux","article_modified_time":"2023-03-24T15:58:18+00:00","twitter_card":"summary_large_image","twitter_misc":{"Dur\u00e9e de lecture estim\u00e9e":"9 minutes"},"schema":{"@context":"https:\/\/schema.org","@graph":[{"@type":"WebPage","@id":"https:\/\/dental.pet\/benelux\/fr\/pour-le-proprietaire-danimal\/privacybeleid\/","url":"https:\/\/dental.pet\/benelux\/fr\/pour-le-proprietaire-danimal\/privacybeleid\/","name":"Privacy policy - Pet Owner | Pet Dental UK","isPartOf":{"@id":"https:\/\/dental.pet\/benelux\/#website"},"datePublished":"2021-10-25T17:13:32+00:00","dateModified":"2023-03-24T15:58:18+00:00","description":"dental.pet pet owner privacy policy. Our information practices at Animalcare\/Ecuphar and your choices. Pet Dental UK.","breadcrumb":{"@id":"https:\/\/dental.pet\/benelux\/fr\/pour-le-proprietaire-danimal\/privacybeleid\/#breadcrumb"},"inLanguage":"fr-FR","potentialAction":[{"@type":"ReadAction","target":["https:\/\/dental.pet\/benelux\/fr\/pour-le-proprietaire-danimal\/privacybeleid\/"]}]},{"@type":"BreadcrumbList","@id":"https:\/\/dental.pet\/benelux\/fr\/pour-le-proprietaire-danimal\/privacybeleid\/#breadcrumb","itemListElement":[{"@type":"ListItem","position":1,"name":"Home","item":"https:\/\/dental.pet\/benelux\/fr\/"},{"@type":"ListItem","position":2,"name":"Dental Pet by Animalcare for Pet Owner","item":"https:\/\/dental.pet\/benelux\/fr\/pour-le-proprietaire-danimal\/"},{"@type":"ListItem","position":3,"name":"Privacy for Pet Owner"}]},{"@type":"WebSite","@id":"https:\/\/dental.pet\/benelux\/#website","url":"https:\/\/dental.pet\/benelux\/","name":"Benelux","description":"Welcome to your Dental Pet Hub","publisher":{"@id":"https:\/\/dental.pet\/benelux\/#organization"},"potentialAction":[{"@type":"SearchAction","target":{"@type":"EntryPoint","urlTemplate":"https:\/\/dental.pet\/benelux\/?s={search_term_string}"},"query-input":{"@type":"PropertyValueSpecification","valueRequired":true,"valueName":"search_term_string"}}],"inLanguage":"fr-FR"},{"@type":"Organization","@id":"https:\/\/dental.pet\/benelux\/#organization","name":"Pet Dental","url":"https:\/\/dental.pet\/benelux\/","logo":{"@type":"ImageObject","inLanguage":"fr-FR","@id":"https:\/\/dental.pet\/benelux\/#\/schema\/logo\/image\/","url":"http:\/\/dental.pet\/benelux\/wp-content\/uploads\/sites\/12\/2021\/10\/pet-dental-logo-dark.png","contentUrl":"http:\/\/dental.pet\/benelux\/wp-content\/uploads\/sites\/12\/2021\/10\/pet-dental-logo-dark.png","width":328,"height":82,"caption":"Pet Dental"},"image":{"@id":"https:\/\/dental.pet\/benelux\/#\/schema\/logo\/image\/"}}]}},"_links":{"self":[{"href":"https:\/\/dental.pet\/benelux\/fr\/wp-json\/wp\/v2\/pages\/5844","targetHints":{"allow":["GET"]}}],"collection":[{"href":"https:\/\/dental.pet\/benelux\/fr\/wp-json\/wp\/v2\/pages"}],"about":[{"href":"https:\/\/dental.pet\/benelux\/fr\/wp-json\/wp\/v2\/types\/page"}],"author":[{"embeddable":true,"href":"https:\/\/dental.pet\/benelux\/fr\/wp-json\/wp\/v2\/users\/2"}],"replies":[{"embeddable":true,"href":"https:\/\/dental.pet\/benelux\/fr\/wp-json\/wp\/v2\/comments?post=5844"}],"version-history":[{"count":5,"href":"https:\/\/dental.pet\/benelux\/fr\/wp-json\/wp\/v2\/pages\/5844\/revisions"}],"predecessor-version":[{"id":8741,"href":"https:\/\/dental.pet\/benelux\/fr\/wp-json\/wp\/v2\/pages\/5844\/revisions\/8741"}],"up":[{"embeddable":true,"href":"https:\/\/dental.pet\/benelux\/fr\/wp-json\/wp\/v2\/pages\/5742"}],"wp:attachment":[{"href":"https:\/\/dental.pet\/benelux\/fr\/wp-json\/wp\/v2\/media?parent=5844"}],"curies":[{"name":"wp","href":"https:\/\/api.w.org\/{rel}","templated":true}]}}