{"id":5811,"date":"2021-12-21T19:53:57","date_gmt":"2021-12-21T19:53:57","guid":{"rendered":"http:\/\/petdental.dev.onpressidium.com\/benelux\/dental-pet-by-animalcare-for-pet-owner\/faqs\/"},"modified":"2022-09-20T14:24:02","modified_gmt":"2022-09-20T14:24:02","slug":"faqs","status":"publish","type":"page","link":"https:\/\/dental.pet\/benelux\/fr\/pour-le-proprietaire-danimal\/faqs\/","title":{"rendered":"FAQS"},"content":{"rendered":"<div class=\"wpb-content-wrapper\"><p>[vc_row row_height_percent=\u00a0\u00bb65&Prime; override_padding=\u00a0\u00bbyes\u00a0\u00bb h_padding=\u00a0\u00bb2&Prime; top_padding=\u00a0\u00bb4&Prime; bottom_padding=\u00a0\u00bb4&Prime; back_image=\u00a0\u00bb3788&Prime; back_position=\u00a0\u00bbcenter top\u00a0\u00bb overlay_alpha=\u00a0\u00bb50&Prime; gutter_size=\u00a0\u00bb3&Prime; column_width_percent=\u00a0\u00bb100&Prime; shift_y=\u00a0\u00bb0&Prime; z_index=\u00a0\u00bb0&Prime; medium_visibility=\u00a0\u00bbyes\u00a0\u00bb mobile_visibility=\u00a0\u00bbyes\u00a0\u00bb uncode_shortcode_id=\u00a0\u00bb155601&Prime;][vc_column column_width_percent=\u00a0\u00bb100&Prime; position_vertical=\u00a0\u00bbmiddle\u00a0\u00bb gutter_size=\u00a0\u00bb2&Prime; overlay_alpha=\u00a0\u00bb50&Prime; shift_x=\u00a0\u00bb0&Prime; shift_y=\u00a0\u00bb0&Prime; shift_y_down=\u00a0\u00bb0&Prime; z_index=\u00a0\u00bb0&Prime; medium_width=\u00a0\u00bb0&Prime; mobile_width=\u00a0\u00bb0&Prime; css_animation=\u00a0\u00bbbottom-t-top\u00a0\u00bb width=\u00a0\u00bb7\/12&Prime; uncode_shortcode_id=\u00a0\u00bb497497&Prime; el_class=\u00a0\u00bbz-index1&Prime;][vc_custom_heading text_color=\u00a0\u00bbcolor-197188&Prime; heading_semantic=\u00a0\u00bbdiv\u00a0\u00bb text_size=\u00a0\u00bbfontsize-158891&Prime; text_weight=\u00a0\u00bb700&Prime; uncode_shortcode_id=\u00a0\u00bb101031&Prime; text_color_type=\u00a0\u00bbuncode-palette\u00a0\u00bb]Questions fr\u00e9quemment pos\u00e9es[\/vc_custom_heading][\/vc_column][vc_column width=\u00a0\u00bb5\/12&Prime;][\/vc_column][\/vc_row][vc_row row_height_percent=\u00a0\u00bb80&Prime; override_padding=\u00a0\u00bbyes\u00a0\u00bb h_padding=\u00a0\u00bb0&Prime; top_padding=\u00a0\u00bb0&Prime; bottom_padding=\u00a0\u00bb4&Prime; back_image=\u00a0\u00bb1420&Prime; back_repeat=\u00a0\u00bbno-repeat\u00a0\u00bb back_position=\u00a0\u00bbleft center\u00a0\u00bb overlay_alpha=\u00a0\u00bb50&Prime; gutter_size=\u00a0\u00bb3&Prime; column_width_percent=\u00a0\u00bb100&Prime; shift_y=\u00a0\u00bb0&Prime; z_index=\u00a0\u00bb0&Prime; desktop_visibility=\u00a0\u00bbyes\u00a0\u00bb uncode_shortcode_id=\u00a0\u00bb575826&Prime; back_size=\u00a0\u00bbcover\u00a0\u00bb][vc_column column_width_percent=\u00a0\u00bb100&Prime; position_vertical=\u00a0\u00bbmiddle\u00a0\u00bb gutter_size=\u00a0\u00bb2&Prime; overlay_alpha=\u00a0\u00bb50&Prime; shift_x=\u00a0\u00bb0&Prime; shift_y=\u00a0\u00bb0&Prime; shift_y_down=\u00a0\u00bb0&Prime; z_index=\u00a0\u00bb0&Prime; medium_width=\u00a0\u00bb0&Prime; mobile_width=\u00a0\u00bb0&Prime; css_animation=\u00a0\u00bbbottom-t-top\u00a0\u00bb width=\u00a0\u00bb1\/1&Prime; uncode_shortcode_id=\u00a0\u00bb497497&Prime; el_class=\u00a0\u00bbz-index1&Prime;][vc_single_image media=\u00a0\u00bb3782&Prime; media_width_percent=\u00a0\u00bb100&Prime; uncode_shortcode_id=\u00a0\u00bb152855&Prime;][vc_row_inner row_inner_height_percent=\u00a0\u00bb0&Prime; overlay_alpha=\u00a0\u00bb50&Prime; gutter_size=\u00a0\u00bb3&Prime; shift_y=\u00a0\u00bb0&Prime; z_index=\u00a0\u00bb0&Prime; uncode_shortcode_id=\u00a0\u00bb305962&Prime; css=\u00a0\u00bb.vc_custom_1640124390678{padding-top: 50px !important;padding-right: 36px !important;padding-left: 36px !important;}\u00a0\u00bb limit_content=\u00a0\u00bb\u00a0\u00bb][vc_column_inner column_width_percent=\u00a0\u00bb100&Prime; gutter_size=\u00a0\u00bb2&Prime; overlay_alpha=\u00a0\u00bb50&Prime; shift_x=\u00a0\u00bb0&Prime; shift_y=\u00a0\u00bb0&Prime; shift_y_down=\u00a0\u00bb0&Prime; z_index=\u00a0\u00bb0&Prime; medium_width=\u00a0\u00bb0&Prime; mobile_width=\u00a0\u00bb0&Prime; width=\u00a0\u00bb1\/1&Prime; uncode_shortcode_id=\u00a0\u00bb369684&Prime;][vc_custom_heading text_color=\u00a0\u00bbcolor-197188&Prime; heading_semantic=\u00a0\u00bbdiv\u00a0\u00bb text_size=\u00a0\u00bbfontsize-158891&Prime; text_weight=\u00a0\u00bb700&Prime; uncode_shortcode_id=\u00a0\u00bb180815&Prime; text_color_type=\u00a0\u00bbuncode-palette\u00a0\u00bb]Questions fr\u00e9quemment pos\u00e9es[\/vc_custom_heading][\/vc_column_inner][\/vc_row_inner][\/vc_column][\/vc_row][vc_row row_height_percent=\u00a0\u00bb10&Prime; override_padding=\u00a0\u00bbyes\u00a0\u00bb h_padding=\u00a0\u00bb2&Prime; top_padding=\u00a0\u00bb0&Prime; bottom_padding=\u00a0\u00bb0&Prime; overlay_alpha=\u00a0\u00bb50&Prime; gutter_size=\u00a0\u00bb3&Prime; column_width_percent=\u00a0\u00bb100&Prime; shift_y=\u00a0\u00bb0&Prime; z_index=\u00a0\u00bb0&Prime; uncode_shortcode_id=\u00a0\u00bb165171&Prime; el_id=\u00a0\u00bbtheWhyHome\u00a0\u00bb el_class=\u00a0\u00bbpc-section-shape-background-grey\u00a0\u00bb][vc_column column_width_percent=\u00a0\u00bb100&Prime; gutter_size=\u00a0\u00bb0&Prime; overlay_alpha=\u00a0\u00bb50&Prime; shift_x=\u00a0\u00bb0&Prime; shift_y=\u00a0\u00bb0&Prime; shift_y_down=\u00a0\u00bb0&Prime; z_index=\u00a0\u00bb0&Prime; medium_width=\u00a0\u00bb0&Prime; mobile_width=\u00a0\u00bb0&Prime; width=\u00a0\u00bb1\/2&Prime; uncode_shortcode_id=\u00a0\u00bb370320&Prime; css=\u00a0\u00bb.vc_custom_1640124504929{padding-top: 0px !important;padding-bottom: 0px !important;}\u00a0\u00bb][\/vc_column][\/vc_row][vc_row row_height_percent=\u00a0\u00bb0&Prime; override_padding=\u00a0\u00bbyes\u00a0\u00bb h_padding=\u00a0\u00bb2&Prime; top_padding=\u00a0\u00bb5&Prime; bottom_padding=\u00a0\u00bb4&Prime; overlay_alpha=\u00a0\u00bb50&Prime; gutter_size=\u00a0\u00bb3&Prime; column_width_percent=\u00a0\u00bb100&Prime; shift_y=\u00a0\u00bb0&Prime; z_index=\u00a0\u00bb0&Prime; uncode_shortcode_id=\u00a0\u00bb245998&Prime; el_class=\u00a0\u00bbbg-gradient\u00a0\u00bb el_id=\u00a0\u00bbtheFaqs\u00a0\u00bb][vc_column column_width_percent=\u00a0\u00bb100&Prime; gutter_size=\u00a0\u00bb2&Prime; overlay_alpha=\u00a0\u00bb50&Prime; shift_x=\u00a0\u00bb0&Prime; shift_y=\u00a0\u00bb0&Prime; shift_y_down=\u00a0\u00bb0&Prime; z_index=\u00a0\u00bb0&Prime; medium_width=\u00a0\u00bb0&Prime; mobile_width=\u00a0\u00bb0&Prime; width=\u00a0\u00bb1\/1&Prime; uncode_shortcode_id=\u00a0\u00bb192033&Prime; el_id=\u00a0\u00bbaccordion-light\u00a0\u00bb][vc_custom_heading text_color=\u00a0\u00bbcolor-xsdn\u00a0\u00bb heading_semantic=\u00a0\u00bbh5&Prime; text_size=\u00a0\u00bbh5&Prime; uncode_shortcode_id=\u00a0\u00bb162126&Prime; text_color_type=\u00a0\u00bbuncode-palette\u00a0\u00bb el_class=\u00a0\u00bbhead-bordered\u00a0\u00bb]<strong>Les dents de mon animal semblent propres \u00e0 l&rsquo;examen visuel. Cela signifie-t-il qu&rsquo;il n&rsquo;a pas de maladie parodontale ?<\/strong>[\/vc_custom_heading][vc_column_text text_color=\u00a0\u00bbcolor-xsdn\u00a0\u00bb uncode_shortcode_id=\u00a0\u00bb502961&Prime; text_color_type=\u00a0\u00bbuncode-palette\u00a0\u00bb]Il n&rsquo;est pas possible d&rsquo;\u00e9valuer compl\u00e8tement la maladie parodontale en regardant simplement dans la bouche d&rsquo;un animal. Certains dommages ne peuvent \u00eatre observ\u00e9s que par un v\u00e9t\u00e9rinaire lors d&rsquo;un examen complet de la bouche de l&rsquo;animal sous anesth\u00e9sie g\u00e9n\u00e9rale.<sup>1<\/sup><\/p>\n<p>Par cons\u00e9quent, m\u00eame si les dents de votre animal semblent propres, vous ne pouvez pas \u00eatre s\u00fbr qu&rsquo;il n&rsquo;a pas de maladie parodontale. Parlez-en \u00e0 votre v\u00e9t\u00e9rinaire pour obtenir des conseils personnalis\u00e9s.[\/vc_column_text][vc_custom_heading text_color=\u00a0\u00bbcolor-xsdn\u00a0\u00bb heading_semantic=\u00a0\u00bbh5&Prime; text_size=\u00a0\u00bbh5&Prime; uncode_shortcode_id=\u00a0\u00bb115300&Prime; text_color_type=\u00a0\u00bbuncode-palette\u00a0\u00bb el_class=\u00a0\u00bbhead-bordered\u00a0\u00bb]<strong>Quels sont les premiers signes d&rsquo;une maladie parodontale ?<\/strong>[\/vc_custom_heading][vc_column_text text_color=\u00a0\u00bbcolor-xsdn\u00a0\u00bb uncode_shortcode_id=\u00a0\u00bb178917&Prime; text_color_type=\u00a0\u00bbuncode-palette\u00a0\u00bb el_class=\u00a0\u00bbgreen-bullets\u00a0\u00bb]Le premier signe de la maladie parodontale est g\u00e9n\u00e9ralement la mauvaise haleine, qui est caus\u00e9e par l&rsquo;accumulation de bact\u00e9ries dans la bouche de votre animal.<\/p>\n<p>Au fur et \u00e0 mesure que la maladie progresse, d&rsquo;autres sympt\u00f4mes peuvent appara\u00eetre, notamment :<\/p>\n<ul>\n<li>Manger et boire de mani\u00e8re anormale;<\/li>\n<li>R\u00e9action forte ou inhabituelle \u00e0 la consommation d&rsquo;eau froide;<\/li>\n<li>D\u00e9veloppement d&rsquo;un app\u00e9tit s\u00e9lectif (par exemple, pr\u00e9f\u00e9rence pour les aliments mous);<\/li>\n<li>Manque d&rsquo;app\u00e9tit et perte de poids;<\/li>\n<li>Se frotter les pattes sur le visage ou secouer la t\u00eate.<\/li>\n<\/ul>\n<p>[\/vc_column_text][vc_custom_heading text_color=\u00a0\u00bbcolor-xsdn\u00a0\u00bb heading_semantic=\u00a0\u00bbh5&Prime; text_size=\u00a0\u00bbh5&Prime; uncode_shortcode_id=\u00a0\u00bb182183&Prime; text_color_type=\u00a0\u00bbuncode-palette\u00a0\u00bb el_class=\u00a0\u00bbhead-bordered\u00a0\u00bb]<strong>La mauvaise haleine est-elle normale chez les animaux de compagnie ?<\/strong>[\/vc_custom_heading][vc_column_text text_color=\u00a0\u00bbcolor-xsdn\u00a0\u00bb uncode_shortcode_id=\u00a0\u00bb100650&Prime; text_color_type=\u00a0\u00bbuncode-palette\u00a0\u00bb]Non, une bouche saine ne devrait pas avoir mauvaise haleine.<\/p>\n<p>La mauvaise haleine est caus\u00e9e par des substances chimiques produites par les bact\u00e9ries associ\u00e9es \u00e0 la maladie parodontale. Bien que la plupart des propri\u00e9taires d&rsquo;animaux de compagnie pensent que la mauvaise haleine n&rsquo;est qu&rsquo;un probl\u00e8me esth\u00e9tique, la recherche montre que m\u00eame de petites quantit\u00e9s de ces produits chimiques sont nocives pour les tissus et jouent un r\u00f4le dans le d\u00e9veloppement de la maladie parodontale.<sup>2<\/sup>[\/vc_column_text][vc_custom_heading text_color=\u00a0\u00bbcolor-xsdn\u00a0\u00bb heading_semantic=\u00a0\u00bbh5&Prime; text_size=\u00a0\u00bbh5&Prime; uncode_shortcode_id=\u00a0\u00bb202131&Prime; text_color_type=\u00a0\u00bbuncode-palette\u00a0\u00bb el_class=\u00a0\u00bbhead-bordered\u00a0\u00bb]<strong>Le brossage des dents est-il vraiment beaucoup plus efficace que la nourriture dentaire\/les snacks \u00e0 m\u00e2cher ?<\/strong>[\/vc_custom_heading][vc_column_text text_color=\u00a0\u00bbcolor-xsdn\u00a0\u00bb uncode_shortcode_id=\u00a0\u00bb857418&Prime; text_color_type=\u00a0\u00bbuncode-palette\u00a0\u00bb]Oui &#8211; il a \u00e9t\u00e9 d\u00e9montr\u00e9 qu&rsquo;un brossage quotidien est plus de trois fois plus efficace pour contr\u00f4ler la plaque dentaire qu&rsquo;une mastication ou un r\u00e9gime dentaire quotidien.<sup>3<\/sup>[\/vc_column_text][vc_custom_heading text_color=\u00a0\u00bbcolor-xsdn\u00a0\u00bb heading_semantic=\u00a0\u00bbh5&Prime; text_size=\u00a0\u00bbh5&Prime; uncode_shortcode_id=\u00a0\u00bb222679&Prime; text_color_type=\u00a0\u00bbuncode-palette\u00a0\u00bb el_class=\u00a0\u00bbhead-bordered\u00a0\u00bb]<strong>Dois-je brosser les dents de mon animal tous les jours ?<\/strong>[\/vc_custom_heading][vc_column_text text_color=\u00a0\u00bbcolor-xsdn\u00a0\u00bb uncode_shortcode_id=\u00a0\u00bb162373&Prime; text_color_type=\u00a0\u00bbuncode-palette\u00a0\u00bb]Plus vous brossez souvent les dents de votre animal, plus c&rsquo;est efficace. Une \u00e9tude a montr\u00e9 que le brossage des dents r\u00e9duit la plaque dentaire de 37 % s&rsquo;il est effectu\u00e9 quotidiennement, de 25 % s&rsquo;il est effectu\u00e9 tous les deux jours et de 10 % s&rsquo;il est effectu\u00e9 chaque semaine.<sup>4<\/sup><\/p>\n<p>M\u00eame si vous ne parvenez pas \u00e0 brosser les dents de votre animal tous les jours, le produit aura tout de m\u00eame un certain effet, surtout si vous le combinez avec d&rsquo;autres produits comme des additifs pour l&rsquo;eau les jours o\u00f9 vous ne vous brossez pas les dents.[\/vc_column_text][vc_button button_color=\u00a0\u00bbcolor-197188&Prime; size=\u00a0\u00bbbtn-sm\u00a0\u00bb border_width=\u00a0\u00bb0&Prime; link=\u00a0\u00bburl:%2Fbenelux%2Ffr%2Ffor-pet-owner%2Fcommon-dental-problems%2F|title:Common%20dental%20problems\u00a0\u00bb button_color_type=\u00a0\u00bbuncode-palette\u00a0\u00bb el_class=\u00a0\u00bbbutton-light btn-bigger\u00a0\u00bb uncode_shortcode_id=\u00a0\u00bb196862&Prime;]PLUS D\u2019INFO SUR LES PROBL\u00c8MES DENTAIRES COURANTS CHEZ LES ANIMAUX DE COMPAGNIE &gt;[\/vc_button][\/vc_column][\/vc_row][vc_row row_height_percent=\u00a0\u00bb50&Prime; back_image=\u00a0\u00bb3785&Prime; overlay_alpha=\u00a0\u00bb50&Prime; gutter_size=\u00a0\u00bb3&Prime; column_width_percent=\u00a0\u00bb100&Prime; shift_y=\u00a0\u00bb0&Prime; z_index=\u00a0\u00bb0&Prime; uncode_shortcode_id=\u00a0\u00bb712864&Prime; css=\u00a0\u00bb.vc_custom_1640124907142{margin-top: 15px !important;}\u00a0\u00bb][vc_column width=\u00a0\u00bb1\/1&Prime;][\/vc_column][\/vc_row][vc_row row_height_percent=\u00a0\u00bb0&Prime; override_padding=\u00a0\u00bbyes\u00a0\u00bb h_padding=\u00a0\u00bb2&Prime; top_padding=\u00a0\u00bb3&Prime; bottom_padding=\u00a0\u00bb1&Prime; back_color=\u00a0\u00bbcolor-160397&Prime; overlay_alpha=\u00a0\u00bb50&Prime; gutter_size=\u00a0\u00bb3&Prime; column_width_percent=\u00a0\u00bb100&Prime; shift_y=\u00a0\u00bb0&Prime; z_index=\u00a0\u00bb0&Prime; uncode_shortcode_id=\u00a0\u00bb169673&Prime; back_color_type=\u00a0\u00bbuncode-palette\u00a0\u00bb el_id=\u00a0\u00bbfoot-owner\u00a0\u00bb el_class=\u00a0\u00bbsite-footer\u00a0\u00bb][vc_column column_width_percent=\u00a0\u00bb100&Prime; gutter_size=\u00a0\u00bb3&Prime; style=\u00a0\u00bbdark\u00a0\u00bb overlay_alpha=\u00a0\u00bb50&Prime; shift_x=\u00a0\u00bb0&Prime; shift_y=\u00a0\u00bb0&Prime; shift_y_down=\u00a0\u00bb0&Prime; z_index=\u00a0\u00bb0&Prime; medium_width=\u00a0\u00bb0&Prime; mobile_width=\u00a0\u00bb0&Prime; width=\u00a0\u00bb1\/1&Prime; uncode_shortcode_id=\u00a0\u00bb204189&Prime;][vc_column_text text_lead=\u00a0\u00bbsmall\u00a0\u00bb uncode_shortcode_id=\u00a0\u00bb461981&Prime;]<strong>R\u00e9f\u00e9rences<\/strong><\/p>\n<p class=\"p1\">1. Bellows J et al. 2019 AAHA Dental Care Guidelines for Dogs and Cats. J Am Anim Hosp Assoc 2019;55(2):49\u201369. 2. Mateo A et al.\u00a0Evaluation of efficacy of a dental chew to reduce gingivitis, dental plaque, calculus, and halitosis in toy breed dogs. J Vet Dent\u00a02020;37(1):22\u201328. 3. Allan RM et al.\u00a0Prospective randomised blinded clinical trial assessing effectiveness of three dental plaque control methods in dogs. J Small Anim Pract\u00a02019;60(4):212\u2013217. 4. Harvey C et al. Effect of frequency of brushing teeth on plaque and calculus accumulation, and gingivitis in dogs. J Vet Dent 2015;32(1):16\u201321.<\/p>\n<p>[\/vc_column_text][\/vc_column][\/vc_row]<\/p>\n<\/div>","protected":false},"excerpt":{"rendered":"<p>[vc_row row_height_percent=\u00a0\u00bb65&Prime; override_padding=\u00a0\u00bbyes\u00a0\u00bb h_padding=\u00a0\u00bb2&Prime; top_padding=\u00a0\u00bb4&Prime; bottom_padding=\u00a0\u00bb4&Prime; back_image=\u00a0\u00bb3788&Prime; back_position=\u00a0\u00bbcenter top\u00a0\u00bb overlay_alpha=\u00a0\u00bb50&Prime; gutter_size=\u00a0\u00bb3&Prime; column_width_percent=\u00a0\u00bb100&Prime; shift_y=\u00a0\u00bb0&Prime; z_index=\u00a0\u00bb0&Prime; medium_visibility=\u00a0\u00bbyes\u00a0\u00bb mobile_visibility=\u00a0\u00bbyes\u00a0\u00bb uncode_shortcode_id=\u00a0\u00bb155601&Prime;][vc_column column_width_percent=\u00a0\u00bb100&Prime; position_vertical=\u00a0\u00bbmiddle\u00a0\u00bb gutter_size=\u00a0\u00bb2&Prime; [&hellip;]<\/p>\n","protected":false},"author":2,"featured_media":0,"parent":5742,"menu_order":0,"comment_status":"closed","ping_status":"closed","template":"","meta":{"footnotes":""},"class_list":["post-5811","page","type-page","status-publish","hentry"],"yoast_head":"<!-- This site is optimized with the Yoast SEO plugin v24.6 - https:\/\/yoast.com\/wordpress\/plugins\/seo\/ -->\n<title>FAQs - Pet Owner | Pet Dental UK<\/title>\n<meta name=\"description\" content=\"Frequently asked questions. Answers to common questions from pet owners about dental problems in pets and home dental care. Pet Dental UK\" \/>\n<meta name=\"robots\" content=\"index, follow, max-snippet:-1, max-image-preview:large, max-video-preview:-1\" \/>\n<link rel=\"canonical\" href=\"https:\/\/dental.pet\/benelux\/fr\/pour-le-proprietaire-danimal\/faqs\/\" \/>\n<meta property=\"og:locale\" content=\"fr_FR\" \/>\n<meta property=\"og:type\" content=\"article\" \/>\n<meta property=\"og:title\" content=\"FAQs - Pet Owner | Pet Dental UK\" \/>\n<meta property=\"og:description\" content=\"Frequently asked questions. Answers to common questions from pet owners about dental problems in pets and home dental care. Pet Dental UK\" \/>\n<meta property=\"og:url\" content=\"https:\/\/dental.pet\/benelux\/fr\/pour-le-proprietaire-danimal\/faqs\/\" \/>\n<meta property=\"og:site_name\" content=\"Benelux\" \/>\n<meta property=\"article:modified_time\" content=\"2022-09-20T14:24:02+00:00\" \/>\n<meta name=\"twitter:card\" content=\"summary_large_image\" \/>\n<meta name=\"twitter:label1\" content=\"Dur\u00e9e de lecture estim\u00e9e\" \/>\n\t<meta name=\"twitter:data1\" content=\"4 minutes\" \/>\n<script type=\"application\/ld+json\" class=\"yoast-schema-graph\">{\"@context\":\"https:\/\/schema.org\",\"@graph\":[{\"@type\":\"WebPage\",\"@id\":\"https:\/\/dental.pet\/benelux\/fr\/pour-le-proprietaire-danimal\/faqs\/\",\"url\":\"https:\/\/dental.pet\/benelux\/fr\/pour-le-proprietaire-danimal\/faqs\/\",\"name\":\"FAQs - Pet Owner | Pet Dental UK\",\"isPartOf\":{\"@id\":\"https:\/\/dental.pet\/benelux\/#website\"},\"datePublished\":\"2021-12-21T19:53:57+00:00\",\"dateModified\":\"2022-09-20T14:24:02+00:00\",\"description\":\"Frequently asked questions. Answers to common questions from pet owners about dental problems in pets and home dental care. Pet Dental UK\",\"breadcrumb\":{\"@id\":\"https:\/\/dental.pet\/benelux\/fr\/pour-le-proprietaire-danimal\/faqs\/#breadcrumb\"},\"inLanguage\":\"fr-FR\",\"potentialAction\":[{\"@type\":\"ReadAction\",\"target\":[\"https:\/\/dental.pet\/benelux\/fr\/pour-le-proprietaire-danimal\/faqs\/\"]}]},{\"@type\":\"BreadcrumbList\",\"@id\":\"https:\/\/dental.pet\/benelux\/fr\/pour-le-proprietaire-danimal\/faqs\/#breadcrumb\",\"itemListElement\":[{\"@type\":\"ListItem\",\"position\":1,\"name\":\"Home\",\"item\":\"https:\/\/dental.pet\/benelux\/fr\/\"},{\"@type\":\"ListItem\",\"position\":2,\"name\":\"Dental Pet by Animalcare for Pet Owner\",\"item\":\"https:\/\/dental.pet\/benelux\/fr\/pour-le-proprietaire-danimal\/\"},{\"@type\":\"ListItem\",\"position\":3,\"name\":\"FAQS\"}]},{\"@type\":\"WebSite\",\"@id\":\"https:\/\/dental.pet\/benelux\/#website\",\"url\":\"https:\/\/dental.pet\/benelux\/\",\"name\":\"Benelux\",\"description\":\"Welcome to your Dental Pet Hub\",\"publisher\":{\"@id\":\"https:\/\/dental.pet\/benelux\/#organization\"},\"potentialAction\":[{\"@type\":\"SearchAction\",\"target\":{\"@type\":\"EntryPoint\",\"urlTemplate\":\"https:\/\/dental.pet\/benelux\/?s={search_term_string}\"},\"query-input\":{\"@type\":\"PropertyValueSpecification\",\"valueRequired\":true,\"valueName\":\"search_term_string\"}}],\"inLanguage\":\"fr-FR\"},{\"@type\":\"Organization\",\"@id\":\"https:\/\/dental.pet\/benelux\/#organization\",\"name\":\"Pet Dental\",\"url\":\"https:\/\/dental.pet\/benelux\/\",\"logo\":{\"@type\":\"ImageObject\",\"inLanguage\":\"fr-FR\",\"@id\":\"https:\/\/dental.pet\/benelux\/#\/schema\/logo\/image\/\",\"url\":\"http:\/\/dental.pet\/benelux\/wp-content\/uploads\/sites\/12\/2021\/10\/pet-dental-logo-dark.png\",\"contentUrl\":\"http:\/\/dental.pet\/benelux\/wp-content\/uploads\/sites\/12\/2021\/10\/pet-dental-logo-dark.png\",\"width\":328,\"height\":82,\"caption\":\"Pet Dental\"},\"image\":{\"@id\":\"https:\/\/dental.pet\/benelux\/#\/schema\/logo\/image\/\"}}]}<\/script>\n<!-- \/ Yoast SEO plugin. -->","yoast_head_json":{"title":"FAQs - Pet Owner | Pet Dental UK","description":"Frequently asked questions. Answers to common questions from pet owners about dental problems in pets and home dental care. Pet Dental UK","robots":{"index":"index","follow":"follow","max-snippet":"max-snippet:-1","max-image-preview":"max-image-preview:large","max-video-preview":"max-video-preview:-1"},"canonical":"https:\/\/dental.pet\/benelux\/fr\/pour-le-proprietaire-danimal\/faqs\/","og_locale":"fr_FR","og_type":"article","og_title":"FAQs - Pet Owner | Pet Dental UK","og_description":"Frequently asked questions. Answers to common questions from pet owners about dental problems in pets and home dental care. Pet Dental UK","og_url":"https:\/\/dental.pet\/benelux\/fr\/pour-le-proprietaire-danimal\/faqs\/","og_site_name":"Benelux","article_modified_time":"2022-09-20T14:24:02+00:00","twitter_card":"summary_large_image","twitter_misc":{"Dur\u00e9e de lecture estim\u00e9e":"4 minutes"},"schema":{"@context":"https:\/\/schema.org","@graph":[{"@type":"WebPage","@id":"https:\/\/dental.pet\/benelux\/fr\/pour-le-proprietaire-danimal\/faqs\/","url":"https:\/\/dental.pet\/benelux\/fr\/pour-le-proprietaire-danimal\/faqs\/","name":"FAQs - Pet Owner | Pet Dental UK","isPartOf":{"@id":"https:\/\/dental.pet\/benelux\/#website"},"datePublished":"2021-12-21T19:53:57+00:00","dateModified":"2022-09-20T14:24:02+00:00","description":"Frequently asked questions. Answers to common questions from pet owners about dental problems in pets and home dental care. Pet Dental UK","breadcrumb":{"@id":"https:\/\/dental.pet\/benelux\/fr\/pour-le-proprietaire-danimal\/faqs\/#breadcrumb"},"inLanguage":"fr-FR","potentialAction":[{"@type":"ReadAction","target":["https:\/\/dental.pet\/benelux\/fr\/pour-le-proprietaire-danimal\/faqs\/"]}]},{"@type":"BreadcrumbList","@id":"https:\/\/dental.pet\/benelux\/fr\/pour-le-proprietaire-danimal\/faqs\/#breadcrumb","itemListElement":[{"@type":"ListItem","position":1,"name":"Home","item":"https:\/\/dental.pet\/benelux\/fr\/"},{"@type":"ListItem","position":2,"name":"Dental Pet by Animalcare for Pet Owner","item":"https:\/\/dental.pet\/benelux\/fr\/pour-le-proprietaire-danimal\/"},{"@type":"ListItem","position":3,"name":"FAQS"}]},{"@type":"WebSite","@id":"https:\/\/dental.pet\/benelux\/#website","url":"https:\/\/dental.pet\/benelux\/","name":"Benelux","description":"Welcome to your Dental Pet Hub","publisher":{"@id":"https:\/\/dental.pet\/benelux\/#organization"},"potentialAction":[{"@type":"SearchAction","target":{"@type":"EntryPoint","urlTemplate":"https:\/\/dental.pet\/benelux\/?s={search_term_string}"},"query-input":{"@type":"PropertyValueSpecification","valueRequired":true,"valueName":"search_term_string"}}],"inLanguage":"fr-FR"},{"@type":"Organization","@id":"https:\/\/dental.pet\/benelux\/#organization","name":"Pet Dental","url":"https:\/\/dental.pet\/benelux\/","logo":{"@type":"ImageObject","inLanguage":"fr-FR","@id":"https:\/\/dental.pet\/benelux\/#\/schema\/logo\/image\/","url":"http:\/\/dental.pet\/benelux\/wp-content\/uploads\/sites\/12\/2021\/10\/pet-dental-logo-dark.png","contentUrl":"http:\/\/dental.pet\/benelux\/wp-content\/uploads\/sites\/12\/2021\/10\/pet-dental-logo-dark.png","width":328,"height":82,"caption":"Pet Dental"},"image":{"@id":"https:\/\/dental.pet\/benelux\/#\/schema\/logo\/image\/"}}]}},"_links":{"self":[{"href":"https:\/\/dental.pet\/benelux\/fr\/wp-json\/wp\/v2\/pages\/5811","targetHints":{"allow":["GET"]}}],"collection":[{"href":"https:\/\/dental.pet\/benelux\/fr\/wp-json\/wp\/v2\/pages"}],"about":[{"href":"https:\/\/dental.pet\/benelux\/fr\/wp-json\/wp\/v2\/types\/page"}],"author":[{"embeddable":true,"href":"https:\/\/dental.pet\/benelux\/fr\/wp-json\/wp\/v2\/users\/2"}],"replies":[{"embeddable":true,"href":"https:\/\/dental.pet\/benelux\/fr\/wp-json\/wp\/v2\/comments?post=5811"}],"version-history":[{"count":5,"href":"https:\/\/dental.pet\/benelux\/fr\/wp-json\/wp\/v2\/pages\/5811\/revisions"}],"predecessor-version":[{"id":8732,"href":"https:\/\/dental.pet\/benelux\/fr\/wp-json\/wp\/v2\/pages\/5811\/revisions\/8732"}],"up":[{"embeddable":true,"href":"https:\/\/dental.pet\/benelux\/fr\/wp-json\/wp\/v2\/pages\/5742"}],"wp:attachment":[{"href":"https:\/\/dental.pet\/benelux\/fr\/wp-json\/wp\/v2\/media?parent=5811"}],"curies":[{"name":"wp","href":"https:\/\/api.w.org\/{rel}","templated":true}]}}