{"id":5799,"date":"2021-10-25T17:20:06","date_gmt":"2021-10-25T17:20:06","guid":{"rendered":"http:\/\/petdental.dev.onpressidium.com\/benelux\/dental-pet-by-animalcare-for-pet-owner\/cookies-for-pet-owner\/"},"modified":"2023-03-24T15:58:54","modified_gmt":"2023-03-24T15:58:54","slug":"cookies","status":"publish","type":"page","link":"https:\/\/dental.pet\/benelux\/fr\/pour-le-proprietaire-danimal\/cookies\/","title":{"rendered":"Cookies for Pet Owner"},"content":{"rendered":"<div class=\"wpb-content-wrapper\"><p>[vc_row row_height_percent=\u00a0\u00bb33&Prime; override_padding=\u00a0\u00bbyes\u00a0\u00bb h_padding=\u00a0\u00bb2&Prime; top_padding=\u00a0\u00bb4&Prime; bottom_padding=\u00a0\u00bb4&Prime; back_image=\u00a0\u00bb2893&Prime; back_position=\u00a0\u00bbleft top\u00a0\u00bb overlay_alpha=\u00a0\u00bb50&Prime; gutter_size=\u00a0\u00bb3&Prime; column_width_percent=\u00a0\u00bb100&Prime; shift_y=\u00a0\u00bb0&Prime; z_index=\u00a0\u00bb0&Prime; uncode_shortcode_id=\u00a0\u00bb927448&Prime;][vc_column column_width_percent=\u00a0\u00bb100&Prime; position_vertical=\u00a0\u00bbmiddle\u00a0\u00bb gutter_size=\u00a0\u00bb3&Prime; overlay_alpha=\u00a0\u00bb50&Prime; shift_x=\u00a0\u00bb0&Prime; shift_y=\u00a0\u00bb0&Prime; shift_y_down=\u00a0\u00bb0&Prime; z_index=\u00a0\u00bb0&Prime; medium_width=\u00a0\u00bb0&Prime; mobile_width=\u00a0\u00bb0&Prime; width=\u00a0\u00bb3\/4&Prime; uncode_shortcode_id=\u00a0\u00bb934710&Prime; el_class=\u00a0\u00bbz-index1&Prime;][vc_custom_heading text_color=\u00a0\u00bbcolor-197188&Prime; heading_semantic=\u00a0\u00bbdiv\u00a0\u00bb text_size=\u00a0\u00bbfontsize-158891&Prime; text_weight=\u00a0\u00bb700&Prime; uncode_shortcode_id=\u00a0\u00bb105150&Prime; text_color_type=\u00a0\u00bbuncode-palette\u00a0\u00bb]Politique<br \/>\nen mati\u00e8re<br \/>\nde cookies[\/vc_custom_heading][\/vc_column][vc_column width=\u00a0\u00bb1\/4&Prime;][\/vc_column][\/vc_row][vc_row row_height_percent=\u00a0\u00bb0&Prime; override_padding=\u00a0\u00bbyes\u00a0\u00bb h_padding=\u00a0\u00bb2&Prime; top_padding=\u00a0\u00bb5&Prime; bottom_padding=\u00a0\u00bb7&Prime; overlay_alpha=\u00a0\u00bb50&Prime; gutter_size=\u00a0\u00bb3&Prime; column_width_percent=\u00a0\u00bb100&Prime; shift_y=\u00a0\u00bb0&Prime; z_index=\u00a0\u00bb0&Prime; uncode_shortcode_id=\u00a0\u00bb178923&Prime; el_id=\u00a0\u00bbaccordion-dark\u00a0\u00bb el_class=\u00a0\u00bbpc-section-shape-background-grey\u00a0\u00bb][vc_column column_width_percent=\u00a0\u00bb100&Prime; position_vertical=\u00a0\u00bbmiddle\u00a0\u00bb gutter_size=\u00a0\u00bb3&Prime; expand_height=\u00a0\u00bbyes\u00a0\u00bb overlay_alpha=\u00a0\u00bb50&Prime; shift_x=\u00a0\u00bb0&Prime; shift_y=\u00a0\u00bb0&Prime; shift_y_down=\u00a0\u00bb0&Prime; z_index=\u00a0\u00bb0&Prime; medium_width=\u00a0\u00bb0&Prime; mobile_width=\u00a0\u00bb0&Prime; width=\u00a0\u00bb1\/1&Prime; uncode_shortcode_id=\u00a0\u00bb409797&Prime;][vc_column_text uncode_shortcode_id=\u00a0\u00bb616458&Prime;]<strong>Les cookies et leurs avantages pour vous<\/strong><\/p>\n<p>Le site web d&rsquo;Ecuphar utilise des cookies, comme presque tous les sites web, pour vous offrir la meilleure exp\u00e9rience possible. Les cookies sont de petits fichiers texte qui sont plac\u00e9s sur votre ordinateur ou votre smartphone lorsque vous naviguez sur des sites web.<\/p>\n<p>Nos cookies nous aident \u00e0 :<\/p>\n<ul>\n<li>Faire en sorte que le site web d&rsquo;Ecuphar fonctionne comme vous l&rsquo;attendez<\/li>\n<li>Se souvenir de vos param\u00e8tres pendant et entre les visites<\/li>\n<li>Am\u00e9liorer la vitesse\/s\u00e9curit\u00e9 du site<\/li>\n<li>Am\u00e9liorer continuellement notre site web pour vous<\/li>\n<\/ul>\n<p>Nous n&rsquo;utilisons pas de cookies pour :<\/p>\n<ul>\n<li>Collecter des informations personnelles identifiables (sans votre autorisation expresse)<\/li>\n<li>Collecter toute information sensible telle que d\u00e9finie dans le RGPD (UE 2016\/679) (sans votre autorisation expresse)<\/li>\n<li>Transmettre des donn\u00e9es personnelles identifiables \u00e0 des tiers.<\/li>\n<li>Payer des commissions de vente<\/li>\n<\/ul>\n<p>Les cookies utilis\u00e9s dans l&rsquo;URL sont les suivants :\n<table id=\"tablepress-2\" class=\"tablepress tablepress-id-2\">\n<thead>\n<tr class=\"row-1\">\n\t<th class=\"column-1\">Cookie<\/th><th class=\"column-2\">Objectif<\/th><th class=\"column-3\">Plus d'informations<\/th>\n<\/tr>\n<\/thead>\n<tbody class=\"row-striping row-hover\">\n<tr class=\"row-2\">\n\t<td class=\"column-1\">Session<\/td><td class=\"column-2\">Ils permettent la maintenance, la fonctionnalit\u00e9 et le d\u00e9roulement de votre session.<\/td><td class=\"column-3\"><\/td>\n<\/tr>\n<tr class=\"row-3\">\n\t<td class=\"column-1\">Personnalisation<\/td><td class=\"column-2\">Ils permettent au site web de se souvenir des utilisateurs connect\u00e9s et de leurs pr\u00e9f\u00e9rences. Il s'agit notamment de savoir si la personne a accept\u00e9 la politique en mati\u00e8re de cookies et de suivi.<\/td><td class=\"column-3\"><\/td>\n<\/tr>\n<tr class=\"row-4\">\n\t<td class=\"column-1\">Google Analytics<\/td><td class=\"column-2\">Ces cookies sont utilis\u00e9s pour recueillir des informations sur la fa\u00e7on dont les visiteurs utilisent notre site, ce qui nous permet de l'am\u00e9liorer. Les cookies collectent des informations sous une forme anonyme, notamment le nombre de visiteurs du site, l'origine des visiteurs et les pages qu'ils ont visit\u00e9es.<\/td><td class=\"column-3\"><a href=\"https:\/\/marketingplatform.google.com\/about\/\">Cliquez ici pour un aper\u00e7u de la confidentialit\u00e9 chez Google.<\/a><\/td>\n<\/tr>\n<\/tbody>\n<\/table>\n<!-- #tablepress-2 from cache -->La plupart des navigateurs web permettent de contr\u00f4ler les cookies par le biais des param\u00e8tres du navigateur. Pour en savoir plus sur les cookies, y compris sur la mani\u00e8re de voir quels cookies ont \u00e9t\u00e9 install\u00e9s et comment les g\u00e9rer et les supprimer, visitez le site <a href=\"http:\/\/www.allaboutcookies.org\">www.allaboutcookies.org<\/a>. Pour ne plus \u00eatre suivi par Google Analytics sur tous les sites Web, visitez <a href=\"http:\/\/tools.google.com\/dlpage\/gaoptout\">http:\/\/tools.google.com\/dlpage\/gaoptout.<\/a><\/p>\n<p><strong>Nous accorder la permission d&rsquo;utiliser des cookies<\/strong>.<strong>\u00a0<\/strong><\/p>\n<p>Si les param\u00e8tres du logiciel que vous utilisez pour consulter ce site web (votre navigateur) sont r\u00e9gl\u00e9s pour accepter les cookies, nous consid\u00e9rons que cela signifie que vous \u00eates d&rsquo;accord et que vous continuez \u00e0 utiliser notre site web. Si vous souhaitez supprimer ou ne pas utiliser les cookies de notre site, vous pouvez apprendre comment le faire ci-dessous, mais cela signifiera probablement que notre site ne fonctionnera pas comme vous le souhaitez.<\/p>\n<p><strong>En savoir plus sur nos cookies<\/strong><strong>\u00a0<\/strong><\/p>\n<p>Nous utilisons des cookies pour faire fonctionner notre site web, notamment : la m\u00e9morisation de vos param\u00e8tres.<\/p>\n<p>Il n&rsquo;existe aucun moyen d&#8217;emp\u00eacher l&rsquo;utilisation et la mise en place de cookies fonctionnels, de cookies de personnalisation et de cookies de suivi anonymes, si ce n&rsquo;est de ne pas utiliser notre site. Votre consentement sera demand\u00e9 pour tout suivi personnalis\u00e9. Ce consentement est captur\u00e9 dans un cookie sp\u00e9cifique comme mentionn\u00e9 ci-dessus.<\/p>\n<p><strong>Cookies de statistiques anonymes sur les visiteurs<\/strong><strong>\u00a0<\/strong><\/p>\n<p>Nous utilisons des cookies pour compiler des statistiques sur les visiteurs, comme le nombre de personnes ayant visit\u00e9 notre site web, le type de technologie qu&rsquo;elles utilisent (par exemple Mac ou Windows), le temps qu&rsquo;elles passent sur le site, la page qu&rsquo;elles regardent, etc. Cela nous aide \u00e0 am\u00e9liorer continuellement notre site web. Ces programmes dits \u00a0\u00bb analytiques \u00a0\u00bb nous indiquent \u00e9galement, sur base anonyme, comment les personnes ont atteint notre site (par exemple, \u00e0 partir d&rsquo;un moteur de recherche) et si elles sont d\u00e9j\u00e0 venues ici auparavant, ce qui nous aide \u00e0 consacrer davantage de ressources \u00e0 l&rsquo;am\u00e9lioration de notre site pour vous. Les cookies tiers sont d\u00e9finis par :<\/p>\n<ul>\n<li>Google Analytics &#8211; ils nous fournissent des informations anonymes sur la fa\u00e7on dont les visiteurs interagissent avec notre site.<\/li>\n<\/ul>\n<p><strong>D\u00e9sactiver les cookies<\/strong><strong>\u00a0<\/strong><\/p>\n<p>Vous pouvez g\u00e9n\u00e9ralement d\u00e9sactiver les cookies en modifiant les param\u00e8tres de votre navigateur (<a href=\"https:\/\/www.aboutcookies.org\/how-to-control-cookies\/\">voir<\/a> <a href=\"https:\/\/www.aboutcookies.org\/how-to-control-cookies\/\">ici<\/a>). Si vous souhaitez avoir plus de contr\u00f4le sur l&rsquo;installation des cookies, vous pouvez installer des programmes ou des modules compl\u00e9mentaires sur votre navigateur, connus sous le nom d&rsquo;outils \u00ab\u00a0Do Not Track\u00a0\u00bb, qui vous permettront de choisir les cookies que vous souhaitez autoriser. Si vous n&rsquo;autorisez pas l&rsquo;installation de cookies dans votre navigateur, il est possible que vous ne puissiez pas acc\u00e9der \u00e0 certaines sections de notre site web ou qu&rsquo;il fonctionne incorrectement.<\/p>\n<p><strong>Modifications de la pr\u00e9sente politique en mati\u00e8re de cookies<\/strong><strong>\u00a0<\/strong><\/p>\n<p>Nous r\u00e9visons r\u00e9guli\u00e8rement notre politique en mati\u00e8re de cookies.<\/p>\n<p><strong>Comment nous contacter\u00a0<\/strong><\/p>\n<p>Vous pouvez demander des informations sur notre d\u00e9claration de confidentialit\u00e9 en nous contactant par courrier \u00e9lectronique \u00e0 l&rsquo;adresse <a href=\"mailto:privacy@ecuphar.com\">privacy@ecuphar.com<\/a> ou en \u00e9crivant \u00e0 Ecuphar.[\/vc_column_text][\/vc_column][\/vc_row]<\/p>\n<\/div>","protected":false},"excerpt":{"rendered":"<p>[vc_row row_height_percent=\u00a0\u00bb33&Prime; override_padding=\u00a0\u00bbyes\u00a0\u00bb h_padding=\u00a0\u00bb2&Prime; top_padding=\u00a0\u00bb4&Prime; bottom_padding=\u00a0\u00bb4&Prime; back_image=\u00a0\u00bb2893&Prime; back_position=\u00a0\u00bbleft top\u00a0\u00bb overlay_alpha=\u00a0\u00bb50&Prime; gutter_size=\u00a0\u00bb3&Prime; column_width_percent=\u00a0\u00bb100&Prime; shift_y=\u00a0\u00bb0&Prime; z_index=\u00a0\u00bb0&Prime; uncode_shortcode_id=\u00a0\u00bb927448&Prime;][vc_column column_width_percent=\u00a0\u00bb100&Prime; position_vertical=\u00a0\u00bbmiddle\u00a0\u00bb gutter_size=\u00a0\u00bb3&Prime; overlay_alpha=\u00a0\u00bb50&Prime; shift_x=\u00a0\u00bb0&Prime; [&hellip;]<\/p>\n","protected":false},"author":2,"featured_media":0,"parent":5742,"menu_order":0,"comment_status":"closed","ping_status":"closed","template":"","meta":{"footnotes":""},"class_list":["post-5799","page","type-page","status-publish","hentry"],"yoast_head":"<!-- This site is optimized with the Yoast SEO plugin v24.6 - https:\/\/yoast.com\/wordpress\/plugins\/seo\/ -->\n<title>Cookie policy - Pet Owner | Pet Dental UK<\/title>\n<meta name=\"description\" content=\"Pet Dental veterinary cookie policy. How cookies are used on the Pet Dental website and how they benefit you. Pet Dental UK.\" \/>\n<meta name=\"robots\" content=\"index, follow, max-snippet:-1, max-image-preview:large, max-video-preview:-1\" \/>\n<link rel=\"canonical\" href=\"https:\/\/dental.pet\/benelux\/fr\/pour-le-proprietaire-danimal\/cookies\/\" \/>\n<meta property=\"og:locale\" content=\"fr_FR\" \/>\n<meta property=\"og:type\" content=\"article\" \/>\n<meta property=\"og:title\" content=\"Cookie policy - Pet Owner | Pet Dental UK\" \/>\n<meta property=\"og:description\" content=\"Pet Dental veterinary cookie policy. How cookies are used on the Pet Dental website and how they benefit you. Pet Dental UK.\" \/>\n<meta property=\"og:url\" content=\"https:\/\/dental.pet\/benelux\/fr\/pour-le-proprietaire-danimal\/cookies\/\" \/>\n<meta property=\"og:site_name\" content=\"Benelux\" \/>\n<meta property=\"article:modified_time\" content=\"2023-03-24T15:58:54+00:00\" \/>\n<meta name=\"twitter:card\" content=\"summary_large_image\" \/>\n<meta name=\"twitter:label1\" content=\"Dur\u00e9e de lecture estim\u00e9e\" \/>\n\t<meta name=\"twitter:data1\" content=\"4 minutes\" \/>\n<script type=\"application\/ld+json\" class=\"yoast-schema-graph\">{\"@context\":\"https:\/\/schema.org\",\"@graph\":[{\"@type\":\"WebPage\",\"@id\":\"https:\/\/dental.pet\/benelux\/fr\/pour-le-proprietaire-danimal\/cookies\/\",\"url\":\"https:\/\/dental.pet\/benelux\/fr\/pour-le-proprietaire-danimal\/cookies\/\",\"name\":\"Cookie policy - Pet Owner | Pet Dental UK\",\"isPartOf\":{\"@id\":\"https:\/\/dental.pet\/benelux\/#website\"},\"datePublished\":\"2021-10-25T17:20:06+00:00\",\"dateModified\":\"2023-03-24T15:58:54+00:00\",\"description\":\"Pet Dental veterinary cookie policy. How cookies are used on the Pet Dental website and how they benefit you. Pet Dental UK.\",\"breadcrumb\":{\"@id\":\"https:\/\/dental.pet\/benelux\/fr\/pour-le-proprietaire-danimal\/cookies\/#breadcrumb\"},\"inLanguage\":\"fr-FR\",\"potentialAction\":[{\"@type\":\"ReadAction\",\"target\":[\"https:\/\/dental.pet\/benelux\/fr\/pour-le-proprietaire-danimal\/cookies\/\"]}]},{\"@type\":\"BreadcrumbList\",\"@id\":\"https:\/\/dental.pet\/benelux\/fr\/pour-le-proprietaire-danimal\/cookies\/#breadcrumb\",\"itemListElement\":[{\"@type\":\"ListItem\",\"position\":1,\"name\":\"Home\",\"item\":\"https:\/\/dental.pet\/benelux\/fr\/\"},{\"@type\":\"ListItem\",\"position\":2,\"name\":\"Dental Pet by Animalcare for Pet Owner\",\"item\":\"https:\/\/dental.pet\/benelux\/fr\/pour-le-proprietaire-danimal\/\"},{\"@type\":\"ListItem\",\"position\":3,\"name\":\"Cookies for Pet Owner\"}]},{\"@type\":\"WebSite\",\"@id\":\"https:\/\/dental.pet\/benelux\/#website\",\"url\":\"https:\/\/dental.pet\/benelux\/\",\"name\":\"Benelux\",\"description\":\"Welcome to your Dental Pet Hub\",\"publisher\":{\"@id\":\"https:\/\/dental.pet\/benelux\/#organization\"},\"potentialAction\":[{\"@type\":\"SearchAction\",\"target\":{\"@type\":\"EntryPoint\",\"urlTemplate\":\"https:\/\/dental.pet\/benelux\/?s={search_term_string}\"},\"query-input\":{\"@type\":\"PropertyValueSpecification\",\"valueRequired\":true,\"valueName\":\"search_term_string\"}}],\"inLanguage\":\"fr-FR\"},{\"@type\":\"Organization\",\"@id\":\"https:\/\/dental.pet\/benelux\/#organization\",\"name\":\"Pet Dental\",\"url\":\"https:\/\/dental.pet\/benelux\/\",\"logo\":{\"@type\":\"ImageObject\",\"inLanguage\":\"fr-FR\",\"@id\":\"https:\/\/dental.pet\/benelux\/#\/schema\/logo\/image\/\",\"url\":\"http:\/\/dental.pet\/benelux\/wp-content\/uploads\/sites\/12\/2021\/10\/pet-dental-logo-dark.png\",\"contentUrl\":\"http:\/\/dental.pet\/benelux\/wp-content\/uploads\/sites\/12\/2021\/10\/pet-dental-logo-dark.png\",\"width\":328,\"height\":82,\"caption\":\"Pet Dental\"},\"image\":{\"@id\":\"https:\/\/dental.pet\/benelux\/#\/schema\/logo\/image\/\"}}]}<\/script>\n<!-- \/ Yoast SEO plugin. -->","yoast_head_json":{"title":"Cookie policy - Pet Owner | Pet Dental UK","description":"Pet Dental veterinary cookie policy. How cookies are used on the Pet Dental website and how they benefit you. Pet Dental UK.","robots":{"index":"index","follow":"follow","max-snippet":"max-snippet:-1","max-image-preview":"max-image-preview:large","max-video-preview":"max-video-preview:-1"},"canonical":"https:\/\/dental.pet\/benelux\/fr\/pour-le-proprietaire-danimal\/cookies\/","og_locale":"fr_FR","og_type":"article","og_title":"Cookie policy - Pet Owner | Pet Dental UK","og_description":"Pet Dental veterinary cookie policy. How cookies are used on the Pet Dental website and how they benefit you. Pet Dental UK.","og_url":"https:\/\/dental.pet\/benelux\/fr\/pour-le-proprietaire-danimal\/cookies\/","og_site_name":"Benelux","article_modified_time":"2023-03-24T15:58:54+00:00","twitter_card":"summary_large_image","twitter_misc":{"Dur\u00e9e de lecture estim\u00e9e":"4 minutes"},"schema":{"@context":"https:\/\/schema.org","@graph":[{"@type":"WebPage","@id":"https:\/\/dental.pet\/benelux\/fr\/pour-le-proprietaire-danimal\/cookies\/","url":"https:\/\/dental.pet\/benelux\/fr\/pour-le-proprietaire-danimal\/cookies\/","name":"Cookie policy - Pet Owner | Pet Dental UK","isPartOf":{"@id":"https:\/\/dental.pet\/benelux\/#website"},"datePublished":"2021-10-25T17:20:06+00:00","dateModified":"2023-03-24T15:58:54+00:00","description":"Pet Dental veterinary cookie policy. How cookies are used on the Pet Dental website and how they benefit you. Pet Dental UK.","breadcrumb":{"@id":"https:\/\/dental.pet\/benelux\/fr\/pour-le-proprietaire-danimal\/cookies\/#breadcrumb"},"inLanguage":"fr-FR","potentialAction":[{"@type":"ReadAction","target":["https:\/\/dental.pet\/benelux\/fr\/pour-le-proprietaire-danimal\/cookies\/"]}]},{"@type":"BreadcrumbList","@id":"https:\/\/dental.pet\/benelux\/fr\/pour-le-proprietaire-danimal\/cookies\/#breadcrumb","itemListElement":[{"@type":"ListItem","position":1,"name":"Home","item":"https:\/\/dental.pet\/benelux\/fr\/"},{"@type":"ListItem","position":2,"name":"Dental Pet by Animalcare for Pet Owner","item":"https:\/\/dental.pet\/benelux\/fr\/pour-le-proprietaire-danimal\/"},{"@type":"ListItem","position":3,"name":"Cookies for Pet Owner"}]},{"@type":"WebSite","@id":"https:\/\/dental.pet\/benelux\/#website","url":"https:\/\/dental.pet\/benelux\/","name":"Benelux","description":"Welcome to your Dental Pet Hub","publisher":{"@id":"https:\/\/dental.pet\/benelux\/#organization"},"potentialAction":[{"@type":"SearchAction","target":{"@type":"EntryPoint","urlTemplate":"https:\/\/dental.pet\/benelux\/?s={search_term_string}"},"query-input":{"@type":"PropertyValueSpecification","valueRequired":true,"valueName":"search_term_string"}}],"inLanguage":"fr-FR"},{"@type":"Organization","@id":"https:\/\/dental.pet\/benelux\/#organization","name":"Pet Dental","url":"https:\/\/dental.pet\/benelux\/","logo":{"@type":"ImageObject","inLanguage":"fr-FR","@id":"https:\/\/dental.pet\/benelux\/#\/schema\/logo\/image\/","url":"http:\/\/dental.pet\/benelux\/wp-content\/uploads\/sites\/12\/2021\/10\/pet-dental-logo-dark.png","contentUrl":"http:\/\/dental.pet\/benelux\/wp-content\/uploads\/sites\/12\/2021\/10\/pet-dental-logo-dark.png","width":328,"height":82,"caption":"Pet Dental"},"image":{"@id":"https:\/\/dental.pet\/benelux\/#\/schema\/logo\/image\/"}}]}},"_links":{"self":[{"href":"https:\/\/dental.pet\/benelux\/fr\/wp-json\/wp\/v2\/pages\/5799","targetHints":{"allow":["GET"]}}],"collection":[{"href":"https:\/\/dental.pet\/benelux\/fr\/wp-json\/wp\/v2\/pages"}],"about":[{"href":"https:\/\/dental.pet\/benelux\/fr\/wp-json\/wp\/v2\/types\/page"}],"author":[{"embeddable":true,"href":"https:\/\/dental.pet\/benelux\/fr\/wp-json\/wp\/v2\/users\/2"}],"replies":[{"embeddable":true,"href":"https:\/\/dental.pet\/benelux\/fr\/wp-json\/wp\/v2\/comments?post=5799"}],"version-history":[{"count":5,"href":"https:\/\/dental.pet\/benelux\/fr\/wp-json\/wp\/v2\/pages\/5799\/revisions"}],"predecessor-version":[{"id":8729,"href":"https:\/\/dental.pet\/benelux\/fr\/wp-json\/wp\/v2\/pages\/5799\/revisions\/8729"}],"up":[{"embeddable":true,"href":"https:\/\/dental.pet\/benelux\/fr\/wp-json\/wp\/v2\/pages\/5742"}],"wp:attachment":[{"href":"https:\/\/dental.pet\/benelux\/fr\/wp-json\/wp\/v2\/media?parent=5799"}],"curies":[{"name":"wp","href":"https:\/\/api.w.org\/{rel}","templated":true}]}}