{"id":5778,"date":"2021-12-21T19:31:32","date_gmt":"2021-12-21T19:31:32","guid":{"rendered":"http:\/\/petdental.dev.onpressidium.com\/benelux\/dental-pet-by-animalcare-for-pet-owner\/common-dental-problems\/"},"modified":"2023-03-24T15:55:08","modified_gmt":"2023-03-24T15:55:08","slug":"problemes-dentaires-courants-chez-les-animaux-de-compagnie","status":"publish","type":"page","link":"https:\/\/dental.pet\/benelux\/fr\/pour-le-proprietaire-danimal\/problemes-dentaires-courants-chez-les-animaux-de-compagnie\/","title":{"rendered":"Common dental problems"},"content":{"rendered":"<div class=\"wpb-content-wrapper\"><p>[vc_row row_height_percent=\u00a0\u00bb65&Prime; override_padding=\u00a0\u00bbyes\u00a0\u00bb h_padding=\u00a0\u00bb2&Prime; top_padding=\u00a0\u00bb4&Prime; bottom_padding=\u00a0\u00bb4&Prime; back_image=\u00a0\u00bb2891&Prime; back_position=\u00a0\u00bbcenter top\u00a0\u00bb overlay_alpha=\u00a0\u00bb50&Prime; gutter_size=\u00a0\u00bb3&Prime; column_width_percent=\u00a0\u00bb100&Prime; shift_y=\u00a0\u00bb0&Prime; z_index=\u00a0\u00bb0&Prime; medium_visibility=\u00a0\u00bbyes\u00a0\u00bb mobile_visibility=\u00a0\u00bbyes\u00a0\u00bb uncode_shortcode_id=\u00a0\u00bb190830&Prime;][vc_column column_width_percent=\u00a0\u00bb100&Prime; position_vertical=\u00a0\u00bbmiddle\u00a0\u00bb gutter_size=\u00a0\u00bb2&Prime; overlay_alpha=\u00a0\u00bb50&Prime; shift_x=\u00a0\u00bb0&Prime; shift_y=\u00a0\u00bb0&Prime; shift_y_down=\u00a0\u00bb0&Prime; z_index=\u00a0\u00bb0&Prime; medium_width=\u00a0\u00bb0&Prime; mobile_width=\u00a0\u00bb0&Prime; css_animation=\u00a0\u00bbbottom-t-top\u00a0\u00bb width=\u00a0\u00bb7\/12&Prime; uncode_shortcode_id=\u00a0\u00bb497497&Prime; el_class=\u00a0\u00bbz-index1&Prime;][vc_custom_heading text_color=\u00a0\u00bbcolor-197188&Prime; heading_semantic=\u00a0\u00bbdiv\u00a0\u00bb text_size=\u00a0\u00bbfontsize-158891&Prime; text_weight=\u00a0\u00bb700&Prime; uncode_shortcode_id=\u00a0\u00bb436241&Prime; text_color_type=\u00a0\u00bbuncode-palette\u00a0\u00bb]Probl\u00e8mes dentaires<br \/>\ncourants chez<br \/>\nles animaux de compagnie[\/vc_custom_heading][\/vc_column][vc_column width=\u00a0\u00bb5\/12&Prime;][\/vc_column][\/vc_row][vc_row row_height_percent=\u00a0\u00bb80&Prime; override_padding=\u00a0\u00bbyes\u00a0\u00bb h_padding=\u00a0\u00bb0&Prime; top_padding=\u00a0\u00bb0&Prime; bottom_padding=\u00a0\u00bb4&Prime; back_image=\u00a0\u00bb1420&Prime; back_repeat=\u00a0\u00bbno-repeat\u00a0\u00bb back_position=\u00a0\u00bbleft center\u00a0\u00bb overlay_alpha=\u00a0\u00bb50&Prime; gutter_size=\u00a0\u00bb3&Prime; column_width_percent=\u00a0\u00bb100&Prime; shift_y=\u00a0\u00bb0&Prime; z_index=\u00a0\u00bb0&Prime; desktop_visibility=\u00a0\u00bbyes\u00a0\u00bb uncode_shortcode_id=\u00a0\u00bb575826&Prime; back_size=\u00a0\u00bbcover\u00a0\u00bb][vc_column column_width_percent=\u00a0\u00bb100&Prime; position_vertical=\u00a0\u00bbmiddle\u00a0\u00bb gutter_size=\u00a0\u00bb2&Prime; overlay_alpha=\u00a0\u00bb50&Prime; shift_x=\u00a0\u00bb0&Prime; shift_y=\u00a0\u00bb0&Prime; shift_y_down=\u00a0\u00bb0&Prime; z_index=\u00a0\u00bb0&Prime; medium_width=\u00a0\u00bb0&Prime; mobile_width=\u00a0\u00bb0&Prime; css_animation=\u00a0\u00bbbottom-t-top\u00a0\u00bb width=\u00a0\u00bb1\/1&Prime; uncode_shortcode_id=\u00a0\u00bb497497&Prime; el_class=\u00a0\u00bbz-index1&Prime;][vc_single_image media=\u00a0\u00bb83&Prime; media_width_percent=\u00a0\u00bb100&Prime; uncode_shortcode_id=\u00a0\u00bb172547&Prime;][vc_row_inner row_inner_height_percent=\u00a0\u00bb0&Prime; overlay_alpha=\u00a0\u00bb50&Prime; gutter_size=\u00a0\u00bb3&Prime; shift_y=\u00a0\u00bb0&Prime; z_index=\u00a0\u00bb0&Prime; uncode_shortcode_id=\u00a0\u00bb102213&Prime; css=\u00a0\u00bb.vc_custom_1640120085645{padding-top: 50px !important;padding-right: 36px !important;padding-left: 36px !important;}\u00a0\u00bb limit_content=\u00a0\u00bb\u00a0\u00bb][vc_column_inner column_width_percent=\u00a0\u00bb100&Prime; gutter_size=\u00a0\u00bb2&Prime; overlay_alpha=\u00a0\u00bb50&Prime; shift_x=\u00a0\u00bb0&Prime; shift_y=\u00a0\u00bb0&Prime; shift_y_down=\u00a0\u00bb0&Prime; z_index=\u00a0\u00bb0&Prime; medium_width=\u00a0\u00bb0&Prime; mobile_width=\u00a0\u00bb0&Prime; width=\u00a0\u00bb1\/1&Prime; uncode_shortcode_id=\u00a0\u00bb369684&Prime;][vc_custom_heading text_color=\u00a0\u00bbcolor-197188&Prime; heading_semantic=\u00a0\u00bbdiv\u00a0\u00bb text_size=\u00a0\u00bbfontsize-158891&Prime; text_weight=\u00a0\u00bb700&Prime; uncode_shortcode_id=\u00a0\u00bb182079&Prime; text_color_type=\u00a0\u00bbuncode-palette\u00a0\u00bb]Probl\u00e8mes dentaires courants chez les animaux de compagnie[\/vc_custom_heading][\/vc_column_inner][\/vc_row_inner][\/vc_column][\/vc_row][vc_row row_height_percent=\u00a0\u00bb0&Prime; override_padding=\u00a0\u00bbyes\u00a0\u00bb h_padding=\u00a0\u00bb2&Prime; top_padding=\u00a0\u00bb5&Prime; bottom_padding=\u00a0\u00bb5&Prime; overlay_alpha=\u00a0\u00bb50&Prime; gutter_size=\u00a0\u00bb3&Prime; column_width_percent=\u00a0\u00bb100&Prime; shift_y=\u00a0\u00bb0&Prime; z_index=\u00a0\u00bb0&Prime; uncode_shortcode_id=\u00a0\u00bb105515&Prime; el_id=\u00a0\u00bbtheWhyHome\u00a0\u00bb el_class=\u00a0\u00bbpc-section-shape-background-grey\u00a0\u00bb][vc_column column_width_percent=\u00a0\u00bb98&Prime; position_vertical=\u00a0\u00bbmiddle\u00a0\u00bb gutter_size=\u00a0\u00bb3&Prime; overlay_alpha=\u00a0\u00bb50&Prime; shift_x=\u00a0\u00bb0&Prime; shift_y=\u00a0\u00bb0&Prime; shift_y_down=\u00a0\u00bb0&Prime; z_index=\u00a0\u00bb0&Prime; medium_width=\u00a0\u00bb0&Prime; mobile_width=\u00a0\u00bb0&Prime; width=\u00a0\u00bb1\/1&Prime; uncode_shortcode_id=\u00a0\u00bb131044&Prime; css=\u00a0\u00bb.vc_custom_1651129210287{padding-top: 30px !important;}\u00a0\u00bb][vc_custom_heading text_color=\u00a0\u00bbcolor-108211&Prime; heading_semantic=\u00a0\u00bbdiv\u00a0\u00bb text_size=\u00a0\u00bbfontsize-158891&Prime; text_weight=\u00a0\u00bb700&Prime; css_animation=\u00a0\u00bbalpha-anim\u00a0\u00bb uncode_shortcode_id=\u00a0\u00bb571426&Prime; text_color_type=\u00a0\u00bbuncode-palette\u00a0\u00bb]Pourquoi les soins bucco-dentaire \u00e0 domicile sont-ils si importants ?[\/vc_custom_heading][vc_column_text text_color=\u00a0\u00bbcolor-prif\u00a0\u00bb uncode_shortcode_id=\u00a0\u00bb239467&Prime; text_color_type=\u00a0\u00bbuncode-palette\u00a0\u00bb]<\/p>\n<p style=\"font-size: 20px\">Saviez-vous que les probl\u00e8mes bucco-dentaires les plus courants sont diff\u00e9rents de ceux observ\u00e9s chez les humains ?<sup>1,2<\/sup><\/p>\n<p>S\u2019il est vrai que le principal probl\u00e8me pour les humains est la carie dentaire, les chiens et les chats sont plus susceptibles de souffrir de maladies parodontales.<sup>1\u20133<\/sup> En fait, la maladie parodontale est si courante qu&rsquo;elle touche la grande majorit\u00e9 des chiens et des chats de plus de 3 ans.<sup>4<\/sup>[\/vc_column_text][vc_row_inner row_inner_height_percent=\u00a0\u00bb0&Prime; overlay_alpha=\u00a0\u00bb50&Prime; equal_height=\u00a0\u00bbyes\u00a0\u00bb gutter_size=\u00a0\u00bb0&Prime; shift_y=\u00a0\u00bb0&Prime; z_index=\u00a0\u00bb0&Prime; limit_content=\u00a0\u00bb\u00a0\u00bb uncode_shortcode_id=\u00a0\u00bb111127&Prime;][vc_column_inner column_width_percent=\u00a0\u00bb100&Prime; gutter_size=\u00a0\u00bb3&Prime; back_color=\u00a0\u00bbcolor-197188&Prime; overlay_alpha=\u00a0\u00bb50&Prime; shift_x=\u00a0\u00bb0&Prime; shift_y=\u00a0\u00bb0&Prime; shift_y_down=\u00a0\u00bb0&Prime; z_index=\u00a0\u00bb0&Prime; medium_width=\u00a0\u00bb0&Prime; mobile_width=\u00a0\u00bb0&Prime; width=\u00a0\u00bb1\/2&Prime; uncode_shortcode_id=\u00a0\u00bb114241&Prime; back_color_type=\u00a0\u00bbuncode-palette\u00a0\u00bb el_class=\u00a0\u00bbgrid-column\u00a0\u00bb][vc_icon icon_image=\u00a0\u00bb604&Prime; media_size=\u00a0\u00bb95&Prime; uncode_shortcode_id=\u00a0\u00bb730071&Prime; title=\u00a0\u00bb9 sur 10 chiens adultes\u00a0\u00bb el_class=\u00a0\u00bbicon-center\u00a0\u00bb][\/vc_icon][vc_icon icon_image=\u00a0\u00bb601&Prime; media_size=\u00a0\u00bb80&Prime; uncode_shortcode_id=\u00a0\u00bb627063&Prime; title=\u00a0\u00bb7 sur 10 chats adultes\u00a0\u00bb el_class=\u00a0\u00bbicon-center\u00a0\u00bb][\/vc_icon][vc_column_text text_color=\u00a0\u00bbcolor-108211&Prime; uncode_shortcode_id=\u00a0\u00bb156978&Prime; text_color_type=\u00a0\u00bbuncode-palette\u00a0\u00bb el_class=\u00a0\u00bbgrid-column-last\u00a0\u00bb]La maladie parodontale est plus qu&rsquo;un simple probl\u00e8me de mauvaise haleine. Si elle n&rsquo;est pas trait\u00e9e, elle peut provoquer des <strong>douleurs chroniques et une g\u00eane importante <\/strong>chez votre animal.<sup>5<\/sup> Et les animaux ne montrent pas toujours qu&rsquo;ils souffrent. M\u00eame si le v\u00f4tre mange normalement, il peut souffrir sans que vous vous en rendiez compte.<sup>1<\/sup>[\/vc_column_text][\/vc_column_inner][vc_column_inner column_width_percent=\u00a0\u00bb100&Prime; gutter_size=\u00a0\u00bb3&Prime; back_image=\u00a0\u00bb3632&Prime; overlay_alpha=\u00a0\u00bb50&Prime; shift_x=\u00a0\u00bb0&Prime; shift_y=\u00a0\u00bb0&Prime; shift_y_down=\u00a0\u00bb0&Prime; z_index=\u00a0\u00bb0&Prime; medium_width=\u00a0\u00bb0&Prime; mobile_width=\u00a0\u00bb0&Prime; width=\u00a0\u00bb1\/2&Prime; uncode_shortcode_id=\u00a0\u00bb105916&Prime;][vc_empty_space empty_h=\u00a0\u00bb5&Prime;][\/vc_column_inner][\/vc_row_inner][vc_column_text text_color=\u00a0\u00bbcolor-prif\u00a0\u00bb uncode_shortcode_id=\u00a0\u00bb183401&Prime; text_color_type=\u00a0\u00bbuncode-palette\u00a0\u00bb]La maladie parodontale survient lorsque les tissus qui entourent les dents s&rsquo;infectent et s&rsquo;enflamment. Elle commence par les gencives (gingivite), mais si elle n&rsquo;est pas trait\u00e9e, l&rsquo;infection se propage souvent plus profond\u00e9ment dans l&rsquo;alv\u00e9ole dentaire et d\u00e9truit l&rsquo;os. La dent devient alors mobile et peut tomber au fil du temps.<sup>1<\/sup>[\/vc_column_text][vc_button button_color=\u00a0\u00bbcolor-197188&Prime; size=\u00a0\u00bbbtn-sm\u00a0\u00bb border_width=\u00a0\u00bb0&Prime; link=\u00a0\u00bburl:%2Fbenelux%2Ffr%2Ffor-pet-owner%2Fwhich-dental-care-routine%2F|title:Which%20dental%20care%20routine%3F\u00a0\u00bb button_color_type=\u00a0\u00bbuncode-palette\u00a0\u00bb el_class=\u00a0\u00bbbutton-light\u00a0\u00bb uncode_shortcode_id=\u00a0\u00bb174000&Prime;]QUELLE ROUTINE DE SOINS DENTAIRES CONVIENT \u00c0 MON ANIMAL ? &gt;[\/vc_button][\/vc_column][\/vc_row][vc_row row_height_percent=\u00a0\u00bb0&Prime; override_padding=\u00a0\u00bbyes\u00a0\u00bb h_padding=\u00a0\u00bb2&Prime; top_padding=\u00a0\u00bb3&Prime; bottom_padding=\u00a0\u00bb1&Prime; back_color=\u00a0\u00bbcolor-160397&Prime; overlay_alpha=\u00a0\u00bb50&Prime; gutter_size=\u00a0\u00bb3&Prime; column_width_percent=\u00a0\u00bb100&Prime; shift_y=\u00a0\u00bb0&Prime; z_index=\u00a0\u00bb0&Prime; uncode_shortcode_id=\u00a0\u00bb169673&Prime; back_color_type=\u00a0\u00bbuncode-palette\u00a0\u00bb el_id=\u00a0\u00bbfoot-owner\u00a0\u00bb el_class=\u00a0\u00bbsite-footer\u00a0\u00bb][vc_column column_width_percent=\u00a0\u00bb100&Prime; gutter_size=\u00a0\u00bb3&Prime; style=\u00a0\u00bbdark\u00a0\u00bb overlay_alpha=\u00a0\u00bb50&Prime; shift_x=\u00a0\u00bb0&Prime; shift_y=\u00a0\u00bb0&Prime; shift_y_down=\u00a0\u00bb0&Prime; z_index=\u00a0\u00bb0&Prime; medium_width=\u00a0\u00bb0&Prime; mobile_width=\u00a0\u00bb0&Prime; width=\u00a0\u00bb1\/1&Prime; uncode_shortcode_id=\u00a0\u00bb204189&Prime;][vc_column_text text_lead=\u00a0\u00bbsmall\u00a0\u00bb uncode_shortcode_id=\u00a0\u00bb765349&Prime;]<strong>R\u00e9f\u00e9rences<\/strong><\/p>\n<p class=\"p1\"><span class=\"s1\">1. Hiscox L and Bellows J. Available at: <a href=\"https:\/\/vcahospitals.com\/know-your-pet\/dental-disease-in-dogs\" target=\"_blank\" rel=\"noopener\">https:\/\/vcahospitals.com\/know-your-pet\/dental-disease-in-dogs<\/a> [Accessed January 2022]. 2. Hiscox L and Bellows J. Available at: <a href=\"https:\/\/vcahospitals.com\/know-your-pet\/dental-disease-in-cats\" target=\"_blank\" rel=\"noopener\">https:\/\/vcahospitals.com\/know-your-pet\/dental-disease-in-cats<\/a> [Accessed January 2022<\/span><span class=\"s1\">]. 3.\u00a0WHO. Available at: <a href=\"https:\/\/www.euro.who.int\/en\/health-topics\/disease-prevention\/oral-health\/data-and-statistics\" target=\"_blank\" rel=\"noopener\"><span class=\"s2\">https:\/\/www.euro.who.int\/en\/health-topics\/disease-prevention\/oral-health\/data-and-statistics<\/span><\/a> [Accessed January 2022]. 4. Royal Veterinary College. Available at: <a href=\"https:\/\/www.rvc.ac.uk\/review\/dentistry\/Shared_Media\/pdfs\/perio_print.pdf\" target=\"_blank\" rel=\"noopener\">https:\/\/www.rvc.ac.uk\/review\/dentistry\/Shared_Media\/pdfs\/perio_print.pdf<\/a> [Accessed January 2022]. 5. American Animal Hospital Association. Available at: <a href=\"https:\/\/www.aaha.org\/aaha-guidelines\/dental-care\/dental-care-home\/\" target=\"_blank\" rel=\"noopener\">https:\/\/www.aaha.org\/aaha-guidelines\/dental-care\/dental-care-home\/<\/a> [Accessed January 2022].<\/span><\/p>\n<p>[\/vc_column_text][\/vc_column][\/vc_row]<\/p>\n<\/div>","protected":false},"excerpt":{"rendered":"<p>[vc_row row_height_percent=\u00a0\u00bb65&Prime; override_padding=\u00a0\u00bbyes\u00a0\u00bb h_padding=\u00a0\u00bb2&Prime; top_padding=\u00a0\u00bb4&Prime; bottom_padding=\u00a0\u00bb4&Prime; back_image=\u00a0\u00bb2891&Prime; back_position=\u00a0\u00bbcenter top\u00a0\u00bb overlay_alpha=\u00a0\u00bb50&Prime; gutter_size=\u00a0\u00bb3&Prime; column_width_percent=\u00a0\u00bb100&Prime; shift_y=\u00a0\u00bb0&Prime; z_index=\u00a0\u00bb0&Prime; medium_visibility=\u00a0\u00bbyes\u00a0\u00bb mobile_visibility=\u00a0\u00bbyes\u00a0\u00bb uncode_shortcode_id=\u00a0\u00bb190830&Prime;][vc_column column_width_percent=\u00a0\u00bb100&Prime; position_vertical=\u00a0\u00bbmiddle\u00a0\u00bb gutter_size=\u00a0\u00bb2&Prime; [&hellip;]<\/p>\n","protected":false},"author":2,"featured_media":0,"parent":5742,"menu_order":0,"comment_status":"closed","ping_status":"closed","template":"","meta":{"footnotes":""},"class_list":["post-5778","page","type-page","status-publish","hentry"],"yoast_head":"<!-- This site is optimized with the Yoast SEO plugin v24.6 - https:\/\/yoast.com\/wordpress\/plugins\/seo\/ -->\n<title>Common pet dental problems - Pet Owner | Pet Dental UK<\/title>\n<meta name=\"description\" content=\"Common dental problems in pets. Information for pet owners about periodontal disease in cats and dogs. Pet Dental UK\" \/>\n<meta name=\"robots\" content=\"index, follow, max-snippet:-1, max-image-preview:large, max-video-preview:-1\" \/>\n<link rel=\"canonical\" href=\"https:\/\/dental.pet\/benelux\/fr\/pour-le-proprietaire-danimal\/problemes-dentaires-courants-chez-les-animaux-de-compagnie\/\" \/>\n<meta property=\"og:locale\" content=\"fr_FR\" \/>\n<meta property=\"og:type\" content=\"article\" \/>\n<meta property=\"og:title\" content=\"Common pet dental problems - Pet Owner | Pet Dental UK\" \/>\n<meta property=\"og:description\" content=\"Common dental problems in pets. Information for pet owners about periodontal disease in cats and dogs. Pet Dental UK\" \/>\n<meta property=\"og:url\" content=\"https:\/\/dental.pet\/benelux\/fr\/pour-le-proprietaire-danimal\/problemes-dentaires-courants-chez-les-animaux-de-compagnie\/\" \/>\n<meta property=\"og:site_name\" content=\"Benelux\" \/>\n<meta property=\"article:modified_time\" content=\"2023-03-24T15:55:08+00:00\" \/>\n<meta name=\"twitter:card\" content=\"summary_large_image\" \/>\n<meta name=\"twitter:label1\" content=\"Dur\u00e9e de lecture estim\u00e9e\" \/>\n\t<meta name=\"twitter:data1\" content=\"3 minutes\" \/>\n<script type=\"application\/ld+json\" class=\"yoast-schema-graph\">{\"@context\":\"https:\/\/schema.org\",\"@graph\":[{\"@type\":\"WebPage\",\"@id\":\"https:\/\/dental.pet\/benelux\/fr\/pour-le-proprietaire-danimal\/problemes-dentaires-courants-chez-les-animaux-de-compagnie\/\",\"url\":\"https:\/\/dental.pet\/benelux\/fr\/pour-le-proprietaire-danimal\/problemes-dentaires-courants-chez-les-animaux-de-compagnie\/\",\"name\":\"Common pet dental problems - Pet Owner | Pet Dental UK\",\"isPartOf\":{\"@id\":\"https:\/\/dental.pet\/benelux\/#website\"},\"datePublished\":\"2021-12-21T19:31:32+00:00\",\"dateModified\":\"2023-03-24T15:55:08+00:00\",\"description\":\"Common dental problems in pets. Information for pet owners about periodontal disease in cats and dogs. Pet Dental UK\",\"breadcrumb\":{\"@id\":\"https:\/\/dental.pet\/benelux\/fr\/pour-le-proprietaire-danimal\/problemes-dentaires-courants-chez-les-animaux-de-compagnie\/#breadcrumb\"},\"inLanguage\":\"fr-FR\",\"potentialAction\":[{\"@type\":\"ReadAction\",\"target\":[\"https:\/\/dental.pet\/benelux\/fr\/pour-le-proprietaire-danimal\/problemes-dentaires-courants-chez-les-animaux-de-compagnie\/\"]}]},{\"@type\":\"BreadcrumbList\",\"@id\":\"https:\/\/dental.pet\/benelux\/fr\/pour-le-proprietaire-danimal\/problemes-dentaires-courants-chez-les-animaux-de-compagnie\/#breadcrumb\",\"itemListElement\":[{\"@type\":\"ListItem\",\"position\":1,\"name\":\"Home\",\"item\":\"https:\/\/dental.pet\/benelux\/fr\/\"},{\"@type\":\"ListItem\",\"position\":2,\"name\":\"Dental Pet by Animalcare for Pet Owner\",\"item\":\"https:\/\/dental.pet\/benelux\/fr\/pour-le-proprietaire-danimal\/\"},{\"@type\":\"ListItem\",\"position\":3,\"name\":\"Common dental problems\"}]},{\"@type\":\"WebSite\",\"@id\":\"https:\/\/dental.pet\/benelux\/#website\",\"url\":\"https:\/\/dental.pet\/benelux\/\",\"name\":\"Benelux\",\"description\":\"Welcome to your Dental Pet Hub\",\"publisher\":{\"@id\":\"https:\/\/dental.pet\/benelux\/#organization\"},\"potentialAction\":[{\"@type\":\"SearchAction\",\"target\":{\"@type\":\"EntryPoint\",\"urlTemplate\":\"https:\/\/dental.pet\/benelux\/?s={search_term_string}\"},\"query-input\":{\"@type\":\"PropertyValueSpecification\",\"valueRequired\":true,\"valueName\":\"search_term_string\"}}],\"inLanguage\":\"fr-FR\"},{\"@type\":\"Organization\",\"@id\":\"https:\/\/dental.pet\/benelux\/#organization\",\"name\":\"Pet Dental\",\"url\":\"https:\/\/dental.pet\/benelux\/\",\"logo\":{\"@type\":\"ImageObject\",\"inLanguage\":\"fr-FR\",\"@id\":\"https:\/\/dental.pet\/benelux\/#\/schema\/logo\/image\/\",\"url\":\"http:\/\/dental.pet\/benelux\/wp-content\/uploads\/sites\/12\/2021\/10\/pet-dental-logo-dark.png\",\"contentUrl\":\"http:\/\/dental.pet\/benelux\/wp-content\/uploads\/sites\/12\/2021\/10\/pet-dental-logo-dark.png\",\"width\":328,\"height\":82,\"caption\":\"Pet Dental\"},\"image\":{\"@id\":\"https:\/\/dental.pet\/benelux\/#\/schema\/logo\/image\/\"}}]}<\/script>\n<!-- \/ Yoast SEO plugin. -->","yoast_head_json":{"title":"Common pet dental problems - Pet Owner | Pet Dental UK","description":"Common dental problems in pets. Information for pet owners about periodontal disease in cats and dogs. Pet Dental UK","robots":{"index":"index","follow":"follow","max-snippet":"max-snippet:-1","max-image-preview":"max-image-preview:large","max-video-preview":"max-video-preview:-1"},"canonical":"https:\/\/dental.pet\/benelux\/fr\/pour-le-proprietaire-danimal\/problemes-dentaires-courants-chez-les-animaux-de-compagnie\/","og_locale":"fr_FR","og_type":"article","og_title":"Common pet dental problems - Pet Owner | Pet Dental UK","og_description":"Common dental problems in pets. Information for pet owners about periodontal disease in cats and dogs. Pet Dental UK","og_url":"https:\/\/dental.pet\/benelux\/fr\/pour-le-proprietaire-danimal\/problemes-dentaires-courants-chez-les-animaux-de-compagnie\/","og_site_name":"Benelux","article_modified_time":"2023-03-24T15:55:08+00:00","twitter_card":"summary_large_image","twitter_misc":{"Dur\u00e9e de lecture estim\u00e9e":"3 minutes"},"schema":{"@context":"https:\/\/schema.org","@graph":[{"@type":"WebPage","@id":"https:\/\/dental.pet\/benelux\/fr\/pour-le-proprietaire-danimal\/problemes-dentaires-courants-chez-les-animaux-de-compagnie\/","url":"https:\/\/dental.pet\/benelux\/fr\/pour-le-proprietaire-danimal\/problemes-dentaires-courants-chez-les-animaux-de-compagnie\/","name":"Common pet dental problems - Pet Owner | Pet Dental UK","isPartOf":{"@id":"https:\/\/dental.pet\/benelux\/#website"},"datePublished":"2021-12-21T19:31:32+00:00","dateModified":"2023-03-24T15:55:08+00:00","description":"Common dental problems in pets. Information for pet owners about periodontal disease in cats and dogs. Pet Dental UK","breadcrumb":{"@id":"https:\/\/dental.pet\/benelux\/fr\/pour-le-proprietaire-danimal\/problemes-dentaires-courants-chez-les-animaux-de-compagnie\/#breadcrumb"},"inLanguage":"fr-FR","potentialAction":[{"@type":"ReadAction","target":["https:\/\/dental.pet\/benelux\/fr\/pour-le-proprietaire-danimal\/problemes-dentaires-courants-chez-les-animaux-de-compagnie\/"]}]},{"@type":"BreadcrumbList","@id":"https:\/\/dental.pet\/benelux\/fr\/pour-le-proprietaire-danimal\/problemes-dentaires-courants-chez-les-animaux-de-compagnie\/#breadcrumb","itemListElement":[{"@type":"ListItem","position":1,"name":"Home","item":"https:\/\/dental.pet\/benelux\/fr\/"},{"@type":"ListItem","position":2,"name":"Dental Pet by Animalcare for Pet Owner","item":"https:\/\/dental.pet\/benelux\/fr\/pour-le-proprietaire-danimal\/"},{"@type":"ListItem","position":3,"name":"Common dental problems"}]},{"@type":"WebSite","@id":"https:\/\/dental.pet\/benelux\/#website","url":"https:\/\/dental.pet\/benelux\/","name":"Benelux","description":"Welcome to your Dental Pet Hub","publisher":{"@id":"https:\/\/dental.pet\/benelux\/#organization"},"potentialAction":[{"@type":"SearchAction","target":{"@type":"EntryPoint","urlTemplate":"https:\/\/dental.pet\/benelux\/?s={search_term_string}"},"query-input":{"@type":"PropertyValueSpecification","valueRequired":true,"valueName":"search_term_string"}}],"inLanguage":"fr-FR"},{"@type":"Organization","@id":"https:\/\/dental.pet\/benelux\/#organization","name":"Pet Dental","url":"https:\/\/dental.pet\/benelux\/","logo":{"@type":"ImageObject","inLanguage":"fr-FR","@id":"https:\/\/dental.pet\/benelux\/#\/schema\/logo\/image\/","url":"http:\/\/dental.pet\/benelux\/wp-content\/uploads\/sites\/12\/2021\/10\/pet-dental-logo-dark.png","contentUrl":"http:\/\/dental.pet\/benelux\/wp-content\/uploads\/sites\/12\/2021\/10\/pet-dental-logo-dark.png","width":328,"height":82,"caption":"Pet Dental"},"image":{"@id":"https:\/\/dental.pet\/benelux\/#\/schema\/logo\/image\/"}}]}},"_links":{"self":[{"href":"https:\/\/dental.pet\/benelux\/fr\/wp-json\/wp\/v2\/pages\/5778","targetHints":{"allow":["GET"]}}],"collection":[{"href":"https:\/\/dental.pet\/benelux\/fr\/wp-json\/wp\/v2\/pages"}],"about":[{"href":"https:\/\/dental.pet\/benelux\/fr\/wp-json\/wp\/v2\/types\/page"}],"author":[{"embeddable":true,"href":"https:\/\/dental.pet\/benelux\/fr\/wp-json\/wp\/v2\/users\/2"}],"replies":[{"embeddable":true,"href":"https:\/\/dental.pet\/benelux\/fr\/wp-json\/wp\/v2\/comments?post=5778"}],"version-history":[{"count":5,"href":"https:\/\/dental.pet\/benelux\/fr\/wp-json\/wp\/v2\/pages\/5778\/revisions"}],"predecessor-version":[{"id":9350,"href":"https:\/\/dental.pet\/benelux\/fr\/wp-json\/wp\/v2\/pages\/5778\/revisions\/9350"}],"up":[{"embeddable":true,"href":"https:\/\/dental.pet\/benelux\/fr\/wp-json\/wp\/v2\/pages\/5742"}],"wp:attachment":[{"href":"https:\/\/dental.pet\/benelux\/fr\/wp-json\/wp\/v2\/media?parent=5778"}],"curies":[{"name":"wp","href":"https:\/\/api.w.org\/{rel}","templated":true}]}}