{"id":5767,"date":"2021-10-11T23:25:38","date_gmt":"2021-10-11T23:25:38","guid":{"rendered":"http:\/\/petdental.dev.onpressidium.com\/benelux\/dental-pet-by-animalcare-for-pet-owner\/about-us\/"},"modified":"2022-09-20T14:21:43","modified_gmt":"2022-09-20T14:21:43","slug":"about-us","status":"publish","type":"page","link":"https:\/\/dental.pet\/benelux\/fr\/pour-le-proprietaire-danimal\/about-us\/","title":{"rendered":"About Us for Pet Owner"},"content":{"rendered":"<div class=\"wpb-content-wrapper\"><p>[vc_row row_height_percent=\u00a0\u00bb33&Prime; override_padding=\u00a0\u00bbyes\u00a0\u00bb h_padding=\u00a0\u00bb2&Prime; top_padding=\u00a0\u00bb4&Prime; bottom_padding=\u00a0\u00bb4&Prime; back_image=\u00a0\u00bb2893&Prime; back_repeat=\u00a0\u00bbno-repeat\u00a0\u00bb back_position=\u00a0\u00bbleft top\u00a0\u00bb overlay_alpha=\u00a0\u00bb50&Prime; gutter_size=\u00a0\u00bb3&Prime; column_width_percent=\u00a0\u00bb100&Prime; shift_y=\u00a0\u00bb0&Prime; z_index=\u00a0\u00bb0&Prime; uncode_shortcode_id=\u00a0\u00bb148262&Prime; back_size=\u00a0\u00bbcover\u00a0\u00bb][vc_column column_width_percent=\u00a0\u00bb100&Prime; position_vertical=\u00a0\u00bbmiddle\u00a0\u00bb gutter_size=\u00a0\u00bb3&Prime; overlay_alpha=\u00a0\u00bb50&Prime; shift_x=\u00a0\u00bb0&Prime; shift_y=\u00a0\u00bb0&Prime; shift_y_down=\u00a0\u00bb0&Prime; z_index=\u00a0\u00bb0&Prime; medium_width=\u00a0\u00bb0&Prime; mobile_width=\u00a0\u00bb0&Prime; width=\u00a0\u00bb3\/4&Prime; uncode_shortcode_id=\u00a0\u00bb934710&Prime; el_class=\u00a0\u00bbz-index1&Prime;][vc_custom_heading text_color=\u00a0\u00bbcolor-197188&Prime; heading_semantic=\u00a0\u00bbdiv\u00a0\u00bb text_size=\u00a0\u00bbfontsize-158891&Prime; text_weight=\u00a0\u00bb700&Prime; uncode_shortcode_id=\u00a0\u00bb131142&Prime; text_color_type=\u00a0\u00bbuncode-palette\u00a0\u00bb]\u00c0 propos<br \/>\nde nous[\/vc_custom_heading][\/vc_column][vc_column width=\u00a0\u00bb1\/4&Prime;][\/vc_column][\/vc_row][vc_row row_height_percent=\u00a0\u00bb0&Prime; override_padding=\u00a0\u00bbyes\u00a0\u00bb h_padding=\u00a0\u00bb2&Prime; top_padding=\u00a0\u00bb3&Prime; bottom_padding=\u00a0\u00bb3&Prime; overlay_alpha=\u00a0\u00bb50&Prime; equal_height=\u00a0\u00bbyes\u00a0\u00bb gutter_size=\u00a0\u00bb3&Prime; column_width_percent=\u00a0\u00bb100&Prime; shift_y=\u00a0\u00bb0&Prime; z_index=\u00a0\u00bb0&Prime; uncode_shortcode_id=\u00a0\u00bb238133&Prime; el_id=\u00a0\u00bbaccordion-dark\u00a0\u00bb el_class=\u00a0\u00bbpc-section-shape-background-grey\u00a0\u00bb][vc_column column_width_percent=\u00a0\u00bb100&Prime; position_vertical=\u00a0\u00bbmiddle\u00a0\u00bb gutter_size=\u00a0\u00bb3&Prime; override_padding=\u00a0\u00bbyes\u00a0\u00bb column_padding=\u00a0\u00bb3&Prime; expand_height=\u00a0\u00bbyes\u00a0\u00bb back_color=\u00a0\u00bbcolor-197188&Prime; overlay_alpha=\u00a0\u00bb50&Prime; shift_x=\u00a0\u00bb0&Prime; shift_y=\u00a0\u00bb0&Prime; shift_y_down=\u00a0\u00bb0&Prime; z_index=\u00a0\u00bb0&Prime; medium_width=\u00a0\u00bb0&Prime; mobile_width=\u00a0\u00bb0&Prime; width=\u00a0\u00bb1\/2&Prime; uncode_shortcode_id=\u00a0\u00bb135976&Prime; back_color_type=\u00a0\u00bbuncode-palette\u00a0\u00bb][vc_single_image media=\u00a0\u00bb6473&Prime; media_width_percent=\u00a0\u00bb70&Prime; uncode_shortcode_id=\u00a0\u00bb160934&Prime;][vc_column_text text_color=\u00a0\u00bbcolor-108211&Prime; uncode_shortcode_id=\u00a0\u00bb169770&Prime; css=\u00a0\u00bb.vc_custom_1651676637548{padding-left: 85px !important;}\u00a0\u00bb text_color_type=\u00a0\u00bbuncode-palette\u00a0\u00bb el_class=\u00a0\u00bbpad-left-0 bodyMid\u00a0\u00bb]Chez <strong>dental.pet<\/strong>, notre mission est de fournir un soutien, des informations et des ressources aux professionnels v\u00e9t\u00e9rinaires et aux propri\u00e9taires d&rsquo;animaux de compagnie, dans le but ultime d&rsquo;am\u00e9liorer la sant\u00e9 dentaire des animaux partout dans le monde.[\/vc_column_text][\/vc_column][vc_column column_width_percent=\u00a0\u00bb100&Prime; gutter_size=\u00a0\u00bb3&Prime; override_padding=\u00a0\u00bbyes\u00a0\u00bb column_padding=\u00a0\u00bb3&Prime; style=\u00a0\u00bbdark\u00a0\u00bb back_color=\u00a0\u00bbcolor-108211&Prime; overlay_alpha=\u00a0\u00bb50&Prime; shift_x=\u00a0\u00bb0&Prime; shift_y=\u00a0\u00bb0&Prime; shift_y_down=\u00a0\u00bb0&Prime; z_index=\u00a0\u00bb0&Prime; medium_width=\u00a0\u00bb0&Prime; mobile_width=\u00a0\u00bb0&Prime; width=\u00a0\u00bb1\/2&Prime; uncode_shortcode_id=\u00a0\u00bb139898&Prime; back_color_type=\u00a0\u00bbuncode-palette\u00a0\u00bb][vc_column_text uncode_shortcode_id=\u00a0\u00bb963556&Prime;]<strong>dental.pet <\/strong>est un portail \u00e9ducatif unique dont le contenu s&rsquo;adresse \u00e0 la fois aux professionnels v\u00e9t\u00e9rinaires et aux propri\u00e9taires d&rsquo;animaux de compagnie. Que vous soyez un professionnel v\u00e9t\u00e9rinaire souhaitant approfondir la question des soins dentaires dans votre clinique ou un propri\u00e9taire d&rsquo;animal de compagnie cherchant des conseils sur les produits \u00e0 utiliser, dental.pet offre une multitude d&rsquo;informations et de ressources utiles.<\/p>\n<p><strong>dental.pet <\/strong>vous est pr\u00e9sent\u00e9 par <strong>Ecuphar\/Animalcare Group<\/strong>, une soci\u00e9t\u00e9 pharmaceutique v\u00e9t\u00e9rinaire de premier plan qui fournit des produits sur 32 march\u00e9s europ\u00e9ens. Forts d&rsquo;un h\u00e9ritage de 30 ans dans le domaine de la sant\u00e9 animale, nous nous engageons \u00e0 fournir des produits et services innovants et fiables pour soutenir la profession v\u00e9t\u00e9rinaire aujourd&rsquo;hui et demain.[\/vc_column_text][\/vc_column][\/vc_row]<\/p>\n<\/div>","protected":false},"excerpt":{"rendered":"<p>[vc_row row_height_percent=\u00a0\u00bb33&Prime; override_padding=\u00a0\u00bbyes\u00a0\u00bb h_padding=\u00a0\u00bb2&Prime; top_padding=\u00a0\u00bb4&Prime; bottom_padding=\u00a0\u00bb4&Prime; back_image=\u00a0\u00bb2893&Prime; back_repeat=\u00a0\u00bbno-repeat\u00a0\u00bb back_position=\u00a0\u00bbleft top\u00a0\u00bb overlay_alpha=\u00a0\u00bb50&Prime; gutter_size=\u00a0\u00bb3&Prime; column_width_percent=\u00a0\u00bb100&Prime; shift_y=\u00a0\u00bb0&Prime; z_index=\u00a0\u00bb0&Prime; uncode_shortcode_id=\u00a0\u00bb148262&Prime; back_size=\u00a0\u00bbcover\u00a0\u00bb][vc_column column_width_percent=\u00a0\u00bb100&Prime; position_vertical=\u00a0\u00bbmiddle\u00a0\u00bb gutter_size=\u00a0\u00bb3&Prime; [&hellip;]<\/p>\n","protected":false},"author":2,"featured_media":0,"parent":5742,"menu_order":0,"comment_status":"closed","ping_status":"closed","template":"","meta":{"footnotes":""},"class_list":["post-5767","page","type-page","status-publish","hentry"],"yoast_head":"<!-- This site is optimized with the Yoast SEO plugin v24.6 - https:\/\/yoast.com\/wordpress\/plugins\/seo\/ -->\n<title>About us - Pet Owner | Pet Dental UK<\/title>\n<meta name=\"description\" content=\"dental.pet by Animalcare - Pet owners. Access information on the latest dental care products and useful resources for your pets\u2019 dental health. Pet Dental UK\" \/>\n<meta name=\"robots\" content=\"index, follow, max-snippet:-1, max-image-preview:large, max-video-preview:-1\" \/>\n<link rel=\"canonical\" href=\"https:\/\/dental.pet\/benelux\/fr\/pour-le-proprietaire-danimal\/about-us\/\" \/>\n<meta property=\"og:locale\" content=\"fr_FR\" \/>\n<meta property=\"og:type\" content=\"article\" \/>\n<meta property=\"og:title\" content=\"About us - Pet Owner | Pet Dental UK\" \/>\n<meta property=\"og:description\" content=\"dental.pet by Animalcare - Pet owners. Access information on the latest dental care products and useful resources for your pets\u2019 dental health. Pet Dental UK\" \/>\n<meta property=\"og:url\" content=\"https:\/\/dental.pet\/benelux\/fr\/pour-le-proprietaire-danimal\/about-us\/\" \/>\n<meta property=\"og:site_name\" content=\"Benelux\" \/>\n<meta property=\"article:modified_time\" content=\"2022-09-20T14:21:43+00:00\" \/>\n<meta name=\"twitter:card\" content=\"summary_large_image\" \/>\n<meta name=\"twitter:label1\" content=\"Dur\u00e9e de lecture estim\u00e9e\" \/>\n\t<meta name=\"twitter:data1\" content=\"1 minute\" \/>\n<script type=\"application\/ld+json\" class=\"yoast-schema-graph\">{\"@context\":\"https:\/\/schema.org\",\"@graph\":[{\"@type\":\"WebPage\",\"@id\":\"https:\/\/dental.pet\/benelux\/fr\/pour-le-proprietaire-danimal\/about-us\/\",\"url\":\"https:\/\/dental.pet\/benelux\/fr\/pour-le-proprietaire-danimal\/about-us\/\",\"name\":\"About us - Pet Owner | Pet Dental UK\",\"isPartOf\":{\"@id\":\"https:\/\/dental.pet\/benelux\/#website\"},\"datePublished\":\"2021-10-11T23:25:38+00:00\",\"dateModified\":\"2022-09-20T14:21:43+00:00\",\"description\":\"dental.pet by Animalcare - Pet owners. Access information on the latest dental care products and useful resources for your pets\u2019 dental health. Pet Dental UK\",\"breadcrumb\":{\"@id\":\"https:\/\/dental.pet\/benelux\/fr\/pour-le-proprietaire-danimal\/about-us\/#breadcrumb\"},\"inLanguage\":\"fr-FR\",\"potentialAction\":[{\"@type\":\"ReadAction\",\"target\":[\"https:\/\/dental.pet\/benelux\/fr\/pour-le-proprietaire-danimal\/about-us\/\"]}]},{\"@type\":\"BreadcrumbList\",\"@id\":\"https:\/\/dental.pet\/benelux\/fr\/pour-le-proprietaire-danimal\/about-us\/#breadcrumb\",\"itemListElement\":[{\"@type\":\"ListItem\",\"position\":1,\"name\":\"Home\",\"item\":\"https:\/\/dental.pet\/benelux\/fr\/\"},{\"@type\":\"ListItem\",\"position\":2,\"name\":\"Dental Pet by Animalcare for Pet Owner\",\"item\":\"https:\/\/dental.pet\/benelux\/fr\/pour-le-proprietaire-danimal\/\"},{\"@type\":\"ListItem\",\"position\":3,\"name\":\"About Us for Pet Owner\"}]},{\"@type\":\"WebSite\",\"@id\":\"https:\/\/dental.pet\/benelux\/#website\",\"url\":\"https:\/\/dental.pet\/benelux\/\",\"name\":\"Benelux\",\"description\":\"Welcome to your Dental Pet Hub\",\"publisher\":{\"@id\":\"https:\/\/dental.pet\/benelux\/#organization\"},\"potentialAction\":[{\"@type\":\"SearchAction\",\"target\":{\"@type\":\"EntryPoint\",\"urlTemplate\":\"https:\/\/dental.pet\/benelux\/?s={search_term_string}\"},\"query-input\":{\"@type\":\"PropertyValueSpecification\",\"valueRequired\":true,\"valueName\":\"search_term_string\"}}],\"inLanguage\":\"fr-FR\"},{\"@type\":\"Organization\",\"@id\":\"https:\/\/dental.pet\/benelux\/#organization\",\"name\":\"Pet Dental\",\"url\":\"https:\/\/dental.pet\/benelux\/\",\"logo\":{\"@type\":\"ImageObject\",\"inLanguage\":\"fr-FR\",\"@id\":\"https:\/\/dental.pet\/benelux\/#\/schema\/logo\/image\/\",\"url\":\"http:\/\/dental.pet\/benelux\/wp-content\/uploads\/sites\/12\/2021\/10\/pet-dental-logo-dark.png\",\"contentUrl\":\"http:\/\/dental.pet\/benelux\/wp-content\/uploads\/sites\/12\/2021\/10\/pet-dental-logo-dark.png\",\"width\":328,\"height\":82,\"caption\":\"Pet Dental\"},\"image\":{\"@id\":\"https:\/\/dental.pet\/benelux\/#\/schema\/logo\/image\/\"}}]}<\/script>\n<!-- \/ Yoast SEO plugin. -->","yoast_head_json":{"title":"About us - Pet Owner | Pet Dental UK","description":"dental.pet by Animalcare - Pet owners. Access information on the latest dental care products and useful resources for your pets\u2019 dental health. Pet Dental UK","robots":{"index":"index","follow":"follow","max-snippet":"max-snippet:-1","max-image-preview":"max-image-preview:large","max-video-preview":"max-video-preview:-1"},"canonical":"https:\/\/dental.pet\/benelux\/fr\/pour-le-proprietaire-danimal\/about-us\/","og_locale":"fr_FR","og_type":"article","og_title":"About us - Pet Owner | Pet Dental UK","og_description":"dental.pet by Animalcare - Pet owners. Access information on the latest dental care products and useful resources for your pets\u2019 dental health. Pet Dental UK","og_url":"https:\/\/dental.pet\/benelux\/fr\/pour-le-proprietaire-danimal\/about-us\/","og_site_name":"Benelux","article_modified_time":"2022-09-20T14:21:43+00:00","twitter_card":"summary_large_image","twitter_misc":{"Dur\u00e9e de lecture estim\u00e9e":"1 minute"},"schema":{"@context":"https:\/\/schema.org","@graph":[{"@type":"WebPage","@id":"https:\/\/dental.pet\/benelux\/fr\/pour-le-proprietaire-danimal\/about-us\/","url":"https:\/\/dental.pet\/benelux\/fr\/pour-le-proprietaire-danimal\/about-us\/","name":"About us - Pet Owner | Pet Dental UK","isPartOf":{"@id":"https:\/\/dental.pet\/benelux\/#website"},"datePublished":"2021-10-11T23:25:38+00:00","dateModified":"2022-09-20T14:21:43+00:00","description":"dental.pet by Animalcare - Pet owners. Access information on the latest dental care products and useful resources for your pets\u2019 dental health. Pet Dental UK","breadcrumb":{"@id":"https:\/\/dental.pet\/benelux\/fr\/pour-le-proprietaire-danimal\/about-us\/#breadcrumb"},"inLanguage":"fr-FR","potentialAction":[{"@type":"ReadAction","target":["https:\/\/dental.pet\/benelux\/fr\/pour-le-proprietaire-danimal\/about-us\/"]}]},{"@type":"BreadcrumbList","@id":"https:\/\/dental.pet\/benelux\/fr\/pour-le-proprietaire-danimal\/about-us\/#breadcrumb","itemListElement":[{"@type":"ListItem","position":1,"name":"Home","item":"https:\/\/dental.pet\/benelux\/fr\/"},{"@type":"ListItem","position":2,"name":"Dental Pet by Animalcare for Pet Owner","item":"https:\/\/dental.pet\/benelux\/fr\/pour-le-proprietaire-danimal\/"},{"@type":"ListItem","position":3,"name":"About Us for Pet Owner"}]},{"@type":"WebSite","@id":"https:\/\/dental.pet\/benelux\/#website","url":"https:\/\/dental.pet\/benelux\/","name":"Benelux","description":"Welcome to your Dental Pet Hub","publisher":{"@id":"https:\/\/dental.pet\/benelux\/#organization"},"potentialAction":[{"@type":"SearchAction","target":{"@type":"EntryPoint","urlTemplate":"https:\/\/dental.pet\/benelux\/?s={search_term_string}"},"query-input":{"@type":"PropertyValueSpecification","valueRequired":true,"valueName":"search_term_string"}}],"inLanguage":"fr-FR"},{"@type":"Organization","@id":"https:\/\/dental.pet\/benelux\/#organization","name":"Pet Dental","url":"https:\/\/dental.pet\/benelux\/","logo":{"@type":"ImageObject","inLanguage":"fr-FR","@id":"https:\/\/dental.pet\/benelux\/#\/schema\/logo\/image\/","url":"http:\/\/dental.pet\/benelux\/wp-content\/uploads\/sites\/12\/2021\/10\/pet-dental-logo-dark.png","contentUrl":"http:\/\/dental.pet\/benelux\/wp-content\/uploads\/sites\/12\/2021\/10\/pet-dental-logo-dark.png","width":328,"height":82,"caption":"Pet Dental"},"image":{"@id":"https:\/\/dental.pet\/benelux\/#\/schema\/logo\/image\/"}}]}},"_links":{"self":[{"href":"https:\/\/dental.pet\/benelux\/fr\/wp-json\/wp\/v2\/pages\/5767","targetHints":{"allow":["GET"]}}],"collection":[{"href":"https:\/\/dental.pet\/benelux\/fr\/wp-json\/wp\/v2\/pages"}],"about":[{"href":"https:\/\/dental.pet\/benelux\/fr\/wp-json\/wp\/v2\/types\/page"}],"author":[{"embeddable":true,"href":"https:\/\/dental.pet\/benelux\/fr\/wp-json\/wp\/v2\/users\/2"}],"replies":[{"embeddable":true,"href":"https:\/\/dental.pet\/benelux\/fr\/wp-json\/wp\/v2\/comments?post=5767"}],"version-history":[{"count":5,"href":"https:\/\/dental.pet\/benelux\/fr\/wp-json\/wp\/v2\/pages\/5767\/revisions"}],"predecessor-version":[{"id":8720,"href":"https:\/\/dental.pet\/benelux\/fr\/wp-json\/wp\/v2\/pages\/5767\/revisions\/8720"}],"up":[{"embeddable":true,"href":"https:\/\/dental.pet\/benelux\/fr\/wp-json\/wp\/v2\/pages\/5742"}],"wp:attachment":[{"href":"https:\/\/dental.pet\/benelux\/fr\/wp-json\/wp\/v2\/media?parent=5767"}],"curies":[{"name":"wp","href":"https:\/\/api.w.org\/{rel}","templated":true}]}}