{"id":5751,"date":"2021-10-10T16:40:35","date_gmt":"2021-10-10T16:40:35","guid":{"rendered":"http:\/\/petdental.dev.onpressidium.com\/benelux\/dental-pet-by-animalcare\/"},"modified":"2022-10-06T09:37:40","modified_gmt":"2022-10-06T09:37:40","slug":"dental-pet-by-animalcare","status":"publish","type":"page","link":"https:\/\/dental.pet\/benelux\/fr\/","title":{"rendered":"Dental Pet by Animalcare"},"content":{"rendered":"<div class=\"wpb-content-wrapper\"><p>[vc_row row_height_percent=\u00a0\u00bb100&Prime; override_padding=\u00a0\u00bbyes\u00a0\u00bb h_padding=\u00a0\u00bb2&Prime; top_padding=\u00a0\u00bb4&Prime; bottom_padding=\u00a0\u00bb4&Prime; back_image=\u00a0\u00bb4926&Prime; back_position=\u00a0\u00bbcenter center\u00a0\u00bb overlay_alpha=\u00a0\u00bb50&Prime; gutter_size=\u00a0\u00bb3&Prime; column_width_percent=\u00a0\u00bb100&Prime; shift_y=\u00a0\u00bb0&Prime; z_index=\u00a0\u00bb0&Prime; medium_visibility=\u00a0\u00bbyes\u00a0\u00bb mobile_visibility=\u00a0\u00bbyes\u00a0\u00bb uncode_shortcode_id=\u00a0\u00bb184777&Prime; back_size=\u00a0\u00bbcover\u00a0\u00bb row_height_pixel=\u00a0\u00bb100vh\u00a0\u00bb][vc_column column_width_percent=\u00a0\u00bb100&Prime; gutter_size=\u00a0\u00bb3&Prime; overlay_alpha=\u00a0\u00bb50&Prime; shift_x=\u00a0\u00bb0&Prime; shift_y=\u00a0\u00bb0&Prime; shift_y_down=\u00a0\u00bb0&Prime; z_index=\u00a0\u00bb0&Prime; medium_width=\u00a0\u00bb0&Prime; mobile_width=\u00a0\u00bb0&Prime; css_animation=\u00a0\u00bbbottom-t-top\u00a0\u00bb width=\u00a0\u00bb2\/3&Prime; uncode_shortcode_id=\u00a0\u00bb177813&Prime; el_class=\u00a0\u00bbz-index1&Prime;][vc_single_image media=\u00a0\u00bb7708&Prime; media_width_percent=\u00a0\u00bb46&Prime; uncode_shortcode_id=\u00a0\u00bb104791&Prime; el_class=\u00a0\u00bblogo-bigger\u00a0\u00bb][vc_custom_heading text_color=\u00a0\u00bbcolor-197188&Prime; heading_semantic=\u00a0\u00bbdiv\u00a0\u00bb text_size=\u00a0\u00bbfontsize-158891&Prime; text_weight=\u00a0\u00bb700&Prime; uncode_shortcode_id=\u00a0\u00bb162941&Prime; text_color_type=\u00a0\u00bbuncode-palette\u00a0\u00bb el_class=\u00a0\u00bbmb-10 hero-h1&Prime;]Bienvenue sur<\/p>\n<h1 style=\"line-height: 20px;color: #fff;font-size: 72px\">dental.pet<\/h1>\n<p>[\/vc_custom_heading][vc_column_text text_lead=\u00a0\u00bbyes\u00a0\u00bb text_color=\u00a0\u00bbcolor-xsdn\u00a0\u00bb uncode_shortcode_id=\u00a0\u00bb200989&Prime; text_color_type=\u00a0\u00bbuncode-palette\u00a0\u00bb el_class=\u00a0\u00bbtext-thin pad0&Prime; css=\u00a0\u00bb.vc_custom_1665049011672{padding-top: 30px !important;padding-right: 25% !important;padding-bottom: 30px !important;}\u00a0\u00bb]Sur dental.pet, vous trouverez pleins de conseils, d&rsquo;informations et de ressources \u00e9ducatives sur la sant\u00e9 bucco-dentaire des animaux de compagnie.<\/p>\n<p>Pour \u00eatre s\u00fbr de voir le contenu qui vous convient, veuillez nous indiquer si vous \u00eates un professionnel v\u00e9t\u00e9rinaire ou un propri\u00e9taire d&rsquo;animal de compagnie.[\/vc_column_text][vc_row_inner limit_content=\u00a0\u00bb\u00a0\u00bb][vc_column_inner column_width_percent=\u00a0\u00bb100&Prime; gutter_size=\u00a0\u00bb3&Prime; style=\u00a0\u00bblight\u00a0\u00bb overlay_alpha=\u00a0\u00bb50&Prime; shift_x=\u00a0\u00bb0&Prime; shift_y=\u00a0\u00bb0&Prime; shift_y_down=\u00a0\u00bb0&Prime; z_index=\u00a0\u00bb0&Prime; medium_width=\u00a0\u00bb0&Prime; mobile_width=\u00a0\u00bb0&Prime; width=\u00a0\u00bb1\/1&Prime; uncode_shortcode_id=\u00a0\u00bb579169&Prime; el_class=\u00a0\u00bbpadbot300&Prime;][vc_button button_color=\u00a0\u00bbcolor-xsdn\u00a0\u00bb border_width=\u00a0\u00bb0&Prime; display=\u00a0\u00bbinline\u00a0\u00bb link=\u00a0\u00bburl:%2Fbenelux%2Ffr%2Ffor-veterinary%2F|title:Dental%20Pet%20by%20Animalcare%20for%20Veterinary\u00a0\u00bb button_color_type=\u00a0\u00bbuncode-palette\u00a0\u00bb uncode_shortcode_id=\u00a0\u00bb374816&Prime; el_class=\u00a0\u00bbbutton-light btn-1-hero\u00a0\u00bb]JE SUIS UN PROFESSIONNEL V\u00c9T\u00c9RINAIRE[\/vc_button][vc_button button_color=\u00a0\u00bbcolor-xsdn\u00a0\u00bb border_width=\u00a0\u00bb0&Prime; display=\u00a0\u00bbinline\u00a0\u00bb link=\u00a0\u00bburl:%2Fbenelux%2Ffr%2Ffor-pet-owner%2F|title:Dental%20Pet%20by%20Animalcare%20for%20Pet%20Owner\u00a0\u00bb button_color_type=\u00a0\u00bbuncode-palette\u00a0\u00bb uncode_shortcode_id=\u00a0\u00bb141708&Prime; el_class=\u00a0\u00bbbutton-light btn-1-hero\u00a0\u00bb]JE SUIS PROPRI\u00c9TAIRE[\/vc_button][\/vc_column_inner][\/vc_row_inner][\/vc_column][vc_column width=\u00a0\u00bb1\/3&Prime;][vc_raw_html el_class=\u00a0\u00bbhomePageSlider\u00a0\u00bb]JTNDZGl2JTIwY2xhc3MlM0QlMjJ3cG1sLWN1c3RvbS1zd2l0Y2hlciUyMiUzRSUwQSUzQ2klMjBjbGFzcyUzRCUyMm1lbnUtaWNvbiUyMGZhJTIwZmEtZ2xvYmUzJTIwY2hhbmdlLWNvdW50cnktZnItcG9wJTIyJTNFJTNDJTJGaSUzRSUwQSU1QndwbWxfbGFuZ3VhZ2Vfc3dpdGNoZXIlMjB0eXBlJTNEJTIyd2lkZ2V0JTIyJTIwZmxhZ3MlM0QxJTIwbmF0aXZlJTNEMSUyMHRyYW5zbGF0ZWQlM0QwJTVEJTVCJTJGd3BtbF9sYW5ndWFnZV9zd2l0Y2hlciU1RCUwQSUzQyUyRmRpdiUzRQ==[\/vc_raw_html][\/vc_column][\/vc_row][vc_row row_height_percent=\u00a0\u00bb100&Prime; override_padding=\u00a0\u00bbyes\u00a0\u00bb h_padding=\u00a0\u00bb0&Prime; top_padding=\u00a0\u00bb2&Prime; bottom_padding=\u00a0\u00bb4&Prime; back_image=\u00a0\u00bb1420&Prime; back_position=\u00a0\u00bbcenter center\u00a0\u00bb overlay_alpha=\u00a0\u00bb50&Prime; gutter_size=\u00a0\u00bb3&Prime; column_width_percent=\u00a0\u00bb100&Prime; shift_y=\u00a0\u00bb0&Prime; z_index=\u00a0\u00bb0&Prime; desktop_visibility=\u00a0\u00bbyes\u00a0\u00bb uncode_shortcode_id=\u00a0\u00bb130868&Prime; back_size=\u00a0\u00bbcover\u00a0\u00bb][vc_column column_width_percent=\u00a0\u00bb100&Prime; gutter_size=\u00a0\u00bb3&Prime; overlay_alpha=\u00a0\u00bb50&Prime; shift_x=\u00a0\u00bb0&Prime; shift_y=\u00a0\u00bb0&Prime; shift_y_down=\u00a0\u00bb0&Prime; z_index=\u00a0\u00bb0&Prime; medium_width=\u00a0\u00bb0&Prime; mobile_width=\u00a0\u00bb0&Prime; css_animation=\u00a0\u00bbbottom-t-top\u00a0\u00bb width=\u00a0\u00bb1\/1&Prime; uncode_shortcode_id=\u00a0\u00bb177813&Prime; el_class=\u00a0\u00bbz-index1&Prime;][vc_raw_html]JTNDZGl2JTIwY2xhc3MlM0QlMjJ3cG1sLWN1c3RvbS1zd2l0Y2hlciUyMiUzRSUwQSUzQ2klMjBjbGFzcyUzRCUyMm1lbnUtaWNvbiUyMGZhJTIwZmEtZ2xvYmUzJTIwY2hhbmdlLWNvdW50cnktbmwtcG9wJTIyJTNFJTNDJTJGaSUzRSUwQSU1QndwbWxfbGFuZ3VhZ2Vfc3dpdGNoZXIlMjB0eXBlJTNEJTIyd2lkZ2V0JTIyJTIwZmxhZ3MlM0QxJTIwbmF0aXZlJTNEMSUyMHRyYW5zbGF0ZWQlM0QwJTVEJTVCJTJGd3BtbF9sYW5ndWFnZV9zd2l0Y2hlciU1RCUwQSUzQyUyRmRpdiUzRQ==[\/vc_raw_html][vc_single_image media=\u00a0\u00bb6479&Prime; media_width_percent=\u00a0\u00bb39&Prime; uncode_shortcode_id=\u00a0\u00bb738407&Prime; el_class=\u00a0\u00bblogo-bigger logo-home-mobile\u00a0\u00bb][vc_single_image media=\u00a0\u00bb5004&Prime; media_width_percent=\u00a0\u00bb100&Prime; uncode_shortcode_id=\u00a0\u00bb689438&Prime;][vc_row_inner limit_content=\u00a0\u00bb\u00a0\u00bb][vc_column_inner column_width_percent=\u00a0\u00bb100&Prime; gutter_size=\u00a0\u00bb2&Prime; overlay_alpha=\u00a0\u00bb50&Prime; shift_x=\u00a0\u00bb0&Prime; shift_y=\u00a0\u00bb0&Prime; shift_y_down=\u00a0\u00bb0&Prime; z_index=\u00a0\u00bb0&Prime; medium_width=\u00a0\u00bb0&Prime; mobile_width=\u00a0\u00bb0&Prime; width=\u00a0\u00bb1\/1&Prime; uncode_shortcode_id=\u00a0\u00bb391209&Prime; css=\u00a0\u00bb.vc_custom_1635343530222{padding-right: 36px !important;padding-left: 36px !important;}\u00a0\u00bb][vc_custom_heading text_color=\u00a0\u00bbcolor-197188&Prime; heading_semantic=\u00a0\u00bbdiv\u00a0\u00bb text_size=\u00a0\u00bbfontsize-158891&Prime; text_weight=\u00a0\u00bb700&Prime; uncode_shortcode_id=\u00a0\u00bb254757&Prime; text_color_type=\u00a0\u00bbuncode-palette\u00a0\u00bb el_class=\u00a0\u00bbmb-10 hero-h1&Prime;]Bienvenue sur<\/p>\n<h1 style=\"line-height: 20px;color: #fff;font-size: 72px\">dental.pet<\/h1>\n<p>[\/vc_custom_heading][vc_column_text text_lead=\u00a0\u00bbyes\u00a0\u00bb text_color=\u00a0\u00bbcolor-xsdn\u00a0\u00bb uncode_shortcode_id=\u00a0\u00bb142142&Prime; text_color_type=\u00a0\u00bbuncode-palette\u00a0\u00bb el_class=\u00a0\u00bbtext-thin pad0&Prime; css=\u00a0\u00bb.vc_custom_1665049051815{padding-top: 30px !important;padding-right: 25% !important;padding-bottom: 30px !important;}\u00a0\u00bb]Sur dental.pet, vous trouverez pleins de conseils, d&rsquo;informations et de ressources \u00e9ducatives sur la sant\u00e9 bucco-dentaire des animaux de compagnie.<\/p>\n<p>Pour \u00eatre s\u00fbr de voir le contenu qui vous convient, veuillez nous indiquer si vous \u00eates un professionnel v\u00e9t\u00e9rinaire ou un propri\u00e9taire d&rsquo;animal de compagnie.[\/vc_column_text][vc_button button_color=\u00a0\u00bbcolor-xsdn\u00a0\u00bb wide=\u00a0\u00bbyes\u00a0\u00bb border_width=\u00a0\u00bb0&Prime; link=\u00a0\u00bburl:%2Fbenelux%2Ffr%2Ffor-veterinary%2F|title:Dental%20Pet%20by%20Animalcare%20for%20Veterinary\u00a0\u00bb button_color_type=\u00a0\u00bbuncode-palette\u00a0\u00bb uncode_shortcode_id=\u00a0\u00bb186656&Prime; el_class=\u00a0\u00bbbutton-light\u00a0\u00bb]JE SUIS UN PROFESSIONNEL V\u00c9T\u00c9RINAIRE[\/vc_button][vc_button button_color=\u00a0\u00bbcolor-xsdn\u00a0\u00bb wide=\u00a0\u00bbyes\u00a0\u00bb border_width=\u00a0\u00bb0&Prime; link=\u00a0\u00bburl:%2Fbenelux%2Ffr%2Ffor-pet-owner%2F|title:Dental%20Pet%20by%20Animalcare%20for%20Pet%20Owner\u00a0\u00bb button_color_type=\u00a0\u00bbuncode-palette\u00a0\u00bb uncode_shortcode_id=\u00a0\u00bb614746&Prime; el_class=\u00a0\u00bbbutton-light\u00a0\u00bb]JE SUIS PROPRI\u00c9TAIRE[\/vc_button][\/vc_column_inner][\/vc_row_inner][\/vc_column][\/vc_row][vc_row row_height_percent=\u00a0\u00bb0&Prime; back_color=\u00a0\u00bbcolor-160397&Prime; overlay_alpha=\u00a0\u00bb50&Prime; gutter_size=\u00a0\u00bb3&Prime; column_width_percent=\u00a0\u00bb100&Prime; shift_y=\u00a0\u00bb0&Prime; z_index=\u00a0\u00bb0&Prime; uncode_shortcode_id=\u00a0\u00bb112460&Prime; back_color_type=\u00a0\u00bbuncode-palette\u00a0\u00bb el_id=\u00a0\u00bbfoot-main\u00a0\u00bb][vc_column width=\u00a0\u00bb2\/3&Prime;][vc_single_image media=\u00a0\u00bb6487&Prime; media_width_percent=\u00a0\u00bb30&Prime; uncode_shortcode_id=\u00a0\u00bb147142&Prime; media_link=\u00a0\u00bburl:https%3A%2F%2Fdental.onpressidium.com%2F\u00a0\u00bb][\/vc_column][vc_column column_width_percent=\u00a0\u00bb100&Prime; gutter_size=\u00a0\u00bb3&Prime; style=\u00a0\u00bbdark\u00a0\u00bb overlay_alpha=\u00a0\u00bb50&Prime; shift_x=\u00a0\u00bb0&Prime; shift_y=\u00a0\u00bb0&Prime; shift_y_down=\u00a0\u00bb0&Prime; z_index=\u00a0\u00bb0&Prime; medium_width=\u00a0\u00bb0&Prime; mobile_width=\u00a0\u00bb0&Prime; width=\u00a0\u00bb1\/3&Prime; uncode_shortcode_id=\u00a0\u00bb171080&Prime;][vc_column_text text_lead=\u00a0\u00bbsmall\u00a0\u00bb uncode_shortcode_id=\u00a0\u00bb212873&Prime;]<\/p>\n<p style=\"text-align: right\">COPYRIGHT \u00a92022 ANIMALCARE GROUP\/ECUPHAR. TOUS DROITS R\u00c9SERV\u00c9S.<\/p>\n<p style=\"text-align: right\"><a href=\"\/benelux\/fr\/for-pet-owner\/contact-for-pet-owner\/\">CONTACTEZ-NOUS<\/a>\u00a0| <a href=\"http:\/\/www.ecuphar.be\/Privacystatement_FR.pdf\">POLITIQUE DE PROTECTION DE LA VIE PRIV\u00c9E<\/a> | <a href=\"https:\/\/dental.pet\/benelux\/fr\/for-veterinary\/cookies-for-veterinary\/\">COOKIES<\/a><\/p>\n<p>[\/vc_column_text][\/vc_column][\/vc_row]<\/p>\n<\/div>","protected":false},"excerpt":{"rendered":"<p>[vc_row row_height_percent=\u00a0\u00bb100&Prime; override_padding=\u00a0\u00bbyes\u00a0\u00bb h_padding=\u00a0\u00bb2&Prime; top_padding=\u00a0\u00bb4&Prime; bottom_padding=\u00a0\u00bb4&Prime; back_image=\u00a0\u00bb4926&Prime; back_position=\u00a0\u00bbcenter center\u00a0\u00bb overlay_alpha=\u00a0\u00bb50&Prime; gutter_size=\u00a0\u00bb3&Prime; column_width_percent=\u00a0\u00bb100&Prime; shift_y=\u00a0\u00bb0&Prime; z_index=\u00a0\u00bb0&Prime; medium_visibility=\u00a0\u00bbyes\u00a0\u00bb mobile_visibility=\u00a0\u00bbyes\u00a0\u00bb uncode_shortcode_id=\u00a0\u00bb184777&Prime; back_size=\u00a0\u00bbcover\u00a0\u00bb row_height_pixel=\u00a0\u00bb100vh\u00a0\u00bb][vc_column column_width_percent=\u00a0\u00bb100&Prime; [&hellip;]<\/p>\n","protected":false},"author":2,"featured_media":0,"parent":0,"menu_order":0,"comment_status":"closed","ping_status":"closed","template":"","meta":{"footnotes":""},"class_list":["post-5751","page","type-page","status-publish","hentry"],"yoast_head":"<!-- This site is optimized with the Yoast SEO plugin v24.6 - https:\/\/yoast.com\/wordpress\/plugins\/seo\/ -->\n<title>Welcome to your pet dental hub | Pet Dental UK<\/title>\n<meta name=\"description\" content=\"Welcome to your pet dental hub! A one-stop educational portal with dedicated content for both veterinary professionals and pet owners. Pet Dental UK\" \/>\n<meta name=\"robots\" content=\"index, follow, max-snippet:-1, max-image-preview:large, max-video-preview:-1\" \/>\n<link rel=\"canonical\" href=\"https:\/\/dental.pet\/benelux\/fr\/\" \/>\n<meta property=\"og:locale\" content=\"fr_FR\" \/>\n<meta property=\"og:type\" content=\"article\" \/>\n<meta property=\"og:title\" content=\"Welcome to your pet dental hub | Pet Dental UK\" \/>\n<meta property=\"og:description\" content=\"Welcome to your pet dental hub! A one-stop educational portal with dedicated content for both veterinary professionals and pet owners. Pet Dental UK\" \/>\n<meta property=\"og:url\" content=\"https:\/\/dental.pet\/benelux\/fr\/\" \/>\n<meta property=\"og:site_name\" content=\"Benelux\" \/>\n<meta property=\"article:modified_time\" content=\"2022-10-06T09:37:40+00:00\" \/>\n<meta name=\"twitter:card\" content=\"summary_large_image\" \/>\n<meta name=\"twitter:label1\" content=\"Dur\u00e9e de lecture estim\u00e9e\" \/>\n\t<meta name=\"twitter:data1\" content=\"2 minutes\" \/>\n<script type=\"application\/ld+json\" class=\"yoast-schema-graph\">{\"@context\":\"https:\/\/schema.org\",\"@graph\":[{\"@type\":\"WebPage\",\"@id\":\"https:\/\/dental.pet\/benelux\/fr\/\",\"url\":\"https:\/\/dental.pet\/benelux\/fr\/\",\"name\":\"Welcome to your pet dental hub | Pet Dental UK\",\"isPartOf\":{\"@id\":\"https:\/\/dental.pet\/benelux\/#website\"},\"datePublished\":\"2021-10-10T16:40:35+00:00\",\"dateModified\":\"2022-10-06T09:37:40+00:00\",\"description\":\"Welcome to your pet dental hub! A one-stop educational portal with dedicated content for both veterinary professionals and pet owners. Pet Dental UK\",\"breadcrumb\":{\"@id\":\"https:\/\/dental.pet\/benelux\/fr\/#breadcrumb\"},\"inLanguage\":\"fr-FR\",\"potentialAction\":[{\"@type\":\"ReadAction\",\"target\":[\"https:\/\/dental.pet\/benelux\/fr\/\"]}]},{\"@type\":\"BreadcrumbList\",\"@id\":\"https:\/\/dental.pet\/benelux\/fr\/#breadcrumb\",\"itemListElement\":[{\"@type\":\"ListItem\",\"position\":1,\"name\":\"Home\",\"item\":\"https:\/\/dental.pet\/benelux\/fr\/\"},{\"@type\":\"ListItem\",\"position\":2,\"name\":\"Dental Pet by Animalcare\"}]},{\"@type\":\"WebSite\",\"@id\":\"https:\/\/dental.pet\/benelux\/#website\",\"url\":\"https:\/\/dental.pet\/benelux\/\",\"name\":\"Benelux\",\"description\":\"Welcome to your Dental Pet Hub\",\"publisher\":{\"@id\":\"https:\/\/dental.pet\/benelux\/#organization\"},\"potentialAction\":[{\"@type\":\"SearchAction\",\"target\":{\"@type\":\"EntryPoint\",\"urlTemplate\":\"https:\/\/dental.pet\/benelux\/?s={search_term_string}\"},\"query-input\":{\"@type\":\"PropertyValueSpecification\",\"valueRequired\":true,\"valueName\":\"search_term_string\"}}],\"inLanguage\":\"fr-FR\"},{\"@type\":\"Organization\",\"@id\":\"https:\/\/dental.pet\/benelux\/#organization\",\"name\":\"Pet Dental\",\"url\":\"https:\/\/dental.pet\/benelux\/\",\"logo\":{\"@type\":\"ImageObject\",\"inLanguage\":\"fr-FR\",\"@id\":\"https:\/\/dental.pet\/benelux\/#\/schema\/logo\/image\/\",\"url\":\"http:\/\/dental.pet\/benelux\/wp-content\/uploads\/sites\/12\/2021\/10\/pet-dental-logo-dark.png\",\"contentUrl\":\"http:\/\/dental.pet\/benelux\/wp-content\/uploads\/sites\/12\/2021\/10\/pet-dental-logo-dark.png\",\"width\":328,\"height\":82,\"caption\":\"Pet Dental\"},\"image\":{\"@id\":\"https:\/\/dental.pet\/benelux\/#\/schema\/logo\/image\/\"}}]}<\/script>\n<!-- \/ Yoast SEO plugin. -->","yoast_head_json":{"title":"Welcome to your pet dental hub | Pet Dental UK","description":"Welcome to your pet dental hub! A one-stop educational portal with dedicated content for both veterinary professionals and pet owners. Pet Dental UK","robots":{"index":"index","follow":"follow","max-snippet":"max-snippet:-1","max-image-preview":"max-image-preview:large","max-video-preview":"max-video-preview:-1"},"canonical":"https:\/\/dental.pet\/benelux\/fr\/","og_locale":"fr_FR","og_type":"article","og_title":"Welcome to your pet dental hub | Pet Dental UK","og_description":"Welcome to your pet dental hub! A one-stop educational portal with dedicated content for both veterinary professionals and pet owners. Pet Dental UK","og_url":"https:\/\/dental.pet\/benelux\/fr\/","og_site_name":"Benelux","article_modified_time":"2022-10-06T09:37:40+00:00","twitter_card":"summary_large_image","twitter_misc":{"Dur\u00e9e de lecture estim\u00e9e":"2 minutes"},"schema":{"@context":"https:\/\/schema.org","@graph":[{"@type":"WebPage","@id":"https:\/\/dental.pet\/benelux\/fr\/","url":"https:\/\/dental.pet\/benelux\/fr\/","name":"Welcome to your pet dental hub | Pet Dental UK","isPartOf":{"@id":"https:\/\/dental.pet\/benelux\/#website"},"datePublished":"2021-10-10T16:40:35+00:00","dateModified":"2022-10-06T09:37:40+00:00","description":"Welcome to your pet dental hub! A one-stop educational portal with dedicated content for both veterinary professionals and pet owners. Pet Dental UK","breadcrumb":{"@id":"https:\/\/dental.pet\/benelux\/fr\/#breadcrumb"},"inLanguage":"fr-FR","potentialAction":[{"@type":"ReadAction","target":["https:\/\/dental.pet\/benelux\/fr\/"]}]},{"@type":"BreadcrumbList","@id":"https:\/\/dental.pet\/benelux\/fr\/#breadcrumb","itemListElement":[{"@type":"ListItem","position":1,"name":"Home","item":"https:\/\/dental.pet\/benelux\/fr\/"},{"@type":"ListItem","position":2,"name":"Dental Pet by Animalcare"}]},{"@type":"WebSite","@id":"https:\/\/dental.pet\/benelux\/#website","url":"https:\/\/dental.pet\/benelux\/","name":"Benelux","description":"Welcome to your Dental Pet Hub","publisher":{"@id":"https:\/\/dental.pet\/benelux\/#organization"},"potentialAction":[{"@type":"SearchAction","target":{"@type":"EntryPoint","urlTemplate":"https:\/\/dental.pet\/benelux\/?s={search_term_string}"},"query-input":{"@type":"PropertyValueSpecification","valueRequired":true,"valueName":"search_term_string"}}],"inLanguage":"fr-FR"},{"@type":"Organization","@id":"https:\/\/dental.pet\/benelux\/#organization","name":"Pet Dental","url":"https:\/\/dental.pet\/benelux\/","logo":{"@type":"ImageObject","inLanguage":"fr-FR","@id":"https:\/\/dental.pet\/benelux\/#\/schema\/logo\/image\/","url":"http:\/\/dental.pet\/benelux\/wp-content\/uploads\/sites\/12\/2021\/10\/pet-dental-logo-dark.png","contentUrl":"http:\/\/dental.pet\/benelux\/wp-content\/uploads\/sites\/12\/2021\/10\/pet-dental-logo-dark.png","width":328,"height":82,"caption":"Pet Dental"},"image":{"@id":"https:\/\/dental.pet\/benelux\/#\/schema\/logo\/image\/"}}]}},"_links":{"self":[{"href":"https:\/\/dental.pet\/benelux\/fr\/wp-json\/wp\/v2\/pages\/5751","targetHints":{"allow":["GET"]}}],"collection":[{"href":"https:\/\/dental.pet\/benelux\/fr\/wp-json\/wp\/v2\/pages"}],"about":[{"href":"https:\/\/dental.pet\/benelux\/fr\/wp-json\/wp\/v2\/types\/page"}],"author":[{"embeddable":true,"href":"https:\/\/dental.pet\/benelux\/fr\/wp-json\/wp\/v2\/users\/2"}],"replies":[{"embeddable":true,"href":"https:\/\/dental.pet\/benelux\/fr\/wp-json\/wp\/v2\/comments?post=5751"}],"version-history":[{"count":7,"href":"https:\/\/dental.pet\/benelux\/fr\/wp-json\/wp\/v2\/pages\/5751\/revisions"}],"predecessor-version":[{"id":8976,"href":"https:\/\/dental.pet\/benelux\/fr\/wp-json\/wp\/v2\/pages\/5751\/revisions\/8976"}],"wp:attachment":[{"href":"https:\/\/dental.pet\/benelux\/fr\/wp-json\/wp\/v2\/media?parent=5751"}],"curies":[{"name":"wp","href":"https:\/\/api.w.org\/{rel}","templated":true}]}}